{"id":32348,"date":"2025-01-29T10:36:01","date_gmt":"2025-01-29T09:36:01","guid":{"rendered":"https:\/\/chacrys.com\/product\/ruzovy-kremen-vogel-crystal\/"},"modified":"2026-04-04T09:13:58","modified_gmt":"2026-04-04T07:13:58","slug":"ruzovy-kremen-vogel-crystal","status":"publish","type":"product","link":"https:\/\/chacrys.com\/sk\/produkt\/ruzovy-kremen-vogel-crystal\/","title":{"rendered":"Ru\u017eov\u00fd kreme\u0148 Vogel Crystal"},"content":{"rendered":"\t\t<div data-elementor-type=\"wp-post\" data-elementor-id=\"32348\" class=\"elementor elementor-32348 elementor-32130\">\n\t\t\t\t<div class=\"wd-negative-gap elementor-element elementor-element-b465bf6 e-flex e-con-boxed e-con e-parent\" data-id=\"b465bf6\" data-element_type=\"container\" data-e-type=\"container\">\n\t\t\t\t\t<div class=\"e-con-inner\">\n\t\t\t\t<div class=\"elementor-element elementor-element-987ba3d elementor-widget elementor-widget-wd_text_block\" data-id=\"987ba3d\" data-element_type=\"widget\" data-e-type=\"widget\" data-widget_type=\"wd_text_block.default\">\n\t\t\t\t<div class=\"elementor-widget-container\">\n\t\t\t\t\t\t\t<div class=\"wd-text-block reset-last-child text-left\">\n\t\t\t\n\t\t\t<h2><b>Praktick\u00e9 tipy na pou\u017e\u00edvanie<\/b><\/h2><p><span style=\"font-weight: 400;\">Pri prid\u00e1van\u00ed kry\u0161t\u00e1lu Rose Quartz Vogel do svojho priestoru zv\u00e1\u017ete nasleduj\u00face pr\u00edstupy:<\/span><\/p><ul><li style=\"font-weight: 400;\" aria-level=\"1\"><span style=\"font-weight: 400;\"><strong>O\u010distite pred pou\u017eit\u00edm:<\/strong> Utrite alebo jemne o\u010distite kry\u0161t\u00e1l sp\u00f4sobom, ktor\u00fd v\u00e1m vyhovuje, napr\u00edklad umiestnen\u00edm v bl\u00edzkosti prirodzen\u00e9ho svetla alebo s vedom\u00fdm z\u00e1merom.<\/span><span style=\"font-weight: 400;\"><br><br><\/span><\/li><li style=\"font-weight: 400;\" aria-level=\"1\"><span style=\"font-weight: 400;\"><strong>Stanovte si z\u00e1mer:<\/strong> Pred ka\u017ed\u00fdm seden\u00edm si n\u00e1jdite chv\u00ed\u013eu na to, aby ste sa usadili v tichom priestore a stanovili si jasn\u00fd osobn\u00fd z\u00e1mer pre va\u0161e uva\u017eovanie alebo medit\u00e1ciu.<\/span><span style=\"font-weight: 400;\"><br><br><\/span><\/li><li style=\"font-weight: 400;\" aria-level=\"1\"><span style=\"font-weight: 400;\"><strong>P\u00e1rovanie s in\u00fdmi n\u00e1strojmi:<\/strong> Kombinujte s in\u00fdmi kry\u0161t\u00e1lmi, medita\u010dn\u00fdmi praktikami alebo pokojn\u00fdmi prvkami, ako s\u00fa svie\u010dky alebo tich\u00e1 hudba, aby ste zlep\u0161ili prostredie.<\/span><span style=\"font-weight: 400;\"><br><br><\/span><\/li><\/ul><h2><b>\u010casto kladen\u00e9 ot\u00e1zky o kri\u0161t\u00e1\u013eoch Rose Vogel<\/b><\/h2><p><b>\u010co je ru\u017eov\u00fd kreme\u0148 Vogel Crystal?<\/b><\/p><p><span style=\"font-weight: 400;\">Kri\u0161t\u00e1\u013e Vogelovho ru\u017eov\u00e9ho kreme\u0148a je kry\u0161t\u00e1l tvarovan\u00fd met\u00f3dou Vogelovho br\u00fasenia, ktor\u00fd m\u00e1 symetrick\u00fd, dvakr\u00e1t ukon\u010den\u00fd dizajn. Vyr\u00e1ba sa z ru\u017eov\u00e9ho kreme\u0148a a be\u017ene sa pou\u017e\u00edva pri medit\u00e1cii, v\u0161\u00edmavosti a z\u00e1mern\u00fdch kry\u0161t\u00e1lov\u00fdch praktik\u00e1ch. <\/span><\/p><p><b>Ako sa zvy\u010dajne pou\u017e\u00edva kry\u0161t\u00e1l Vogelov ru\u017eov\u00fd kreme\u0148?<\/b><\/p><p><span style=\"font-weight: 400;\">Tento kry\u0161t\u00e1l sa \u010dasto pou\u017e\u00edva tak, \u017ee ho dr\u017e\u00edte po\u010das medit\u00e1cie, umiestnite ho do osobn\u00e9ho priestoru na cvi\u010denie alebo ho za\u010dlen\u00edte do kry\u0161t\u00e1lov\u00e9ho usporiadania. Mnoh\u00ed pou\u017e\u00edvatelia s n\u00edm zaobch\u00e1dzaj\u00fa ako s vizu\u00e1lnym a symbolick\u00fdm \u00fastredn\u00fdm bodom po\u010das vedom\u00fdch alebo reflexn\u00fdch seden\u00ed. <\/span><\/p><p><b>S \u010d\u00edm sa tradi\u010dne sp\u00e1ja ru\u017eov\u00fd kreme\u0148?<\/b><\/p><p><span style=\"font-weight: 400;\">V tradi\u010dn\u00fdch kry\u0161t\u00e1lov\u00fdch a duchovn\u00fdch praktik\u00e1ch sa ru\u017eov\u00fd kreme\u0148 be\u017ene sp\u00e1ja s t\u00e9mami, ako s\u00facit, emocion\u00e1lne uvedomenie a \u00favahy zameran\u00e9 na srdce. Tieto asoci\u00e1cie s\u00fa symbolick\u00e9 a v jednotliv\u00fdch trad\u00edci\u00e1ch sa l\u00ed\u0161ia. <\/span><\/p><p><b>Je ru\u017eov\u00fd kreme\u0148 Vogel Crystal lek\u00e1rska alebo lie\u010debn\u00e1 pom\u00f4cka?<\/b><\/p><p><span style=\"font-weight: 400;\">Ru\u017eov\u00fd kreme\u0148 Vogel Crystal nie je zdravotn\u00edcka pom\u00f4cka a nie je ur\u010den\u00fd na diagnostiku, lie\u010dbu, lie\u010denie alebo prevenciu ak\u00e9hoko\u013evek zdravotn\u00e9ho stavu. Je pon\u00fakan\u00fd na osobn\u00e9 zamyslenie, uvedomenie a postupy zameran\u00e9 na wellness.  <\/span><\/p><p><b>M\u00f4\u017eu za\u010diato\u010dn\u00edci pou\u017e\u00edva\u0165 ru\u017eov\u00fd kreme\u0148 Vogel Crystal?<\/b><\/p><p><span style=\"font-weight: 400;\">\u00c1no, kri\u0161t\u00e1\u013e ru\u017eov\u00e9ho kreme\u0148a Vogel je vhodn\u00fd pre za\u010diato\u010dn\u00edkov aj sk\u00fasen\u00fdch kry\u0161t\u00e1lov\u00fdch lek\u00e1rov. Na jeho pou\u017e\u00edvanie v medit\u00e1cii alebo osobnej praxi nie s\u00fa potrebn\u00e9 \u017eiadne predch\u00e1dzaj\u00face znalosti ani technick\u00e1 pr\u00edprava.  <\/span><\/p><p><b>D\u00e1 sa tento kry\u0161t\u00e1l kombinova\u0165 s in\u00fdmi n\u00e1strojmi?<\/b><\/p><p><span style=\"font-weight: 400;\">\u00c1no. Mnoh\u00ed pou\u017e\u00edvatelia kombinuj\u00fa kry\u0161t\u00e1ly Vogel s in\u00fdmi kry\u0161t\u00e1lmi, medita\u010dn\u00fdmi technikami alebo n\u00e1strojmi zameran\u00fdmi na svetlo, aby si vytvorili individu\u00e1lne prostredie na cvi\u010denie. M\u00f4\u017ee tie\u017e dop\u013a\u0148a\u0165 kry\u0161t\u00e1lov\u00e9 l\u00f4\u017eka alebo \u0161trukt\u00farovan\u00e9 kry\u0161t\u00e1lov\u00e9 syst\u00e9my.  <\/span><\/p><p><b>Ako sa m\u00e1m stara\u0165 o svoj kry\u0161t\u00e1l ru\u017eov\u00e9ho kreme\u0148a Vogel?<\/b><\/p><p><span style=\"font-weight: 400;\">Ak sa chcete o kri\u0161t\u00e1\u013e stara\u0165, udr\u017eiavajte ho v \u010distote a ke\u010f ho nepou\u017e\u00edvate, ulo\u017ete ho na bezpe\u010dn\u00e9 miesto. Niektor\u00ed pou\u017e\u00edvatelia uprednost\u0148uj\u00fa pravideln\u00e9 \u010distenie pomocou jemn\u00fdch met\u00f3d, ako je vedom\u00fd z\u00e1mer, vystavenie prirodzen\u00e9mu svetlu alebo umiestnenie v pokojnom prostred\u00ed. <\/span><\/p>\n\t\t\t\t\t<\/div>\n\t\t\t\t\t\t<\/div>\n\t\t\t\t<\/div>\n\t\t\t\t\t<\/div>\n\t\t\t\t<\/div>\n\t\t\t\t<\/div>\n\t\t","protected":false},"excerpt":{"rendered":"<p>Ru\u017eov\u00fd kreme\u0148 pom\u00e1ha uvo\u013e\u0148ova\u0165 star\u00e9 citov\u00e9 rany a prin\u00e1\u0161a \u00fatechu srdcu. Vogelov brus s\u00fastre\u010fuje energiu, pom\u00e1ha odstra\u0148ova\u0165 emocion\u00e1lne blok\u00e1dy a obnovova\u0165 rovnov\u00e1hu. <\/p>\n","protected":false},"featured_media":32135,"comment_status":"open","ping_status":"closed","template":"","meta":[],"product_brand":[],"product_cat":[228],"product_tag":[],"class_list":{"0":"post-32348","1":"product","2":"type-product","3":"status-publish","4":"has-post-thumbnail","6":"product_cat-nezaradene","8":"first","9":"instock","10":"shipping-taxable","11":"purchasable","12":"product-type-simple"},"yoast_head":"<!-- This site is optimized with the Yoast SEO plugin v27.4 - https:\/\/yoast.com\/product\/yoast-seo-wordpress\/ -->\n<title>Ru\u017eov\u00fd kri\u0161t\u00e1\u013e Vogel, K\u00fapi\u0165 Chacrys Rose Quartz Vogel Online<\/title>\n<meta name=\"description\" content=\"Kry\u0161t\u00e1ly ru\u017eov\u00e9ho kreme\u0148a Vogel s\u00fa jedine\u010dnou a silnou formou ru\u017eov\u00e9ho kreme\u0148a, ktor\u00fd je starostlivo vybr\u00fasen\u00fd do \u0161pecifick\u00e9ho tvaru zn\u00e1meho ako Vogelov brus. K\u00fapte si vysokokvalitn\u00e9 kry\u0161t\u00e1ly Rose Vogel od spolo\u010dnosti Chacrys!\" \/>\n<meta name=\"robots\" content=\"index, follow, max-snippet:-1, max-image-preview:large, max-video-preview:-1\" \/>\n<link rel=\"canonical\" href=\"https:\/\/chacrys.com\/sk\/produkt\/ruzovy-kremen-vogel-crystal\/\" \/>\n<meta property=\"og:locale\" content=\"sk_SK\" \/>\n<meta property=\"og:type\" content=\"article\" \/>\n<meta property=\"og:title\" content=\"Ru\u017eov\u00fd kri\u0161t\u00e1\u013e Vogel, K\u00fapi\u0165 Chacrys Rose Quartz Vogel Online\" \/>\n<meta property=\"og:description\" content=\"Kry\u0161t\u00e1ly ru\u017eov\u00e9ho kreme\u0148a Vogel s\u00fa jedine\u010dnou a silnou formou ru\u017eov\u00e9ho kreme\u0148a, ktor\u00fd je starostlivo vybr\u00fasen\u00fd do \u0161pecifick\u00e9ho tvaru zn\u00e1meho ako Vogelov brus. K\u00fapte si vysokokvalitn\u00e9 kry\u0161t\u00e1ly Rose Vogel od spolo\u010dnosti Chacrys!\" \/>\n<meta property=\"og:url\" content=\"https:\/\/chacrys.com\/sk\/produkt\/ruzovy-kremen-vogel-crystal\/\" \/>\n<meta property=\"og:site_name\" content=\"Chacrys\" \/>\n<meta property=\"article:publisher\" content=\"https:\/\/www.facebook.com\/chacryscrystal\" \/>\n<meta property=\"article:modified_time\" content=\"2026-04-04T07:13:58+00:00\" \/>\n<meta property=\"og:image\" content=\"https:\/\/chacrys.com\/wp-content\/uploads\/2025\/01\/web2.png\" \/>\n\t<meta property=\"og:image:width\" content=\"768\" \/>\n\t<meta property=\"og:image:height\" content=\"768\" \/>\n\t<meta property=\"og:image:type\" content=\"image\/png\" \/>\n<meta name=\"twitter:card\" content=\"summary_large_image\" \/>\n<meta name=\"twitter:label1\" content=\"Cena\" \/>\n\t<meta name=\"twitter:data1\" content=\"129,00&nbsp;&euro;\" \/>\n\t<meta name=\"twitter:label2\" content=\"Dostupnos\u0165\" \/>\n\t<meta name=\"twitter:data2\" content=\"Na sklade\" \/>\n<script type=\"application\/ld+json\" class=\"yoast-schema-graph\">{\"@context\":\"https:\\\/\\\/schema.org\",\"@graph\":[{\"@type\":\"WebPage\",\"@id\":\"https:\\\/\\\/chacrys.com\\\/sk\\\/produkt\\\/ruzovy-kremen-vogel-crystal\\\/\",\"url\":\"https:\\\/\\\/chacrys.com\\\/sk\\\/produkt\\\/ruzovy-kremen-vogel-crystal\\\/\",\"name\":\"Ru\u017eov\u00fd kri\u0161t\u00e1\u013e Vogel, K\u00fapi\u0165 Chacrys Rose Quartz Vogel Online\",\"isPartOf\":{\"@id\":\"https:\\\/\\\/chacrys.com\\\/sk\\\/#website\"},\"primaryImageOfPage\":{\"@id\":\"https:\\\/\\\/chacrys.com\\\/sk\\\/produkt\\\/ruzovy-kremen-vogel-crystal\\\/#primaryimage\"},\"image\":{\"@id\":\"https:\\\/\\\/chacrys.com\\\/sk\\\/produkt\\\/ruzovy-kremen-vogel-crystal\\\/#primaryimage\"},\"thumbnailUrl\":\"https:\\\/\\\/chacrys.com\\\/wp-content\\\/uploads\\\/2025\\\/01\\\/web2.png\",\"datePublished\":\"2025-01-29T09:36:01+00:00\",\"dateModified\":\"2026-04-04T07:13:58+00:00\",\"description\":\"Kry\u0161t\u00e1ly ru\u017eov\u00e9ho kreme\u0148a Vogel s\u00fa jedine\u010dnou a silnou formou ru\u017eov\u00e9ho kreme\u0148a, ktor\u00fd je starostlivo vybr\u00fasen\u00fd do \u0161pecifick\u00e9ho tvaru zn\u00e1meho ako Vogelov brus. K\u00fapte si vysokokvalitn\u00e9 kry\u0161t\u00e1ly Rose Vogel od spolo\u010dnosti Chacrys!\",\"breadcrumb\":{\"@id\":\"https:\\\/\\\/chacrys.com\\\/sk\\\/produkt\\\/ruzovy-kremen-vogel-crystal\\\/#breadcrumb\"},\"inLanguage\":\"sk-SK\",\"potentialAction\":[{\"@type\":\"ReadAction\",\"target\":[\"https:\\\/\\\/chacrys.com\\\/sk\\\/produkt\\\/ruzovy-kremen-vogel-crystal\\\/\"]}]},{\"@type\":\"ImageObject\",\"inLanguage\":\"sk-SK\",\"@id\":\"https:\\\/\\\/chacrys.com\\\/sk\\\/produkt\\\/ruzovy-kremen-vogel-crystal\\\/#primaryimage\",\"url\":\"https:\\\/\\\/chacrys.com\\\/wp-content\\\/uploads\\\/2025\\\/01\\\/web2.png\",\"contentUrl\":\"https:\\\/\\\/chacrys.com\\\/wp-content\\\/uploads\\\/2025\\\/01\\\/web2.png\",\"width\":768,\"height\":768,\"caption\":\"ru\u017eov\u00fd kri\u0161t\u00e1\u013e vogel\"},{\"@type\":\"BreadcrumbList\",\"@id\":\"https:\\\/\\\/chacrys.com\\\/sk\\\/produkt\\\/ruzovy-kremen-vogel-crystal\\\/#breadcrumb\",\"itemListElement\":[{\"@type\":\"ListItem\",\"position\":1,\"name\":\"Home\",\"item\":\"https:\\\/\\\/chacrys.com\\\/sk\\\/\"},{\"@type\":\"ListItem\",\"position\":2,\"name\":\"Kry\u0161t\u00e1lov\u00fd lie\u010debn\u00fd obchod &#8211; star\u00fd\",\"item\":\"https:\\\/\\\/chacrys.com\\\/sk\\\/shop\\\/\"},{\"@type\":\"ListItem\",\"position\":3,\"name\":\"Ru\u017eov\u00fd kreme\u0148 Vogel Crystal\"}]},{\"@type\":\"WebSite\",\"@id\":\"https:\\\/\\\/chacrys.com\\\/sk\\\/#website\",\"url\":\"https:\\\/\\\/chacrys.com\\\/sk\\\/\",\"name\":\"Chacrys\",\"description\":\"Chacrys\",\"publisher\":{\"@id\":\"https:\\\/\\\/chacrys.com\\\/sk\\\/#organization\"},\"potentialAction\":[{\"@type\":\"SearchAction\",\"target\":{\"@type\":\"EntryPoint\",\"urlTemplate\":\"https:\\\/\\\/chacrys.com\\\/sk\\\/?s={search_term_string}\"},\"query-input\":{\"@type\":\"PropertyValueSpecification\",\"valueRequired\":true,\"valueName\":\"search_term_string\"}}],\"inLanguage\":\"sk-SK\"},{\"@type\":\"Organization\",\"@id\":\"https:\\\/\\\/chacrys.com\\\/sk\\\/#organization\",\"name\":\"Chacrys\",\"url\":\"https:\\\/\\\/chacrys.com\\\/sk\\\/\",\"logo\":{\"@type\":\"ImageObject\",\"inLanguage\":\"sk-SK\",\"@id\":\"https:\\\/\\\/chacrys.com\\\/sk\\\/#\\\/schema\\\/logo\\\/image\\\/\",\"url\":\"https:\\\/\\\/chacrys.com\\\/wp-content\\\/uploads\\\/2024\\\/11\\\/cropped-FRANJULIA-6.png\",\"contentUrl\":\"https:\\\/\\\/chacrys.com\\\/wp-content\\\/uploads\\\/2024\\\/11\\\/cropped-FRANJULIA-6.png\",\"width\":512,\"height\":512,\"caption\":\"Chacrys\"},\"image\":{\"@id\":\"https:\\\/\\\/chacrys.com\\\/sk\\\/#\\\/schema\\\/logo\\\/image\\\/\"},\"sameAs\":[\"https:\\\/\\\/www.facebook.com\\\/chacryscrystal\",\"https:\\\/\\\/www.instagram.com\\\/chacrys\\\/\",\"https:\\\/\\\/www.pinterest.com\\\/chacryscrystalbed\\\/\",\"https:\\\/\\\/www.youtube.com\\\/@chacrysofficial9667\"]}]}<\/script>\n<meta property=\"product:price:amount\" content=\"129.00\" \/>\n<meta property=\"product:price:currency\" content=\"EUR\" \/>\n<meta property=\"og:availability\" content=\"instock\" \/>\n<meta property=\"product:availability\" content=\"instock\" \/>\n<meta property=\"product:condition\" content=\"new\" \/>\n<!-- \/ Yoast SEO plugin. -->","yoast_head_json":{"title":"Ru\u017eov\u00fd kri\u0161t\u00e1\u013e Vogel, K\u00fapi\u0165 Chacrys Rose Quartz Vogel Online","description":"Kry\u0161t\u00e1ly ru\u017eov\u00e9ho kreme\u0148a Vogel s\u00fa jedine\u010dnou a silnou formou ru\u017eov\u00e9ho kreme\u0148a, ktor\u00fd je starostlivo vybr\u00fasen\u00fd do \u0161pecifick\u00e9ho tvaru zn\u00e1meho ako Vogelov brus. K\u00fapte si vysokokvalitn\u00e9 kry\u0161t\u00e1ly Rose Vogel od spolo\u010dnosti Chacrys!","robots":{"index":"index","follow":"follow","max-snippet":"max-snippet:-1","max-image-preview":"max-image-preview:large","max-video-preview":"max-video-preview:-1"},"canonical":"https:\/\/chacrys.com\/sk\/produkt\/ruzovy-kremen-vogel-crystal\/","og_locale":"sk_SK","og_type":"article","og_title":"Ru\u017eov\u00fd kri\u0161t\u00e1\u013e Vogel, K\u00fapi\u0165 Chacrys Rose Quartz Vogel Online","og_description":"Kry\u0161t\u00e1ly ru\u017eov\u00e9ho kreme\u0148a Vogel s\u00fa jedine\u010dnou a silnou formou ru\u017eov\u00e9ho kreme\u0148a, ktor\u00fd je starostlivo vybr\u00fasen\u00fd do \u0161pecifick\u00e9ho tvaru zn\u00e1meho ako Vogelov brus. K\u00fapte si vysokokvalitn\u00e9 kry\u0161t\u00e1ly Rose Vogel od spolo\u010dnosti Chacrys!","og_url":"https:\/\/chacrys.com\/sk\/produkt\/ruzovy-kremen-vogel-crystal\/","og_site_name":"Chacrys","article_publisher":"https:\/\/www.facebook.com\/chacryscrystal","article_modified_time":"2026-04-04T07:13:58+00:00","og_image":[{"width":768,"height":768,"url":"https:\/\/chacrys.com\/wp-content\/uploads\/2025\/01\/web2.png","type":"image\/png"}],"twitter_card":"summary_large_image","twitter_misc":{"Cena":"129,00&nbsp;&euro;","Dostupnos\u0165":"Na sklade"},"schema":{"@context":"https:\/\/schema.org","@graph":[{"@type":"WebPage","@id":"https:\/\/chacrys.com\/sk\/produkt\/ruzovy-kremen-vogel-crystal\/","url":"https:\/\/chacrys.com\/sk\/produkt\/ruzovy-kremen-vogel-crystal\/","name":"Ru\u017eov\u00fd kri\u0161t\u00e1\u013e Vogel, K\u00fapi\u0165 Chacrys Rose Quartz Vogel Online","isPartOf":{"@id":"https:\/\/chacrys.com\/sk\/#website"},"primaryImageOfPage":{"@id":"https:\/\/chacrys.com\/sk\/produkt\/ruzovy-kremen-vogel-crystal\/#primaryimage"},"image":{"@id":"https:\/\/chacrys.com\/sk\/produkt\/ruzovy-kremen-vogel-crystal\/#primaryimage"},"thumbnailUrl":"https:\/\/chacrys.com\/wp-content\/uploads\/2025\/01\/web2.png","datePublished":"2025-01-29T09:36:01+00:00","dateModified":"2026-04-04T07:13:58+00:00","description":"Kry\u0161t\u00e1ly ru\u017eov\u00e9ho kreme\u0148a Vogel s\u00fa jedine\u010dnou a silnou formou ru\u017eov\u00e9ho kreme\u0148a, ktor\u00fd je starostlivo vybr\u00fasen\u00fd do \u0161pecifick\u00e9ho tvaru zn\u00e1meho ako Vogelov brus. K\u00fapte si vysokokvalitn\u00e9 kry\u0161t\u00e1ly Rose Vogel od spolo\u010dnosti Chacrys!","breadcrumb":{"@id":"https:\/\/chacrys.com\/sk\/produkt\/ruzovy-kremen-vogel-crystal\/#breadcrumb"},"inLanguage":"sk-SK","potentialAction":[{"@type":"ReadAction","target":["https:\/\/chacrys.com\/sk\/produkt\/ruzovy-kremen-vogel-crystal\/"]}]},{"@type":"ImageObject","inLanguage":"sk-SK","@id":"https:\/\/chacrys.com\/sk\/produkt\/ruzovy-kremen-vogel-crystal\/#primaryimage","url":"https:\/\/chacrys.com\/wp-content\/uploads\/2025\/01\/web2.png","contentUrl":"https:\/\/chacrys.com\/wp-content\/uploads\/2025\/01\/web2.png","width":768,"height":768,"caption":"ru\u017eov\u00fd kri\u0161t\u00e1\u013e vogel"},{"@type":"BreadcrumbList","@id":"https:\/\/chacrys.com\/sk\/produkt\/ruzovy-kremen-vogel-crystal\/#breadcrumb","itemListElement":[{"@type":"ListItem","position":1,"name":"Home","item":"https:\/\/chacrys.com\/sk\/"},{"@type":"ListItem","position":2,"name":"Kry\u0161t\u00e1lov\u00fd lie\u010debn\u00fd obchod &#8211; star\u00fd","item":"https:\/\/chacrys.com\/sk\/shop\/"},{"@type":"ListItem","position":3,"name":"Ru\u017eov\u00fd kreme\u0148 Vogel Crystal"}]},{"@type":"WebSite","@id":"https:\/\/chacrys.com\/sk\/#website","url":"https:\/\/chacrys.com\/sk\/","name":"Chacrys","description":"Chacrys","publisher":{"@id":"https:\/\/chacrys.com\/sk\/#organization"},"potentialAction":[{"@type":"SearchAction","target":{"@type":"EntryPoint","urlTemplate":"https:\/\/chacrys.com\/sk\/?s={search_term_string}"},"query-input":{"@type":"PropertyValueSpecification","valueRequired":true,"valueName":"search_term_string"}}],"inLanguage":"sk-SK"},{"@type":"Organization","@id":"https:\/\/chacrys.com\/sk\/#organization","name":"Chacrys","url":"https:\/\/chacrys.com\/sk\/","logo":{"@type":"ImageObject","inLanguage":"sk-SK","@id":"https:\/\/chacrys.com\/sk\/#\/schema\/logo\/image\/","url":"https:\/\/chacrys.com\/wp-content\/uploads\/2024\/11\/cropped-FRANJULIA-6.png","contentUrl":"https:\/\/chacrys.com\/wp-content\/uploads\/2024\/11\/cropped-FRANJULIA-6.png","width":512,"height":512,"caption":"Chacrys"},"image":{"@id":"https:\/\/chacrys.com\/sk\/#\/schema\/logo\/image\/"},"sameAs":["https:\/\/www.facebook.com\/chacryscrystal","https:\/\/www.instagram.com\/chacrys\/","https:\/\/www.pinterest.com\/chacryscrystalbed\/","https:\/\/www.youtube.com\/@chacrysofficial9667"]}]},"product_price_amount":"129.00","product_price_currency":"EUR","og_availability":"instock","product_availability":"instock","product_condition":"new"},"_links":{"self":[{"href":"https:\/\/chacrys.com\/sk\/wp-json\/wp\/v2\/product\/32348","targetHints":{"allow":["GET"]}}],"collection":[{"href":"https:\/\/chacrys.com\/sk\/wp-json\/wp\/v2\/product"}],"about":[{"href":"https:\/\/chacrys.com\/sk\/wp-json\/wp\/v2\/types\/product"}],"replies":[{"embeddable":true,"href":"https:\/\/chacrys.com\/sk\/wp-json\/wp\/v2\/comments?post=32348"}],"version-history":[{"count":2,"href":"https:\/\/chacrys.com\/sk\/wp-json\/wp\/v2\/product\/32348\/revisions"}],"predecessor-version":[{"id":34660,"href":"https:\/\/chacrys.com\/sk\/wp-json\/wp\/v2\/product\/32348\/revisions\/34660"}],"wp:featuredmedia":[{"embeddable":true,"href":"https:\/\/chacrys.com\/sk\/wp-json\/wp\/v2\/media\/32135"}],"wp:attachment":[{"href":"https:\/\/chacrys.com\/sk\/wp-json\/wp\/v2\/media?parent=32348"}],"wp:term":[{"taxonomy":"product_brand","embeddable":true,"href":"https:\/\/chacrys.com\/sk\/wp-json\/wp\/v2\/product_brand?post=32348"},{"taxonomy":"product_cat","embeddable":true,"href":"https:\/\/chacrys.com\/sk\/wp-json\/wp\/v2\/product_cat?post=32348"},{"taxonomy":"product_tag","embeddable":true,"href":"https:\/\/chacrys.com\/sk\/wp-json\/wp\/v2\/product_tag?post=32348"}],"curies":[{"name":"wp","href":"https:\/\/api.w.org\/{rel}","templated":true}]}}