{"id":31528,"date":"2024-11-25T16:53:26","date_gmt":"2024-11-25T16:53:26","guid":{"rendered":"https:\/\/chacrys.com\/product\/balenie-pre-praktickych-lekarov\/"},"modified":"2026-04-03T15:50:23","modified_gmt":"2026-04-03T13:50:23","slug":"balenie-pre-praktickych-lekarov","status":"publish","type":"product","link":"https:\/\/chacrys.com\/sk\/produkt\/balenie-pre-praktickych-lekarov\/","title":{"rendered":"Balenie pre praktick\u00fdch lek\u00e1rov"},"content":{"rendered":"","protected":false},"excerpt":{"rendered":"<p>Bal\u00ed\u010dky s\u00fa ide\u00e1lne pre v\u0161etk\u00fdch, ktor\u00ed za\u010d\u00ednaj\u00fa svoju kari\u00e9ru duchovn\u00e9ho cvi\u010dite\u013ea a chc\u00fa sa vybavi\u0165 z\u00e1kladn\u00fdmi potrebn\u00fdmi n\u00e1strojmi.<\/p>\n<ul class=\"help-box-ul\">\n<li>2 roky z\u00e1ruky<\/li>\n<li>online \u0161kolenie<\/li>\n<li>celosvetov\u00e1 doprava<\/li>\n<li>Pr\u00e9miov\u00e1 ru\u010dne vyr\u00e1ban\u00e1 kvalita<\/li>\n<\/ul>\n","protected":false},"featured_media":34129,"comment_status":"open","ping_status":"closed","template":"","meta":[],"product_brand":[],"product_cat":[228],"product_tag":[],"class_list":{"0":"post-31528","1":"product","2":"type-product","3":"status-publish","4":"has-post-thumbnail","6":"product_cat-nezaradene","8":"first","9":"instock","10":"shipping-taxable","11":"purchasable","12":"product-type-simple"},"yoast_head":"<!-- This site is optimized with the Yoast SEO plugin v27.4 - https:\/\/yoast.com\/product\/yoast-seo-wordpress\/ -->\n<title>Balenie pre praktick\u00fdch lek\u00e1rov - Chacrys<\/title>\n<meta name=\"robots\" content=\"index, follow, max-snippet:-1, max-image-preview:large, max-video-preview:-1\" \/>\n<link rel=\"canonical\" href=\"https:\/\/chacrys.com\/sk\/produkt\/balenie-pre-praktickych-lekarov\/\" \/>\n<meta property=\"og:locale\" content=\"sk_SK\" \/>\n<meta property=\"og:type\" content=\"article\" \/>\n<meta property=\"og:title\" content=\"Balenie pre praktick\u00fdch lek\u00e1rov - Chacrys\" \/>\n<meta property=\"og:description\" content=\"Bal\u00ed\u010dky s\u00fa ide\u00e1lne pre v\u0161etk\u00fdch, ktor\u00ed za\u010d\u00ednaj\u00fa svoju kari\u00e9ru duchovn\u00e9ho cvi\u010dite\u013ea a chc\u00fa sa vybavi\u0165 z\u00e1kladn\u00fdmi potrebn\u00fdmi n\u00e1strojmi.  2 roky z\u00e1ruky  online \u0161kolenie  celosvetov\u00e1 doprava  Pr\u00e9miov\u00e1 ru\u010dne vyr\u00e1ban\u00e1 kvalita\" \/>\n<meta property=\"og:url\" content=\"https:\/\/chacrys.com\/sk\/produkt\/balenie-pre-praktickych-lekarov\/\" \/>\n<meta property=\"og:site_name\" content=\"Chacrys\" \/>\n<meta property=\"article:publisher\" content=\"https:\/\/www.facebook.com\/chacryscrystal\" \/>\n<meta property=\"article:modified_time\" content=\"2026-04-03T13:50:23+00:00\" \/>\n<meta property=\"og:image\" content=\"https:\/\/chacrys.com\/wp-content\/uploads\/2024\/11\/practitional-package.jpg\" \/>\n\t<meta property=\"og:image:width\" content=\"520\" \/>\n\t<meta property=\"og:image:height\" content=\"520\" \/>\n\t<meta property=\"og:image:type\" content=\"image\/jpeg\" \/>\n<meta name=\"twitter:card\" content=\"summary_large_image\" \/>\n<meta name=\"twitter:label1\" content=\"Cena\" \/>\n\t<meta name=\"twitter:data1\" content=\"3190,00&nbsp;&euro;\" \/>\n\t<meta name=\"twitter:label2\" content=\"Dostupnos\u0165\" \/>\n\t<meta name=\"twitter:data2\" content=\"Na sklade\" \/>\n<script type=\"application\/ld+json\" class=\"yoast-schema-graph\">{\"@context\":\"https:\\\/\\\/schema.org\",\"@graph\":[{\"@type\":\"WebPage\",\"@id\":\"https:\\\/\\\/chacrys.com\\\/sk\\\/produkt\\\/balenie-pre-praktickych-lekarov\\\/\",\"url\":\"https:\\\/\\\/chacrys.com\\\/sk\\\/produkt\\\/balenie-pre-praktickych-lekarov\\\/\",\"name\":\"Balenie pre praktick\u00fdch lek\u00e1rov - Chacrys\",\"isPartOf\":{\"@id\":\"https:\\\/\\\/chacrys.com\\\/sk\\\/#website\"},\"primaryImageOfPage\":{\"@id\":\"https:\\\/\\\/chacrys.com\\\/sk\\\/produkt\\\/balenie-pre-praktickych-lekarov\\\/#primaryimage\"},\"image\":{\"@id\":\"https:\\\/\\\/chacrys.com\\\/sk\\\/produkt\\\/balenie-pre-praktickych-lekarov\\\/#primaryimage\"},\"thumbnailUrl\":\"https:\\\/\\\/chacrys.com\\\/wp-content\\\/uploads\\\/2024\\\/11\\\/practitional-package.jpg\",\"datePublished\":\"2024-11-25T16:53:26+00:00\",\"dateModified\":\"2026-04-03T13:50:23+00:00\",\"breadcrumb\":{\"@id\":\"https:\\\/\\\/chacrys.com\\\/sk\\\/produkt\\\/balenie-pre-praktickych-lekarov\\\/#breadcrumb\"},\"inLanguage\":\"sk-SK\",\"potentialAction\":[{\"@type\":\"ReadAction\",\"target\":[\"https:\\\/\\\/chacrys.com\\\/sk\\\/produkt\\\/balenie-pre-praktickych-lekarov\\\/\"]}]},{\"@type\":\"ImageObject\",\"inLanguage\":\"sk-SK\",\"@id\":\"https:\\\/\\\/chacrys.com\\\/sk\\\/produkt\\\/balenie-pre-praktickych-lekarov\\\/#primaryimage\",\"url\":\"https:\\\/\\\/chacrys.com\\\/wp-content\\\/uploads\\\/2024\\\/11\\\/practitional-package.jpg\",\"contentUrl\":\"https:\\\/\\\/chacrys.com\\\/wp-content\\\/uploads\\\/2024\\\/11\\\/practitional-package.jpg\",\"width\":520,\"height\":520,\"caption\":\"bal\u00edk pre praktick\u00fdch lek\u00e1rov\"},{\"@type\":\"BreadcrumbList\",\"@id\":\"https:\\\/\\\/chacrys.com\\\/sk\\\/produkt\\\/balenie-pre-praktickych-lekarov\\\/#breadcrumb\",\"itemListElement\":[{\"@type\":\"ListItem\",\"position\":1,\"name\":\"Home\",\"item\":\"https:\\\/\\\/chacrys.com\\\/sk\\\/\"},{\"@type\":\"ListItem\",\"position\":2,\"name\":\"Kry\u0161t\u00e1lov\u00fd lie\u010debn\u00fd obchod &#8211; star\u00fd\",\"item\":\"https:\\\/\\\/chacrys.com\\\/sk\\\/shop\\\/\"},{\"@type\":\"ListItem\",\"position\":3,\"name\":\"Balenie pre praktick\u00fdch lek\u00e1rov\"}]},{\"@type\":\"WebSite\",\"@id\":\"https:\\\/\\\/chacrys.com\\\/sk\\\/#website\",\"url\":\"https:\\\/\\\/chacrys.com\\\/sk\\\/\",\"name\":\"Chacrys\",\"description\":\"Chacrys\",\"publisher\":{\"@id\":\"https:\\\/\\\/chacrys.com\\\/sk\\\/#organization\"},\"potentialAction\":[{\"@type\":\"SearchAction\",\"target\":{\"@type\":\"EntryPoint\",\"urlTemplate\":\"https:\\\/\\\/chacrys.com\\\/sk\\\/?s={search_term_string}\"},\"query-input\":{\"@type\":\"PropertyValueSpecification\",\"valueRequired\":true,\"valueName\":\"search_term_string\"}}],\"inLanguage\":\"sk-SK\"},{\"@type\":\"Organization\",\"@id\":\"https:\\\/\\\/chacrys.com\\\/sk\\\/#organization\",\"name\":\"Chacrys\",\"url\":\"https:\\\/\\\/chacrys.com\\\/sk\\\/\",\"logo\":{\"@type\":\"ImageObject\",\"inLanguage\":\"sk-SK\",\"@id\":\"https:\\\/\\\/chacrys.com\\\/sk\\\/#\\\/schema\\\/logo\\\/image\\\/\",\"url\":\"https:\\\/\\\/chacrys.com\\\/wp-content\\\/uploads\\\/2024\\\/11\\\/cropped-FRANJULIA-6.png\",\"contentUrl\":\"https:\\\/\\\/chacrys.com\\\/wp-content\\\/uploads\\\/2024\\\/11\\\/cropped-FRANJULIA-6.png\",\"width\":512,\"height\":512,\"caption\":\"Chacrys\"},\"image\":{\"@id\":\"https:\\\/\\\/chacrys.com\\\/sk\\\/#\\\/schema\\\/logo\\\/image\\\/\"},\"sameAs\":[\"https:\\\/\\\/www.facebook.com\\\/chacryscrystal\",\"https:\\\/\\\/www.instagram.com\\\/chacrys\\\/\",\"https:\\\/\\\/www.pinterest.com\\\/chacryscrystalbed\\\/\",\"https:\\\/\\\/www.youtube.com\\\/@chacrysofficial9667\"]}]}<\/script>\n<meta property=\"product:price:amount\" content=\"3190.00\" \/>\n<meta property=\"product:price:currency\" content=\"EUR\" \/>\n<meta property=\"og:availability\" content=\"instock\" \/>\n<meta property=\"product:availability\" content=\"instock\" \/>\n<meta property=\"product:condition\" content=\"new\" \/>\n<!-- \/ Yoast SEO plugin. -->","yoast_head_json":{"title":"Balenie pre praktick\u00fdch lek\u00e1rov - Chacrys","robots":{"index":"index","follow":"follow","max-snippet":"max-snippet:-1","max-image-preview":"max-image-preview:large","max-video-preview":"max-video-preview:-1"},"canonical":"https:\/\/chacrys.com\/sk\/produkt\/balenie-pre-praktickych-lekarov\/","og_locale":"sk_SK","og_type":"article","og_title":"Balenie pre praktick\u00fdch lek\u00e1rov - Chacrys","og_description":"Bal\u00ed\u010dky s\u00fa ide\u00e1lne pre v\u0161etk\u00fdch, ktor\u00ed za\u010d\u00ednaj\u00fa svoju kari\u00e9ru duchovn\u00e9ho cvi\u010dite\u013ea a chc\u00fa sa vybavi\u0165 z\u00e1kladn\u00fdmi potrebn\u00fdmi n\u00e1strojmi.  2 roky z\u00e1ruky  online \u0161kolenie  celosvetov\u00e1 doprava  Pr\u00e9miov\u00e1 ru\u010dne vyr\u00e1ban\u00e1 kvalita","og_url":"https:\/\/chacrys.com\/sk\/produkt\/balenie-pre-praktickych-lekarov\/","og_site_name":"Chacrys","article_publisher":"https:\/\/www.facebook.com\/chacryscrystal","article_modified_time":"2026-04-03T13:50:23+00:00","og_image":[{"width":520,"height":520,"url":"https:\/\/chacrys.com\/wp-content\/uploads\/2024\/11\/practitional-package.jpg","type":"image\/jpeg"}],"twitter_card":"summary_large_image","twitter_misc":{"Cena":"3190,00&nbsp;&euro;","Dostupnos\u0165":"Na sklade"},"schema":{"@context":"https:\/\/schema.org","@graph":[{"@type":"WebPage","@id":"https:\/\/chacrys.com\/sk\/produkt\/balenie-pre-praktickych-lekarov\/","url":"https:\/\/chacrys.com\/sk\/produkt\/balenie-pre-praktickych-lekarov\/","name":"Balenie pre praktick\u00fdch lek\u00e1rov - Chacrys","isPartOf":{"@id":"https:\/\/chacrys.com\/sk\/#website"},"primaryImageOfPage":{"@id":"https:\/\/chacrys.com\/sk\/produkt\/balenie-pre-praktickych-lekarov\/#primaryimage"},"image":{"@id":"https:\/\/chacrys.com\/sk\/produkt\/balenie-pre-praktickych-lekarov\/#primaryimage"},"thumbnailUrl":"https:\/\/chacrys.com\/wp-content\/uploads\/2024\/11\/practitional-package.jpg","datePublished":"2024-11-25T16:53:26+00:00","dateModified":"2026-04-03T13:50:23+00:00","breadcrumb":{"@id":"https:\/\/chacrys.com\/sk\/produkt\/balenie-pre-praktickych-lekarov\/#breadcrumb"},"inLanguage":"sk-SK","potentialAction":[{"@type":"ReadAction","target":["https:\/\/chacrys.com\/sk\/produkt\/balenie-pre-praktickych-lekarov\/"]}]},{"@type":"ImageObject","inLanguage":"sk-SK","@id":"https:\/\/chacrys.com\/sk\/produkt\/balenie-pre-praktickych-lekarov\/#primaryimage","url":"https:\/\/chacrys.com\/wp-content\/uploads\/2024\/11\/practitional-package.jpg","contentUrl":"https:\/\/chacrys.com\/wp-content\/uploads\/2024\/11\/practitional-package.jpg","width":520,"height":520,"caption":"bal\u00edk pre praktick\u00fdch lek\u00e1rov"},{"@type":"BreadcrumbList","@id":"https:\/\/chacrys.com\/sk\/produkt\/balenie-pre-praktickych-lekarov\/#breadcrumb","itemListElement":[{"@type":"ListItem","position":1,"name":"Home","item":"https:\/\/chacrys.com\/sk\/"},{"@type":"ListItem","position":2,"name":"Kry\u0161t\u00e1lov\u00fd lie\u010debn\u00fd obchod &#8211; star\u00fd","item":"https:\/\/chacrys.com\/sk\/shop\/"},{"@type":"ListItem","position":3,"name":"Balenie pre praktick\u00fdch lek\u00e1rov"}]},{"@type":"WebSite","@id":"https:\/\/chacrys.com\/sk\/#website","url":"https:\/\/chacrys.com\/sk\/","name":"Chacrys","description":"Chacrys","publisher":{"@id":"https:\/\/chacrys.com\/sk\/#organization"},"potentialAction":[{"@type":"SearchAction","target":{"@type":"EntryPoint","urlTemplate":"https:\/\/chacrys.com\/sk\/?s={search_term_string}"},"query-input":{"@type":"PropertyValueSpecification","valueRequired":true,"valueName":"search_term_string"}}],"inLanguage":"sk-SK"},{"@type":"Organization","@id":"https:\/\/chacrys.com\/sk\/#organization","name":"Chacrys","url":"https:\/\/chacrys.com\/sk\/","logo":{"@type":"ImageObject","inLanguage":"sk-SK","@id":"https:\/\/chacrys.com\/sk\/#\/schema\/logo\/image\/","url":"https:\/\/chacrys.com\/wp-content\/uploads\/2024\/11\/cropped-FRANJULIA-6.png","contentUrl":"https:\/\/chacrys.com\/wp-content\/uploads\/2024\/11\/cropped-FRANJULIA-6.png","width":512,"height":512,"caption":"Chacrys"},"image":{"@id":"https:\/\/chacrys.com\/sk\/#\/schema\/logo\/image\/"},"sameAs":["https:\/\/www.facebook.com\/chacryscrystal","https:\/\/www.instagram.com\/chacrys\/","https:\/\/www.pinterest.com\/chacryscrystalbed\/","https:\/\/www.youtube.com\/@chacrysofficial9667"]}]},"product_price_amount":"3190.00","product_price_currency":"EUR","og_availability":"instock","product_availability":"instock","product_condition":"new"},"_links":{"self":[{"href":"https:\/\/chacrys.com\/sk\/wp-json\/wp\/v2\/product\/31528","targetHints":{"allow":["GET"]}}],"collection":[{"href":"https:\/\/chacrys.com\/sk\/wp-json\/wp\/v2\/product"}],"about":[{"href":"https:\/\/chacrys.com\/sk\/wp-json\/wp\/v2\/types\/product"}],"replies":[{"embeddable":true,"href":"https:\/\/chacrys.com\/sk\/wp-json\/wp\/v2\/comments?post=31528"}],"version-history":[{"count":1,"href":"https:\/\/chacrys.com\/sk\/wp-json\/wp\/v2\/product\/31528\/revisions"}],"predecessor-version":[{"id":32795,"href":"https:\/\/chacrys.com\/sk\/wp-json\/wp\/v2\/product\/31528\/revisions\/32795"}],"wp:featuredmedia":[{"embeddable":true,"href":"https:\/\/chacrys.com\/sk\/wp-json\/wp\/v2\/media\/34129"}],"wp:attachment":[{"href":"https:\/\/chacrys.com\/sk\/wp-json\/wp\/v2\/media?parent=31528"}],"wp:term":[{"taxonomy":"product_brand","embeddable":true,"href":"https:\/\/chacrys.com\/sk\/wp-json\/wp\/v2\/product_brand?post=31528"},{"taxonomy":"product_cat","embeddable":true,"href":"https:\/\/chacrys.com\/sk\/wp-json\/wp\/v2\/product_cat?post=31528"},{"taxonomy":"product_tag","embeddable":true,"href":"https:\/\/chacrys.com\/sk\/wp-json\/wp\/v2\/product_tag?post=31528"}],"curies":[{"name":"wp","href":"https:\/\/api.w.org\/{rel}","templated":true}]}}