{"id":31334,"date":"2024-11-25T17:52:32","date_gmt":"2024-11-25T17:52:32","guid":{"rendered":"https:\/\/chacrys.com\/product\/vogel-triangle-set\/"},"modified":"2025-04-30T11:43:49","modified_gmt":"2025-04-30T11:43:49","slug":"vogel-triangle-set","status":"publish","type":"product","link":"https:\/\/chacrys.com\/sk\/produkt\/vogel-triangle-set\/","title":{"rendered":"S\u00faprava trojuholn\u00edkov Vogel"},"content":{"rendered":"","protected":false},"excerpt":{"rendered":"<p>Vogelov kri\u0161t\u00e1\u013eov\u00fd trojuholn\u00edk je v\u010faka svojmu tvaru a le\u0161teniu ve\u013emi siln\u00fdm n\u00e1strojom na vyva\u017eovanie.<\/p>\n<ul class=\"help-box-ul\">\n<li>celosvetov\u00e1 doprava<\/li>\n<li>pr\u00e9miov\u00e1 ru\u010dne vyr\u00e1ban\u00e1 kvalita<\/li>\n<\/ul>\n<div id=\"product\">\n<div class=\"row\">\n<div class=\"col-sm-30\">\n<div class=\"product-cart-box\">\n<div class=\"product-price-box\"><\/div>\n<\/div>\n<\/div>\n<\/div>\n<\/div>\n","protected":false},"featured_media":30774,"comment_status":"open","ping_status":"closed","template":"","meta":[],"product_brand":[],"product_cat":[228],"product_tag":[],"class_list":{"0":"post-31334","1":"product","2":"type-product","3":"status-publish","4":"has-post-thumbnail","6":"product_cat-nezaradene","8":"first","9":"instock","10":"shipping-taxable","11":"purchasable","12":"product-type-simple"},"yoast_head":"<!-- This site is optimized with the Yoast SEO plugin v27.3 - https:\/\/yoast.com\/product\/yoast-seo-wordpress\/ -->\n<title>S\u00faprava trojuholn\u00edkov Vogel - Chacrys<\/title>\n<meta name=\"robots\" content=\"index, follow, max-snippet:-1, max-image-preview:large, max-video-preview:-1\" \/>\n<link rel=\"canonical\" href=\"https:\/\/chacrys.com\/sk\/produkt\/vogel-triangle-set\/\" \/>\n<meta property=\"og:locale\" content=\"sk_SK\" \/>\n<meta property=\"og:type\" content=\"article\" \/>\n<meta property=\"og:title\" content=\"S\u00faprava trojuholn\u00edkov Vogel - Chacrys\" \/>\n<meta property=\"og:description\" content=\"Vogelov kri\u0161t\u00e1\u013eov\u00fd trojuholn\u00edk je v\u010faka svojmu tvaru a le\u0161teniu ve\u013emi siln\u00fdm n\u00e1strojom na vyva\u017eovanie.  celosvetov\u00e1 doprava  pr\u00e9miov\u00e1 ru\u010dne vyr\u00e1ban\u00e1 kvalita\" \/>\n<meta property=\"og:url\" content=\"https:\/\/chacrys.com\/sk\/produkt\/vogel-triangle-set\/\" \/>\n<meta property=\"og:site_name\" content=\"Chacrys\" \/>\n<meta property=\"article:publisher\" content=\"https:\/\/www.facebook.com\/chacryscrystal\" \/>\n<meta property=\"article:modified_time\" content=\"2025-04-30T11:43:49+00:00\" \/>\n<meta property=\"og:image\" content=\"https:\/\/chacrys.com\/wp-content\/uploads\/2024\/11\/haromszog-szett-520x520-1.jpg\" \/>\n\t<meta property=\"og:image:width\" content=\"520\" \/>\n\t<meta property=\"og:image:height\" content=\"520\" \/>\n\t<meta property=\"og:image:type\" content=\"image\/jpeg\" \/>\n<meta name=\"twitter:card\" content=\"summary_large_image\" \/>\n<meta name=\"twitter:label1\" content=\"Cena\" \/>\n\t<meta name=\"twitter:data1\" content=\"429,00&nbsp;&euro;\" \/>\n\t<meta name=\"twitter:label2\" content=\"Dostupnos\u0165\" \/>\n\t<meta name=\"twitter:data2\" content=\"Na sklade\" \/>\n<script type=\"application\/ld+json\" class=\"yoast-schema-graph\">{\"@context\":\"https:\\\/\\\/schema.org\",\"@graph\":[{\"@type\":\"WebPage\",\"@id\":\"https:\\\/\\\/chacrys.com\\\/sk\\\/produkt\\\/vogel-triangle-set\\\/\",\"url\":\"https:\\\/\\\/chacrys.com\\\/sk\\\/produkt\\\/vogel-triangle-set\\\/\",\"name\":\"S\u00faprava trojuholn\u00edkov Vogel - Chacrys\",\"isPartOf\":{\"@id\":\"https:\\\/\\\/chacrys.com\\\/sk\\\/#website\"},\"primaryImageOfPage\":{\"@id\":\"https:\\\/\\\/chacrys.com\\\/sk\\\/produkt\\\/vogel-triangle-set\\\/#primaryimage\"},\"image\":{\"@id\":\"https:\\\/\\\/chacrys.com\\\/sk\\\/produkt\\\/vogel-triangle-set\\\/#primaryimage\"},\"thumbnailUrl\":\"https:\\\/\\\/chacrys.com\\\/wp-content\\\/uploads\\\/2024\\\/11\\\/haromszog-szett-520x520-1.jpg\",\"datePublished\":\"2024-11-25T17:52:32+00:00\",\"dateModified\":\"2025-04-30T11:43:49+00:00\",\"breadcrumb\":{\"@id\":\"https:\\\/\\\/chacrys.com\\\/sk\\\/produkt\\\/vogel-triangle-set\\\/#breadcrumb\"},\"inLanguage\":\"sk-SK\",\"potentialAction\":[{\"@type\":\"ReadAction\",\"target\":[\"https:\\\/\\\/chacrys.com\\\/sk\\\/produkt\\\/vogel-triangle-set\\\/\"]}]},{\"@type\":\"ImageObject\",\"inLanguage\":\"sk-SK\",\"@id\":\"https:\\\/\\\/chacrys.com\\\/sk\\\/produkt\\\/vogel-triangle-set\\\/#primaryimage\",\"url\":\"https:\\\/\\\/chacrys.com\\\/wp-content\\\/uploads\\\/2024\\\/11\\\/haromszog-szett-520x520-1.jpg\",\"contentUrl\":\"https:\\\/\\\/chacrys.com\\\/wp-content\\\/uploads\\\/2024\\\/11\\\/haromszog-szett-520x520-1.jpg\",\"width\":520,\"height\":520,\"caption\":\"sada trojuholn\u00edkov vogel\"},{\"@type\":\"BreadcrumbList\",\"@id\":\"https:\\\/\\\/chacrys.com\\\/sk\\\/produkt\\\/vogel-triangle-set\\\/#breadcrumb\",\"itemListElement\":[{\"@type\":\"ListItem\",\"position\":1,\"name\":\"Home\",\"item\":\"https:\\\/\\\/chacrys.com\\\/sk\\\/\"},{\"@type\":\"ListItem\",\"position\":2,\"name\":\"Kry\u0161t\u00e1lov\u00fd lie\u010debn\u00fd obchod &#8211; star\u00fd\",\"item\":\"https:\\\/\\\/chacrys.com\\\/sk\\\/shop\\\/\"},{\"@type\":\"ListItem\",\"position\":3,\"name\":\"S\u00faprava trojuholn\u00edkov Vogel\"}]},{\"@type\":\"WebSite\",\"@id\":\"https:\\\/\\\/chacrys.com\\\/sk\\\/#website\",\"url\":\"https:\\\/\\\/chacrys.com\\\/sk\\\/\",\"name\":\"Chacrys\",\"description\":\"Chacrys\",\"publisher\":{\"@id\":\"https:\\\/\\\/chacrys.com\\\/sk\\\/#organization\"},\"potentialAction\":[{\"@type\":\"SearchAction\",\"target\":{\"@type\":\"EntryPoint\",\"urlTemplate\":\"https:\\\/\\\/chacrys.com\\\/sk\\\/?s={search_term_string}\"},\"query-input\":{\"@type\":\"PropertyValueSpecification\",\"valueRequired\":true,\"valueName\":\"search_term_string\"}}],\"inLanguage\":\"sk-SK\"},{\"@type\":\"Organization\",\"@id\":\"https:\\\/\\\/chacrys.com\\\/sk\\\/#organization\",\"name\":\"Chacrys\",\"url\":\"https:\\\/\\\/chacrys.com\\\/sk\\\/\",\"logo\":{\"@type\":\"ImageObject\",\"inLanguage\":\"sk-SK\",\"@id\":\"https:\\\/\\\/chacrys.com\\\/sk\\\/#\\\/schema\\\/logo\\\/image\\\/\",\"url\":\"https:\\\/\\\/chacrys.com\\\/wp-content\\\/uploads\\\/2024\\\/11\\\/cropped-FRANJULIA-6.png\",\"contentUrl\":\"https:\\\/\\\/chacrys.com\\\/wp-content\\\/uploads\\\/2024\\\/11\\\/cropped-FRANJULIA-6.png\",\"width\":512,\"height\":512,\"caption\":\"Chacrys\"},\"image\":{\"@id\":\"https:\\\/\\\/chacrys.com\\\/sk\\\/#\\\/schema\\\/logo\\\/image\\\/\"},\"sameAs\":[\"https:\\\/\\\/www.facebook.com\\\/chacryscrystal\",\"https:\\\/\\\/www.instagram.com\\\/chacrys\\\/\",\"https:\\\/\\\/www.pinterest.com\\\/chacryscrystalbed\\\/\",\"https:\\\/\\\/www.youtube.com\\\/@chacrysofficial9667\"]}]}<\/script>\n<meta property=\"product:price:amount\" content=\"429.00\" \/>\n<meta property=\"product:price:currency\" content=\"EUR\" \/>\n<meta property=\"og:availability\" content=\"instock\" \/>\n<meta property=\"product:availability\" content=\"instock\" \/>\n<meta property=\"product:condition\" content=\"new\" \/>\n<!-- \/ Yoast SEO plugin. -->","yoast_head_json":{"title":"S\u00faprava trojuholn\u00edkov Vogel - Chacrys","robots":{"index":"index","follow":"follow","max-snippet":"max-snippet:-1","max-image-preview":"max-image-preview:large","max-video-preview":"max-video-preview:-1"},"canonical":"https:\/\/chacrys.com\/sk\/produkt\/vogel-triangle-set\/","og_locale":"sk_SK","og_type":"article","og_title":"S\u00faprava trojuholn\u00edkov Vogel - Chacrys","og_description":"Vogelov kri\u0161t\u00e1\u013eov\u00fd trojuholn\u00edk je v\u010faka svojmu tvaru a le\u0161teniu ve\u013emi siln\u00fdm n\u00e1strojom na vyva\u017eovanie.  celosvetov\u00e1 doprava  pr\u00e9miov\u00e1 ru\u010dne vyr\u00e1ban\u00e1 kvalita","og_url":"https:\/\/chacrys.com\/sk\/produkt\/vogel-triangle-set\/","og_site_name":"Chacrys","article_publisher":"https:\/\/www.facebook.com\/chacryscrystal","article_modified_time":"2025-04-30T11:43:49+00:00","og_image":[{"width":520,"height":520,"url":"https:\/\/chacrys.com\/wp-content\/uploads\/2024\/11\/haromszog-szett-520x520-1.jpg","type":"image\/jpeg"}],"twitter_card":"summary_large_image","twitter_misc":{"Cena":"429,00&nbsp;&euro;","Dostupnos\u0165":"Na sklade"},"schema":{"@context":"https:\/\/schema.org","@graph":[{"@type":"WebPage","@id":"https:\/\/chacrys.com\/sk\/produkt\/vogel-triangle-set\/","url":"https:\/\/chacrys.com\/sk\/produkt\/vogel-triangle-set\/","name":"S\u00faprava trojuholn\u00edkov Vogel - Chacrys","isPartOf":{"@id":"https:\/\/chacrys.com\/sk\/#website"},"primaryImageOfPage":{"@id":"https:\/\/chacrys.com\/sk\/produkt\/vogel-triangle-set\/#primaryimage"},"image":{"@id":"https:\/\/chacrys.com\/sk\/produkt\/vogel-triangle-set\/#primaryimage"},"thumbnailUrl":"https:\/\/chacrys.com\/wp-content\/uploads\/2024\/11\/haromszog-szett-520x520-1.jpg","datePublished":"2024-11-25T17:52:32+00:00","dateModified":"2025-04-30T11:43:49+00:00","breadcrumb":{"@id":"https:\/\/chacrys.com\/sk\/produkt\/vogel-triangle-set\/#breadcrumb"},"inLanguage":"sk-SK","potentialAction":[{"@type":"ReadAction","target":["https:\/\/chacrys.com\/sk\/produkt\/vogel-triangle-set\/"]}]},{"@type":"ImageObject","inLanguage":"sk-SK","@id":"https:\/\/chacrys.com\/sk\/produkt\/vogel-triangle-set\/#primaryimage","url":"https:\/\/chacrys.com\/wp-content\/uploads\/2024\/11\/haromszog-szett-520x520-1.jpg","contentUrl":"https:\/\/chacrys.com\/wp-content\/uploads\/2024\/11\/haromszog-szett-520x520-1.jpg","width":520,"height":520,"caption":"sada trojuholn\u00edkov vogel"},{"@type":"BreadcrumbList","@id":"https:\/\/chacrys.com\/sk\/produkt\/vogel-triangle-set\/#breadcrumb","itemListElement":[{"@type":"ListItem","position":1,"name":"Home","item":"https:\/\/chacrys.com\/sk\/"},{"@type":"ListItem","position":2,"name":"Kry\u0161t\u00e1lov\u00fd lie\u010debn\u00fd obchod &#8211; star\u00fd","item":"https:\/\/chacrys.com\/sk\/shop\/"},{"@type":"ListItem","position":3,"name":"S\u00faprava trojuholn\u00edkov Vogel"}]},{"@type":"WebSite","@id":"https:\/\/chacrys.com\/sk\/#website","url":"https:\/\/chacrys.com\/sk\/","name":"Chacrys","description":"Chacrys","publisher":{"@id":"https:\/\/chacrys.com\/sk\/#organization"},"potentialAction":[{"@type":"SearchAction","target":{"@type":"EntryPoint","urlTemplate":"https:\/\/chacrys.com\/sk\/?s={search_term_string}"},"query-input":{"@type":"PropertyValueSpecification","valueRequired":true,"valueName":"search_term_string"}}],"inLanguage":"sk-SK"},{"@type":"Organization","@id":"https:\/\/chacrys.com\/sk\/#organization","name":"Chacrys","url":"https:\/\/chacrys.com\/sk\/","logo":{"@type":"ImageObject","inLanguage":"sk-SK","@id":"https:\/\/chacrys.com\/sk\/#\/schema\/logo\/image\/","url":"https:\/\/chacrys.com\/wp-content\/uploads\/2024\/11\/cropped-FRANJULIA-6.png","contentUrl":"https:\/\/chacrys.com\/wp-content\/uploads\/2024\/11\/cropped-FRANJULIA-6.png","width":512,"height":512,"caption":"Chacrys"},"image":{"@id":"https:\/\/chacrys.com\/sk\/#\/schema\/logo\/image\/"},"sameAs":["https:\/\/www.facebook.com\/chacryscrystal","https:\/\/www.instagram.com\/chacrys\/","https:\/\/www.pinterest.com\/chacryscrystalbed\/","https:\/\/www.youtube.com\/@chacrysofficial9667"]}]},"product_price_amount":"429.00","product_price_currency":"EUR","og_availability":"instock","product_availability":"instock","product_condition":"new"},"_links":{"self":[{"href":"https:\/\/chacrys.com\/sk\/wp-json\/wp\/v2\/product\/31334","targetHints":{"allow":["GET"]}}],"collection":[{"href":"https:\/\/chacrys.com\/sk\/wp-json\/wp\/v2\/product"}],"about":[{"href":"https:\/\/chacrys.com\/sk\/wp-json\/wp\/v2\/types\/product"}],"replies":[{"embeddable":true,"href":"https:\/\/chacrys.com\/sk\/wp-json\/wp\/v2\/comments?post=31334"}],"version-history":[{"count":1,"href":"https:\/\/chacrys.com\/sk\/wp-json\/wp\/v2\/product\/31334\/revisions"}],"predecessor-version":[{"id":31486,"href":"https:\/\/chacrys.com\/sk\/wp-json\/wp\/v2\/product\/31334\/revisions\/31486"}],"wp:featuredmedia":[{"embeddable":true,"href":"https:\/\/chacrys.com\/sk\/wp-json\/wp\/v2\/media\/30774"}],"wp:attachment":[{"href":"https:\/\/chacrys.com\/sk\/wp-json\/wp\/v2\/media?parent=31334"}],"wp:term":[{"taxonomy":"product_brand","embeddable":true,"href":"https:\/\/chacrys.com\/sk\/wp-json\/wp\/v2\/product_brand?post=31334"},{"taxonomy":"product_cat","embeddable":true,"href":"https:\/\/chacrys.com\/sk\/wp-json\/wp\/v2\/product_cat?post=31334"},{"taxonomy":"product_tag","embeddable":true,"href":"https:\/\/chacrys.com\/sk\/wp-json\/wp\/v2\/product_tag?post=31334"}],"curies":[{"name":"wp","href":"https:\/\/api.w.org\/{rel}","templated":true}]}}