{"id":33607,"date":"2025-07-06T16:34:38","date_gmt":"2025-07-06T16:34:38","guid":{"rendered":"https:\/\/chacrys.com\/krystaly\/krystal-chryzokol-vyznam-prinosy-liecive-vlastnosti-a-sposob-pouzitia\/"},"modified":"2025-07-06T16:34:38","modified_gmt":"2025-07-06T16:34:38","slug":"krystal-chryzokol-vyznam-prinosy-liecive-vlastnosti-a-sposob-pouzitia","status":"publish","type":"page","link":"https:\/\/chacrys.com\/sk\/krystaly\/krystal-chryzokol-vyznam-prinosy-liecive-vlastnosti-a-sposob-pouzitia\/","title":{"rendered":"Kry\u0161t\u00e1l chryzokol &#8211; v\u00fdznam, pr\u00ednosy, lie\u010div\u00e9 vlastnosti a sp\u00f4sob pou\u017eitia"},"content":{"rendered":"<h2 style=\"font-size:28px\">\u010co je chryzokol?<\/h2>\n<div style=\"font-size:22px\">Predstavte si p\u00fa\u0161tne \u00fatesy po zriedkav\u00fdch da\u017e\u010foch &#8211; smaragdov\u00e9 pot\u00f4\u010diky rozr\u00e1\u017eaj\u00face hrdzav\u00fa skalu. Z t\u00fdchto \u0161kv\u0155n bohat\u00fdch na me\u010f, ktor\u00e9 zvetr\u00e1vali po tis\u00edcro\u010dia, sa nakoniec stane chryzokol. Technicky je to hydratovan\u00fd kremi\u010ditan medi, ktor\u00fd sa \u010dasto mie\u0161a s malachitom, kreme\u0148om, dokonca aj s dr\u00fazov\u00fdmi kapsami, ktor\u00e9 sa leskn\u00fa ako cukor. Na Mohsovej stupnici m\u00e1 hodnotu 2\u00bd-3\u00bd, ale jeho p\u00f4vab je hmatate\u013en\u00fd; povrch m\u00f4\u017ee v z\u00e1vislosti od obsahu oxidu kremi\u010dit\u00e9ho pripom\u00edna\u0165 le\u0161ten\u00fa vaje\u010dn\u00fa \u0161krupinu alebo zrnit\u00fd pieskovec. Starovek\u00ed perzsk\u00ed kov\u00e1\u010di ho br\u00fasili do sp\u00e1jkovacieho tavidla, ale modern\u00ed h\u013eada\u010di oce\u0148uj\u00fa neporu\u0161en\u00e9 dosky, ktor\u00e9 vyzeraj\u00fa ako satelitn\u00e9 fotografie tropick\u00fdch lag\u00fan.    <\/div>\n<h2 style=\"font-size:28px\">V\u00fdhody chryzokolu<\/h2>\n<div style=\"font-size:22px\">Praktizuj\u00faci siahaj\u00fa po chryzokolle, ke\u010f sa hlasy chvej\u00fa alebo em\u00f3cie vrie pr\u00edli\u0161 bl\u00edzko v\u00fdbuchu. Hl\u00e1sen\u00e9 \u00fa\u010dinky: zmiernenie sebakritiky, stabilnej\u0161ia kadencia hrdla a ochota vyrovna\u0165 sa s nepr\u00edjemn\u00fdmi pocitmi namiesto toho, aby sa zabet\u00f3novali. Niektor\u00ed si v\u0161imli, \u017ee tvoriv\u00e9 bloky sa zmen\u0161uj\u00fa &#8211; slov\u00e1 kvapkaj\u00fa namiesto toho, aby sa upch\u00e1vali. Z energetick\u00e9ho h\u013eadiska mnoh\u00ed sp\u00e1jaj\u00fa kame\u0148 s koregul\u00e1ciou srdca a hrdla, tak\u017ee ospravedlnenia s\u00fa menej krehk\u00e9 a pochvaly dopadaj\u00fa bez nepr\u00edjemn\u00fdch ozvien. Tieto dojmy poch\u00e1dzaj\u00fa zo za\u017eitej praxe, nie z odborn\u00e9ho hodnotenia; pri chronick\u00fdch konfliktoch sa oprite o kvalifikovan\u00e9 poradenstvo.    <\/div>\n<h2 style=\"font-size:28px\"><span data-sheets-root=\"1\">Ako pou\u017e\u00edva\u0165 chryzokol?<\/span><\/h2>\n<div style=\"font-size:22px\">Po\u010das hor\u00facich diskusi\u00ed majte na dosah kame\u0148 z dlane; trite jeho chladn\u00fd povrch a pred ka\u017edou odpove\u010fou po\u010d\u00edtajte \u0161tyri n\u00e1dychy. Spisovatelia si m\u00f4\u017eu prilepi\u0165 obl\u00e1tku na vn\u00fatorn\u00fa stranu obalu zo\u0161ita &#8211; pri ka\u017edom oto\u010den\u00ed str\u00e1nky sa roz\u017eiari morsk\u00e1 modr\u00e1, \u010do je sign\u00e1l, aby pr\u00f3za bola sk\u00f4r pr\u00edlivov\u00e1 ne\u017e prehraden\u00e1. Do puzdra na gitaru zasu\u0148te rozbit\u00fd kamienok; jeho vodn\u00fd odtie\u0148 pripom\u00edna interpretom, aby nechali noty pr\u00fadi\u0165, nie sa vali\u0165. Vynechajte elix\u00edry na drahokamy &#8211; me\u010f sa m\u00f4\u017ee vyl\u00fahova\u0165. Namiesto toho polo\u017ete kame\u0148 na noc ved\u013ea poh\u00e1ra s vodou, vypite vodu a po\u010fakujte placebu za tich\u00e9 postr\u010denie.    <\/div>\n<h2 style=\"font-size:28px\">Lie\u010div\u00e9 vlastnosti chryzokolu<\/h2>\n<div style=\"font-size:22px\">Farebn\u00fd kruh: teal, robin-egg, jungle-patch black; \u010dasto pavu\u010dina s malachitom alebo kupritom. Chemick\u00e9 zlo\u017eenie: (Cu,Al)\u2082H\u2082Si\u2082O\u2085(OH)\u2084-nH\u2082O. Miesta narodenia: \u017dily v peru\u00e1nskej p\u00fa\u0161ti, meden\u00e9 jamy v Arizone, izraelsk\u00e9 kamenn\u00e9 \u0161achty v Eilate. Vibr\u00e1cie: artikulovan\u00e1 empatia, pr\u00edlivov\u00e9 uvo\u013enenie, pru\u017en\u00e9 brnenie.   <\/div>\n<h2 style=\"font-size:28px\"><span data-sheets-root=\"1\">\u010cistenie a \u00fadr\u017eba Chrysocolla<\/span><\/h2>\n<div style=\"font-size:22px\">Voda je vhodn\u00e1 na r\u00fdchle opl\u00e1chnutie, ale pri dlh\u0161om nam\u00e1\u010dan\u00ed hroz\u00ed riziko vzniku jamiek. Osu\u0161te ho a potom ho polo\u017ete na such\u00fa bazalku, aby ste odv\u00e1dzali zvy\u0161ky vlhkosti. Slne\u010dn\u00e9 svetlo vybledne na \u017eiariv\u00fdch modr\u00fdch odtie\u0148och; vyberte si nab\u00edjanie za \u00fasvitu. Ak chcete vy\u010disti\u0165 \u0165a\u017ek\u00e9 em\u00f3cie, polo\u017ete ho na zvoniaci zvon\u010dek na jeden refr\u00e9n &#8211; kovov\u00e1 rezonancia uvo\u013en\u00ed nap\u00e4tie. Skladujte jednotlivo zabalen\u00e9; tvrd\u0161ie \u00falomky kreme\u0148a m\u00f4\u017eu vyry\u0165 ryhy.    <\/div>\n","protected":false},"excerpt":{"rendered":"<p>\u010co je chryzokol? Predstavte si p\u00fa\u0161tne \u00fatesy po zriedkav\u00fdch da\u017e\u010foch &#8211; smaragdov\u00e9 pot\u00f4\u010diky rozr\u00e1\u017eaj\u00face hrdzav\u00fa skalu. Z t\u00fdchto \u0161kv\u0155n bohat\u00fdch<\/p>\n","protected":false},"author":1,"featured_media":0,"parent":33021,"menu_order":0,"comment_status":"closed","ping_status":"closed","template":"","meta":{"footnotes":""},"class_list":["post-33607","page","type-page","status-publish","hentry"],"yoast_head":"<!-- This site is optimized with the Yoast SEO plugin v27.4 - https:\/\/yoast.com\/product\/yoast-seo-wordpress\/ -->\n<title>Kry\u0161t\u00e1l chryzokol - v\u00fdznam, pr\u00ednosy, lie\u010div\u00e9 vlastnosti a sp\u00f4sob pou\u017eitia - Chacrys<\/title>\n<meta name=\"robots\" content=\"index, follow, max-snippet:-1, max-image-preview:large, max-video-preview:-1\" \/>\n<link rel=\"canonical\" href=\"https:\/\/chacrys.com\/sk\/krystaly\/krystal-chryzokol-vyznam-prinosy-liecive-vlastnosti-a-sposob-pouzitia\/\" \/>\n<meta property=\"og:locale\" content=\"sk_SK\" \/>\n<meta property=\"og:type\" content=\"article\" \/>\n<meta property=\"og:title\" content=\"Kry\u0161t\u00e1l chryzokol - v\u00fdznam, pr\u00ednosy, lie\u010div\u00e9 vlastnosti a sp\u00f4sob pou\u017eitia - Chacrys\" \/>\n<meta property=\"og:description\" content=\"\u010co je chryzokol? Predstavte si p\u00fa\u0161tne \u00fatesy po zriedkav\u00fdch da\u017e\u010foch &#8211; smaragdov\u00e9 pot\u00f4\u010diky rozr\u00e1\u017eaj\u00face hrdzav\u00fa skalu. Z t\u00fdchto \u0161kv\u0155n bohat\u00fdch\" \/>\n<meta property=\"og:url\" content=\"https:\/\/chacrys.com\/sk\/krystaly\/krystal-chryzokol-vyznam-prinosy-liecive-vlastnosti-a-sposob-pouzitia\/\" \/>\n<meta property=\"og:site_name\" content=\"Chacrys\" \/>\n<meta property=\"article:publisher\" content=\"https:\/\/www.facebook.com\/chacryscrystal\" \/>\n<meta name=\"twitter:card\" content=\"summary_large_image\" \/>\n<meta name=\"twitter:label1\" content=\"Predpokladan\u00fd \u010das \u010d\u00edtania\" \/>\n\t<meta name=\"twitter:data1\" content=\"3 min\u00faty\" \/>\n<script type=\"application\/ld+json\" class=\"yoast-schema-graph\">{\"@context\":\"https:\\\/\\\/schema.org\",\"@graph\":[{\"@type\":\"WebPage\",\"@id\":\"https:\\\/\\\/chacrys.com\\\/sk\\\/krystaly\\\/krystal-chryzokol-vyznam-prinosy-liecive-vlastnosti-a-sposob-pouzitia\\\/\",\"url\":\"https:\\\/\\\/chacrys.com\\\/sk\\\/krystaly\\\/krystal-chryzokol-vyznam-prinosy-liecive-vlastnosti-a-sposob-pouzitia\\\/\",\"name\":\"Kry\u0161t\u00e1l chryzokol - v\u00fdznam, pr\u00ednosy, lie\u010div\u00e9 vlastnosti a sp\u00f4sob pou\u017eitia - Chacrys\",\"isPartOf\":{\"@id\":\"https:\\\/\\\/chacrys.com\\\/sk\\\/#website\"},\"datePublished\":\"2025-07-06T16:34:38+00:00\",\"breadcrumb\":{\"@id\":\"https:\\\/\\\/chacrys.com\\\/sk\\\/krystaly\\\/krystal-chryzokol-vyznam-prinosy-liecive-vlastnosti-a-sposob-pouzitia\\\/#breadcrumb\"},\"inLanguage\":\"sk-SK\",\"potentialAction\":[{\"@type\":\"ReadAction\",\"target\":[\"https:\\\/\\\/chacrys.com\\\/sk\\\/krystaly\\\/krystal-chryzokol-vyznam-prinosy-liecive-vlastnosti-a-sposob-pouzitia\\\/\"]}]},{\"@type\":\"BreadcrumbList\",\"@id\":\"https:\\\/\\\/chacrys.com\\\/sk\\\/krystaly\\\/krystal-chryzokol-vyznam-prinosy-liecive-vlastnosti-a-sposob-pouzitia\\\/#breadcrumb\",\"itemListElement\":[{\"@type\":\"ListItem\",\"position\":1,\"name\":\"Home\",\"item\":\"https:\\\/\\\/chacrys.com\\\/sk\\\/\"},{\"@type\":\"ListItem\",\"position\":2,\"name\":\"Kry\u0161t\u00e1ly\",\"item\":\"https:\\\/\\\/chacrys.com\\\/sk\\\/krystaly\\\/\"},{\"@type\":\"ListItem\",\"position\":3,\"name\":\"Kry\u0161t\u00e1l chryzokol &#8211; v\u00fdznam, pr\u00ednosy, lie\u010div\u00e9 vlastnosti a sp\u00f4sob pou\u017eitia\"}]},{\"@type\":\"WebSite\",\"@id\":\"https:\\\/\\\/chacrys.com\\\/sk\\\/#website\",\"url\":\"https:\\\/\\\/chacrys.com\\\/sk\\\/\",\"name\":\"Chacrys\",\"description\":\"Chacrys\",\"publisher\":{\"@id\":\"https:\\\/\\\/chacrys.com\\\/sk\\\/#organization\"},\"potentialAction\":[{\"@type\":\"SearchAction\",\"target\":{\"@type\":\"EntryPoint\",\"urlTemplate\":\"https:\\\/\\\/chacrys.com\\\/sk\\\/?s={search_term_string}\"},\"query-input\":{\"@type\":\"PropertyValueSpecification\",\"valueRequired\":true,\"valueName\":\"search_term_string\"}}],\"inLanguage\":\"sk-SK\"},{\"@type\":\"Organization\",\"@id\":\"https:\\\/\\\/chacrys.com\\\/sk\\\/#organization\",\"name\":\"Chacrys\",\"url\":\"https:\\\/\\\/chacrys.com\\\/sk\\\/\",\"logo\":{\"@type\":\"ImageObject\",\"inLanguage\":\"sk-SK\",\"@id\":\"https:\\\/\\\/chacrys.com\\\/sk\\\/#\\\/schema\\\/logo\\\/image\\\/\",\"url\":\"https:\\\/\\\/chacrys.com\\\/wp-content\\\/uploads\\\/2024\\\/11\\\/cropped-FRANJULIA-6.png\",\"contentUrl\":\"https:\\\/\\\/chacrys.com\\\/wp-content\\\/uploads\\\/2024\\\/11\\\/cropped-FRANJULIA-6.png\",\"width\":512,\"height\":512,\"caption\":\"Chacrys\"},\"image\":{\"@id\":\"https:\\\/\\\/chacrys.com\\\/sk\\\/#\\\/schema\\\/logo\\\/image\\\/\"},\"sameAs\":[\"https:\\\/\\\/www.facebook.com\\\/chacryscrystal\",\"https:\\\/\\\/www.instagram.com\\\/chacrys\\\/\",\"https:\\\/\\\/www.pinterest.com\\\/chacryscrystalbed\\\/\",\"https:\\\/\\\/www.youtube.com\\\/@chacrysofficial9667\"]}]}<\/script>\n<!-- \/ Yoast SEO plugin. -->","yoast_head_json":{"title":"Kry\u0161t\u00e1l chryzokol - v\u00fdznam, pr\u00ednosy, lie\u010div\u00e9 vlastnosti a sp\u00f4sob pou\u017eitia - Chacrys","robots":{"index":"index","follow":"follow","max-snippet":"max-snippet:-1","max-image-preview":"max-image-preview:large","max-video-preview":"max-video-preview:-1"},"canonical":"https:\/\/chacrys.com\/sk\/krystaly\/krystal-chryzokol-vyznam-prinosy-liecive-vlastnosti-a-sposob-pouzitia\/","og_locale":"sk_SK","og_type":"article","og_title":"Kry\u0161t\u00e1l chryzokol - v\u00fdznam, pr\u00ednosy, lie\u010div\u00e9 vlastnosti a sp\u00f4sob pou\u017eitia - Chacrys","og_description":"\u010co je chryzokol? Predstavte si p\u00fa\u0161tne \u00fatesy po zriedkav\u00fdch da\u017e\u010foch &#8211; smaragdov\u00e9 pot\u00f4\u010diky rozr\u00e1\u017eaj\u00face hrdzav\u00fa skalu. Z t\u00fdchto \u0161kv\u0155n bohat\u00fdch","og_url":"https:\/\/chacrys.com\/sk\/krystaly\/krystal-chryzokol-vyznam-prinosy-liecive-vlastnosti-a-sposob-pouzitia\/","og_site_name":"Chacrys","article_publisher":"https:\/\/www.facebook.com\/chacryscrystal","twitter_card":"summary_large_image","twitter_misc":{"Predpokladan\u00fd \u010das \u010d\u00edtania":"3 min\u00faty"},"schema":{"@context":"https:\/\/schema.org","@graph":[{"@type":"WebPage","@id":"https:\/\/chacrys.com\/sk\/krystaly\/krystal-chryzokol-vyznam-prinosy-liecive-vlastnosti-a-sposob-pouzitia\/","url":"https:\/\/chacrys.com\/sk\/krystaly\/krystal-chryzokol-vyznam-prinosy-liecive-vlastnosti-a-sposob-pouzitia\/","name":"Kry\u0161t\u00e1l chryzokol - v\u00fdznam, pr\u00ednosy, lie\u010div\u00e9 vlastnosti a sp\u00f4sob pou\u017eitia - Chacrys","isPartOf":{"@id":"https:\/\/chacrys.com\/sk\/#website"},"datePublished":"2025-07-06T16:34:38+00:00","breadcrumb":{"@id":"https:\/\/chacrys.com\/sk\/krystaly\/krystal-chryzokol-vyznam-prinosy-liecive-vlastnosti-a-sposob-pouzitia\/#breadcrumb"},"inLanguage":"sk-SK","potentialAction":[{"@type":"ReadAction","target":["https:\/\/chacrys.com\/sk\/krystaly\/krystal-chryzokol-vyznam-prinosy-liecive-vlastnosti-a-sposob-pouzitia\/"]}]},{"@type":"BreadcrumbList","@id":"https:\/\/chacrys.com\/sk\/krystaly\/krystal-chryzokol-vyznam-prinosy-liecive-vlastnosti-a-sposob-pouzitia\/#breadcrumb","itemListElement":[{"@type":"ListItem","position":1,"name":"Home","item":"https:\/\/chacrys.com\/sk\/"},{"@type":"ListItem","position":2,"name":"Kry\u0161t\u00e1ly","item":"https:\/\/chacrys.com\/sk\/krystaly\/"},{"@type":"ListItem","position":3,"name":"Kry\u0161t\u00e1l chryzokol &#8211; v\u00fdznam, pr\u00ednosy, lie\u010div\u00e9 vlastnosti a sp\u00f4sob pou\u017eitia"}]},{"@type":"WebSite","@id":"https:\/\/chacrys.com\/sk\/#website","url":"https:\/\/chacrys.com\/sk\/","name":"Chacrys","description":"Chacrys","publisher":{"@id":"https:\/\/chacrys.com\/sk\/#organization"},"potentialAction":[{"@type":"SearchAction","target":{"@type":"EntryPoint","urlTemplate":"https:\/\/chacrys.com\/sk\/?s={search_term_string}"},"query-input":{"@type":"PropertyValueSpecification","valueRequired":true,"valueName":"search_term_string"}}],"inLanguage":"sk-SK"},{"@type":"Organization","@id":"https:\/\/chacrys.com\/sk\/#organization","name":"Chacrys","url":"https:\/\/chacrys.com\/sk\/","logo":{"@type":"ImageObject","inLanguage":"sk-SK","@id":"https:\/\/chacrys.com\/sk\/#\/schema\/logo\/image\/","url":"https:\/\/chacrys.com\/wp-content\/uploads\/2024\/11\/cropped-FRANJULIA-6.png","contentUrl":"https:\/\/chacrys.com\/wp-content\/uploads\/2024\/11\/cropped-FRANJULIA-6.png","width":512,"height":512,"caption":"Chacrys"},"image":{"@id":"https:\/\/chacrys.com\/sk\/#\/schema\/logo\/image\/"},"sameAs":["https:\/\/www.facebook.com\/chacryscrystal","https:\/\/www.instagram.com\/chacrys\/","https:\/\/www.pinterest.com\/chacryscrystalbed\/","https:\/\/www.youtube.com\/@chacrysofficial9667"]}]}},"_links":{"self":[{"href":"https:\/\/chacrys.com\/sk\/wp-json\/wp\/v2\/pages\/33607","targetHints":{"allow":["GET"]}}],"collection":[{"href":"https:\/\/chacrys.com\/sk\/wp-json\/wp\/v2\/pages"}],"about":[{"href":"https:\/\/chacrys.com\/sk\/wp-json\/wp\/v2\/types\/page"}],"author":[{"embeddable":true,"href":"https:\/\/chacrys.com\/sk\/wp-json\/wp\/v2\/users\/1"}],"replies":[{"embeddable":true,"href":"https:\/\/chacrys.com\/sk\/wp-json\/wp\/v2\/comments?post=33607"}],"version-history":[{"count":0,"href":"https:\/\/chacrys.com\/sk\/wp-json\/wp\/v2\/pages\/33607\/revisions"}],"up":[{"embeddable":true,"href":"https:\/\/chacrys.com\/sk\/wp-json\/wp\/v2\/pages\/33021"}],"wp:attachment":[{"href":"https:\/\/chacrys.com\/sk\/wp-json\/wp\/v2\/media?parent=33607"}],"curies":[{"name":"wp","href":"https:\/\/api.w.org\/{rel}","templated":true}]}}