{"id":33483,"date":"2025-07-06T16:34:38","date_gmt":"2025-07-06T16:34:38","guid":{"rendered":"https:\/\/chacrys.com\/krystaly\/citrin-vyznam-vyhody-liecive-vlastnosti-a-sposob-pouzitia\/"},"modified":"2025-07-06T16:34:38","modified_gmt":"2025-07-06T16:34:38","slug":"citrin-vyznam-vyhody-liecive-vlastnosti-a-sposob-pouzitia","status":"publish","type":"page","link":"https:\/\/chacrys.com\/sk\/krystaly\/citrin-vyznam-vyhody-liecive-vlastnosti-a-sposob-pouzitia\/","title":{"rendered":"Citr\u00edn &#8211; v\u00fdznam, v\u00fdhody, lie\u010div\u00e9 vlastnosti a sp\u00f4sob pou\u017eitia"},"content":{"rendered":"<h2 style=\"font-size:28px\">\u010co je citr\u00edn?<\/h2>\n<div style=\"font-size:22px\">Keby sa neskor\u00e9 popolud\u0148aj\u0161ie slne\u010dn\u00e9 svetlo skry\u0161talizovalo, pripom\u00ednalo by pr\u00edrodn\u00fd citr\u00edn &#8211; med, jant\u00e1r a ope\u010den\u00fd cukor, ktor\u00e9 sa sp\u00e1jaj\u00fa v prieh\u013eadnom kremeni. Prav\u00fd citr\u00edn vznik\u00e1, ke\u010f sa stopy \u017eeleza v kremeni zape\u010d\u00fa pod vplyvom geologick\u00e9ho tepla, hoci v\u00e4\u010d\u0161ina ponuky na trhu je tepelne upraven\u00fd ametyst. Ak chcete rozpozna\u0165 prav\u00fd citr\u00edn, h\u013eadajte dymov\u00e9 t\u00f3ny a odstup\u0148ovan\u00fa farbu. Na Mohsovej stupnici m\u00e1 pevn\u00fd stupe\u0148 7 a je pripraven\u00fd na ka\u017edodenn\u00e9 jazdenie po vreck\u00e1ch.   <\/div>\n<h2 style=\"font-size:28px\">V\u00fdhody citr\u00ednu<\/h2>\n<div style=\"font-size:22px\">\u0160t\u00fadiov\u00e1 vinetka: Pracovn\u00ed\u010dka grafick\u00e9ho dizajnu na vo\u013enej nohe, ktor\u00fa tr\u00e9nujem, si na korkov\u00fa n\u00e1stenku pripevnila surov\u00fd citr\u00edn. Nazvala ho &#8222;magnetom na fakt\u00fary&#8220; &#8211; kedyko\u013evek v\u00e1hala, \u010di m\u00e1 posla\u0165 cenu, tepl\u00fd z\u00e1blesk drahokamu jej dodal sebad\u00f4veru. V priebehu \u0161tvr\u0165roka sa jej po\u010det oneskoren\u00fdch platieb zn\u00ed\u017eil o polovicu; \u010di u\u017e i\u0161lo o korel\u00e1ciu alebo nie, ritu\u00e1l splnil pr\u00edjmy. Okrem pe\u0148az\u00ed pou\u017e\u00edvatelia citr\u00ednu hovoria o zlep\u0161en\u00ed n\u00e1lady po\u010das sez\u00f3nnej pochm\u00farnosti, tvorivom el\u00e1ne pri dlh\u00fdch projektoch a jemnej pripomienke, \u017ee ve\u013ekorysos\u0165 a seba\u00facta m\u00f4\u017eu existova\u0165 s\u00fa\u010dasne. Berte ho ako in\u0161pir\u00e1ciu, nie ako n\u00e1hradu zodpovedn\u00e9ho pl\u00e1novania.    <\/div>\n<h2 style=\"font-size:28px\"><span data-sheets-root=\"1\">Ako pou\u017e\u00edva\u0165 citr\u00edn?<\/span><\/h2>\n<div style=\"font-size:22px\">V bl\u00edzkosti aplik\u00e1cie na zostavovanie rozpo\u010dtu majte bod; pred ka\u017ed\u00fdm z\u00e1znamom o v\u00fddavkoch sa dotknite jeho \u0161pi\u010dky, aby ste si zakotvili z\u00e1mern\u00e9 v\u00fddavky. Po\u010das t\u00edmov\u00fdch prezent\u00e1ci\u00ed si do vrecka vlo\u017ete tromlovan\u00fd kame\u0148 &#8211; hmatov\u00e9 teplo v\u00e1m u\u013eah\u010d\u00ed autentick\u00fd \u00fasmev. Pek\u00e1ri rozmiestnia okolo kysn\u00faceho cesta lupienky citr\u00ednu; zlatist\u00e1 \u017eiara pripom\u00edna zachyten\u00e9 teplo kvasn\u00edc a povzbudzuje k trpezlivosti. Vyhnite sa vodn\u00fdm elix\u00edrom na upraven\u00e9 kamene &#8211; kry\u0161t\u00e1ly zafarben\u00e9 teplom m\u00f4\u017eu vyl\u00fahova\u0165 \u010diasto\u010dky farbiva.   <\/div>\n<h2 style=\"font-size:28px\">Lie\u010div\u00e9 vlastnosti citr\u00ednu<\/h2>\n<div style=\"font-size:22px\">Paleta: bled\u00e9 \u0161ampansk\u00e9, tmav\u00e9 madeirov\u00e9 v\u00edno, ob\u010dasn\u00fd dymov\u00fd n\u00e1dych. Ch\u00e9mia: SiO\u2082 plus Fe\u00b3\u207a. Hor\u00face miesta: Rio Grande do Sul v Braz\u00edlii, koryt\u00e1 riek na Madagaskare, zambijsk\u00e9 \u017euly. T\u00e9my: \u017eiariv\u00e1 sebad\u00f4vera, pragmatick\u00e1 rados\u0165, s\u00fastreden\u00e1 hojnos\u0165.   <\/div>\n<h2 style=\"font-size:28px\"><span data-sheets-root=\"1\">\u010cistenie a \u00fadr\u017eba citr\u00ednu<\/span><\/h2>\n<div style=\"font-size:22px\">Opl\u00e1chnite ich vo vla\u017enej vode a osu\u0161te. Na slnku sa opa\u013eujte len kr\u00e1tko; prav\u00fd citr\u00edn je stabiln\u00fd, ale farben\u00e9 kamene m\u00f4\u017eu vybledn\u00fa\u0165. Nabite drahokam polo\u017een\u00edm na misku s nevarenou ry\u017eou pri rannom svetle &#8211; ry\u017ea absorbuje okolit\u00fa vlhkos\u0165 a drobn\u00e9 povrchov\u00e9 oleje. Skladujte ho zabalen\u00fd v hodv\u00e1be, aby mu in\u00e9 kremenn\u00e9 body nezni\u010dili lesk.   <\/div>\n","protected":false},"excerpt":{"rendered":"<p>\u010co je citr\u00edn? Keby sa neskor\u00e9 popolud\u0148aj\u0161ie slne\u010dn\u00e9 svetlo skry\u0161talizovalo, pripom\u00ednalo by pr\u00edrodn\u00fd citr\u00edn &#8211; med, jant\u00e1r a ope\u010den\u00fd cukor,<\/p>\n","protected":false},"author":1,"featured_media":0,"parent":33021,"menu_order":0,"comment_status":"closed","ping_status":"closed","template":"","meta":{"footnotes":""},"class_list":["post-33483","page","type-page","status-publish","hentry"],"yoast_head":"<!-- This site is optimized with the Yoast SEO plugin v27.4 - https:\/\/yoast.com\/product\/yoast-seo-wordpress\/ -->\n<title>Citr\u00edn - v\u00fdznam, v\u00fdhody, lie\u010div\u00e9 vlastnosti a sp\u00f4sob pou\u017eitia - Chacrys<\/title>\n<meta name=\"robots\" content=\"index, follow, max-snippet:-1, max-image-preview:large, max-video-preview:-1\" \/>\n<link rel=\"canonical\" href=\"https:\/\/chacrys.com\/sk\/krystaly\/citrin-vyznam-vyhody-liecive-vlastnosti-a-sposob-pouzitia\/\" \/>\n<meta property=\"og:locale\" content=\"sk_SK\" \/>\n<meta property=\"og:type\" content=\"article\" \/>\n<meta property=\"og:title\" content=\"Citr\u00edn - v\u00fdznam, v\u00fdhody, lie\u010div\u00e9 vlastnosti a sp\u00f4sob pou\u017eitia - Chacrys\" \/>\n<meta property=\"og:description\" content=\"\u010co je citr\u00edn? Keby sa neskor\u00e9 popolud\u0148aj\u0161ie slne\u010dn\u00e9 svetlo skry\u0161talizovalo, pripom\u00ednalo by pr\u00edrodn\u00fd citr\u00edn &#8211; med, jant\u00e1r a ope\u010den\u00fd cukor,\" \/>\n<meta property=\"og:url\" content=\"https:\/\/chacrys.com\/sk\/krystaly\/citrin-vyznam-vyhody-liecive-vlastnosti-a-sposob-pouzitia\/\" \/>\n<meta property=\"og:site_name\" content=\"Chacrys\" \/>\n<meta property=\"article:publisher\" content=\"https:\/\/www.facebook.com\/chacryscrystal\" \/>\n<meta name=\"twitter:card\" content=\"summary_large_image\" \/>\n<meta name=\"twitter:label1\" content=\"Predpokladan\u00fd \u010das \u010d\u00edtania\" \/>\n\t<meta name=\"twitter:data1\" content=\"2 min\u00faty\" \/>\n<script type=\"application\/ld+json\" class=\"yoast-schema-graph\">{\"@context\":\"https:\\\/\\\/schema.org\",\"@graph\":[{\"@type\":\"WebPage\",\"@id\":\"https:\\\/\\\/chacrys.com\\\/sk\\\/krystaly\\\/citrin-vyznam-vyhody-liecive-vlastnosti-a-sposob-pouzitia\\\/\",\"url\":\"https:\\\/\\\/chacrys.com\\\/sk\\\/krystaly\\\/citrin-vyznam-vyhody-liecive-vlastnosti-a-sposob-pouzitia\\\/\",\"name\":\"Citr\u00edn - v\u00fdznam, v\u00fdhody, lie\u010div\u00e9 vlastnosti a sp\u00f4sob pou\u017eitia - Chacrys\",\"isPartOf\":{\"@id\":\"https:\\\/\\\/chacrys.com\\\/sk\\\/#website\"},\"datePublished\":\"2025-07-06T16:34:38+00:00\",\"breadcrumb\":{\"@id\":\"https:\\\/\\\/chacrys.com\\\/sk\\\/krystaly\\\/citrin-vyznam-vyhody-liecive-vlastnosti-a-sposob-pouzitia\\\/#breadcrumb\"},\"inLanguage\":\"sk-SK\",\"potentialAction\":[{\"@type\":\"ReadAction\",\"target\":[\"https:\\\/\\\/chacrys.com\\\/sk\\\/krystaly\\\/citrin-vyznam-vyhody-liecive-vlastnosti-a-sposob-pouzitia\\\/\"]}]},{\"@type\":\"BreadcrumbList\",\"@id\":\"https:\\\/\\\/chacrys.com\\\/sk\\\/krystaly\\\/citrin-vyznam-vyhody-liecive-vlastnosti-a-sposob-pouzitia\\\/#breadcrumb\",\"itemListElement\":[{\"@type\":\"ListItem\",\"position\":1,\"name\":\"Home\",\"item\":\"https:\\\/\\\/chacrys.com\\\/sk\\\/\"},{\"@type\":\"ListItem\",\"position\":2,\"name\":\"Kry\u0161t\u00e1ly\",\"item\":\"https:\\\/\\\/chacrys.com\\\/sk\\\/krystaly\\\/\"},{\"@type\":\"ListItem\",\"position\":3,\"name\":\"Citr\u00edn &#8211; v\u00fdznam, v\u00fdhody, lie\u010div\u00e9 vlastnosti a sp\u00f4sob pou\u017eitia\"}]},{\"@type\":\"WebSite\",\"@id\":\"https:\\\/\\\/chacrys.com\\\/sk\\\/#website\",\"url\":\"https:\\\/\\\/chacrys.com\\\/sk\\\/\",\"name\":\"Chacrys\",\"description\":\"Chacrys\",\"publisher\":{\"@id\":\"https:\\\/\\\/chacrys.com\\\/sk\\\/#organization\"},\"potentialAction\":[{\"@type\":\"SearchAction\",\"target\":{\"@type\":\"EntryPoint\",\"urlTemplate\":\"https:\\\/\\\/chacrys.com\\\/sk\\\/?s={search_term_string}\"},\"query-input\":{\"@type\":\"PropertyValueSpecification\",\"valueRequired\":true,\"valueName\":\"search_term_string\"}}],\"inLanguage\":\"sk-SK\"},{\"@type\":\"Organization\",\"@id\":\"https:\\\/\\\/chacrys.com\\\/sk\\\/#organization\",\"name\":\"Chacrys\",\"url\":\"https:\\\/\\\/chacrys.com\\\/sk\\\/\",\"logo\":{\"@type\":\"ImageObject\",\"inLanguage\":\"sk-SK\",\"@id\":\"https:\\\/\\\/chacrys.com\\\/sk\\\/#\\\/schema\\\/logo\\\/image\\\/\",\"url\":\"https:\\\/\\\/chacrys.com\\\/wp-content\\\/uploads\\\/2024\\\/11\\\/cropped-FRANJULIA-6.png\",\"contentUrl\":\"https:\\\/\\\/chacrys.com\\\/wp-content\\\/uploads\\\/2024\\\/11\\\/cropped-FRANJULIA-6.png\",\"width\":512,\"height\":512,\"caption\":\"Chacrys\"},\"image\":{\"@id\":\"https:\\\/\\\/chacrys.com\\\/sk\\\/#\\\/schema\\\/logo\\\/image\\\/\"},\"sameAs\":[\"https:\\\/\\\/www.facebook.com\\\/chacryscrystal\",\"https:\\\/\\\/www.instagram.com\\\/chacrys\\\/\",\"https:\\\/\\\/www.pinterest.com\\\/chacryscrystalbed\\\/\",\"https:\\\/\\\/www.youtube.com\\\/@chacrysofficial9667\"]}]}<\/script>\n<!-- \/ Yoast SEO plugin. -->","yoast_head_json":{"title":"Citr\u00edn - v\u00fdznam, v\u00fdhody, lie\u010div\u00e9 vlastnosti a sp\u00f4sob pou\u017eitia - Chacrys","robots":{"index":"index","follow":"follow","max-snippet":"max-snippet:-1","max-image-preview":"max-image-preview:large","max-video-preview":"max-video-preview:-1"},"canonical":"https:\/\/chacrys.com\/sk\/krystaly\/citrin-vyznam-vyhody-liecive-vlastnosti-a-sposob-pouzitia\/","og_locale":"sk_SK","og_type":"article","og_title":"Citr\u00edn - v\u00fdznam, v\u00fdhody, lie\u010div\u00e9 vlastnosti a sp\u00f4sob pou\u017eitia - Chacrys","og_description":"\u010co je citr\u00edn? Keby sa neskor\u00e9 popolud\u0148aj\u0161ie slne\u010dn\u00e9 svetlo skry\u0161talizovalo, pripom\u00ednalo by pr\u00edrodn\u00fd citr\u00edn &#8211; med, jant\u00e1r a ope\u010den\u00fd cukor,","og_url":"https:\/\/chacrys.com\/sk\/krystaly\/citrin-vyznam-vyhody-liecive-vlastnosti-a-sposob-pouzitia\/","og_site_name":"Chacrys","article_publisher":"https:\/\/www.facebook.com\/chacryscrystal","twitter_card":"summary_large_image","twitter_misc":{"Predpokladan\u00fd \u010das \u010d\u00edtania":"2 min\u00faty"},"schema":{"@context":"https:\/\/schema.org","@graph":[{"@type":"WebPage","@id":"https:\/\/chacrys.com\/sk\/krystaly\/citrin-vyznam-vyhody-liecive-vlastnosti-a-sposob-pouzitia\/","url":"https:\/\/chacrys.com\/sk\/krystaly\/citrin-vyznam-vyhody-liecive-vlastnosti-a-sposob-pouzitia\/","name":"Citr\u00edn - v\u00fdznam, v\u00fdhody, lie\u010div\u00e9 vlastnosti a sp\u00f4sob pou\u017eitia - Chacrys","isPartOf":{"@id":"https:\/\/chacrys.com\/sk\/#website"},"datePublished":"2025-07-06T16:34:38+00:00","breadcrumb":{"@id":"https:\/\/chacrys.com\/sk\/krystaly\/citrin-vyznam-vyhody-liecive-vlastnosti-a-sposob-pouzitia\/#breadcrumb"},"inLanguage":"sk-SK","potentialAction":[{"@type":"ReadAction","target":["https:\/\/chacrys.com\/sk\/krystaly\/citrin-vyznam-vyhody-liecive-vlastnosti-a-sposob-pouzitia\/"]}]},{"@type":"BreadcrumbList","@id":"https:\/\/chacrys.com\/sk\/krystaly\/citrin-vyznam-vyhody-liecive-vlastnosti-a-sposob-pouzitia\/#breadcrumb","itemListElement":[{"@type":"ListItem","position":1,"name":"Home","item":"https:\/\/chacrys.com\/sk\/"},{"@type":"ListItem","position":2,"name":"Kry\u0161t\u00e1ly","item":"https:\/\/chacrys.com\/sk\/krystaly\/"},{"@type":"ListItem","position":3,"name":"Citr\u00edn &#8211; v\u00fdznam, v\u00fdhody, lie\u010div\u00e9 vlastnosti a sp\u00f4sob pou\u017eitia"}]},{"@type":"WebSite","@id":"https:\/\/chacrys.com\/sk\/#website","url":"https:\/\/chacrys.com\/sk\/","name":"Chacrys","description":"Chacrys","publisher":{"@id":"https:\/\/chacrys.com\/sk\/#organization"},"potentialAction":[{"@type":"SearchAction","target":{"@type":"EntryPoint","urlTemplate":"https:\/\/chacrys.com\/sk\/?s={search_term_string}"},"query-input":{"@type":"PropertyValueSpecification","valueRequired":true,"valueName":"search_term_string"}}],"inLanguage":"sk-SK"},{"@type":"Organization","@id":"https:\/\/chacrys.com\/sk\/#organization","name":"Chacrys","url":"https:\/\/chacrys.com\/sk\/","logo":{"@type":"ImageObject","inLanguage":"sk-SK","@id":"https:\/\/chacrys.com\/sk\/#\/schema\/logo\/image\/","url":"https:\/\/chacrys.com\/wp-content\/uploads\/2024\/11\/cropped-FRANJULIA-6.png","contentUrl":"https:\/\/chacrys.com\/wp-content\/uploads\/2024\/11\/cropped-FRANJULIA-6.png","width":512,"height":512,"caption":"Chacrys"},"image":{"@id":"https:\/\/chacrys.com\/sk\/#\/schema\/logo\/image\/"},"sameAs":["https:\/\/www.facebook.com\/chacryscrystal","https:\/\/www.instagram.com\/chacrys\/","https:\/\/www.pinterest.com\/chacryscrystalbed\/","https:\/\/www.youtube.com\/@chacrysofficial9667"]}]}},"_links":{"self":[{"href":"https:\/\/chacrys.com\/sk\/wp-json\/wp\/v2\/pages\/33483","targetHints":{"allow":["GET"]}}],"collection":[{"href":"https:\/\/chacrys.com\/sk\/wp-json\/wp\/v2\/pages"}],"about":[{"href":"https:\/\/chacrys.com\/sk\/wp-json\/wp\/v2\/types\/page"}],"author":[{"embeddable":true,"href":"https:\/\/chacrys.com\/sk\/wp-json\/wp\/v2\/users\/1"}],"replies":[{"embeddable":true,"href":"https:\/\/chacrys.com\/sk\/wp-json\/wp\/v2\/comments?post=33483"}],"version-history":[{"count":0,"href":"https:\/\/chacrys.com\/sk\/wp-json\/wp\/v2\/pages\/33483\/revisions"}],"up":[{"embeddable":true,"href":"https:\/\/chacrys.com\/sk\/wp-json\/wp\/v2\/pages\/33021"}],"wp:attachment":[{"href":"https:\/\/chacrys.com\/sk\/wp-json\/wp\/v2\/media?parent=33483"}],"curies":[{"name":"wp","href":"https:\/\/api.w.org\/{rel}","templated":true}]}}