{"id":33286,"date":"2024-12-11T13:05:59","date_gmt":"2024-12-11T13:05:59","guid":{"rendered":"https:\/\/chacrys.com\/vycvik-krystalov-vogel\/"},"modified":"2025-06-23T12:54:27","modified_gmt":"2025-06-23T12:54:27","slug":"vycvik-krystalov-vogel","status":"publish","type":"page","link":"https:\/\/chacrys.com\/sk\/vycvik-krystalov-vogel\/","title":{"rendered":"V\u00fdcvik kry\u0161t\u00e1lov Vogel"},"content":{"rendered":"\t\t<div data-elementor-type=\"wp-page\" data-elementor-id=\"33286\" class=\"elementor elementor-33286 elementor-31789\">\n\t\t\t\t<div class=\"wd-negative-gap elementor-element elementor-element-bde5d14 e-flex e-con-boxed e-con e-parent\" data-id=\"bde5d14\" data-element_type=\"container\" data-e-type=\"container\">\n\t\t\t\t\t<div class=\"e-con-inner\">\n\t\t<div class=\"elementor-element elementor-element-b544fe1 e-con-full e-flex e-con e-child\" data-id=\"b544fe1\" data-element_type=\"container\" data-e-type=\"container\">\n\t\t\t\t<div class=\"elementor-element elementor-element-f80315e elementor-widget elementor-widget-wd_text_block\" data-id=\"f80315e\" data-element_type=\"widget\" data-e-type=\"widget\" data-widget_type=\"wd_text_block.default\">\n\t\t\t\t<div class=\"elementor-widget-container\">\n\t\t\t\t\t\t\t<div class=\"wd-text-block reset-last-child text-left\">\n\t\t\t\n\t\t\t<h1 class=\"sc-hOGkXu NrNIR pf-6_\" data-pf-type=\"Heading\"><span class=\"sc-gyElHZ fxaypC pf-8_\" data-pf-type=\"Text\">\u0160kolenie Vogel: Ovl\u00e1dnite umenie zosil\u0148ovania energie a lie\u010denia kry\u0161t\u00e1lmi  <\/span><\/h1><p class=\"sc-FNXRL jGHEAN pf-9_\" data-pf-type=\"Paragraph\"><span class=\"sc-gyElHZ fxaypC pf-11_\" data-pf-type=\"Text\">Spozn\u00e1vanie kry\u0161t\u00e1lov Vogel je zauj\u00edmavou cestou do oblasti lie\u010denia kry\u0161t\u00e1lmi a transform\u00e1cie energie. Tieto n\u00e1dhern\u00e9 kry\u0161t\u00e1ly kreme\u0148a, pomenovan\u00e9 po svojom tvorcovi Marcelovi Vogelovi, maj\u00fa jedine\u010dn\u00e9 vlastnosti, v\u010faka ktor\u00fdm s\u00fa ve\u013emi vyh\u013ead\u00e1van\u00e9 v duchovn\u00fdch a metafyzick\u00fdch praktik\u00e1ch. Pochopenie umenia pr\u00e1ce s kry\u0161t\u00e1lmi Vogel zah\u0155\u0148a preniknutie do ich presn\u00e9ho fazetovania, ktor\u00e9 zosil\u0148uje a s\u00fastre\u010fuje energiu na lie\u010debn\u00e9 \u00fa\u010dely. Pozn\u00e1van\u00edm kry\u0161t\u00e1lov Vogel m\u00f4\u017eu jednotlivci presk\u00fama\u0165 ich potenci\u00e1l na posilnenie intu\u00edcie, podporu rovnov\u00e1hy a u\u013eah\u010denie duchovn\u00e9ho rastu. Prostredn\u00edctvom \u0161t\u00fadia ich hist\u00f3rie, vlastnost\u00ed a praktick\u00e9ho vyu\u017eitia m\u00f4\u017ee \u010dlovek odhali\u0165 svet vedomost\u00ed, ktor\u00e9 mu umo\u017enia vyu\u017e\u00edva\u0165 transforma\u010dn\u00e9 energie t\u00fdchto pozoruhodn\u00fdch kry\u0161t\u00e1lov.    <\/span><\/p>\n\t\t\t\t\t<\/div>\n\t\t\t\t\t\t<\/div>\n\t\t\t\t<\/div>\n\t\t\t\t<div class=\"elementor-element elementor-element-07a6b93 elementor-widget elementor-widget-button\" data-id=\"07a6b93\" data-element_type=\"widget\" data-e-type=\"widget\" data-widget_type=\"button.default\">\n\t\t\t\t<div class=\"elementor-widget-container\">\n\t\t\t\t\t\t\t\t\t<div class=\"elementor-button-wrapper\">\n\t\t\t\t\t<a class=\"elementor-button elementor-button-link elementor-size-sm\" href=\"https:\/\/drive.google.com\/file\/d\/1AhdnHCqftRhJQ4iMPiP6_vUFUsG1K7Jl\/view?usp=drive_link\">\n\t\t\t\t\t\t<span class=\"elementor-button-content-wrapper\">\n\t\t\t\t\t\t\t\t\t<span class=\"elementor-button-text\">STIAHNU\u0164 PDF<\/span>\n\t\t\t\t\t<\/span>\n\t\t\t\t\t<\/a>\n\t\t\t\t<\/div>\n\t\t\t\t\t\t\t\t<\/div>\n\t\t\t\t<\/div>\n\t\t\t\t<div class=\"elementor-element elementor-element-1d76f9d elementor-widget elementor-widget-spacer\" data-id=\"1d76f9d\" data-element_type=\"widget\" data-e-type=\"widget\" data-widget_type=\"spacer.default\">\n\t\t\t\t<div class=\"elementor-widget-container\">\n\t\t\t\t\t\t\t<div class=\"elementor-spacer\">\n\t\t\t<div class=\"elementor-spacer-inner\"><\/div>\n\t\t<\/div>\n\t\t\t\t\t\t<\/div>\n\t\t\t\t<\/div>\n\t\t\t\t<\/div>\n\t\t<div class=\"elementor-element elementor-element-5752915 e-con-full e-flex e-con e-child\" data-id=\"5752915\" data-element_type=\"container\" data-e-type=\"container\">\n\t\t\t\t<div class=\"elementor-element elementor-element-51af0d3 elementor-widget elementor-widget-image\" data-id=\"51af0d3\" data-element_type=\"widget\" data-e-type=\"widget\" data-widget_type=\"image.default\">\n\t\t\t\t<div class=\"elementor-widget-container\">\n\t\t\t\t\t\t\t\t\t\t\t\t\t\t\t<img decoding=\"async\" width=\"211\" height=\"300\" src=\"https:\/\/chacrys.com\/wp-content\/uploads\/2024\/12\/screenshot_349-1684678688875.png-211x300.webp\" class=\"attachment-medium size-medium wp-image-31796\" alt=\"vogelov kry\u0161t\u00e1lov\u00fd zo\u0161it\" srcset=\"https:\/\/chacrys.com\/wp-content\/uploads\/2024\/12\/screenshot_349-1684678688875.png-211x300.webp 211w, https:\/\/chacrys.com\/wp-content\/uploads\/2024\/12\/screenshot_349-1684678688875.png-430x612.webp 430w, https:\/\/chacrys.com\/wp-content\/uploads\/2024\/12\/screenshot_349-1684678688875.png-150x214.webp 150w, https:\/\/chacrys.com\/wp-content\/uploads\/2024\/12\/screenshot_349-1684678688875.png.webp 550w\" sizes=\"(max-width: 211px) 100vw, 211px\" \/>\t\t\t\t\t\t\t\t\t\t\t\t\t\t\t<\/div>\n\t\t\t\t<\/div>\n\t\t\t\t<\/div>\n\t\t\t\t\t<\/div>\n\t\t\t\t<\/div>\n\t\t<div class=\"wd-negative-gap elementor-element elementor-element-3989e73 e-grid e-con-boxed e-con e-parent\" data-id=\"3989e73\" data-element_type=\"container\" data-e-type=\"container\">\n\t\t\t\t\t<div class=\"e-con-inner\">\n\t\t\t\t<div class=\"elementor-element elementor-element-60c624a elementor-widget elementor-widget-video\" data-id=\"60c624a\" data-element_type=\"widget\" data-e-type=\"widget\" data-settings=\"{&quot;youtube_url&quot;:&quot;https:\\\/\\\/youtu.be\\\/EoyqIrsahJw&quot;,&quot;video_type&quot;:&quot;youtube&quot;,&quot;controls&quot;:&quot;yes&quot;}\" data-widget_type=\"video.default\">\n\t\t\t\t<div class=\"elementor-widget-container\">\n\t\t\t\t\t\t\t<div class=\"elementor-wrapper elementor-open-inline\">\n\t\t\t<div class=\"elementor-video\"><\/div>\t\t<\/div>\n\t\t\t\t\t\t<\/div>\n\t\t\t\t<\/div>\n\t\t\t\t<div class=\"elementor-element elementor-element-5686fde elementor-widget elementor-widget-video\" data-id=\"5686fde\" data-element_type=\"widget\" data-e-type=\"widget\" data-settings=\"{&quot;youtube_url&quot;:&quot;https:\\\/\\\/youtu.be\\\/w-jxBCCEyvc&quot;,&quot;video_type&quot;:&quot;youtube&quot;,&quot;controls&quot;:&quot;yes&quot;}\" data-widget_type=\"video.default\">\n\t\t\t\t<div class=\"elementor-widget-container\">\n\t\t\t\t\t\t\t<div class=\"elementor-wrapper elementor-open-inline\">\n\t\t\t<div class=\"elementor-video\"><\/div>\t\t<\/div>\n\t\t\t\t\t\t<\/div>\n\t\t\t\t<\/div>\n\t\t\t\t<div class=\"elementor-element elementor-element-5abb20d elementor-widget elementor-widget-video\" data-id=\"5abb20d\" data-element_type=\"widget\" data-e-type=\"widget\" data-settings=\"{&quot;youtube_url&quot;:&quot;https:\\\/\\\/youtu.be\\\/iKKhn36CQKI&quot;,&quot;video_type&quot;:&quot;youtube&quot;,&quot;controls&quot;:&quot;yes&quot;}\" data-widget_type=\"video.default\">\n\t\t\t\t<div class=\"elementor-widget-container\">\n\t\t\t\t\t\t\t<div class=\"elementor-wrapper elementor-open-inline\">\n\t\t\t<div class=\"elementor-video\"><\/div>\t\t<\/div>\n\t\t\t\t\t\t<\/div>\n\t\t\t\t<\/div>\n\t\t\t\t\t<\/div>\n\t\t\t\t<\/div>\n\t\t<div class=\"wd-negative-gap elementor-element elementor-element-270338c e-grid e-con-boxed e-con e-parent\" data-id=\"270338c\" data-element_type=\"container\" data-e-type=\"container\">\n\t\t\t\t\t<div class=\"e-con-inner\">\n\t\t\t\t<div class=\"elementor-element elementor-element-8c1b232 elementor-widget elementor-widget-video\" data-id=\"8c1b232\" data-element_type=\"widget\" data-e-type=\"widget\" data-settings=\"{&quot;youtube_url&quot;:&quot;https:\\\/\\\/youtu.be\\\/ASjTfGY92Ys&quot;,&quot;video_type&quot;:&quot;youtube&quot;,&quot;controls&quot;:&quot;yes&quot;}\" data-widget_type=\"video.default\">\n\t\t\t\t<div class=\"elementor-widget-container\">\n\t\t\t\t\t\t\t<div class=\"elementor-wrapper elementor-open-inline\">\n\t\t\t<div class=\"elementor-video\"><\/div>\t\t<\/div>\n\t\t\t\t\t\t<\/div>\n\t\t\t\t<\/div>\n\t\t\t\t<div class=\"elementor-element elementor-element-9dd7a14 elementor-widget elementor-widget-video\" data-id=\"9dd7a14\" data-element_type=\"widget\" data-e-type=\"widget\" data-settings=\"{&quot;youtube_url&quot;:&quot;https:\\\/\\\/youtu.be\\\/btYiS_xWycM&quot;,&quot;video_type&quot;:&quot;youtube&quot;,&quot;controls&quot;:&quot;yes&quot;}\" data-widget_type=\"video.default\">\n\t\t\t\t<div class=\"elementor-widget-container\">\n\t\t\t\t\t\t\t<div class=\"elementor-wrapper elementor-open-inline\">\n\t\t\t<div class=\"elementor-video\"><\/div>\t\t<\/div>\n\t\t\t\t\t\t<\/div>\n\t\t\t\t<\/div>\n\t\t\t\t<div class=\"elementor-element elementor-element-b1e3768 elementor-widget elementor-widget-video\" data-id=\"b1e3768\" data-element_type=\"widget\" data-e-type=\"widget\" data-settings=\"{&quot;youtube_url&quot;:&quot;https:\\\/\\\/youtu.be\\\/hsBb1IcMqSc&quot;,&quot;video_type&quot;:&quot;youtube&quot;,&quot;controls&quot;:&quot;yes&quot;}\" data-widget_type=\"video.default\">\n\t\t\t\t<div class=\"elementor-widget-container\">\n\t\t\t\t\t\t\t<div class=\"elementor-wrapper elementor-open-inline\">\n\t\t\t<div class=\"elementor-video\"><\/div>\t\t<\/div>\n\t\t\t\t\t\t<\/div>\n\t\t\t\t<\/div>\n\t\t\t\t\t<\/div>\n\t\t\t\t<\/div>\n\t\t<div class=\"wd-negative-gap elementor-element elementor-element-2f422de e-grid e-con-boxed e-con e-parent\" data-id=\"2f422de\" data-element_type=\"container\" data-e-type=\"container\">\n\t\t\t\t\t<div class=\"e-con-inner\">\n\t\t\t\t<div class=\"elementor-element elementor-element-78bc2d5 elementor-widget elementor-widget-video\" data-id=\"78bc2d5\" data-element_type=\"widget\" data-e-type=\"widget\" data-settings=\"{&quot;youtube_url&quot;:&quot;https:\\\/\\\/youtu.be\\\/W9QsrcqdzuU&quot;,&quot;video_type&quot;:&quot;youtube&quot;,&quot;controls&quot;:&quot;yes&quot;}\" data-widget_type=\"video.default\">\n\t\t\t\t<div class=\"elementor-widget-container\">\n\t\t\t\t\t\t\t<div class=\"elementor-wrapper elementor-open-inline\">\n\t\t\t<div class=\"elementor-video\"><\/div>\t\t<\/div>\n\t\t\t\t\t\t<\/div>\n\t\t\t\t<\/div>\n\t\t\t\t<div class=\"elementor-element elementor-element-a3e0d61 elementor-widget elementor-widget-video\" data-id=\"a3e0d61\" data-element_type=\"widget\" data-e-type=\"widget\" data-settings=\"{&quot;youtube_url&quot;:&quot;https:\\\/\\\/youtu.be\\\/qryIzIY3uWI&quot;,&quot;video_type&quot;:&quot;youtube&quot;,&quot;controls&quot;:&quot;yes&quot;}\" data-widget_type=\"video.default\">\n\t\t\t\t<div class=\"elementor-widget-container\">\n\t\t\t\t\t\t\t<div class=\"elementor-wrapper elementor-open-inline\">\n\t\t\t<div class=\"elementor-video\"><\/div>\t\t<\/div>\n\t\t\t\t\t\t<\/div>\n\t\t\t\t<\/div>\n\t\t\t\t<div class=\"elementor-element elementor-element-f0989fd elementor-widget elementor-widget-video\" data-id=\"f0989fd\" data-element_type=\"widget\" data-e-type=\"widget\" data-settings=\"{&quot;youtube_url&quot;:&quot;https:\\\/\\\/youtu.be\\\/X6SexwBH9G0&quot;,&quot;video_type&quot;:&quot;youtube&quot;,&quot;controls&quot;:&quot;yes&quot;}\" data-widget_type=\"video.default\">\n\t\t\t\t<div class=\"elementor-widget-container\">\n\t\t\t\t\t\t\t<div class=\"elementor-wrapper elementor-open-inline\">\n\t\t\t<div class=\"elementor-video\"><\/div>\t\t<\/div>\n\t\t\t\t\t\t<\/div>\n\t\t\t\t<\/div>\n\t\t\t\t\t<\/div>\n\t\t\t\t<\/div>\n\t\t<div class=\"wd-negative-gap elementor-element elementor-element-9450b4e e-grid e-con-boxed e-con e-parent\" data-id=\"9450b4e\" data-element_type=\"container\" data-e-type=\"container\">\n\t\t\t\t\t<div class=\"e-con-inner\">\n\t\t\t\t<div class=\"elementor-element elementor-element-bc295cd elementor-widget elementor-widget-video\" data-id=\"bc295cd\" data-element_type=\"widget\" data-e-type=\"widget\" data-settings=\"{&quot;youtube_url&quot;:&quot;https:\\\/\\\/youtu.be\\\/x_GpHfwccmE&quot;,&quot;video_type&quot;:&quot;youtube&quot;,&quot;controls&quot;:&quot;yes&quot;}\" data-widget_type=\"video.default\">\n\t\t\t\t<div class=\"elementor-widget-container\">\n\t\t\t\t\t\t\t<div class=\"elementor-wrapper elementor-open-inline\">\n\t\t\t<div class=\"elementor-video\"><\/div>\t\t<\/div>\n\t\t\t\t\t\t<\/div>\n\t\t\t\t<\/div>\n\t\t\t\t<div class=\"elementor-element elementor-element-b78800d elementor-widget elementor-widget-video\" data-id=\"b78800d\" data-element_type=\"widget\" data-e-type=\"widget\" data-settings=\"{&quot;youtube_url&quot;:&quot;https:\\\/\\\/youtu.be\\\/a0dFmFjpGBg&quot;,&quot;video_type&quot;:&quot;youtube&quot;,&quot;controls&quot;:&quot;yes&quot;}\" data-widget_type=\"video.default\">\n\t\t\t\t<div class=\"elementor-widget-container\">\n\t\t\t\t\t\t\t<div class=\"elementor-wrapper elementor-open-inline\">\n\t\t\t<div class=\"elementor-video\"><\/div>\t\t<\/div>\n\t\t\t\t\t\t<\/div>\n\t\t\t\t<\/div>\n\t\t\t\t<div class=\"elementor-element elementor-element-66099fc elementor-widget elementor-widget-video\" data-id=\"66099fc\" data-element_type=\"widget\" data-e-type=\"widget\" data-settings=\"{&quot;youtube_url&quot;:&quot;https:\\\/\\\/youtu.be\\\/rgNww4KLD4Y&quot;,&quot;video_type&quot;:&quot;youtube&quot;,&quot;controls&quot;:&quot;yes&quot;}\" data-widget_type=\"video.default\">\n\t\t\t\t<div class=\"elementor-widget-container\">\n\t\t\t\t\t\t\t<div class=\"elementor-wrapper elementor-open-inline\">\n\t\t\t<div class=\"elementor-video\"><\/div>\t\t<\/div>\n\t\t\t\t\t\t<\/div>\n\t\t\t\t<\/div>\n\t\t\t\t\t<\/div>\n\t\t\t\t<\/div>\n\t\t\t\t<\/div>\n\t\t","protected":false},"excerpt":{"rendered":"<p>\u0160kolenie Vogel: Ovl\u00e1dnite umenie zosil\u0148ovania energie a lie\u010denia kry\u0161t\u00e1lmi Spozn\u00e1vanie kry\u0161t\u00e1lov Vogel je zauj\u00edmavou cestou do oblasti lie\u010denia kry\u0161t\u00e1lmi a<\/p>\n","protected":false},"author":1,"featured_media":0,"parent":0,"menu_order":0,"comment_status":"closed","ping_status":"closed","template":"","meta":{"footnotes":""},"class_list":["post-33286","page","type-page","status-publish","hentry"],"yoast_head":"<!-- This site is optimized with the Yoast SEO plugin v27.3 - https:\/\/yoast.com\/product\/yoast-seo-wordpress\/ -->\n<title>\u0160kolenie Vogel | Nau\u010dte sa pou\u017e\u00edva\u0165 kry\u0161t\u00e1ly Vogel na lie\u010denie<\/title>\n<meta name=\"description\" content=\"Pridajte sa k Chacrysovmu \u0161koleniu Vogel a osvojte si pou\u017e\u00edvanie Vogelov\u00fdch kry\u0161t\u00e1lov na zosilnenie energie a lie\u010denie. Nau\u010dte sa odborn\u00e9 techniky pre duchovn\u00fa pohodu.\" \/>\n<meta name=\"robots\" content=\"index, follow, max-snippet:-1, max-image-preview:large, max-video-preview:-1\" \/>\n<link rel=\"canonical\" href=\"https:\/\/chacrys.com\/sk\/vycvik-krystalov-vogel\/\" \/>\n<meta property=\"og:locale\" content=\"sk_SK\" \/>\n<meta property=\"og:type\" content=\"article\" \/>\n<meta property=\"og:title\" content=\"\u0160kolenie Vogel | Nau\u010dte sa pou\u017e\u00edva\u0165 kry\u0161t\u00e1ly Vogel na lie\u010denie\" \/>\n<meta property=\"og:description\" content=\"Pridajte sa k Chacrysovmu \u0161koleniu Vogel a osvojte si pou\u017e\u00edvanie Vogelov\u00fdch kry\u0161t\u00e1lov na zosilnenie energie a lie\u010denie. Nau\u010dte sa odborn\u00e9 techniky pre duchovn\u00fa pohodu.\" \/>\n<meta property=\"og:url\" content=\"https:\/\/chacrys.com\/sk\/vycvik-krystalov-vogel\/\" \/>\n<meta property=\"og:site_name\" content=\"Chacrys\" \/>\n<meta property=\"article:publisher\" content=\"https:\/\/www.facebook.com\/chacryscrystal\" \/>\n<meta property=\"article:modified_time\" content=\"2025-06-23T12:54:27+00:00\" \/>\n<meta property=\"og:image\" content=\"https:\/\/chacrys.com\/wp-content\/uploads\/2024\/12\/screenshot_349-1684678688875.png-211x300.webp\" \/>\n<meta name=\"twitter:card\" content=\"summary_large_image\" \/>\n<meta name=\"twitter:label1\" content=\"Predpokladan\u00fd \u010das \u010d\u00edtania\" \/>\n\t<meta name=\"twitter:data1\" content=\"1 min\u00fata\" \/>\n<script type=\"application\/ld+json\" class=\"yoast-schema-graph\">{\"@context\":\"https:\\\/\\\/schema.org\",\"@graph\":[{\"@type\":\"WebPage\",\"@id\":\"https:\\\/\\\/chacrys.com\\\/sk\\\/vycvik-krystalov-vogel\\\/\",\"url\":\"https:\\\/\\\/chacrys.com\\\/sk\\\/vycvik-krystalov-vogel\\\/\",\"name\":\"\u0160kolenie Vogel | Nau\u010dte sa pou\u017e\u00edva\u0165 kry\u0161t\u00e1ly Vogel na lie\u010denie\",\"isPartOf\":{\"@id\":\"https:\\\/\\\/chacrys.com\\\/sk\\\/#website\"},\"primaryImageOfPage\":{\"@id\":\"https:\\\/\\\/chacrys.com\\\/sk\\\/vycvik-krystalov-vogel\\\/#primaryimage\"},\"image\":{\"@id\":\"https:\\\/\\\/chacrys.com\\\/sk\\\/vycvik-krystalov-vogel\\\/#primaryimage\"},\"thumbnailUrl\":\"https:\\\/\\\/chacrys.com\\\/wp-content\\\/uploads\\\/2024\\\/12\\\/screenshot_349-1684678688875.png-211x300.webp\",\"datePublished\":\"2024-12-11T13:05:59+00:00\",\"dateModified\":\"2025-06-23T12:54:27+00:00\",\"description\":\"Pridajte sa k Chacrysovmu \u0161koleniu Vogel a osvojte si pou\u017e\u00edvanie Vogelov\u00fdch kry\u0161t\u00e1lov na zosilnenie energie a lie\u010denie. Nau\u010dte sa odborn\u00e9 techniky pre duchovn\u00fa pohodu.\",\"breadcrumb\":{\"@id\":\"https:\\\/\\\/chacrys.com\\\/sk\\\/vycvik-krystalov-vogel\\\/#breadcrumb\"},\"inLanguage\":\"sk-SK\",\"potentialAction\":[{\"@type\":\"ReadAction\",\"target\":[\"https:\\\/\\\/chacrys.com\\\/sk\\\/vycvik-krystalov-vogel\\\/\"]}]},{\"@type\":\"ImageObject\",\"inLanguage\":\"sk-SK\",\"@id\":\"https:\\\/\\\/chacrys.com\\\/sk\\\/vycvik-krystalov-vogel\\\/#primaryimage\",\"url\":\"https:\\\/\\\/chacrys.com\\\/wp-content\\\/uploads\\\/2024\\\/12\\\/screenshot_349-1684678688875.png-211x300.webp\",\"contentUrl\":\"https:\\\/\\\/chacrys.com\\\/wp-content\\\/uploads\\\/2024\\\/12\\\/screenshot_349-1684678688875.png-211x300.webp\"},{\"@type\":\"BreadcrumbList\",\"@id\":\"https:\\\/\\\/chacrys.com\\\/sk\\\/vycvik-krystalov-vogel\\\/#breadcrumb\",\"itemListElement\":[{\"@type\":\"ListItem\",\"position\":1,\"name\":\"Home\",\"item\":\"https:\\\/\\\/chacrys.com\\\/sk\\\/\"},{\"@type\":\"ListItem\",\"position\":2,\"name\":\"V\u00fdcvik kry\u0161t\u00e1lov Vogel\"}]},{\"@type\":\"WebSite\",\"@id\":\"https:\\\/\\\/chacrys.com\\\/sk\\\/#website\",\"url\":\"https:\\\/\\\/chacrys.com\\\/sk\\\/\",\"name\":\"Chacrys\",\"description\":\"Chacrys\",\"publisher\":{\"@id\":\"https:\\\/\\\/chacrys.com\\\/sk\\\/#organization\"},\"potentialAction\":[{\"@type\":\"SearchAction\",\"target\":{\"@type\":\"EntryPoint\",\"urlTemplate\":\"https:\\\/\\\/chacrys.com\\\/sk\\\/?s={search_term_string}\"},\"query-input\":{\"@type\":\"PropertyValueSpecification\",\"valueRequired\":true,\"valueName\":\"search_term_string\"}}],\"inLanguage\":\"sk-SK\"},{\"@type\":\"Organization\",\"@id\":\"https:\\\/\\\/chacrys.com\\\/sk\\\/#organization\",\"name\":\"Chacrys\",\"url\":\"https:\\\/\\\/chacrys.com\\\/sk\\\/\",\"logo\":{\"@type\":\"ImageObject\",\"inLanguage\":\"sk-SK\",\"@id\":\"https:\\\/\\\/chacrys.com\\\/sk\\\/#\\\/schema\\\/logo\\\/image\\\/\",\"url\":\"https:\\\/\\\/chacrys.com\\\/wp-content\\\/uploads\\\/2024\\\/11\\\/cropped-FRANJULIA-6.png\",\"contentUrl\":\"https:\\\/\\\/chacrys.com\\\/wp-content\\\/uploads\\\/2024\\\/11\\\/cropped-FRANJULIA-6.png\",\"width\":512,\"height\":512,\"caption\":\"Chacrys\"},\"image\":{\"@id\":\"https:\\\/\\\/chacrys.com\\\/sk\\\/#\\\/schema\\\/logo\\\/image\\\/\"},\"sameAs\":[\"https:\\\/\\\/www.facebook.com\\\/chacryscrystal\",\"https:\\\/\\\/www.instagram.com\\\/chacrys\\\/\",\"https:\\\/\\\/www.pinterest.com\\\/chacryscrystalbed\\\/\",\"https:\\\/\\\/www.youtube.com\\\/@chacrysofficial9667\"]}]}<\/script>\n<!-- \/ Yoast SEO plugin. -->","yoast_head_json":{"title":"\u0160kolenie Vogel | Nau\u010dte sa pou\u017e\u00edva\u0165 kry\u0161t\u00e1ly Vogel na lie\u010denie","description":"Pridajte sa k Chacrysovmu \u0161koleniu Vogel a osvojte si pou\u017e\u00edvanie Vogelov\u00fdch kry\u0161t\u00e1lov na zosilnenie energie a lie\u010denie. Nau\u010dte sa odborn\u00e9 techniky pre duchovn\u00fa pohodu.","robots":{"index":"index","follow":"follow","max-snippet":"max-snippet:-1","max-image-preview":"max-image-preview:large","max-video-preview":"max-video-preview:-1"},"canonical":"https:\/\/chacrys.com\/sk\/vycvik-krystalov-vogel\/","og_locale":"sk_SK","og_type":"article","og_title":"\u0160kolenie Vogel | Nau\u010dte sa pou\u017e\u00edva\u0165 kry\u0161t\u00e1ly Vogel na lie\u010denie","og_description":"Pridajte sa k Chacrysovmu \u0161koleniu Vogel a osvojte si pou\u017e\u00edvanie Vogelov\u00fdch kry\u0161t\u00e1lov na zosilnenie energie a lie\u010denie. Nau\u010dte sa odborn\u00e9 techniky pre duchovn\u00fa pohodu.","og_url":"https:\/\/chacrys.com\/sk\/vycvik-krystalov-vogel\/","og_site_name":"Chacrys","article_publisher":"https:\/\/www.facebook.com\/chacryscrystal","article_modified_time":"2025-06-23T12:54:27+00:00","og_image":[{"url":"https:\/\/chacrys.com\/wp-content\/uploads\/2024\/12\/screenshot_349-1684678688875.png-211x300.webp","type":"","width":"","height":""}],"twitter_card":"summary_large_image","twitter_misc":{"Predpokladan\u00fd \u010das \u010d\u00edtania":"1 min\u00fata"},"schema":{"@context":"https:\/\/schema.org","@graph":[{"@type":"WebPage","@id":"https:\/\/chacrys.com\/sk\/vycvik-krystalov-vogel\/","url":"https:\/\/chacrys.com\/sk\/vycvik-krystalov-vogel\/","name":"\u0160kolenie Vogel | Nau\u010dte sa pou\u017e\u00edva\u0165 kry\u0161t\u00e1ly Vogel na lie\u010denie","isPartOf":{"@id":"https:\/\/chacrys.com\/sk\/#website"},"primaryImageOfPage":{"@id":"https:\/\/chacrys.com\/sk\/vycvik-krystalov-vogel\/#primaryimage"},"image":{"@id":"https:\/\/chacrys.com\/sk\/vycvik-krystalov-vogel\/#primaryimage"},"thumbnailUrl":"https:\/\/chacrys.com\/wp-content\/uploads\/2024\/12\/screenshot_349-1684678688875.png-211x300.webp","datePublished":"2024-12-11T13:05:59+00:00","dateModified":"2025-06-23T12:54:27+00:00","description":"Pridajte sa k Chacrysovmu \u0161koleniu Vogel a osvojte si pou\u017e\u00edvanie Vogelov\u00fdch kry\u0161t\u00e1lov na zosilnenie energie a lie\u010denie. Nau\u010dte sa odborn\u00e9 techniky pre duchovn\u00fa pohodu.","breadcrumb":{"@id":"https:\/\/chacrys.com\/sk\/vycvik-krystalov-vogel\/#breadcrumb"},"inLanguage":"sk-SK","potentialAction":[{"@type":"ReadAction","target":["https:\/\/chacrys.com\/sk\/vycvik-krystalov-vogel\/"]}]},{"@type":"ImageObject","inLanguage":"sk-SK","@id":"https:\/\/chacrys.com\/sk\/vycvik-krystalov-vogel\/#primaryimage","url":"https:\/\/chacrys.com\/wp-content\/uploads\/2024\/12\/screenshot_349-1684678688875.png-211x300.webp","contentUrl":"https:\/\/chacrys.com\/wp-content\/uploads\/2024\/12\/screenshot_349-1684678688875.png-211x300.webp"},{"@type":"BreadcrumbList","@id":"https:\/\/chacrys.com\/sk\/vycvik-krystalov-vogel\/#breadcrumb","itemListElement":[{"@type":"ListItem","position":1,"name":"Home","item":"https:\/\/chacrys.com\/sk\/"},{"@type":"ListItem","position":2,"name":"V\u00fdcvik kry\u0161t\u00e1lov Vogel"}]},{"@type":"WebSite","@id":"https:\/\/chacrys.com\/sk\/#website","url":"https:\/\/chacrys.com\/sk\/","name":"Chacrys","description":"Chacrys","publisher":{"@id":"https:\/\/chacrys.com\/sk\/#organization"},"potentialAction":[{"@type":"SearchAction","target":{"@type":"EntryPoint","urlTemplate":"https:\/\/chacrys.com\/sk\/?s={search_term_string}"},"query-input":{"@type":"PropertyValueSpecification","valueRequired":true,"valueName":"search_term_string"}}],"inLanguage":"sk-SK"},{"@type":"Organization","@id":"https:\/\/chacrys.com\/sk\/#organization","name":"Chacrys","url":"https:\/\/chacrys.com\/sk\/","logo":{"@type":"ImageObject","inLanguage":"sk-SK","@id":"https:\/\/chacrys.com\/sk\/#\/schema\/logo\/image\/","url":"https:\/\/chacrys.com\/wp-content\/uploads\/2024\/11\/cropped-FRANJULIA-6.png","contentUrl":"https:\/\/chacrys.com\/wp-content\/uploads\/2024\/11\/cropped-FRANJULIA-6.png","width":512,"height":512,"caption":"Chacrys"},"image":{"@id":"https:\/\/chacrys.com\/sk\/#\/schema\/logo\/image\/"},"sameAs":["https:\/\/www.facebook.com\/chacryscrystal","https:\/\/www.instagram.com\/chacrys\/","https:\/\/www.pinterest.com\/chacryscrystalbed\/","https:\/\/www.youtube.com\/@chacrysofficial9667"]}]}},"_links":{"self":[{"href":"https:\/\/chacrys.com\/sk\/wp-json\/wp\/v2\/pages\/33286","targetHints":{"allow":["GET"]}}],"collection":[{"href":"https:\/\/chacrys.com\/sk\/wp-json\/wp\/v2\/pages"}],"about":[{"href":"https:\/\/chacrys.com\/sk\/wp-json\/wp\/v2\/types\/page"}],"author":[{"embeddable":true,"href":"https:\/\/chacrys.com\/sk\/wp-json\/wp\/v2\/users\/1"}],"replies":[{"embeddable":true,"href":"https:\/\/chacrys.com\/sk\/wp-json\/wp\/v2\/comments?post=33286"}],"version-history":[{"count":1,"href":"https:\/\/chacrys.com\/sk\/wp-json\/wp\/v2\/pages\/33286\/revisions"}],"predecessor-version":[{"id":33291,"href":"https:\/\/chacrys.com\/sk\/wp-json\/wp\/v2\/pages\/33286\/revisions\/33291"}],"wp:attachment":[{"href":"https:\/\/chacrys.com\/sk\/wp-json\/wp\/v2\/media?parent=33286"}],"curies":[{"name":"wp","href":"https:\/\/api.w.org\/{rel}","templated":true}]}}