{"id":33063,"date":"2025-07-06T16:32:53","date_gmt":"2025-07-06T16:32:53","guid":{"rendered":"https:\/\/chacrys.com\/krystaly\/krystal-amazonit-vyznam-vyhody-liecive-vlastnosti-a-sposob-pouzitia\/"},"modified":"2026-02-10T11:13:15","modified_gmt":"2026-02-10T10:13:15","slug":"krystal-amazonit-vyznam-vyhody-liecive-vlastnosti-a-sposob-pouzitia","status":"publish","type":"page","link":"https:\/\/chacrys.com\/sk\/krystaly\/krystal-amazonit-vyznam-vyhody-liecive-vlastnosti-a-sposob-pouzitia\/","title":{"rendered":"Amazonit Crystal V\u00fdznam, v\u00fdhody, lie\u010div\u00e9 vlastnosti a ako pou\u017e\u00edva\u0165"},"content":{"rendered":"<h2 style=\"font-size: 28px;\">\u010co je amazonit?<\/h2>\n<div style=\"font-size: 22px;\">Ktosi raz op\u00edsal amazonit ako farbu lag\u00fany pri poh\u013eade z okna lietadla &#8211; zvodn\u00fd tyrkysov\u00fd s \u013eadovcovo bielymi pruhmi. Z geologick\u00e9ho h\u013eadiska je to \u017eivec bohat\u00fd na drasl\u00edk, konkr\u00e9tne mikrokl\u00edn, posypan\u00fd olovom, ktor\u00fd mu dod\u00e1va nezabudnute\u013en\u00fd odtie\u0148. Na rozdiel od m\u00fdtov poch\u00e1dza z povodia Amazonky len zriedkavo; v\u00e4\u010d\u0161inu dosiek dod\u00e1vaj\u00fa rusk\u00e9 a coloradsk\u00e9 bane. Napriek nespr\u00e1vnemu pomenovaniu sa n\u00e1zov uchytil, preto\u017ee prv\u00ed obchodn\u00edci romantizovali vzdialen\u00e9 d\u017eungle. Surov\u00fd k\u00fasok m\u00e1m na stole; ka\u017ed\u00fd poh\u013ead je ako rozbitie okna, aby som do\u0148 vpustila \u010derstv\u00fd rozhovor.    <\/div>\n<h2 style=\"font-size: 28px;\">V\u00fdhody amazonitu<\/h2>\n<div style=\"font-size: 22px;\">Hlasov\u00e9 nap\u00e4tie, spisovate\u013esk\u00fd blok, nesmel\u00e9 pravdy &#8211; zd\u00e1 sa, \u017ee amazonit ich pri\u0165ahuje zo skr\u00fd\u0161e. Jedna logopedi\u010dka, ktor\u00fa tr\u00e9nujem, nos\u00ed na ka\u017ed\u00e9 sedenie kamienok; hovor\u00ed, \u017ee ke\u010f si s n\u00edm pohr\u00e1va, pripom\u00edna to jej klientom, \u017ee slov\u00e1 m\u00f4\u017eu plyn\u00fa\u0165 ako voda cez kamene, namiesto toho, aby sa zahatali. Praktick\u00ed lek\u00e1ri uv\u00e1dzaj\u00fa \u00fa\u013eavu od soci\u00e1lnej \u00fazkosti, jasnej\u0161ie stanovenie hran\u00edc, dokonca aj zn\u00ed\u017eenie \u00fanavy z techniky. Skuto\u010dn\u00e1 re\u010d: drahokam nedok\u00e1\u017ee prep\u00edsa\u0165 va\u0161e neur\u00f3ny, ale hmatov\u00e9 podnety plus vedom\u00fd z\u00e1mer \u010dasto menia n\u00e1vyky a na tejto zmene z\u00e1le\u017e\u00ed.   <\/div>\n<h2 style=\"font-size: 28px;\"><span data-sheets-root=\"1\">Ako pou\u017e\u00edva\u0165 Amazonite?<\/span><\/h2>\n<div style=\"font-size: 22px;\">Noste pr\u00edvesok s kor\u00e1lkami tak, aby v\u00e1s bozk\u00e1val v kr\u010dnej jamke; tento hmatov\u00fd chlad v\u00e1s podnieti, aby ste sa zastavili a namiesto b\u013eabotania sa vyjadrovali. Po\u010das p\u00edsania denn\u00edka polo\u017ete kame\u0148 na prv\u00fa stranu svojho z\u00e1pisn\u00edka &#8211; mal\u00e1 v\u00e1ha p\u00f4sob\u00ed ako z\u00e1va\u017eie pri zabehnut\u00fdch pochybnostiach. Polo\u017eila som aj \u0161t\u00edhle pr\u00fatiky na okraje notebooku; \u0161plechnutie morskej zelenej farby potl\u00e1\u010da odlesky obrazovky a pripom\u00edna mi, aby som \u017emurkla. Pri k\u00fape\u013eov\u00fdch ritu\u00e1loch nechajte kame\u0148 na r\u00edmse, nie vo vode &#8211; dlh\u0161ie nam\u00e1\u010danie m\u00f4\u017ee vyl\u00fa\u010di\u0165 lesk mikroliny.   <\/div>\n<h2 style=\"font-size: 28px;\">Lie\u010div\u00e9 vlastnosti amazonitu<\/h2>\n<div style=\"font-size: 22px;\">Odtiene siahaj\u00fa od matnej vodovej a\u017e po b\u00farkovo modr\u00fa. Tvrdos\u0165 sa pohybuje okolo 6-6,5, je m\u00e4k\u0161ia ako kreme\u0148, ale tvrd\u0161ia ako necht. Chemick\u00fd vzorec: KAlSi\u2083O\u2088 plus stopy olova, rub\u00eddia a vody. Na trhu dominuj\u00fa braz\u00edlske, madagaskarsk\u00e9 a uralsk\u00e9 lo\u017eisk\u00e1. V energetick\u00fdch kruhoch amazonit rezonuje s t\u00e9mami pravdiv\u00e9ho vyjadrovania, digit\u00e1lneho detoxu a pokojnej autority.    <\/div>\n<h2 style=\"font-size: 28px;\"><span data-sheets-root=\"1\">\u010cistenie a \u00fadr\u017eba Amazonite<\/span><\/h2>\n<div style=\"font-size: 22px;\">Vyhnite sa prudk\u00e9mu slne\u010dn\u00e9mu \u017eiareniu; UV \u017eiarenie m\u00f4\u017ee vybledn\u00fa\u0165 jeho morsk\u00fd lesk. R\u00fdchlo ju opl\u00e1chnite vla\u017enou vodou, osu\u0161te a potom ju nechajte cez noc odpo\u010d\u00edva\u0165 na l\u00f4\u017eku z hematitov\u00fdch triesok &#8211; kovy, ktor\u00e9 vyrovn\u00e1vaj\u00fa jej vzdu\u0161n\u00e9 chvenie. Ak sa v prasklin\u00e1ch nahromad\u00ed \u0161pina, jemne ju o\u010distite detskou kefkou na zuby. Skladujte mimo tvrd\u0161\u00edch kremenn\u00fdch hrotov; amazonit sa po\u0161kriabe \u013eah\u0161ie, ako vyzer\u00e1.   <\/div>\n\n<h2 class=\"wp-block-heading\" id=\"h-you-might-also-be-interested-in\">Mohlo by v\u00e1s zauj\u00edma\u0165 aj<\/h2>\n\n<ul class=\"wp-block-list\">\n<li><a href=\"https:\/\/chacrys.com\/sk\/krystaly\/zlaty-kamen-vyznam-vyhody-liecive-vlastnosti-a-sposob-pouzitia\/\">Zlat\u00fd kame\u0148 Crystal<\/a><\/li>\n\n\n\n<li><a href=\"https:\/\/chacrys.com\/sk\/krystaly\/krystal-epidot-vyznam-vyhody-liecive-vlastnosti-a-sposob-pouzitia\/\">Kry\u0161t\u00e1l epidotu<\/a><\/li>\n\n\n\n<li><a href=\"https:\/\/chacrys.com\/sk\/krystaly\/kristal-zeleneho-avanturinu-vyznam-vyhody-liecive-vlastnosti-a-sposob-pouzitia\/\">Zelen\u00fd aventur\u00ednov\u00fd kry\u0161t\u00e1l<\/a><\/li>\n\n\n\n<li><a href=\"https:\/\/chacrys.com\/sk\/krystaly\/ghost-quartz-phantom-quartz-crystal-vyznam-vyhody-liecive-vlastnosti-a-ako-pouzivat\/\">Duch Quartz Crystal<\/a><\/li>\n\n\n\n<li><a href=\"https:\/\/chacrys.com\/sk\/krystaly\/ocne-oko-tigrie-oko-vyznam-vyhody-liecive-vlastnosti-a-sposob-pouzitia\/\">O\u010dn\u00fd kame\u0148 Crystal<\/a><\/li>\n<\/ul>\n\n<p><\/p>\n","protected":false},"excerpt":{"rendered":"<p>\u010co je amazonit? Ktosi raz op\u00edsal amazonit ako farbu lag\u00fany pri poh\u013eade z okna lietadla &#8211; zvodn\u00fd tyrkysov\u00fd s \u013eadovcovo<\/p>\n","protected":false},"author":1,"featured_media":0,"parent":33021,"menu_order":0,"comment_status":"closed","ping_status":"closed","template":"","meta":{"footnotes":""},"class_list":["post-33063","page","type-page","status-publish","hentry"],"yoast_head":"<!-- This site is optimized with the Yoast SEO plugin v27.4 - https:\/\/yoast.com\/product\/yoast-seo-wordpress\/ -->\n<title>Amazonit V\u00fdznam, v\u00fdhody amazonitov\u00e9ho kry\u0161t\u00e1lu a ako ho pou\u017e\u00edva\u0165<\/title>\n<meta name=\"robots\" content=\"index, follow, max-snippet:-1, max-image-preview:large, max-video-preview:-1\" \/>\n<link rel=\"canonical\" href=\"https:\/\/chacrys.com\/sk\/krystaly\/krystal-amazonit-vyznam-vyhody-liecive-vlastnosti-a-sposob-pouzitia\/\" \/>\n<meta property=\"og:locale\" content=\"sk_SK\" \/>\n<meta property=\"og:type\" content=\"article\" \/>\n<meta property=\"og:title\" content=\"Amazonit V\u00fdznam, v\u00fdhody amazonitov\u00e9ho kry\u0161t\u00e1lu a ako ho pou\u017e\u00edva\u0165\" \/>\n<meta property=\"og:description\" content=\"\u010co je amazonit? Ktosi raz op\u00edsal amazonit ako farbu lag\u00fany pri poh\u013eade z okna lietadla &#8211; zvodn\u00fd tyrkysov\u00fd s \u013eadovcovo\" \/>\n<meta property=\"og:url\" content=\"https:\/\/chacrys.com\/sk\/krystaly\/krystal-amazonit-vyznam-vyhody-liecive-vlastnosti-a-sposob-pouzitia\/\" \/>\n<meta property=\"og:site_name\" content=\"Chacrys\" \/>\n<meta property=\"article:publisher\" content=\"https:\/\/www.facebook.com\/chacryscrystal\" \/>\n<meta property=\"article:modified_time\" content=\"2026-02-10T10:13:15+00:00\" \/>\n<meta name=\"twitter:card\" content=\"summary_large_image\" \/>\n<meta name=\"twitter:label1\" content=\"Predpokladan\u00fd \u010das \u010d\u00edtania\" \/>\n\t<meta name=\"twitter:data1\" content=\"3 min\u00faty\" \/>\n<script type=\"application\/ld+json\" class=\"yoast-schema-graph\">{\"@context\":\"https:\\\/\\\/schema.org\",\"@graph\":[{\"@type\":\"WebPage\",\"@id\":\"https:\\\/\\\/chacrys.com\\\/sk\\\/krystaly\\\/krystal-amazonit-vyznam-vyhody-liecive-vlastnosti-a-sposob-pouzitia\\\/\",\"url\":\"https:\\\/\\\/chacrys.com\\\/sk\\\/krystaly\\\/krystal-amazonit-vyznam-vyhody-liecive-vlastnosti-a-sposob-pouzitia\\\/\",\"name\":\"Amazonit V\u00fdznam, v\u00fdhody amazonitov\u00e9ho kry\u0161t\u00e1lu a ako ho pou\u017e\u00edva\u0165\",\"isPartOf\":{\"@id\":\"https:\\\/\\\/chacrys.com\\\/sk\\\/#website\"},\"datePublished\":\"2025-07-06T16:32:53+00:00\",\"dateModified\":\"2026-02-10T10:13:15+00:00\",\"breadcrumb\":{\"@id\":\"https:\\\/\\\/chacrys.com\\\/sk\\\/krystaly\\\/krystal-amazonit-vyznam-vyhody-liecive-vlastnosti-a-sposob-pouzitia\\\/#breadcrumb\"},\"inLanguage\":\"sk-SK\",\"potentialAction\":[{\"@type\":\"ReadAction\",\"target\":[\"https:\\\/\\\/chacrys.com\\\/sk\\\/krystaly\\\/krystal-amazonit-vyznam-vyhody-liecive-vlastnosti-a-sposob-pouzitia\\\/\"]}]},{\"@type\":\"BreadcrumbList\",\"@id\":\"https:\\\/\\\/chacrys.com\\\/sk\\\/krystaly\\\/krystal-amazonit-vyznam-vyhody-liecive-vlastnosti-a-sposob-pouzitia\\\/#breadcrumb\",\"itemListElement\":[{\"@type\":\"ListItem\",\"position\":1,\"name\":\"Home\",\"item\":\"https:\\\/\\\/chacrys.com\\\/sk\\\/\"},{\"@type\":\"ListItem\",\"position\":2,\"name\":\"Kry\u0161t\u00e1ly\",\"item\":\"https:\\\/\\\/chacrys.com\\\/sk\\\/krystaly\\\/\"},{\"@type\":\"ListItem\",\"position\":3,\"name\":\"Amazonit Crystal V\u00fdznam, v\u00fdhody, lie\u010div\u00e9 vlastnosti a ako pou\u017e\u00edva\u0165\"}]},{\"@type\":\"WebSite\",\"@id\":\"https:\\\/\\\/chacrys.com\\\/sk\\\/#website\",\"url\":\"https:\\\/\\\/chacrys.com\\\/sk\\\/\",\"name\":\"Chacrys\",\"description\":\"Chacrys\",\"publisher\":{\"@id\":\"https:\\\/\\\/chacrys.com\\\/sk\\\/#organization\"},\"potentialAction\":[{\"@type\":\"SearchAction\",\"target\":{\"@type\":\"EntryPoint\",\"urlTemplate\":\"https:\\\/\\\/chacrys.com\\\/sk\\\/?s={search_term_string}\"},\"query-input\":{\"@type\":\"PropertyValueSpecification\",\"valueRequired\":true,\"valueName\":\"search_term_string\"}}],\"inLanguage\":\"sk-SK\"},{\"@type\":\"Organization\",\"@id\":\"https:\\\/\\\/chacrys.com\\\/sk\\\/#organization\",\"name\":\"Chacrys\",\"url\":\"https:\\\/\\\/chacrys.com\\\/sk\\\/\",\"logo\":{\"@type\":\"ImageObject\",\"inLanguage\":\"sk-SK\",\"@id\":\"https:\\\/\\\/chacrys.com\\\/sk\\\/#\\\/schema\\\/logo\\\/image\\\/\",\"url\":\"https:\\\/\\\/chacrys.com\\\/wp-content\\\/uploads\\\/2024\\\/11\\\/cropped-FRANJULIA-6.png\",\"contentUrl\":\"https:\\\/\\\/chacrys.com\\\/wp-content\\\/uploads\\\/2024\\\/11\\\/cropped-FRANJULIA-6.png\",\"width\":512,\"height\":512,\"caption\":\"Chacrys\"},\"image\":{\"@id\":\"https:\\\/\\\/chacrys.com\\\/sk\\\/#\\\/schema\\\/logo\\\/image\\\/\"},\"sameAs\":[\"https:\\\/\\\/www.facebook.com\\\/chacryscrystal\",\"https:\\\/\\\/www.instagram.com\\\/chacrys\\\/\",\"https:\\\/\\\/www.pinterest.com\\\/chacryscrystalbed\\\/\",\"https:\\\/\\\/www.youtube.com\\\/@chacrysofficial9667\"]}]}<\/script>\n<!-- \/ Yoast SEO plugin. -->","yoast_head_json":{"title":"Amazonit V\u00fdznam, v\u00fdhody amazonitov\u00e9ho kry\u0161t\u00e1lu a ako ho pou\u017e\u00edva\u0165","robots":{"index":"index","follow":"follow","max-snippet":"max-snippet:-1","max-image-preview":"max-image-preview:large","max-video-preview":"max-video-preview:-1"},"canonical":"https:\/\/chacrys.com\/sk\/krystaly\/krystal-amazonit-vyznam-vyhody-liecive-vlastnosti-a-sposob-pouzitia\/","og_locale":"sk_SK","og_type":"article","og_title":"Amazonit V\u00fdznam, v\u00fdhody amazonitov\u00e9ho kry\u0161t\u00e1lu a ako ho pou\u017e\u00edva\u0165","og_description":"\u010co je amazonit? Ktosi raz op\u00edsal amazonit ako farbu lag\u00fany pri poh\u013eade z okna lietadla &#8211; zvodn\u00fd tyrkysov\u00fd s \u013eadovcovo","og_url":"https:\/\/chacrys.com\/sk\/krystaly\/krystal-amazonit-vyznam-vyhody-liecive-vlastnosti-a-sposob-pouzitia\/","og_site_name":"Chacrys","article_publisher":"https:\/\/www.facebook.com\/chacryscrystal","article_modified_time":"2026-02-10T10:13:15+00:00","twitter_card":"summary_large_image","twitter_misc":{"Predpokladan\u00fd \u010das \u010d\u00edtania":"3 min\u00faty"},"schema":{"@context":"https:\/\/schema.org","@graph":[{"@type":"WebPage","@id":"https:\/\/chacrys.com\/sk\/krystaly\/krystal-amazonit-vyznam-vyhody-liecive-vlastnosti-a-sposob-pouzitia\/","url":"https:\/\/chacrys.com\/sk\/krystaly\/krystal-amazonit-vyznam-vyhody-liecive-vlastnosti-a-sposob-pouzitia\/","name":"Amazonit V\u00fdznam, v\u00fdhody amazonitov\u00e9ho kry\u0161t\u00e1lu a ako ho pou\u017e\u00edva\u0165","isPartOf":{"@id":"https:\/\/chacrys.com\/sk\/#website"},"datePublished":"2025-07-06T16:32:53+00:00","dateModified":"2026-02-10T10:13:15+00:00","breadcrumb":{"@id":"https:\/\/chacrys.com\/sk\/krystaly\/krystal-amazonit-vyznam-vyhody-liecive-vlastnosti-a-sposob-pouzitia\/#breadcrumb"},"inLanguage":"sk-SK","potentialAction":[{"@type":"ReadAction","target":["https:\/\/chacrys.com\/sk\/krystaly\/krystal-amazonit-vyznam-vyhody-liecive-vlastnosti-a-sposob-pouzitia\/"]}]},{"@type":"BreadcrumbList","@id":"https:\/\/chacrys.com\/sk\/krystaly\/krystal-amazonit-vyznam-vyhody-liecive-vlastnosti-a-sposob-pouzitia\/#breadcrumb","itemListElement":[{"@type":"ListItem","position":1,"name":"Home","item":"https:\/\/chacrys.com\/sk\/"},{"@type":"ListItem","position":2,"name":"Kry\u0161t\u00e1ly","item":"https:\/\/chacrys.com\/sk\/krystaly\/"},{"@type":"ListItem","position":3,"name":"Amazonit Crystal V\u00fdznam, v\u00fdhody, lie\u010div\u00e9 vlastnosti a ako pou\u017e\u00edva\u0165"}]},{"@type":"WebSite","@id":"https:\/\/chacrys.com\/sk\/#website","url":"https:\/\/chacrys.com\/sk\/","name":"Chacrys","description":"Chacrys","publisher":{"@id":"https:\/\/chacrys.com\/sk\/#organization"},"potentialAction":[{"@type":"SearchAction","target":{"@type":"EntryPoint","urlTemplate":"https:\/\/chacrys.com\/sk\/?s={search_term_string}"},"query-input":{"@type":"PropertyValueSpecification","valueRequired":true,"valueName":"search_term_string"}}],"inLanguage":"sk-SK"},{"@type":"Organization","@id":"https:\/\/chacrys.com\/sk\/#organization","name":"Chacrys","url":"https:\/\/chacrys.com\/sk\/","logo":{"@type":"ImageObject","inLanguage":"sk-SK","@id":"https:\/\/chacrys.com\/sk\/#\/schema\/logo\/image\/","url":"https:\/\/chacrys.com\/wp-content\/uploads\/2024\/11\/cropped-FRANJULIA-6.png","contentUrl":"https:\/\/chacrys.com\/wp-content\/uploads\/2024\/11\/cropped-FRANJULIA-6.png","width":512,"height":512,"caption":"Chacrys"},"image":{"@id":"https:\/\/chacrys.com\/sk\/#\/schema\/logo\/image\/"},"sameAs":["https:\/\/www.facebook.com\/chacryscrystal","https:\/\/www.instagram.com\/chacrys\/","https:\/\/www.pinterest.com\/chacryscrystalbed\/","https:\/\/www.youtube.com\/@chacrysofficial9667"]}]}},"_links":{"self":[{"href":"https:\/\/chacrys.com\/sk\/wp-json\/wp\/v2\/pages\/33063","targetHints":{"allow":["GET"]}}],"collection":[{"href":"https:\/\/chacrys.com\/sk\/wp-json\/wp\/v2\/pages"}],"about":[{"href":"https:\/\/chacrys.com\/sk\/wp-json\/wp\/v2\/types\/page"}],"author":[{"embeddable":true,"href":"https:\/\/chacrys.com\/sk\/wp-json\/wp\/v2\/users\/1"}],"replies":[{"embeddable":true,"href":"https:\/\/chacrys.com\/sk\/wp-json\/wp\/v2\/comments?post=33063"}],"version-history":[{"count":3,"href":"https:\/\/chacrys.com\/sk\/wp-json\/wp\/v2\/pages\/33063\/revisions"}],"predecessor-version":[{"id":34458,"href":"https:\/\/chacrys.com\/sk\/wp-json\/wp\/v2\/pages\/33063\/revisions\/34458"}],"up":[{"embeddable":true,"href":"https:\/\/chacrys.com\/sk\/wp-json\/wp\/v2\/pages\/33021"}],"wp:attachment":[{"href":"https:\/\/chacrys.com\/sk\/wp-json\/wp\/v2\/media?parent=33063"}],"curies":[{"name":"wp","href":"https:\/\/api.w.org\/{rel}","templated":true}]}}