{"id":33054,"date":"2025-06-15T04:38:10","date_gmt":"2025-06-15T04:38:10","guid":{"rendered":"https:\/\/chacrys.com\/krystaly\/kamen-ame-ametrin-vyznam-vyhody-liecive-vlastnosti-a-sposob-pouzitia\/"},"modified":"2025-06-15T04:34:36","modified_gmt":"2025-06-15T04:34:36","slug":"kamen-ame-ametrin-vyznam-vyhody-liecive-vlastnosti-a-sposob-pouzitia","status":"publish","type":"page","link":"https:\/\/chacrys.com\/sk\/krystaly\/kamen-ame-ametrin-vyznam-vyhody-liecive-vlastnosti-a-sposob-pouzitia\/","title":{"rendered":"Kame\u0148 Ame (Ametr\u00edn) &#8211; v\u00fdznam, v\u00fdhody, lie\u010div\u00e9 vlastnosti a sp\u00f4sob pou\u017eitia"},"content":{"rendered":"<h2 style=\"font-size:28px\">\u010co je kame\u0148 Ame (Ametr\u00edn)?<\/h2>\n<div style=\"font-size:22px\">Ametr\u00edn je kombin\u00e1ciou ametystu a citr\u00ednu v jednom kry\u0161t\u00e1li, \u010do sp\u00f4sobuje fialov\u00e9 a zlat\u00e9 odtiene.<\/div>\n<h2 style=\"font-size:28px\">V\u00fdhody kame\u0148a Ame (Ametr\u00edn)<\/h2>\n<div style=\"font-size:22px\">Ametr\u00edn sp\u00e1ja upokojuj\u00facu energiu ametystu s energizuj\u00facimi vlastnos\u0165ami citr\u00ednu. Pom\u00e1ha pri jasnosti mysle, rozhodovan\u00ed a zabezpe\u010duje rovnov\u00e1hu medzi tvoriv\u00fdm a analytick\u00fdm myslen\u00edm. <\/div>\n<h2 style=\"font-size:28px\"><span data-sheets-root=\"1\">Ako pou\u017e\u00edva\u0165 Ame Stone (Ametr\u00edn)?<\/span><\/h2>\n<div style=\"font-size:22px\">Umiestnite si ho na st\u00f4l, aby ste sa lep\u0161ie s\u00fastredili, alebo s n\u00edm meditujte, aby ste z\u00edskali nadh\u013ead a vyrovnan\u00e9 myslenie.<\/div>\n<h2 style=\"font-size:28px\">Lie\u010div\u00e9 vlastnosti kame\u0148a Ame (Ametr\u00edn)<\/h2>\n<div style=\"font-size:22px\">Jedine\u010dn\u00e9 sfarbenie ametr\u00ednu poch\u00e1dza z r\u00f4znych oxida\u010dn\u00fdch stavov \u017eeleza v kry\u0161t\u00e1li.<\/div>\n<h2 style=\"font-size:28px\"><span data-sheets-root=\"1\">\u010cistenie a \u00fadr\u017eba kame\u0148a Ame (Ametrine)<\/span><\/h2>\n<div style=\"font-size:22px\">\u010cistite vla\u017enou vodou a m\u00e4kkou handri\u010dkou. Zabr\u00e1\u0148te dlhodob\u00e9mu vystaveniu slne\u010dn\u00e9mu \u017eiareniu. <\/div>\n","protected":false},"excerpt":{"rendered":"<p>\u010co je kame\u0148 Ame (Ametr\u00edn)? Ametr\u00edn je kombin\u00e1ciou ametystu a citr\u00ednu v jednom kry\u0161t\u00e1li, \u010do sp\u00f4sobuje fialov\u00e9 a zlat\u00e9 odtiene.<\/p>\n","protected":false},"author":1,"featured_media":0,"parent":33021,"menu_order":0,"comment_status":"closed","ping_status":"closed","template":"","meta":{"footnotes":""},"class_list":["post-33054","page","type-page","status-publish","hentry"],"yoast_head":"<!-- This site is optimized with the Yoast SEO plugin v27.4 - https:\/\/yoast.com\/product\/yoast-seo-wordpress\/ -->\n<title>Kame\u0148 Ame (Ametr\u00edn) - v\u00fdznam, v\u00fdhody, lie\u010div\u00e9 vlastnosti a sp\u00f4sob pou\u017eitia - Chacrys<\/title>\n<meta name=\"robots\" content=\"index, follow, max-snippet:-1, max-image-preview:large, max-video-preview:-1\" \/>\n<link rel=\"canonical\" href=\"https:\/\/chacrys.com\/sk\/krystaly\/kamen-ame-ametrin-vyznam-vyhody-liecive-vlastnosti-a-sposob-pouzitia\/\" \/>\n<meta property=\"og:locale\" content=\"sk_SK\" \/>\n<meta property=\"og:type\" content=\"article\" \/>\n<meta property=\"og:title\" content=\"Kame\u0148 Ame (Ametr\u00edn) - v\u00fdznam, v\u00fdhody, lie\u010div\u00e9 vlastnosti a sp\u00f4sob pou\u017eitia - Chacrys\" \/>\n<meta property=\"og:description\" content=\"\u010co je kame\u0148 Ame (Ametr\u00edn)? Ametr\u00edn je kombin\u00e1ciou ametystu a citr\u00ednu v jednom kry\u0161t\u00e1li, \u010do sp\u00f4sobuje fialov\u00e9 a zlat\u00e9 odtiene.\" \/>\n<meta property=\"og:url\" content=\"https:\/\/chacrys.com\/sk\/krystaly\/kamen-ame-ametrin-vyznam-vyhody-liecive-vlastnosti-a-sposob-pouzitia\/\" \/>\n<meta property=\"og:site_name\" content=\"Chacrys\" \/>\n<meta property=\"article:publisher\" content=\"https:\/\/www.facebook.com\/chacryscrystal\" \/>\n<meta name=\"twitter:card\" content=\"summary_large_image\" \/>\n<meta name=\"twitter:label1\" content=\"Predpokladan\u00fd \u010das \u010d\u00edtania\" \/>\n\t<meta name=\"twitter:data1\" content=\"1 min\u00fata\" \/>\n<script type=\"application\/ld+json\" class=\"yoast-schema-graph\">{\"@context\":\"https:\\\/\\\/schema.org\",\"@graph\":[{\"@type\":\"WebPage\",\"@id\":\"https:\\\/\\\/chacrys.com\\\/sk\\\/krystaly\\\/kamen-ame-ametrin-vyznam-vyhody-liecive-vlastnosti-a-sposob-pouzitia\\\/\",\"url\":\"https:\\\/\\\/chacrys.com\\\/sk\\\/krystaly\\\/kamen-ame-ametrin-vyznam-vyhody-liecive-vlastnosti-a-sposob-pouzitia\\\/\",\"name\":\"Kame\u0148 Ame (Ametr\u00edn) - v\u00fdznam, v\u00fdhody, lie\u010div\u00e9 vlastnosti a sp\u00f4sob pou\u017eitia - Chacrys\",\"isPartOf\":{\"@id\":\"https:\\\/\\\/chacrys.com\\\/sk\\\/#website\"},\"datePublished\":\"2025-06-15T04:38:10+00:00\",\"breadcrumb\":{\"@id\":\"https:\\\/\\\/chacrys.com\\\/sk\\\/krystaly\\\/kamen-ame-ametrin-vyznam-vyhody-liecive-vlastnosti-a-sposob-pouzitia\\\/#breadcrumb\"},\"inLanguage\":\"sk-SK\",\"potentialAction\":[{\"@type\":\"ReadAction\",\"target\":[\"https:\\\/\\\/chacrys.com\\\/sk\\\/krystaly\\\/kamen-ame-ametrin-vyznam-vyhody-liecive-vlastnosti-a-sposob-pouzitia\\\/\"]}]},{\"@type\":\"BreadcrumbList\",\"@id\":\"https:\\\/\\\/chacrys.com\\\/sk\\\/krystaly\\\/kamen-ame-ametrin-vyznam-vyhody-liecive-vlastnosti-a-sposob-pouzitia\\\/#breadcrumb\",\"itemListElement\":[{\"@type\":\"ListItem\",\"position\":1,\"name\":\"Home\",\"item\":\"https:\\\/\\\/chacrys.com\\\/sk\\\/\"},{\"@type\":\"ListItem\",\"position\":2,\"name\":\"Kry\u0161t\u00e1ly\",\"item\":\"https:\\\/\\\/chacrys.com\\\/sk\\\/krystaly\\\/\"},{\"@type\":\"ListItem\",\"position\":3,\"name\":\"Kame\u0148 Ame (Ametr\u00edn) &#8211; v\u00fdznam, v\u00fdhody, lie\u010div\u00e9 vlastnosti a sp\u00f4sob pou\u017eitia\"}]},{\"@type\":\"WebSite\",\"@id\":\"https:\\\/\\\/chacrys.com\\\/sk\\\/#website\",\"url\":\"https:\\\/\\\/chacrys.com\\\/sk\\\/\",\"name\":\"Chacrys\",\"description\":\"Chacrys\",\"publisher\":{\"@id\":\"https:\\\/\\\/chacrys.com\\\/sk\\\/#organization\"},\"potentialAction\":[{\"@type\":\"SearchAction\",\"target\":{\"@type\":\"EntryPoint\",\"urlTemplate\":\"https:\\\/\\\/chacrys.com\\\/sk\\\/?s={search_term_string}\"},\"query-input\":{\"@type\":\"PropertyValueSpecification\",\"valueRequired\":true,\"valueName\":\"search_term_string\"}}],\"inLanguage\":\"sk-SK\"},{\"@type\":\"Organization\",\"@id\":\"https:\\\/\\\/chacrys.com\\\/sk\\\/#organization\",\"name\":\"Chacrys\",\"url\":\"https:\\\/\\\/chacrys.com\\\/sk\\\/\",\"logo\":{\"@type\":\"ImageObject\",\"inLanguage\":\"sk-SK\",\"@id\":\"https:\\\/\\\/chacrys.com\\\/sk\\\/#\\\/schema\\\/logo\\\/image\\\/\",\"url\":\"https:\\\/\\\/chacrys.com\\\/wp-content\\\/uploads\\\/2024\\\/11\\\/cropped-FRANJULIA-6.png\",\"contentUrl\":\"https:\\\/\\\/chacrys.com\\\/wp-content\\\/uploads\\\/2024\\\/11\\\/cropped-FRANJULIA-6.png\",\"width\":512,\"height\":512,\"caption\":\"Chacrys\"},\"image\":{\"@id\":\"https:\\\/\\\/chacrys.com\\\/sk\\\/#\\\/schema\\\/logo\\\/image\\\/\"},\"sameAs\":[\"https:\\\/\\\/www.facebook.com\\\/chacryscrystal\",\"https:\\\/\\\/www.instagram.com\\\/chacrys\\\/\",\"https:\\\/\\\/www.pinterest.com\\\/chacryscrystalbed\\\/\",\"https:\\\/\\\/www.youtube.com\\\/@chacrysofficial9667\"]}]}<\/script>\n<!-- \/ Yoast SEO plugin. -->","yoast_head_json":{"title":"Kame\u0148 Ame (Ametr\u00edn) - v\u00fdznam, v\u00fdhody, lie\u010div\u00e9 vlastnosti a sp\u00f4sob pou\u017eitia - Chacrys","robots":{"index":"index","follow":"follow","max-snippet":"max-snippet:-1","max-image-preview":"max-image-preview:large","max-video-preview":"max-video-preview:-1"},"canonical":"https:\/\/chacrys.com\/sk\/krystaly\/kamen-ame-ametrin-vyznam-vyhody-liecive-vlastnosti-a-sposob-pouzitia\/","og_locale":"sk_SK","og_type":"article","og_title":"Kame\u0148 Ame (Ametr\u00edn) - v\u00fdznam, v\u00fdhody, lie\u010div\u00e9 vlastnosti a sp\u00f4sob pou\u017eitia - Chacrys","og_description":"\u010co je kame\u0148 Ame (Ametr\u00edn)? Ametr\u00edn je kombin\u00e1ciou ametystu a citr\u00ednu v jednom kry\u0161t\u00e1li, \u010do sp\u00f4sobuje fialov\u00e9 a zlat\u00e9 odtiene.","og_url":"https:\/\/chacrys.com\/sk\/krystaly\/kamen-ame-ametrin-vyznam-vyhody-liecive-vlastnosti-a-sposob-pouzitia\/","og_site_name":"Chacrys","article_publisher":"https:\/\/www.facebook.com\/chacryscrystal","twitter_card":"summary_large_image","twitter_misc":{"Predpokladan\u00fd \u010das \u010d\u00edtania":"1 min\u00fata"},"schema":{"@context":"https:\/\/schema.org","@graph":[{"@type":"WebPage","@id":"https:\/\/chacrys.com\/sk\/krystaly\/kamen-ame-ametrin-vyznam-vyhody-liecive-vlastnosti-a-sposob-pouzitia\/","url":"https:\/\/chacrys.com\/sk\/krystaly\/kamen-ame-ametrin-vyznam-vyhody-liecive-vlastnosti-a-sposob-pouzitia\/","name":"Kame\u0148 Ame (Ametr\u00edn) - v\u00fdznam, v\u00fdhody, lie\u010div\u00e9 vlastnosti a sp\u00f4sob pou\u017eitia - Chacrys","isPartOf":{"@id":"https:\/\/chacrys.com\/sk\/#website"},"datePublished":"2025-06-15T04:38:10+00:00","breadcrumb":{"@id":"https:\/\/chacrys.com\/sk\/krystaly\/kamen-ame-ametrin-vyznam-vyhody-liecive-vlastnosti-a-sposob-pouzitia\/#breadcrumb"},"inLanguage":"sk-SK","potentialAction":[{"@type":"ReadAction","target":["https:\/\/chacrys.com\/sk\/krystaly\/kamen-ame-ametrin-vyznam-vyhody-liecive-vlastnosti-a-sposob-pouzitia\/"]}]},{"@type":"BreadcrumbList","@id":"https:\/\/chacrys.com\/sk\/krystaly\/kamen-ame-ametrin-vyznam-vyhody-liecive-vlastnosti-a-sposob-pouzitia\/#breadcrumb","itemListElement":[{"@type":"ListItem","position":1,"name":"Home","item":"https:\/\/chacrys.com\/sk\/"},{"@type":"ListItem","position":2,"name":"Kry\u0161t\u00e1ly","item":"https:\/\/chacrys.com\/sk\/krystaly\/"},{"@type":"ListItem","position":3,"name":"Kame\u0148 Ame (Ametr\u00edn) &#8211; v\u00fdznam, v\u00fdhody, lie\u010div\u00e9 vlastnosti a sp\u00f4sob pou\u017eitia"}]},{"@type":"WebSite","@id":"https:\/\/chacrys.com\/sk\/#website","url":"https:\/\/chacrys.com\/sk\/","name":"Chacrys","description":"Chacrys","publisher":{"@id":"https:\/\/chacrys.com\/sk\/#organization"},"potentialAction":[{"@type":"SearchAction","target":{"@type":"EntryPoint","urlTemplate":"https:\/\/chacrys.com\/sk\/?s={search_term_string}"},"query-input":{"@type":"PropertyValueSpecification","valueRequired":true,"valueName":"search_term_string"}}],"inLanguage":"sk-SK"},{"@type":"Organization","@id":"https:\/\/chacrys.com\/sk\/#organization","name":"Chacrys","url":"https:\/\/chacrys.com\/sk\/","logo":{"@type":"ImageObject","inLanguage":"sk-SK","@id":"https:\/\/chacrys.com\/sk\/#\/schema\/logo\/image\/","url":"https:\/\/chacrys.com\/wp-content\/uploads\/2024\/11\/cropped-FRANJULIA-6.png","contentUrl":"https:\/\/chacrys.com\/wp-content\/uploads\/2024\/11\/cropped-FRANJULIA-6.png","width":512,"height":512,"caption":"Chacrys"},"image":{"@id":"https:\/\/chacrys.com\/sk\/#\/schema\/logo\/image\/"},"sameAs":["https:\/\/www.facebook.com\/chacryscrystal","https:\/\/www.instagram.com\/chacrys\/","https:\/\/www.pinterest.com\/chacryscrystalbed\/","https:\/\/www.youtube.com\/@chacrysofficial9667"]}]}},"_links":{"self":[{"href":"https:\/\/chacrys.com\/sk\/wp-json\/wp\/v2\/pages\/33054","targetHints":{"allow":["GET"]}}],"collection":[{"href":"https:\/\/chacrys.com\/sk\/wp-json\/wp\/v2\/pages"}],"about":[{"href":"https:\/\/chacrys.com\/sk\/wp-json\/wp\/v2\/types\/page"}],"author":[{"embeddable":true,"href":"https:\/\/chacrys.com\/sk\/wp-json\/wp\/v2\/users\/1"}],"replies":[{"embeddable":true,"href":"https:\/\/chacrys.com\/sk\/wp-json\/wp\/v2\/comments?post=33054"}],"version-history":[{"count":0,"href":"https:\/\/chacrys.com\/sk\/wp-json\/wp\/v2\/pages\/33054\/revisions"}],"up":[{"embeddable":true,"href":"https:\/\/chacrys.com\/sk\/wp-json\/wp\/v2\/pages\/33021"}],"wp:attachment":[{"href":"https:\/\/chacrys.com\/sk\/wp-json\/wp\/v2\/media?parent=33054"}],"curies":[{"name":"wp","href":"https:\/\/api.w.org\/{rel}","templated":true}]}}