{"id":33046,"date":"2025-07-06T16:32:53","date_gmt":"2025-07-06T16:32:53","guid":{"rendered":"https:\/\/chacrys.com\/krystaly\/anjelsky-aura-kremen-vyznam-vyhody-liecive-vlastnosti-a-ako-pouzivat\/"},"modified":"2025-07-06T16:33:53","modified_gmt":"2025-07-06T16:33:53","slug":"anjelsky-aura-kremen-vyznam-vyhody-liecive-vlastnosti-a-ako-pouzivat","status":"publish","type":"page","link":"https:\/\/chacrys.com\/sk\/krystaly\/anjelsky-aura-kremen-vyznam-vyhody-liecive-vlastnosti-a-ako-pouzivat\/","title":{"rendered":"Anjelsk\u00fd aura kreme\u0148 &#8211; v\u00fdznam, v\u00fdhody, lie\u010div\u00e9 vlastnosti a ako pou\u017e\u00edva\u0165"},"content":{"rendered":"<h2 style=\"font-size:28px\">\u010co je anjelsk\u00e1 aura Quartz?<\/h2>\n<div style=\"font-size:22px\">Predstavte si oby\u010dajn\u00fd \u010d\u00edry kreme\u0148 ponoren\u00fd do tekut\u00e9ho mesa\u010dn\u00e9ho svetla a posypan\u00fd prizmatickou rosou &#8211; to je kreme\u0148 Angel Aura. Z\u00e1klad z braz\u00edlskeho horsk\u00e9ho kri\u0161t\u00e1\u013eu vstupuje do v\u00e1kuovej komory, kde sa na povrch via\u017eu tenk\u00e9 molekuly platiny a striebra, \u010d\u00edm sa veda sp\u00e1ja s trblietavou alch\u00fdmiou. \u00daprava nie je len povlakom, ale aj odparovan\u00edm, tak\u017ee d\u00faha zost\u00e1va aj pri orez\u00e1van\u00ed alebo v\u0155tan\u00ed kame\u0148a. Klienti sa niekedy pri slove &#8222;upraven\u00fd&#8220; mra\u010dia, ale ja im pripom\u00ednam: ka\u017ed\u00fd ametyst bol kedysi oby\u010dajn\u00fd kreme\u0148, k\u00fdm ho plan\u00e9ta neoziarila. K\u00fazlo tohto kame\u0148a je napoly geologick\u00e1 trpezlivos\u0165 a napoly \u013eudsk\u00e1 zvedavos\u0165.    <\/div>\n<h2 style=\"font-size:28px\">V\u00fdhody anjelskej aury Quartz<\/h2>\n<div style=\"font-size:22px\">Podal som zhluk miniat\u00far Jules, vyhorenej grafickej dizajn\u00e9rke. Povedala, \u017ee pastelov\u00fd z\u00e1blesk vyzer\u00e1 ako &#8222;hrom z cukrovej vaty&#8220;, a o nieko\u013eko dn\u00ed hl\u00e1sila, \u017ee m\u00e1 menej noc\u00ed pln\u00fdch skratiek a jemnej\u0161ie sebavedomie. Praktizuj\u00faci pripisuj\u00fa anjelskej aure schopnos\u0165 odstra\u0148ova\u0165 sk\u013e\u00fa\u010denos\u0165, zosil\u0148ova\u0165 medit\u00e1cie a napravova\u0165 bodnutia sebavedomia. \u013dudia opisuj\u00fa, \u017ee em\u00f3cie sa usadzuj\u00fa tak, ako sa po da\u017edi usadzuje bahno, \u010do umo\u017e\u0148uje intuit\u00edvnym predtuch\u00e1m vystupova\u0165 na povrch. \u00c1no, je to nepotvrden\u00e9 &#8211; tak\u017ee si nechajte svojho terapeuta a pl\u00e1nova\u010d.    <\/div>\n<h2 style=\"font-size:28px\"><span data-sheets-root=\"1\">Ako pou\u017e\u00edva\u0165 Angel Aura Quartz?<\/span><\/h2>\n<div style=\"font-size:22px\">Po\u010das pr\u00e1ce s dychom nakl\u00e1\u0148ajte zhluk tak, aby sa slne\u010dn\u00e9 svetlo odr\u00e1\u017ealo od vie\u010dok; tanec farieb sa st\u00e1va pohyblivou dris\u0165ou. Prilepte si mal\u00fd kabo\u0161on na puzdro telef\u00f3nu: ka\u017ed\u00e9 upozornenie odr\u00e1\u017ea mal\u00e9 spektrum a nab\u00e1da v\u00e1s, aby ste skontrolovali z\u00e1mer sk\u00f4r, ako sa ponor\u00edte do aplik\u00e1ci\u00ed. Pri dial\u00f3gu p\u00e1rov umiestnite jeden bod medzi stoli\u010dky; jeho d\u00fahov\u00e9 odlesky rozpt\u00fdlia nap\u00e4tie &#8211; h\u00e1dky sa zdaj\u00fa by\u0165 tlmen\u00e9, akoby steny absorbovali ozvenu. Denn\u00ed\u010dkari m\u00f4\u017eu sledova\u0165 d\u00fahy na okrajoch papiera a zapisova\u0165 si zbl\u00fadil\u00e9 postrehy, ktor\u00e9 sa vyn\u00e1raj\u00fa na povrch.   <\/div>\n<h2 style=\"font-size:28px\">Lie\u010div\u00e9 vlastnosti anjelskej aury kreme\u0148a<\/h2>\n<div style=\"font-size:22px\">D\u00fahov\u00e9 pastelov\u00e9 farby, ktor\u00e9 prech\u00e1dzaj\u00fa od detskej ru\u017eovej a\u017e po arktick\u00fa modr\u00fa. Tvrdos\u0165 7; chemick\u00e9 zlo\u017eenie jadra SiO\u2082 plus mikr\u00f3nov\u00e9 vrstvy zliatiny platiny a striebra. Hlavn\u00e9 zdroje: V USA alebo v nemeck\u00fdch laborat\u00f3ri\u00e1ch sa pou\u017e\u00edva kreme\u0148 s povrchovou \u00fapravou z Arkansasu, Minas Gerais a Madagaskaru. K\u013e\u00fa\u010dov\u00e9 slov\u00e1 v kruhoch: pozdvihnutie, \u00e9terick\u00e9 naladenie, d\u00fahov\u00fd most.   <\/div>\n<h2 style=\"font-size:28px\"><span data-sheets-root=\"1\">\u010cistenie a \u00fadr\u017eba kreme\u0148a Angel Aura<\/span><\/h2>\n<div style=\"font-size:22px\">Vynechajte so\u013e alebo abraz\u00edvne prostriedky &#8211; kovov\u00fd film sa m\u00f4\u017ee odrie\u0165. R\u00fdchlo ho opl\u00e1chnite pod vla\u017enou vodou, osu\u0161te a nechajte ho p\u00e4tn\u00e1s\u0165 min\u00fat d\u00fdcha\u0165 na predpolud\u0148aj\u0161om svetle; pr\u00edli\u0161 ve\u013ea slnka m\u00f4\u017ee zmatni\u0165 lesk. Ak chcete osvie\u017ei\u0165 vibr\u00e1cie, zazvonte v bl\u00edzkosti mosadzn\u00fdm zvon\u010dekom &#8211; kovov\u00e9 t\u00f3ny kr\u00e1sne harmonizuj\u00fa. Skladujte zabalen\u00e9 v hodv\u00e1be mimo tvrd\u0161\u00edch kame\u0148ov.   <\/div>\n","protected":false},"excerpt":{"rendered":"<p>\u010co je anjelsk\u00e1 aura Quartz? Predstavte si oby\u010dajn\u00fd \u010d\u00edry kreme\u0148 ponoren\u00fd do tekut\u00e9ho mesa\u010dn\u00e9ho svetla a posypan\u00fd prizmatickou rosou &#8211;<\/p>\n","protected":false},"author":1,"featured_media":0,"parent":33021,"menu_order":0,"comment_status":"closed","ping_status":"closed","template":"","meta":{"footnotes":""},"class_list":["post-33046","page","type-page","status-publish","hentry"],"yoast_head":"<!-- This site is optimized with the Yoast SEO plugin v27.4 - https:\/\/yoast.com\/product\/yoast-seo-wordpress\/ -->\n<title>Anjelsk\u00fd aura kreme\u0148 - v\u00fdznam, v\u00fdhody, lie\u010div\u00e9 vlastnosti a ako pou\u017e\u00edva\u0165 - Chacrys<\/title>\n<meta name=\"robots\" content=\"index, follow, max-snippet:-1, max-image-preview:large, max-video-preview:-1\" \/>\n<link rel=\"canonical\" href=\"https:\/\/chacrys.com\/sk\/krystaly\/anjelsky-aura-kremen-vyznam-vyhody-liecive-vlastnosti-a-ako-pouzivat\/\" \/>\n<meta property=\"og:locale\" content=\"sk_SK\" \/>\n<meta property=\"og:type\" content=\"article\" \/>\n<meta property=\"og:title\" content=\"Anjelsk\u00fd aura kreme\u0148 - v\u00fdznam, v\u00fdhody, lie\u010div\u00e9 vlastnosti a ako pou\u017e\u00edva\u0165 - Chacrys\" \/>\n<meta property=\"og:description\" content=\"\u010co je anjelsk\u00e1 aura Quartz? Predstavte si oby\u010dajn\u00fd \u010d\u00edry kreme\u0148 ponoren\u00fd do tekut\u00e9ho mesa\u010dn\u00e9ho svetla a posypan\u00fd prizmatickou rosou &#8211;\" \/>\n<meta property=\"og:url\" content=\"https:\/\/chacrys.com\/sk\/krystaly\/anjelsky-aura-kremen-vyznam-vyhody-liecive-vlastnosti-a-ako-pouzivat\/\" \/>\n<meta property=\"og:site_name\" content=\"Chacrys\" \/>\n<meta property=\"article:publisher\" content=\"https:\/\/www.facebook.com\/chacryscrystal\" \/>\n<meta property=\"article:modified_time\" content=\"2025-07-06T16:33:53+00:00\" \/>\n<meta name=\"twitter:card\" content=\"summary_large_image\" \/>\n<meta name=\"twitter:label1\" content=\"Predpokladan\u00fd \u010das \u010d\u00edtania\" \/>\n\t<meta name=\"twitter:data1\" content=\"3 min\u00faty\" \/>\n<script type=\"application\/ld+json\" class=\"yoast-schema-graph\">{\"@context\":\"https:\\\/\\\/schema.org\",\"@graph\":[{\"@type\":\"WebPage\",\"@id\":\"https:\\\/\\\/chacrys.com\\\/sk\\\/krystaly\\\/anjelsky-aura-kremen-vyznam-vyhody-liecive-vlastnosti-a-ako-pouzivat\\\/\",\"url\":\"https:\\\/\\\/chacrys.com\\\/sk\\\/krystaly\\\/anjelsky-aura-kremen-vyznam-vyhody-liecive-vlastnosti-a-ako-pouzivat\\\/\",\"name\":\"Anjelsk\u00fd aura kreme\u0148 - v\u00fdznam, v\u00fdhody, lie\u010div\u00e9 vlastnosti a ako pou\u017e\u00edva\u0165 - Chacrys\",\"isPartOf\":{\"@id\":\"https:\\\/\\\/chacrys.com\\\/sk\\\/#website\"},\"datePublished\":\"2025-07-06T16:32:53+00:00\",\"dateModified\":\"2025-07-06T16:33:53+00:00\",\"breadcrumb\":{\"@id\":\"https:\\\/\\\/chacrys.com\\\/sk\\\/krystaly\\\/anjelsky-aura-kremen-vyznam-vyhody-liecive-vlastnosti-a-ako-pouzivat\\\/#breadcrumb\"},\"inLanguage\":\"sk-SK\",\"potentialAction\":[{\"@type\":\"ReadAction\",\"target\":[\"https:\\\/\\\/chacrys.com\\\/sk\\\/krystaly\\\/anjelsky-aura-kremen-vyznam-vyhody-liecive-vlastnosti-a-ako-pouzivat\\\/\"]}]},{\"@type\":\"BreadcrumbList\",\"@id\":\"https:\\\/\\\/chacrys.com\\\/sk\\\/krystaly\\\/anjelsky-aura-kremen-vyznam-vyhody-liecive-vlastnosti-a-ako-pouzivat\\\/#breadcrumb\",\"itemListElement\":[{\"@type\":\"ListItem\",\"position\":1,\"name\":\"Home\",\"item\":\"https:\\\/\\\/chacrys.com\\\/sk\\\/\"},{\"@type\":\"ListItem\",\"position\":2,\"name\":\"Kry\u0161t\u00e1ly\",\"item\":\"https:\\\/\\\/chacrys.com\\\/sk\\\/krystaly\\\/\"},{\"@type\":\"ListItem\",\"position\":3,\"name\":\"Anjelsk\u00fd aura kreme\u0148 &#8211; v\u00fdznam, v\u00fdhody, lie\u010div\u00e9 vlastnosti a ako pou\u017e\u00edva\u0165\"}]},{\"@type\":\"WebSite\",\"@id\":\"https:\\\/\\\/chacrys.com\\\/sk\\\/#website\",\"url\":\"https:\\\/\\\/chacrys.com\\\/sk\\\/\",\"name\":\"Chacrys\",\"description\":\"Chacrys\",\"publisher\":{\"@id\":\"https:\\\/\\\/chacrys.com\\\/sk\\\/#organization\"},\"potentialAction\":[{\"@type\":\"SearchAction\",\"target\":{\"@type\":\"EntryPoint\",\"urlTemplate\":\"https:\\\/\\\/chacrys.com\\\/sk\\\/?s={search_term_string}\"},\"query-input\":{\"@type\":\"PropertyValueSpecification\",\"valueRequired\":true,\"valueName\":\"search_term_string\"}}],\"inLanguage\":\"sk-SK\"},{\"@type\":\"Organization\",\"@id\":\"https:\\\/\\\/chacrys.com\\\/sk\\\/#organization\",\"name\":\"Chacrys\",\"url\":\"https:\\\/\\\/chacrys.com\\\/sk\\\/\",\"logo\":{\"@type\":\"ImageObject\",\"inLanguage\":\"sk-SK\",\"@id\":\"https:\\\/\\\/chacrys.com\\\/sk\\\/#\\\/schema\\\/logo\\\/image\\\/\",\"url\":\"https:\\\/\\\/chacrys.com\\\/wp-content\\\/uploads\\\/2024\\\/11\\\/cropped-FRANJULIA-6.png\",\"contentUrl\":\"https:\\\/\\\/chacrys.com\\\/wp-content\\\/uploads\\\/2024\\\/11\\\/cropped-FRANJULIA-6.png\",\"width\":512,\"height\":512,\"caption\":\"Chacrys\"},\"image\":{\"@id\":\"https:\\\/\\\/chacrys.com\\\/sk\\\/#\\\/schema\\\/logo\\\/image\\\/\"},\"sameAs\":[\"https:\\\/\\\/www.facebook.com\\\/chacryscrystal\",\"https:\\\/\\\/www.instagram.com\\\/chacrys\\\/\",\"https:\\\/\\\/www.pinterest.com\\\/chacryscrystalbed\\\/\",\"https:\\\/\\\/www.youtube.com\\\/@chacrysofficial9667\"]}]}<\/script>\n<!-- \/ Yoast SEO plugin. -->","yoast_head_json":{"title":"Anjelsk\u00fd aura kreme\u0148 - v\u00fdznam, v\u00fdhody, lie\u010div\u00e9 vlastnosti a ako pou\u017e\u00edva\u0165 - Chacrys","robots":{"index":"index","follow":"follow","max-snippet":"max-snippet:-1","max-image-preview":"max-image-preview:large","max-video-preview":"max-video-preview:-1"},"canonical":"https:\/\/chacrys.com\/sk\/krystaly\/anjelsky-aura-kremen-vyznam-vyhody-liecive-vlastnosti-a-ako-pouzivat\/","og_locale":"sk_SK","og_type":"article","og_title":"Anjelsk\u00fd aura kreme\u0148 - v\u00fdznam, v\u00fdhody, lie\u010div\u00e9 vlastnosti a ako pou\u017e\u00edva\u0165 - Chacrys","og_description":"\u010co je anjelsk\u00e1 aura Quartz? Predstavte si oby\u010dajn\u00fd \u010d\u00edry kreme\u0148 ponoren\u00fd do tekut\u00e9ho mesa\u010dn\u00e9ho svetla a posypan\u00fd prizmatickou rosou &#8211;","og_url":"https:\/\/chacrys.com\/sk\/krystaly\/anjelsky-aura-kremen-vyznam-vyhody-liecive-vlastnosti-a-ako-pouzivat\/","og_site_name":"Chacrys","article_publisher":"https:\/\/www.facebook.com\/chacryscrystal","article_modified_time":"2025-07-06T16:33:53+00:00","twitter_card":"summary_large_image","twitter_misc":{"Predpokladan\u00fd \u010das \u010d\u00edtania":"3 min\u00faty"},"schema":{"@context":"https:\/\/schema.org","@graph":[{"@type":"WebPage","@id":"https:\/\/chacrys.com\/sk\/krystaly\/anjelsky-aura-kremen-vyznam-vyhody-liecive-vlastnosti-a-ako-pouzivat\/","url":"https:\/\/chacrys.com\/sk\/krystaly\/anjelsky-aura-kremen-vyznam-vyhody-liecive-vlastnosti-a-ako-pouzivat\/","name":"Anjelsk\u00fd aura kreme\u0148 - v\u00fdznam, v\u00fdhody, lie\u010div\u00e9 vlastnosti a ako pou\u017e\u00edva\u0165 - Chacrys","isPartOf":{"@id":"https:\/\/chacrys.com\/sk\/#website"},"datePublished":"2025-07-06T16:32:53+00:00","dateModified":"2025-07-06T16:33:53+00:00","breadcrumb":{"@id":"https:\/\/chacrys.com\/sk\/krystaly\/anjelsky-aura-kremen-vyznam-vyhody-liecive-vlastnosti-a-ako-pouzivat\/#breadcrumb"},"inLanguage":"sk-SK","potentialAction":[{"@type":"ReadAction","target":["https:\/\/chacrys.com\/sk\/krystaly\/anjelsky-aura-kremen-vyznam-vyhody-liecive-vlastnosti-a-ako-pouzivat\/"]}]},{"@type":"BreadcrumbList","@id":"https:\/\/chacrys.com\/sk\/krystaly\/anjelsky-aura-kremen-vyznam-vyhody-liecive-vlastnosti-a-ako-pouzivat\/#breadcrumb","itemListElement":[{"@type":"ListItem","position":1,"name":"Home","item":"https:\/\/chacrys.com\/sk\/"},{"@type":"ListItem","position":2,"name":"Kry\u0161t\u00e1ly","item":"https:\/\/chacrys.com\/sk\/krystaly\/"},{"@type":"ListItem","position":3,"name":"Anjelsk\u00fd aura kreme\u0148 &#8211; v\u00fdznam, v\u00fdhody, lie\u010div\u00e9 vlastnosti a ako pou\u017e\u00edva\u0165"}]},{"@type":"WebSite","@id":"https:\/\/chacrys.com\/sk\/#website","url":"https:\/\/chacrys.com\/sk\/","name":"Chacrys","description":"Chacrys","publisher":{"@id":"https:\/\/chacrys.com\/sk\/#organization"},"potentialAction":[{"@type":"SearchAction","target":{"@type":"EntryPoint","urlTemplate":"https:\/\/chacrys.com\/sk\/?s={search_term_string}"},"query-input":{"@type":"PropertyValueSpecification","valueRequired":true,"valueName":"search_term_string"}}],"inLanguage":"sk-SK"},{"@type":"Organization","@id":"https:\/\/chacrys.com\/sk\/#organization","name":"Chacrys","url":"https:\/\/chacrys.com\/sk\/","logo":{"@type":"ImageObject","inLanguage":"sk-SK","@id":"https:\/\/chacrys.com\/sk\/#\/schema\/logo\/image\/","url":"https:\/\/chacrys.com\/wp-content\/uploads\/2024\/11\/cropped-FRANJULIA-6.png","contentUrl":"https:\/\/chacrys.com\/wp-content\/uploads\/2024\/11\/cropped-FRANJULIA-6.png","width":512,"height":512,"caption":"Chacrys"},"image":{"@id":"https:\/\/chacrys.com\/sk\/#\/schema\/logo\/image\/"},"sameAs":["https:\/\/www.facebook.com\/chacryscrystal","https:\/\/www.instagram.com\/chacrys\/","https:\/\/www.pinterest.com\/chacryscrystalbed\/","https:\/\/www.youtube.com\/@chacrysofficial9667"]}]}},"_links":{"self":[{"href":"https:\/\/chacrys.com\/sk\/wp-json\/wp\/v2\/pages\/33046","targetHints":{"allow":["GET"]}}],"collection":[{"href":"https:\/\/chacrys.com\/sk\/wp-json\/wp\/v2\/pages"}],"about":[{"href":"https:\/\/chacrys.com\/sk\/wp-json\/wp\/v2\/types\/page"}],"author":[{"embeddable":true,"href":"https:\/\/chacrys.com\/sk\/wp-json\/wp\/v2\/users\/1"}],"replies":[{"embeddable":true,"href":"https:\/\/chacrys.com\/sk\/wp-json\/wp\/v2\/comments?post=33046"}],"version-history":[{"count":1,"href":"https:\/\/chacrys.com\/sk\/wp-json\/wp\/v2\/pages\/33046\/revisions"}],"predecessor-version":[{"id":33394,"href":"https:\/\/chacrys.com\/sk\/wp-json\/wp\/v2\/pages\/33046\/revisions\/33394"}],"up":[{"embeddable":true,"href":"https:\/\/chacrys.com\/sk\/wp-json\/wp\/v2\/pages\/33021"}],"wp:attachment":[{"href":"https:\/\/chacrys.com\/sk\/wp-json\/wp\/v2\/media?parent=33046"}],"curies":[{"name":"wp","href":"https:\/\/api.w.org\/{rel}","templated":true}]}}