{"id":33045,"date":"2025-07-06T16:32:53","date_gmt":"2025-07-06T16:32:53","guid":{"rendered":"https:\/\/chacrys.com\/krystaly\/kristal-angelit-vyznam-vyhody-liecive-vlastnosti-a-sposob-pouzitia\/"},"modified":"2025-07-06T16:34:01","modified_gmt":"2025-07-06T16:34:01","slug":"kristal-angelit-vyznam-vyhody-liecive-vlastnosti-a-sposob-pouzitia","status":"publish","type":"page","link":"https:\/\/chacrys.com\/sk\/krystaly\/kristal-angelit-vyznam-vyhody-liecive-vlastnosti-a-sposob-pouzitia\/","title":{"rendered":"Kri\u0161t\u00e1\u013e Angelit &#8211; v\u00fdznam, v\u00fdhody, lie\u010div\u00e9 vlastnosti a sp\u00f4sob pou\u017eitia"},"content":{"rendered":"<h2 style=\"font-size:28px\">\u010co je to anjelit?<\/h2>\n<div style=\"font-size:22px\">Zdvihnite kv\u00e1der polud\u0148aj\u0161ej oblohy, vybr\u00faste ho do hladka a budete ma\u0165 v ruk\u00e1ch anjelit. Z geologick\u00e9ho h\u013eadiska je to anhydrit s\u00edran v\u00e1penat\u00fd, ktor\u00fd vznik\u00e1, ke\u010f sadrovec str\u00e1ca vlhkos\u0165 a tvrdne. T\u00e1to suchos\u0165 rob\u00ed kry\u0161t\u00e1l paradoxne m\u00e4kk\u00fdm; zo\u0161krabte ho a zdvihnete kriedov\u00fd prach. Angelit, ktor\u00fd bol prv\u00fdkr\u00e1t vy\u0165a\u017een\u00fd na drsn\u00fdch n\u00e1horn\u00fdch plo\u0161in\u00e1ch \u00c1nd v Peru, p\u00f4sob\u00ed ako tich\u00fd vysokohorsk\u00fd v\u00e1nok zachyten\u00fd v kameni.   <\/div>\n<h2 style=\"font-size:28px\">V\u00fdhody Angelitu<\/h2>\n<div style=\"font-size:22px\">Po\u010das kruhov sm\u00fatku pod\u00e1vam anjelsk\u00fd palmov\u00fd kame\u0148. Jeho chladn\u00fd povrch akoby vdychoval vzlyky a vydychoval odmeran\u00fd dych. Pou\u017e\u00edvatelia uv\u00e1dzaj\u00fa zmiernenie nap\u00e4tia v hrdle, l\u00e1skavej\u0161\u00ed vn\u00fatorn\u00fd dial\u00f3g a odvahu po\u017eiada\u0165 o pomoc &#8211; tvrdohlav\u00fa prek\u00e1\u017eku pre mnoh\u00fdch opatrovate\u013eov. Niektor\u00ed pracovn\u00edci s energiou tvrdia, \u017ee nalad\u00ed vedomie na jemn\u00fdch sprievodcov; skeptici si jednoducho v\u0161imli, \u017ee lep\u0161ie po\u010d\u00favaj\u00fa. Tak \u010di onak, pokoj rastie.    <\/div>\n<h2 style=\"font-size:28px\"><span data-sheets-root=\"1\">Ako pou\u017e\u00edva\u0165 Angelit?<\/span><\/h2>\n<div style=\"font-size:22px\">Noste ploch\u00fd kamienok vo vn\u00fatri ramienka podprsenky alebo vo vrecku ko\u0161ele &#8211; teplo ko\u017ee zabra\u0148uje jeho krehnutiu. Pred span\u00edm ho polo\u017ete na no\u010dn\u00fd stol\u00edk na ru\u010dne p\u00edsan\u00e9 starosti; predstavte si, \u017ee kame\u0148 absorbuje statick\u00fa elektrinu, k\u00fdm sp\u00edte. Spev\u00e1ci si ho niekedy pred sk\u00fa\u0161kou dr\u017eia pri hrtane a vizualizuj\u00fa si nap\u00e4tie, ktor\u00e9 sa top\u00ed ako \u013ead na spor\u00e1ku. Voda je nepriate\u013e; namiesto mesa\u010dnej vody zahmlievajte vzduch okolo neho levandu\u013eov\u00fdm hydrosolom.   <\/div>\n<h2 style=\"font-size:28px\">Lie\u010div\u00e9 vlastnosti anjelitu<\/h2>\n<div style=\"font-size:22px\">Odtie\u0148: ru\u017eovkast\u00e1 farba vymie\u0161an\u00e1 s holubi\u010d\u00edmi siv\u00fdmi mrakmi; biele \u017eilky sa vlnia ako vzdialen\u00e9 protipr\u00fadov\u00e9 oblaky. Mohsova tvrdos\u0165 3-3,5 &#8211; jemn\u00e1. Zlo\u017eenie: CaSO\u2084 so stopami mang\u00e1nov\u00e9ho farbiva. Hlavn\u00e9 lokality: Peru, Brit\u00e1nia, egyptsk\u00e9 p\u00fa\u0161te. Energetick\u00e9 hesl\u00e1: pokojn\u00e1 komunik\u00e1cia, ne\u017en\u00e9 hranice, anjelsk\u00e1 frekvencia.    <\/div>\n<h2 style=\"font-size:28px\"><span data-sheets-root=\"1\">\u010cistenie a \u00fadr\u017eba Angelitu<\/span><\/h2>\n<div style=\"font-size:22px\">Nikdy ho nepon\u00e1rajte; Angelit sa pri sm\u00e4de l\u00e1me. \u010cistite suchou ry\u017eou alebo c\u00e9drov\u00fdm dymom. Fyzick\u00fd prach jemne utrite sotva navlh\u010denou handri\u010dkou z mikrovl\u00e1kna, potom okam\u017eite osu\u0161te. Skladujte vank\u00fa\u0161ik v bavlne mimo vlhk\u00fdch k\u00fape\u013en\u00ed. R\u00fdchle dobitie selenitu o\u017eiv\u00ed jeho tich\u00fd \u0161um bez rizika vlhkosti.    <\/div>\n","protected":false},"excerpt":{"rendered":"<p>\u010co je to anjelit? Zdvihnite kv\u00e1der polud\u0148aj\u0161ej oblohy, vybr\u00faste ho do hladka a budete ma\u0165 v ruk\u00e1ch anjelit. Z geologick\u00e9ho<\/p>\n","protected":false},"author":1,"featured_media":0,"parent":33021,"menu_order":0,"comment_status":"closed","ping_status":"closed","template":"","meta":{"footnotes":""},"class_list":["post-33045","page","type-page","status-publish","hentry"],"yoast_head":"<!-- This site is optimized with the Yoast SEO plugin v27.4 - https:\/\/yoast.com\/product\/yoast-seo-wordpress\/ -->\n<title>Kri\u0161t\u00e1\u013e Angelit - v\u00fdznam, v\u00fdhody, lie\u010div\u00e9 vlastnosti a sp\u00f4sob pou\u017eitia - Chacrys<\/title>\n<meta name=\"robots\" content=\"index, follow, max-snippet:-1, max-image-preview:large, max-video-preview:-1\" \/>\n<link rel=\"canonical\" href=\"https:\/\/chacrys.com\/sk\/krystaly\/kristal-angelit-vyznam-vyhody-liecive-vlastnosti-a-sposob-pouzitia\/\" \/>\n<meta property=\"og:locale\" content=\"sk_SK\" \/>\n<meta property=\"og:type\" content=\"article\" \/>\n<meta property=\"og:title\" content=\"Kri\u0161t\u00e1\u013e Angelit - v\u00fdznam, v\u00fdhody, lie\u010div\u00e9 vlastnosti a sp\u00f4sob pou\u017eitia - Chacrys\" \/>\n<meta property=\"og:description\" content=\"\u010co je to anjelit? Zdvihnite kv\u00e1der polud\u0148aj\u0161ej oblohy, vybr\u00faste ho do hladka a budete ma\u0165 v ruk\u00e1ch anjelit. Z geologick\u00e9ho\" \/>\n<meta property=\"og:url\" content=\"https:\/\/chacrys.com\/sk\/krystaly\/kristal-angelit-vyznam-vyhody-liecive-vlastnosti-a-sposob-pouzitia\/\" \/>\n<meta property=\"og:site_name\" content=\"Chacrys\" \/>\n<meta property=\"article:publisher\" content=\"https:\/\/www.facebook.com\/chacryscrystal\" \/>\n<meta property=\"article:modified_time\" content=\"2025-07-06T16:34:01+00:00\" \/>\n<meta name=\"twitter:card\" content=\"summary_large_image\" \/>\n<meta name=\"twitter:label1\" content=\"Predpokladan\u00fd \u010das \u010d\u00edtania\" \/>\n\t<meta name=\"twitter:data1\" content=\"2 min\u00faty\" \/>\n<script type=\"application\/ld+json\" class=\"yoast-schema-graph\">{\"@context\":\"https:\\\/\\\/schema.org\",\"@graph\":[{\"@type\":\"WebPage\",\"@id\":\"https:\\\/\\\/chacrys.com\\\/sk\\\/krystaly\\\/kristal-angelit-vyznam-vyhody-liecive-vlastnosti-a-sposob-pouzitia\\\/\",\"url\":\"https:\\\/\\\/chacrys.com\\\/sk\\\/krystaly\\\/kristal-angelit-vyznam-vyhody-liecive-vlastnosti-a-sposob-pouzitia\\\/\",\"name\":\"Kri\u0161t\u00e1\u013e Angelit - v\u00fdznam, v\u00fdhody, lie\u010div\u00e9 vlastnosti a sp\u00f4sob pou\u017eitia - Chacrys\",\"isPartOf\":{\"@id\":\"https:\\\/\\\/chacrys.com\\\/sk\\\/#website\"},\"datePublished\":\"2025-07-06T16:32:53+00:00\",\"dateModified\":\"2025-07-06T16:34:01+00:00\",\"breadcrumb\":{\"@id\":\"https:\\\/\\\/chacrys.com\\\/sk\\\/krystaly\\\/kristal-angelit-vyznam-vyhody-liecive-vlastnosti-a-sposob-pouzitia\\\/#breadcrumb\"},\"inLanguage\":\"sk-SK\",\"potentialAction\":[{\"@type\":\"ReadAction\",\"target\":[\"https:\\\/\\\/chacrys.com\\\/sk\\\/krystaly\\\/kristal-angelit-vyznam-vyhody-liecive-vlastnosti-a-sposob-pouzitia\\\/\"]}]},{\"@type\":\"BreadcrumbList\",\"@id\":\"https:\\\/\\\/chacrys.com\\\/sk\\\/krystaly\\\/kristal-angelit-vyznam-vyhody-liecive-vlastnosti-a-sposob-pouzitia\\\/#breadcrumb\",\"itemListElement\":[{\"@type\":\"ListItem\",\"position\":1,\"name\":\"Home\",\"item\":\"https:\\\/\\\/chacrys.com\\\/sk\\\/\"},{\"@type\":\"ListItem\",\"position\":2,\"name\":\"Kry\u0161t\u00e1ly\",\"item\":\"https:\\\/\\\/chacrys.com\\\/sk\\\/krystaly\\\/\"},{\"@type\":\"ListItem\",\"position\":3,\"name\":\"Kri\u0161t\u00e1\u013e Angelit &#8211; v\u00fdznam, v\u00fdhody, lie\u010div\u00e9 vlastnosti a sp\u00f4sob pou\u017eitia\"}]},{\"@type\":\"WebSite\",\"@id\":\"https:\\\/\\\/chacrys.com\\\/sk\\\/#website\",\"url\":\"https:\\\/\\\/chacrys.com\\\/sk\\\/\",\"name\":\"Chacrys\",\"description\":\"Chacrys\",\"publisher\":{\"@id\":\"https:\\\/\\\/chacrys.com\\\/sk\\\/#organization\"},\"potentialAction\":[{\"@type\":\"SearchAction\",\"target\":{\"@type\":\"EntryPoint\",\"urlTemplate\":\"https:\\\/\\\/chacrys.com\\\/sk\\\/?s={search_term_string}\"},\"query-input\":{\"@type\":\"PropertyValueSpecification\",\"valueRequired\":true,\"valueName\":\"search_term_string\"}}],\"inLanguage\":\"sk-SK\"},{\"@type\":\"Organization\",\"@id\":\"https:\\\/\\\/chacrys.com\\\/sk\\\/#organization\",\"name\":\"Chacrys\",\"url\":\"https:\\\/\\\/chacrys.com\\\/sk\\\/\",\"logo\":{\"@type\":\"ImageObject\",\"inLanguage\":\"sk-SK\",\"@id\":\"https:\\\/\\\/chacrys.com\\\/sk\\\/#\\\/schema\\\/logo\\\/image\\\/\",\"url\":\"https:\\\/\\\/chacrys.com\\\/wp-content\\\/uploads\\\/2024\\\/11\\\/cropped-FRANJULIA-6.png\",\"contentUrl\":\"https:\\\/\\\/chacrys.com\\\/wp-content\\\/uploads\\\/2024\\\/11\\\/cropped-FRANJULIA-6.png\",\"width\":512,\"height\":512,\"caption\":\"Chacrys\"},\"image\":{\"@id\":\"https:\\\/\\\/chacrys.com\\\/sk\\\/#\\\/schema\\\/logo\\\/image\\\/\"},\"sameAs\":[\"https:\\\/\\\/www.facebook.com\\\/chacryscrystal\",\"https:\\\/\\\/www.instagram.com\\\/chacrys\\\/\",\"https:\\\/\\\/www.pinterest.com\\\/chacryscrystalbed\\\/\",\"https:\\\/\\\/www.youtube.com\\\/@chacrysofficial9667\"]}]}<\/script>\n<!-- \/ Yoast SEO plugin. -->","yoast_head_json":{"title":"Kri\u0161t\u00e1\u013e Angelit - v\u00fdznam, v\u00fdhody, lie\u010div\u00e9 vlastnosti a sp\u00f4sob pou\u017eitia - Chacrys","robots":{"index":"index","follow":"follow","max-snippet":"max-snippet:-1","max-image-preview":"max-image-preview:large","max-video-preview":"max-video-preview:-1"},"canonical":"https:\/\/chacrys.com\/sk\/krystaly\/kristal-angelit-vyznam-vyhody-liecive-vlastnosti-a-sposob-pouzitia\/","og_locale":"sk_SK","og_type":"article","og_title":"Kri\u0161t\u00e1\u013e Angelit - v\u00fdznam, v\u00fdhody, lie\u010div\u00e9 vlastnosti a sp\u00f4sob pou\u017eitia - Chacrys","og_description":"\u010co je to anjelit? Zdvihnite kv\u00e1der polud\u0148aj\u0161ej oblohy, vybr\u00faste ho do hladka a budete ma\u0165 v ruk\u00e1ch anjelit. Z geologick\u00e9ho","og_url":"https:\/\/chacrys.com\/sk\/krystaly\/kristal-angelit-vyznam-vyhody-liecive-vlastnosti-a-sposob-pouzitia\/","og_site_name":"Chacrys","article_publisher":"https:\/\/www.facebook.com\/chacryscrystal","article_modified_time":"2025-07-06T16:34:01+00:00","twitter_card":"summary_large_image","twitter_misc":{"Predpokladan\u00fd \u010das \u010d\u00edtania":"2 min\u00faty"},"schema":{"@context":"https:\/\/schema.org","@graph":[{"@type":"WebPage","@id":"https:\/\/chacrys.com\/sk\/krystaly\/kristal-angelit-vyznam-vyhody-liecive-vlastnosti-a-sposob-pouzitia\/","url":"https:\/\/chacrys.com\/sk\/krystaly\/kristal-angelit-vyznam-vyhody-liecive-vlastnosti-a-sposob-pouzitia\/","name":"Kri\u0161t\u00e1\u013e Angelit - v\u00fdznam, v\u00fdhody, lie\u010div\u00e9 vlastnosti a sp\u00f4sob pou\u017eitia - Chacrys","isPartOf":{"@id":"https:\/\/chacrys.com\/sk\/#website"},"datePublished":"2025-07-06T16:32:53+00:00","dateModified":"2025-07-06T16:34:01+00:00","breadcrumb":{"@id":"https:\/\/chacrys.com\/sk\/krystaly\/kristal-angelit-vyznam-vyhody-liecive-vlastnosti-a-sposob-pouzitia\/#breadcrumb"},"inLanguage":"sk-SK","potentialAction":[{"@type":"ReadAction","target":["https:\/\/chacrys.com\/sk\/krystaly\/kristal-angelit-vyznam-vyhody-liecive-vlastnosti-a-sposob-pouzitia\/"]}]},{"@type":"BreadcrumbList","@id":"https:\/\/chacrys.com\/sk\/krystaly\/kristal-angelit-vyznam-vyhody-liecive-vlastnosti-a-sposob-pouzitia\/#breadcrumb","itemListElement":[{"@type":"ListItem","position":1,"name":"Home","item":"https:\/\/chacrys.com\/sk\/"},{"@type":"ListItem","position":2,"name":"Kry\u0161t\u00e1ly","item":"https:\/\/chacrys.com\/sk\/krystaly\/"},{"@type":"ListItem","position":3,"name":"Kri\u0161t\u00e1\u013e Angelit &#8211; v\u00fdznam, v\u00fdhody, lie\u010div\u00e9 vlastnosti a sp\u00f4sob pou\u017eitia"}]},{"@type":"WebSite","@id":"https:\/\/chacrys.com\/sk\/#website","url":"https:\/\/chacrys.com\/sk\/","name":"Chacrys","description":"Chacrys","publisher":{"@id":"https:\/\/chacrys.com\/sk\/#organization"},"potentialAction":[{"@type":"SearchAction","target":{"@type":"EntryPoint","urlTemplate":"https:\/\/chacrys.com\/sk\/?s={search_term_string}"},"query-input":{"@type":"PropertyValueSpecification","valueRequired":true,"valueName":"search_term_string"}}],"inLanguage":"sk-SK"},{"@type":"Organization","@id":"https:\/\/chacrys.com\/sk\/#organization","name":"Chacrys","url":"https:\/\/chacrys.com\/sk\/","logo":{"@type":"ImageObject","inLanguage":"sk-SK","@id":"https:\/\/chacrys.com\/sk\/#\/schema\/logo\/image\/","url":"https:\/\/chacrys.com\/wp-content\/uploads\/2024\/11\/cropped-FRANJULIA-6.png","contentUrl":"https:\/\/chacrys.com\/wp-content\/uploads\/2024\/11\/cropped-FRANJULIA-6.png","width":512,"height":512,"caption":"Chacrys"},"image":{"@id":"https:\/\/chacrys.com\/sk\/#\/schema\/logo\/image\/"},"sameAs":["https:\/\/www.facebook.com\/chacryscrystal","https:\/\/www.instagram.com\/chacrys\/","https:\/\/www.pinterest.com\/chacryscrystalbed\/","https:\/\/www.youtube.com\/@chacrysofficial9667"]}]}},"_links":{"self":[{"href":"https:\/\/chacrys.com\/sk\/wp-json\/wp\/v2\/pages\/33045","targetHints":{"allow":["GET"]}}],"collection":[{"href":"https:\/\/chacrys.com\/sk\/wp-json\/wp\/v2\/pages"}],"about":[{"href":"https:\/\/chacrys.com\/sk\/wp-json\/wp\/v2\/types\/page"}],"author":[{"embeddable":true,"href":"https:\/\/chacrys.com\/sk\/wp-json\/wp\/v2\/users\/1"}],"replies":[{"embeddable":true,"href":"https:\/\/chacrys.com\/sk\/wp-json\/wp\/v2\/comments?post=33045"}],"version-history":[{"count":1,"href":"https:\/\/chacrys.com\/sk\/wp-json\/wp\/v2\/pages\/33045\/revisions"}],"predecessor-version":[{"id":33401,"href":"https:\/\/chacrys.com\/sk\/wp-json\/wp\/v2\/pages\/33045\/revisions\/33401"}],"up":[{"embeddable":true,"href":"https:\/\/chacrys.com\/sk\/wp-json\/wp\/v2\/pages\/33021"}],"wp:attachment":[{"href":"https:\/\/chacrys.com\/sk\/wp-json\/wp\/v2\/media?parent=33045"}],"curies":[{"name":"wp","href":"https:\/\/api.w.org\/{rel}","templated":true}]}}