{"id":33021,"date":"2025-06-15T04:03:27","date_gmt":"2025-06-15T04:03:27","guid":{"rendered":"https:\/\/chacrys.com\/krystaly\/"},"modified":"2025-06-15T04:36:43","modified_gmt":"2025-06-15T04:36:43","slug":"krystaly","status":"publish","type":"page","link":"https:\/\/chacrys.com\/sk\/krystaly\/","title":{"rendered":"Kry\u0161t\u00e1ly"},"content":{"rendered":"<ul class=\"wp-block-page-list\"><li class=\"wp-block-pages-list__item\"><a class=\"wp-block-pages-list__item__link\" href=\"https:\/\/chacrys.com\/sk\/krystaly\/abalone-crystal-vyznam-vyhody-liecive-vlastnosti-a-sposob-pouzitia\/\">Abalone Crystal &#8211; v\u00fdznam, v\u00fdhody, lie\u010div\u00e9 vlastnosti a sp\u00f4sob pou\u017eitia<\/a><\/li><li class=\"wp-block-pages-list__item\"><a class=\"wp-block-pages-list__item__link\" href=\"https:\/\/chacrys.com\/sk\/krystaly\/achatovy-krystal-vyznam-vyhody-liecive-vlastnosti-a-sposob-pouzitia\/\">Ach\u00e1tov\u00fd kry\u0161t\u00e1l &#8211; v\u00fdznam, v\u00fdhody, lie\u010div\u00e9 vlastnosti a sp\u00f4sob pou\u017eitia<\/a><\/li><li class=\"wp-block-pages-list__item\"><a class=\"wp-block-pages-list__item__link\" href=\"https:\/\/chacrys.com\/sk\/krystaly\/krystal-amazonit-vyznam-vyhody-liecive-vlastnosti-a-sposob-pouzitia\/\">Amazonit Crystal V\u00fdznam, v\u00fdhody, lie\u010div\u00e9 vlastnosti a ako pou\u017e\u00edva\u0165<\/a><\/li><li class=\"wp-block-pages-list__item\"><a class=\"wp-block-pages-list__item__link\" href=\"https:\/\/chacrys.com\/sk\/krystaly\/ametystovy-krystal-vyznam-prinosy-liecive-vlastnosti-a-sposob-pouzitia\/\">Ametystov\u00fd kry\u0161t\u00e1l &#8211; v\u00fdznam, pr\u00ednosy, lie\u010div\u00e9 vlastnosti a sp\u00f4sob pou\u017eitia<\/a><\/li><li class=\"wp-block-pages-list__item\"><a class=\"wp-block-pages-list__item__link\" href=\"https:\/\/chacrys.com\/sk\/krystaly\/anjelsky-aura-kremen-vyznam-vyhody-liecive-vlastnosti-a-ako-pouzivat\/\">Anjelsk\u00fd aura kreme\u0148 &#8211; v\u00fdznam, v\u00fdhody, lie\u010div\u00e9 vlastnosti a ako pou\u017e\u00edva\u0165<\/a><\/li><li class=\"wp-block-pages-list__item\"><a class=\"wp-block-pages-list__item__link\" href=\"https:\/\/chacrys.com\/sk\/krystaly\/bronzitovy-krystal-vyznam-prinosy-liecive-vlastnosti-a-sposob-pouzitia\/\">Bronzitov\u00fd kry\u0161t\u00e1l &#8211; v\u00fdznam, pr\u00ednosy, lie\u010div\u00e9 vlastnosti a sp\u00f4sob pou\u017eitia<\/a><\/li><li class=\"wp-block-pages-list__item\"><a class=\"wp-block-pages-list__item__link\" href=\"https:\/\/chacrys.com\/sk\/krystaly\/cierny-krystal-morion-quartz-crystal-vyznam-vyhody-liecive-vlastnosti-a-ako-pouzivat\/\">\u010cierny kry\u0161t\u00e1l (Morion Quartz) Crystal &#8211; v\u00fdznam, v\u00fdhody, lie\u010div\u00e9 vlastnosti a ako pou\u017e\u00edva\u0165<\/a><\/li><li class=\"wp-block-pages-list__item\"><a class=\"wp-block-pages-list__item__link\" href=\"https:\/\/chacrys.com\/sk\/krystaly\/cierny-turmalin-schorl-vyznam-vyhody-liecive-vlastnosti-a-sposob-pouzitia\/\">\u010cierny turmal\u00edn (Schorl) &#8211; v\u00fdznam, v\u00fdhody, lie\u010div\u00e9 vlastnosti a sp\u00f4sob pou\u017eitia<\/a><\/li><li class=\"wp-block-pages-list__item\"><a class=\"wp-block-pages-list__item__link\" href=\"https:\/\/chacrys.com\/sk\/krystaly\/ciry-kremenny-krystal-vyznam-vyhody-liecive-vlastnosti-a-sposob-pouzitia\/\">\u010c\u00edry kremenn\u00fd kry\u0161t\u00e1l &#8211; v\u00fdznam, v\u00fdhody, lie\u010div\u00e9 vlastnosti a sp\u00f4sob pou\u017eitia<\/a><\/li><li class=\"wp-block-pages-list__item\"><a class=\"wp-block-pages-list__item__link\" href=\"https:\/\/chacrys.com\/sk\/krystaly\/citrin-vyznam-vyhody-liecive-vlastnosti-a-sposob-pouzitia\/\">Citr\u00edn &#8211; v\u00fdznam, v\u00fdhody, lie\u010div\u00e9 vlastnosti a sp\u00f4sob pou\u017eitia<\/a><\/li><li class=\"wp-block-pages-list__item\"><a class=\"wp-block-pages-list__item__link\" href=\"https:\/\/chacrys.com\/sk\/krystaly\/ghost-quartz-phantom-quartz-crystal-vyznam-vyhody-liecive-vlastnosti-a-ako-pouzivat\/\">Ghost Quartz (Phantom Quartz) Crystal &#8211; v\u00fdznam, v\u00fdhody, lie\u010div\u00e9 vlastnosti a ako pou\u017e\u00edva\u0165<\/a><\/li><li class=\"wp-block-pages-list__item\"><a class=\"wp-block-pages-list__item__link\" href=\"https:\/\/chacrys.com\/sk\/krystaly\/granatovy-krystal-vyznam-vyhody-liecive-vlastnosti-a-sposob-pouzitia\/\">Gran\u00e1tov\u00fd kry\u0161t\u00e1l &#8211; v\u00fdznam, v\u00fdhody, lie\u010div\u00e9 vlastnosti a sp\u00f4sob pou\u017eitia<\/a><\/li><li class=\"wp-block-pages-list__item\"><a class=\"wp-block-pages-list__item__link\" href=\"https:\/\/chacrys.com\/sk\/krystaly\/hematitovy-krystal-vyznam-vyhody-liecive-vlastnosti-a-sposob-pouzitia\/\">Hematitov\u00fd kry\u0161t\u00e1l &#8211; v\u00fdznam, v\u00fdhody, lie\u010div\u00e9 vlastnosti a sp\u00f4sob pou\u017eitia<\/a><\/li><li class=\"wp-block-pages-list__item\"><a class=\"wp-block-pages-list__item__link\" href=\"https:\/\/chacrys.com\/sk\/krystaly\/jaspis-crystal-vyznam-vyhody-liecive-vlastnosti-a-ako-pouzivat\/\">Jaspis Crystal &#8211; v\u00fdznam, v\u00fdhody, lie\u010div\u00e9 vlastnosti a ako pou\u017e\u00edva\u0165<\/a><\/li><li class=\"wp-block-pages-list__item\"><a class=\"wp-block-pages-list__item__link\" href=\"https:\/\/chacrys.com\/sk\/krystaly\/k2-stone-crystal-vyznam-vyhody-liecive-vlastnosti-a-sposob-pouzitia\/\">K2 Stone Crystal &#8211; v\u00fdznam, v\u00fdhody, lie\u010div\u00e9 vlastnosti a sp\u00f4sob pou\u017eitia<\/a><\/li><li class=\"wp-block-pages-list__item\"><a class=\"wp-block-pages-list__item__link\" href=\"https:\/\/chacrys.com\/sk\/krystaly\/kamen-ame-ametrin-vyznam-vyhody-liecive-vlastnosti-a-sposob-pouzitia\/\">Kame\u0148 Ame (Ametr\u00edn) &#8211; v\u00fdznam, v\u00fdhody, lie\u010div\u00e9 vlastnosti a sp\u00f4sob pou\u017eitia<\/a><\/li><li class=\"wp-block-pages-list__item\"><a class=\"wp-block-pages-list__item__link\" href=\"https:\/\/chacrys.com\/sk\/krystaly\/kristal-angelit-vyznam-vyhody-liecive-vlastnosti-a-sposob-pouzitia\/\">Kri\u0161t\u00e1\u013e Angelit &#8211; v\u00fdznam, v\u00fdhody, lie\u010div\u00e9 vlastnosti a sp\u00f4sob pou\u017eitia<\/a><\/li><li class=\"wp-block-pages-list__item\"><a class=\"wp-block-pages-list__item__link\" href=\"https:\/\/chacrys.com\/sk\/krystaly\/kristal-apofylitu-vyznam-prinosy-liecive-vlastnosti-a-sposob-pouzitia\/\">Kri\u0161t\u00e1\u013e apofylitu &#8211; v\u00fdznam, pr\u00ednosy, lie\u010div\u00e9 vlastnosti a sp\u00f4sob pou\u017eitia<\/a><\/li><li class=\"wp-block-pages-list__item\"><a class=\"wp-block-pages-list__item__link\" href=\"https:\/\/chacrys.com\/sk\/krystaly\/kristal-azuritu-vyznam-prinosy-liecive-vlastnosti-a-sposob-pouzitia\/\">Kri\u0161t\u00e1\u013e azuritu &#8211; v\u00fdznam, pr\u00ednosy, lie\u010div\u00e9 vlastnosti a sp\u00f4sob pou\u017eitia<\/a><\/li><li class=\"wp-block-pages-list__item\"><a class=\"wp-block-pages-list__item__link\" href=\"https:\/\/chacrys.com\/sk\/krystaly\/kristal-celestit-vyznam-prinosy-liecive-vlastnosti-a-sposob-pouzitia\/\">Kri\u0161t\u00e1\u013e celestit &#8211; v\u00fdznam, pr\u00ednosy, lie\u010div\u00e9 vlastnosti a sp\u00f4sob pou\u017eitia<\/a><\/li><li class=\"wp-block-pages-list__item\"><a class=\"wp-block-pages-list__item__link\" href=\"https:\/\/chacrys.com\/sk\/krystaly\/kristal-kalcitu-vyznam-vyhody-liecive-vlastnosti-a-sposob-pouzitia\/\">Kri\u0161t\u00e1\u013e kalcitu &#8211; v\u00fdznam, v\u00fdhody, lie\u010div\u00e9 vlastnosti a sp\u00f4sob pou\u017eitia<\/a><\/li><li class=\"wp-block-pages-list__item\"><a class=\"wp-block-pages-list__item__link\" href=\"https:\/\/chacrys.com\/sk\/krystaly\/kristal-karneolu-vyznam-vyhody-liecive-vlastnosti-a-sposob-pouzitia\/\">Kri\u0161t\u00e1\u013e karneolu &#8211; v\u00fdznam, v\u00fdhody, lie\u010div\u00e9 vlastnosti a sp\u00f4sob pou\u017eitia<\/a><\/li><li class=\"wp-block-pages-list__item\"><a class=\"wp-block-pages-list__item__link\" href=\"https:\/\/chacrys.com\/sk\/krystaly\/kristal-lepidolit-vyznam-vyhody-liecive-vlastnosti-a-sposob-pouzitia\/\">Kri\u0161t\u00e1\u013e Lepidolit &#8211; v\u00fdznam, v\u00fdhody, lie\u010div\u00e9 vlastnosti a sp\u00f4sob pou\u017eitia<\/a><\/li><li class=\"wp-block-pages-list__item\"><a class=\"wp-block-pages-list__item__link\" href=\"https:\/\/chacrys.com\/sk\/krystaly\/kristal-zeleneho-avanturinu-vyznam-vyhody-liecive-vlastnosti-a-sposob-pouzitia\/\">Kri\u0161t\u00e1\u013e zelen\u00e9ho avantur\u00ednu &#8211; v\u00fdznam, v\u00fdhody, lie\u010div\u00e9 vlastnosti a sp\u00f4sob pou\u017eitia<\/a><\/li><li class=\"wp-block-pages-list__item\"><a class=\"wp-block-pages-list__item__link\" href=\"https:\/\/chacrys.com\/sk\/krystaly\/krvavy-kamen-heliotrop-vyznam-vyhody-liecive-vlastnosti-a-sposob-pouzitia\/\">Krvav\u00fd kame\u0148 (heliotrop) &#8211; v\u00fdznam, v\u00fdhody, lie\u010div\u00e9 vlastnosti a sp\u00f4sob pou\u017eitia<\/a><\/li><li class=\"wp-block-pages-list__item\"><a class=\"wp-block-pages-list__item__link\" href=\"https:\/\/chacrys.com\/sk\/krystaly\/krystal-ametrin-vyznam-prinosy-liecive-vlastnosti-a-sposob-pouzitia\/\">Kry\u0161t\u00e1l ametr\u00edn &#8211; v\u00fdznam, pr\u00ednosy, lie\u010div\u00e9 vlastnosti a sp\u00f4sob pou\u017eitia<\/a><\/li><li class=\"wp-block-pages-list__item\"><a class=\"wp-block-pages-list__item__link\" href=\"https:\/\/chacrys.com\/sk\/krystaly\/krystal-apatitu-vyznam-vyhody-liecive-vlastnosti-a-sposob-pouzitia\/\">Kry\u0161t\u00e1l apatitu &#8211; v\u00fdznam, v\u00fdhody, lie\u010div\u00e9 vlastnosti a sp\u00f4sob pou\u017eitia<\/a><\/li><li class=\"wp-block-pages-list__item\"><a class=\"wp-block-pages-list__item__link\" href=\"https:\/\/chacrys.com\/sk\/krystaly\/krystal-aragonitu-vyznam-prinosy-liecive-vlastnosti-a-sposob-pouzitia\/\">Kry\u0161t\u00e1l aragonitu &#8211; v\u00fdznam, pr\u00ednosy, lie\u010div\u00e9 vlastnosti a sp\u00f4sob pou\u017eitia<\/a><\/li><li class=\"wp-block-pages-list__item\"><a class=\"wp-block-pages-list__item__link\" href=\"https:\/\/chacrys.com\/sk\/krystaly\/krystal-avanturin-vyznam-vyhody-liecive-vlastnosti-a-sposob-pouzitia\/\">Kry\u0161t\u00e1l avantur\u00edn &#8211; v\u00fdznam, v\u00fdhody, lie\u010div\u00e9 vlastnosti a sp\u00f4sob pou\u017eitia<\/a><\/li><li class=\"wp-block-pages-list__item\"><a class=\"wp-block-pages-list__item__link\" href=\"https:\/\/chacrys.com\/sk\/krystaly\/krystal-chryzokol-vyznam-prinosy-liecive-vlastnosti-a-sposob-pouzitia\/\">Kry\u0161t\u00e1l chryzokol &#8211; v\u00fdznam, pr\u00ednosy, lie\u010div\u00e9 vlastnosti a sp\u00f4sob pou\u017eitia<\/a><\/li><li class=\"wp-block-pages-list__item\"><a class=\"wp-block-pages-list__item__link\" href=\"https:\/\/chacrys.com\/sk\/krystaly\/krystal-chryzoprazu-vyznam-vyhody-liecive-vlastnosti-a-sposob-pouzitia\/\">Kry\u0161t\u00e1l chryzopr\u00e1zu &#8211; v\u00fdznam, v\u00fdhody, lie\u010div\u00e9 vlastnosti a sp\u00f4sob pou\u017eitia<\/a><\/li><li class=\"wp-block-pages-list__item\"><a class=\"wp-block-pages-list__item__link\" href=\"https:\/\/chacrys.com\/sk\/krystaly\/krystal-epidot-vyznam-vyhody-liecive-vlastnosti-a-sposob-pouzitia\/\">Kry\u0161t\u00e1l epidot &#8211; v\u00fdznam, v\u00fdhody, lie\u010div\u00e9 vlastnosti a sp\u00f4sob pou\u017eitia<\/a><\/li><li class=\"wp-block-pages-list__item\"><a class=\"wp-block-pages-list__item__link\" href=\"https:\/\/chacrys.com\/sk\/krystaly\/krystal-fluoritu-vyznam-prinosy-liecive-vlastnosti-a-sposob-pouzitia\/\">Kry\u0161t\u00e1l fluoritu &#8211; v\u00fdznam, pr\u00ednosy, lie\u010div\u00e9 vlastnosti a sp\u00f4sob pou\u017eitia<\/a><\/li><li class=\"wp-block-pages-list__item\"><a class=\"wp-block-pages-list__item__link\" href=\"https:\/\/chacrys.com\/sk\/krystaly\/krystal-labradorit-vyznam-vyhody-liecive-vlastnosti-a-sposob-pouzitia\/\">Kry\u0161t\u00e1l labradorit &#8211; v\u00fdznam, v\u00fdhody, lie\u010div\u00e9 vlastnosti a sp\u00f4sob pou\u017eitia<\/a><\/li><li class=\"wp-block-pages-list__item\"><a class=\"wp-block-pages-list__item__link\" href=\"https:\/\/chacrys.com\/sk\/krystaly\/krystal-lemurian-seed-vyznam-vyhody-liecive-vlastnosti-a-sposob-pouzitia\/\">Kry\u0161t\u00e1l Lemurian Seed &#8211; v\u00fdznam, v\u00fdhody, lie\u010div\u00e9 vlastnosti a sp\u00f4sob pou\u017eitia<\/a><\/li><li class=\"wp-block-pages-list__item\"><a class=\"wp-block-pages-list__item__link\" href=\"https:\/\/chacrys.com\/sk\/krystaly\/lapis-lazuli-crystal-vyznam-vyhody-liecive-vlastnosti-a-sposob-pouzitia\/\">Lapis Lazuli Crystal &#8211; v\u00fdznam, v\u00fdhody, lie\u010div\u00e9 vlastnosti a sp\u00f4sob pou\u017eitia<\/a><\/li><li class=\"wp-block-pages-list__item\"><a class=\"wp-block-pages-list__item__link\" href=\"https:\/\/chacrys.com\/sk\/krystaly\/lemursky-kremenny-krystal-vyznam-vyhody-liecive-vlastnosti-a-sposob-pouzitia\/\">Lemursk\u00fd kremenn\u00fd kry\u0161t\u00e1l &#8211; v\u00fdznam, v\u00fdhody, lie\u010div\u00e9 vlastnosti a sp\u00f4sob pou\u017eitia<\/a><\/li><li class=\"wp-block-pages-list__item\"><a class=\"wp-block-pages-list__item__link\" href=\"https:\/\/chacrys.com\/sk\/krystaly\/malachitovy-krystal-vyznam-prinosy-liecive-vlastnosti-a-sposob-pouzitia\/\">Malachitov\u00fd kry\u0161t\u00e1l &#8211; v\u00fdznam, pr\u00ednosy, lie\u010div\u00e9 vlastnosti a sp\u00f4sob pou\u017eitia<\/a><\/li><li class=\"wp-block-pages-list__item\"><a class=\"wp-block-pages-list__item__link\" href=\"https:\/\/chacrys.com\/sk\/krystaly\/modry-krystal-apatitu-vyznam-vyhody-liecive-vlastnosti-a-sposob-pouzitia\/\">Modr\u00fd kry\u0161t\u00e1l apatitu &#8211; v\u00fdznam, v\u00fdhody, lie\u010div\u00e9 vlastnosti a sp\u00f4sob pou\u017eitia<\/a><\/li><li class=\"wp-block-pages-list__item\"><a class=\"wp-block-pages-list__item__link\" href=\"https:\/\/chacrys.com\/sk\/krystaly\/modry-krystal-celestit-vyznam-prinosy-liecive-vlastnosti-a-sposob-pouzitia\/\">Modr\u00fd kry\u0161t\u00e1l celestit &#8211; v\u00fdznam, pr\u00ednosy, lie\u010div\u00e9 vlastnosti a sp\u00f4sob pou\u017eitia<\/a><\/li><li class=\"wp-block-pages-list__item\"><a class=\"wp-block-pages-list__item__link\" href=\"https:\/\/chacrys.com\/sk\/krystaly\/ocne-oko-tigrie-oko-vyznam-vyhody-liecive-vlastnosti-a-sposob-pouzitia\/\">O\u010dn\u00e9 oko (Tigrie oko) &#8211; v\u00fdznam, v\u00fdhody, lie\u010div\u00e9 vlastnosti a sp\u00f4sob pou\u017eitia<\/a><\/li><li class=\"wp-block-pages-list__item\"><a class=\"wp-block-pages-list__item__link\" href=\"https:\/\/chacrys.com\/sk\/krystaly\/zeleny-krystal-fluoritu-vyznam-vyhody-liecive-vlastnosti-a-sposob-pouzitia\/\">Zelen\u00fd kry\u0161t\u00e1l fluoritu &#8211; v\u00fdznam, v\u00fdhody, lie\u010div\u00e9 vlastnosti a sp\u00f4sob pou\u017eitia<\/a><\/li><li class=\"wp-block-pages-list__item\"><a class=\"wp-block-pages-list__item__link\" href=\"https:\/\/chacrys.com\/sk\/krystaly\/zeleny-krystal-malachitu-vyznam-prinosy-liecive-vlastnosti-a-sposob-pouzitia\/\">Zelen\u00fd kry\u0161t\u00e1l malachitu &#8211; v\u00fdznam, pr\u00ednosy, lie\u010div\u00e9 vlastnosti a sp\u00f4sob pou\u017eitia<\/a><\/li><li class=\"wp-block-pages-list__item\"><a class=\"wp-block-pages-list__item__link\" href=\"https:\/\/chacrys.com\/sk\/krystaly\/zlaty-kamen-vyznam-vyhody-liecive-vlastnosti-a-sposob-pouzitia\/\">Zlat\u00fd kame\u0148 &#8211; v\u00fdznam, v\u00fdhody, lie\u010div\u00e9 vlastnosti a sp\u00f4sob pou\u017eitia<\/a><\/li><li class=\"wp-block-pages-list__item\"><a class=\"wp-block-pages-list__item__link\" href=\"https:\/\/chacrys.com\/sk\/krystaly\/zlaty-kremen-vyznam-vyhody-liecive-vlastnosti-a-sposob-pouzitia\/\">Zlat\u00fd kreme\u0148 &#8211; v\u00fdznam, v\u00fdhody, lie\u010div\u00e9 vlastnosti a sp\u00f4sob pou\u017eitia<\/a><\/li><li class=\"wp-block-pages-list__item\"><a class=\"wp-block-pages-list__item__link\" href=\"https:\/\/chacrys.com\/sk\/krystaly\/zlaty-liecivy-krystal-vyznam-prinosy-liecive-vlastnosti-a-sposob-pouzitia\/\">Zlat\u00fd lie\u010div\u00fd kry\u0161t\u00e1l &#8211; v\u00fdznam, pr\u00ednosy, lie\u010div\u00e9 vlastnosti a sp\u00f4sob pou\u017eitia<\/a><\/li><\/ul>\n\n\n<p><\/p>\n","protected":false},"excerpt":{"rendered":"","protected":false},"author":1,"featured_media":0,"parent":0,"menu_order":0,"comment_status":"closed","ping_status":"closed","template":"","meta":{"footnotes":""},"class_list":["post-33021","page","type-page","status-publish","hentry"],"yoast_head":"<!-- This site is optimized with the Yoast SEO plugin v27.4 - https:\/\/yoast.com\/product\/yoast-seo-wordpress\/ -->\n<title>Crystal Directory | Chacrys<\/title>\n<meta name=\"description\" content=\"Pozrite si n\u00e1\u0161 katal\u00f3g kry\u0161t\u00e1lov a dozviete sa viac o r\u00f4znych typoch kry\u0161t\u00e1lov.\" \/>\n<meta name=\"robots\" content=\"index, follow, max-snippet:-1, max-image-preview:large, max-video-preview:-1\" \/>\n<link rel=\"canonical\" href=\"https:\/\/chacrys.com\/sk\/krystaly\/\" \/>\n<meta property=\"og:locale\" content=\"sk_SK\" \/>\n<meta property=\"og:type\" content=\"article\" \/>\n<meta property=\"og:title\" content=\"Crystal Directory | Chacrys\" \/>\n<meta property=\"og:description\" content=\"Pozrite si n\u00e1\u0161 katal\u00f3g kry\u0161t\u00e1lov a dozviete sa viac o r\u00f4znych typoch kry\u0161t\u00e1lov.\" \/>\n<meta property=\"og:url\" content=\"https:\/\/chacrys.com\/sk\/krystaly\/\" \/>\n<meta property=\"og:site_name\" content=\"Chacrys\" \/>\n<meta property=\"article:publisher\" content=\"https:\/\/www.facebook.com\/chacryscrystal\" \/>\n<meta property=\"article:modified_time\" content=\"2025-06-15T04:36:43+00:00\" \/>\n<meta name=\"twitter:card\" content=\"summary_large_image\" \/>\n<script type=\"application\/ld+json\" class=\"yoast-schema-graph\">{\"@context\":\"https:\\\/\\\/schema.org\",\"@graph\":[{\"@type\":\"WebPage\",\"@id\":\"https:\\\/\\\/chacrys.com\\\/sk\\\/krystaly\\\/\",\"url\":\"https:\\\/\\\/chacrys.com\\\/sk\\\/krystaly\\\/\",\"name\":\"Crystal Directory | Chacrys\",\"isPartOf\":{\"@id\":\"https:\\\/\\\/chacrys.com\\\/sk\\\/#website\"},\"datePublished\":\"2025-06-15T04:03:27+00:00\",\"dateModified\":\"2025-06-15T04:36:43+00:00\",\"description\":\"Pozrite si n\u00e1\u0161 katal\u00f3g kry\u0161t\u00e1lov a dozviete sa viac o r\u00f4znych typoch kry\u0161t\u00e1lov.\",\"breadcrumb\":{\"@id\":\"https:\\\/\\\/chacrys.com\\\/sk\\\/krystaly\\\/#breadcrumb\"},\"inLanguage\":\"sk-SK\",\"potentialAction\":[{\"@type\":\"ReadAction\",\"target\":[\"https:\\\/\\\/chacrys.com\\\/sk\\\/krystaly\\\/\"]}]},{\"@type\":\"BreadcrumbList\",\"@id\":\"https:\\\/\\\/chacrys.com\\\/sk\\\/krystaly\\\/#breadcrumb\",\"itemListElement\":[{\"@type\":\"ListItem\",\"position\":1,\"name\":\"Home\",\"item\":\"https:\\\/\\\/chacrys.com\\\/sk\\\/\"},{\"@type\":\"ListItem\",\"position\":2,\"name\":\"Kry\u0161t\u00e1ly\"}]},{\"@type\":\"WebSite\",\"@id\":\"https:\\\/\\\/chacrys.com\\\/sk\\\/#website\",\"url\":\"https:\\\/\\\/chacrys.com\\\/sk\\\/\",\"name\":\"Chacrys\",\"description\":\"Chacrys\",\"publisher\":{\"@id\":\"https:\\\/\\\/chacrys.com\\\/sk\\\/#organization\"},\"potentialAction\":[{\"@type\":\"SearchAction\",\"target\":{\"@type\":\"EntryPoint\",\"urlTemplate\":\"https:\\\/\\\/chacrys.com\\\/sk\\\/?s={search_term_string}\"},\"query-input\":{\"@type\":\"PropertyValueSpecification\",\"valueRequired\":true,\"valueName\":\"search_term_string\"}}],\"inLanguage\":\"sk-SK\"},{\"@type\":\"Organization\",\"@id\":\"https:\\\/\\\/chacrys.com\\\/sk\\\/#organization\",\"name\":\"Chacrys\",\"url\":\"https:\\\/\\\/chacrys.com\\\/sk\\\/\",\"logo\":{\"@type\":\"ImageObject\",\"inLanguage\":\"sk-SK\",\"@id\":\"https:\\\/\\\/chacrys.com\\\/sk\\\/#\\\/schema\\\/logo\\\/image\\\/\",\"url\":\"https:\\\/\\\/chacrys.com\\\/wp-content\\\/uploads\\\/2024\\\/11\\\/cropped-FRANJULIA-6.png\",\"contentUrl\":\"https:\\\/\\\/chacrys.com\\\/wp-content\\\/uploads\\\/2024\\\/11\\\/cropped-FRANJULIA-6.png\",\"width\":512,\"height\":512,\"caption\":\"Chacrys\"},\"image\":{\"@id\":\"https:\\\/\\\/chacrys.com\\\/sk\\\/#\\\/schema\\\/logo\\\/image\\\/\"},\"sameAs\":[\"https:\\\/\\\/www.facebook.com\\\/chacryscrystal\",\"https:\\\/\\\/www.instagram.com\\\/chacrys\\\/\",\"https:\\\/\\\/www.pinterest.com\\\/chacryscrystalbed\\\/\",\"https:\\\/\\\/www.youtube.com\\\/@chacrysofficial9667\"]}]}<\/script>\n<!-- \/ Yoast SEO plugin. -->","yoast_head_json":{"title":"Crystal Directory | Chacrys","description":"Pozrite si n\u00e1\u0161 katal\u00f3g kry\u0161t\u00e1lov a dozviete sa viac o r\u00f4znych typoch kry\u0161t\u00e1lov.","robots":{"index":"index","follow":"follow","max-snippet":"max-snippet:-1","max-image-preview":"max-image-preview:large","max-video-preview":"max-video-preview:-1"},"canonical":"https:\/\/chacrys.com\/sk\/krystaly\/","og_locale":"sk_SK","og_type":"article","og_title":"Crystal Directory | Chacrys","og_description":"Pozrite si n\u00e1\u0161 katal\u00f3g kry\u0161t\u00e1lov a dozviete sa viac o r\u00f4znych typoch kry\u0161t\u00e1lov.","og_url":"https:\/\/chacrys.com\/sk\/krystaly\/","og_site_name":"Chacrys","article_publisher":"https:\/\/www.facebook.com\/chacryscrystal","article_modified_time":"2025-06-15T04:36:43+00:00","twitter_card":"summary_large_image","schema":{"@context":"https:\/\/schema.org","@graph":[{"@type":"WebPage","@id":"https:\/\/chacrys.com\/sk\/krystaly\/","url":"https:\/\/chacrys.com\/sk\/krystaly\/","name":"Crystal Directory | Chacrys","isPartOf":{"@id":"https:\/\/chacrys.com\/sk\/#website"},"datePublished":"2025-06-15T04:03:27+00:00","dateModified":"2025-06-15T04:36:43+00:00","description":"Pozrite si n\u00e1\u0161 katal\u00f3g kry\u0161t\u00e1lov a dozviete sa viac o r\u00f4znych typoch kry\u0161t\u00e1lov.","breadcrumb":{"@id":"https:\/\/chacrys.com\/sk\/krystaly\/#breadcrumb"},"inLanguage":"sk-SK","potentialAction":[{"@type":"ReadAction","target":["https:\/\/chacrys.com\/sk\/krystaly\/"]}]},{"@type":"BreadcrumbList","@id":"https:\/\/chacrys.com\/sk\/krystaly\/#breadcrumb","itemListElement":[{"@type":"ListItem","position":1,"name":"Home","item":"https:\/\/chacrys.com\/sk\/"},{"@type":"ListItem","position":2,"name":"Kry\u0161t\u00e1ly"}]},{"@type":"WebSite","@id":"https:\/\/chacrys.com\/sk\/#website","url":"https:\/\/chacrys.com\/sk\/","name":"Chacrys","description":"Chacrys","publisher":{"@id":"https:\/\/chacrys.com\/sk\/#organization"},"potentialAction":[{"@type":"SearchAction","target":{"@type":"EntryPoint","urlTemplate":"https:\/\/chacrys.com\/sk\/?s={search_term_string}"},"query-input":{"@type":"PropertyValueSpecification","valueRequired":true,"valueName":"search_term_string"}}],"inLanguage":"sk-SK"},{"@type":"Organization","@id":"https:\/\/chacrys.com\/sk\/#organization","name":"Chacrys","url":"https:\/\/chacrys.com\/sk\/","logo":{"@type":"ImageObject","inLanguage":"sk-SK","@id":"https:\/\/chacrys.com\/sk\/#\/schema\/logo\/image\/","url":"https:\/\/chacrys.com\/wp-content\/uploads\/2024\/11\/cropped-FRANJULIA-6.png","contentUrl":"https:\/\/chacrys.com\/wp-content\/uploads\/2024\/11\/cropped-FRANJULIA-6.png","width":512,"height":512,"caption":"Chacrys"},"image":{"@id":"https:\/\/chacrys.com\/sk\/#\/schema\/logo\/image\/"},"sameAs":["https:\/\/www.facebook.com\/chacryscrystal","https:\/\/www.instagram.com\/chacrys\/","https:\/\/www.pinterest.com\/chacryscrystalbed\/","https:\/\/www.youtube.com\/@chacrysofficial9667"]}]}},"_links":{"self":[{"href":"https:\/\/chacrys.com\/sk\/wp-json\/wp\/v2\/pages\/33021","targetHints":{"allow":["GET"]}}],"collection":[{"href":"https:\/\/chacrys.com\/sk\/wp-json\/wp\/v2\/pages"}],"about":[{"href":"https:\/\/chacrys.com\/sk\/wp-json\/wp\/v2\/types\/page"}],"author":[{"embeddable":true,"href":"https:\/\/chacrys.com\/sk\/wp-json\/wp\/v2\/users\/1"}],"replies":[{"embeddable":true,"href":"https:\/\/chacrys.com\/sk\/wp-json\/wp\/v2\/comments?post=33021"}],"version-history":[{"count":2,"href":"https:\/\/chacrys.com\/sk\/wp-json\/wp\/v2\/pages\/33021\/revisions"}],"predecessor-version":[{"id":33086,"href":"https:\/\/chacrys.com\/sk\/wp-json\/wp\/v2\/pages\/33021\/revisions\/33086"}],"wp:attachment":[{"href":"https:\/\/chacrys.com\/sk\/wp-json\/wp\/v2\/media?parent=33021"}],"curies":[{"name":"wp","href":"https:\/\/api.w.org\/{rel}","templated":true}]}}