{"id":31638,"date":"2021-10-12T15:51:09","date_gmt":"2021-10-12T15:51:09","guid":{"rendered":"https:\/\/chacrys.com\/o-nas\/"},"modified":"2024-12-02T12:01:10","modified_gmt":"2024-12-02T12:01:10","slug":"o-nas","status":"publish","type":"page","link":"https:\/\/chacrys.com\/sk\/o-nas\/","title":{"rendered":"O n\u00e1s"},"content":{"rendered":"\t\t<div data-elementor-type=\"wp-page\" data-elementor-id=\"31638\" class=\"elementor elementor-31638 elementor-4400\">\n\t\t\t\t<div class=\"wd-negative-gap elementor-element elementor-element-c79d494 e-flex e-con-boxed e-con e-parent\" data-id=\"c79d494\" data-element_type=\"container\" data-e-type=\"container\">\n\t\t\t\t\t<div class=\"e-con-inner\">\n\t\t<div class=\"elementor-element elementor-element-eda97c0 e-con-full e-flex e-con e-child\" data-id=\"eda97c0\" data-element_type=\"container\" data-e-type=\"container\">\n\t\t\t\t<div class=\"elementor-element elementor-element-afb9151 elementor-widget elementor-widget-heading\" data-id=\"afb9151\" data-element_type=\"widget\" data-e-type=\"widget\" data-widget_type=\"heading.default\">\n\t\t\t\t<div class=\"elementor-widget-container\">\n\t\t\t\t\t<h2 class=\"elementor-heading-title elementor-size-default\">Pr\u00edbeh Chacrys<\/h2>\t\t\t\t<\/div>\n\t\t\t\t<\/div>\n\t\t\t\t<div class=\"elementor-element elementor-element-84fe9c9 elementor-widget elementor-widget-wd_text_block\" data-id=\"84fe9c9\" data-element_type=\"widget\" data-e-type=\"widget\" data-widget_type=\"wd_text_block.default\">\n\t\t\t\t<div class=\"elementor-widget-container\">\n\t\t\t\t\t\t\t<div class=\"wd-text-block reset-last-child text-left\">\n\t\t\t\n\t\t\t<p>Na jar 2013 nastal v mojom \u017eivote zlom. \u00daplne som vyhorel, m\u00f4j \u017eivot u\u017e nemal zmysel. Moja vitalita sa vytratila a u\u017e som takmer nedok\u00e1zal n\u00e1js\u0165 \u017eiadnu rados\u0165 zo \u017eivota. Mal som pocit, \u017ee mus\u00edm na nejak\u00fd \u010das opusti\u0165 svoju krajinu a na\u010derpa\u0165 sily niekde inde, aby som sa mohol pozrie\u0165 na svoj \u017eivot z inej perspekt\u00edvy.   <\/p><p>Na\u0161iel som si dobrovo\u013en\u00edcku pr\u00e1cu na z\u00e1mku v od\u013eahlej dedine na severe Nemecka, kde sa nach\u00e1dzalo duchovn\u00e9 lie\u010debn\u00e9 stredisko. Dva mesiace som na hrade pracoval ako \u00fadr\u017eb\u00e1r. Ka\u017ed\u00fd de\u0148 som skoro r\u00e1no meditoval, popoludn\u00ed cvi\u010dil jogu a ve\u013ea \u010dasu som tr\u00e1vil v pr\u00edrode.  <\/p><p>Na hrade bola dom\u00e1ca kri\u0161t\u00e1\u013eov\u00e1 poste\u013e a m\u00f4\u017eem v\u00e1m poveda\u0165, \u017ee to bola l\u00e1ska na prv\u00fd poh\u013ead. Osobne som za\u017eil silu kry\u0161t\u00e1lov a za\u010dal som sa o nich u\u010di\u0165. <\/p><p>Ke\u010f sa skon\u010dila moja dvojmesa\u010dn\u00e1 zmluva, mal som v srdci pocit, \u017ee moj\u00edm poslan\u00edm je sprostredkova\u0165 koncept kri\u0161t\u00e1\u013eov\u00e9ho l\u00f4\u017eka \u010do najv\u00e4\u010d\u0161iemu po\u010dtu \u013eud\u00ed na svete, aby pomohli in\u00fdm.<\/p><p>V tom \u010dase som e\u0161te nevedel, ako sa k tomu postav\u00edm. Nemal som \u017eiadnu technick\u00fa kvalifik\u00e1ciu ani vedomosti, ale m\u00f4j vn\u00fatorn\u00fd impulz \u00eds\u0165 za svoj\u00edm poslan\u00edm bol ove\u013ea silnej\u0161\u00ed ako prek\u00e1\u017eky, ktor\u00fdm som musel \u010deli\u0165. A tak po tom, \u010do som do projektu vlo\u017eil ve\u013ea pr\u00e1ce a \u00fasilia, a s pomocou ostatn\u00fdch, ktor\u00fdm som ve\u013emi v\u010fa\u010dn\u00fd, vzniklo prv\u00e9 kri\u0161t\u00e1\u013eov\u00e9 l\u00f4\u017eko Chacrys.  <\/p><p>Kr\u00e1tko nato bola navrhnut\u00e1 kri\u0161t\u00e1\u013eov\u00e1 lampa Chacrys Mini. Odvtedy pou\u017e\u00edva na\u0161e v\u00fdrobky ve\u013ea \u013eud\u00ed po celom svete. V spolo\u010dnosti Chacrys sme do v\u00fdroby ka\u017ed\u00e9ho n\u00e1\u0161ho zariadenia vlo\u017eili ve\u013ea srdca a du\u0161e s vedom\u00edm, \u017ee bud\u00fa sl\u00fa\u017ei\u0165 v prospech ich pou\u017e\u00edvate\u013eov.  <\/p>\n\t\t\t\t\t<\/div>\n\t\t\t\t\t\t<\/div>\n\t\t\t\t<\/div>\n\t\t\t\t<\/div>\n\t\t<div class=\"elementor-element elementor-element-1ee12c6 e-con-full e-flex e-con e-child\" data-id=\"1ee12c6\" data-element_type=\"container\" data-e-type=\"container\">\n\t\t\t\t<div class=\"elementor-element elementor-element-8a7fe86 elementor-widget elementor-widget-video\" data-id=\"8a7fe86\" data-element_type=\"widget\" data-e-type=\"widget\" data-settings=\"{&quot;youtube_url&quot;:&quot;https:\\\/\\\/www.youtube.com\\\/watch?v=e-HBSrzJWvg&quot;,&quot;video_type&quot;:&quot;youtube&quot;,&quot;controls&quot;:&quot;yes&quot;}\" data-widget_type=\"video.default\">\n\t\t\t\t<div class=\"elementor-widget-container\">\n\t\t\t\t\t\t\t<div class=\"elementor-wrapper elementor-open-inline\">\n\t\t\t<div class=\"elementor-video\"><\/div>\t\t<\/div>\n\t\t\t\t\t\t<\/div>\n\t\t\t\t<\/div>\n\t\t\t\t<div class=\"elementor-element elementor-element-6018d9e elementor-widget elementor-widget-image\" data-id=\"6018d9e\" data-element_type=\"widget\" data-e-type=\"widget\" data-widget_type=\"image.default\">\n\t\t\t\t<div class=\"elementor-widget-container\">\n\t\t\t\t\t\t\t\t\t\t\t\t\t\t\t<img decoding=\"async\" width=\"1104\" height=\"800\" src=\"https:\/\/chacrys.com\/wp-content\/uploads\/2024\/11\/bedi-laszlo-1104x800.jpg\" class=\"attachment-large size-large wp-image-30524\" alt=\"\" srcset=\"https:\/\/chacrys.com\/wp-content\/uploads\/2024\/11\/bedi-laszlo-1104x800.jpg 1104w, https:\/\/chacrys.com\/wp-content\/uploads\/2024\/11\/bedi-laszlo-430x311.jpg 430w, https:\/\/chacrys.com\/wp-content\/uploads\/2024\/11\/bedi-laszlo-150x109.jpg 150w, https:\/\/chacrys.com\/wp-content\/uploads\/2024\/11\/bedi-laszlo-700x507.jpg 700w, https:\/\/chacrys.com\/wp-content\/uploads\/2024\/11\/bedi-laszlo-400x290.jpg 400w, https:\/\/chacrys.com\/wp-content\/uploads\/2024\/11\/bedi-laszlo-768x556.jpg 768w, https:\/\/chacrys.com\/wp-content\/uploads\/2024\/11\/bedi-laszlo-1536x1113.jpg 1536w, https:\/\/chacrys.com\/wp-content\/uploads\/2024\/11\/bedi-laszlo.jpg 1600w\" sizes=\"(max-width: 1104px) 100vw, 1104px\" \/>\t\t\t\t\t\t\t\t\t\t\t\t\t\t\t<\/div>\n\t\t\t\t<\/div>\n\t\t\t\t<\/div>\n\t\t\t\t\t<\/div>\n\t\t\t\t<\/div>\n\t\t\t\t<\/div>\n\t\t","protected":false},"excerpt":{"rendered":"<p>Pr\u00edbeh Chacrys Na jar 2013 nastal v mojom \u017eivote zlom. \u00daplne som vyhorel, m\u00f4j \u017eivot u\u017e nemal zmysel. Moja vitalita<\/p>\n","protected":false},"author":1,"featured_media":0,"parent":0,"menu_order":0,"comment_status":"closed","ping_status":"closed","template":"","meta":{"footnotes":""},"class_list":["post-31638","page","type-page","status-publish","hentry"],"yoast_head":"<!-- This site is optimized with the Yoast SEO plugin v27.3 - https:\/\/yoast.com\/product\/yoast-seo-wordpress\/ -->\n<title>O n\u00e1s - Chacrys<\/title>\n<meta name=\"robots\" content=\"index, follow, max-snippet:-1, max-image-preview:large, max-video-preview:-1\" \/>\n<link rel=\"canonical\" href=\"https:\/\/chacrys.com\/sk\/o-nas\/\" \/>\n<meta property=\"og:locale\" content=\"sk_SK\" \/>\n<meta property=\"og:type\" content=\"article\" \/>\n<meta property=\"og:title\" content=\"O n\u00e1s - Chacrys\" \/>\n<meta property=\"og:description\" content=\"Pr\u00edbeh Chacrys Na jar 2013 nastal v mojom \u017eivote zlom. \u00daplne som vyhorel, m\u00f4j \u017eivot u\u017e nemal zmysel. Moja vitalita\" \/>\n<meta property=\"og:url\" content=\"https:\/\/chacrys.com\/sk\/o-nas\/\" \/>\n<meta property=\"og:site_name\" content=\"Chacrys\" \/>\n<meta property=\"article:publisher\" content=\"https:\/\/www.facebook.com\/chacryscrystal\" \/>\n<meta property=\"article:modified_time\" content=\"2024-12-02T12:01:10+00:00\" \/>\n<meta property=\"og:image\" content=\"https:\/\/chacrys.com\/wp-content\/uploads\/2024\/11\/bedi-laszlo-1104x800.jpg\" \/>\n<meta name=\"twitter:card\" content=\"summary_large_image\" \/>\n<meta name=\"twitter:label1\" content=\"Predpokladan\u00fd \u010das \u010d\u00edtania\" \/>\n\t<meta name=\"twitter:data1\" content=\"2 min\u00faty\" \/>\n<script type=\"application\/ld+json\" class=\"yoast-schema-graph\">{\"@context\":\"https:\\\/\\\/schema.org\",\"@graph\":[{\"@type\":\"WebPage\",\"@id\":\"https:\\\/\\\/chacrys.com\\\/sk\\\/o-nas\\\/\",\"url\":\"https:\\\/\\\/chacrys.com\\\/sk\\\/o-nas\\\/\",\"name\":\"O n\u00e1s - Chacrys\",\"isPartOf\":{\"@id\":\"https:\\\/\\\/chacrys.com\\\/sk\\\/#website\"},\"primaryImageOfPage\":{\"@id\":\"https:\\\/\\\/chacrys.com\\\/sk\\\/o-nas\\\/#primaryimage\"},\"image\":{\"@id\":\"https:\\\/\\\/chacrys.com\\\/sk\\\/o-nas\\\/#primaryimage\"},\"thumbnailUrl\":\"https:\\\/\\\/chacrys.com\\\/wp-content\\\/uploads\\\/2024\\\/11\\\/bedi-laszlo-1104x800.jpg\",\"datePublished\":\"2021-10-12T15:51:09+00:00\",\"dateModified\":\"2024-12-02T12:01:10+00:00\",\"breadcrumb\":{\"@id\":\"https:\\\/\\\/chacrys.com\\\/sk\\\/o-nas\\\/#breadcrumb\"},\"inLanguage\":\"sk-SK\",\"potentialAction\":[{\"@type\":\"ReadAction\",\"target\":[\"https:\\\/\\\/chacrys.com\\\/sk\\\/o-nas\\\/\"]}]},{\"@type\":\"ImageObject\",\"inLanguage\":\"sk-SK\",\"@id\":\"https:\\\/\\\/chacrys.com\\\/sk\\\/o-nas\\\/#primaryimage\",\"url\":\"https:\\\/\\\/chacrys.com\\\/wp-content\\\/uploads\\\/2024\\\/11\\\/bedi-laszlo-1104x800.jpg\",\"contentUrl\":\"https:\\\/\\\/chacrys.com\\\/wp-content\\\/uploads\\\/2024\\\/11\\\/bedi-laszlo-1104x800.jpg\"},{\"@type\":\"BreadcrumbList\",\"@id\":\"https:\\\/\\\/chacrys.com\\\/sk\\\/o-nas\\\/#breadcrumb\",\"itemListElement\":[{\"@type\":\"ListItem\",\"position\":1,\"name\":\"Home\",\"item\":\"https:\\\/\\\/chacrys.com\\\/sk\\\/\"},{\"@type\":\"ListItem\",\"position\":2,\"name\":\"O n\u00e1s\"}]},{\"@type\":\"WebSite\",\"@id\":\"https:\\\/\\\/chacrys.com\\\/sk\\\/#website\",\"url\":\"https:\\\/\\\/chacrys.com\\\/sk\\\/\",\"name\":\"Chacrys\",\"description\":\"Chacrys\",\"publisher\":{\"@id\":\"https:\\\/\\\/chacrys.com\\\/sk\\\/#organization\"},\"potentialAction\":[{\"@type\":\"SearchAction\",\"target\":{\"@type\":\"EntryPoint\",\"urlTemplate\":\"https:\\\/\\\/chacrys.com\\\/sk\\\/?s={search_term_string}\"},\"query-input\":{\"@type\":\"PropertyValueSpecification\",\"valueRequired\":true,\"valueName\":\"search_term_string\"}}],\"inLanguage\":\"sk-SK\"},{\"@type\":\"Organization\",\"@id\":\"https:\\\/\\\/chacrys.com\\\/sk\\\/#organization\",\"name\":\"Chacrys\",\"url\":\"https:\\\/\\\/chacrys.com\\\/sk\\\/\",\"logo\":{\"@type\":\"ImageObject\",\"inLanguage\":\"sk-SK\",\"@id\":\"https:\\\/\\\/chacrys.com\\\/sk\\\/#\\\/schema\\\/logo\\\/image\\\/\",\"url\":\"https:\\\/\\\/chacrys.com\\\/wp-content\\\/uploads\\\/2024\\\/11\\\/cropped-FRANJULIA-6.png\",\"contentUrl\":\"https:\\\/\\\/chacrys.com\\\/wp-content\\\/uploads\\\/2024\\\/11\\\/cropped-FRANJULIA-6.png\",\"width\":512,\"height\":512,\"caption\":\"Chacrys\"},\"image\":{\"@id\":\"https:\\\/\\\/chacrys.com\\\/sk\\\/#\\\/schema\\\/logo\\\/image\\\/\"},\"sameAs\":[\"https:\\\/\\\/www.facebook.com\\\/chacryscrystal\",\"https:\\\/\\\/www.instagram.com\\\/chacrys\\\/\",\"https:\\\/\\\/www.pinterest.com\\\/chacryscrystalbed\\\/\",\"https:\\\/\\\/www.youtube.com\\\/@chacrysofficial9667\"]}]}<\/script>\n<!-- \/ Yoast SEO plugin. -->","yoast_head_json":{"title":"O n\u00e1s - Chacrys","robots":{"index":"index","follow":"follow","max-snippet":"max-snippet:-1","max-image-preview":"max-image-preview:large","max-video-preview":"max-video-preview:-1"},"canonical":"https:\/\/chacrys.com\/sk\/o-nas\/","og_locale":"sk_SK","og_type":"article","og_title":"O n\u00e1s - Chacrys","og_description":"Pr\u00edbeh Chacrys Na jar 2013 nastal v mojom \u017eivote zlom. \u00daplne som vyhorel, m\u00f4j \u017eivot u\u017e nemal zmysel. Moja vitalita","og_url":"https:\/\/chacrys.com\/sk\/o-nas\/","og_site_name":"Chacrys","article_publisher":"https:\/\/www.facebook.com\/chacryscrystal","article_modified_time":"2024-12-02T12:01:10+00:00","og_image":[{"url":"https:\/\/chacrys.com\/wp-content\/uploads\/2024\/11\/bedi-laszlo-1104x800.jpg","type":"","width":"","height":""}],"twitter_card":"summary_large_image","twitter_misc":{"Predpokladan\u00fd \u010das \u010d\u00edtania":"2 min\u00faty"},"schema":{"@context":"https:\/\/schema.org","@graph":[{"@type":"WebPage","@id":"https:\/\/chacrys.com\/sk\/o-nas\/","url":"https:\/\/chacrys.com\/sk\/o-nas\/","name":"O n\u00e1s - Chacrys","isPartOf":{"@id":"https:\/\/chacrys.com\/sk\/#website"},"primaryImageOfPage":{"@id":"https:\/\/chacrys.com\/sk\/o-nas\/#primaryimage"},"image":{"@id":"https:\/\/chacrys.com\/sk\/o-nas\/#primaryimage"},"thumbnailUrl":"https:\/\/chacrys.com\/wp-content\/uploads\/2024\/11\/bedi-laszlo-1104x800.jpg","datePublished":"2021-10-12T15:51:09+00:00","dateModified":"2024-12-02T12:01:10+00:00","breadcrumb":{"@id":"https:\/\/chacrys.com\/sk\/o-nas\/#breadcrumb"},"inLanguage":"sk-SK","potentialAction":[{"@type":"ReadAction","target":["https:\/\/chacrys.com\/sk\/o-nas\/"]}]},{"@type":"ImageObject","inLanguage":"sk-SK","@id":"https:\/\/chacrys.com\/sk\/o-nas\/#primaryimage","url":"https:\/\/chacrys.com\/wp-content\/uploads\/2024\/11\/bedi-laszlo-1104x800.jpg","contentUrl":"https:\/\/chacrys.com\/wp-content\/uploads\/2024\/11\/bedi-laszlo-1104x800.jpg"},{"@type":"BreadcrumbList","@id":"https:\/\/chacrys.com\/sk\/o-nas\/#breadcrumb","itemListElement":[{"@type":"ListItem","position":1,"name":"Home","item":"https:\/\/chacrys.com\/sk\/"},{"@type":"ListItem","position":2,"name":"O n\u00e1s"}]},{"@type":"WebSite","@id":"https:\/\/chacrys.com\/sk\/#website","url":"https:\/\/chacrys.com\/sk\/","name":"Chacrys","description":"Chacrys","publisher":{"@id":"https:\/\/chacrys.com\/sk\/#organization"},"potentialAction":[{"@type":"SearchAction","target":{"@type":"EntryPoint","urlTemplate":"https:\/\/chacrys.com\/sk\/?s={search_term_string}"},"query-input":{"@type":"PropertyValueSpecification","valueRequired":true,"valueName":"search_term_string"}}],"inLanguage":"sk-SK"},{"@type":"Organization","@id":"https:\/\/chacrys.com\/sk\/#organization","name":"Chacrys","url":"https:\/\/chacrys.com\/sk\/","logo":{"@type":"ImageObject","inLanguage":"sk-SK","@id":"https:\/\/chacrys.com\/sk\/#\/schema\/logo\/image\/","url":"https:\/\/chacrys.com\/wp-content\/uploads\/2024\/11\/cropped-FRANJULIA-6.png","contentUrl":"https:\/\/chacrys.com\/wp-content\/uploads\/2024\/11\/cropped-FRANJULIA-6.png","width":512,"height":512,"caption":"Chacrys"},"image":{"@id":"https:\/\/chacrys.com\/sk\/#\/schema\/logo\/image\/"},"sameAs":["https:\/\/www.facebook.com\/chacryscrystal","https:\/\/www.instagram.com\/chacrys\/","https:\/\/www.pinterest.com\/chacryscrystalbed\/","https:\/\/www.youtube.com\/@chacrysofficial9667"]}]}},"_links":{"self":[{"href":"https:\/\/chacrys.com\/sk\/wp-json\/wp\/v2\/pages\/31638","targetHints":{"allow":["GET"]}}],"collection":[{"href":"https:\/\/chacrys.com\/sk\/wp-json\/wp\/v2\/pages"}],"about":[{"href":"https:\/\/chacrys.com\/sk\/wp-json\/wp\/v2\/types\/page"}],"author":[{"embeddable":true,"href":"https:\/\/chacrys.com\/sk\/wp-json\/wp\/v2\/users\/1"}],"replies":[{"embeddable":true,"href":"https:\/\/chacrys.com\/sk\/wp-json\/wp\/v2\/comments?post=31638"}],"version-history":[{"count":1,"href":"https:\/\/chacrys.com\/sk\/wp-json\/wp\/v2\/pages\/31638\/revisions"}],"predecessor-version":[{"id":31639,"href":"https:\/\/chacrys.com\/sk\/wp-json\/wp\/v2\/pages\/31638\/revisions\/31639"}],"wp:attachment":[{"href":"https:\/\/chacrys.com\/sk\/wp-json\/wp\/v2\/media?parent=31638"}],"curies":[{"name":"wp","href":"https:\/\/api.w.org\/{rel}","templated":true}]}}