{"id":31309,"date":"2024-11-26T08:26:31","date_gmt":"2024-11-26T08:26:31","guid":{"rendered":"https:\/\/chacrys.com\/disclaimer\/"},"modified":"2024-12-02T10:20:12","modified_gmt":"2024-12-02T10:20:12","slug":"disclaimer","status":"publish","type":"page","link":"https:\/\/chacrys.com\/sk\/disclaimer\/","title":{"rendered":"Zrieknutie sa zodpovednosti"},"content":{"rendered":"\n<h1 class=\"wp-block-heading\">Zrieknutie sa zodpovednosti<\/h1>\n\n<p>Inform\u00e1cie uveden\u00e9 na <strong>str\u00e1nke chacrys.com<\/strong> a v\u0161etky s\u00favisiace materi\u00e1ly, okrem in\u00e9ho vr\u00e1tane obsahu \u0161kolen\u00ed, sprievodcov a informa\u010dn\u00fdch zdrojov, s\u00fa ur\u010den\u00e9 <strong>len na vzdel\u00e1vacie a informa\u010dn\u00e9 \u00fa\u010dely<\/strong>. Techniky, postupy a odpor\u00fa\u010dania uveden\u00e9 v t\u00fdchto materi\u00e1loch nie s\u00fa ur\u010den\u00e9 na diagnostiku, lie\u010dbu, vylie\u010denie alebo prevenciu akejko\u013evek choroby alebo zdravotn\u00e9ho stavu. <\/p>\n\n<p>D\u00f4razne odpor\u00fa\u010dame v\u0161etk\u00fdm pou\u017e\u00edvate\u013eom, aby <strong>sa<\/strong> pred pou\u017eit\u00edm ak\u00fdchko\u013evek postupov alebo techn\u00edk op\u00edsan\u00fdch v na\u0161ich materi\u00e1loch <strong>poradili s kvalifikovan\u00fdm zdravotn\u00edckym pracovn\u00edkom alebo lek\u00e1rom<\/strong>. Individu\u00e1lne sk\u00fasenosti s na\u0161imi produktmi sa m\u00f4\u017eu l\u00ed\u0161i\u0165 a <strong>nie je mo\u017en\u00e9 zaru\u010di\u0165 \u017eiadny konkr\u00e9tny v\u00fdsledok alebo v\u00fdsledok<\/strong>. <\/p>\n\n<h3 class=\"wp-block-heading\"><strong>Presnos\u0165 inform\u00e1ci\u00ed<\/strong><\/h3>\n\n<p>Hoci sme vynalo\u017eili maxim\u00e1lne \u00fasilie na zabezpe\u010denie presnosti a \u00faplnosti inform\u00e1ci\u00ed poskytovan\u00fdch na str\u00e1nke <strong>chacrys.com<\/strong>, neposkytujeme \u017eiadne z\u00e1ruky, \u010di u\u017e v\u00fdslovn\u00e9 alebo implicitn\u00e9, t\u00fdkaj\u00face sa presnosti, spo\u013eahlivosti alebo \u00faplnosti obsahu. Pou\u017e\u00edvate\u013eom sa odpor\u00fa\u010da, aby si ak\u00e9ko\u013evek inform\u00e1cie nez\u00e1visle overili sk\u00f4r, ako sa na ne spo\u013eahn\u00fa. <\/p>\n\n<h3 class=\"wp-block-heading\"><strong>Obmedzenie zodpovednosti<\/strong><\/h3>\n\n<p>Pr\u00edstupom a pou\u017e\u00edvan\u00edm materi\u00e1lov poskytovan\u00fdch na str\u00e1nke <strong>chacrys.com<\/strong> pou\u017e\u00edvatelia s\u00fahlasia s t\u00fdm, \u017ee:<\/p>\n\n<ol class=\"wp-block-list\">\n<li>Oslobodi\u0165, zbavi\u0165 zodpovednosti a chr\u00e1ni\u0165 <strong>chacrys.com<\/strong>, jeho vlastn\u00edkov, tvorcov a pridru\u017een\u00e9 spolo\u010dnosti pred ak\u00fdmiko\u013evek n\u00e1rokmi, \u0161kodami alebo z\u00e1v\u00e4zkami vypl\u00fdvaj\u00facimi z pou\u017e\u00edvania prezentovan\u00fdch inform\u00e1ci\u00ed.<\/li>\n\n\n\n<li>prevezm\u00fa pln\u00fa zodpovednos\u0165 za pou\u017e\u00edvanie ak\u00fdchko\u013evek techn\u00edk, produktov alebo odpor\u00fa\u010dan\u00ed.<\/li>\n<\/ol>\n\n<p>Spolo\u010dnos\u0165 <strong>Chacrys.com<\/strong> a jej tvorcovia nenes\u00fa zodpovednos\u0165 za \u017eiadne priame, nepriame, n\u00e1hodn\u00e9, n\u00e1sledn\u00e9 alebo osobitn\u00e9 \u0161kody vypl\u00fdvaj\u00face z pou\u017e\u00edvania alebo nespr\u00e1vneho pou\u017e\u00edvania poskytnut\u00fdch materi\u00e1lov.<\/p>\n\n<h3 class=\"wp-block-heading\"><strong>Autorsk\u00e9 pr\u00e1va a du\u0161evn\u00e9 vlastn\u00edctvo<\/strong><\/h3>\n\n<p>Materi\u00e1ly vr\u00e1tane \u0161koliacich zdrojov a pr\u00edru\u010diek dostupn\u00fdch na str\u00e1nke <strong>chacrys.com<\/strong> s\u00fa <strong>chr\u00e1nen\u00e9 autorsk\u00fdm z\u00e1konom<\/strong>. Tieto materi\u00e1ly sa nesm\u00fa reprodukova\u0165, \u0161\u00edri\u0165 ani pren\u00e1\u0161a\u0165 v akejko\u013evek forme alebo ak\u00fdmiko\u013evek prostriedkami bez predch\u00e1dzaj\u00faceho p\u00edsomn\u00e9ho s\u00fahlasu spolo\u010dnosti <strong>Chacrys s.r.o.<\/strong> <\/p>\n\n<h3 class=\"wp-block-heading\"><strong>Potvrdenie a dohoda<\/strong><\/h3>\n\n<p>Pr\u00edstupom a pou\u017e\u00edvan\u00edm materi\u00e1lov poskytovan\u00fdch na str\u00e1nke <strong>chacrys.com<\/strong> pou\u017e\u00edvatelia ber\u00fa na vedomie, \u017ee:<\/p>\n\n<ol class=\"wp-block-list\">\n<li>Pre\u010d\u00edtali si v\u0161etky podmienky uveden\u00e9 v tomto vyhl\u00e1sen\u00ed o odmietnut\u00ed zodpovednosti, porozumeli im a s\u00fahlasili s nimi.<\/li>\n\n\n\n<li>S\u00fahlasia s dodr\u017eiavan\u00edm v\u0161etk\u00fdch \u010fal\u0161\u00edch podmienok pou\u017e\u00edvania uveden\u00fdch na str\u00e1nke <strong>chacrys.com<\/strong>.<\/li>\n<\/ol>\n\n<p>Toto vyhl\u00e1senie o odmietnut\u00ed zodpovednosti sa m\u00f4\u017ee zmeni\u0165 bez predch\u00e1dzaj\u00faceho upozornenia. Pou\u017e\u00edvate\u013eom sa odpor\u00fa\u010da, aby ho pravidelne kontrolovali a boli informovan\u00ed o v\u0161etk\u00fdch aktualiz\u00e1ci\u00e1ch. <\/p>\n\n<p><\/p>\n","protected":false},"excerpt":{"rendered":"<p>Zrieknutie sa zodpovednosti Inform\u00e1cie uveden\u00e9 na str\u00e1nke chacrys.com a v\u0161etky s\u00favisiace materi\u00e1ly, okrem in\u00e9ho vr\u00e1tane obsahu \u0161kolen\u00ed, sprievodcov a informa\u010dn\u00fdch<\/p>\n","protected":false},"author":1,"featured_media":0,"parent":0,"menu_order":0,"comment_status":"closed","ping_status":"closed","template":"","meta":{"footnotes":""},"class_list":["post-31309","page","type-page","status-publish","hentry"],"yoast_head":"<!-- This site is optimized with the Yoast SEO plugin v27.3 - https:\/\/yoast.com\/product\/yoast-seo-wordpress\/ -->\n<title>Zrieknutie sa zodpovednosti - Chacrys<\/title>\n<meta name=\"robots\" content=\"noindex, follow\" \/>\n<meta property=\"og:locale\" content=\"sk_SK\" \/>\n<meta property=\"og:type\" content=\"article\" \/>\n<meta property=\"og:title\" content=\"Zrieknutie sa zodpovednosti - Chacrys\" \/>\n<meta property=\"og:description\" content=\"Zrieknutie sa zodpovednosti Inform\u00e1cie uveden\u00e9 na str\u00e1nke chacrys.com a v\u0161etky s\u00favisiace materi\u00e1ly, okrem in\u00e9ho vr\u00e1tane obsahu \u0161kolen\u00ed, sprievodcov a informa\u010dn\u00fdch\" \/>\n<meta property=\"og:url\" content=\"https:\/\/chacrys.com\/sk\/disclaimer\/\" \/>\n<meta property=\"og:site_name\" content=\"Chacrys\" \/>\n<meta property=\"article:publisher\" content=\"https:\/\/www.facebook.com\/chacryscrystal\" \/>\n<meta property=\"article:modified_time\" content=\"2024-12-02T10:20:12+00:00\" \/>\n<meta name=\"twitter:card\" content=\"summary_large_image\" \/>\n<meta name=\"twitter:label1\" content=\"Predpokladan\u00fd \u010das \u010d\u00edtania\" \/>\n\t<meta name=\"twitter:data1\" content=\"2 min\u00faty\" \/>\n<script type=\"application\/ld+json\" class=\"yoast-schema-graph\">{\"@context\":\"https:\\\/\\\/schema.org\",\"@graph\":[{\"@type\":\"WebPage\",\"@id\":\"https:\\\/\\\/chacrys.com\\\/sk\\\/disclaimer\\\/\",\"url\":\"https:\\\/\\\/chacrys.com\\\/sk\\\/disclaimer\\\/\",\"name\":\"Zrieknutie sa zodpovednosti - Chacrys\",\"isPartOf\":{\"@id\":\"https:\\\/\\\/chacrys.com\\\/sk\\\/#website\"},\"datePublished\":\"2024-11-26T08:26:31+00:00\",\"dateModified\":\"2024-12-02T10:20:12+00:00\",\"breadcrumb\":{\"@id\":\"https:\\\/\\\/chacrys.com\\\/sk\\\/disclaimer\\\/#breadcrumb\"},\"inLanguage\":\"sk-SK\",\"potentialAction\":[{\"@type\":\"ReadAction\",\"target\":[\"https:\\\/\\\/chacrys.com\\\/sk\\\/disclaimer\\\/\"]}]},{\"@type\":\"BreadcrumbList\",\"@id\":\"https:\\\/\\\/chacrys.com\\\/sk\\\/disclaimer\\\/#breadcrumb\",\"itemListElement\":[{\"@type\":\"ListItem\",\"position\":1,\"name\":\"Home\",\"item\":\"https:\\\/\\\/chacrys.com\\\/sk\\\/\"},{\"@type\":\"ListItem\",\"position\":2,\"name\":\"Zrieknutie sa zodpovednosti\"}]},{\"@type\":\"WebSite\",\"@id\":\"https:\\\/\\\/chacrys.com\\\/sk\\\/#website\",\"url\":\"https:\\\/\\\/chacrys.com\\\/sk\\\/\",\"name\":\"Chacrys\",\"description\":\"Chacrys\",\"publisher\":{\"@id\":\"https:\\\/\\\/chacrys.com\\\/sk\\\/#organization\"},\"potentialAction\":[{\"@type\":\"SearchAction\",\"target\":{\"@type\":\"EntryPoint\",\"urlTemplate\":\"https:\\\/\\\/chacrys.com\\\/sk\\\/?s={search_term_string}\"},\"query-input\":{\"@type\":\"PropertyValueSpecification\",\"valueRequired\":true,\"valueName\":\"search_term_string\"}}],\"inLanguage\":\"sk-SK\"},{\"@type\":\"Organization\",\"@id\":\"https:\\\/\\\/chacrys.com\\\/sk\\\/#organization\",\"name\":\"Chacrys\",\"url\":\"https:\\\/\\\/chacrys.com\\\/sk\\\/\",\"logo\":{\"@type\":\"ImageObject\",\"inLanguage\":\"sk-SK\",\"@id\":\"https:\\\/\\\/chacrys.com\\\/sk\\\/#\\\/schema\\\/logo\\\/image\\\/\",\"url\":\"https:\\\/\\\/chacrys.com\\\/wp-content\\\/uploads\\\/2024\\\/11\\\/cropped-FRANJULIA-6.png\",\"contentUrl\":\"https:\\\/\\\/chacrys.com\\\/wp-content\\\/uploads\\\/2024\\\/11\\\/cropped-FRANJULIA-6.png\",\"width\":512,\"height\":512,\"caption\":\"Chacrys\"},\"image\":{\"@id\":\"https:\\\/\\\/chacrys.com\\\/sk\\\/#\\\/schema\\\/logo\\\/image\\\/\"},\"sameAs\":[\"https:\\\/\\\/www.facebook.com\\\/chacryscrystal\",\"https:\\\/\\\/www.instagram.com\\\/chacrys\\\/\",\"https:\\\/\\\/www.pinterest.com\\\/chacryscrystalbed\\\/\",\"https:\\\/\\\/www.youtube.com\\\/@chacrysofficial9667\"]}]}<\/script>\n<!-- \/ Yoast SEO plugin. -->","yoast_head_json":{"title":"Zrieknutie sa zodpovednosti - Chacrys","robots":{"index":"noindex","follow":"follow"},"og_locale":"sk_SK","og_type":"article","og_title":"Zrieknutie sa zodpovednosti - Chacrys","og_description":"Zrieknutie sa zodpovednosti Inform\u00e1cie uveden\u00e9 na str\u00e1nke chacrys.com a v\u0161etky s\u00favisiace materi\u00e1ly, okrem in\u00e9ho vr\u00e1tane obsahu \u0161kolen\u00ed, sprievodcov a informa\u010dn\u00fdch","og_url":"https:\/\/chacrys.com\/sk\/disclaimer\/","og_site_name":"Chacrys","article_publisher":"https:\/\/www.facebook.com\/chacryscrystal","article_modified_time":"2024-12-02T10:20:12+00:00","twitter_card":"summary_large_image","twitter_misc":{"Predpokladan\u00fd \u010das \u010d\u00edtania":"2 min\u00faty"},"schema":{"@context":"https:\/\/schema.org","@graph":[{"@type":"WebPage","@id":"https:\/\/chacrys.com\/sk\/disclaimer\/","url":"https:\/\/chacrys.com\/sk\/disclaimer\/","name":"Zrieknutie sa zodpovednosti - Chacrys","isPartOf":{"@id":"https:\/\/chacrys.com\/sk\/#website"},"datePublished":"2024-11-26T08:26:31+00:00","dateModified":"2024-12-02T10:20:12+00:00","breadcrumb":{"@id":"https:\/\/chacrys.com\/sk\/disclaimer\/#breadcrumb"},"inLanguage":"sk-SK","potentialAction":[{"@type":"ReadAction","target":["https:\/\/chacrys.com\/sk\/disclaimer\/"]}]},{"@type":"BreadcrumbList","@id":"https:\/\/chacrys.com\/sk\/disclaimer\/#breadcrumb","itemListElement":[{"@type":"ListItem","position":1,"name":"Home","item":"https:\/\/chacrys.com\/sk\/"},{"@type":"ListItem","position":2,"name":"Zrieknutie sa zodpovednosti"}]},{"@type":"WebSite","@id":"https:\/\/chacrys.com\/sk\/#website","url":"https:\/\/chacrys.com\/sk\/","name":"Chacrys","description":"Chacrys","publisher":{"@id":"https:\/\/chacrys.com\/sk\/#organization"},"potentialAction":[{"@type":"SearchAction","target":{"@type":"EntryPoint","urlTemplate":"https:\/\/chacrys.com\/sk\/?s={search_term_string}"},"query-input":{"@type":"PropertyValueSpecification","valueRequired":true,"valueName":"search_term_string"}}],"inLanguage":"sk-SK"},{"@type":"Organization","@id":"https:\/\/chacrys.com\/sk\/#organization","name":"Chacrys","url":"https:\/\/chacrys.com\/sk\/","logo":{"@type":"ImageObject","inLanguage":"sk-SK","@id":"https:\/\/chacrys.com\/sk\/#\/schema\/logo\/image\/","url":"https:\/\/chacrys.com\/wp-content\/uploads\/2024\/11\/cropped-FRANJULIA-6.png","contentUrl":"https:\/\/chacrys.com\/wp-content\/uploads\/2024\/11\/cropped-FRANJULIA-6.png","width":512,"height":512,"caption":"Chacrys"},"image":{"@id":"https:\/\/chacrys.com\/sk\/#\/schema\/logo\/image\/"},"sameAs":["https:\/\/www.facebook.com\/chacryscrystal","https:\/\/www.instagram.com\/chacrys\/","https:\/\/www.pinterest.com\/chacryscrystalbed\/","https:\/\/www.youtube.com\/@chacrysofficial9667"]}]}},"_links":{"self":[{"href":"https:\/\/chacrys.com\/sk\/wp-json\/wp\/v2\/pages\/31309","targetHints":{"allow":["GET"]}}],"collection":[{"href":"https:\/\/chacrys.com\/sk\/wp-json\/wp\/v2\/pages"}],"about":[{"href":"https:\/\/chacrys.com\/sk\/wp-json\/wp\/v2\/types\/page"}],"author":[{"embeddable":true,"href":"https:\/\/chacrys.com\/sk\/wp-json\/wp\/v2\/users\/1"}],"replies":[{"embeddable":true,"href":"https:\/\/chacrys.com\/sk\/wp-json\/wp\/v2\/comments?post=31309"}],"version-history":[{"count":2,"href":"https:\/\/chacrys.com\/sk\/wp-json\/wp\/v2\/pages\/31309\/revisions"}],"predecessor-version":[{"id":31411,"href":"https:\/\/chacrys.com\/sk\/wp-json\/wp\/v2\/pages\/31309\/revisions\/31411"}],"wp:attachment":[{"href":"https:\/\/chacrys.com\/sk\/wp-json\/wp\/v2\/media?parent=31309"}],"curies":[{"name":"wp","href":"https:\/\/api.w.org\/{rel}","templated":true}]}}