{"id":31259,"date":"2024-11-26T21:51:10","date_gmt":"2024-11-26T21:51:10","guid":{"rendered":"https:\/\/chacrys.com\/shipping-policy\/"},"modified":"2024-12-02T10:11:13","modified_gmt":"2024-12-02T10:11:13","slug":"shipping-policy","status":"publish","type":"page","link":"https:\/\/chacrys.com\/sk\/shipping-policy\/","title":{"rendered":"Z\u00e1sady prepravy"},"content":{"rendered":"\n<p><strong>Z\u00e1sady prepravy<\/strong><\/p>\n\n<p><strong>Prepravcovia<\/strong><br\/>Spolupracujeme s d\u00f4veryhodn\u00fdmi prepravcami, aby sme zabezpe\u010dili spo\u013eahliv\u00e9 a efekt\u00edvne doru\u010denie va\u0161ich objedn\u00e1vok. Medzi na\u0161e mo\u017enosti prepravy patria: <\/p>\n\n<ul class=\"wp-block-list\">\n<li><strong>DHL Express<\/strong><\/li>\n\n\n\n<li><strong>FedEx<\/strong><\/li>\n\n\n\n<li><strong>UPS<\/strong><\/li>\n\n\n\n<li><strong>EMS (expresn\u00e1 po\u0161tov\u00e1 slu\u017eba medzin\u00e1rodnej po\u0161ty)<\/strong><\/li>\n<\/ul>\n\n<p>Dopravca pou\u017eit\u00fd pre va\u0161u objedn\u00e1vku bude z\u00e1visie\u0165 od miesta ur\u010denia a sp\u00f4sobu dopravy vybran\u00e9ho po\u010das objedn\u00e1vky.<\/p>\n\n<p><strong>D\u013a\u017eka spracovania a odoslania<\/strong><br\/>V\u0161etky objedn\u00e1vky sa sna\u017e\u00edme spracova\u0165 a odosla\u0165 do <strong>5 pracovn\u00fdch dn\u00ed<\/strong> od n\u00e1kupu. Po\u010das hlavn\u00fdch sez\u00f3n alebo v d\u00f4sledku nepredv\u00eddan\u00fdch okolnost\u00ed sa \u010das spracovania m\u00f4\u017ee l\u00ed\u0161i\u0165. Po odoslan\u00ed objedn\u00e1vky dostanete potvrdzuj\u00faci e-mail s \u00fadajmi o sledovan\u00ed, aby ste mohli sledova\u0165 doru\u010denie.  <\/p>\n\n<p><strong>N\u00e1klady na dopravu<\/strong><br\/>N\u00e1klady na dopravu va\u0161ej objedn\u00e1vky sa <strong>vypo\u010d\u00edtaj\u00fa pri pokladni na<\/strong> z\u00e1klade miesta ur\u010denia, hmotnosti bal\u00edka a zvolen\u00e9ho sp\u00f4sobu dopravy. T\u00fdm sa zabezpe\u010d\u00ed spravodliv\u00e1 a transparentn\u00e1 cenov\u00e1 \u0161trukt\u00fara pre v\u0161etky objedn\u00e1vky. <\/p>\n\n<p><strong>Medzin\u00e1rodn\u00e1 preprava<\/strong><br\/>V\u0161etky objedn\u00e1vky s\u00fa odosielan\u00e9 zo <strong>Slovenska<\/strong> do destin\u00e1ci\u00ed po celom svete. Upozor\u0148ujeme, \u017ee pri doru\u010den\u00ed sa m\u00f4\u017eu uplatni\u0165 dodato\u010dn\u00e9 <strong>cl\u00e1, dane alebo poplatky<\/strong>. Za tieto poplatky zodpoved\u00e1 z\u00e1kazn\u00edk a nie s\u00fa zahrnut\u00e9 v k\u00fapnej cene ani v n\u00e1kladoch na dopravu.  <\/p>\n\n<p><strong>Sledovanie objedn\u00e1vky<\/strong><br\/>Po odoslan\u00ed objedn\u00e1vky dostanete e-mail s:<\/p>\n\n<ul class=\"wp-block-list\">\n<li>Sledovacie \u010d\u00edslo<\/li>\n\n\n\n<li>Odkaz na sledovanie stavu doru\u010denia v re\u00e1lnom \u010dase prostredn\u00edctvom webovej str\u00e1nky vybran\u00e9ho prepravcu<\/li>\n<\/ul>\n\n<p><strong>Dodacia adresa<\/strong><br\/>Uistite sa, \u017ee dodacia adresa zadan\u00e1 po\u010das objedn\u00e1vky je presn\u00e1 a \u00fapln\u00e1. Nezodpoved\u00e1me za oneskorenie alebo probl\u00e9my s doru\u010den\u00edm sp\u00f4soben\u00e9 nespr\u00e1vnou alebo ne\u00faplnou adresou. <\/p>\n\n<p><strong>\u010casov\u00fd r\u00e1mec dodania<\/strong><br\/>\u010cas dodania sa m\u00f4\u017ee l\u00ed\u0161i\u0165 v z\u00e1vislosti od:<\/p>\n\n<ul class=\"wp-block-list\">\n<li>Cie\u013eov\u00e1 krajina alebo regi\u00f3n<\/li>\n\n\n\n<li>Procesy coln\u00e9ho konania<\/li>\n\n\n\n<li>Tranzitn\u00e9 \u010dasy \u0161pecifick\u00e9 pre dopravcu<\/li>\n\n\n\n<li>nepredv\u00eddan\u00e9 okolnosti (napr. po\u010dasie, pr\u00edrodn\u00e9 katastrofy)<\/li>\n<\/ul>\n\n<p>Sna\u017e\u00edme sa zabezpe\u010di\u0165 v\u010dasn\u00e9 doru\u010denie, ale oce\u0148ujeme va\u0161e pochopenie, ak d\u00f4jde k oneskoreniu.<\/p>\n\n<p><strong>Z\u00e1kazn\u00edcka podpora<\/strong><br\/>Ak m\u00e1te ak\u00e9ko\u013evek ot\u00e1zky alebo obavy t\u00fdkaj\u00face sa stavu va\u0161ej prepravy, kontaktujte n\u00e1\u0161 t\u00edm z\u00e1kazn\u00edckeho servisu na adrese:<br\/><strong>E-mail:<\/strong> <a href=\"mailto:hello@chacrys.com\">hello@chacrys.com<\/a><\/p>\n\n<hr class=\"wp-block-separator has-alpha-channel-opacity\"\/>\n\n<p><\/p>\n","protected":false},"excerpt":{"rendered":"<p>Z\u00e1sady prepravy PrepravcoviaSpolupracujeme s d\u00f4veryhodn\u00fdmi prepravcami, aby sme zabezpe\u010dili spo\u013eahliv\u00e9 a efekt\u00edvne doru\u010denie va\u0161ich objedn\u00e1vok. Medzi na\u0161e mo\u017enosti prepravy patria:<\/p>\n","protected":false},"author":1,"featured_media":0,"parent":0,"menu_order":0,"comment_status":"closed","ping_status":"closed","template":"","meta":{"footnotes":""},"class_list":["post-31259","page","type-page","status-publish","hentry"],"yoast_head":"<!-- This site is optimized with the Yoast SEO plugin v27.3 - https:\/\/yoast.com\/product\/yoast-seo-wordpress\/ -->\n<title>Z\u00e1sady prepravy - Chacrys<\/title>\n<meta name=\"robots\" content=\"index, follow, max-snippet:-1, max-image-preview:large, max-video-preview:-1\" \/>\n<link rel=\"canonical\" href=\"https:\/\/chacrys.com\/sk\/shipping-policy\/\" \/>\n<meta property=\"og:locale\" content=\"sk_SK\" \/>\n<meta property=\"og:type\" content=\"article\" \/>\n<meta property=\"og:title\" content=\"Z\u00e1sady prepravy - Chacrys\" \/>\n<meta property=\"og:description\" content=\"Z\u00e1sady prepravy PrepravcoviaSpolupracujeme s d\u00f4veryhodn\u00fdmi prepravcami, aby sme zabezpe\u010dili spo\u013eahliv\u00e9 a efekt\u00edvne doru\u010denie va\u0161ich objedn\u00e1vok. Medzi na\u0161e mo\u017enosti prepravy patria:\" \/>\n<meta property=\"og:url\" content=\"https:\/\/chacrys.com\/sk\/shipping-policy\/\" \/>\n<meta property=\"og:site_name\" content=\"Chacrys\" \/>\n<meta property=\"article:publisher\" content=\"https:\/\/www.facebook.com\/chacryscrystal\" \/>\n<meta property=\"article:modified_time\" content=\"2024-12-02T10:11:13+00:00\" \/>\n<meta name=\"twitter:card\" content=\"summary_large_image\" \/>\n<meta name=\"twitter:label1\" content=\"Predpokladan\u00fd \u010das \u010d\u00edtania\" \/>\n\t<meta name=\"twitter:data1\" content=\"2 min\u00faty\" \/>\n<script type=\"application\/ld+json\" class=\"yoast-schema-graph\">{\"@context\":\"https:\\\/\\\/schema.org\",\"@graph\":[{\"@type\":\"WebPage\",\"@id\":\"https:\\\/\\\/chacrys.com\\\/sk\\\/shipping-policy\\\/\",\"url\":\"https:\\\/\\\/chacrys.com\\\/sk\\\/shipping-policy\\\/\",\"name\":\"Z\u00e1sady prepravy - Chacrys\",\"isPartOf\":{\"@id\":\"https:\\\/\\\/chacrys.com\\\/sk\\\/#website\"},\"datePublished\":\"2024-11-26T21:51:10+00:00\",\"dateModified\":\"2024-12-02T10:11:13+00:00\",\"breadcrumb\":{\"@id\":\"https:\\\/\\\/chacrys.com\\\/sk\\\/shipping-policy\\\/#breadcrumb\"},\"inLanguage\":\"sk-SK\",\"potentialAction\":[{\"@type\":\"ReadAction\",\"target\":[\"https:\\\/\\\/chacrys.com\\\/sk\\\/shipping-policy\\\/\"]}]},{\"@type\":\"BreadcrumbList\",\"@id\":\"https:\\\/\\\/chacrys.com\\\/sk\\\/shipping-policy\\\/#breadcrumb\",\"itemListElement\":[{\"@type\":\"ListItem\",\"position\":1,\"name\":\"Home\",\"item\":\"https:\\\/\\\/chacrys.com\\\/sk\\\/\"},{\"@type\":\"ListItem\",\"position\":2,\"name\":\"Z\u00e1sady prepravy\"}]},{\"@type\":\"WebSite\",\"@id\":\"https:\\\/\\\/chacrys.com\\\/sk\\\/#website\",\"url\":\"https:\\\/\\\/chacrys.com\\\/sk\\\/\",\"name\":\"Chacrys\",\"description\":\"Chacrys\",\"publisher\":{\"@id\":\"https:\\\/\\\/chacrys.com\\\/sk\\\/#organization\"},\"potentialAction\":[{\"@type\":\"SearchAction\",\"target\":{\"@type\":\"EntryPoint\",\"urlTemplate\":\"https:\\\/\\\/chacrys.com\\\/sk\\\/?s={search_term_string}\"},\"query-input\":{\"@type\":\"PropertyValueSpecification\",\"valueRequired\":true,\"valueName\":\"search_term_string\"}}],\"inLanguage\":\"sk-SK\"},{\"@type\":\"Organization\",\"@id\":\"https:\\\/\\\/chacrys.com\\\/sk\\\/#organization\",\"name\":\"Chacrys\",\"url\":\"https:\\\/\\\/chacrys.com\\\/sk\\\/\",\"logo\":{\"@type\":\"ImageObject\",\"inLanguage\":\"sk-SK\",\"@id\":\"https:\\\/\\\/chacrys.com\\\/sk\\\/#\\\/schema\\\/logo\\\/image\\\/\",\"url\":\"https:\\\/\\\/chacrys.com\\\/wp-content\\\/uploads\\\/2024\\\/11\\\/cropped-FRANJULIA-6.png\",\"contentUrl\":\"https:\\\/\\\/chacrys.com\\\/wp-content\\\/uploads\\\/2024\\\/11\\\/cropped-FRANJULIA-6.png\",\"width\":512,\"height\":512,\"caption\":\"Chacrys\"},\"image\":{\"@id\":\"https:\\\/\\\/chacrys.com\\\/sk\\\/#\\\/schema\\\/logo\\\/image\\\/\"},\"sameAs\":[\"https:\\\/\\\/www.facebook.com\\\/chacryscrystal\",\"https:\\\/\\\/www.instagram.com\\\/chacrys\\\/\",\"https:\\\/\\\/www.pinterest.com\\\/chacryscrystalbed\\\/\",\"https:\\\/\\\/www.youtube.com\\\/@chacrysofficial9667\"]}]}<\/script>\n<!-- \/ Yoast SEO plugin. -->","yoast_head_json":{"title":"Z\u00e1sady prepravy - Chacrys","robots":{"index":"index","follow":"follow","max-snippet":"max-snippet:-1","max-image-preview":"max-image-preview:large","max-video-preview":"max-video-preview:-1"},"canonical":"https:\/\/chacrys.com\/sk\/shipping-policy\/","og_locale":"sk_SK","og_type":"article","og_title":"Z\u00e1sady prepravy - Chacrys","og_description":"Z\u00e1sady prepravy PrepravcoviaSpolupracujeme s d\u00f4veryhodn\u00fdmi prepravcami, aby sme zabezpe\u010dili spo\u013eahliv\u00e9 a efekt\u00edvne doru\u010denie va\u0161ich objedn\u00e1vok. Medzi na\u0161e mo\u017enosti prepravy patria:","og_url":"https:\/\/chacrys.com\/sk\/shipping-policy\/","og_site_name":"Chacrys","article_publisher":"https:\/\/www.facebook.com\/chacryscrystal","article_modified_time":"2024-12-02T10:11:13+00:00","twitter_card":"summary_large_image","twitter_misc":{"Predpokladan\u00fd \u010das \u010d\u00edtania":"2 min\u00faty"},"schema":{"@context":"https:\/\/schema.org","@graph":[{"@type":"WebPage","@id":"https:\/\/chacrys.com\/sk\/shipping-policy\/","url":"https:\/\/chacrys.com\/sk\/shipping-policy\/","name":"Z\u00e1sady prepravy - Chacrys","isPartOf":{"@id":"https:\/\/chacrys.com\/sk\/#website"},"datePublished":"2024-11-26T21:51:10+00:00","dateModified":"2024-12-02T10:11:13+00:00","breadcrumb":{"@id":"https:\/\/chacrys.com\/sk\/shipping-policy\/#breadcrumb"},"inLanguage":"sk-SK","potentialAction":[{"@type":"ReadAction","target":["https:\/\/chacrys.com\/sk\/shipping-policy\/"]}]},{"@type":"BreadcrumbList","@id":"https:\/\/chacrys.com\/sk\/shipping-policy\/#breadcrumb","itemListElement":[{"@type":"ListItem","position":1,"name":"Home","item":"https:\/\/chacrys.com\/sk\/"},{"@type":"ListItem","position":2,"name":"Z\u00e1sady prepravy"}]},{"@type":"WebSite","@id":"https:\/\/chacrys.com\/sk\/#website","url":"https:\/\/chacrys.com\/sk\/","name":"Chacrys","description":"Chacrys","publisher":{"@id":"https:\/\/chacrys.com\/sk\/#organization"},"potentialAction":[{"@type":"SearchAction","target":{"@type":"EntryPoint","urlTemplate":"https:\/\/chacrys.com\/sk\/?s={search_term_string}"},"query-input":{"@type":"PropertyValueSpecification","valueRequired":true,"valueName":"search_term_string"}}],"inLanguage":"sk-SK"},{"@type":"Organization","@id":"https:\/\/chacrys.com\/sk\/#organization","name":"Chacrys","url":"https:\/\/chacrys.com\/sk\/","logo":{"@type":"ImageObject","inLanguage":"sk-SK","@id":"https:\/\/chacrys.com\/sk\/#\/schema\/logo\/image\/","url":"https:\/\/chacrys.com\/wp-content\/uploads\/2024\/11\/cropped-FRANJULIA-6.png","contentUrl":"https:\/\/chacrys.com\/wp-content\/uploads\/2024\/11\/cropped-FRANJULIA-6.png","width":512,"height":512,"caption":"Chacrys"},"image":{"@id":"https:\/\/chacrys.com\/sk\/#\/schema\/logo\/image\/"},"sameAs":["https:\/\/www.facebook.com\/chacryscrystal","https:\/\/www.instagram.com\/chacrys\/","https:\/\/www.pinterest.com\/chacryscrystalbed\/","https:\/\/www.youtube.com\/@chacrysofficial9667"]}]}},"_links":{"self":[{"href":"https:\/\/chacrys.com\/sk\/wp-json\/wp\/v2\/pages\/31259","targetHints":{"allow":["GET"]}}],"collection":[{"href":"https:\/\/chacrys.com\/sk\/wp-json\/wp\/v2\/pages"}],"about":[{"href":"https:\/\/chacrys.com\/sk\/wp-json\/wp\/v2\/types\/page"}],"author":[{"embeddable":true,"href":"https:\/\/chacrys.com\/sk\/wp-json\/wp\/v2\/users\/1"}],"replies":[{"embeddable":true,"href":"https:\/\/chacrys.com\/sk\/wp-json\/wp\/v2\/comments?post=31259"}],"version-history":[{"count":2,"href":"https:\/\/chacrys.com\/sk\/wp-json\/wp\/v2\/pages\/31259\/revisions"}],"predecessor-version":[{"id":31385,"href":"https:\/\/chacrys.com\/sk\/wp-json\/wp\/v2\/pages\/31259\/revisions\/31385"}],"wp:attachment":[{"href":"https:\/\/chacrys.com\/sk\/wp-json\/wp\/v2\/media?parent=31259"}],"curies":[{"name":"wp","href":"https:\/\/api.w.org\/{rel}","templated":true}]}}