{"id":31254,"date":"2024-11-27T14:44:16","date_gmt":"2024-11-27T14:44:16","guid":{"rendered":"https:\/\/chacrys.com\/terms-conditions\/"},"modified":"2024-12-02T10:11:13","modified_gmt":"2024-12-02T10:11:13","slug":"terms-conditions","status":"publish","type":"page","link":"https:\/\/chacrys.com\/sk\/terms-conditions\/","title":{"rendered":"Podmienky a pravidl\u00e1"},"content":{"rendered":"\n<h1 class=\"wp-block-heading\">Podmienky a pravidl\u00e1<\/h1>\n\n<p><strong>D\u00e1tum \u00fa\u010dinnosti<\/strong>: [16 .6.2020]<br\/><strong>Posledn\u00e1 aktualiz\u00e1cia<\/strong>:  [01 .12.2024]<\/p>\n\n<p>Pred pou\u017eit\u00edm na\u0161ej slu\u017eby si pozorne pre\u010d\u00edtajte tieto podmienky.<\/p>\n\n<hr class=\"wp-block-separator has-alpha-channel-opacity\"\/>\n\n<h2 class=\"wp-block-heading\"><strong>V\u00fdklad a defin\u00edcie<\/strong><\/h2>\n\n<h3 class=\"wp-block-heading\"><strong>V\u00fdklad<\/strong><\/h3>\n\n<p>Slov\u00e1 s ve\u013ek\u00fdm za\u010diato\u010dn\u00fdm p\u00edsmenom maj\u00fa v\u00fdznam definovan\u00fd pod\u013ea nasleduj\u00facich podmienok. Nasleduj\u00face defin\u00edcie maj\u00fa rovnak\u00fd v\u00fdznam bez oh\u013eadu na to, \u010di s\u00fa uveden\u00e9 v jednotnom alebo mno\u017enom \u010d\u00edsle. <\/p>\n\n<h3 class=\"wp-block-heading\"><strong>Defin\u00edcie<\/strong><\/h3>\n\n<p>Na \u00fa\u010dely t\u00fdchto podmienok:<\/p>\n\n<ul class=\"wp-block-list\">\n<li><strong>Pridru\u017een\u00fd subjekt<\/strong> znamen\u00e1 subjekt, ktor\u00fd kontroluje, je kontrolovan\u00fd alebo je pod spolo\u010dnou kontrolou so stranou, pri\u010dom &#8222;kontrola&#8220; znamen\u00e1 vlastn\u00edctvo 50 % alebo viac akci\u00ed, majetkov\u00fdch podielov alebo in\u00fdch cenn\u00fdch papierov opr\u00e1vnen\u00fdch hlasova\u0165 pri vo\u013ebe riadite\u013eov alebo in\u00fdch riadiacich org\u00e1nov.<\/li>\n\n\n\n<li><strong>Konto<\/strong> znamen\u00e1 jedine\u010dn\u00e9 konto vytvoren\u00e9 pre v\u00e1s na pr\u00edstup k na\u0161ej slu\u017ebe alebo jej \u010dastiam.<\/li>\n\n\n\n<li><strong>Spolo\u010dnos\u0165<\/strong> (v tejto zmluve ozna\u010dovan\u00e1 ako &#8222;Spolo\u010dnos\u0165&#8220;, &#8222;My&#8220;, &#8222;N\u00e1s&#8220; alebo &#8222;Na\u0161a&#8220;) sa vz\u0165ahuje na <strong>spolo\u010dnos\u0165 Chacrys s.r.o.<\/strong>, Svatojanska 3060\/14, 94501 Kom\u00e1rno, Slovensko.<\/li>\n\n\n\n<li><strong>Obsah<\/strong> sa vz\u0165ahuje na text, obr\u00e1zky alebo in\u00e9 inform\u00e1cie, ktor\u00e9 m\u00f4\u017eete zverejni\u0165, nahra\u0165, prepoji\u0165 alebo inak spr\u00edstupni\u0165.<\/li>\n\n\n\n<li><strong>Krajina<\/strong> sa vz\u0165ahuje na Slovensko.<\/li>\n\n\n\n<li><strong>Zariadenie<\/strong> znamen\u00e1 ak\u00e9ko\u013evek zariadenie, ktor\u00e9 m\u00e1 pr\u00edstup k Slu\u017ebe, napr\u00edklad po\u010d\u00edta\u010d, mobiln\u00fd telef\u00f3n alebo tablet.<\/li>\n\n\n\n<li><strong>Sp\u00e4tnou v\u00e4zbou<\/strong> sa rozumie sp\u00e4tn\u00e1 v\u00e4zba, n\u00e1vrhy alebo n\u00e1pady, ktor\u00e9 ste predlo\u017eili v s\u00favislosti s vlastnos\u0165ami, v\u00fdkonom alebo funkciami na\u0161ej Slu\u017eby.<\/li>\n\n\n\n<li><strong>Produkty<\/strong> sa vz\u0165ahuj\u00fa na tovar pon\u00fakan\u00fd na predaj v r\u00e1mci Slu\u017eby.<\/li>\n\n\n\n<li><strong>Objedn\u00e1vky<\/strong> znamenaj\u00fa Va\u0161u \u017eiados\u0165 o zak\u00fapenie V\u00fdrobkov od n\u00e1s.<\/li>\n\n\n\n<li><strong>Akcie<\/strong> sa vz\u0165ahuj\u00fa na s\u00fa\u0165a\u017ee, lot\u00e9rie alebo in\u00e9 propaga\u010dn\u00e9 akcie pon\u00fakan\u00e9 prostredn\u00edctvom Slu\u017eby.<\/li>\n\n\n\n<li><strong>Slu\u017eba<\/strong> sa vz\u0165ahuje na webov\u00e9 s\u00eddlo.<\/li>\n\n\n\n<li><strong>Podmienky<\/strong> (\u010falej aj &#8222;Podmienky&#8220;) znamenaj\u00fa tieto Podmienky, ktor\u00e9 tvoria \u00fapln\u00fa dohodu medzi Vami a Spolo\u010dnos\u0165ou o pou\u017e\u00edvan\u00ed Slu\u017eby.<\/li>\n\n\n\n<li><strong>Internetov\u00e1 str\u00e1nka<\/strong> odkazuje na <strong>Chacrys<\/strong>, dostupn\u00e9 z <a href=\"http:\/\/www.chacrys.com\/\">www.chacrys.com<\/a>.<\/li>\n\n\n\n<li><strong>Vy<\/strong> znamen\u00e1 fyzick\u00fa osobu, ktor\u00e1 pristupuje k Slu\u017ebe alebo ju pou\u017e\u00edva, pr\u00edpadne spolo\u010dnos\u0165 alebo pr\u00e1vnick\u00fa osobu, v mene ktorej t\u00e1to osoba pristupuje k Slu\u017ebe alebo ju pou\u017e\u00edva.<\/li>\n<\/ul>\n\n<hr class=\"wp-block-separator has-alpha-channel-opacity\"\/>\n\n<h2 class=\"wp-block-heading\"><strong>Po\u010fakovanie<\/strong><\/h2>\n\n<p>T\u00fdmito podmienkami sa riadi pou\u017e\u00edvanie tejto slu\u017eby a dohoda, ktor\u00e1 plat\u00ed medzi vami a spolo\u010dnos\u0165ou. Tieto Podmienky stanovuj\u00fa pr\u00e1va a povinnosti v\u0161etk\u00fdch pou\u017e\u00edvate\u013eov t\u00fdkaj\u00face sa pou\u017e\u00edvania Slu\u017eby. <\/p>\n\n<p>V\u00e1\u0161 pr\u00edstup k Slu\u017ebe a jej pou\u017e\u00edvanie je podmienen\u00e9 prijat\u00edm a dodr\u017eiavan\u00edm t\u00fdchto Podmienok. Tieto podmienky sa vz\u0165ahuj\u00fa na v\u0161etk\u00fdch n\u00e1v\u0161tevn\u00edkov, pou\u017e\u00edvate\u013eov a in\u00e9 osoby, ktor\u00e9 pristupuj\u00fa k slu\u017ebe alebo ju pou\u017e\u00edvaj\u00fa. <\/p>\n\n<p>Pr\u00edstupom k slu\u017ebe alebo jej pou\u017e\u00edvan\u00edm s\u00fahlas\u00edte s t\u00fdmito podmienkami. Ak nes\u00fahlas\u00edte s ktorouko\u013evek \u010das\u0165ou t\u00fdchto Podmienok, nesmiete ma\u0165 pr\u00edstup k Slu\u017ebe. <\/p>\n\n<p>Vyhlasujete, \u017ee m\u00e1te najmenej 18 rokov. Spolo\u010dnos\u0165 nepovo\u013euje pou\u017e\u00edvanie slu\u017eby osob\u00e1m mlad\u0161\u00edm ako 18 rokov. <\/p>\n\n<hr class=\"wp-block-separator has-alpha-channel-opacity\"\/>\n\n<h2 class=\"wp-block-heading\"><strong>\u00da\u010dty pou\u017e\u00edvate\u013eov<\/strong><\/h2>\n\n<ul class=\"wp-block-list\">\n<li>Ke\u010f si u n\u00e1s vytvor\u00edte \u00fa\u010det, mus\u00edte poskytn\u00fa\u0165 presn\u00e9, \u00fapln\u00e9 a v\u017edy aktu\u00e1lne inform\u00e1cie. Ak tak neurob\u00edte, ide o poru\u0161enie Podmienok, ktor\u00e9 m\u00f4\u017ee ma\u0165 za n\u00e1sledok okam\u017eit\u00e9 zru\u0161enie V\u00e1\u0161ho \u00fa\u010dtu. <\/li>\n\n\n\n<li>Ste zodpovedn\u00ed za ochranu hesla, ktor\u00e9 pou\u017e\u00edvate na pr\u00edstup k Slu\u017ebe, a za v\u0161etky \u010dinnosti pod va\u0161\u00edm heslom.<\/li>\n\n\n\n<li>S\u00fahlas\u00edte s t\u00fdm, \u017ee svoje heslo neposkytnete \u017eiadnej tretej strane. Ak sa dozviete o akomko\u013evek neopr\u00e1vnenom pr\u00edstupe, okam\u017eite n\u00e1s o tom informujte. <\/li>\n<\/ul>\n\n<hr class=\"wp-block-separator has-alpha-channel-opacity\"\/>\n\n<h2 class=\"wp-block-heading\"><strong>Zad\u00e1vanie objedn\u00e1vok na produkty<\/strong><\/h2>\n\n<p>Zadan\u00edm objedn\u00e1vky na produkty prostredn\u00edctvom Slu\u017eby zaru\u010dujete, \u017ee:<\/p>\n\n<ol class=\"wp-block-list\">\n<li>M\u00e1te pr\u00e1vnu sp\u00f4sobilos\u0165 na uzatv\u00e1ranie z\u00e1v\u00e4zn\u00fdch zml\u00fav.<\/li>\n\n\n\n<li>Vami poskytnut\u00e9 inform\u00e1cie s\u00fa presn\u00e9 a \u00fapln\u00e9.<\/li>\n<\/ol>\n\n<hr class=\"wp-block-separator has-alpha-channel-opacity\"\/>\n\n<h2 class=\"wp-block-heading\"><strong>Propaga\u010dn\u00e9 akcie<\/strong><\/h2>\n\n<p>Ak\u00e9ko\u013evek propaga\u010dn\u00e9 akcie pon\u00fakan\u00e9 prostredn\u00edctvom Slu\u017eby m\u00f4\u017eu ma\u0165 \u010fal\u0161ie pravidl\u00e1. Ak sa z\u00fa\u010dastn\u00edte na akejko\u013evek propaga\u010dnej akcii, pre\u010d\u00edtajte si pr\u00edslu\u0161n\u00e9 pravidl\u00e1, ako aj na\u0161e z\u00e1sady ochrany osobn\u00fdch \u00fadajov. Ak s\u00fa pravidl\u00e1 propaga\u010dnej akcie v rozpore s t\u00fdmito Podmienkami, platia pravidl\u00e1 propaga\u010dnej akcie.  <\/p>\n\n<hr class=\"wp-block-separator has-alpha-channel-opacity\"\/>\n\n<h2 class=\"wp-block-heading\"><strong>Sp\u00e4tn\u00e1 v\u00e4zba<\/strong><\/h2>\n\n<p>Odoslan\u00edm Sp\u00e4tnej v\u00e4zby n\u00e1m postupujete v\u0161etky pr\u00e1va, vlastn\u00edctvo a podiel na takejto Sp\u00e4tnej v\u00e4zbe. Ak je tak\u00e9to post\u00fapenie z ak\u00e9hoko\u013evek d\u00f4vodu ne\u00fa\u010dinn\u00e9, s\u00fahlas\u00edte s t\u00fdm, \u017ee n\u00e1m udel\u00edte nev\u00fdhradn\u00fa, trval\u00fa, neodvolate\u013en\u00fa, bezplatn\u00fa, celosvetov\u00fa licenciu na pou\u017e\u00edvanie, reprodukciu, zverej\u0148ovanie a distrib\u00faciu takejto Sp\u00e4tnej v\u00e4zby bez obmedzenia alebo n\u00e1hrady. <\/p>\n\n<hr class=\"wp-block-separator has-alpha-channel-opacity\"\/>\n\n<h2 class=\"wp-block-heading\"><strong>Du\u0161evn\u00e9 vlastn\u00edctvo<\/strong><\/h2>\n\n<p>Slu\u017eba a jej p\u00f4vodn\u00fd obsah, vlastnosti a funkcie s\u00fa a zostan\u00fa v\u00fdlu\u010dn\u00fdm vlastn\u00edctvom spolo\u010dnosti. Na\u0161e du\u0161evn\u00e9 vlastn\u00edctvo nesmiete pou\u017e\u00edva\u0165 bez predch\u00e1dzaj\u00faceho p\u00edsomn\u00e9ho s\u00fahlasu. <\/p>\n\n<hr class=\"wp-block-separator has-alpha-channel-opacity\"\/>\n\n<h2 class=\"wp-block-heading\"><strong>Obmedzenie zodpovednosti<\/strong><\/h2>\n\n<p>V maxim\u00e1lnom rozsahu povolenom platn\u00fdmi z\u00e1konmi spolo\u010dnos\u0165 nenesie zodpovednos\u0165 za \u017eiadne nepriame, n\u00e1hodn\u00e9 alebo n\u00e1sledn\u00e9 \u0161kody vypl\u00fdvaj\u00face z v\u00e1\u0161ho pou\u017e\u00edvania slu\u017eby.<\/p>\n\n<hr class=\"wp-block-separator has-alpha-channel-opacity\"\/>\n\n<h2 class=\"wp-block-heading\"><strong>Ukon\u010denie<\/strong><\/h2>\n\n<p>Va\u0161e konto alebo pr\u00edstup k Slu\u017ebe m\u00f4\u017eeme okam\u017eite zru\u0161i\u0165 alebo pozastavi\u0165 bez predch\u00e1dzaj\u00faceho upozornenia alebo zodpovednosti, a to z ak\u00e9hoko\u013evek d\u00f4vodu vr\u00e1tane poru\u0161enia t\u00fdchto Podmienok.<\/p>\n\n<hr class=\"wp-block-separator has-alpha-channel-opacity\"\/>\n\n<h2 class=\"wp-block-heading\"><strong>Zmeny t\u00fdchto podmienok<\/strong><\/h2>\n\n<p>Vyhradzujeme si pr\u00e1vo upravi\u0165 alebo nahradi\u0165 tieto podmienky pod\u013ea vlastn\u00e9ho uv\u00e1\u017eenia. Ak je zmena podstatn\u00e1, ozn\u00e1mime to najmenej 30 dn\u00ed pred nadobudnut\u00edm \u00fa\u010dinnosti nov\u00fdch podmienok. Pokra\u010dovan\u00edm v pou\u017e\u00edvan\u00ed Slu\u017eby po aktualiz\u00e1ci\u00e1ch vyjadrujete s\u00fahlas s revidovan\u00fdmi Podmienkami.  <\/p>\n\n<hr class=\"wp-block-separator has-alpha-channel-opacity\"\/>\n\n<h2 class=\"wp-block-heading\"><strong>Kontaktujte n\u00e1s<\/strong><\/h2>\n\n<p>Ak m\u00e1te ak\u00e9ko\u013evek ot\u00e1zky t\u00fdkaj\u00face sa t\u00fdchto zmluvn\u00fdch podmienok, m\u00f4\u017eete n\u00e1s kontaktova\u0165:<\/p>\n\n<ul class=\"wp-block-list\">\n<li>E-mailom: <a href=\"mailto:hello@chacrys.com\">hello@chacrys.com<\/a><\/li>\n<\/ul>\n\n<p><\/p>\n","protected":false},"excerpt":{"rendered":"<p>Podmienky a pravidl\u00e1 D\u00e1tum \u00fa\u010dinnosti: [16 .6.2020]Posledn\u00e1 aktualiz\u00e1cia: [01 .12.2024] Pred pou\u017eit\u00edm na\u0161ej slu\u017eby si pozorne pre\u010d\u00edtajte tieto podmienky. V\u00fdklad<\/p>\n","protected":false},"author":1,"featured_media":0,"parent":0,"menu_order":0,"comment_status":"closed","ping_status":"closed","template":"","meta":{"footnotes":""},"class_list":["post-31254","page","type-page","status-publish","hentry"],"yoast_head":"<!-- This site is optimized with the Yoast SEO plugin v27.4 - https:\/\/yoast.com\/product\/yoast-seo-wordpress\/ -->\n<title>Podmienky a pravidl\u00e1 - Chacrys<\/title>\n<meta name=\"robots\" content=\"noindex, follow\" \/>\n<meta property=\"og:locale\" content=\"sk_SK\" \/>\n<meta property=\"og:type\" content=\"article\" \/>\n<meta property=\"og:title\" content=\"Podmienky a pravidl\u00e1 - Chacrys\" \/>\n<meta property=\"og:description\" content=\"Podmienky a pravidl\u00e1 D\u00e1tum \u00fa\u010dinnosti: [16 .6.2020]Posledn\u00e1 aktualiz\u00e1cia: [01 .12.2024] Pred pou\u017eit\u00edm na\u0161ej slu\u017eby si pozorne pre\u010d\u00edtajte tieto podmienky. V\u00fdklad\" \/>\n<meta property=\"og:url\" content=\"https:\/\/chacrys.com\/sk\/terms-conditions\/\" \/>\n<meta property=\"og:site_name\" content=\"Chacrys\" \/>\n<meta property=\"article:publisher\" content=\"https:\/\/www.facebook.com\/chacryscrystal\" \/>\n<meta property=\"article:modified_time\" content=\"2024-12-02T10:11:13+00:00\" \/>\n<meta name=\"twitter:card\" content=\"summary_large_image\" \/>\n<meta name=\"twitter:label1\" content=\"Predpokladan\u00fd \u010das \u010d\u00edtania\" \/>\n\t<meta name=\"twitter:data1\" content=\"5 min\u00fat\" \/>\n<script type=\"application\/ld+json\" class=\"yoast-schema-graph\">{\"@context\":\"https:\\\/\\\/schema.org\",\"@graph\":[{\"@type\":\"WebPage\",\"@id\":\"https:\\\/\\\/chacrys.com\\\/sk\\\/terms-conditions\\\/\",\"url\":\"https:\\\/\\\/chacrys.com\\\/sk\\\/terms-conditions\\\/\",\"name\":\"Podmienky a pravidl\u00e1 - Chacrys\",\"isPartOf\":{\"@id\":\"https:\\\/\\\/chacrys.com\\\/sk\\\/#website\"},\"datePublished\":\"2024-11-27T14:44:16+00:00\",\"dateModified\":\"2024-12-02T10:11:13+00:00\",\"breadcrumb\":{\"@id\":\"https:\\\/\\\/chacrys.com\\\/sk\\\/terms-conditions\\\/#breadcrumb\"},\"inLanguage\":\"sk-SK\",\"potentialAction\":[{\"@type\":\"ReadAction\",\"target\":[\"https:\\\/\\\/chacrys.com\\\/sk\\\/terms-conditions\\\/\"]}]},{\"@type\":\"BreadcrumbList\",\"@id\":\"https:\\\/\\\/chacrys.com\\\/sk\\\/terms-conditions\\\/#breadcrumb\",\"itemListElement\":[{\"@type\":\"ListItem\",\"position\":1,\"name\":\"Home\",\"item\":\"https:\\\/\\\/chacrys.com\\\/sk\\\/\"},{\"@type\":\"ListItem\",\"position\":2,\"name\":\"Podmienky a pravidl\u00e1\"}]},{\"@type\":\"WebSite\",\"@id\":\"https:\\\/\\\/chacrys.com\\\/sk\\\/#website\",\"url\":\"https:\\\/\\\/chacrys.com\\\/sk\\\/\",\"name\":\"Chacrys\",\"description\":\"Chacrys\",\"publisher\":{\"@id\":\"https:\\\/\\\/chacrys.com\\\/sk\\\/#organization\"},\"potentialAction\":[{\"@type\":\"SearchAction\",\"target\":{\"@type\":\"EntryPoint\",\"urlTemplate\":\"https:\\\/\\\/chacrys.com\\\/sk\\\/?s={search_term_string}\"},\"query-input\":{\"@type\":\"PropertyValueSpecification\",\"valueRequired\":true,\"valueName\":\"search_term_string\"}}],\"inLanguage\":\"sk-SK\"},{\"@type\":\"Organization\",\"@id\":\"https:\\\/\\\/chacrys.com\\\/sk\\\/#organization\",\"name\":\"Chacrys\",\"url\":\"https:\\\/\\\/chacrys.com\\\/sk\\\/\",\"logo\":{\"@type\":\"ImageObject\",\"inLanguage\":\"sk-SK\",\"@id\":\"https:\\\/\\\/chacrys.com\\\/sk\\\/#\\\/schema\\\/logo\\\/image\\\/\",\"url\":\"https:\\\/\\\/chacrys.com\\\/wp-content\\\/uploads\\\/2024\\\/11\\\/cropped-FRANJULIA-6.png\",\"contentUrl\":\"https:\\\/\\\/chacrys.com\\\/wp-content\\\/uploads\\\/2024\\\/11\\\/cropped-FRANJULIA-6.png\",\"width\":512,\"height\":512,\"caption\":\"Chacrys\"},\"image\":{\"@id\":\"https:\\\/\\\/chacrys.com\\\/sk\\\/#\\\/schema\\\/logo\\\/image\\\/\"},\"sameAs\":[\"https:\\\/\\\/www.facebook.com\\\/chacryscrystal\",\"https:\\\/\\\/www.instagram.com\\\/chacrys\\\/\",\"https:\\\/\\\/www.pinterest.com\\\/chacryscrystalbed\\\/\",\"https:\\\/\\\/www.youtube.com\\\/@chacrysofficial9667\"]}]}<\/script>\n<!-- \/ Yoast SEO plugin. -->","yoast_head_json":{"title":"Podmienky a pravidl\u00e1 - Chacrys","robots":{"index":"noindex","follow":"follow"},"og_locale":"sk_SK","og_type":"article","og_title":"Podmienky a pravidl\u00e1 - Chacrys","og_description":"Podmienky a pravidl\u00e1 D\u00e1tum \u00fa\u010dinnosti: [16 .6.2020]Posledn\u00e1 aktualiz\u00e1cia: [01 .12.2024] Pred pou\u017eit\u00edm na\u0161ej slu\u017eby si pozorne pre\u010d\u00edtajte tieto podmienky. V\u00fdklad","og_url":"https:\/\/chacrys.com\/sk\/terms-conditions\/","og_site_name":"Chacrys","article_publisher":"https:\/\/www.facebook.com\/chacryscrystal","article_modified_time":"2024-12-02T10:11:13+00:00","twitter_card":"summary_large_image","twitter_misc":{"Predpokladan\u00fd \u010das \u010d\u00edtania":"5 min\u00fat"},"schema":{"@context":"https:\/\/schema.org","@graph":[{"@type":"WebPage","@id":"https:\/\/chacrys.com\/sk\/terms-conditions\/","url":"https:\/\/chacrys.com\/sk\/terms-conditions\/","name":"Podmienky a pravidl\u00e1 - Chacrys","isPartOf":{"@id":"https:\/\/chacrys.com\/sk\/#website"},"datePublished":"2024-11-27T14:44:16+00:00","dateModified":"2024-12-02T10:11:13+00:00","breadcrumb":{"@id":"https:\/\/chacrys.com\/sk\/terms-conditions\/#breadcrumb"},"inLanguage":"sk-SK","potentialAction":[{"@type":"ReadAction","target":["https:\/\/chacrys.com\/sk\/terms-conditions\/"]}]},{"@type":"BreadcrumbList","@id":"https:\/\/chacrys.com\/sk\/terms-conditions\/#breadcrumb","itemListElement":[{"@type":"ListItem","position":1,"name":"Home","item":"https:\/\/chacrys.com\/sk\/"},{"@type":"ListItem","position":2,"name":"Podmienky a pravidl\u00e1"}]},{"@type":"WebSite","@id":"https:\/\/chacrys.com\/sk\/#website","url":"https:\/\/chacrys.com\/sk\/","name":"Chacrys","description":"Chacrys","publisher":{"@id":"https:\/\/chacrys.com\/sk\/#organization"},"potentialAction":[{"@type":"SearchAction","target":{"@type":"EntryPoint","urlTemplate":"https:\/\/chacrys.com\/sk\/?s={search_term_string}"},"query-input":{"@type":"PropertyValueSpecification","valueRequired":true,"valueName":"search_term_string"}}],"inLanguage":"sk-SK"},{"@type":"Organization","@id":"https:\/\/chacrys.com\/sk\/#organization","name":"Chacrys","url":"https:\/\/chacrys.com\/sk\/","logo":{"@type":"ImageObject","inLanguage":"sk-SK","@id":"https:\/\/chacrys.com\/sk\/#\/schema\/logo\/image\/","url":"https:\/\/chacrys.com\/wp-content\/uploads\/2024\/11\/cropped-FRANJULIA-6.png","contentUrl":"https:\/\/chacrys.com\/wp-content\/uploads\/2024\/11\/cropped-FRANJULIA-6.png","width":512,"height":512,"caption":"Chacrys"},"image":{"@id":"https:\/\/chacrys.com\/sk\/#\/schema\/logo\/image\/"},"sameAs":["https:\/\/www.facebook.com\/chacryscrystal","https:\/\/www.instagram.com\/chacrys\/","https:\/\/www.pinterest.com\/chacryscrystalbed\/","https:\/\/www.youtube.com\/@chacrysofficial9667"]}]}},"_links":{"self":[{"href":"https:\/\/chacrys.com\/sk\/wp-json\/wp\/v2\/pages\/31254","targetHints":{"allow":["GET"]}}],"collection":[{"href":"https:\/\/chacrys.com\/sk\/wp-json\/wp\/v2\/pages"}],"about":[{"href":"https:\/\/chacrys.com\/sk\/wp-json\/wp\/v2\/types\/page"}],"author":[{"embeddable":true,"href":"https:\/\/chacrys.com\/sk\/wp-json\/wp\/v2\/users\/1"}],"replies":[{"embeddable":true,"href":"https:\/\/chacrys.com\/sk\/wp-json\/wp\/v2\/comments?post=31254"}],"version-history":[{"count":2,"href":"https:\/\/chacrys.com\/sk\/wp-json\/wp\/v2\/pages\/31254\/revisions"}],"predecessor-version":[{"id":31384,"href":"https:\/\/chacrys.com\/sk\/wp-json\/wp\/v2\/pages\/31254\/revisions\/31384"}],"wp:attachment":[{"href":"https:\/\/chacrys.com\/sk\/wp-json\/wp\/v2\/media?parent=31254"}],"curies":[{"name":"wp","href":"https:\/\/api.w.org\/{rel}","templated":true}]}}