{"id":32345,"date":"2025-01-29T10:36:01","date_gmt":"2025-01-29T09:36:01","guid":{"rendered":"https:\/\/chacrys.com\/product\/rozsakvarc-vogel-kristaly\/"},"modified":"2026-02-10T11:15:02","modified_gmt":"2026-02-10T10:15:02","slug":"rozsakvarc-vogel-kristaly","status":"publish","type":"product","link":"https:\/\/chacrys.com\/hu\/termek\/rozsakvarc-vogel-kristaly\/","title":{"rendered":"R\u00f3zsakvarc Vogel krist\u00e1ly"},"content":{"rendered":"\t\t<div data-elementor-type=\"wp-post\" data-elementor-id=\"32345\" class=\"elementor elementor-32345 elementor-32130\">\n\t\t\t\t<div class=\"wd-negative-gap elementor-element elementor-element-b465bf6 e-flex e-con-boxed e-con e-parent\" data-id=\"b465bf6\" data-element_type=\"container\" data-e-type=\"container\">\n\t\t\t\t\t<div class=\"e-con-inner\">\n\t\t\t\t<div class=\"elementor-element elementor-element-987ba3d elementor-widget elementor-widget-wd_text_block\" data-id=\"987ba3d\" data-element_type=\"widget\" data-e-type=\"widget\" data-widget_type=\"wd_text_block.default\">\n\t\t\t\t<div class=\"elementor-widget-container\">\n\t\t\t\t\t\t\t<div class=\"wd-text-block reset-last-child text-left\">\n\t\t\t\n\t\t\t<h2><b>Gyakorlati tippek a haszn\u00e1lathoz<\/b><\/h2><p><span style=\"font-weight: 400;\">Amikor a r\u00f3zsakvarc Vogel krist\u00e1lyt hozz\u00e1adja a helyis\u00e9g\u00e9hez, vegye figyelembe a k\u00f6vetkez\u0151 megk\u00f6zel\u00edt\u00e9seket:<\/span><\/p><ul><li style=\"font-weight: 400;\" aria-level=\"1\"><span style=\"font-weight: 400;\"><strong>Haszn\u00e1lat el\u0151tt tiszt\u00edtsa meg:<\/strong> A krist\u00e1lyt t\u00f6r\u00f6lje le vagy \u00f3vatosan tiszt\u00edtsa meg olyan m\u00f3don, amelyet megfelel\u0151nek \u00e9rez, p\u00e9ld\u00e1ul term\u00e9szetes f\u00e9ny k\u00f6zel\u00e9be helyezve vagy egy figyelmes sz\u00e1nd\u00e9kkal.<\/span><span style=\"font-weight: 400;\"><br><br><\/span><\/li><li style=\"font-weight: 400;\" aria-level=\"1\"><span style=\"font-weight: 400;\"><strong>\u00c1ll\u00edtson fel egy sz\u00e1nd\u00e9kot:<\/strong> Minden \u00fcl\u00e9s el\u0151tt sz\u00e1njon egy percet arra, hogy elhelyezkedjen egy csendes helyen, \u00e9s hat\u00e1rozzon meg egy vil\u00e1gos szem\u00e9lyes sz\u00e1nd\u00e9kot az elm\u00e9lked\u00e9shez vagy medit\u00e1ci\u00f3hoz.<\/span><span style=\"font-weight: 400;\"><br><br><\/span><\/li><li style=\"font-weight: 400;\" aria-level=\"1\"><span style=\"font-weight: 400;\"><strong>P\u00e1ros\u00edt\u00e1s m\u00e1s eszk\u00f6z\u00f6kkel:<\/strong> M\u00e1s krist\u00e1lyokkal, medit\u00e1ci\u00f3s gyakorlatokkal vagy b\u00e9k\u00e9s elemekkel, p\u00e9ld\u00e1ul gyerty\u00e1kkal vagy l\u00e1gy zen\u00e9vel kombin\u00e1lva fokozhatja a k\u00f6rnyezetet.<\/span><span style=\"font-weight: 400;\"><br><br><\/span><\/li><\/ul><h2><b>Rose Vogel krist\u00e1ly GYIK<\/b><\/h2><p><b>Mi az a r\u00f3zsakvarc Vogel krist\u00e1ly?<\/b><\/p><p><span style=\"font-weight: 400;\">A r\u00f3zsakvarc Vogel-krist\u00e1ly egy Vogel-csiszol\u00e1si m\u00f3dszerrel form\u00e1zott krist\u00e1ly, amely szimmetrikus, kett\u0151s v\u00e9gz\u0151d\u00e9s\u0171 kialak\u00edt\u00e1ssal rendelkezik. R\u00f3zsakvarcb\u00f3l k\u00e9sz\u00fcl, \u00e9s gyakran haszn\u00e1lj\u00e1k medit\u00e1ci\u00f3ban, tudatoss\u00e1gban \u00e9s sz\u00e1nd\u00e9kos krist\u00e1lygyakorlatokban. <\/span><\/p><p><b>Hogyan haszn\u00e1lj\u00e1k a r\u00f3zsakvarc Vogel krist\u00e1lyt?<\/b><\/p><p><span style=\"font-weight: 400;\">Ezt a krist\u00e1lyt gyakran haszn\u00e1lj\u00e1k \u00fagy, hogy medit\u00e1ci\u00f3 k\u00f6zben tartj\u00e1k, szem\u00e9lyes gyakorl\u00f3t\u00e9rben helyezik el, vagy krist\u00e1lyos elrendez\u00e9sekbe \u00e9p\u00edtik be. Sok felhaszn\u00e1l\u00f3 vizu\u00e1lis \u00e9s szimbolikus f\u00f3kuszpontk\u00e9nt kezeli az elm\u00e9ly\u00fclt vagy elm\u00e9lked\u0151 \u00fcl\u00e9sek sor\u00e1n. <\/span><\/p><p><b>Mit t\u00e1rs\u00edtanak a r\u00f3zsakvarchoz hagyom\u00e1nyosan?<\/b><\/p><p><span style=\"font-weight: 400;\">A hagyom\u00e1nyos krist\u00e1ly- \u00e9s spiritu\u00e1lis gyakorlatokban a r\u00f3zsakvarcot \u00e1ltal\u00e1ban olyan t\u00e9m\u00e1kkal t\u00e1rs\u00edtj\u00e1k, mint az egy\u00fctt\u00e9rz\u00e9s, az \u00e9rzelmi tudatoss\u00e1g \u00e9s a sz\u00edvk\u00f6zpont\u00fa elm\u00e9lked\u00e9s. Ezek az asszoci\u00e1ci\u00f3k szimbolikusak \u00e9s hagyom\u00e1nyonk\u00e9nt elt\u00e9r\u0151ek. <\/span><\/p><p><b>A r\u00f3zsakvarc Vogel krist\u00e1ly orvosi vagy gy\u00f3gy\u00edt\u00f3 eszk\u00f6z?<\/b><\/p><p><span style=\"font-weight: 400;\">Nem. A r\u00f3zsakvarc Vogel krist\u00e1ly nem orvosi eszk\u00f6z, \u00e9s nem orvosi \u00e1llapotok diagnosztiz\u00e1l\u00e1s\u00e1ra, kezel\u00e9s\u00e9re, gy\u00f3gy\u00edt\u00e1s\u00e1ra vagy megel\u0151z\u00e9s\u00e9re szolg\u00e1l. Szem\u00e9lyes elm\u00e9lked\u00e9shez, tudatoss\u00e1ghoz \u00e9s wellness-k\u00f6zpont\u00fa gyakorlatokhoz k\u00edn\u00e1ljuk.  <\/span><\/p><p><b>Kezd\u0151k is haszn\u00e1lhatnak r\u00f3zsakvarc Vogel krist\u00e1lyt?<\/b><\/p><p><span style=\"font-weight: 400;\">Igen, a r\u00f3zsakvarc Vogel krist\u00e1ly alkalmas kezd\u0151k \u00e9s tapasztalt krist\u00e1lygyakorl\u00f3k sz\u00e1m\u00e1ra egyar\u00e1nt. A medit\u00e1ci\u00f3ban vagy szem\u00e9lyes gyakorlatban val\u00f3 haszn\u00e1lat\u00e1hoz nincs sz\u00fcks\u00e9g el\u0151zetes tud\u00e1sra vagy technikai k\u00e9pz\u00e9sre.  <\/span><\/p><p><b>Kombin\u00e1lhat\u00f3 ez a krist\u00e1ly m\u00e1s eszk\u00f6z\u00f6kkel?<\/b><\/p><p><span style=\"font-weight: 400;\">Igen. Sok felhaszn\u00e1l\u00f3 kombin\u00e1lja a Vogel krist\u00e1lyokat m\u00e1s krist\u00e1lyokkal, medit\u00e1ci\u00f3s technik\u00e1kkal vagy f\u00e9nyk\u00f6zpont\u00fa eszk\u00f6z\u00f6kkel, hogy szem\u00e9lyre szabott gyakorl\u00f3 k\u00f6rnyezetet hozzon l\u00e9tre. A krist\u00e1ly\u00e1gyakat vagy struktur\u00e1lt krist\u00e1lyrendszereket is kieg\u00e9sz\u00edthetik.  <\/span><\/p><p><b>Hogyan kell \u00e1polni a r\u00f3zsakvarc Vogel krist\u00e1lyomat?<\/b><\/p><p><span style=\"font-weight: 400;\">A krist\u00e1ly \u00e1pol\u00e1sa \u00e9rdek\u00e9ben tartsa tiszt\u00e1n \u00e9s t\u00e1rolja biztons\u00e1gos helyen, amikor nem haszn\u00e1lja. Egyes felhaszn\u00e1l\u00f3k ink\u00e1bb rendszeres id\u0151k\u00f6z\u00f6nk\u00e9nt tiszt\u00edtj\u00e1k meg gyeng\u00e9d m\u00f3dszerekkel, mint p\u00e9ld\u00e1ul az elm\u00e9s sz\u00e1nd\u00e9k, a term\u00e9szetes f\u00e9nynek val\u00f3 kitetts\u00e9g vagy a nyugodt k\u00f6rnyezetbe helyez\u00e9s. <\/span><\/p>\n\t\t\t\t\t<\/div>\n\t\t\t\t\t\t<\/div>\n\t\t\t\t<\/div>\n\t\t\t\t\t<\/div>\n\t\t\t\t<\/div>\n\t\t\t\t<\/div>\n\t\t","protected":false},"excerpt":{"rendered":"<p>A r\u00f3zsakvarc seg\u00edt feloldani a r\u00e9gi \u00e9rzelmi sebeket, vigaszt ny\u00fajtva a sz\u00edvnek. A Vogel v\u00e1g\u00e1s f\u00f3kusz\u00e1lja az energi\u00e1t, seg\u00edt megtiszt\u00edtani az \u00e9rzelmi blokkokat \u00e9s helyre\u00e1ll\u00edtani az egyens\u00falyt. <\/p>\n","protected":false},"featured_media":32134,"comment_status":"open","ping_status":"closed","template":"","meta":[],"product_brand":[],"product_cat":[225],"product_tag":[],"class_list":{"0":"post-32345","1":"product","2":"type-product","3":"status-publish","4":"has-post-thumbnail","6":"product_cat-nem-kategorizalt","8":"first","9":"instock","10":"shipping-taxable","11":"purchasable","12":"product-type-simple"},"yoast_head":"<!-- This site is optimized with the Yoast SEO plugin v27.4 - https:\/\/yoast.com\/product\/yoast-seo-wordpress\/ -->\n<title>Rose Vogel krist\u00e1ly, V\u00e1s\u00e1rl\u00e1s Chacrys Rose Quartz Vogel Online<\/title>\n<meta name=\"description\" content=\"A r\u00f3zsakvarc Vogel krist\u00e1lyok a r\u00f3zsakvarc egy egyedi \u00e9s er\u0151teljes form\u00e1ja, amelyet apr\u00f3l\u00e9kosan egy k\u00fcl\u00f6nleges form\u00e1ra v\u00e1gnak, amelyet Vogel v\u00e1g\u00e1s n\u00e9ven ismer\u00fcnk. V\u00e1s\u00e1roljon kiv\u00e1l\u00f3 min\u0151s\u00e9g\u0171 Rose Vogel krist\u00e1lyokat a Chacrys-t\u00f3l!\" \/>\n<meta name=\"robots\" content=\"index, follow, max-snippet:-1, max-image-preview:large, max-video-preview:-1\" \/>\n<link rel=\"canonical\" href=\"https:\/\/chacrys.com\/hu\/termek\/rozsakvarc-vogel-kristaly\/\" \/>\n<meta property=\"og:locale\" content=\"hu_HU\" \/>\n<meta property=\"og:type\" content=\"article\" \/>\n<meta property=\"og:title\" content=\"Rose Vogel krist\u00e1ly, V\u00e1s\u00e1rl\u00e1s Chacrys Rose Quartz Vogel Online\" \/>\n<meta property=\"og:description\" content=\"A r\u00f3zsakvarc Vogel krist\u00e1lyok a r\u00f3zsakvarc egy egyedi \u00e9s er\u0151teljes form\u00e1ja, amelyet apr\u00f3l\u00e9kosan egy k\u00fcl\u00f6nleges form\u00e1ra v\u00e1gnak, amelyet Vogel v\u00e1g\u00e1s n\u00e9ven ismer\u00fcnk. V\u00e1s\u00e1roljon kiv\u00e1l\u00f3 min\u0151s\u00e9g\u0171 Rose Vogel krist\u00e1lyokat a Chacrys-t\u00f3l!\" \/>\n<meta property=\"og:url\" content=\"https:\/\/chacrys.com\/hu\/termek\/rozsakvarc-vogel-kristaly\/\" \/>\n<meta property=\"og:site_name\" content=\"Chacrys\" \/>\n<meta property=\"article:publisher\" content=\"https:\/\/www.facebook.com\/chacryscrystal\" \/>\n<meta property=\"article:modified_time\" content=\"2026-02-10T10:15:02+00:00\" \/>\n<meta property=\"og:image\" content=\"https:\/\/chacrys.com\/wp-content\/uploads\/2025\/01\/web2.png\" \/>\n\t<meta property=\"og:image:width\" content=\"768\" \/>\n\t<meta property=\"og:image:height\" content=\"768\" \/>\n\t<meta property=\"og:image:type\" content=\"image\/png\" \/>\n<meta name=\"twitter:card\" content=\"summary_large_image\" \/>\n<meta name=\"twitter:label1\" content=\"\u00c1r\" \/>\n\t<meta name=\"twitter:data1\" content=\"129,00&nbsp;&euro;\" \/>\n\t<meta name=\"twitter:label2\" content=\"El\u00e9rhet\u0151s\u00e9g\" \/>\n\t<meta name=\"twitter:data2\" content=\"K\u00e9szleten\" \/>\n<script type=\"application\/ld+json\" class=\"yoast-schema-graph\">{\"@context\":\"https:\\\/\\\/schema.org\",\"@graph\":[{\"@type\":\"WebPage\",\"@id\":\"https:\\\/\\\/chacrys.com\\\/hu\\\/termek\\\/rozsakvarc-vogel-kristaly\\\/\",\"url\":\"https:\\\/\\\/chacrys.com\\\/hu\\\/termek\\\/rozsakvarc-vogel-kristaly\\\/\",\"name\":\"Rose Vogel krist\u00e1ly, V\u00e1s\u00e1rl\u00e1s Chacrys Rose Quartz Vogel Online\",\"isPartOf\":{\"@id\":\"https:\\\/\\\/chacrys.com\\\/hu\\\/#website\"},\"primaryImageOfPage\":{\"@id\":\"https:\\\/\\\/chacrys.com\\\/hu\\\/termek\\\/rozsakvarc-vogel-kristaly\\\/#primaryimage\"},\"image\":{\"@id\":\"https:\\\/\\\/chacrys.com\\\/hu\\\/termek\\\/rozsakvarc-vogel-kristaly\\\/#primaryimage\"},\"thumbnailUrl\":\"https:\\\/\\\/chacrys.com\\\/wp-content\\\/uploads\\\/2025\\\/01\\\/web2.png\",\"datePublished\":\"2025-01-29T09:36:01+00:00\",\"dateModified\":\"2026-02-10T10:15:02+00:00\",\"description\":\"A r\u00f3zsakvarc Vogel krist\u00e1lyok a r\u00f3zsakvarc egy egyedi \u00e9s er\u0151teljes form\u00e1ja, amelyet apr\u00f3l\u00e9kosan egy k\u00fcl\u00f6nleges form\u00e1ra v\u00e1gnak, amelyet Vogel v\u00e1g\u00e1s n\u00e9ven ismer\u00fcnk. V\u00e1s\u00e1roljon kiv\u00e1l\u00f3 min\u0151s\u00e9g\u0171 Rose Vogel krist\u00e1lyokat a Chacrys-t\u00f3l!\",\"breadcrumb\":{\"@id\":\"https:\\\/\\\/chacrys.com\\\/hu\\\/termek\\\/rozsakvarc-vogel-kristaly\\\/#breadcrumb\"},\"inLanguage\":\"hu\",\"potentialAction\":[{\"@type\":\"ReadAction\",\"target\":[\"https:\\\/\\\/chacrys.com\\\/hu\\\/termek\\\/rozsakvarc-vogel-kristaly\\\/\"]}]},{\"@type\":\"ImageObject\",\"inLanguage\":\"hu\",\"@id\":\"https:\\\/\\\/chacrys.com\\\/hu\\\/termek\\\/rozsakvarc-vogel-kristaly\\\/#primaryimage\",\"url\":\"https:\\\/\\\/chacrys.com\\\/wp-content\\\/uploads\\\/2025\\\/01\\\/web2.png\",\"contentUrl\":\"https:\\\/\\\/chacrys.com\\\/wp-content\\\/uploads\\\/2025\\\/01\\\/web2.png\",\"width\":768,\"height\":768,\"caption\":\"r\u00f3zsakvarc vogel krist\u00e1ly\"},{\"@type\":\"BreadcrumbList\",\"@id\":\"https:\\\/\\\/chacrys.com\\\/hu\\\/termek\\\/rozsakvarc-vogel-kristaly\\\/#breadcrumb\",\"itemListElement\":[{\"@type\":\"ListItem\",\"position\":1,\"name\":\"Home\",\"item\":\"https:\\\/\\\/chacrys.com\\\/hu\\\/\"},{\"@type\":\"ListItem\",\"position\":2,\"name\":\"A krist\u00e1ly gy\u00f3gy\u00edt\u00f3 bolt-\u00f6reg\",\"item\":\"https:\\\/\\\/chacrys.com\\\/hu\\\/shop\\\/\"},{\"@type\":\"ListItem\",\"position\":3,\"name\":\"R\u00f3zsakvarc Vogel krist\u00e1ly\"}]},{\"@type\":\"WebSite\",\"@id\":\"https:\\\/\\\/chacrys.com\\\/hu\\\/#website\",\"url\":\"https:\\\/\\\/chacrys.com\\\/hu\\\/\",\"name\":\"Chacrys\",\"description\":\"Chacrys\",\"publisher\":{\"@id\":\"https:\\\/\\\/chacrys.com\\\/hu\\\/#organization\"},\"potentialAction\":[{\"@type\":\"SearchAction\",\"target\":{\"@type\":\"EntryPoint\",\"urlTemplate\":\"https:\\\/\\\/chacrys.com\\\/hu\\\/?s={search_term_string}\"},\"query-input\":{\"@type\":\"PropertyValueSpecification\",\"valueRequired\":true,\"valueName\":\"search_term_string\"}}],\"inLanguage\":\"hu\"},{\"@type\":\"Organization\",\"@id\":\"https:\\\/\\\/chacrys.com\\\/hu\\\/#organization\",\"name\":\"Chacrys\",\"url\":\"https:\\\/\\\/chacrys.com\\\/hu\\\/\",\"logo\":{\"@type\":\"ImageObject\",\"inLanguage\":\"hu\",\"@id\":\"https:\\\/\\\/chacrys.com\\\/hu\\\/#\\\/schema\\\/logo\\\/image\\\/\",\"url\":\"https:\\\/\\\/chacrys.com\\\/wp-content\\\/uploads\\\/2024\\\/11\\\/cropped-FRANJULIA-6.png\",\"contentUrl\":\"https:\\\/\\\/chacrys.com\\\/wp-content\\\/uploads\\\/2024\\\/11\\\/cropped-FRANJULIA-6.png\",\"width\":512,\"height\":512,\"caption\":\"Chacrys\"},\"image\":{\"@id\":\"https:\\\/\\\/chacrys.com\\\/hu\\\/#\\\/schema\\\/logo\\\/image\\\/\"},\"sameAs\":[\"https:\\\/\\\/www.facebook.com\\\/chacryscrystal\",\"https:\\\/\\\/www.instagram.com\\\/chacrys\\\/\",\"https:\\\/\\\/www.pinterest.com\\\/chacryscrystalbed\\\/\",\"https:\\\/\\\/www.youtube.com\\\/@chacrysofficial9667\"]}]}<\/script>\n<meta property=\"product:price:amount\" content=\"129.00\" \/>\n<meta property=\"product:price:currency\" content=\"EUR\" \/>\n<meta property=\"og:availability\" content=\"instock\" \/>\n<meta property=\"product:availability\" content=\"instock\" \/>\n<meta property=\"product:condition\" content=\"new\" \/>\n<!-- \/ Yoast SEO plugin. -->","yoast_head_json":{"title":"Rose Vogel krist\u00e1ly, V\u00e1s\u00e1rl\u00e1s Chacrys Rose Quartz Vogel Online","description":"A r\u00f3zsakvarc Vogel krist\u00e1lyok a r\u00f3zsakvarc egy egyedi \u00e9s er\u0151teljes form\u00e1ja, amelyet apr\u00f3l\u00e9kosan egy k\u00fcl\u00f6nleges form\u00e1ra v\u00e1gnak, amelyet Vogel v\u00e1g\u00e1s n\u00e9ven ismer\u00fcnk. V\u00e1s\u00e1roljon kiv\u00e1l\u00f3 min\u0151s\u00e9g\u0171 Rose Vogel krist\u00e1lyokat a Chacrys-t\u00f3l!","robots":{"index":"index","follow":"follow","max-snippet":"max-snippet:-1","max-image-preview":"max-image-preview:large","max-video-preview":"max-video-preview:-1"},"canonical":"https:\/\/chacrys.com\/hu\/termek\/rozsakvarc-vogel-kristaly\/","og_locale":"hu_HU","og_type":"article","og_title":"Rose Vogel krist\u00e1ly, V\u00e1s\u00e1rl\u00e1s Chacrys Rose Quartz Vogel Online","og_description":"A r\u00f3zsakvarc Vogel krist\u00e1lyok a r\u00f3zsakvarc egy egyedi \u00e9s er\u0151teljes form\u00e1ja, amelyet apr\u00f3l\u00e9kosan egy k\u00fcl\u00f6nleges form\u00e1ra v\u00e1gnak, amelyet Vogel v\u00e1g\u00e1s n\u00e9ven ismer\u00fcnk. V\u00e1s\u00e1roljon kiv\u00e1l\u00f3 min\u0151s\u00e9g\u0171 Rose Vogel krist\u00e1lyokat a Chacrys-t\u00f3l!","og_url":"https:\/\/chacrys.com\/hu\/termek\/rozsakvarc-vogel-kristaly\/","og_site_name":"Chacrys","article_publisher":"https:\/\/www.facebook.com\/chacryscrystal","article_modified_time":"2026-02-10T10:15:02+00:00","og_image":[{"width":768,"height":768,"url":"https:\/\/chacrys.com\/wp-content\/uploads\/2025\/01\/web2.png","type":"image\/png"}],"twitter_card":"summary_large_image","twitter_misc":{"\u00c1r":"129,00&nbsp;&euro;","El\u00e9rhet\u0151s\u00e9g":"K\u00e9szleten"},"schema":{"@context":"https:\/\/schema.org","@graph":[{"@type":"WebPage","@id":"https:\/\/chacrys.com\/hu\/termek\/rozsakvarc-vogel-kristaly\/","url":"https:\/\/chacrys.com\/hu\/termek\/rozsakvarc-vogel-kristaly\/","name":"Rose Vogel krist\u00e1ly, V\u00e1s\u00e1rl\u00e1s Chacrys Rose Quartz Vogel Online","isPartOf":{"@id":"https:\/\/chacrys.com\/hu\/#website"},"primaryImageOfPage":{"@id":"https:\/\/chacrys.com\/hu\/termek\/rozsakvarc-vogel-kristaly\/#primaryimage"},"image":{"@id":"https:\/\/chacrys.com\/hu\/termek\/rozsakvarc-vogel-kristaly\/#primaryimage"},"thumbnailUrl":"https:\/\/chacrys.com\/wp-content\/uploads\/2025\/01\/web2.png","datePublished":"2025-01-29T09:36:01+00:00","dateModified":"2026-02-10T10:15:02+00:00","description":"A r\u00f3zsakvarc Vogel krist\u00e1lyok a r\u00f3zsakvarc egy egyedi \u00e9s er\u0151teljes form\u00e1ja, amelyet apr\u00f3l\u00e9kosan egy k\u00fcl\u00f6nleges form\u00e1ra v\u00e1gnak, amelyet Vogel v\u00e1g\u00e1s n\u00e9ven ismer\u00fcnk. V\u00e1s\u00e1roljon kiv\u00e1l\u00f3 min\u0151s\u00e9g\u0171 Rose Vogel krist\u00e1lyokat a Chacrys-t\u00f3l!","breadcrumb":{"@id":"https:\/\/chacrys.com\/hu\/termek\/rozsakvarc-vogel-kristaly\/#breadcrumb"},"inLanguage":"hu","potentialAction":[{"@type":"ReadAction","target":["https:\/\/chacrys.com\/hu\/termek\/rozsakvarc-vogel-kristaly\/"]}]},{"@type":"ImageObject","inLanguage":"hu","@id":"https:\/\/chacrys.com\/hu\/termek\/rozsakvarc-vogel-kristaly\/#primaryimage","url":"https:\/\/chacrys.com\/wp-content\/uploads\/2025\/01\/web2.png","contentUrl":"https:\/\/chacrys.com\/wp-content\/uploads\/2025\/01\/web2.png","width":768,"height":768,"caption":"r\u00f3zsakvarc vogel krist\u00e1ly"},{"@type":"BreadcrumbList","@id":"https:\/\/chacrys.com\/hu\/termek\/rozsakvarc-vogel-kristaly\/#breadcrumb","itemListElement":[{"@type":"ListItem","position":1,"name":"Home","item":"https:\/\/chacrys.com\/hu\/"},{"@type":"ListItem","position":2,"name":"A krist\u00e1ly gy\u00f3gy\u00edt\u00f3 bolt-\u00f6reg","item":"https:\/\/chacrys.com\/hu\/shop\/"},{"@type":"ListItem","position":3,"name":"R\u00f3zsakvarc Vogel krist\u00e1ly"}]},{"@type":"WebSite","@id":"https:\/\/chacrys.com\/hu\/#website","url":"https:\/\/chacrys.com\/hu\/","name":"Chacrys","description":"Chacrys","publisher":{"@id":"https:\/\/chacrys.com\/hu\/#organization"},"potentialAction":[{"@type":"SearchAction","target":{"@type":"EntryPoint","urlTemplate":"https:\/\/chacrys.com\/hu\/?s={search_term_string}"},"query-input":{"@type":"PropertyValueSpecification","valueRequired":true,"valueName":"search_term_string"}}],"inLanguage":"hu"},{"@type":"Organization","@id":"https:\/\/chacrys.com\/hu\/#organization","name":"Chacrys","url":"https:\/\/chacrys.com\/hu\/","logo":{"@type":"ImageObject","inLanguage":"hu","@id":"https:\/\/chacrys.com\/hu\/#\/schema\/logo\/image\/","url":"https:\/\/chacrys.com\/wp-content\/uploads\/2024\/11\/cropped-FRANJULIA-6.png","contentUrl":"https:\/\/chacrys.com\/wp-content\/uploads\/2024\/11\/cropped-FRANJULIA-6.png","width":512,"height":512,"caption":"Chacrys"},"image":{"@id":"https:\/\/chacrys.com\/hu\/#\/schema\/logo\/image\/"},"sameAs":["https:\/\/www.facebook.com\/chacryscrystal","https:\/\/www.instagram.com\/chacrys\/","https:\/\/www.pinterest.com\/chacryscrystalbed\/","https:\/\/www.youtube.com\/@chacrysofficial9667"]}]},"product_price_amount":"129.00","product_price_currency":"EUR","og_availability":"instock","product_availability":"instock","product_condition":"new"},"_links":{"self":[{"href":"https:\/\/chacrys.com\/hu\/wp-json\/wp\/v2\/product\/32345","targetHints":{"allow":["GET"]}}],"collection":[{"href":"https:\/\/chacrys.com\/hu\/wp-json\/wp\/v2\/product"}],"about":[{"href":"https:\/\/chacrys.com\/hu\/wp-json\/wp\/v2\/types\/product"}],"replies":[{"embeddable":true,"href":"https:\/\/chacrys.com\/hu\/wp-json\/wp\/v2\/comments?post=32345"}],"version-history":[{"count":2,"href":"https:\/\/chacrys.com\/hu\/wp-json\/wp\/v2\/product\/32345\/revisions"}],"predecessor-version":[{"id":34646,"href":"https:\/\/chacrys.com\/hu\/wp-json\/wp\/v2\/product\/32345\/revisions\/34646"}],"wp:featuredmedia":[{"embeddable":true,"href":"https:\/\/chacrys.com\/hu\/wp-json\/wp\/v2\/media\/32134"}],"wp:attachment":[{"href":"https:\/\/chacrys.com\/hu\/wp-json\/wp\/v2\/media?parent=32345"}],"wp:term":[{"taxonomy":"product_brand","embeddable":true,"href":"https:\/\/chacrys.com\/hu\/wp-json\/wp\/v2\/product_brand?post=32345"},{"taxonomy":"product_cat","embeddable":true,"href":"https:\/\/chacrys.com\/hu\/wp-json\/wp\/v2\/product_cat?post=32345"},{"taxonomy":"product_tag","embeddable":true,"href":"https:\/\/chacrys.com\/hu\/wp-json\/wp\/v2\/product_tag?post=32345"}],"curies":[{"name":"wp","href":"https:\/\/api.w.org\/{rel}","templated":true}]}}