{"id":31531,"date":"2024-11-25T16:51:52","date_gmt":"2024-11-25T16:51:52","guid":{"rendered":"https:\/\/chacrys.com\/product\/vogel-kristaly\/"},"modified":"2026-01-21T20:08:36","modified_gmt":"2026-01-21T19:08:36","slug":"vogel-kristaly","status":"publish","type":"product","link":"https:\/\/chacrys.com\/hu\/termek\/vogel-kristaly\/","title":{"rendered":"Vogel krist\u00e1ly"},"content":{"rendered":"","protected":false},"excerpt":{"rendered":"<p>Szerezze be most a saj\u00e1t Vogel krist\u00e1ly\u00e1t, \u00e9s tanulja meg, hogyan haszn\u00e1lja otthonr\u00f3l.<\/p>\n<ul class=\"help-box-ul\">\n<li>online k\u00e9pz\u00e9s + munkaf\u00fczet<\/li>\n<li>tan\u00fas\u00edt\u00e1s<\/li>\n<li>fenntarthat\u00f3 PLA eset<\/li>\n<li>vil\u00e1gm\u00e9ret\u0171 sz\u00e1ll\u00edt\u00e1s<\/li>\n<\/ul>\n","protected":false},"featured_media":32073,"comment_status":"open","ping_status":"closed","template":"","meta":[],"product_brand":[],"product_cat":[267,225],"product_tag":[],"class_list":{"0":"post-31531","1":"product","2":"type-product","3":"status-publish","4":"has-post-thumbnail","6":"product_cat-bestseller-hu","7":"product_cat-nem-kategorizalt","9":"first","10":"instock","11":"shipping-taxable","12":"purchasable","13":"product-type-simple"},"yoast_head":"<!-- This site is optimized with the Yoast SEO plugin v27.3 - https:\/\/yoast.com\/product\/yoast-seo-wordpress\/ -->\n<title>Vogel Crystal, V\u00e1s\u00e1rolja Vogel csiszolt krist\u00e1ly gy\u00f3gy\u00edt\u00f3 p\u00e1lc\u00e1k | Chacrys<\/title>\n<meta name=\"description\" content=\"Online k\u00e9pz\u00e9ssel \u00e9s hiteles\u00edtett munkaf\u00fczettel a Vogel Cut Crystal tulajdonosa lehet. Fenntarthat\u00f3 PLA tokban \u00e9rkezik, \u00e9s vil\u00e1gszerte sz\u00e1ll\u00edthat\u00f3.\" \/>\n<meta name=\"robots\" content=\"index, follow, max-snippet:-1, max-image-preview:large, max-video-preview:-1\" \/>\n<link rel=\"canonical\" href=\"https:\/\/chacrys.com\/hu\/termek\/vogel-kristaly\/\" \/>\n<meta property=\"og:locale\" content=\"hu_HU\" \/>\n<meta property=\"og:type\" content=\"article\" \/>\n<meta property=\"og:title\" content=\"Vogel Crystal, V\u00e1s\u00e1rolja Vogel csiszolt krist\u00e1ly gy\u00f3gy\u00edt\u00f3 p\u00e1lc\u00e1k | Chacrys\" \/>\n<meta property=\"og:description\" content=\"Online k\u00e9pz\u00e9ssel \u00e9s hiteles\u00edtett munkaf\u00fczettel a Vogel Cut Crystal tulajdonosa lehet. Fenntarthat\u00f3 PLA tokban \u00e9rkezik, \u00e9s vil\u00e1gszerte sz\u00e1ll\u00edthat\u00f3.\" \/>\n<meta property=\"og:url\" content=\"https:\/\/chacrys.com\/hu\/termek\/vogel-kristaly\/\" \/>\n<meta property=\"og:site_name\" content=\"Chacrys\" \/>\n<meta property=\"article:publisher\" content=\"https:\/\/www.facebook.com\/chacryscrystal\" \/>\n<meta property=\"article:modified_time\" content=\"2026-01-21T19:08:36+00:00\" \/>\n<meta property=\"og:image\" content=\"https:\/\/chacrys.com\/wp-content\/uploads\/2024\/11\/web3.png\" \/>\n\t<meta property=\"og:image:width\" content=\"768\" \/>\n\t<meta property=\"og:image:height\" content=\"768\" \/>\n\t<meta property=\"og:image:type\" content=\"image\/png\" \/>\n<meta name=\"twitter:card\" content=\"summary_large_image\" \/>\n<meta name=\"twitter:label1\" content=\"\u00c1r\" \/>\n\t<meta name=\"twitter:data1\" content=\"129,00&nbsp;&euro;\" \/>\n\t<meta name=\"twitter:label2\" content=\"El\u00e9rhet\u0151s\u00e9g\" \/>\n\t<meta name=\"twitter:data2\" content=\"K\u00e9szleten\" \/>\n<script type=\"application\/ld+json\" class=\"yoast-schema-graph\">{\"@context\":\"https:\\\/\\\/schema.org\",\"@graph\":[{\"@type\":\"WebPage\",\"@id\":\"https:\\\/\\\/chacrys.com\\\/hu\\\/termek\\\/vogel-kristaly\\\/\",\"url\":\"https:\\\/\\\/chacrys.com\\\/hu\\\/termek\\\/vogel-kristaly\\\/\",\"name\":\"Vogel Crystal, V\u00e1s\u00e1rolja Vogel csiszolt krist\u00e1ly gy\u00f3gy\u00edt\u00f3 p\u00e1lc\u00e1k | Chacrys\",\"isPartOf\":{\"@id\":\"https:\\\/\\\/chacrys.com\\\/hu\\\/#website\"},\"primaryImageOfPage\":{\"@id\":\"https:\\\/\\\/chacrys.com\\\/hu\\\/termek\\\/vogel-kristaly\\\/#primaryimage\"},\"image\":{\"@id\":\"https:\\\/\\\/chacrys.com\\\/hu\\\/termek\\\/vogel-kristaly\\\/#primaryimage\"},\"thumbnailUrl\":\"https:\\\/\\\/chacrys.com\\\/wp-content\\\/uploads\\\/2024\\\/11\\\/web3.png\",\"datePublished\":\"2024-11-25T16:51:52+00:00\",\"dateModified\":\"2026-01-21T19:08:36+00:00\",\"description\":\"Online k\u00e9pz\u00e9ssel \u00e9s hiteles\u00edtett munkaf\u00fczettel a Vogel Cut Crystal tulajdonosa lehet. Fenntarthat\u00f3 PLA tokban \u00e9rkezik, \u00e9s vil\u00e1gszerte sz\u00e1ll\u00edthat\u00f3.\",\"breadcrumb\":{\"@id\":\"https:\\\/\\\/chacrys.com\\\/hu\\\/termek\\\/vogel-kristaly\\\/#breadcrumb\"},\"inLanguage\":\"hu\",\"potentialAction\":[{\"@type\":\"ReadAction\",\"target\":[\"https:\\\/\\\/chacrys.com\\\/hu\\\/termek\\\/vogel-kristaly\\\/\"]}]},{\"@type\":\"ImageObject\",\"inLanguage\":\"hu\",\"@id\":\"https:\\\/\\\/chacrys.com\\\/hu\\\/termek\\\/vogel-kristaly\\\/#primaryimage\",\"url\":\"https:\\\/\\\/chacrys.com\\\/wp-content\\\/uploads\\\/2024\\\/11\\\/web3.png\",\"contentUrl\":\"https:\\\/\\\/chacrys.com\\\/wp-content\\\/uploads\\\/2024\\\/11\\\/web3.png\",\"width\":768,\"height\":768,\"caption\":\"vogel krist\u00e1ly\"},{\"@type\":\"BreadcrumbList\",\"@id\":\"https:\\\/\\\/chacrys.com\\\/hu\\\/termek\\\/vogel-kristaly\\\/#breadcrumb\",\"itemListElement\":[{\"@type\":\"ListItem\",\"position\":1,\"name\":\"Home\",\"item\":\"https:\\\/\\\/chacrys.com\\\/hu\\\/\"},{\"@type\":\"ListItem\",\"position\":2,\"name\":\"A krist\u00e1ly gy\u00f3gy\u00edt\u00f3 bolt-\u00f6reg\",\"item\":\"https:\\\/\\\/chacrys.com\\\/hu\\\/shop\\\/\"},{\"@type\":\"ListItem\",\"position\":3,\"name\":\"Vogel krist\u00e1ly\"}]},{\"@type\":\"WebSite\",\"@id\":\"https:\\\/\\\/chacrys.com\\\/hu\\\/#website\",\"url\":\"https:\\\/\\\/chacrys.com\\\/hu\\\/\",\"name\":\"Chacrys\",\"description\":\"Chacrys\",\"publisher\":{\"@id\":\"https:\\\/\\\/chacrys.com\\\/hu\\\/#organization\"},\"potentialAction\":[{\"@type\":\"SearchAction\",\"target\":{\"@type\":\"EntryPoint\",\"urlTemplate\":\"https:\\\/\\\/chacrys.com\\\/hu\\\/?s={search_term_string}\"},\"query-input\":{\"@type\":\"PropertyValueSpecification\",\"valueRequired\":true,\"valueName\":\"search_term_string\"}}],\"inLanguage\":\"hu\"},{\"@type\":\"Organization\",\"@id\":\"https:\\\/\\\/chacrys.com\\\/hu\\\/#organization\",\"name\":\"Chacrys\",\"url\":\"https:\\\/\\\/chacrys.com\\\/hu\\\/\",\"logo\":{\"@type\":\"ImageObject\",\"inLanguage\":\"hu\",\"@id\":\"https:\\\/\\\/chacrys.com\\\/hu\\\/#\\\/schema\\\/logo\\\/image\\\/\",\"url\":\"https:\\\/\\\/chacrys.com\\\/wp-content\\\/uploads\\\/2024\\\/11\\\/cropped-FRANJULIA-6.png\",\"contentUrl\":\"https:\\\/\\\/chacrys.com\\\/wp-content\\\/uploads\\\/2024\\\/11\\\/cropped-FRANJULIA-6.png\",\"width\":512,\"height\":512,\"caption\":\"Chacrys\"},\"image\":{\"@id\":\"https:\\\/\\\/chacrys.com\\\/hu\\\/#\\\/schema\\\/logo\\\/image\\\/\"},\"sameAs\":[\"https:\\\/\\\/www.facebook.com\\\/chacryscrystal\",\"https:\\\/\\\/www.instagram.com\\\/chacrys\\\/\",\"https:\\\/\\\/www.pinterest.com\\\/chacryscrystalbed\\\/\",\"https:\\\/\\\/www.youtube.com\\\/@chacrysofficial9667\"]}]}<\/script>\n<meta property=\"product:price:amount\" content=\"129.00\" \/>\n<meta property=\"product:price:currency\" content=\"EUR\" \/>\n<meta property=\"og:availability\" content=\"instock\" \/>\n<meta property=\"product:availability\" content=\"instock\" \/>\n<meta property=\"product:condition\" content=\"new\" \/>\n<!-- \/ Yoast SEO plugin. -->","yoast_head_json":{"title":"Vogel Crystal, V\u00e1s\u00e1rolja Vogel csiszolt krist\u00e1ly gy\u00f3gy\u00edt\u00f3 p\u00e1lc\u00e1k | Chacrys","description":"Online k\u00e9pz\u00e9ssel \u00e9s hiteles\u00edtett munkaf\u00fczettel a Vogel Cut Crystal tulajdonosa lehet. Fenntarthat\u00f3 PLA tokban \u00e9rkezik, \u00e9s vil\u00e1gszerte sz\u00e1ll\u00edthat\u00f3.","robots":{"index":"index","follow":"follow","max-snippet":"max-snippet:-1","max-image-preview":"max-image-preview:large","max-video-preview":"max-video-preview:-1"},"canonical":"https:\/\/chacrys.com\/hu\/termek\/vogel-kristaly\/","og_locale":"hu_HU","og_type":"article","og_title":"Vogel Crystal, V\u00e1s\u00e1rolja Vogel csiszolt krist\u00e1ly gy\u00f3gy\u00edt\u00f3 p\u00e1lc\u00e1k | Chacrys","og_description":"Online k\u00e9pz\u00e9ssel \u00e9s hiteles\u00edtett munkaf\u00fczettel a Vogel Cut Crystal tulajdonosa lehet. Fenntarthat\u00f3 PLA tokban \u00e9rkezik, \u00e9s vil\u00e1gszerte sz\u00e1ll\u00edthat\u00f3.","og_url":"https:\/\/chacrys.com\/hu\/termek\/vogel-kristaly\/","og_site_name":"Chacrys","article_publisher":"https:\/\/www.facebook.com\/chacryscrystal","article_modified_time":"2026-01-21T19:08:36+00:00","og_image":[{"width":768,"height":768,"url":"https:\/\/chacrys.com\/wp-content\/uploads\/2024\/11\/web3.png","type":"image\/png"}],"twitter_card":"summary_large_image","twitter_misc":{"\u00c1r":"129,00&nbsp;&euro;","El\u00e9rhet\u0151s\u00e9g":"K\u00e9szleten"},"schema":{"@context":"https:\/\/schema.org","@graph":[{"@type":"WebPage","@id":"https:\/\/chacrys.com\/hu\/termek\/vogel-kristaly\/","url":"https:\/\/chacrys.com\/hu\/termek\/vogel-kristaly\/","name":"Vogel Crystal, V\u00e1s\u00e1rolja Vogel csiszolt krist\u00e1ly gy\u00f3gy\u00edt\u00f3 p\u00e1lc\u00e1k | Chacrys","isPartOf":{"@id":"https:\/\/chacrys.com\/hu\/#website"},"primaryImageOfPage":{"@id":"https:\/\/chacrys.com\/hu\/termek\/vogel-kristaly\/#primaryimage"},"image":{"@id":"https:\/\/chacrys.com\/hu\/termek\/vogel-kristaly\/#primaryimage"},"thumbnailUrl":"https:\/\/chacrys.com\/wp-content\/uploads\/2024\/11\/web3.png","datePublished":"2024-11-25T16:51:52+00:00","dateModified":"2026-01-21T19:08:36+00:00","description":"Online k\u00e9pz\u00e9ssel \u00e9s hiteles\u00edtett munkaf\u00fczettel a Vogel Cut Crystal tulajdonosa lehet. Fenntarthat\u00f3 PLA tokban \u00e9rkezik, \u00e9s vil\u00e1gszerte sz\u00e1ll\u00edthat\u00f3.","breadcrumb":{"@id":"https:\/\/chacrys.com\/hu\/termek\/vogel-kristaly\/#breadcrumb"},"inLanguage":"hu","potentialAction":[{"@type":"ReadAction","target":["https:\/\/chacrys.com\/hu\/termek\/vogel-kristaly\/"]}]},{"@type":"ImageObject","inLanguage":"hu","@id":"https:\/\/chacrys.com\/hu\/termek\/vogel-kristaly\/#primaryimage","url":"https:\/\/chacrys.com\/wp-content\/uploads\/2024\/11\/web3.png","contentUrl":"https:\/\/chacrys.com\/wp-content\/uploads\/2024\/11\/web3.png","width":768,"height":768,"caption":"vogel krist\u00e1ly"},{"@type":"BreadcrumbList","@id":"https:\/\/chacrys.com\/hu\/termek\/vogel-kristaly\/#breadcrumb","itemListElement":[{"@type":"ListItem","position":1,"name":"Home","item":"https:\/\/chacrys.com\/hu\/"},{"@type":"ListItem","position":2,"name":"A krist\u00e1ly gy\u00f3gy\u00edt\u00f3 bolt-\u00f6reg","item":"https:\/\/chacrys.com\/hu\/shop\/"},{"@type":"ListItem","position":3,"name":"Vogel krist\u00e1ly"}]},{"@type":"WebSite","@id":"https:\/\/chacrys.com\/hu\/#website","url":"https:\/\/chacrys.com\/hu\/","name":"Chacrys","description":"Chacrys","publisher":{"@id":"https:\/\/chacrys.com\/hu\/#organization"},"potentialAction":[{"@type":"SearchAction","target":{"@type":"EntryPoint","urlTemplate":"https:\/\/chacrys.com\/hu\/?s={search_term_string}"},"query-input":{"@type":"PropertyValueSpecification","valueRequired":true,"valueName":"search_term_string"}}],"inLanguage":"hu"},{"@type":"Organization","@id":"https:\/\/chacrys.com\/hu\/#organization","name":"Chacrys","url":"https:\/\/chacrys.com\/hu\/","logo":{"@type":"ImageObject","inLanguage":"hu","@id":"https:\/\/chacrys.com\/hu\/#\/schema\/logo\/image\/","url":"https:\/\/chacrys.com\/wp-content\/uploads\/2024\/11\/cropped-FRANJULIA-6.png","contentUrl":"https:\/\/chacrys.com\/wp-content\/uploads\/2024\/11\/cropped-FRANJULIA-6.png","width":512,"height":512,"caption":"Chacrys"},"image":{"@id":"https:\/\/chacrys.com\/hu\/#\/schema\/logo\/image\/"},"sameAs":["https:\/\/www.facebook.com\/chacryscrystal","https:\/\/www.instagram.com\/chacrys\/","https:\/\/www.pinterest.com\/chacryscrystalbed\/","https:\/\/www.youtube.com\/@chacrysofficial9667"]}]},"product_price_amount":"129.00","product_price_currency":"EUR","og_availability":"instock","product_availability":"instock","product_condition":"new"},"_links":{"self":[{"href":"https:\/\/chacrys.com\/hu\/wp-json\/wp\/v2\/product\/31531","targetHints":{"allow":["GET"]}}],"collection":[{"href":"https:\/\/chacrys.com\/hu\/wp-json\/wp\/v2\/product"}],"about":[{"href":"https:\/\/chacrys.com\/hu\/wp-json\/wp\/v2\/types\/product"}],"replies":[{"embeddable":true,"href":"https:\/\/chacrys.com\/hu\/wp-json\/wp\/v2\/comments?post=31531"}],"version-history":[{"count":1,"href":"https:\/\/chacrys.com\/hu\/wp-json\/wp\/v2\/product\/31531\/revisions"}],"predecessor-version":[{"id":32635,"href":"https:\/\/chacrys.com\/hu\/wp-json\/wp\/v2\/product\/31531\/revisions\/32635"}],"wp:featuredmedia":[{"embeddable":true,"href":"https:\/\/chacrys.com\/hu\/wp-json\/wp\/v2\/media\/32073"}],"wp:attachment":[{"href":"https:\/\/chacrys.com\/hu\/wp-json\/wp\/v2\/media?parent=31531"}],"wp:term":[{"taxonomy":"product_brand","embeddable":true,"href":"https:\/\/chacrys.com\/hu\/wp-json\/wp\/v2\/product_brand?post=31531"},{"taxonomy":"product_cat","embeddable":true,"href":"https:\/\/chacrys.com\/hu\/wp-json\/wp\/v2\/product_cat?post=31531"},{"taxonomy":"product_tag","embeddable":true,"href":"https:\/\/chacrys.com\/hu\/wp-json\/wp\/v2\/product_tag?post=31531"}],"curies":[{"name":"wp","href":"https:\/\/api.w.org\/{rel}","templated":true}]}}