{"id":31530,"date":"2024-11-25T16:53:26","date_gmt":"2024-11-25T16:53:26","guid":{"rendered":"https:\/\/chacrys.com\/product\/gyakorlati-csomag\/"},"modified":"2026-04-03T15:50:23","modified_gmt":"2026-04-03T13:50:23","slug":"gyakorlati-csomag","status":"publish","type":"product","link":"https:\/\/chacrys.com\/hu\/termek\/gyakorlati-csomag\/","title":{"rendered":"Gyakorlati csomag"},"content":{"rendered":"","protected":false},"excerpt":{"rendered":"<p>A csomagok t\u00f6k\u00e9letesek mindazok sz\u00e1m\u00e1ra, akik spiritu\u00e1lis gyakorl\u00f3i karrierj\u00fcket kezdik, \u00e9s szeretn\u00e9k felszerelni magukat a sz\u00fcks\u00e9ges alapvet\u0151 eszk\u00f6z\u00f6kkel.<\/p>\n<ul class=\"help-box-ul\">\n<li>2 \u00e9v garancia<\/li>\n<li>online k\u00e9pz\u00e9s<\/li>\n<li>vil\u00e1gm\u00e9ret\u0171 sz\u00e1ll\u00edt\u00e1s<\/li>\n<li>Pr\u00e9mium k\u00e9zzel k\u00e9sz\u00edtett min\u0151s\u00e9g<\/li>\n<\/ul>\n","protected":false},"featured_media":34128,"comment_status":"open","ping_status":"closed","template":"","meta":[],"product_brand":[],"product_cat":[225],"product_tag":[],"class_list":{"0":"post-31530","1":"product","2":"type-product","3":"status-publish","4":"has-post-thumbnail","6":"product_cat-nem-kategorizalt","8":"first","9":"instock","10":"shipping-taxable","11":"purchasable","12":"product-type-simple"},"yoast_head":"<!-- This site is optimized with the Yoast SEO plugin v27.4 - https:\/\/yoast.com\/product\/yoast-seo-wordpress\/ -->\n<title>Gyakorlati csomag - Chacrys<\/title>\n<meta name=\"robots\" content=\"index, follow, max-snippet:-1, max-image-preview:large, max-video-preview:-1\" \/>\n<link rel=\"canonical\" href=\"https:\/\/chacrys.com\/hu\/termek\/gyakorlati-csomag\/\" \/>\n<meta property=\"og:locale\" content=\"hu_HU\" \/>\n<meta property=\"og:type\" content=\"article\" \/>\n<meta property=\"og:title\" content=\"Gyakorlati csomag - Chacrys\" \/>\n<meta property=\"og:description\" content=\"A csomagok t\u00f6k\u00e9letesek mindazok sz\u00e1m\u00e1ra, akik spiritu\u00e1lis gyakorl\u00f3i karrierj\u00fcket kezdik, \u00e9s szeretn\u00e9k felszerelni magukat a sz\u00fcks\u00e9ges alapvet\u0151 eszk\u00f6z\u00f6kkel.  2 \u00e9v garancia  online k\u00e9pz\u00e9s  vil\u00e1gm\u00e9ret\u0171 sz\u00e1ll\u00edt\u00e1s  Pr\u00e9mium k\u00e9zzel k\u00e9sz\u00edtett min\u0151s\u00e9g\" \/>\n<meta property=\"og:url\" content=\"https:\/\/chacrys.com\/hu\/termek\/gyakorlati-csomag\/\" \/>\n<meta property=\"og:site_name\" content=\"Chacrys\" \/>\n<meta property=\"article:publisher\" content=\"https:\/\/www.facebook.com\/chacryscrystal\" \/>\n<meta property=\"article:modified_time\" content=\"2026-04-03T13:50:23+00:00\" \/>\n<meta property=\"og:image\" content=\"https:\/\/chacrys.com\/wp-content\/uploads\/2024\/11\/practitional-package.jpg\" \/>\n\t<meta property=\"og:image:width\" content=\"520\" \/>\n\t<meta property=\"og:image:height\" content=\"520\" \/>\n\t<meta property=\"og:image:type\" content=\"image\/jpeg\" \/>\n<meta name=\"twitter:card\" content=\"summary_large_image\" \/>\n<meta name=\"twitter:label1\" content=\"\u00c1r\" \/>\n\t<meta name=\"twitter:data1\" content=\"3190,00&nbsp;&euro;\" \/>\n\t<meta name=\"twitter:label2\" content=\"El\u00e9rhet\u0151s\u00e9g\" \/>\n\t<meta name=\"twitter:data2\" content=\"K\u00e9szleten\" \/>\n<script type=\"application\/ld+json\" class=\"yoast-schema-graph\">{\"@context\":\"https:\\\/\\\/schema.org\",\"@graph\":[{\"@type\":\"WebPage\",\"@id\":\"https:\\\/\\\/chacrys.com\\\/hu\\\/termek\\\/gyakorlati-csomag\\\/\",\"url\":\"https:\\\/\\\/chacrys.com\\\/hu\\\/termek\\\/gyakorlati-csomag\\\/\",\"name\":\"Gyakorlati csomag - Chacrys\",\"isPartOf\":{\"@id\":\"https:\\\/\\\/chacrys.com\\\/hu\\\/#website\"},\"primaryImageOfPage\":{\"@id\":\"https:\\\/\\\/chacrys.com\\\/hu\\\/termek\\\/gyakorlati-csomag\\\/#primaryimage\"},\"image\":{\"@id\":\"https:\\\/\\\/chacrys.com\\\/hu\\\/termek\\\/gyakorlati-csomag\\\/#primaryimage\"},\"thumbnailUrl\":\"https:\\\/\\\/chacrys.com\\\/wp-content\\\/uploads\\\/2024\\\/11\\\/practitional-package.jpg\",\"datePublished\":\"2024-11-25T16:53:26+00:00\",\"dateModified\":\"2026-04-03T13:50:23+00:00\",\"breadcrumb\":{\"@id\":\"https:\\\/\\\/chacrys.com\\\/hu\\\/termek\\\/gyakorlati-csomag\\\/#breadcrumb\"},\"inLanguage\":\"hu\",\"potentialAction\":[{\"@type\":\"ReadAction\",\"target\":[\"https:\\\/\\\/chacrys.com\\\/hu\\\/termek\\\/gyakorlati-csomag\\\/\"]}]},{\"@type\":\"ImageObject\",\"inLanguage\":\"hu\",\"@id\":\"https:\\\/\\\/chacrys.com\\\/hu\\\/termek\\\/gyakorlati-csomag\\\/#primaryimage\",\"url\":\"https:\\\/\\\/chacrys.com\\\/wp-content\\\/uploads\\\/2024\\\/11\\\/practitional-package.jpg\",\"contentUrl\":\"https:\\\/\\\/chacrys.com\\\/wp-content\\\/uploads\\\/2024\\\/11\\\/practitional-package.jpg\",\"width\":520,\"height\":520,\"caption\":\"gyakorl\u00f3 csomag\"},{\"@type\":\"BreadcrumbList\",\"@id\":\"https:\\\/\\\/chacrys.com\\\/hu\\\/termek\\\/gyakorlati-csomag\\\/#breadcrumb\",\"itemListElement\":[{\"@type\":\"ListItem\",\"position\":1,\"name\":\"Home\",\"item\":\"https:\\\/\\\/chacrys.com\\\/hu\\\/\"},{\"@type\":\"ListItem\",\"position\":2,\"name\":\"A krist\u00e1ly gy\u00f3gy\u00edt\u00f3 bolt-\u00f6reg\",\"item\":\"https:\\\/\\\/chacrys.com\\\/hu\\\/shop\\\/\"},{\"@type\":\"ListItem\",\"position\":3,\"name\":\"Gyakorlati csomag\"}]},{\"@type\":\"WebSite\",\"@id\":\"https:\\\/\\\/chacrys.com\\\/hu\\\/#website\",\"url\":\"https:\\\/\\\/chacrys.com\\\/hu\\\/\",\"name\":\"Chacrys\",\"description\":\"Chacrys\",\"publisher\":{\"@id\":\"https:\\\/\\\/chacrys.com\\\/hu\\\/#organization\"},\"potentialAction\":[{\"@type\":\"SearchAction\",\"target\":{\"@type\":\"EntryPoint\",\"urlTemplate\":\"https:\\\/\\\/chacrys.com\\\/hu\\\/?s={search_term_string}\"},\"query-input\":{\"@type\":\"PropertyValueSpecification\",\"valueRequired\":true,\"valueName\":\"search_term_string\"}}],\"inLanguage\":\"hu\"},{\"@type\":\"Organization\",\"@id\":\"https:\\\/\\\/chacrys.com\\\/hu\\\/#organization\",\"name\":\"Chacrys\",\"url\":\"https:\\\/\\\/chacrys.com\\\/hu\\\/\",\"logo\":{\"@type\":\"ImageObject\",\"inLanguage\":\"hu\",\"@id\":\"https:\\\/\\\/chacrys.com\\\/hu\\\/#\\\/schema\\\/logo\\\/image\\\/\",\"url\":\"https:\\\/\\\/chacrys.com\\\/wp-content\\\/uploads\\\/2024\\\/11\\\/cropped-FRANJULIA-6.png\",\"contentUrl\":\"https:\\\/\\\/chacrys.com\\\/wp-content\\\/uploads\\\/2024\\\/11\\\/cropped-FRANJULIA-6.png\",\"width\":512,\"height\":512,\"caption\":\"Chacrys\"},\"image\":{\"@id\":\"https:\\\/\\\/chacrys.com\\\/hu\\\/#\\\/schema\\\/logo\\\/image\\\/\"},\"sameAs\":[\"https:\\\/\\\/www.facebook.com\\\/chacryscrystal\",\"https:\\\/\\\/www.instagram.com\\\/chacrys\\\/\",\"https:\\\/\\\/www.pinterest.com\\\/chacryscrystalbed\\\/\",\"https:\\\/\\\/www.youtube.com\\\/@chacrysofficial9667\"]}]}<\/script>\n<meta property=\"product:price:amount\" content=\"3190.00\" \/>\n<meta property=\"product:price:currency\" content=\"EUR\" \/>\n<meta property=\"og:availability\" content=\"instock\" \/>\n<meta property=\"product:availability\" content=\"instock\" \/>\n<meta property=\"product:condition\" content=\"new\" \/>\n<!-- \/ Yoast SEO plugin. -->","yoast_head_json":{"title":"Gyakorlati csomag - Chacrys","robots":{"index":"index","follow":"follow","max-snippet":"max-snippet:-1","max-image-preview":"max-image-preview:large","max-video-preview":"max-video-preview:-1"},"canonical":"https:\/\/chacrys.com\/hu\/termek\/gyakorlati-csomag\/","og_locale":"hu_HU","og_type":"article","og_title":"Gyakorlati csomag - Chacrys","og_description":"A csomagok t\u00f6k\u00e9letesek mindazok sz\u00e1m\u00e1ra, akik spiritu\u00e1lis gyakorl\u00f3i karrierj\u00fcket kezdik, \u00e9s szeretn\u00e9k felszerelni magukat a sz\u00fcks\u00e9ges alapvet\u0151 eszk\u00f6z\u00f6kkel.  2 \u00e9v garancia  online k\u00e9pz\u00e9s  vil\u00e1gm\u00e9ret\u0171 sz\u00e1ll\u00edt\u00e1s  Pr\u00e9mium k\u00e9zzel k\u00e9sz\u00edtett min\u0151s\u00e9g","og_url":"https:\/\/chacrys.com\/hu\/termek\/gyakorlati-csomag\/","og_site_name":"Chacrys","article_publisher":"https:\/\/www.facebook.com\/chacryscrystal","article_modified_time":"2026-04-03T13:50:23+00:00","og_image":[{"width":520,"height":520,"url":"https:\/\/chacrys.com\/wp-content\/uploads\/2024\/11\/practitional-package.jpg","type":"image\/jpeg"}],"twitter_card":"summary_large_image","twitter_misc":{"\u00c1r":"3190,00&nbsp;&euro;","El\u00e9rhet\u0151s\u00e9g":"K\u00e9szleten"},"schema":{"@context":"https:\/\/schema.org","@graph":[{"@type":"WebPage","@id":"https:\/\/chacrys.com\/hu\/termek\/gyakorlati-csomag\/","url":"https:\/\/chacrys.com\/hu\/termek\/gyakorlati-csomag\/","name":"Gyakorlati csomag - Chacrys","isPartOf":{"@id":"https:\/\/chacrys.com\/hu\/#website"},"primaryImageOfPage":{"@id":"https:\/\/chacrys.com\/hu\/termek\/gyakorlati-csomag\/#primaryimage"},"image":{"@id":"https:\/\/chacrys.com\/hu\/termek\/gyakorlati-csomag\/#primaryimage"},"thumbnailUrl":"https:\/\/chacrys.com\/wp-content\/uploads\/2024\/11\/practitional-package.jpg","datePublished":"2024-11-25T16:53:26+00:00","dateModified":"2026-04-03T13:50:23+00:00","breadcrumb":{"@id":"https:\/\/chacrys.com\/hu\/termek\/gyakorlati-csomag\/#breadcrumb"},"inLanguage":"hu","potentialAction":[{"@type":"ReadAction","target":["https:\/\/chacrys.com\/hu\/termek\/gyakorlati-csomag\/"]}]},{"@type":"ImageObject","inLanguage":"hu","@id":"https:\/\/chacrys.com\/hu\/termek\/gyakorlati-csomag\/#primaryimage","url":"https:\/\/chacrys.com\/wp-content\/uploads\/2024\/11\/practitional-package.jpg","contentUrl":"https:\/\/chacrys.com\/wp-content\/uploads\/2024\/11\/practitional-package.jpg","width":520,"height":520,"caption":"gyakorl\u00f3 csomag"},{"@type":"BreadcrumbList","@id":"https:\/\/chacrys.com\/hu\/termek\/gyakorlati-csomag\/#breadcrumb","itemListElement":[{"@type":"ListItem","position":1,"name":"Home","item":"https:\/\/chacrys.com\/hu\/"},{"@type":"ListItem","position":2,"name":"A krist\u00e1ly gy\u00f3gy\u00edt\u00f3 bolt-\u00f6reg","item":"https:\/\/chacrys.com\/hu\/shop\/"},{"@type":"ListItem","position":3,"name":"Gyakorlati csomag"}]},{"@type":"WebSite","@id":"https:\/\/chacrys.com\/hu\/#website","url":"https:\/\/chacrys.com\/hu\/","name":"Chacrys","description":"Chacrys","publisher":{"@id":"https:\/\/chacrys.com\/hu\/#organization"},"potentialAction":[{"@type":"SearchAction","target":{"@type":"EntryPoint","urlTemplate":"https:\/\/chacrys.com\/hu\/?s={search_term_string}"},"query-input":{"@type":"PropertyValueSpecification","valueRequired":true,"valueName":"search_term_string"}}],"inLanguage":"hu"},{"@type":"Organization","@id":"https:\/\/chacrys.com\/hu\/#organization","name":"Chacrys","url":"https:\/\/chacrys.com\/hu\/","logo":{"@type":"ImageObject","inLanguage":"hu","@id":"https:\/\/chacrys.com\/hu\/#\/schema\/logo\/image\/","url":"https:\/\/chacrys.com\/wp-content\/uploads\/2024\/11\/cropped-FRANJULIA-6.png","contentUrl":"https:\/\/chacrys.com\/wp-content\/uploads\/2024\/11\/cropped-FRANJULIA-6.png","width":512,"height":512,"caption":"Chacrys"},"image":{"@id":"https:\/\/chacrys.com\/hu\/#\/schema\/logo\/image\/"},"sameAs":["https:\/\/www.facebook.com\/chacryscrystal","https:\/\/www.instagram.com\/chacrys\/","https:\/\/www.pinterest.com\/chacryscrystalbed\/","https:\/\/www.youtube.com\/@chacrysofficial9667"]}]},"product_price_amount":"3190.00","product_price_currency":"EUR","og_availability":"instock","product_availability":"instock","product_condition":"new"},"_links":{"self":[{"href":"https:\/\/chacrys.com\/hu\/wp-json\/wp\/v2\/product\/31530","targetHints":{"allow":["GET"]}}],"collection":[{"href":"https:\/\/chacrys.com\/hu\/wp-json\/wp\/v2\/product"}],"about":[{"href":"https:\/\/chacrys.com\/hu\/wp-json\/wp\/v2\/types\/product"}],"replies":[{"embeddable":true,"href":"https:\/\/chacrys.com\/hu\/wp-json\/wp\/v2\/comments?post=31530"}],"version-history":[{"count":1,"href":"https:\/\/chacrys.com\/hu\/wp-json\/wp\/v2\/product\/31530\/revisions"}],"predecessor-version":[{"id":32796,"href":"https:\/\/chacrys.com\/hu\/wp-json\/wp\/v2\/product\/31530\/revisions\/32796"}],"wp:featuredmedia":[{"embeddable":true,"href":"https:\/\/chacrys.com\/hu\/wp-json\/wp\/v2\/media\/34128"}],"wp:attachment":[{"href":"https:\/\/chacrys.com\/hu\/wp-json\/wp\/v2\/media?parent=31530"}],"wp:term":[{"taxonomy":"product_brand","embeddable":true,"href":"https:\/\/chacrys.com\/hu\/wp-json\/wp\/v2\/product_brand?post=31530"},{"taxonomy":"product_cat","embeddable":true,"href":"https:\/\/chacrys.com\/hu\/wp-json\/wp\/v2\/product_cat?post=31530"},{"taxonomy":"product_tag","embeddable":true,"href":"https:\/\/chacrys.com\/hu\/wp-json\/wp\/v2\/product_tag?post=31530"}],"curies":[{"name":"wp","href":"https:\/\/api.w.org\/{rel}","templated":true}]}}