{"id":31520,"date":"2024-11-25T16:50:41","date_gmt":"2024-11-25T15:50:41","guid":{"rendered":"https:\/\/chacrys.com\/product\/chacrys-mini\/"},"modified":"2026-04-03T14:10:52","modified_gmt":"2026-04-03T12:10:52","slug":"chacrys-mini","status":"publish","type":"product","link":"https:\/\/chacrys.com\/hu\/termek\/chacrys-mini\/","title":{"rendered":"Chacrys MINI"},"content":{"rendered":"","protected":false},"excerpt":{"rendered":"<p>A Chacrys Mini minden csakr\u00e1val, meridi\u00e1nnal \u00e9s reflexponttal haszn\u00e1lhat\u00f3. A Vogel-krist\u00e1ly a csakr\u00e1k h\u00e9t sz\u00edn\u00e9t, valamint a feh\u00e9ret is k\u00e9pes k\u00f6zvet\u00edteni. <\/p>\n<ul class=\"help-box-ul\">\n<li>2 \u00e9v garancia<\/li>\n<li>online k\u00e9pz\u00e9s<\/li>\n<li>vil\u00e1gm\u00e9ret\u0171 sz\u00e1ll\u00edt\u00e1s<\/li>\n<li>Pr\u00e9mium k\u00e9zzel k\u00e9sz\u00edtett min\u0151s\u00e9g<\/li>\n<\/ul>\n","protected":false},"featured_media":30748,"comment_status":"open","ping_status":"closed","template":"","meta":[],"product_brand":[],"product_cat":[267,225],"product_tag":[],"class_list":{"0":"post-31520","1":"product","2":"type-product","3":"status-publish","4":"has-post-thumbnail","6":"product_cat-bestseller-hu","7":"product_cat-nem-kategorizalt","9":"first","10":"instock","11":"shipping-taxable","12":"purchasable","13":"product-type-simple"},"yoast_head":"<!-- This site is optimized with the Yoast SEO plugin v27.4 - https:\/\/yoast.com\/product\/yoast-seo-wordpress\/ -->\n<title>Chacrys MINI - Chacrys<\/title>\n<meta name=\"robots\" content=\"index, follow, max-snippet:-1, max-image-preview:large, max-video-preview:-1\" \/>\n<link rel=\"canonical\" href=\"https:\/\/chacrys.com\/hu\/termek\/chacrys-mini\/\" \/>\n<meta property=\"og:locale\" content=\"hu_HU\" \/>\n<meta property=\"og:type\" content=\"article\" \/>\n<meta property=\"og:title\" content=\"Chacrys MINI - Chacrys\" \/>\n<meta property=\"og:description\" content=\"A Chacrys Mini minden csakr\u00e1val, meridi\u00e1nnal \u00e9s reflexponttal haszn\u00e1lhat\u00f3. A Vogel-krist\u00e1ly a csakr\u00e1k h\u00e9t sz\u00edn\u00e9t, valamint a feh\u00e9ret is k\u00e9pes k\u00f6zvet\u00edteni.   2 \u00e9v garancia  online k\u00e9pz\u00e9s  vil\u00e1gm\u00e9ret\u0171 sz\u00e1ll\u00edt\u00e1s  Pr\u00e9mium k\u00e9zzel k\u00e9sz\u00edtett min\u0151s\u00e9g\" \/>\n<meta property=\"og:url\" content=\"https:\/\/chacrys.com\/hu\/termek\/chacrys-mini\/\" \/>\n<meta property=\"og:site_name\" content=\"Chacrys\" \/>\n<meta property=\"article:publisher\" content=\"https:\/\/www.facebook.com\/chacryscrystal\" \/>\n<meta property=\"article:modified_time\" content=\"2026-04-03T12:10:52+00:00\" \/>\n<meta property=\"og:image\" content=\"https:\/\/chacrys.com\/wp-content\/uploads\/2024\/11\/chacrys-mini-520x520-1.jpg\" \/>\n\t<meta property=\"og:image:width\" content=\"520\" \/>\n\t<meta property=\"og:image:height\" content=\"520\" \/>\n\t<meta property=\"og:image:type\" content=\"image\/jpeg\" \/>\n<meta name=\"twitter:card\" content=\"summary_large_image\" \/>\n<meta name=\"twitter:label1\" content=\"\u00c1r\" \/>\n\t<meta name=\"twitter:data1\" content=\"590,00&nbsp;&euro;\" \/>\n\t<meta name=\"twitter:label2\" content=\"El\u00e9rhet\u0151s\u00e9g\" \/>\n\t<meta name=\"twitter:data2\" content=\"K\u00e9szleten\" \/>\n<script type=\"application\/ld+json\" class=\"yoast-schema-graph\">{\"@context\":\"https:\\\/\\\/schema.org\",\"@graph\":[{\"@type\":\"WebPage\",\"@id\":\"https:\\\/\\\/chacrys.com\\\/hu\\\/termek\\\/chacrys-mini\\\/\",\"url\":\"https:\\\/\\\/chacrys.com\\\/hu\\\/termek\\\/chacrys-mini\\\/\",\"name\":\"Chacrys MINI - Chacrys\",\"isPartOf\":{\"@id\":\"https:\\\/\\\/chacrys.com\\\/hu\\\/#website\"},\"primaryImageOfPage\":{\"@id\":\"https:\\\/\\\/chacrys.com\\\/hu\\\/termek\\\/chacrys-mini\\\/#primaryimage\"},\"image\":{\"@id\":\"https:\\\/\\\/chacrys.com\\\/hu\\\/termek\\\/chacrys-mini\\\/#primaryimage\"},\"thumbnailUrl\":\"https:\\\/\\\/chacrys.com\\\/wp-content\\\/uploads\\\/2024\\\/11\\\/chacrys-mini-520x520-1.jpg\",\"datePublished\":\"2024-11-25T15:50:41+00:00\",\"dateModified\":\"2026-04-03T12:10:52+00:00\",\"breadcrumb\":{\"@id\":\"https:\\\/\\\/chacrys.com\\\/hu\\\/termek\\\/chacrys-mini\\\/#breadcrumb\"},\"inLanguage\":\"hu\",\"potentialAction\":[{\"@type\":\"ReadAction\",\"target\":[\"https:\\\/\\\/chacrys.com\\\/hu\\\/termek\\\/chacrys-mini\\\/\"]}]},{\"@type\":\"ImageObject\",\"inLanguage\":\"hu\",\"@id\":\"https:\\\/\\\/chacrys.com\\\/hu\\\/termek\\\/chacrys-mini\\\/#primaryimage\",\"url\":\"https:\\\/\\\/chacrys.com\\\/wp-content\\\/uploads\\\/2024\\\/11\\\/chacrys-mini-520x520-1.jpg\",\"contentUrl\":\"https:\\\/\\\/chacrys.com\\\/wp-content\\\/uploads\\\/2024\\\/11\\\/chacrys-mini-520x520-1.jpg\",\"width\":520,\"height\":520,\"caption\":\"krist\u00e1lyl\u00e1mpa\"},{\"@type\":\"BreadcrumbList\",\"@id\":\"https:\\\/\\\/chacrys.com\\\/hu\\\/termek\\\/chacrys-mini\\\/#breadcrumb\",\"itemListElement\":[{\"@type\":\"ListItem\",\"position\":1,\"name\":\"Home\",\"item\":\"https:\\\/\\\/chacrys.com\\\/hu\\\/\"},{\"@type\":\"ListItem\",\"position\":2,\"name\":\"A krist\u00e1ly gy\u00f3gy\u00edt\u00f3 bolt-\u00f6reg\",\"item\":\"https:\\\/\\\/chacrys.com\\\/hu\\\/shop\\\/\"},{\"@type\":\"ListItem\",\"position\":3,\"name\":\"Chacrys MINI\"}]},{\"@type\":\"WebSite\",\"@id\":\"https:\\\/\\\/chacrys.com\\\/hu\\\/#website\",\"url\":\"https:\\\/\\\/chacrys.com\\\/hu\\\/\",\"name\":\"Chacrys\",\"description\":\"Chacrys\",\"publisher\":{\"@id\":\"https:\\\/\\\/chacrys.com\\\/hu\\\/#organization\"},\"potentialAction\":[{\"@type\":\"SearchAction\",\"target\":{\"@type\":\"EntryPoint\",\"urlTemplate\":\"https:\\\/\\\/chacrys.com\\\/hu\\\/?s={search_term_string}\"},\"query-input\":{\"@type\":\"PropertyValueSpecification\",\"valueRequired\":true,\"valueName\":\"search_term_string\"}}],\"inLanguage\":\"hu\"},{\"@type\":\"Organization\",\"@id\":\"https:\\\/\\\/chacrys.com\\\/hu\\\/#organization\",\"name\":\"Chacrys\",\"url\":\"https:\\\/\\\/chacrys.com\\\/hu\\\/\",\"logo\":{\"@type\":\"ImageObject\",\"inLanguage\":\"hu\",\"@id\":\"https:\\\/\\\/chacrys.com\\\/hu\\\/#\\\/schema\\\/logo\\\/image\\\/\",\"url\":\"https:\\\/\\\/chacrys.com\\\/wp-content\\\/uploads\\\/2024\\\/11\\\/cropped-FRANJULIA-6.png\",\"contentUrl\":\"https:\\\/\\\/chacrys.com\\\/wp-content\\\/uploads\\\/2024\\\/11\\\/cropped-FRANJULIA-6.png\",\"width\":512,\"height\":512,\"caption\":\"Chacrys\"},\"image\":{\"@id\":\"https:\\\/\\\/chacrys.com\\\/hu\\\/#\\\/schema\\\/logo\\\/image\\\/\"},\"sameAs\":[\"https:\\\/\\\/www.facebook.com\\\/chacryscrystal\",\"https:\\\/\\\/www.instagram.com\\\/chacrys\\\/\",\"https:\\\/\\\/www.pinterest.com\\\/chacryscrystalbed\\\/\",\"https:\\\/\\\/www.youtube.com\\\/@chacrysofficial9667\"]}]}<\/script>\n<meta property=\"product:price:amount\" content=\"590.00\" \/>\n<meta property=\"product:price:currency\" content=\"EUR\" \/>\n<meta property=\"og:availability\" content=\"instock\" \/>\n<meta property=\"product:availability\" content=\"instock\" \/>\n<meta property=\"product:condition\" content=\"new\" \/>\n<!-- \/ Yoast SEO plugin. -->","yoast_head_json":{"title":"Chacrys MINI - Chacrys","robots":{"index":"index","follow":"follow","max-snippet":"max-snippet:-1","max-image-preview":"max-image-preview:large","max-video-preview":"max-video-preview:-1"},"canonical":"https:\/\/chacrys.com\/hu\/termek\/chacrys-mini\/","og_locale":"hu_HU","og_type":"article","og_title":"Chacrys MINI - Chacrys","og_description":"A Chacrys Mini minden csakr\u00e1val, meridi\u00e1nnal \u00e9s reflexponttal haszn\u00e1lhat\u00f3. A Vogel-krist\u00e1ly a csakr\u00e1k h\u00e9t sz\u00edn\u00e9t, valamint a feh\u00e9ret is k\u00e9pes k\u00f6zvet\u00edteni.   2 \u00e9v garancia  online k\u00e9pz\u00e9s  vil\u00e1gm\u00e9ret\u0171 sz\u00e1ll\u00edt\u00e1s  Pr\u00e9mium k\u00e9zzel k\u00e9sz\u00edtett min\u0151s\u00e9g","og_url":"https:\/\/chacrys.com\/hu\/termek\/chacrys-mini\/","og_site_name":"Chacrys","article_publisher":"https:\/\/www.facebook.com\/chacryscrystal","article_modified_time":"2026-04-03T12:10:52+00:00","og_image":[{"width":520,"height":520,"url":"https:\/\/chacrys.com\/wp-content\/uploads\/2024\/11\/chacrys-mini-520x520-1.jpg","type":"image\/jpeg"}],"twitter_card":"summary_large_image","twitter_misc":{"\u00c1r":"590,00&nbsp;&euro;","El\u00e9rhet\u0151s\u00e9g":"K\u00e9szleten"},"schema":{"@context":"https:\/\/schema.org","@graph":[{"@type":"WebPage","@id":"https:\/\/chacrys.com\/hu\/termek\/chacrys-mini\/","url":"https:\/\/chacrys.com\/hu\/termek\/chacrys-mini\/","name":"Chacrys MINI - Chacrys","isPartOf":{"@id":"https:\/\/chacrys.com\/hu\/#website"},"primaryImageOfPage":{"@id":"https:\/\/chacrys.com\/hu\/termek\/chacrys-mini\/#primaryimage"},"image":{"@id":"https:\/\/chacrys.com\/hu\/termek\/chacrys-mini\/#primaryimage"},"thumbnailUrl":"https:\/\/chacrys.com\/wp-content\/uploads\/2024\/11\/chacrys-mini-520x520-1.jpg","datePublished":"2024-11-25T15:50:41+00:00","dateModified":"2026-04-03T12:10:52+00:00","breadcrumb":{"@id":"https:\/\/chacrys.com\/hu\/termek\/chacrys-mini\/#breadcrumb"},"inLanguage":"hu","potentialAction":[{"@type":"ReadAction","target":["https:\/\/chacrys.com\/hu\/termek\/chacrys-mini\/"]}]},{"@type":"ImageObject","inLanguage":"hu","@id":"https:\/\/chacrys.com\/hu\/termek\/chacrys-mini\/#primaryimage","url":"https:\/\/chacrys.com\/wp-content\/uploads\/2024\/11\/chacrys-mini-520x520-1.jpg","contentUrl":"https:\/\/chacrys.com\/wp-content\/uploads\/2024\/11\/chacrys-mini-520x520-1.jpg","width":520,"height":520,"caption":"krist\u00e1lyl\u00e1mpa"},{"@type":"BreadcrumbList","@id":"https:\/\/chacrys.com\/hu\/termek\/chacrys-mini\/#breadcrumb","itemListElement":[{"@type":"ListItem","position":1,"name":"Home","item":"https:\/\/chacrys.com\/hu\/"},{"@type":"ListItem","position":2,"name":"A krist\u00e1ly gy\u00f3gy\u00edt\u00f3 bolt-\u00f6reg","item":"https:\/\/chacrys.com\/hu\/shop\/"},{"@type":"ListItem","position":3,"name":"Chacrys MINI"}]},{"@type":"WebSite","@id":"https:\/\/chacrys.com\/hu\/#website","url":"https:\/\/chacrys.com\/hu\/","name":"Chacrys","description":"Chacrys","publisher":{"@id":"https:\/\/chacrys.com\/hu\/#organization"},"potentialAction":[{"@type":"SearchAction","target":{"@type":"EntryPoint","urlTemplate":"https:\/\/chacrys.com\/hu\/?s={search_term_string}"},"query-input":{"@type":"PropertyValueSpecification","valueRequired":true,"valueName":"search_term_string"}}],"inLanguage":"hu"},{"@type":"Organization","@id":"https:\/\/chacrys.com\/hu\/#organization","name":"Chacrys","url":"https:\/\/chacrys.com\/hu\/","logo":{"@type":"ImageObject","inLanguage":"hu","@id":"https:\/\/chacrys.com\/hu\/#\/schema\/logo\/image\/","url":"https:\/\/chacrys.com\/wp-content\/uploads\/2024\/11\/cropped-FRANJULIA-6.png","contentUrl":"https:\/\/chacrys.com\/wp-content\/uploads\/2024\/11\/cropped-FRANJULIA-6.png","width":512,"height":512,"caption":"Chacrys"},"image":{"@id":"https:\/\/chacrys.com\/hu\/#\/schema\/logo\/image\/"},"sameAs":["https:\/\/www.facebook.com\/chacryscrystal","https:\/\/www.instagram.com\/chacrys\/","https:\/\/www.pinterest.com\/chacryscrystalbed\/","https:\/\/www.youtube.com\/@chacrysofficial9667"]}]},"product_price_amount":"590.00","product_price_currency":"EUR","og_availability":"instock","product_availability":"instock","product_condition":"new"},"_links":{"self":[{"href":"https:\/\/chacrys.com\/hu\/wp-json\/wp\/v2\/product\/31520","targetHints":{"allow":["GET"]}}],"collection":[{"href":"https:\/\/chacrys.com\/hu\/wp-json\/wp\/v2\/product"}],"about":[{"href":"https:\/\/chacrys.com\/hu\/wp-json\/wp\/v2\/types\/product"}],"replies":[{"embeddable":true,"href":"https:\/\/chacrys.com\/hu\/wp-json\/wp\/v2\/comments?post=31520"}],"version-history":[{"count":1,"href":"https:\/\/chacrys.com\/hu\/wp-json\/wp\/v2\/product\/31520\/revisions"}],"predecessor-version":[{"id":32800,"href":"https:\/\/chacrys.com\/hu\/wp-json\/wp\/v2\/product\/31520\/revisions\/32800"}],"wp:featuredmedia":[{"embeddable":true,"href":"https:\/\/chacrys.com\/hu\/wp-json\/wp\/v2\/media\/30748"}],"wp:attachment":[{"href":"https:\/\/chacrys.com\/hu\/wp-json\/wp\/v2\/media?parent=31520"}],"wp:term":[{"taxonomy":"product_brand","embeddable":true,"href":"https:\/\/chacrys.com\/hu\/wp-json\/wp\/v2\/product_brand?post=31520"},{"taxonomy":"product_cat","embeddable":true,"href":"https:\/\/chacrys.com\/hu\/wp-json\/wp\/v2\/product_cat?post=31520"},{"taxonomy":"product_tag","embeddable":true,"href":"https:\/\/chacrys.com\/hu\/wp-json\/wp\/v2\/product_tag?post=31520"}],"curies":[{"name":"wp","href":"https:\/\/api.w.org\/{rel}","templated":true}]}}