{"id":33603,"date":"2025-07-06T16:34:38","date_gmt":"2025-07-06T16:34:38","guid":{"rendered":"https:\/\/chacrys.com\/kristalyok\/jaspis-kristaly-kristaly-jelentese-elonyei-gyogyito-tulajdonsagai-es-hasznalata\/"},"modified":"2025-07-06T16:34:38","modified_gmt":"2025-07-06T16:34:38","slug":"jaspis-kristaly-kristaly-jelentese-elonyei-gyogyito-tulajdonsagai-es-hasznalata","status":"publish","type":"page","link":"https:\/\/chacrys.com\/hu\/kristalyok\/jaspis-kristaly-kristaly-jelentese-elonyei-gyogyito-tulajdonsagai-es-hasznalata\/","title":{"rendered":"J\u00e1spis krist\u00e1ly krist\u00e1ly &#8211; jelent\u00e9se, el\u0151nyei, gy\u00f3gy\u00edt\u00f3 tulajdons\u00e1gai \u00e9s haszn\u00e1lata"},"content":{"rendered":"<h2 style=\"font-size:28px\">Mi az a j\u00e1spis krist\u00e1ly?<\/h2>\n<div style=\"font-size:22px\">A j\u00e1spis olyan kalcedon, amely nem tudta meg\u00e1llni, hogy ne szedjen fel minden \u00fatmenti stoppost: vasat, mang\u00e1nt, agyagot, n\u00f6v\u00e9nyi maradv\u00e1nyokat, s\u0151t mikroszkopikus vulk\u00e1ni hamut is. Az eredm\u00e9ny \u00e1tl\u00e1tszatlan mint\u00e1k kaleidoszk\u00f3pja &#8211; k\u00e9pzelj\u00fck el, ahogy egy fest\u0151 eg\u00e9sz nap ugyanabban az ed\u00e9nyben \u00f6bl\u00edti az ecsetet, majd megk\u00f6vesedik az iszap. Legyen sz\u00f3 sivatagi-horizont cs\u00edkokkal d\u00edsz\u00edtett j\u00e1spisr\u00f3l, \u0151r\u00fclt steppk\u00e9nt \u00f6sszevarrt breccs\u00e1s j\u00e1spisr\u00f3l vagy pszichedelikus g\u00f6mb\u00f6kkel tark\u00edtott \u00f3ce\u00e1ni j\u00e1spisr\u00f3l, minden egyes t\u00e1bla olyan, mint egy geol\u00f3giai koll\u00e1zs. Sz\u00edv\u00f3s (Mohs 6\u00bd-7) \u00e9s kellemesen neh\u00e9z, \u00e9s m\u00e1r j\u00f3val az \u00e9rm\u00e9k l\u00e9tez\u00e9se el\u0151tt pecs\u00e9teket \u00e9s ors\u00f3k\u00f6rm\u00f6ket form\u00e1ztak bel\u0151le.   <\/div>\n<h2 style=\"font-size:28px\">A j\u00e1spis krist\u00e1ly el\u0151nyei<\/h2>\n<div style=\"font-size:22px\">A rajong\u00f3k \u00fagy tekintenek a j\u00e1spisra, mint a kitart\u00f3 er\u0151fesz\u00edt\u00e9s m\u0171v\u00e9szet\u00e9nek t\u00fcrelmes oktat\u00f3j\u00e1ra. Azt tartj\u00e1k, hogy meger\u0151s\u00edti a napi ritu\u00e1l\u00e9kat &#8211; hidrat\u00e1l\u00e1s, napl\u00f3z\u00e1s, fokozatos fitnesz &#8211; ahelyett, hogy a dopamint keres\u0151 \u00f6rv\u00e9nyeket t\u00e1pl\u00e1ln\u00e1. Az emberek emellett szil\u00e1rdabb \u00e9rzelmi termoszt\u00e1tokat is eml\u00edtenek; a k\u0151 foltos sz\u00ednezete igazolja, hogy az \u00e9let ritk\u00e1n k\u00edn\u00e1l egysz\u00edn\u0171 \u00e9lm\u00e9nyeket. A traum\u00e1b\u00f3l val\u00f3 fel\u00e9p\u00fcl\u00e9s k\u00f6r\u00f6kben a j\u00e1spis foltos arca seg\u00edthet az \u00fcgyfeleknek, hogy a t\u00f6redezett narrat\u00edv\u00e1kat egyetlen integr\u00e1lt t\u00f6rt\u00e9nett\u00e9 \u00e1ll\u00edts\u00e1k \u00f6ssze. A fenntart\u00e1sok tov\u00e1bbra is \u00e9rv\u00e9nyesek: a ter\u00e1pia, nem a szilika gy\u00f3gy\u00edtja a pszichol\u00f3giai t\u00f6r\u00e9seket.    <\/div>\n<h2 style=\"font-size:28px\"><span data-sheets-root=\"1\">Hogyan kell haszn\u00e1lni a Jasper Crystal-t?<\/span><\/h2>\n<div style=\"font-size:22px\">Tartson egy darabot a konyhai m\u00e9rlegen, mik\u00f6zben \u00e9telt k\u00e9sz\u00edt; f\u00f6ldes palett\u00e1ja egy\u00e9rtelm\u0171v\u00e9 teszi a t\u00e1pl\u00e1lkoz\u00e1s \u00e9s a talaj k\u00f6z\u00f6tti kapcsolatot. A t\u00far\u00e1z\u00f3k a cip\u0151f\u0171z\u0151re ragasztanak egy kavicsot &#8211; a pettyes v\u00f6r\u00f6s \u00e9s s\u00e1rga sz\u00ednek \u00e1lland\u00f3 l\u00e1tv\u00e1nya a t\u00far\u00e1z\u00e1st gyalogl\u00f3 medit\u00e1ci\u00f3v\u00e1 v\u00e1ltoztatja. Agytorna c\u00e9lj\u00e1b\u00f3l sz\u00f3rja sz\u00e9t a k\u00fcl\u00f6nb\u00f6z\u0151 j\u00e1spisokat a hangulati t\u00e1bla sz\u00e9lein; a vad cs\u00edkok oldals\u00f3 asszoci\u00e1ci\u00f3kat keltenek.  <\/div>\n<h2 style=\"font-size:28px\">A j\u00e1spis krist\u00e1ly gy\u00f3gy\u00edt\u00f3 tulajdons\u00e1gai<\/h2>\n<div style=\"font-size:22px\">Sz\u00ednspektrum: t\u00e9gla, must\u00e1r, zs\u00e1lya, indig\u00f3, kr\u00e9m &#8211; n\u00e9ha mind egy kavicsban. K\u00e9plet: A kavicsok a legk\u00fcl\u00f6nb\u00f6z\u0151bb formul\u00e1kb\u00f3l k\u00e9sz\u00fclnek: SiO\u2082 \u00e9s a z\u00e1rv\u00e1nyok k\u00e9miai zs\u00e1km\u00e1nya. A k\u0151b\u00e1ny\u00e1k Madagaszk\u00e1n szikl\u00e1kt\u00f3l Oregon festett dombjaiig terjednek. Energetikai c\u00edmk\u00e9k: fokozatos er\u0151, mozaikos perspekt\u00edva, megtestes\u00fclt t\u00fcrelem.   <\/div>\n<h2 style=\"font-size:28px\"><span data-sheets-root=\"1\">Jasper Crystal tiszt\u00edt\u00e1sa \u00e9s karbantart\u00e1sa<\/span><\/h2>\n<div style=\"font-size:22px\">V\u00edz \u00e9s enyhe szappan finom; a mikrog\u00f6dr\u00f6kb\u0151l puha fogkef\u00e9vel \u00f6bl\u00edtse ki a szemcs\u00e9ket. A napf\u00e9ny ritk\u00e1n feh\u00e9r\u00edti a j\u00e1spist, de a hosszan tart\u00f3 h\u0151 hat\u00e1s\u00e1ra a rejtett reped\u00e9sek kit\u00e1gulhatnak. A felfriss\u00edt\u00e9shez \u00e1ssa el egy \u00e9jszak\u00e1ra vir\u00e1gf\u00f6ldbe &#8211; az \u00e1sv\u00e1nyok tal\u00e1lkoznak \u0151si m\u00e1trixukkal \u00e9s levetik a statikuss\u00e1got. K\u00fcl\u00f6n csomagoljuk be; b\u00e1r kem\u00e9ny, megkarcolhatja a puh\u00e1bb dr\u00e1gak\u00f6veket, p\u00e9ld\u00e1ul a fluoritot.   <\/div>\n","protected":false},"excerpt":{"rendered":"<p>Mi az a j\u00e1spis krist\u00e1ly? A j\u00e1spis olyan kalcedon, amely nem tudta meg\u00e1llni, hogy ne szedjen fel minden \u00fatmenti stoppost:<\/p>\n","protected":false},"author":1,"featured_media":0,"parent":33019,"menu_order":0,"comment_status":"closed","ping_status":"closed","template":"","meta":{"footnotes":""},"class_list":["post-33603","page","type-page","status-publish","hentry"],"yoast_head":"<!-- This site is optimized with the Yoast SEO plugin v27.4 - https:\/\/yoast.com\/product\/yoast-seo-wordpress\/ -->\n<title>J\u00e1spis krist\u00e1ly krist\u00e1ly - jelent\u00e9se, el\u0151nyei, gy\u00f3gy\u00edt\u00f3 tulajdons\u00e1gai \u00e9s haszn\u00e1lata - Chacrys<\/title>\n<meta name=\"robots\" content=\"index, follow, max-snippet:-1, max-image-preview:large, max-video-preview:-1\" \/>\n<link rel=\"canonical\" href=\"https:\/\/chacrys.com\/hu\/kristalyok\/jaspis-kristaly-kristaly-jelentese-elonyei-gyogyito-tulajdonsagai-es-hasznalata\/\" \/>\n<meta property=\"og:locale\" content=\"hu_HU\" \/>\n<meta property=\"og:type\" content=\"article\" \/>\n<meta property=\"og:title\" content=\"J\u00e1spis krist\u00e1ly krist\u00e1ly - jelent\u00e9se, el\u0151nyei, gy\u00f3gy\u00edt\u00f3 tulajdons\u00e1gai \u00e9s haszn\u00e1lata - Chacrys\" \/>\n<meta property=\"og:description\" content=\"Mi az a j\u00e1spis krist\u00e1ly? A j\u00e1spis olyan kalcedon, amely nem tudta meg\u00e1llni, hogy ne szedjen fel minden \u00fatmenti stoppost:\" \/>\n<meta property=\"og:url\" content=\"https:\/\/chacrys.com\/hu\/kristalyok\/jaspis-kristaly-kristaly-jelentese-elonyei-gyogyito-tulajdonsagai-es-hasznalata\/\" \/>\n<meta property=\"og:site_name\" content=\"Chacrys\" \/>\n<meta property=\"article:publisher\" content=\"https:\/\/www.facebook.com\/chacryscrystal\" \/>\n<meta name=\"twitter:card\" content=\"summary_large_image\" \/>\n<meta name=\"twitter:label1\" content=\"Becs\u00fclt olvas\u00e1si id\u0151\" \/>\n\t<meta name=\"twitter:data1\" content=\"3 perc\" \/>\n<script type=\"application\/ld+json\" class=\"yoast-schema-graph\">{\"@context\":\"https:\\\/\\\/schema.org\",\"@graph\":[{\"@type\":\"WebPage\",\"@id\":\"https:\\\/\\\/chacrys.com\\\/hu\\\/kristalyok\\\/jaspis-kristaly-kristaly-jelentese-elonyei-gyogyito-tulajdonsagai-es-hasznalata\\\/\",\"url\":\"https:\\\/\\\/chacrys.com\\\/hu\\\/kristalyok\\\/jaspis-kristaly-kristaly-jelentese-elonyei-gyogyito-tulajdonsagai-es-hasznalata\\\/\",\"name\":\"J\u00e1spis krist\u00e1ly krist\u00e1ly - jelent\u00e9se, el\u0151nyei, gy\u00f3gy\u00edt\u00f3 tulajdons\u00e1gai \u00e9s haszn\u00e1lata - Chacrys\",\"isPartOf\":{\"@id\":\"https:\\\/\\\/chacrys.com\\\/hu\\\/#website\"},\"datePublished\":\"2025-07-06T16:34:38+00:00\",\"breadcrumb\":{\"@id\":\"https:\\\/\\\/chacrys.com\\\/hu\\\/kristalyok\\\/jaspis-kristaly-kristaly-jelentese-elonyei-gyogyito-tulajdonsagai-es-hasznalata\\\/#breadcrumb\"},\"inLanguage\":\"hu\",\"potentialAction\":[{\"@type\":\"ReadAction\",\"target\":[\"https:\\\/\\\/chacrys.com\\\/hu\\\/kristalyok\\\/jaspis-kristaly-kristaly-jelentese-elonyei-gyogyito-tulajdonsagai-es-hasznalata\\\/\"]}]},{\"@type\":\"BreadcrumbList\",\"@id\":\"https:\\\/\\\/chacrys.com\\\/hu\\\/kristalyok\\\/jaspis-kristaly-kristaly-jelentese-elonyei-gyogyito-tulajdonsagai-es-hasznalata\\\/#breadcrumb\",\"itemListElement\":[{\"@type\":\"ListItem\",\"position\":1,\"name\":\"Home\",\"item\":\"https:\\\/\\\/chacrys.com\\\/hu\\\/\"},{\"@type\":\"ListItem\",\"position\":2,\"name\":\"Krist\u00e1lyok\",\"item\":\"https:\\\/\\\/chacrys.com\\\/hu\\\/kristalyok\\\/\"},{\"@type\":\"ListItem\",\"position\":3,\"name\":\"J\u00e1spis krist\u00e1ly krist\u00e1ly &#8211; jelent\u00e9se, el\u0151nyei, gy\u00f3gy\u00edt\u00f3 tulajdons\u00e1gai \u00e9s haszn\u00e1lata\"}]},{\"@type\":\"WebSite\",\"@id\":\"https:\\\/\\\/chacrys.com\\\/hu\\\/#website\",\"url\":\"https:\\\/\\\/chacrys.com\\\/hu\\\/\",\"name\":\"Chacrys\",\"description\":\"Chacrys\",\"publisher\":{\"@id\":\"https:\\\/\\\/chacrys.com\\\/hu\\\/#organization\"},\"potentialAction\":[{\"@type\":\"SearchAction\",\"target\":{\"@type\":\"EntryPoint\",\"urlTemplate\":\"https:\\\/\\\/chacrys.com\\\/hu\\\/?s={search_term_string}\"},\"query-input\":{\"@type\":\"PropertyValueSpecification\",\"valueRequired\":true,\"valueName\":\"search_term_string\"}}],\"inLanguage\":\"hu\"},{\"@type\":\"Organization\",\"@id\":\"https:\\\/\\\/chacrys.com\\\/hu\\\/#organization\",\"name\":\"Chacrys\",\"url\":\"https:\\\/\\\/chacrys.com\\\/hu\\\/\",\"logo\":{\"@type\":\"ImageObject\",\"inLanguage\":\"hu\",\"@id\":\"https:\\\/\\\/chacrys.com\\\/hu\\\/#\\\/schema\\\/logo\\\/image\\\/\",\"url\":\"https:\\\/\\\/chacrys.com\\\/wp-content\\\/uploads\\\/2024\\\/11\\\/cropped-FRANJULIA-6.png\",\"contentUrl\":\"https:\\\/\\\/chacrys.com\\\/wp-content\\\/uploads\\\/2024\\\/11\\\/cropped-FRANJULIA-6.png\",\"width\":512,\"height\":512,\"caption\":\"Chacrys\"},\"image\":{\"@id\":\"https:\\\/\\\/chacrys.com\\\/hu\\\/#\\\/schema\\\/logo\\\/image\\\/\"},\"sameAs\":[\"https:\\\/\\\/www.facebook.com\\\/chacryscrystal\",\"https:\\\/\\\/www.instagram.com\\\/chacrys\\\/\",\"https:\\\/\\\/www.pinterest.com\\\/chacryscrystalbed\\\/\",\"https:\\\/\\\/www.youtube.com\\\/@chacrysofficial9667\"]}]}<\/script>\n<!-- \/ Yoast SEO plugin. -->","yoast_head_json":{"title":"J\u00e1spis krist\u00e1ly krist\u00e1ly - jelent\u00e9se, el\u0151nyei, gy\u00f3gy\u00edt\u00f3 tulajdons\u00e1gai \u00e9s haszn\u00e1lata - Chacrys","robots":{"index":"index","follow":"follow","max-snippet":"max-snippet:-1","max-image-preview":"max-image-preview:large","max-video-preview":"max-video-preview:-1"},"canonical":"https:\/\/chacrys.com\/hu\/kristalyok\/jaspis-kristaly-kristaly-jelentese-elonyei-gyogyito-tulajdonsagai-es-hasznalata\/","og_locale":"hu_HU","og_type":"article","og_title":"J\u00e1spis krist\u00e1ly krist\u00e1ly - jelent\u00e9se, el\u0151nyei, gy\u00f3gy\u00edt\u00f3 tulajdons\u00e1gai \u00e9s haszn\u00e1lata - Chacrys","og_description":"Mi az a j\u00e1spis krist\u00e1ly? A j\u00e1spis olyan kalcedon, amely nem tudta meg\u00e1llni, hogy ne szedjen fel minden \u00fatmenti stoppost:","og_url":"https:\/\/chacrys.com\/hu\/kristalyok\/jaspis-kristaly-kristaly-jelentese-elonyei-gyogyito-tulajdonsagai-es-hasznalata\/","og_site_name":"Chacrys","article_publisher":"https:\/\/www.facebook.com\/chacryscrystal","twitter_card":"summary_large_image","twitter_misc":{"Becs\u00fclt olvas\u00e1si id\u0151":"3 perc"},"schema":{"@context":"https:\/\/schema.org","@graph":[{"@type":"WebPage","@id":"https:\/\/chacrys.com\/hu\/kristalyok\/jaspis-kristaly-kristaly-jelentese-elonyei-gyogyito-tulajdonsagai-es-hasznalata\/","url":"https:\/\/chacrys.com\/hu\/kristalyok\/jaspis-kristaly-kristaly-jelentese-elonyei-gyogyito-tulajdonsagai-es-hasznalata\/","name":"J\u00e1spis krist\u00e1ly krist\u00e1ly - jelent\u00e9se, el\u0151nyei, gy\u00f3gy\u00edt\u00f3 tulajdons\u00e1gai \u00e9s haszn\u00e1lata - Chacrys","isPartOf":{"@id":"https:\/\/chacrys.com\/hu\/#website"},"datePublished":"2025-07-06T16:34:38+00:00","breadcrumb":{"@id":"https:\/\/chacrys.com\/hu\/kristalyok\/jaspis-kristaly-kristaly-jelentese-elonyei-gyogyito-tulajdonsagai-es-hasznalata\/#breadcrumb"},"inLanguage":"hu","potentialAction":[{"@type":"ReadAction","target":["https:\/\/chacrys.com\/hu\/kristalyok\/jaspis-kristaly-kristaly-jelentese-elonyei-gyogyito-tulajdonsagai-es-hasznalata\/"]}]},{"@type":"BreadcrumbList","@id":"https:\/\/chacrys.com\/hu\/kristalyok\/jaspis-kristaly-kristaly-jelentese-elonyei-gyogyito-tulajdonsagai-es-hasznalata\/#breadcrumb","itemListElement":[{"@type":"ListItem","position":1,"name":"Home","item":"https:\/\/chacrys.com\/hu\/"},{"@type":"ListItem","position":2,"name":"Krist\u00e1lyok","item":"https:\/\/chacrys.com\/hu\/kristalyok\/"},{"@type":"ListItem","position":3,"name":"J\u00e1spis krist\u00e1ly krist\u00e1ly &#8211; jelent\u00e9se, el\u0151nyei, gy\u00f3gy\u00edt\u00f3 tulajdons\u00e1gai \u00e9s haszn\u00e1lata"}]},{"@type":"WebSite","@id":"https:\/\/chacrys.com\/hu\/#website","url":"https:\/\/chacrys.com\/hu\/","name":"Chacrys","description":"Chacrys","publisher":{"@id":"https:\/\/chacrys.com\/hu\/#organization"},"potentialAction":[{"@type":"SearchAction","target":{"@type":"EntryPoint","urlTemplate":"https:\/\/chacrys.com\/hu\/?s={search_term_string}"},"query-input":{"@type":"PropertyValueSpecification","valueRequired":true,"valueName":"search_term_string"}}],"inLanguage":"hu"},{"@type":"Organization","@id":"https:\/\/chacrys.com\/hu\/#organization","name":"Chacrys","url":"https:\/\/chacrys.com\/hu\/","logo":{"@type":"ImageObject","inLanguage":"hu","@id":"https:\/\/chacrys.com\/hu\/#\/schema\/logo\/image\/","url":"https:\/\/chacrys.com\/wp-content\/uploads\/2024\/11\/cropped-FRANJULIA-6.png","contentUrl":"https:\/\/chacrys.com\/wp-content\/uploads\/2024\/11\/cropped-FRANJULIA-6.png","width":512,"height":512,"caption":"Chacrys"},"image":{"@id":"https:\/\/chacrys.com\/hu\/#\/schema\/logo\/image\/"},"sameAs":["https:\/\/www.facebook.com\/chacryscrystal","https:\/\/www.instagram.com\/chacrys\/","https:\/\/www.pinterest.com\/chacryscrystalbed\/","https:\/\/www.youtube.com\/@chacrysofficial9667"]}]}},"_links":{"self":[{"href":"https:\/\/chacrys.com\/hu\/wp-json\/wp\/v2\/pages\/33603","targetHints":{"allow":["GET"]}}],"collection":[{"href":"https:\/\/chacrys.com\/hu\/wp-json\/wp\/v2\/pages"}],"about":[{"href":"https:\/\/chacrys.com\/hu\/wp-json\/wp\/v2\/types\/page"}],"author":[{"embeddable":true,"href":"https:\/\/chacrys.com\/hu\/wp-json\/wp\/v2\/users\/1"}],"replies":[{"embeddable":true,"href":"https:\/\/chacrys.com\/hu\/wp-json\/wp\/v2\/comments?post=33603"}],"version-history":[{"count":0,"href":"https:\/\/chacrys.com\/hu\/wp-json\/wp\/v2\/pages\/33603\/revisions"}],"up":[{"embeddable":true,"href":"https:\/\/chacrys.com\/hu\/wp-json\/wp\/v2\/pages\/33019"}],"wp:attachment":[{"href":"https:\/\/chacrys.com\/hu\/wp-json\/wp\/v2\/media?parent=33603"}],"curies":[{"name":"wp","href":"https:\/\/api.w.org\/{rel}","templated":true}]}}