{"id":33602,"date":"2025-07-06T16:34:38","date_gmt":"2025-07-06T16:34:38","guid":{"rendered":"https:\/\/chacrys.com\/kristalyok\/k2-ko-kristaly-jelentese-elonyei-gyogyito-tulajdonsagai-es-hasznalata\/"},"modified":"2025-07-06T16:34:38","modified_gmt":"2025-07-06T16:34:38","slug":"k2-ko-kristaly-jelentese-elonyei-gyogyito-tulajdonsagai-es-hasznalata","status":"publish","type":"page","link":"https:\/\/chacrys.com\/hu\/kristalyok\/k2-ko-kristaly-jelentese-elonyei-gyogyito-tulajdonsagai-es-hasznalata\/","title":{"rendered":"K2 k\u0151 krist\u00e1ly &#8211; jelent\u00e9se, el\u0151nyei, gy\u00f3gy\u00edt\u00f3 tulajdons\u00e1gai \u00e9s haszn\u00e1lata"},"content":{"rendered":"<h2 style=\"font-size:28px\">Mi az a K2 Stone?<\/h2>\n<div style=\"font-size:22px\">A K2 Stone olyan, mintha fant\u00e1zia lenne: \u00e9l\u00e9nk azurit &#8222;p\u00f6tty\u00f6k&#8221; a vil\u00e1g m\u00e1sodik legmagasabb hegycs\u00facs\u00e1nak, a pakiszt\u00e1ni K2-nek a k\u00f6zel\u00e9ben b\u00e1ny\u00e1szott halv\u00e1ny gr\u00e1nitban. A geol\u00f3gusok egykor fej\u00fcket vakart\u00e1k &#8211; hogyan maradhatott fenn a v\u00edzben old\u00f3d\u00f3 azurit a v\u00edzhatlan gr\u00e1nitban? A v\u00e1lasz: mikroszkopikus hasad\u00e9kok vezett\u00e9k a r\u00e9zben gazdag folyad\u00e9kokat j\u00f3val azut\u00e1n, hogy a gr\u00e1nitkupola leh\u0171lt, \u00e9s a k\u00e9k g\u00f6mb\u00f6ket a helysz\u00ednen megfagyasztott\u00e1k. A tapinthat\u00f3 kontraszt szembet\u0171n\u0151: durva gr\u00e1nitm\u00e1trix az ujjak alatt, selymes azuritszemek a h\u00fcvelykujj alatt. A kem\u00e9nys\u00e9g \u00e1tlagosan 6 (gr\u00e1nit), de az azurit foltok l\u00e1gyabbak maradnak, \u00edgy az egyenetlen kop\u00e1s gyakori.    <\/div>\n<h2 style=\"font-size:28px\">A K2 Stone el\u0151nyei<\/h2>\n<div style=\"font-size:22px\">A K2 Stone-t gyakran v\u00e1lasztj\u00e1k, amikor a f\u00f3kusznak nagy t\u00e1vlatokat kell megc\u00e9loznia. A felhaszn\u00e1l\u00f3k szerint a gr\u00e1nit magass\u00e1got biztos\u00edt &#8211; hossz\u00fa t\u00e1v\u00fa tervez\u00e9st -, m\u00edg az azurit t\u0171pontos tisztas\u00e1got ad. A jelentett el\u0151ny\u00f6k k\u00f6z\u00e9 tartozik a kiegyens\u00falyozott csapatvezet\u00e9s, kevesebb b\u00e9nults\u00e1g, amikor az &#8222;erd\u0151 \u00e9s a f\u00e1k&#8221; k\u00f6z\u00f6tt v\u00e1ltogatunk, \u00e9s egy eml\u00e9keztet\u0151, hogy a val\u00f3sz\u00edn\u0171tlen partners\u00e9gek v\u00e1ratlan sz\u00e9ps\u00e9get sz\u00fclhetnek. Ez egy embl\u00e9ma, nem egy r\u00f6vid\u00edt\u00e9s, \u00edgy a strat\u00e9giai tervez\u00e9s eszk\u00f6zei m\u00e9g mindig sz\u00e1m\u00edtanak.   <\/div>\n<h2 style=\"font-size:28px\"><span data-sheets-root=\"1\">Hogyan kell haszn\u00e1lni a K2 Stone-t?<\/span><\/h2>\n<div style=\"font-size:22px\">Tarts egy t\u00e1bl\u00e1t a tervez\u0151d\u00f6n; minden egyes k\u00e9k pont egy-egy m\u00e9rf\u00f6ldk\u0151, a feh\u00e9r m\u00e1trix pedig az \u00e1tfog\u00f3 v\u00e1szon. A hegym\u00e1sz\u00f3k n\u00e9ha elrejtenek egy kavicsot a kr\u00e9t\u00e1s t\u00e1sk\u00e1jukban, pszichol\u00f3giai csiszolts\u00e1got tal\u00e1lnak abban, hogy egy darabot tartanak a kez\u00fckben, amely a f\u00e9lelmetes hegy alatt sz\u00fcletett. A csoportos visszatekint\u00e9sek sor\u00e1n adjuk \u00e1t a k\u00f6vet az \u00f3ramutat\u00f3 j\u00e1r\u00e1s\u00e1val megegyez\u0151 ir\u00e1nyban; aki kez\u00e9ben tartja, az azonos\u00edt egy \u00e1tfog\u00f3 gy\u0151zelmet (gr\u00e1nit) \u00e9s egy pontos cs\u00edp\u00e9st (azurit).  <\/div>\n<h2 style=\"font-size:28px\">A K2 k\u0151 gy\u00f3gy\u00edt\u00f3 tulajdons\u00e1gai<\/h2>\n<div style=\"font-size:22px\">Megjelen\u00e9s: feh\u00e9r-sz\u00fcrke f\u00f6ldp\u00e1t \u00e9s kvarc, kobalt-azurit g\u00f6mb\u00f6kkel f\u0171szerezve, helyenk\u00e9nt malachit gl\u00f3ria. K\u00e9plet: \u00f6sszetett gr\u00e1nit (SiO\u2082, K-gr\u00e1nit, plagiokl\u00e1sz) \u00e9s Cu\u2083(CO\u2083)\u2082(OH)\u2082 g\u00f3cok. Forr\u00e1s: Gilgit-Baltiszt\u00e1n zord lejt\u0151in. Energetikai r\u00f6vid\u00edt\u00e9s: emelkedett perspekt\u00edva, pontos r\u00e1l\u00e1t\u00e1s, szinergia a kontrasztban.   <\/div>\n<h2 style=\"font-size:28px\"><span data-sheets-root=\"1\">K2 K\u0151tiszt\u00edt\u00e1s \u00e9s karbantart\u00e1s<\/span><\/h2>\n<div style=\"font-size:22px\">K\u00edm\u00e9letesen \u00f6bl\u00edtse; az azurit nem szereti a tart\u00f3s nedvess\u00e9get. Gyorsan sz\u00e1r\u00edtsuk meg, majd egy \u00f3r\u00e1n \u00e1t pihentess\u00fck durva himal\u00e1jai s\u00f3n (sz\u00e1raz), hogy a nedvess\u00e9get elsz\u00edvja. Tartsa t\u00e1vol a szauna h\u0151m\u00e9rs\u00e9klet\u00e9t\u0151l; a differenci\u00e1lis t\u00e1gul\u00e1s megrepeszti a m\u00e1trixot. T\u00e1rolja p\u00e1rn\u00e1zottan; a k\u0151 az azurit erek ment\u00e9n megpattan, ha leejti.   <\/div>\n","protected":false},"excerpt":{"rendered":"<p>Mi az a K2 Stone? A K2 Stone olyan, mintha fant\u00e1zia lenne: \u00e9l\u00e9nk azurit &#8222;p\u00f6tty\u00f6k&#8221; a vil\u00e1g m\u00e1sodik legmagasabb hegycs\u00facs\u00e1nak,<\/p>\n","protected":false},"author":1,"featured_media":0,"parent":33019,"menu_order":0,"comment_status":"closed","ping_status":"closed","template":"","meta":{"footnotes":""},"class_list":["post-33602","page","type-page","status-publish","hentry"],"yoast_head":"<!-- This site is optimized with the Yoast SEO plugin v27.5 - https:\/\/yoast.com\/product\/yoast-seo-wordpress\/ -->\n<title>K2 k\u0151 krist\u00e1ly - jelent\u00e9se, el\u0151nyei, gy\u00f3gy\u00edt\u00f3 tulajdons\u00e1gai \u00e9s haszn\u00e1lata - Chacrys<\/title>\n<meta name=\"robots\" content=\"index, follow, max-snippet:-1, max-image-preview:large, max-video-preview:-1\" \/>\n<link rel=\"canonical\" href=\"https:\/\/chacrys.com\/hu\/kristalyok\/k2-ko-kristaly-jelentese-elonyei-gyogyito-tulajdonsagai-es-hasznalata\/\" \/>\n<meta property=\"og:locale\" content=\"hu_HU\" \/>\n<meta property=\"og:type\" content=\"article\" \/>\n<meta property=\"og:title\" content=\"K2 k\u0151 krist\u00e1ly - jelent\u00e9se, el\u0151nyei, gy\u00f3gy\u00edt\u00f3 tulajdons\u00e1gai \u00e9s haszn\u00e1lata - Chacrys\" \/>\n<meta property=\"og:description\" content=\"Mi az a K2 Stone? A K2 Stone olyan, mintha fant\u00e1zia lenne: \u00e9l\u00e9nk azurit &#8222;p\u00f6tty\u00f6k&#8221; a vil\u00e1g m\u00e1sodik legmagasabb hegycs\u00facs\u00e1nak,\" \/>\n<meta property=\"og:url\" content=\"https:\/\/chacrys.com\/hu\/kristalyok\/k2-ko-kristaly-jelentese-elonyei-gyogyito-tulajdonsagai-es-hasznalata\/\" \/>\n<meta property=\"og:site_name\" content=\"Chacrys\" \/>\n<meta property=\"article:publisher\" content=\"https:\/\/www.facebook.com\/chacryscrystal\" \/>\n<meta name=\"twitter:card\" content=\"summary_large_image\" \/>\n<meta name=\"twitter:label1\" content=\"Becs\u00fclt olvas\u00e1si id\u0151\" \/>\n\t<meta name=\"twitter:data1\" content=\"3 perc\" \/>\n<script type=\"application\/ld+json\" class=\"yoast-schema-graph\">{\"@context\":\"https:\\\/\\\/schema.org\",\"@graph\":[{\"@type\":\"WebPage\",\"@id\":\"https:\\\/\\\/chacrys.com\\\/hu\\\/kristalyok\\\/k2-ko-kristaly-jelentese-elonyei-gyogyito-tulajdonsagai-es-hasznalata\\\/\",\"url\":\"https:\\\/\\\/chacrys.com\\\/hu\\\/kristalyok\\\/k2-ko-kristaly-jelentese-elonyei-gyogyito-tulajdonsagai-es-hasznalata\\\/\",\"name\":\"K2 k\u0151 krist\u00e1ly - jelent\u00e9se, el\u0151nyei, gy\u00f3gy\u00edt\u00f3 tulajdons\u00e1gai \u00e9s haszn\u00e1lata - Chacrys\",\"isPartOf\":{\"@id\":\"https:\\\/\\\/chacrys.com\\\/hu\\\/#website\"},\"datePublished\":\"2025-07-06T16:34:38+00:00\",\"breadcrumb\":{\"@id\":\"https:\\\/\\\/chacrys.com\\\/hu\\\/kristalyok\\\/k2-ko-kristaly-jelentese-elonyei-gyogyito-tulajdonsagai-es-hasznalata\\\/#breadcrumb\"},\"inLanguage\":\"hu\",\"potentialAction\":[{\"@type\":\"ReadAction\",\"target\":[\"https:\\\/\\\/chacrys.com\\\/hu\\\/kristalyok\\\/k2-ko-kristaly-jelentese-elonyei-gyogyito-tulajdonsagai-es-hasznalata\\\/\"]}]},{\"@type\":\"BreadcrumbList\",\"@id\":\"https:\\\/\\\/chacrys.com\\\/hu\\\/kristalyok\\\/k2-ko-kristaly-jelentese-elonyei-gyogyito-tulajdonsagai-es-hasznalata\\\/#breadcrumb\",\"itemListElement\":[{\"@type\":\"ListItem\",\"position\":1,\"name\":\"Home\",\"item\":\"https:\\\/\\\/chacrys.com\\\/hu\\\/\"},{\"@type\":\"ListItem\",\"position\":2,\"name\":\"Krist\u00e1lyok\",\"item\":\"https:\\\/\\\/chacrys.com\\\/hu\\\/kristalyok\\\/\"},{\"@type\":\"ListItem\",\"position\":3,\"name\":\"K2 k\u0151 krist\u00e1ly &#8211; jelent\u00e9se, el\u0151nyei, gy\u00f3gy\u00edt\u00f3 tulajdons\u00e1gai \u00e9s haszn\u00e1lata\"}]},{\"@type\":\"WebSite\",\"@id\":\"https:\\\/\\\/chacrys.com\\\/hu\\\/#website\",\"url\":\"https:\\\/\\\/chacrys.com\\\/hu\\\/\",\"name\":\"Chacrys\",\"description\":\"Chacrys\",\"publisher\":{\"@id\":\"https:\\\/\\\/chacrys.com\\\/hu\\\/#organization\"},\"potentialAction\":[{\"@type\":\"SearchAction\",\"target\":{\"@type\":\"EntryPoint\",\"urlTemplate\":\"https:\\\/\\\/chacrys.com\\\/hu\\\/?s={search_term_string}\"},\"query-input\":{\"@type\":\"PropertyValueSpecification\",\"valueRequired\":true,\"valueName\":\"search_term_string\"}}],\"inLanguage\":\"hu\"},{\"@type\":\"Organization\",\"@id\":\"https:\\\/\\\/chacrys.com\\\/hu\\\/#organization\",\"name\":\"Chacrys\",\"url\":\"https:\\\/\\\/chacrys.com\\\/hu\\\/\",\"logo\":{\"@type\":\"ImageObject\",\"inLanguage\":\"hu\",\"@id\":\"https:\\\/\\\/chacrys.com\\\/hu\\\/#\\\/schema\\\/logo\\\/image\\\/\",\"url\":\"https:\\\/\\\/chacrys.com\\\/wp-content\\\/uploads\\\/2024\\\/11\\\/cropped-FRANJULIA-6.png\",\"contentUrl\":\"https:\\\/\\\/chacrys.com\\\/wp-content\\\/uploads\\\/2024\\\/11\\\/cropped-FRANJULIA-6.png\",\"width\":512,\"height\":512,\"caption\":\"Chacrys\"},\"image\":{\"@id\":\"https:\\\/\\\/chacrys.com\\\/hu\\\/#\\\/schema\\\/logo\\\/image\\\/\"},\"sameAs\":[\"https:\\\/\\\/www.facebook.com\\\/chacryscrystal\",\"https:\\\/\\\/www.instagram.com\\\/chacrys\\\/\",\"https:\\\/\\\/www.pinterest.com\\\/chacryscrystalbed\\\/\",\"https:\\\/\\\/www.youtube.com\\\/@chacrysofficial9667\"]}]}<\/script>\n<!-- \/ Yoast SEO plugin. -->","yoast_head_json":{"title":"K2 k\u0151 krist\u00e1ly - jelent\u00e9se, el\u0151nyei, gy\u00f3gy\u00edt\u00f3 tulajdons\u00e1gai \u00e9s haszn\u00e1lata - Chacrys","robots":{"index":"index","follow":"follow","max-snippet":"max-snippet:-1","max-image-preview":"max-image-preview:large","max-video-preview":"max-video-preview:-1"},"canonical":"https:\/\/chacrys.com\/hu\/kristalyok\/k2-ko-kristaly-jelentese-elonyei-gyogyito-tulajdonsagai-es-hasznalata\/","og_locale":"hu_HU","og_type":"article","og_title":"K2 k\u0151 krist\u00e1ly - jelent\u00e9se, el\u0151nyei, gy\u00f3gy\u00edt\u00f3 tulajdons\u00e1gai \u00e9s haszn\u00e1lata - Chacrys","og_description":"Mi az a K2 Stone? A K2 Stone olyan, mintha fant\u00e1zia lenne: \u00e9l\u00e9nk azurit &#8222;p\u00f6tty\u00f6k&#8221; a vil\u00e1g m\u00e1sodik legmagasabb hegycs\u00facs\u00e1nak,","og_url":"https:\/\/chacrys.com\/hu\/kristalyok\/k2-ko-kristaly-jelentese-elonyei-gyogyito-tulajdonsagai-es-hasznalata\/","og_site_name":"Chacrys","article_publisher":"https:\/\/www.facebook.com\/chacryscrystal","twitter_card":"summary_large_image","twitter_misc":{"Becs\u00fclt olvas\u00e1si id\u0151":"3 perc"},"schema":{"@context":"https:\/\/schema.org","@graph":[{"@type":"WebPage","@id":"https:\/\/chacrys.com\/hu\/kristalyok\/k2-ko-kristaly-jelentese-elonyei-gyogyito-tulajdonsagai-es-hasznalata\/","url":"https:\/\/chacrys.com\/hu\/kristalyok\/k2-ko-kristaly-jelentese-elonyei-gyogyito-tulajdonsagai-es-hasznalata\/","name":"K2 k\u0151 krist\u00e1ly - jelent\u00e9se, el\u0151nyei, gy\u00f3gy\u00edt\u00f3 tulajdons\u00e1gai \u00e9s haszn\u00e1lata - Chacrys","isPartOf":{"@id":"https:\/\/chacrys.com\/hu\/#website"},"datePublished":"2025-07-06T16:34:38+00:00","breadcrumb":{"@id":"https:\/\/chacrys.com\/hu\/kristalyok\/k2-ko-kristaly-jelentese-elonyei-gyogyito-tulajdonsagai-es-hasznalata\/#breadcrumb"},"inLanguage":"hu","potentialAction":[{"@type":"ReadAction","target":["https:\/\/chacrys.com\/hu\/kristalyok\/k2-ko-kristaly-jelentese-elonyei-gyogyito-tulajdonsagai-es-hasznalata\/"]}]},{"@type":"BreadcrumbList","@id":"https:\/\/chacrys.com\/hu\/kristalyok\/k2-ko-kristaly-jelentese-elonyei-gyogyito-tulajdonsagai-es-hasznalata\/#breadcrumb","itemListElement":[{"@type":"ListItem","position":1,"name":"Home","item":"https:\/\/chacrys.com\/hu\/"},{"@type":"ListItem","position":2,"name":"Krist\u00e1lyok","item":"https:\/\/chacrys.com\/hu\/kristalyok\/"},{"@type":"ListItem","position":3,"name":"K2 k\u0151 krist\u00e1ly &#8211; jelent\u00e9se, el\u0151nyei, gy\u00f3gy\u00edt\u00f3 tulajdons\u00e1gai \u00e9s haszn\u00e1lata"}]},{"@type":"WebSite","@id":"https:\/\/chacrys.com\/hu\/#website","url":"https:\/\/chacrys.com\/hu\/","name":"Chacrys","description":"Chacrys","publisher":{"@id":"https:\/\/chacrys.com\/hu\/#organization"},"potentialAction":[{"@type":"SearchAction","target":{"@type":"EntryPoint","urlTemplate":"https:\/\/chacrys.com\/hu\/?s={search_term_string}"},"query-input":{"@type":"PropertyValueSpecification","valueRequired":true,"valueName":"search_term_string"}}],"inLanguage":"hu"},{"@type":"Organization","@id":"https:\/\/chacrys.com\/hu\/#organization","name":"Chacrys","url":"https:\/\/chacrys.com\/hu\/","logo":{"@type":"ImageObject","inLanguage":"hu","@id":"https:\/\/chacrys.com\/hu\/#\/schema\/logo\/image\/","url":"https:\/\/chacrys.com\/wp-content\/uploads\/2024\/11\/cropped-FRANJULIA-6.png","contentUrl":"https:\/\/chacrys.com\/wp-content\/uploads\/2024\/11\/cropped-FRANJULIA-6.png","width":512,"height":512,"caption":"Chacrys"},"image":{"@id":"https:\/\/chacrys.com\/hu\/#\/schema\/logo\/image\/"},"sameAs":["https:\/\/www.facebook.com\/chacryscrystal","https:\/\/www.instagram.com\/chacrys\/","https:\/\/www.pinterest.com\/chacryscrystalbed\/","https:\/\/www.youtube.com\/@chacrysofficial9667"]}]}},"_links":{"self":[{"href":"https:\/\/chacrys.com\/hu\/wp-json\/wp\/v2\/pages\/33602","targetHints":{"allow":["GET"]}}],"collection":[{"href":"https:\/\/chacrys.com\/hu\/wp-json\/wp\/v2\/pages"}],"about":[{"href":"https:\/\/chacrys.com\/hu\/wp-json\/wp\/v2\/types\/page"}],"author":[{"embeddable":true,"href":"https:\/\/chacrys.com\/hu\/wp-json\/wp\/v2\/users\/1"}],"replies":[{"embeddable":true,"href":"https:\/\/chacrys.com\/hu\/wp-json\/wp\/v2\/comments?post=33602"}],"version-history":[{"count":0,"href":"https:\/\/chacrys.com\/hu\/wp-json\/wp\/v2\/pages\/33602\/revisions"}],"up":[{"embeddable":true,"href":"https:\/\/chacrys.com\/hu\/wp-json\/wp\/v2\/pages\/33019"}],"wp:attachment":[{"href":"https:\/\/chacrys.com\/hu\/wp-json\/wp\/v2\/media?parent=33602"}],"curies":[{"name":"wp","href":"https:\/\/api.w.org\/{rel}","templated":true}]}}