{"id":33596,"date":"2025-07-06T16:32:53","date_gmt":"2025-07-06T16:32:53","guid":{"rendered":"https:\/\/chacrys.com\/kristalyok\/fekete-turmalin-schorl-kristaly-jelentese-elonyei-gyogyito-tulajdonsagai-es-hasznalata\/"},"modified":"2025-07-06T16:32:53","modified_gmt":"2025-07-06T16:32:53","slug":"fekete-turmalin-schorl-kristaly-jelentese-elonyei-gyogyito-tulajdonsagai-es-hasznalata","status":"publish","type":"page","link":"https:\/\/chacrys.com\/hu\/kristalyok\/fekete-turmalin-schorl-kristaly-jelentese-elonyei-gyogyito-tulajdonsagai-es-hasznalata\/","title":{"rendered":"Fekete turmalin (Schorl) krist\u00e1ly &#8211; jelent\u00e9se, el\u0151nyei, gy\u00f3gy\u00edt\u00f3 tulajdons\u00e1gai \u00e9s haszn\u00e1lata"},"content":{"rendered":"<h2 style=\"font-size:28px\">Mi a fekete turmalin (Schorl)?<\/h2>\n<div style=\"font-size:22px\">A fekete turmalin \u00e9jfekete bar\u00e1zd\u00e1s oszlopok form\u00e1j\u00e1ban n\u0151 a gr\u00e1nitvarratok belsej\u00e9ben, amikor a b\u00f3rtartalm\u00fa magma leh\u0171l. Cs\u00edkoz\u00e1sa olyan, mint az \u00f3nixb\u00f3l kov\u00e1csolt zongorabillenty\u0171k, \u00e9s a krist\u00e1ly d\u00f6rzs\u00f6l\u00e9se a piezoelektromos term\u00e9szet\u00e9nek k\u00f6sz\u00f6nhet\u0151en enyhe statikus fesz\u00fclts\u00e9get hoz l\u00e9tre &#8211; a f\u00f6ldel\u00e9s sz\u00f3 szerinti szikr\u00e1j\u00e1t. A t\u00f6r\u00e9keny obszidi\u00e1nnal ellent\u00e9tben a schorl a Mohs-sk\u00e1la 7-7\u00bd-es sk\u00e1l\u00e1j\u00e1n a napi \u00fct\u00e9seknek is ellen\u00e1ll.  <\/div>\n<h2 style=\"font-size:28px\">A fekete turmalin (Schorl) el\u0151nyei<\/h2>\n<div style=\"font-size:22px\">Sokan t\u00e1maszkodnak a schorlra \u00e9rzelmi p\u00e1nc\u00e9lk\u00e9nt: le\u00edrj\u00e1k, hogy kev\u00e9sb\u00e9 por\u00f3zusnak, szil\u00e1rdabbnak \u00e9rzik magukat, amikor a kritika r\u00f6pk\u00f6d. M\u00e1sok &#8222;elektrom\u00e1gneses felmos\u00f3rongyk\u00e9nt&#8221; haszn\u00e1lj\u00e1k, tapinthat\u00f3 eml\u00e9keztet\u0151k\u00e9nt, hogy l\u00e9pj\u00fcnk h\u00e1tr\u00e9bb a k\u00e9kf\u00e9ny-viharokt\u00f3l. Az anekdot\u00e1k az \u00f6nfegyelem er\u0151s\u00f6d\u00e9s\u00e9t \u00e9s a nyugodtabb hangulatot is megeml\u00edtik a viharos h\u00e1ztart\u00e1sokban. Ne feledje, hogy a k\u00f6vet sz\u00fcnetekkel, l\u00e9gz\u00e9ssel \u00e9s szil\u00e1rd hat\u00e1rokkal p\u00e1ros\u00edtsa.   <\/div>\n<h2 style=\"font-size:28px\"><span data-sheets-root=\"1\">Hogyan kell haszn\u00e1lni a fekete turmalint (Schorl)?<\/span><\/h2>\n<div style=\"font-size:22px\">\u00c1ll\u00edts egy p\u00e1lc\u00e1t f\u00fcgg\u0151legesen a laptopod m\u00f6g\u00e9; k\u00f6vesd a gerinc\u00e9t, amikor a lapok gyorsabban szaporodnak, mint az \u00f6tletek. Fesz\u00fclt megbesz\u00e9l\u00e9seken viseljen gy\u00f6ngykark\u00f6t\u0151t &#8211; a gy\u00f6ngy\u00f6k tekerget\u00e9se rekeszizoml\u00e9gz\u00e9sre k\u00e9szteti. A h\u00e1ztulajdonosok n\u00e9ha a szoba sarkaiban elhelyezett szil\u00e1nkokat r\u00e1csra helyezik, \u00e9s \u00fagy k\u00e9pzelik el \u0151ket, mint sz\u00e9nvill\u00e1mh\u00e1r\u00edt\u00f3kat, amelyek a stresszt a f\u00f6ldbe terelik.  <\/div>\n<h2 style=\"font-size:28px\">A fekete turmalin gy\u00f3gy\u00edt\u00f3 tulajdons\u00e1gai (Schorl)<\/h2>\n<div style=\"font-size:22px\">Sz\u00e9nfekete, bronz vagy t\u00fck\u00f6rez\u00fcst p\u00f6tty\u00f6kkel. Komplex n\u00e1trium-vas-alum\u00ednium-boroszilik\u00e1t. Minas Gerais hegyeib\u0151l, madagaszk\u00e1ri es\u0151erd\u0151kb\u0151l \u00e9s afg\u00e1n szakad\u00e9kokb\u00f3l sz\u00e1rmazik. Energetikusan kapcsol\u00f3dik a rugalmass\u00e1ghoz, a szennyez\u0151d\u00e9sek \u00e1talakul\u00e1s\u00e1hoz \u00e9s a gerinc integrit\u00e1s\u00e1hoz.   <\/div>\n<h2 style=\"font-size:28px\"><span data-sheets-root=\"1\">Fekete turmalin (Schorl) tiszt\u00edt\u00e1s \u00e9s karbantart\u00e1s<\/span><\/h2>\n<div style=\"font-size:22px\">Gyorsan \u00f6bl\u00edtse le langyos v\u00edzzel; t\u00f6r\u00f6lje sz\u00e1razra t\u00f6r\u00f6lk\u00f6z\u0151vel, hogy elker\u00fclje az \u00e1sv\u00e1nyi foltokat. Szereti a napf\u00e9nyt &#8211; egy \u00f3ra az ablakp\u00e1rk\u00e1nyon feleleven\u00edti \u00fcveges csillog\u00e1s\u00e1t. Hagyja ki a savakat, amelyek marj\u00e1k a bar\u00e1zd\u00e1kat. T\u00f6lt\u0151dj\u00f6n fel, ha egy \u00e9jszak\u00e1n \u00e1t hematitforg\u00e1cson pihen. K\u00fcl\u00f6n t\u00e1rolja; kem\u00e9nys\u00e9ge megkarcolhatja a puh\u00e1bb t\u00e1rsait.    <\/div>\n","protected":false},"excerpt":{"rendered":"<p>Mi a fekete turmalin (Schorl)? A fekete turmalin \u00e9jfekete bar\u00e1zd\u00e1s oszlopok form\u00e1j\u00e1ban n\u0151 a gr\u00e1nitvarratok belsej\u00e9ben, amikor a b\u00f3rtartalm\u00fa magma<\/p>\n","protected":false},"author":1,"featured_media":0,"parent":33019,"menu_order":0,"comment_status":"closed","ping_status":"closed","template":"","meta":{"footnotes":""},"class_list":["post-33596","page","type-page","status-publish","hentry"],"yoast_head":"<!-- This site is optimized with the Yoast SEO plugin v27.4 - https:\/\/yoast.com\/product\/yoast-seo-wordpress\/ -->\n<title>Fekete turmalin (Schorl) krist\u00e1ly - jelent\u00e9se, el\u0151nyei, gy\u00f3gy\u00edt\u00f3 tulajdons\u00e1gai \u00e9s haszn\u00e1lata - Chacrys<\/title>\n<meta name=\"robots\" content=\"index, follow, max-snippet:-1, max-image-preview:large, max-video-preview:-1\" \/>\n<link rel=\"canonical\" href=\"https:\/\/chacrys.com\/hu\/kristalyok\/fekete-turmalin-schorl-kristaly-jelentese-elonyei-gyogyito-tulajdonsagai-es-hasznalata\/\" \/>\n<meta property=\"og:locale\" content=\"hu_HU\" \/>\n<meta property=\"og:type\" content=\"article\" \/>\n<meta property=\"og:title\" content=\"Fekete turmalin (Schorl) krist\u00e1ly - jelent\u00e9se, el\u0151nyei, gy\u00f3gy\u00edt\u00f3 tulajdons\u00e1gai \u00e9s haszn\u00e1lata - Chacrys\" \/>\n<meta property=\"og:description\" content=\"Mi a fekete turmalin (Schorl)? A fekete turmalin \u00e9jfekete bar\u00e1zd\u00e1s oszlopok form\u00e1j\u00e1ban n\u0151 a gr\u00e1nitvarratok belsej\u00e9ben, amikor a b\u00f3rtartalm\u00fa magma\" \/>\n<meta property=\"og:url\" content=\"https:\/\/chacrys.com\/hu\/kristalyok\/fekete-turmalin-schorl-kristaly-jelentese-elonyei-gyogyito-tulajdonsagai-es-hasznalata\/\" \/>\n<meta property=\"og:site_name\" content=\"Chacrys\" \/>\n<meta property=\"article:publisher\" content=\"https:\/\/www.facebook.com\/chacryscrystal\" \/>\n<meta name=\"twitter:card\" content=\"summary_large_image\" \/>\n<meta name=\"twitter:label1\" content=\"Becs\u00fclt olvas\u00e1si id\u0151\" \/>\n\t<meta name=\"twitter:data1\" content=\"2 perc\" \/>\n<script type=\"application\/ld+json\" class=\"yoast-schema-graph\">{\"@context\":\"https:\\\/\\\/schema.org\",\"@graph\":[{\"@type\":\"WebPage\",\"@id\":\"https:\\\/\\\/chacrys.com\\\/hu\\\/kristalyok\\\/fekete-turmalin-schorl-kristaly-jelentese-elonyei-gyogyito-tulajdonsagai-es-hasznalata\\\/\",\"url\":\"https:\\\/\\\/chacrys.com\\\/hu\\\/kristalyok\\\/fekete-turmalin-schorl-kristaly-jelentese-elonyei-gyogyito-tulajdonsagai-es-hasznalata\\\/\",\"name\":\"Fekete turmalin (Schorl) krist\u00e1ly - jelent\u00e9se, el\u0151nyei, gy\u00f3gy\u00edt\u00f3 tulajdons\u00e1gai \u00e9s haszn\u00e1lata - Chacrys\",\"isPartOf\":{\"@id\":\"https:\\\/\\\/chacrys.com\\\/hu\\\/#website\"},\"datePublished\":\"2025-07-06T16:32:53+00:00\",\"breadcrumb\":{\"@id\":\"https:\\\/\\\/chacrys.com\\\/hu\\\/kristalyok\\\/fekete-turmalin-schorl-kristaly-jelentese-elonyei-gyogyito-tulajdonsagai-es-hasznalata\\\/#breadcrumb\"},\"inLanguage\":\"hu\",\"potentialAction\":[{\"@type\":\"ReadAction\",\"target\":[\"https:\\\/\\\/chacrys.com\\\/hu\\\/kristalyok\\\/fekete-turmalin-schorl-kristaly-jelentese-elonyei-gyogyito-tulajdonsagai-es-hasznalata\\\/\"]}]},{\"@type\":\"BreadcrumbList\",\"@id\":\"https:\\\/\\\/chacrys.com\\\/hu\\\/kristalyok\\\/fekete-turmalin-schorl-kristaly-jelentese-elonyei-gyogyito-tulajdonsagai-es-hasznalata\\\/#breadcrumb\",\"itemListElement\":[{\"@type\":\"ListItem\",\"position\":1,\"name\":\"Home\",\"item\":\"https:\\\/\\\/chacrys.com\\\/hu\\\/\"},{\"@type\":\"ListItem\",\"position\":2,\"name\":\"Krist\u00e1lyok\",\"item\":\"https:\\\/\\\/chacrys.com\\\/hu\\\/kristalyok\\\/\"},{\"@type\":\"ListItem\",\"position\":3,\"name\":\"Fekete turmalin (Schorl) krist\u00e1ly &#8211; jelent\u00e9se, el\u0151nyei, gy\u00f3gy\u00edt\u00f3 tulajdons\u00e1gai \u00e9s haszn\u00e1lata\"}]},{\"@type\":\"WebSite\",\"@id\":\"https:\\\/\\\/chacrys.com\\\/hu\\\/#website\",\"url\":\"https:\\\/\\\/chacrys.com\\\/hu\\\/\",\"name\":\"Chacrys\",\"description\":\"Chacrys\",\"publisher\":{\"@id\":\"https:\\\/\\\/chacrys.com\\\/hu\\\/#organization\"},\"potentialAction\":[{\"@type\":\"SearchAction\",\"target\":{\"@type\":\"EntryPoint\",\"urlTemplate\":\"https:\\\/\\\/chacrys.com\\\/hu\\\/?s={search_term_string}\"},\"query-input\":{\"@type\":\"PropertyValueSpecification\",\"valueRequired\":true,\"valueName\":\"search_term_string\"}}],\"inLanguage\":\"hu\"},{\"@type\":\"Organization\",\"@id\":\"https:\\\/\\\/chacrys.com\\\/hu\\\/#organization\",\"name\":\"Chacrys\",\"url\":\"https:\\\/\\\/chacrys.com\\\/hu\\\/\",\"logo\":{\"@type\":\"ImageObject\",\"inLanguage\":\"hu\",\"@id\":\"https:\\\/\\\/chacrys.com\\\/hu\\\/#\\\/schema\\\/logo\\\/image\\\/\",\"url\":\"https:\\\/\\\/chacrys.com\\\/wp-content\\\/uploads\\\/2024\\\/11\\\/cropped-FRANJULIA-6.png\",\"contentUrl\":\"https:\\\/\\\/chacrys.com\\\/wp-content\\\/uploads\\\/2024\\\/11\\\/cropped-FRANJULIA-6.png\",\"width\":512,\"height\":512,\"caption\":\"Chacrys\"},\"image\":{\"@id\":\"https:\\\/\\\/chacrys.com\\\/hu\\\/#\\\/schema\\\/logo\\\/image\\\/\"},\"sameAs\":[\"https:\\\/\\\/www.facebook.com\\\/chacryscrystal\",\"https:\\\/\\\/www.instagram.com\\\/chacrys\\\/\",\"https:\\\/\\\/www.pinterest.com\\\/chacryscrystalbed\\\/\",\"https:\\\/\\\/www.youtube.com\\\/@chacrysofficial9667\"]}]}<\/script>\n<!-- \/ Yoast SEO plugin. -->","yoast_head_json":{"title":"Fekete turmalin (Schorl) krist\u00e1ly - jelent\u00e9se, el\u0151nyei, gy\u00f3gy\u00edt\u00f3 tulajdons\u00e1gai \u00e9s haszn\u00e1lata - Chacrys","robots":{"index":"index","follow":"follow","max-snippet":"max-snippet:-1","max-image-preview":"max-image-preview:large","max-video-preview":"max-video-preview:-1"},"canonical":"https:\/\/chacrys.com\/hu\/kristalyok\/fekete-turmalin-schorl-kristaly-jelentese-elonyei-gyogyito-tulajdonsagai-es-hasznalata\/","og_locale":"hu_HU","og_type":"article","og_title":"Fekete turmalin (Schorl) krist\u00e1ly - jelent\u00e9se, el\u0151nyei, gy\u00f3gy\u00edt\u00f3 tulajdons\u00e1gai \u00e9s haszn\u00e1lata - Chacrys","og_description":"Mi a fekete turmalin (Schorl)? A fekete turmalin \u00e9jfekete bar\u00e1zd\u00e1s oszlopok form\u00e1j\u00e1ban n\u0151 a gr\u00e1nitvarratok belsej\u00e9ben, amikor a b\u00f3rtartalm\u00fa magma","og_url":"https:\/\/chacrys.com\/hu\/kristalyok\/fekete-turmalin-schorl-kristaly-jelentese-elonyei-gyogyito-tulajdonsagai-es-hasznalata\/","og_site_name":"Chacrys","article_publisher":"https:\/\/www.facebook.com\/chacryscrystal","twitter_card":"summary_large_image","twitter_misc":{"Becs\u00fclt olvas\u00e1si id\u0151":"2 perc"},"schema":{"@context":"https:\/\/schema.org","@graph":[{"@type":"WebPage","@id":"https:\/\/chacrys.com\/hu\/kristalyok\/fekete-turmalin-schorl-kristaly-jelentese-elonyei-gyogyito-tulajdonsagai-es-hasznalata\/","url":"https:\/\/chacrys.com\/hu\/kristalyok\/fekete-turmalin-schorl-kristaly-jelentese-elonyei-gyogyito-tulajdonsagai-es-hasznalata\/","name":"Fekete turmalin (Schorl) krist\u00e1ly - jelent\u00e9se, el\u0151nyei, gy\u00f3gy\u00edt\u00f3 tulajdons\u00e1gai \u00e9s haszn\u00e1lata - Chacrys","isPartOf":{"@id":"https:\/\/chacrys.com\/hu\/#website"},"datePublished":"2025-07-06T16:32:53+00:00","breadcrumb":{"@id":"https:\/\/chacrys.com\/hu\/kristalyok\/fekete-turmalin-schorl-kristaly-jelentese-elonyei-gyogyito-tulajdonsagai-es-hasznalata\/#breadcrumb"},"inLanguage":"hu","potentialAction":[{"@type":"ReadAction","target":["https:\/\/chacrys.com\/hu\/kristalyok\/fekete-turmalin-schorl-kristaly-jelentese-elonyei-gyogyito-tulajdonsagai-es-hasznalata\/"]}]},{"@type":"BreadcrumbList","@id":"https:\/\/chacrys.com\/hu\/kristalyok\/fekete-turmalin-schorl-kristaly-jelentese-elonyei-gyogyito-tulajdonsagai-es-hasznalata\/#breadcrumb","itemListElement":[{"@type":"ListItem","position":1,"name":"Home","item":"https:\/\/chacrys.com\/hu\/"},{"@type":"ListItem","position":2,"name":"Krist\u00e1lyok","item":"https:\/\/chacrys.com\/hu\/kristalyok\/"},{"@type":"ListItem","position":3,"name":"Fekete turmalin (Schorl) krist\u00e1ly &#8211; jelent\u00e9se, el\u0151nyei, gy\u00f3gy\u00edt\u00f3 tulajdons\u00e1gai \u00e9s haszn\u00e1lata"}]},{"@type":"WebSite","@id":"https:\/\/chacrys.com\/hu\/#website","url":"https:\/\/chacrys.com\/hu\/","name":"Chacrys","description":"Chacrys","publisher":{"@id":"https:\/\/chacrys.com\/hu\/#organization"},"potentialAction":[{"@type":"SearchAction","target":{"@type":"EntryPoint","urlTemplate":"https:\/\/chacrys.com\/hu\/?s={search_term_string}"},"query-input":{"@type":"PropertyValueSpecification","valueRequired":true,"valueName":"search_term_string"}}],"inLanguage":"hu"},{"@type":"Organization","@id":"https:\/\/chacrys.com\/hu\/#organization","name":"Chacrys","url":"https:\/\/chacrys.com\/hu\/","logo":{"@type":"ImageObject","inLanguage":"hu","@id":"https:\/\/chacrys.com\/hu\/#\/schema\/logo\/image\/","url":"https:\/\/chacrys.com\/wp-content\/uploads\/2024\/11\/cropped-FRANJULIA-6.png","contentUrl":"https:\/\/chacrys.com\/wp-content\/uploads\/2024\/11\/cropped-FRANJULIA-6.png","width":512,"height":512,"caption":"Chacrys"},"image":{"@id":"https:\/\/chacrys.com\/hu\/#\/schema\/logo\/image\/"},"sameAs":["https:\/\/www.facebook.com\/chacryscrystal","https:\/\/www.instagram.com\/chacrys\/","https:\/\/www.pinterest.com\/chacryscrystalbed\/","https:\/\/www.youtube.com\/@chacrysofficial9667"]}]}},"_links":{"self":[{"href":"https:\/\/chacrys.com\/hu\/wp-json\/wp\/v2\/pages\/33596","targetHints":{"allow":["GET"]}}],"collection":[{"href":"https:\/\/chacrys.com\/hu\/wp-json\/wp\/v2\/pages"}],"about":[{"href":"https:\/\/chacrys.com\/hu\/wp-json\/wp\/v2\/types\/page"}],"author":[{"embeddable":true,"href":"https:\/\/chacrys.com\/hu\/wp-json\/wp\/v2\/users\/1"}],"replies":[{"embeddable":true,"href":"https:\/\/chacrys.com\/hu\/wp-json\/wp\/v2\/comments?post=33596"}],"version-history":[{"count":0,"href":"https:\/\/chacrys.com\/hu\/wp-json\/wp\/v2\/pages\/33596\/revisions"}],"up":[{"embeddable":true,"href":"https:\/\/chacrys.com\/hu\/wp-json\/wp\/v2\/pages\/33019"}],"wp:attachment":[{"href":"https:\/\/chacrys.com\/hu\/wp-json\/wp\/v2\/media?parent=33596"}],"curies":[{"name":"wp","href":"https:\/\/api.w.org\/{rel}","templated":true}]}}