{"id":33583,"date":"2025-07-06T16:34:38","date_gmt":"2025-07-06T16:34:38","guid":{"rendered":"https:\/\/chacrys.com\/kristalyok\/hematit-kristaly-jelentese-elonyei-gyogyito-tulajdonsagai-es-hasznalata\/"},"modified":"2025-07-06T16:34:38","modified_gmt":"2025-07-06T16:34:38","slug":"hematit-kristaly-jelentese-elonyei-gyogyito-tulajdonsagai-es-hasznalata","status":"publish","type":"page","link":"https:\/\/chacrys.com\/hu\/kristalyok\/hematit-kristaly-jelentese-elonyei-gyogyito-tulajdonsagai-es-hasznalata\/","title":{"rendered":"Hematit krist\u00e1ly &#8211; jelent\u00e9se, el\u0151nyei, gy\u00f3gy\u00edt\u00f3 tulajdons\u00e1gai \u00e9s haszn\u00e1lata"},"content":{"rendered":"<h2 style=\"font-size:28px\">Mi az a hematit?<\/h2>\n<div style=\"font-size:22px\">A hematit a bolyg\u00f3 vasv\u00e1za, amely \u00e1tbukkan az \u00fcled\u00e9kr\u00e9tegen. Amikor a vasban gazdag folyad\u00e9kok leh\u0171lnek, f\u00e9msz\u00fcrke lemezekk\u00e9 krist\u00e1lyosodnak, amelyek \u00fagy n\u00e9zhetnek ki, mint egym\u00e1sra rakott tet\u0151cserepek vagy sug\u00e1rz\u00f3 &#8222;vasr\u00f3zs\u00e1k&#8221;. Ha az egyiket elt\u00f6rj\u00fck, a cs\u00edk \u00e9l\u00e9nkv\u00f6r\u00f6s lesz &#8211; innen ered a g\u00f6r\u00f6g haima, v\u00e9r sz\u00f3b\u00f3l sz\u00e1rmaz\u00f3 neve. Csiszolva olyan, mint a szat\u00e9nsima ac\u00e9l, m\u00e9gis csak Mohs-f\u00e9le 5\u00bd-6\u00bd; a s\u0171r\u0171s\u00e9g, nem pedig a kem\u00e9nys\u00e9g adja azt a megnyugtat\u00f3 s\u00falyt, amely arra eml\u00e9keztet, hogy a gravit\u00e1ci\u00f3 m\u00e9g mindig szolg\u00e1latban van.   <\/div>\n<h2 style=\"font-size:28px\">A hematit el\u0151nyei<\/h2>\n<div style=\"font-size:22px\">A felhaszn\u00e1l\u00f3k a hematitot a frenetikus gondolatok meggy\u00f6kereztet\u00e9s\u00e9re haszn\u00e1lj\u00e1k; egyesek a ment\u00e1lis ballaszt lees\u00e9s\u00e9nek \u00e9rz\u00e9s\u00e9t \u00edrj\u00e1k le, ami stabiliz\u00e1lja az \u00e9rzelmi p\u00e1ly\u00e1t \u00e9s a g\u00f6rd\u00fcl\u00e9st. A jelentett el\u0151ny\u00f6k k\u00f6z\u00e9 tartozik a tiszt\u00e1bb alv\u00e1si ciklus, kevesebb k\u00e9perny\u0151id\u0151-sz\u00e9d\u00fcl\u00e9s, \u00e9s a tudatalatti a pragmatikus \u00fctemez\u00e9s fel\u00e9 val\u00f3 elmozdul\u00e1s. A k\u0151 egy \u00fcgyes szalontr\u00fckk\u00f6t is bemutat: d\u00f6rzs\u00f6lj\u00fcnk \u00f6ssze k\u00e9t darabot, \u00e9s halv\u00e1ny skarl\u00e1tv\u00f6r\u00f6s foltot hagy maga ut\u00e1n &#8211; ez f\u00f6ldi eml\u00e9keztet\u0151 arra, hogy a vas egyszerre csillagkov\u00e1cs \u00e9s emberi hemoglobin. A folkl\u00f3r a m\u00e9regtelen\u00edt\u00e9st \u00e9s a &#8222;v\u00e9rtiszt\u00edt\u00e1st&#8221; tulajdon\u00edtja neki, a fiziol\u00f3gusok m\u00e9gis ragaszkodnak a kiegyens\u00falyozott \u00e9trendhez \u00e9s az orvosi ell\u00e1t\u00e1shoz.   <\/div>\n<h2 style=\"font-size:28px\"><span data-sheets-root=\"1\">Hogyan haszn\u00e1ljuk a hematitot?<\/span><\/h2>\n<div style=\"font-size:22px\">Tarts a h\u00e1tizs\u00e1kodban egy teny\u00e9rk\u00f6vet; valah\u00e1nyszor a telefonodat hal\u00e1szod, a k\u0151 s\u00falyos hidegs\u00e9ge finoman megk\u00e9rdezi: &#8222;Kell vagy szok\u00e1s?&#8221;. Helyezzen k\u00e9t darabot a bej\u00e1rati ajt\u00f3hoz &#8211; \u00e9rintse meg \u0151ket t\u00e1voz\u00e1s el\u0151tt \u00e9s visszat\u00e9r\u00e9skor, hogy az utcai ny\u00fczsg\u00e9sb\u0151l vissza\u00e1lljon az otthoni temp\u00f3. Azok az \u00edr\u00f3k, akik absztrakt ny\u00fal\u00fcregekbe mer\u00fclnek, a nem domin\u00e1ns kez\u00fcket egy hematitlapra t\u00e1maszthatj\u00e1k; a f\u00e9mszer\u0171 fel\u00fclet lehorgonyozza \u0151ket a k\u00e9zzelfoghat\u00f3 bekezd\u00e9sbe, amelyet \u00e9ppen alkotnak.  <\/div>\n<h2 style=\"font-size:28px\">A hematit gy\u00f3gy\u00edt\u00f3 tulajdons\u00e1gai<\/h2>\n<div style=\"font-size:22px\">Sz\u00edn: pisztolymet\u00e1l sz\u00fcrk\u00e9t\u0151l a t\u00fck\u00f6r-ez\u00fcstig; bels\u0151 cs\u00edk rozsdav\u00f6r\u00f6s. \u00d6sszet\u00e9tel: \u03b1-Fe\u2082O\u2083. A braz\u00edliai Minas Geraisb\u00f3l, a Fels\u0151-t\u00f3 medenc\u00e9j\u00e9b\u0151l \u00e9s a d\u00e9l-afrikai Highveldb\u0151l sz\u00e1rmaz\u00f3 s\u00e1vos vask\u00e9pz\u0151dm\u00e9nyekben tal\u00e1lhat\u00f3. Gyakorl\u00f3k r\u00f6vid\u00edt\u00e9se: m\u00e1gneses tart\u00e1s, pragmatikus b\u00e1tors\u00e1g, szomatikus f\u00f6ldel\u00e9s.   <\/div>\n<h2 style=\"font-size:28px\"><span data-sheets-root=\"1\">Hematit tiszt\u00edt\u00e1s \u00e9s karbantart\u00e1s<\/span><\/h2>\n<div style=\"font-size:22px\">V\u00edz\u00e1ll\u00f3, de mattra sz\u00e1rad &#8211; \u00f6bl\u00edt\u00e9s ut\u00e1n puha vatt\u00e1val kif\u00e9nyes\u00edthet\u0151. Ker\u00fclje a s\u00f3t vagy a savakat; ezek g\u00f6dr\u00f6s\u00edtik a fel\u00fcletet. Az energetikai lerak\u00f3d\u00e1sok elt\u00fcntet\u00e9s\u00e9hez \u00e1ll\u00edtsa es\u0151z\u00e9s k\u00f6zben az ablakp\u00e1rk\u00e1nyra; a negat\u00edv ionok \u00e1t\u00fctnek az \u00fcvegen an\u00e9lk\u00fcl, hogy \u00e1titatn\u00e1k a k\u00f6vet. Tartsa k\u00fcl\u00f6n a puh\u00e1bb kalcitokt\u00f3l &#8211; a hematit s\u00falya megz\u00fazhatja a t\u00f6r\u00e9keny szomsz\u00e9dokat.   <\/div>\n","protected":false},"excerpt":{"rendered":"<p>Mi az a hematit? A hematit a bolyg\u00f3 vasv\u00e1za, amely \u00e1tbukkan az \u00fcled\u00e9kr\u00e9tegen. Amikor a vasban gazdag folyad\u00e9kok leh\u0171lnek, f\u00e9msz\u00fcrke<\/p>\n","protected":false},"author":1,"featured_media":0,"parent":33019,"menu_order":0,"comment_status":"closed","ping_status":"closed","template":"","meta":{"footnotes":""},"class_list":["post-33583","page","type-page","status-publish","hentry"],"yoast_head":"<!-- This site is optimized with the Yoast SEO plugin v27.4 - https:\/\/yoast.com\/product\/yoast-seo-wordpress\/ -->\n<title>Hematit krist\u00e1ly - jelent\u00e9se, el\u0151nyei, gy\u00f3gy\u00edt\u00f3 tulajdons\u00e1gai \u00e9s haszn\u00e1lata - Chacrys<\/title>\n<meta name=\"robots\" content=\"index, follow, max-snippet:-1, max-image-preview:large, max-video-preview:-1\" \/>\n<link rel=\"canonical\" href=\"https:\/\/chacrys.com\/hu\/kristalyok\/hematit-kristaly-jelentese-elonyei-gyogyito-tulajdonsagai-es-hasznalata\/\" \/>\n<meta property=\"og:locale\" content=\"hu_HU\" \/>\n<meta property=\"og:type\" content=\"article\" \/>\n<meta property=\"og:title\" content=\"Hematit krist\u00e1ly - jelent\u00e9se, el\u0151nyei, gy\u00f3gy\u00edt\u00f3 tulajdons\u00e1gai \u00e9s haszn\u00e1lata - Chacrys\" \/>\n<meta property=\"og:description\" content=\"Mi az a hematit? A hematit a bolyg\u00f3 vasv\u00e1za, amely \u00e1tbukkan az \u00fcled\u00e9kr\u00e9tegen. Amikor a vasban gazdag folyad\u00e9kok leh\u0171lnek, f\u00e9msz\u00fcrke\" \/>\n<meta property=\"og:url\" content=\"https:\/\/chacrys.com\/hu\/kristalyok\/hematit-kristaly-jelentese-elonyei-gyogyito-tulajdonsagai-es-hasznalata\/\" \/>\n<meta property=\"og:site_name\" content=\"Chacrys\" \/>\n<meta property=\"article:publisher\" content=\"https:\/\/www.facebook.com\/chacryscrystal\" \/>\n<meta name=\"twitter:card\" content=\"summary_large_image\" \/>\n<meta name=\"twitter:label1\" content=\"Becs\u00fclt olvas\u00e1si id\u0151\" \/>\n\t<meta name=\"twitter:data1\" content=\"3 perc\" \/>\n<script type=\"application\/ld+json\" class=\"yoast-schema-graph\">{\"@context\":\"https:\\\/\\\/schema.org\",\"@graph\":[{\"@type\":\"WebPage\",\"@id\":\"https:\\\/\\\/chacrys.com\\\/hu\\\/kristalyok\\\/hematit-kristaly-jelentese-elonyei-gyogyito-tulajdonsagai-es-hasznalata\\\/\",\"url\":\"https:\\\/\\\/chacrys.com\\\/hu\\\/kristalyok\\\/hematit-kristaly-jelentese-elonyei-gyogyito-tulajdonsagai-es-hasznalata\\\/\",\"name\":\"Hematit krist\u00e1ly - jelent\u00e9se, el\u0151nyei, gy\u00f3gy\u00edt\u00f3 tulajdons\u00e1gai \u00e9s haszn\u00e1lata - Chacrys\",\"isPartOf\":{\"@id\":\"https:\\\/\\\/chacrys.com\\\/hu\\\/#website\"},\"datePublished\":\"2025-07-06T16:34:38+00:00\",\"breadcrumb\":{\"@id\":\"https:\\\/\\\/chacrys.com\\\/hu\\\/kristalyok\\\/hematit-kristaly-jelentese-elonyei-gyogyito-tulajdonsagai-es-hasznalata\\\/#breadcrumb\"},\"inLanguage\":\"hu\",\"potentialAction\":[{\"@type\":\"ReadAction\",\"target\":[\"https:\\\/\\\/chacrys.com\\\/hu\\\/kristalyok\\\/hematit-kristaly-jelentese-elonyei-gyogyito-tulajdonsagai-es-hasznalata\\\/\"]}]},{\"@type\":\"BreadcrumbList\",\"@id\":\"https:\\\/\\\/chacrys.com\\\/hu\\\/kristalyok\\\/hematit-kristaly-jelentese-elonyei-gyogyito-tulajdonsagai-es-hasznalata\\\/#breadcrumb\",\"itemListElement\":[{\"@type\":\"ListItem\",\"position\":1,\"name\":\"Home\",\"item\":\"https:\\\/\\\/chacrys.com\\\/hu\\\/\"},{\"@type\":\"ListItem\",\"position\":2,\"name\":\"Krist\u00e1lyok\",\"item\":\"https:\\\/\\\/chacrys.com\\\/hu\\\/kristalyok\\\/\"},{\"@type\":\"ListItem\",\"position\":3,\"name\":\"Hematit krist\u00e1ly &#8211; jelent\u00e9se, el\u0151nyei, gy\u00f3gy\u00edt\u00f3 tulajdons\u00e1gai \u00e9s haszn\u00e1lata\"}]},{\"@type\":\"WebSite\",\"@id\":\"https:\\\/\\\/chacrys.com\\\/hu\\\/#website\",\"url\":\"https:\\\/\\\/chacrys.com\\\/hu\\\/\",\"name\":\"Chacrys\",\"description\":\"Chacrys\",\"publisher\":{\"@id\":\"https:\\\/\\\/chacrys.com\\\/hu\\\/#organization\"},\"potentialAction\":[{\"@type\":\"SearchAction\",\"target\":{\"@type\":\"EntryPoint\",\"urlTemplate\":\"https:\\\/\\\/chacrys.com\\\/hu\\\/?s={search_term_string}\"},\"query-input\":{\"@type\":\"PropertyValueSpecification\",\"valueRequired\":true,\"valueName\":\"search_term_string\"}}],\"inLanguage\":\"hu\"},{\"@type\":\"Organization\",\"@id\":\"https:\\\/\\\/chacrys.com\\\/hu\\\/#organization\",\"name\":\"Chacrys\",\"url\":\"https:\\\/\\\/chacrys.com\\\/hu\\\/\",\"logo\":{\"@type\":\"ImageObject\",\"inLanguage\":\"hu\",\"@id\":\"https:\\\/\\\/chacrys.com\\\/hu\\\/#\\\/schema\\\/logo\\\/image\\\/\",\"url\":\"https:\\\/\\\/chacrys.com\\\/wp-content\\\/uploads\\\/2024\\\/11\\\/cropped-FRANJULIA-6.png\",\"contentUrl\":\"https:\\\/\\\/chacrys.com\\\/wp-content\\\/uploads\\\/2024\\\/11\\\/cropped-FRANJULIA-6.png\",\"width\":512,\"height\":512,\"caption\":\"Chacrys\"},\"image\":{\"@id\":\"https:\\\/\\\/chacrys.com\\\/hu\\\/#\\\/schema\\\/logo\\\/image\\\/\"},\"sameAs\":[\"https:\\\/\\\/www.facebook.com\\\/chacryscrystal\",\"https:\\\/\\\/www.instagram.com\\\/chacrys\\\/\",\"https:\\\/\\\/www.pinterest.com\\\/chacryscrystalbed\\\/\",\"https:\\\/\\\/www.youtube.com\\\/@chacrysofficial9667\"]}]}<\/script>\n<!-- \/ Yoast SEO plugin. -->","yoast_head_json":{"title":"Hematit krist\u00e1ly - jelent\u00e9se, el\u0151nyei, gy\u00f3gy\u00edt\u00f3 tulajdons\u00e1gai \u00e9s haszn\u00e1lata - Chacrys","robots":{"index":"index","follow":"follow","max-snippet":"max-snippet:-1","max-image-preview":"max-image-preview:large","max-video-preview":"max-video-preview:-1"},"canonical":"https:\/\/chacrys.com\/hu\/kristalyok\/hematit-kristaly-jelentese-elonyei-gyogyito-tulajdonsagai-es-hasznalata\/","og_locale":"hu_HU","og_type":"article","og_title":"Hematit krist\u00e1ly - jelent\u00e9se, el\u0151nyei, gy\u00f3gy\u00edt\u00f3 tulajdons\u00e1gai \u00e9s haszn\u00e1lata - Chacrys","og_description":"Mi az a hematit? A hematit a bolyg\u00f3 vasv\u00e1za, amely \u00e1tbukkan az \u00fcled\u00e9kr\u00e9tegen. Amikor a vasban gazdag folyad\u00e9kok leh\u0171lnek, f\u00e9msz\u00fcrke","og_url":"https:\/\/chacrys.com\/hu\/kristalyok\/hematit-kristaly-jelentese-elonyei-gyogyito-tulajdonsagai-es-hasznalata\/","og_site_name":"Chacrys","article_publisher":"https:\/\/www.facebook.com\/chacryscrystal","twitter_card":"summary_large_image","twitter_misc":{"Becs\u00fclt olvas\u00e1si id\u0151":"3 perc"},"schema":{"@context":"https:\/\/schema.org","@graph":[{"@type":"WebPage","@id":"https:\/\/chacrys.com\/hu\/kristalyok\/hematit-kristaly-jelentese-elonyei-gyogyito-tulajdonsagai-es-hasznalata\/","url":"https:\/\/chacrys.com\/hu\/kristalyok\/hematit-kristaly-jelentese-elonyei-gyogyito-tulajdonsagai-es-hasznalata\/","name":"Hematit krist\u00e1ly - jelent\u00e9se, el\u0151nyei, gy\u00f3gy\u00edt\u00f3 tulajdons\u00e1gai \u00e9s haszn\u00e1lata - Chacrys","isPartOf":{"@id":"https:\/\/chacrys.com\/hu\/#website"},"datePublished":"2025-07-06T16:34:38+00:00","breadcrumb":{"@id":"https:\/\/chacrys.com\/hu\/kristalyok\/hematit-kristaly-jelentese-elonyei-gyogyito-tulajdonsagai-es-hasznalata\/#breadcrumb"},"inLanguage":"hu","potentialAction":[{"@type":"ReadAction","target":["https:\/\/chacrys.com\/hu\/kristalyok\/hematit-kristaly-jelentese-elonyei-gyogyito-tulajdonsagai-es-hasznalata\/"]}]},{"@type":"BreadcrumbList","@id":"https:\/\/chacrys.com\/hu\/kristalyok\/hematit-kristaly-jelentese-elonyei-gyogyito-tulajdonsagai-es-hasznalata\/#breadcrumb","itemListElement":[{"@type":"ListItem","position":1,"name":"Home","item":"https:\/\/chacrys.com\/hu\/"},{"@type":"ListItem","position":2,"name":"Krist\u00e1lyok","item":"https:\/\/chacrys.com\/hu\/kristalyok\/"},{"@type":"ListItem","position":3,"name":"Hematit krist\u00e1ly &#8211; jelent\u00e9se, el\u0151nyei, gy\u00f3gy\u00edt\u00f3 tulajdons\u00e1gai \u00e9s haszn\u00e1lata"}]},{"@type":"WebSite","@id":"https:\/\/chacrys.com\/hu\/#website","url":"https:\/\/chacrys.com\/hu\/","name":"Chacrys","description":"Chacrys","publisher":{"@id":"https:\/\/chacrys.com\/hu\/#organization"},"potentialAction":[{"@type":"SearchAction","target":{"@type":"EntryPoint","urlTemplate":"https:\/\/chacrys.com\/hu\/?s={search_term_string}"},"query-input":{"@type":"PropertyValueSpecification","valueRequired":true,"valueName":"search_term_string"}}],"inLanguage":"hu"},{"@type":"Organization","@id":"https:\/\/chacrys.com\/hu\/#organization","name":"Chacrys","url":"https:\/\/chacrys.com\/hu\/","logo":{"@type":"ImageObject","inLanguage":"hu","@id":"https:\/\/chacrys.com\/hu\/#\/schema\/logo\/image\/","url":"https:\/\/chacrys.com\/wp-content\/uploads\/2024\/11\/cropped-FRANJULIA-6.png","contentUrl":"https:\/\/chacrys.com\/wp-content\/uploads\/2024\/11\/cropped-FRANJULIA-6.png","width":512,"height":512,"caption":"Chacrys"},"image":{"@id":"https:\/\/chacrys.com\/hu\/#\/schema\/logo\/image\/"},"sameAs":["https:\/\/www.facebook.com\/chacryscrystal","https:\/\/www.instagram.com\/chacrys\/","https:\/\/www.pinterest.com\/chacryscrystalbed\/","https:\/\/www.youtube.com\/@chacrysofficial9667"]}]}},"_links":{"self":[{"href":"https:\/\/chacrys.com\/hu\/wp-json\/wp\/v2\/pages\/33583","targetHints":{"allow":["GET"]}}],"collection":[{"href":"https:\/\/chacrys.com\/hu\/wp-json\/wp\/v2\/pages"}],"about":[{"href":"https:\/\/chacrys.com\/hu\/wp-json\/wp\/v2\/types\/page"}],"author":[{"embeddable":true,"href":"https:\/\/chacrys.com\/hu\/wp-json\/wp\/v2\/users\/1"}],"replies":[{"embeddable":true,"href":"https:\/\/chacrys.com\/hu\/wp-json\/wp\/v2\/comments?post=33583"}],"version-history":[{"count":0,"href":"https:\/\/chacrys.com\/hu\/wp-json\/wp\/v2\/pages\/33583\/revisions"}],"up":[{"embeddable":true,"href":"https:\/\/chacrys.com\/hu\/wp-json\/wp\/v2\/pages\/33019"}],"wp:attachment":[{"href":"https:\/\/chacrys.com\/hu\/wp-json\/wp\/v2\/media?parent=33583"}],"curies":[{"name":"wp","href":"https:\/\/api.w.org\/{rel}","templated":true}]}}