{"id":33574,"date":"2025-07-06T16:36:07","date_gmt":"2025-07-06T16:36:07","guid":{"rendered":"https:\/\/chacrys.com\/kristalyok\/lepidolit-kristaly-kristaly-jelentese-elonyei-gyogyito-tulajdonsagai-es-hasznalata\/"},"modified":"2025-07-06T16:36:07","modified_gmt":"2025-07-06T16:36:07","slug":"lepidolit-kristaly-kristaly-jelentese-elonyei-gyogyito-tulajdonsagai-es-hasznalata","status":"publish","type":"page","link":"https:\/\/chacrys.com\/hu\/kristalyok\/lepidolit-kristaly-kristaly-jelentese-elonyei-gyogyito-tulajdonsagai-es-hasznalata\/","title":{"rendered":"Lepidolit krist\u00e1ly krist\u00e1ly &#8211; jelent\u00e9se, el\u0151nyei, gy\u00f3gy\u00edt\u00f3 tulajdons\u00e1gai \u00e9s haszn\u00e1lata"},"content":{"rendered":"<h2 style=\"font-size:28px\">Mi az a Lepidolit krist\u00e1ly?<\/h2>\n<div style=\"font-size:22px\">A lepidolit lil\u00e1s alkonyatkrist\u00e1lyos, finom l\u00edtium csill\u00e1mpelyhekkel csillog, amelyek \u00fagy csillognak, mint a sz\u0151l\u0151h\u00e9jon a cukor. Gyakran k\u00e9pz\u0151dik gr\u00e1nit pegmatitokban, turmalin \u00e9s f\u00fcst\u00f6s kvarc mellett, levendulasz\u00edn\u0171 \u00e1rnyalat\u00e1t a mang\u00e1n nyomainak k\u00f6sz\u00f6nheti. Ha kiss\u00e9 megroppantjuk, v\u00e9kony lapok v\u00e1lnak le r\u00f3la &#8211; a &#8222;pikkely&#8221; g\u00f6r\u00f6g\u00fcl &#8222;pikkelyt&#8221; jelent -, \u00e9s felt\u00e1rul a szat\u00e9nos aljzat. Kem\u00e9nys\u00e9ge szer\u00e9ny 2\u00bd-3, \u00edgy a k\u00f6r\u00f6m behorpadhat, de a k\u0151 selymes fel\u00fclete m\u00e9gis \u00e9rint\u00e9sre h\u00edvogat.   <\/div>\n<h2 style=\"font-size:28px\">A Lepidolit krist\u00e1ly el\u0151nyei<\/h2>\n<div style=\"font-size:22px\">St\u00fadi\u00f3 vignetta: Egy Farida nev\u0171, \u00e9jszakai m\u0171szakban l\u00e9v\u0151 intenz\u00edv oszt\u00e1lyos n\u0151v\u00e9r egy lepidolit p\u00e1lmak\u00f6vet tartott a m\u0171t\u00e9ti zseb\u00e9ben. Amikor a riaszt\u00e1sok megsz\u00f3laltak, \u00e9s az adrenalin szintje megugrott, megmarkolta a h\u0171v\u00f6s csill\u00e1mot, \u00e9s hagyta, hogy levendulasz\u00edn\u0171 csillog\u00e1sa eml\u00e9keztesse arra, hogy lassabban l\u00e9legezzen, mint a k\u00f6r\u00fcl\u00f6tte l\u00e9v\u0151 k\u00e1osz. N\u00e9h\u00e1ny h\u00e9t alatt kevesebb fesz\u00fclts\u00e9g okozta fejf\u00e1j\u00e1st vett \u00e9szre, \u00e9s k\u00f6nnyebben t\u00e9rt \u00e1t a nappali alv\u00e1sra. Ak\u00e1r a l\u00edtiumionok sziv\u00e1rogtatj\u00e1k ki a mikronyugalmat, ak\u00e1r a k\u0151 egyszer\u0171en csak sorba \u00e1ll\u00edtja a figyelmes l\u00e9legzetv\u00e9teleket, a ritu\u00e1l\u00e9 sz\u00e1m\u00edtott. Sok felhaszn\u00e1l\u00f3 hasonl\u00f3 t\u00f6rt\u00e9neteket mes\u00e9l: ment\u00e1lis statikuss\u00e1gt\u00f3l val\u00f3 megszabadul\u00e1s, l\u00e1gyabb \u00f6nbesz\u00e9d, \u00e9s a b\u00e1tors\u00e1g, hogy este 9 \u00f3ra ut\u00e1n a telefont Ne zavarjanak funkci\u00f3ra kapcsolja.    <\/div>\n<h2 style=\"font-size:28px\"><span data-sheets-root=\"1\">Hogyan haszn\u00e1ljuk a Lepidolit krist\u00e1lyt?<\/span><\/h2>\n<div style=\"font-size:22px\">Tartson egy lapos szeletet a sz\u00edve f\u00f6l\u00e9, mik\u00f6zben es\u0151hangokat hallgat &#8211; minden kil\u00e9gz\u00e9sn\u00e9l k\u00e9pzelje el, ahogy az ibolyasz\u00edn\u0171 k\u00f6d a bord\u00e1kba s\u00fcllyed. Helyezzen forg\u00e1csot egy sz\u00f6vet szemmaszk belsej\u00e9be; a szemh\u00e9jakra nehezed\u0151 gyeng\u00e9d s\u00faly m\u00e9lyebb paraszimpatikus cseppent\u00e9sre \u00f6szt\u00f6n\u00f6z. A digit\u00e1lis dolgoz\u00f3k egy lepidolit szil\u00e1nkot ragaszthatnak a n\u00e9m\u00edt\u00f3 gombra: a n\u00e9m\u00edt\u00e1s felold\u00e1sa el\u0151tt meg\u00e9rintik a k\u00f6vet, \u00e9s tudatosan, nem v\u00e9dekezve v\u00e1lasztj\u00e1k meg a szavakat.  <\/div>\n<h2 style=\"font-size:28px\">A Lepidolit krist\u00e1ly gy\u00f3gy\u00edt\u00f3 tulajdons\u00e1gai<\/h2>\n<div style=\"font-size:22px\">Sz\u00ednpaletta: halv\u00e1ny lil\u00e1t\u00f3l a szilvasz\u00ednig, ez\u00fcst\u00f6s csill\u00e1mmal m\u00e1rv\u00e1nyozott. K\u00e9mia: K(Li,Al)\u2083(Si,Al)\u2084O\u2081\u2080(F,OH)\u2082. F\u0151bb k\u0151b\u00e1ny\u00e1k: Minas Gerais, Braz\u00edlia \u2219 \u00faj-mexik\u00f3i spodumen-\u00f6vek \u2219 zimbabwei Bikita-b\u00e1nya. Energetikai jelv\u00e9nyek: der\u0171s t\u00e1vols\u00e1gtart\u00e1s, idegrendszeri altat\u00f3dal, tech-felh\u0151 sz\u00f6vets\u00e9ges.   <\/div>\n<h2 style=\"font-size:28px\"><span data-sheets-root=\"1\">Lepidolit krist\u00e1ly tiszt\u00edt\u00e1sa \u00e9s karbantart\u00e1sa<\/span><\/h2>\n<div style=\"font-size:22px\">Tartsa sz\u00e1razon &#8211; a v\u00edz lepattogtatja a csill\u00e1mr\u00e9tegeket. Porolja puha kozmetikai ecsettel. T\u00f6lt\u0151dj\u00f6n fel egy levendul\u00e1s tasak tetej\u00e9n pihentetve \u00e9jszak\u00e1ra; a hozz\u00e1 ill\u0151 illat feler\u0151s\u00edti a nyugtat\u00f3 asszoci\u00e1ci\u00f3kat. A kem\u00e9nyebb k\u00f6vekt\u0151l elk\u00fcl\u00f6n\u00edtve t\u00e1rolja; a lepidolit gyorsabban karcol, mint ahogyan megnyugtat.   <\/div>\n","protected":false},"excerpt":{"rendered":"<p>Mi az a Lepidolit krist\u00e1ly? A lepidolit lil\u00e1s alkonyatkrist\u00e1lyos, finom l\u00edtium csill\u00e1mpelyhekkel csillog, amelyek \u00fagy csillognak, mint a sz\u0151l\u0151h\u00e9jon a<\/p>\n","protected":false},"author":1,"featured_media":0,"parent":33019,"menu_order":0,"comment_status":"closed","ping_status":"closed","template":"","meta":{"footnotes":""},"class_list":["post-33574","page","type-page","status-publish","hentry"],"yoast_head":"<!-- This site is optimized with the Yoast SEO plugin v27.5 - https:\/\/yoast.com\/product\/yoast-seo-wordpress\/ -->\n<title>Lepidolit krist\u00e1ly krist\u00e1ly - jelent\u00e9se, el\u0151nyei, gy\u00f3gy\u00edt\u00f3 tulajdons\u00e1gai \u00e9s haszn\u00e1lata - Chacrys<\/title>\n<meta name=\"robots\" content=\"index, follow, max-snippet:-1, max-image-preview:large, max-video-preview:-1\" \/>\n<link rel=\"canonical\" href=\"https:\/\/chacrys.com\/hu\/kristalyok\/lepidolit-kristaly-kristaly-jelentese-elonyei-gyogyito-tulajdonsagai-es-hasznalata\/\" \/>\n<meta property=\"og:locale\" content=\"hu_HU\" \/>\n<meta property=\"og:type\" content=\"article\" \/>\n<meta property=\"og:title\" content=\"Lepidolit krist\u00e1ly krist\u00e1ly - jelent\u00e9se, el\u0151nyei, gy\u00f3gy\u00edt\u00f3 tulajdons\u00e1gai \u00e9s haszn\u00e1lata - Chacrys\" \/>\n<meta property=\"og:description\" content=\"Mi az a Lepidolit krist\u00e1ly? A lepidolit lil\u00e1s alkonyatkrist\u00e1lyos, finom l\u00edtium csill\u00e1mpelyhekkel csillog, amelyek \u00fagy csillognak, mint a sz\u0151l\u0151h\u00e9jon a\" \/>\n<meta property=\"og:url\" content=\"https:\/\/chacrys.com\/hu\/kristalyok\/lepidolit-kristaly-kristaly-jelentese-elonyei-gyogyito-tulajdonsagai-es-hasznalata\/\" \/>\n<meta property=\"og:site_name\" content=\"Chacrys\" \/>\n<meta property=\"article:publisher\" content=\"https:\/\/www.facebook.com\/chacryscrystal\" \/>\n<meta name=\"twitter:card\" content=\"summary_large_image\" \/>\n<meta name=\"twitter:label1\" content=\"Becs\u00fclt olvas\u00e1si id\u0151\" \/>\n\t<meta name=\"twitter:data1\" content=\"3 perc\" \/>\n<script type=\"application\/ld+json\" class=\"yoast-schema-graph\">{\"@context\":\"https:\\\/\\\/schema.org\",\"@graph\":[{\"@type\":\"WebPage\",\"@id\":\"https:\\\/\\\/chacrys.com\\\/hu\\\/kristalyok\\\/lepidolit-kristaly-kristaly-jelentese-elonyei-gyogyito-tulajdonsagai-es-hasznalata\\\/\",\"url\":\"https:\\\/\\\/chacrys.com\\\/hu\\\/kristalyok\\\/lepidolit-kristaly-kristaly-jelentese-elonyei-gyogyito-tulajdonsagai-es-hasznalata\\\/\",\"name\":\"Lepidolit krist\u00e1ly krist\u00e1ly - jelent\u00e9se, el\u0151nyei, gy\u00f3gy\u00edt\u00f3 tulajdons\u00e1gai \u00e9s haszn\u00e1lata - Chacrys\",\"isPartOf\":{\"@id\":\"https:\\\/\\\/chacrys.com\\\/hu\\\/#website\"},\"datePublished\":\"2025-07-06T16:36:07+00:00\",\"breadcrumb\":{\"@id\":\"https:\\\/\\\/chacrys.com\\\/hu\\\/kristalyok\\\/lepidolit-kristaly-kristaly-jelentese-elonyei-gyogyito-tulajdonsagai-es-hasznalata\\\/#breadcrumb\"},\"inLanguage\":\"hu\",\"potentialAction\":[{\"@type\":\"ReadAction\",\"target\":[\"https:\\\/\\\/chacrys.com\\\/hu\\\/kristalyok\\\/lepidolit-kristaly-kristaly-jelentese-elonyei-gyogyito-tulajdonsagai-es-hasznalata\\\/\"]}]},{\"@type\":\"BreadcrumbList\",\"@id\":\"https:\\\/\\\/chacrys.com\\\/hu\\\/kristalyok\\\/lepidolit-kristaly-kristaly-jelentese-elonyei-gyogyito-tulajdonsagai-es-hasznalata\\\/#breadcrumb\",\"itemListElement\":[{\"@type\":\"ListItem\",\"position\":1,\"name\":\"Home\",\"item\":\"https:\\\/\\\/chacrys.com\\\/hu\\\/\"},{\"@type\":\"ListItem\",\"position\":2,\"name\":\"Krist\u00e1lyok\",\"item\":\"https:\\\/\\\/chacrys.com\\\/hu\\\/kristalyok\\\/\"},{\"@type\":\"ListItem\",\"position\":3,\"name\":\"Lepidolit krist\u00e1ly krist\u00e1ly &#8211; jelent\u00e9se, el\u0151nyei, gy\u00f3gy\u00edt\u00f3 tulajdons\u00e1gai \u00e9s haszn\u00e1lata\"}]},{\"@type\":\"WebSite\",\"@id\":\"https:\\\/\\\/chacrys.com\\\/hu\\\/#website\",\"url\":\"https:\\\/\\\/chacrys.com\\\/hu\\\/\",\"name\":\"Chacrys\",\"description\":\"Chacrys\",\"publisher\":{\"@id\":\"https:\\\/\\\/chacrys.com\\\/hu\\\/#organization\"},\"potentialAction\":[{\"@type\":\"SearchAction\",\"target\":{\"@type\":\"EntryPoint\",\"urlTemplate\":\"https:\\\/\\\/chacrys.com\\\/hu\\\/?s={search_term_string}\"},\"query-input\":{\"@type\":\"PropertyValueSpecification\",\"valueRequired\":true,\"valueName\":\"search_term_string\"}}],\"inLanguage\":\"hu\"},{\"@type\":\"Organization\",\"@id\":\"https:\\\/\\\/chacrys.com\\\/hu\\\/#organization\",\"name\":\"Chacrys\",\"url\":\"https:\\\/\\\/chacrys.com\\\/hu\\\/\",\"logo\":{\"@type\":\"ImageObject\",\"inLanguage\":\"hu\",\"@id\":\"https:\\\/\\\/chacrys.com\\\/hu\\\/#\\\/schema\\\/logo\\\/image\\\/\",\"url\":\"https:\\\/\\\/chacrys.com\\\/wp-content\\\/uploads\\\/2024\\\/11\\\/cropped-FRANJULIA-6.png\",\"contentUrl\":\"https:\\\/\\\/chacrys.com\\\/wp-content\\\/uploads\\\/2024\\\/11\\\/cropped-FRANJULIA-6.png\",\"width\":512,\"height\":512,\"caption\":\"Chacrys\"},\"image\":{\"@id\":\"https:\\\/\\\/chacrys.com\\\/hu\\\/#\\\/schema\\\/logo\\\/image\\\/\"},\"sameAs\":[\"https:\\\/\\\/www.facebook.com\\\/chacryscrystal\",\"https:\\\/\\\/www.instagram.com\\\/chacrys\\\/\",\"https:\\\/\\\/www.pinterest.com\\\/chacryscrystalbed\\\/\",\"https:\\\/\\\/www.youtube.com\\\/@chacrysofficial9667\"]}]}<\/script>\n<!-- \/ Yoast SEO plugin. -->","yoast_head_json":{"title":"Lepidolit krist\u00e1ly krist\u00e1ly - jelent\u00e9se, el\u0151nyei, gy\u00f3gy\u00edt\u00f3 tulajdons\u00e1gai \u00e9s haszn\u00e1lata - Chacrys","robots":{"index":"index","follow":"follow","max-snippet":"max-snippet:-1","max-image-preview":"max-image-preview:large","max-video-preview":"max-video-preview:-1"},"canonical":"https:\/\/chacrys.com\/hu\/kristalyok\/lepidolit-kristaly-kristaly-jelentese-elonyei-gyogyito-tulajdonsagai-es-hasznalata\/","og_locale":"hu_HU","og_type":"article","og_title":"Lepidolit krist\u00e1ly krist\u00e1ly - jelent\u00e9se, el\u0151nyei, gy\u00f3gy\u00edt\u00f3 tulajdons\u00e1gai \u00e9s haszn\u00e1lata - Chacrys","og_description":"Mi az a Lepidolit krist\u00e1ly? A lepidolit lil\u00e1s alkonyatkrist\u00e1lyos, finom l\u00edtium csill\u00e1mpelyhekkel csillog, amelyek \u00fagy csillognak, mint a sz\u0151l\u0151h\u00e9jon a","og_url":"https:\/\/chacrys.com\/hu\/kristalyok\/lepidolit-kristaly-kristaly-jelentese-elonyei-gyogyito-tulajdonsagai-es-hasznalata\/","og_site_name":"Chacrys","article_publisher":"https:\/\/www.facebook.com\/chacryscrystal","twitter_card":"summary_large_image","twitter_misc":{"Becs\u00fclt olvas\u00e1si id\u0151":"3 perc"},"schema":{"@context":"https:\/\/schema.org","@graph":[{"@type":"WebPage","@id":"https:\/\/chacrys.com\/hu\/kristalyok\/lepidolit-kristaly-kristaly-jelentese-elonyei-gyogyito-tulajdonsagai-es-hasznalata\/","url":"https:\/\/chacrys.com\/hu\/kristalyok\/lepidolit-kristaly-kristaly-jelentese-elonyei-gyogyito-tulajdonsagai-es-hasznalata\/","name":"Lepidolit krist\u00e1ly krist\u00e1ly - jelent\u00e9se, el\u0151nyei, gy\u00f3gy\u00edt\u00f3 tulajdons\u00e1gai \u00e9s haszn\u00e1lata - Chacrys","isPartOf":{"@id":"https:\/\/chacrys.com\/hu\/#website"},"datePublished":"2025-07-06T16:36:07+00:00","breadcrumb":{"@id":"https:\/\/chacrys.com\/hu\/kristalyok\/lepidolit-kristaly-kristaly-jelentese-elonyei-gyogyito-tulajdonsagai-es-hasznalata\/#breadcrumb"},"inLanguage":"hu","potentialAction":[{"@type":"ReadAction","target":["https:\/\/chacrys.com\/hu\/kristalyok\/lepidolit-kristaly-kristaly-jelentese-elonyei-gyogyito-tulajdonsagai-es-hasznalata\/"]}]},{"@type":"BreadcrumbList","@id":"https:\/\/chacrys.com\/hu\/kristalyok\/lepidolit-kristaly-kristaly-jelentese-elonyei-gyogyito-tulajdonsagai-es-hasznalata\/#breadcrumb","itemListElement":[{"@type":"ListItem","position":1,"name":"Home","item":"https:\/\/chacrys.com\/hu\/"},{"@type":"ListItem","position":2,"name":"Krist\u00e1lyok","item":"https:\/\/chacrys.com\/hu\/kristalyok\/"},{"@type":"ListItem","position":3,"name":"Lepidolit krist\u00e1ly krist\u00e1ly &#8211; jelent\u00e9se, el\u0151nyei, gy\u00f3gy\u00edt\u00f3 tulajdons\u00e1gai \u00e9s haszn\u00e1lata"}]},{"@type":"WebSite","@id":"https:\/\/chacrys.com\/hu\/#website","url":"https:\/\/chacrys.com\/hu\/","name":"Chacrys","description":"Chacrys","publisher":{"@id":"https:\/\/chacrys.com\/hu\/#organization"},"potentialAction":[{"@type":"SearchAction","target":{"@type":"EntryPoint","urlTemplate":"https:\/\/chacrys.com\/hu\/?s={search_term_string}"},"query-input":{"@type":"PropertyValueSpecification","valueRequired":true,"valueName":"search_term_string"}}],"inLanguage":"hu"},{"@type":"Organization","@id":"https:\/\/chacrys.com\/hu\/#organization","name":"Chacrys","url":"https:\/\/chacrys.com\/hu\/","logo":{"@type":"ImageObject","inLanguage":"hu","@id":"https:\/\/chacrys.com\/hu\/#\/schema\/logo\/image\/","url":"https:\/\/chacrys.com\/wp-content\/uploads\/2024\/11\/cropped-FRANJULIA-6.png","contentUrl":"https:\/\/chacrys.com\/wp-content\/uploads\/2024\/11\/cropped-FRANJULIA-6.png","width":512,"height":512,"caption":"Chacrys"},"image":{"@id":"https:\/\/chacrys.com\/hu\/#\/schema\/logo\/image\/"},"sameAs":["https:\/\/www.facebook.com\/chacryscrystal","https:\/\/www.instagram.com\/chacrys\/","https:\/\/www.pinterest.com\/chacryscrystalbed\/","https:\/\/www.youtube.com\/@chacrysofficial9667"]}]}},"_links":{"self":[{"href":"https:\/\/chacrys.com\/hu\/wp-json\/wp\/v2\/pages\/33574","targetHints":{"allow":["GET"]}}],"collection":[{"href":"https:\/\/chacrys.com\/hu\/wp-json\/wp\/v2\/pages"}],"about":[{"href":"https:\/\/chacrys.com\/hu\/wp-json\/wp\/v2\/types\/page"}],"author":[{"embeddable":true,"href":"https:\/\/chacrys.com\/hu\/wp-json\/wp\/v2\/users\/1"}],"replies":[{"embeddable":true,"href":"https:\/\/chacrys.com\/hu\/wp-json\/wp\/v2\/comments?post=33574"}],"version-history":[{"count":0,"href":"https:\/\/chacrys.com\/hu\/wp-json\/wp\/v2\/pages\/33574\/revisions"}],"up":[{"embeddable":true,"href":"https:\/\/chacrys.com\/hu\/wp-json\/wp\/v2\/pages\/33019"}],"wp:attachment":[{"href":"https:\/\/chacrys.com\/hu\/wp-json\/wp\/v2\/media?parent=33574"}],"curies":[{"name":"wp","href":"https:\/\/api.w.org\/{rel}","templated":true}]}}