{"id":33568,"date":"2025-07-06T16:36:07","date_gmt":"2025-07-06T16:36:07","guid":{"rendered":"https:\/\/chacrys.com\/kristalyok\/lemurian-seed-crystal-crystal-crystal-jelentese-elonyei-gyogyito-tulajdonsagai-es-hasznalata\/"},"modified":"2025-07-06T16:36:07","modified_gmt":"2025-07-06T16:36:07","slug":"lemurian-seed-crystal-crystal-crystal-jelentese-elonyei-gyogyito-tulajdonsagai-es-hasznalata","status":"publish","type":"page","link":"https:\/\/chacrys.com\/hu\/kristalyok\/lemurian-seed-crystal-crystal-crystal-jelentese-elonyei-gyogyito-tulajdonsagai-es-hasznalata\/","title":{"rendered":"Lemurian Seed Crystal Crystal Crystal &#8211; jelent\u00e9se, el\u0151nyei, gy\u00f3gy\u00edt\u00f3 tulajdons\u00e1gai \u00e9s haszn\u00e1lata"},"content":{"rendered":"<h2 style=\"font-size:28px\">Mi az a Lem\u00fariai Magkrist\u00e1ly?<\/h2>\n<div style=\"font-size:22px\">A lem\u00fariai magkrist\u00e1lyok tiszta kvarc p\u00e1lc\u00e1k, amelyekbe v\u00edzszintes l\u00e9tr\u00e1kat &#8211; n\u00f6veked\u00e9si vonalakat &#8211; v\u00e9stek, amelyek akkor keletkeztek, amikor a krist\u00e1ly sz\u00fcnetet tartott, \u00e1tcsoportosult \u00e9s \u00fajra n\u00f6vekedett a braz\u00edliai Serra do Cabralban. A n\u00e9phit szerint egy elt\u0171nt civiliz\u00e1ci\u00f3 \u00fczenetbotjai; a geol\u00f3gia egyszer\u0171en a szil\u00edcium-dioxid tel\u00edtetts\u00e9g\u00e9ben bek\u00f6vetkezett gyors v\u00e1ltoz\u00e1sokat jegyzi fel. A bar\u00e1zd\u00e1k \u00fagy fogj\u00e1k meg a f\u00e9nyt, mint a bakelit bar\u00e1zd\u00e1k, \u00e9s jellegzetes \u00e9rz\u00e9st keltenek az ujjbegyek alatt. Kem\u00e9nys\u00e9ge 7-es, de a v\u00e9gz\u0151d\u00e9sek finom l\u00e9zerpontokk\u00e1 v\u00e1lnak, amelyek leejt\u00e9skor elpattannak.   <\/div>\n<h2 style=\"font-size:28px\">A Lem\u00fariai Magkrist\u00e1ly el\u0151nyei<\/h2>\n<div style=\"font-size:22px\">A rajong\u00f3k &#8222;k\u00f6nyvt\u00e1ri let\u00f6lt\u00e9sekr\u0151l&#8221; besz\u00e9lnek, mik\u00f6zben ezeket a bar\u00e1zd\u00e1kat k\u00f6vetik: a felismer\u00e9sek rendezett csomagokban bukkannak fel, hirtelen d\u00e9j\u00e0-vu, amely a m\u00faltbeli tapasztalatokat a jelen probl\u00e9m\u00e1iba fonja vissza, \u00e9s a paradoxonokkal val\u00f3 sz\u00e9lesebb k\u00f6r\u0171 megbar\u00e1tkoz\u00e1s. Sokan besz\u00e1molnak arr\u00f3l is, hogy k\u00f6nnyebb a l\u00e9gz\u00e9s \u00fctemez\u00e9se &#8211; a h\u00fcvelykujj lecs\u00fasztat\u00e1sa minden egyes gerincen, term\u00e9szetesen bel\u00e9gz\u00e9senk\u00e9nt. Egyetlen laborat\u00f3rium sem m\u00e9rte az &#8222;\u00e9teri Wi-Fi-t&#8221;, m\u00e9gis az \u00e9rz\u00e9s + koncentr\u00e1lt l\u00e9gz\u00e9s k\u00e9zzelfoghat\u00f3 idegrendszeri v\u00e1ltoz\u00e1st jelent.  <\/div>\n<h2 style=\"font-size:28px\"><span data-sheets-root=\"1\">Hogyan haszn\u00e1ljuk a Lem\u00fariai Magkrist\u00e1lyt?<\/span><\/h2>\n<div style=\"font-size:22px\">A l\u00e9gz\u00e9ssel k\u00eds\u00e9rt medit\u00e1ci\u00f3hoz fogd meg a p\u00e1lc\u00e1t \u00fagy, hogy a h\u00fcvelykujjad kil\u00e9gz\u00e9senk\u00e9nt egy bar\u00e1zd\u00e1t, a mutat\u00f3ujjad pedig bel\u00e9gz\u00e9skor egy m\u00e1sikat sim\u00edt v\u00e9gig. A fejezetek sz\u00fcneteiben elakadt \u00edr\u00f3k a krist\u00e1lyt fel\u00e1ll\u00edthatj\u00e1k a billenty\u0171zet mell\u00e9; amikor az \u00f6tletek elakadnak, futtassa v\u00e9gig az egyik ujj\u00e1t a bar\u00e1zd\u00e1kon, hogy &#8222;g\u00f6rgesse&#8221; a k\u00f6vetkez\u0151 jelenetet. Az energiamunk\u00e1sok szeretnek h\u00e1rom lem\u00fariai krist\u00e1lyt a ter\u00e1pi\u00e1s asztal alatt elhelyezni &#8211; a hegyek a padl\u00f3deszk\u00e1k fel\u00e9 mutatnak -, hogy a fesz\u00fclts\u00e9get lefel\u00e9 terelj\u00e9k.  <\/div>\n<h2 style=\"font-size:28px\">A Lem\u00fariai Magkrist\u00e1ly gy\u00f3gy\u00edt\u00f3 tulajdons\u00e1gai<\/h2>\n<div style=\"font-size:22px\">Megjelen\u00e9s: v\u00edztiszta vagy halv\u00e1ny r\u00f3zsasz\u00edn\u0171, \u00f6sszet\u00e9veszthetetlen vonalk\u00f3d bar\u00e1zd\u00e1kkal; n\u00e9melyikben szellemfeh\u00e9r bels\u0151 fantomok vannak. K\u00e9mia: SiO\u2082. F\u0151bb lel\u0151helyek: Minas Gerais \u00e9s Bahia, Braz\u00edlia. Kulcsszavak: arch\u00edv betekint\u00e9s, f\u00e9nyl\u00e9tra, ritmikus l\u00e9legzetv\u00e9tel.   <\/div>\n<h2 style=\"font-size:28px\"><span data-sheets-root=\"1\">Lem\u00fariai magkrist\u00e1ly tiszt\u00edt\u00e1sa \u00e9s karbantart\u00e1sa<\/span><\/h2>\n<div style=\"font-size:22px\">Langyos v\u00edzben \u00f6bl\u00edtse ki &#8211; soha ne v\u00e1ltogassa forr\u00f3b\u00f3l hidegbe. Gondosan sz\u00e1r\u00edtsa meg, majd t\u00e1massza egy r\u00e9zt\u00e1lhoz a statikus t\u00f6lt\u00e9s levezet\u00e9s\u00e9hez. Korl\u00e1tozza a d\u00e9li naps\u00fct\u00e9st; a mikroreped\u00e9sek a h\u0151 hat\u00e1s\u00e1ra kisz\u00e9lesednek. T\u00e1rolja p\u00e1rn\u00e1zott cs\u00f6vekben, hogy a finom v\u00e9gz\u0151d\u00e9s s\u00e9rtetlen maradjon.   <\/div>\n","protected":false},"excerpt":{"rendered":"<p>Mi az a Lem\u00fariai Magkrist\u00e1ly? A lem\u00fariai magkrist\u00e1lyok tiszta kvarc p\u00e1lc\u00e1k, amelyekbe v\u00edzszintes l\u00e9tr\u00e1kat &#8211; n\u00f6veked\u00e9si vonalakat &#8211; v\u00e9stek, amelyek<\/p>\n","protected":false},"author":1,"featured_media":0,"parent":33019,"menu_order":0,"comment_status":"closed","ping_status":"closed","template":"","meta":{"footnotes":""},"class_list":["post-33568","page","type-page","status-publish","hentry"],"yoast_head":"<!-- This site is optimized with the Yoast SEO plugin v27.5 - https:\/\/yoast.com\/product\/yoast-seo-wordpress\/ -->\n<title>Lemurian Seed Crystal Crystal Crystal - jelent\u00e9se, el\u0151nyei, gy\u00f3gy\u00edt\u00f3 tulajdons\u00e1gai \u00e9s haszn\u00e1lata - Chacrys<\/title>\n<meta name=\"robots\" content=\"index, follow, max-snippet:-1, max-image-preview:large, max-video-preview:-1\" \/>\n<link rel=\"canonical\" href=\"https:\/\/chacrys.com\/hu\/kristalyok\/lemurian-seed-crystal-crystal-crystal-jelentese-elonyei-gyogyito-tulajdonsagai-es-hasznalata\/\" \/>\n<meta property=\"og:locale\" content=\"hu_HU\" \/>\n<meta property=\"og:type\" content=\"article\" \/>\n<meta property=\"og:title\" content=\"Lemurian Seed Crystal Crystal Crystal - jelent\u00e9se, el\u0151nyei, gy\u00f3gy\u00edt\u00f3 tulajdons\u00e1gai \u00e9s haszn\u00e1lata - Chacrys\" \/>\n<meta property=\"og:description\" content=\"Mi az a Lem\u00fariai Magkrist\u00e1ly? A lem\u00fariai magkrist\u00e1lyok tiszta kvarc p\u00e1lc\u00e1k, amelyekbe v\u00edzszintes l\u00e9tr\u00e1kat &#8211; n\u00f6veked\u00e9si vonalakat &#8211; v\u00e9stek, amelyek\" \/>\n<meta property=\"og:url\" content=\"https:\/\/chacrys.com\/hu\/kristalyok\/lemurian-seed-crystal-crystal-crystal-jelentese-elonyei-gyogyito-tulajdonsagai-es-hasznalata\/\" \/>\n<meta property=\"og:site_name\" content=\"Chacrys\" \/>\n<meta property=\"article:publisher\" content=\"https:\/\/www.facebook.com\/chacryscrystal\" \/>\n<meta name=\"twitter:card\" content=\"summary_large_image\" \/>\n<meta name=\"twitter:label1\" content=\"Becs\u00fclt olvas\u00e1si id\u0151\" \/>\n\t<meta name=\"twitter:data1\" content=\"3 perc\" \/>\n<script type=\"application\/ld+json\" class=\"yoast-schema-graph\">{\"@context\":\"https:\\\/\\\/schema.org\",\"@graph\":[{\"@type\":\"WebPage\",\"@id\":\"https:\\\/\\\/chacrys.com\\\/hu\\\/kristalyok\\\/lemurian-seed-crystal-crystal-crystal-jelentese-elonyei-gyogyito-tulajdonsagai-es-hasznalata\\\/\",\"url\":\"https:\\\/\\\/chacrys.com\\\/hu\\\/kristalyok\\\/lemurian-seed-crystal-crystal-crystal-jelentese-elonyei-gyogyito-tulajdonsagai-es-hasznalata\\\/\",\"name\":\"Lemurian Seed Crystal Crystal Crystal - jelent\u00e9se, el\u0151nyei, gy\u00f3gy\u00edt\u00f3 tulajdons\u00e1gai \u00e9s haszn\u00e1lata - Chacrys\",\"isPartOf\":{\"@id\":\"https:\\\/\\\/chacrys.com\\\/hu\\\/#website\"},\"datePublished\":\"2025-07-06T16:36:07+00:00\",\"breadcrumb\":{\"@id\":\"https:\\\/\\\/chacrys.com\\\/hu\\\/kristalyok\\\/lemurian-seed-crystal-crystal-crystal-jelentese-elonyei-gyogyito-tulajdonsagai-es-hasznalata\\\/#breadcrumb\"},\"inLanguage\":\"hu\",\"potentialAction\":[{\"@type\":\"ReadAction\",\"target\":[\"https:\\\/\\\/chacrys.com\\\/hu\\\/kristalyok\\\/lemurian-seed-crystal-crystal-crystal-jelentese-elonyei-gyogyito-tulajdonsagai-es-hasznalata\\\/\"]}]},{\"@type\":\"BreadcrumbList\",\"@id\":\"https:\\\/\\\/chacrys.com\\\/hu\\\/kristalyok\\\/lemurian-seed-crystal-crystal-crystal-jelentese-elonyei-gyogyito-tulajdonsagai-es-hasznalata\\\/#breadcrumb\",\"itemListElement\":[{\"@type\":\"ListItem\",\"position\":1,\"name\":\"Home\",\"item\":\"https:\\\/\\\/chacrys.com\\\/hu\\\/\"},{\"@type\":\"ListItem\",\"position\":2,\"name\":\"Krist\u00e1lyok\",\"item\":\"https:\\\/\\\/chacrys.com\\\/hu\\\/kristalyok\\\/\"},{\"@type\":\"ListItem\",\"position\":3,\"name\":\"Lemurian Seed Crystal Crystal Crystal &#8211; jelent\u00e9se, el\u0151nyei, gy\u00f3gy\u00edt\u00f3 tulajdons\u00e1gai \u00e9s haszn\u00e1lata\"}]},{\"@type\":\"WebSite\",\"@id\":\"https:\\\/\\\/chacrys.com\\\/hu\\\/#website\",\"url\":\"https:\\\/\\\/chacrys.com\\\/hu\\\/\",\"name\":\"Chacrys\",\"description\":\"Chacrys\",\"publisher\":{\"@id\":\"https:\\\/\\\/chacrys.com\\\/hu\\\/#organization\"},\"potentialAction\":[{\"@type\":\"SearchAction\",\"target\":{\"@type\":\"EntryPoint\",\"urlTemplate\":\"https:\\\/\\\/chacrys.com\\\/hu\\\/?s={search_term_string}\"},\"query-input\":{\"@type\":\"PropertyValueSpecification\",\"valueRequired\":true,\"valueName\":\"search_term_string\"}}],\"inLanguage\":\"hu\"},{\"@type\":\"Organization\",\"@id\":\"https:\\\/\\\/chacrys.com\\\/hu\\\/#organization\",\"name\":\"Chacrys\",\"url\":\"https:\\\/\\\/chacrys.com\\\/hu\\\/\",\"logo\":{\"@type\":\"ImageObject\",\"inLanguage\":\"hu\",\"@id\":\"https:\\\/\\\/chacrys.com\\\/hu\\\/#\\\/schema\\\/logo\\\/image\\\/\",\"url\":\"https:\\\/\\\/chacrys.com\\\/wp-content\\\/uploads\\\/2024\\\/11\\\/cropped-FRANJULIA-6.png\",\"contentUrl\":\"https:\\\/\\\/chacrys.com\\\/wp-content\\\/uploads\\\/2024\\\/11\\\/cropped-FRANJULIA-6.png\",\"width\":512,\"height\":512,\"caption\":\"Chacrys\"},\"image\":{\"@id\":\"https:\\\/\\\/chacrys.com\\\/hu\\\/#\\\/schema\\\/logo\\\/image\\\/\"},\"sameAs\":[\"https:\\\/\\\/www.facebook.com\\\/chacryscrystal\",\"https:\\\/\\\/www.instagram.com\\\/chacrys\\\/\",\"https:\\\/\\\/www.pinterest.com\\\/chacryscrystalbed\\\/\",\"https:\\\/\\\/www.youtube.com\\\/@chacrysofficial9667\"]}]}<\/script>\n<!-- \/ Yoast SEO plugin. -->","yoast_head_json":{"title":"Lemurian Seed Crystal Crystal Crystal - jelent\u00e9se, el\u0151nyei, gy\u00f3gy\u00edt\u00f3 tulajdons\u00e1gai \u00e9s haszn\u00e1lata - Chacrys","robots":{"index":"index","follow":"follow","max-snippet":"max-snippet:-1","max-image-preview":"max-image-preview:large","max-video-preview":"max-video-preview:-1"},"canonical":"https:\/\/chacrys.com\/hu\/kristalyok\/lemurian-seed-crystal-crystal-crystal-jelentese-elonyei-gyogyito-tulajdonsagai-es-hasznalata\/","og_locale":"hu_HU","og_type":"article","og_title":"Lemurian Seed Crystal Crystal Crystal - jelent\u00e9se, el\u0151nyei, gy\u00f3gy\u00edt\u00f3 tulajdons\u00e1gai \u00e9s haszn\u00e1lata - Chacrys","og_description":"Mi az a Lem\u00fariai Magkrist\u00e1ly? A lem\u00fariai magkrist\u00e1lyok tiszta kvarc p\u00e1lc\u00e1k, amelyekbe v\u00edzszintes l\u00e9tr\u00e1kat &#8211; n\u00f6veked\u00e9si vonalakat &#8211; v\u00e9stek, amelyek","og_url":"https:\/\/chacrys.com\/hu\/kristalyok\/lemurian-seed-crystal-crystal-crystal-jelentese-elonyei-gyogyito-tulajdonsagai-es-hasznalata\/","og_site_name":"Chacrys","article_publisher":"https:\/\/www.facebook.com\/chacryscrystal","twitter_card":"summary_large_image","twitter_misc":{"Becs\u00fclt olvas\u00e1si id\u0151":"3 perc"},"schema":{"@context":"https:\/\/schema.org","@graph":[{"@type":"WebPage","@id":"https:\/\/chacrys.com\/hu\/kristalyok\/lemurian-seed-crystal-crystal-crystal-jelentese-elonyei-gyogyito-tulajdonsagai-es-hasznalata\/","url":"https:\/\/chacrys.com\/hu\/kristalyok\/lemurian-seed-crystal-crystal-crystal-jelentese-elonyei-gyogyito-tulajdonsagai-es-hasznalata\/","name":"Lemurian Seed Crystal Crystal Crystal - jelent\u00e9se, el\u0151nyei, gy\u00f3gy\u00edt\u00f3 tulajdons\u00e1gai \u00e9s haszn\u00e1lata - Chacrys","isPartOf":{"@id":"https:\/\/chacrys.com\/hu\/#website"},"datePublished":"2025-07-06T16:36:07+00:00","breadcrumb":{"@id":"https:\/\/chacrys.com\/hu\/kristalyok\/lemurian-seed-crystal-crystal-crystal-jelentese-elonyei-gyogyito-tulajdonsagai-es-hasznalata\/#breadcrumb"},"inLanguage":"hu","potentialAction":[{"@type":"ReadAction","target":["https:\/\/chacrys.com\/hu\/kristalyok\/lemurian-seed-crystal-crystal-crystal-jelentese-elonyei-gyogyito-tulajdonsagai-es-hasznalata\/"]}]},{"@type":"BreadcrumbList","@id":"https:\/\/chacrys.com\/hu\/kristalyok\/lemurian-seed-crystal-crystal-crystal-jelentese-elonyei-gyogyito-tulajdonsagai-es-hasznalata\/#breadcrumb","itemListElement":[{"@type":"ListItem","position":1,"name":"Home","item":"https:\/\/chacrys.com\/hu\/"},{"@type":"ListItem","position":2,"name":"Krist\u00e1lyok","item":"https:\/\/chacrys.com\/hu\/kristalyok\/"},{"@type":"ListItem","position":3,"name":"Lemurian Seed Crystal Crystal Crystal &#8211; jelent\u00e9se, el\u0151nyei, gy\u00f3gy\u00edt\u00f3 tulajdons\u00e1gai \u00e9s haszn\u00e1lata"}]},{"@type":"WebSite","@id":"https:\/\/chacrys.com\/hu\/#website","url":"https:\/\/chacrys.com\/hu\/","name":"Chacrys","description":"Chacrys","publisher":{"@id":"https:\/\/chacrys.com\/hu\/#organization"},"potentialAction":[{"@type":"SearchAction","target":{"@type":"EntryPoint","urlTemplate":"https:\/\/chacrys.com\/hu\/?s={search_term_string}"},"query-input":{"@type":"PropertyValueSpecification","valueRequired":true,"valueName":"search_term_string"}}],"inLanguage":"hu"},{"@type":"Organization","@id":"https:\/\/chacrys.com\/hu\/#organization","name":"Chacrys","url":"https:\/\/chacrys.com\/hu\/","logo":{"@type":"ImageObject","inLanguage":"hu","@id":"https:\/\/chacrys.com\/hu\/#\/schema\/logo\/image\/","url":"https:\/\/chacrys.com\/wp-content\/uploads\/2024\/11\/cropped-FRANJULIA-6.png","contentUrl":"https:\/\/chacrys.com\/wp-content\/uploads\/2024\/11\/cropped-FRANJULIA-6.png","width":512,"height":512,"caption":"Chacrys"},"image":{"@id":"https:\/\/chacrys.com\/hu\/#\/schema\/logo\/image\/"},"sameAs":["https:\/\/www.facebook.com\/chacryscrystal","https:\/\/www.instagram.com\/chacrys\/","https:\/\/www.pinterest.com\/chacryscrystalbed\/","https:\/\/www.youtube.com\/@chacrysofficial9667"]}]}},"_links":{"self":[{"href":"https:\/\/chacrys.com\/hu\/wp-json\/wp\/v2\/pages\/33568","targetHints":{"allow":["GET"]}}],"collection":[{"href":"https:\/\/chacrys.com\/hu\/wp-json\/wp\/v2\/pages"}],"about":[{"href":"https:\/\/chacrys.com\/hu\/wp-json\/wp\/v2\/types\/page"}],"author":[{"embeddable":true,"href":"https:\/\/chacrys.com\/hu\/wp-json\/wp\/v2\/users\/1"}],"replies":[{"embeddable":true,"href":"https:\/\/chacrys.com\/hu\/wp-json\/wp\/v2\/comments?post=33568"}],"version-history":[{"count":0,"href":"https:\/\/chacrys.com\/hu\/wp-json\/wp\/v2\/pages\/33568\/revisions"}],"up":[{"embeddable":true,"href":"https:\/\/chacrys.com\/hu\/wp-json\/wp\/v2\/pages\/33019"}],"wp:attachment":[{"href":"https:\/\/chacrys.com\/hu\/wp-json\/wp\/v2\/media?parent=33568"}],"curies":[{"name":"wp","href":"https:\/\/api.w.org\/{rel}","templated":true}]}}