{"id":33564,"date":"2025-07-06T16:36:07","date_gmt":"2025-07-06T16:36:07","guid":{"rendered":"https:\/\/chacrys.com\/kristalyok\/lapis-lazuli-kristaly-jelentese-elonyei-gyogyito-tulajdonsagai-es-hasznalata\/"},"modified":"2025-07-06T16:36:07","modified_gmt":"2025-07-06T16:36:07","slug":"lapis-lazuli-kristaly-jelentese-elonyei-gyogyito-tulajdonsagai-es-hasznalata","status":"publish","type":"page","link":"https:\/\/chacrys.com\/hu\/kristalyok\/lapis-lazuli-kristaly-jelentese-elonyei-gyogyito-tulajdonsagai-es-hasznalata\/","title":{"rendered":"Lapis Lazuli krist\u00e1ly &#8211; jelent\u00e9se, el\u0151nyei, gy\u00f3gy\u00edt\u00f3 tulajdons\u00e1gai \u00e9s haszn\u00e1lata"},"content":{"rendered":"<h2 style=\"font-size:28px\">Mi az a lapis lazuli?<\/h2>\n<div style=\"font-size:22px\">A lapis lazuli k\u0151be z\u00fazott \u00e9jf\u00e9li \u00e9gbolt, piritcsillagokkal f\u0171szerezve. Geol\u00f3giailag egy metamorf k\u0151zet &#8211; f\u0151k\u00e9nt lazurit -, de kalcitf\u00e1tyolokkal \u00e9s f\u00e9mszer\u0171 piritp\u00f6tty\u00f6kkel tark\u00edtva. Az afganiszt\u00e1ni Badakhshan mes\u00e9s b\u00e1ny\u00e1i 6000 \u00e9ve termelnek kir\u00e1lyk\u00e9k szikl\u00e1kat, amelyeket karav\u00e1nutakon sz\u00e1ll\u00edtottak, ultramarinra \u0151r\u00f6ltek \u00e9s szkarabeuszpecs\u00e9teket pr\u00e9seltek bel\u0151l\u00fck. Nyers f\u00e9nyben tomp\u00e1nak t\u0171nhet; csiszolva szinte b\u00e1rsonyoss\u00e1 v\u00e1lik a k\u00e9k. A Mohs-sk\u00e1l\u00e1n 5-5\u00bd k\u00f6r\u00fcl mozog &#8211; el\u00e9g kem\u00e9ny az intarzi\u00e1hoz, el\u00e9g puha ahhoz, hogy egy \u00f3vatos k\u00e9ssel be lehessen karcolni.    <\/div>\n<h2 style=\"font-size:28px\">A Lapis Lazuli el\u0151nyei<\/h2>\n<div style=\"font-size:22px\">A gyakorl\u00f3k a lapishoz ny\u00falnak, amikor a besz\u00e9lget\u00e9sek sek\u00e9lyes fodroz\u00f3d\u00e1ss\u00e1 zsugorodnak. A jelentett hat\u00e1sok k\u00f6z\u00e9 tartozik a stabilabb hangmagass\u00e1g az el\u0151ad\u00e1sokon, az \u00e9lesebb megk\u00fcl\u00f6nb\u00f6ztet\u0151 k\u00e9pess\u00e9g a t\u00e9nyek \u00e9s a pletyk\u00e1k megk\u00fcl\u00f6nb\u00f6ztet\u00e9se sor\u00e1n, \u00e9s a szel\u00edd elutas\u00edt\u00e1s, hogy m\u00e1sok kedv\u00e9\u00e9rt lekicsinyelj\u00fck magunkat. Mivel a k\u0151 gyakran aranysz\u00edn\u0171 pirit szikr\u00e1kat hordoz, sokan azt mondj\u00e1k, hogy \u00f6sszef\u0171zi az intellektust \u00e9s az intu\u00edci\u00f3t, magasabbrend\u0171 eszm\u00e9ket kapcsolva pragmatikus \u00e1ramk\u00f6r\u00f6kbe. Ezek a benyom\u00e1sok anekdotikusak; a sz\u00ednpszichol\u00f3gia m\u00e9gis azt mutatja, hogy a m\u00e9lyk\u00e9k sz\u00edn m\u00e9rs\u00e9kelheti a pulzussz\u00e1mot \u00e9s elgondolkodtat\u00f3 gondolkod\u00e1sra \u00f6szt\u00f6n\u00f6zhet &#8211; ez m\u00e1ris egy gy\u0151zelem.   <\/div>\n<h2 style=\"font-size:28px\"><span data-sheets-root=\"1\">Hogyan haszn\u00e1ljuk a Lapis Lazulit?<\/span><\/h2>\n<div style=\"font-size:22px\">A v\u00e9gs\u0151 \u00e1tolvas\u00e1s el\u0151tt helyezz\u00fcnk a meg\u00edrt v\u00e1zlatokra egy z\u00fazott k\u00f6vet; nyugodt tel\u00edtetts\u00e9ge \u0151szinte \u00e1tdolgoz\u00e1sra \u00f6szt\u00f6n\u00f6z. Tartson egy h\u00fcvelykujjnyi m\u00e9ret\u0171 darabot a zseb\u00e9ben a strat\u00e9giai megbesz\u00e9l\u00e9seken, \u00e9s kopogtassa meg a pirit csillog\u00e1s\u00e1t, amikor vissza kell terelnie a besz\u00e9lget\u00e9st a helyes ir\u00e1nyba. A m\u0171v\u00e9szek egy pamutcs\u00edkot v\u00edzbe \u00e1ztathatnak, majd egy \u00e9jszak\u00e1n \u00e1t egy lapiszlap k\u00f6r\u00e9 tekerhetik (nem kell belem\u00e1rtani), majd a sz\u00ednezett ruh\u00e1t szimbolikus k\u00f6nyvjelz\u0151k\u00e9nt haszn\u00e1lhatj\u00e1k a v\u00e1zlatf\u00fczetekben &#8211; minden k\u00e9k folt suttog, \u00e9s gazdagabb \u00e1rnyalatokat kock\u00e1ztat.  <\/div>\n<h2 style=\"font-size:28px\">A Lapis Lazuli gy\u00f3gy\u00edt\u00f3 tulajdons\u00e1gai<\/h2>\n<div style=\"font-size:22px\">Sz\u00ednsk\u00e1la: kir\u00e1lyk\u00e9kt\u0151l az indig\u00f3k\u00e9kig, h\u00f3feh\u00e9r kalcittal \u00e9s r\u00e9zs\u00fatos piritekkel m\u00e1rv\u00e1nyozott. K\u00e9plet: f\u0151k\u00e9nt (Na,Ca)\u2088(AlSiO\u2084)\u2086(S,SO\u2084,Cl)\u2082. Els\u0151dleges forr\u00e1sok: Afganiszt\u00e1n, chilei Andok, oroszorsz\u00e1gi Bajk\u00e1l-t\u00f3 k\u00f6rny\u00e9ke. Energikus gyors\u00edr\u00e1s: \u0151szinte besz\u00e9d, panor\u00e1ma l\u00e1t\u00e1sm\u00f3d, bels\u0151 konstell\u00e1ci\u00f3k.   <\/div>\n<h2 style=\"font-size:28px\"><span data-sheets-root=\"1\">Lapis Lazuli Tiszt\u00edt\u00e1s \u00e9s karbantart\u00e1s<\/span><\/h2>\n<div style=\"font-size:22px\">Ker\u00fclje a savakat \u00e9s az ultrahangos tiszt\u00edt\u00f3szereket &#8211; mindkett\u0151 a lazuritot g\u00f6dr\u00f6s\u00edti. \u00d3vatosan t\u00f6r\u00f6lje \u00e1t alig nedves ruh\u00e1val, azonnal sz\u00e1r\u00edtsa meg. A napf\u00e9ny elhalv\u00e1ny\u00edtja a pigmentet; adjon helyette holdf\u00e9nyt. &#8222;Hangj\u00e1nak&#8221; felfriss\u00edt\u00e9s\u00e9hez fektesse a k\u00f6vet egy \u00e9jszak\u00e1ra kott\u00e1ra vagy egy szeretett reg\u00e9nyre. Csomagolja filcbe, hogy a kem\u00e9nyebb dr\u00e1gak\u00f6vek ne karcolj\u00e1k meg a fel\u00fclet\u00e9t.    <\/div>\n","protected":false},"excerpt":{"rendered":"<p>Mi az a lapis lazuli? A lapis lazuli k\u0151be z\u00fazott \u00e9jf\u00e9li \u00e9gbolt, piritcsillagokkal f\u0171szerezve. Geol\u00f3giailag egy metamorf k\u0151zet &#8211; f\u0151k\u00e9nt<\/p>\n","protected":false},"author":1,"featured_media":0,"parent":33019,"menu_order":0,"comment_status":"closed","ping_status":"closed","template":"","meta":{"footnotes":""},"class_list":["post-33564","page","type-page","status-publish","hentry"],"yoast_head":"<!-- This site is optimized with the Yoast SEO plugin v27.4 - https:\/\/yoast.com\/product\/yoast-seo-wordpress\/ -->\n<title>Lapis Lazuli krist\u00e1ly - jelent\u00e9se, el\u0151nyei, gy\u00f3gy\u00edt\u00f3 tulajdons\u00e1gai \u00e9s haszn\u00e1lata - Chacrys<\/title>\n<meta name=\"robots\" content=\"index, follow, max-snippet:-1, max-image-preview:large, max-video-preview:-1\" \/>\n<link rel=\"canonical\" href=\"https:\/\/chacrys.com\/hu\/kristalyok\/lapis-lazuli-kristaly-jelentese-elonyei-gyogyito-tulajdonsagai-es-hasznalata\/\" \/>\n<meta property=\"og:locale\" content=\"hu_HU\" \/>\n<meta property=\"og:type\" content=\"article\" \/>\n<meta property=\"og:title\" content=\"Lapis Lazuli krist\u00e1ly - jelent\u00e9se, el\u0151nyei, gy\u00f3gy\u00edt\u00f3 tulajdons\u00e1gai \u00e9s haszn\u00e1lata - Chacrys\" \/>\n<meta property=\"og:description\" content=\"Mi az a lapis lazuli? A lapis lazuli k\u0151be z\u00fazott \u00e9jf\u00e9li \u00e9gbolt, piritcsillagokkal f\u0171szerezve. Geol\u00f3giailag egy metamorf k\u0151zet &#8211; f\u0151k\u00e9nt\" \/>\n<meta property=\"og:url\" content=\"https:\/\/chacrys.com\/hu\/kristalyok\/lapis-lazuli-kristaly-jelentese-elonyei-gyogyito-tulajdonsagai-es-hasznalata\/\" \/>\n<meta property=\"og:site_name\" content=\"Chacrys\" \/>\n<meta property=\"article:publisher\" content=\"https:\/\/www.facebook.com\/chacryscrystal\" \/>\n<meta name=\"twitter:card\" content=\"summary_large_image\" \/>\n<meta name=\"twitter:label1\" content=\"Becs\u00fclt olvas\u00e1si id\u0151\" \/>\n\t<meta name=\"twitter:data1\" content=\"3 perc\" \/>\n<script type=\"application\/ld+json\" class=\"yoast-schema-graph\">{\"@context\":\"https:\\\/\\\/schema.org\",\"@graph\":[{\"@type\":\"WebPage\",\"@id\":\"https:\\\/\\\/chacrys.com\\\/hu\\\/kristalyok\\\/lapis-lazuli-kristaly-jelentese-elonyei-gyogyito-tulajdonsagai-es-hasznalata\\\/\",\"url\":\"https:\\\/\\\/chacrys.com\\\/hu\\\/kristalyok\\\/lapis-lazuli-kristaly-jelentese-elonyei-gyogyito-tulajdonsagai-es-hasznalata\\\/\",\"name\":\"Lapis Lazuli krist\u00e1ly - jelent\u00e9se, el\u0151nyei, gy\u00f3gy\u00edt\u00f3 tulajdons\u00e1gai \u00e9s haszn\u00e1lata - Chacrys\",\"isPartOf\":{\"@id\":\"https:\\\/\\\/chacrys.com\\\/hu\\\/#website\"},\"datePublished\":\"2025-07-06T16:36:07+00:00\",\"breadcrumb\":{\"@id\":\"https:\\\/\\\/chacrys.com\\\/hu\\\/kristalyok\\\/lapis-lazuli-kristaly-jelentese-elonyei-gyogyito-tulajdonsagai-es-hasznalata\\\/#breadcrumb\"},\"inLanguage\":\"hu\",\"potentialAction\":[{\"@type\":\"ReadAction\",\"target\":[\"https:\\\/\\\/chacrys.com\\\/hu\\\/kristalyok\\\/lapis-lazuli-kristaly-jelentese-elonyei-gyogyito-tulajdonsagai-es-hasznalata\\\/\"]}]},{\"@type\":\"BreadcrumbList\",\"@id\":\"https:\\\/\\\/chacrys.com\\\/hu\\\/kristalyok\\\/lapis-lazuli-kristaly-jelentese-elonyei-gyogyito-tulajdonsagai-es-hasznalata\\\/#breadcrumb\",\"itemListElement\":[{\"@type\":\"ListItem\",\"position\":1,\"name\":\"Home\",\"item\":\"https:\\\/\\\/chacrys.com\\\/hu\\\/\"},{\"@type\":\"ListItem\",\"position\":2,\"name\":\"Krist\u00e1lyok\",\"item\":\"https:\\\/\\\/chacrys.com\\\/hu\\\/kristalyok\\\/\"},{\"@type\":\"ListItem\",\"position\":3,\"name\":\"Lapis Lazuli krist\u00e1ly &#8211; jelent\u00e9se, el\u0151nyei, gy\u00f3gy\u00edt\u00f3 tulajdons\u00e1gai \u00e9s haszn\u00e1lata\"}]},{\"@type\":\"WebSite\",\"@id\":\"https:\\\/\\\/chacrys.com\\\/hu\\\/#website\",\"url\":\"https:\\\/\\\/chacrys.com\\\/hu\\\/\",\"name\":\"Chacrys\",\"description\":\"Chacrys\",\"publisher\":{\"@id\":\"https:\\\/\\\/chacrys.com\\\/hu\\\/#organization\"},\"potentialAction\":[{\"@type\":\"SearchAction\",\"target\":{\"@type\":\"EntryPoint\",\"urlTemplate\":\"https:\\\/\\\/chacrys.com\\\/hu\\\/?s={search_term_string}\"},\"query-input\":{\"@type\":\"PropertyValueSpecification\",\"valueRequired\":true,\"valueName\":\"search_term_string\"}}],\"inLanguage\":\"hu\"},{\"@type\":\"Organization\",\"@id\":\"https:\\\/\\\/chacrys.com\\\/hu\\\/#organization\",\"name\":\"Chacrys\",\"url\":\"https:\\\/\\\/chacrys.com\\\/hu\\\/\",\"logo\":{\"@type\":\"ImageObject\",\"inLanguage\":\"hu\",\"@id\":\"https:\\\/\\\/chacrys.com\\\/hu\\\/#\\\/schema\\\/logo\\\/image\\\/\",\"url\":\"https:\\\/\\\/chacrys.com\\\/wp-content\\\/uploads\\\/2024\\\/11\\\/cropped-FRANJULIA-6.png\",\"contentUrl\":\"https:\\\/\\\/chacrys.com\\\/wp-content\\\/uploads\\\/2024\\\/11\\\/cropped-FRANJULIA-6.png\",\"width\":512,\"height\":512,\"caption\":\"Chacrys\"},\"image\":{\"@id\":\"https:\\\/\\\/chacrys.com\\\/hu\\\/#\\\/schema\\\/logo\\\/image\\\/\"},\"sameAs\":[\"https:\\\/\\\/www.facebook.com\\\/chacryscrystal\",\"https:\\\/\\\/www.instagram.com\\\/chacrys\\\/\",\"https:\\\/\\\/www.pinterest.com\\\/chacryscrystalbed\\\/\",\"https:\\\/\\\/www.youtube.com\\\/@chacrysofficial9667\"]}]}<\/script>\n<!-- \/ Yoast SEO plugin. -->","yoast_head_json":{"title":"Lapis Lazuli krist\u00e1ly - jelent\u00e9se, el\u0151nyei, gy\u00f3gy\u00edt\u00f3 tulajdons\u00e1gai \u00e9s haszn\u00e1lata - Chacrys","robots":{"index":"index","follow":"follow","max-snippet":"max-snippet:-1","max-image-preview":"max-image-preview:large","max-video-preview":"max-video-preview:-1"},"canonical":"https:\/\/chacrys.com\/hu\/kristalyok\/lapis-lazuli-kristaly-jelentese-elonyei-gyogyito-tulajdonsagai-es-hasznalata\/","og_locale":"hu_HU","og_type":"article","og_title":"Lapis Lazuli krist\u00e1ly - jelent\u00e9se, el\u0151nyei, gy\u00f3gy\u00edt\u00f3 tulajdons\u00e1gai \u00e9s haszn\u00e1lata - Chacrys","og_description":"Mi az a lapis lazuli? A lapis lazuli k\u0151be z\u00fazott \u00e9jf\u00e9li \u00e9gbolt, piritcsillagokkal f\u0171szerezve. Geol\u00f3giailag egy metamorf k\u0151zet &#8211; f\u0151k\u00e9nt","og_url":"https:\/\/chacrys.com\/hu\/kristalyok\/lapis-lazuli-kristaly-jelentese-elonyei-gyogyito-tulajdonsagai-es-hasznalata\/","og_site_name":"Chacrys","article_publisher":"https:\/\/www.facebook.com\/chacryscrystal","twitter_card":"summary_large_image","twitter_misc":{"Becs\u00fclt olvas\u00e1si id\u0151":"3 perc"},"schema":{"@context":"https:\/\/schema.org","@graph":[{"@type":"WebPage","@id":"https:\/\/chacrys.com\/hu\/kristalyok\/lapis-lazuli-kristaly-jelentese-elonyei-gyogyito-tulajdonsagai-es-hasznalata\/","url":"https:\/\/chacrys.com\/hu\/kristalyok\/lapis-lazuli-kristaly-jelentese-elonyei-gyogyito-tulajdonsagai-es-hasznalata\/","name":"Lapis Lazuli krist\u00e1ly - jelent\u00e9se, el\u0151nyei, gy\u00f3gy\u00edt\u00f3 tulajdons\u00e1gai \u00e9s haszn\u00e1lata - Chacrys","isPartOf":{"@id":"https:\/\/chacrys.com\/hu\/#website"},"datePublished":"2025-07-06T16:36:07+00:00","breadcrumb":{"@id":"https:\/\/chacrys.com\/hu\/kristalyok\/lapis-lazuli-kristaly-jelentese-elonyei-gyogyito-tulajdonsagai-es-hasznalata\/#breadcrumb"},"inLanguage":"hu","potentialAction":[{"@type":"ReadAction","target":["https:\/\/chacrys.com\/hu\/kristalyok\/lapis-lazuli-kristaly-jelentese-elonyei-gyogyito-tulajdonsagai-es-hasznalata\/"]}]},{"@type":"BreadcrumbList","@id":"https:\/\/chacrys.com\/hu\/kristalyok\/lapis-lazuli-kristaly-jelentese-elonyei-gyogyito-tulajdonsagai-es-hasznalata\/#breadcrumb","itemListElement":[{"@type":"ListItem","position":1,"name":"Home","item":"https:\/\/chacrys.com\/hu\/"},{"@type":"ListItem","position":2,"name":"Krist\u00e1lyok","item":"https:\/\/chacrys.com\/hu\/kristalyok\/"},{"@type":"ListItem","position":3,"name":"Lapis Lazuli krist\u00e1ly &#8211; jelent\u00e9se, el\u0151nyei, gy\u00f3gy\u00edt\u00f3 tulajdons\u00e1gai \u00e9s haszn\u00e1lata"}]},{"@type":"WebSite","@id":"https:\/\/chacrys.com\/hu\/#website","url":"https:\/\/chacrys.com\/hu\/","name":"Chacrys","description":"Chacrys","publisher":{"@id":"https:\/\/chacrys.com\/hu\/#organization"},"potentialAction":[{"@type":"SearchAction","target":{"@type":"EntryPoint","urlTemplate":"https:\/\/chacrys.com\/hu\/?s={search_term_string}"},"query-input":{"@type":"PropertyValueSpecification","valueRequired":true,"valueName":"search_term_string"}}],"inLanguage":"hu"},{"@type":"Organization","@id":"https:\/\/chacrys.com\/hu\/#organization","name":"Chacrys","url":"https:\/\/chacrys.com\/hu\/","logo":{"@type":"ImageObject","inLanguage":"hu","@id":"https:\/\/chacrys.com\/hu\/#\/schema\/logo\/image\/","url":"https:\/\/chacrys.com\/wp-content\/uploads\/2024\/11\/cropped-FRANJULIA-6.png","contentUrl":"https:\/\/chacrys.com\/wp-content\/uploads\/2024\/11\/cropped-FRANJULIA-6.png","width":512,"height":512,"caption":"Chacrys"},"image":{"@id":"https:\/\/chacrys.com\/hu\/#\/schema\/logo\/image\/"},"sameAs":["https:\/\/www.facebook.com\/chacryscrystal","https:\/\/www.instagram.com\/chacrys\/","https:\/\/www.pinterest.com\/chacryscrystalbed\/","https:\/\/www.youtube.com\/@chacrysofficial9667"]}]}},"_links":{"self":[{"href":"https:\/\/chacrys.com\/hu\/wp-json\/wp\/v2\/pages\/33564","targetHints":{"allow":["GET"]}}],"collection":[{"href":"https:\/\/chacrys.com\/hu\/wp-json\/wp\/v2\/pages"}],"about":[{"href":"https:\/\/chacrys.com\/hu\/wp-json\/wp\/v2\/types\/page"}],"author":[{"embeddable":true,"href":"https:\/\/chacrys.com\/hu\/wp-json\/wp\/v2\/users\/1"}],"replies":[{"embeddable":true,"href":"https:\/\/chacrys.com\/hu\/wp-json\/wp\/v2\/comments?post=33564"}],"version-history":[{"count":0,"href":"https:\/\/chacrys.com\/hu\/wp-json\/wp\/v2\/pages\/33564\/revisions"}],"up":[{"embeddable":true,"href":"https:\/\/chacrys.com\/hu\/wp-json\/wp\/v2\/pages\/33019"}],"wp:attachment":[{"href":"https:\/\/chacrys.com\/hu\/wp-json\/wp\/v2\/media?parent=33564"}],"curies":[{"name":"wp","href":"https:\/\/api.w.org\/{rel}","templated":true}]}}