{"id":33558,"date":"2025-07-06T16:34:38","date_gmt":"2025-07-06T16:34:38","guid":{"rendered":"https:\/\/chacrys.com\/kristalyok\/eye-stone-tiger-eye-kristaly-jelentese-elonyei-gyogyito-tulajdonsagai-es-hasznalata\/"},"modified":"2025-07-06T16:34:38","modified_gmt":"2025-07-06T16:34:38","slug":"eye-stone-tiger-eye-kristaly-jelentese-elonyei-gyogyito-tulajdonsagai-es-hasznalata","status":"publish","type":"page","link":"https:\/\/chacrys.com\/hu\/kristalyok\/eye-stone-tiger-eye-kristaly-jelentese-elonyei-gyogyito-tulajdonsagai-es-hasznalata\/","title":{"rendered":"Eye Stone (Tiger Eye) krist\u00e1ly &#8211; jelent\u00e9se, el\u0151nyei, gy\u00f3gy\u00edt\u00f3 tulajdons\u00e1gai \u00e9s haszn\u00e1lata"},"content":{"rendered":"<h2 style=\"font-size:28px\">Mi az Eye Stone (Tiger Eye)?<\/h2>\n<div style=\"font-size:22px\">A Tiger Eye \u00fagy n\u00e9z ki, mint egy aranysz\u00edn\u0171 szavannacs\u00edk, amelyik f\u00e9l\u00faton van: fodroz\u00f3d\u00f3 karamell, vajkaramella \u00e9s eszpressz\u00f3 s\u00e1vok, amelyek csillognak, ahogy megd\u00f6nt\u00f6d a dr\u00e1gak\u00f6vet. Ez a hull\u00e1mos csillog\u00e1s &#8211; a cseveg\u00e9s &#8211; akkor j\u00f6n l\u00e9tre, amikor a kvarc a sz\u00e1las krokidolit hely\u00e9be l\u00e9p, de meg\u0151rzi az eredeti selymes szerkezetet. Az eredm\u00e9ny napf\u00e9nyben \u00e9l\u0151nek, szinte ragadoz\u00f3nak t\u0171nik. Mohs-kem\u00e9nys\u00e9ge a 7-es \u00e9rt\u00e9k k\u00f6zel\u00e9ben mozog, \u00edgy csak kisebb karcol\u00e1sokkal v\u00e9szeli \u00e1t a p\u00e9nzt\u00e1rca k\u00e1osz\u00e1t.   <\/div>\n<h2 style=\"font-size:28px\">A szem k\u0151 (Tiger Eye) el\u0151nyei<\/h2>\n<div style=\"font-size:22px\">St\u00fadi\u00f3 vignetta: Egy basszusgit\u00e1ros, akit mentor\u00e1lok, egy tigrisszem kab\u00f3cot tart a ped\u00e1lfal\u00e1ra ragasztva. Azt mondja, hogy a k\u0151 macskavillog\u00e1sa lehorgonyozza a sz\u00ednpadi idegeket; amikor a h\u00e1z f\u00e9nyei k\u00e1pr\u00e1znak, a k\u0151re pillant, \u00e9s esz\u00e9be jut a d\u00fcb\u00f6rg\u00e9s, ami\u00e9rt ott van. A zeneh\u00e1zakon t\u00fal a felhaszn\u00e1l\u00f3k a tigrisszemet a m\u00e9rs\u00e9kelt magabiztoss\u00e1g\u00e9rt dics\u00e9rik &#8211; kevesebb pattog\u00e1s, kiegyens\u00falyozottabb l\u00e9p\u00e9s. B\u00f3nuszok: kiegyens\u00falyozott kock\u00e1zatv\u00e1llal\u00e1s, \u00e9lesebb helyzetfelismer\u00e9s, \u00e9s hidegebb fej, amikor a hat\u00e1rid\u0151k s\u00fcrgetnek. Mint mindig, a k\u00f6vek b\u00f6kd\u00f6snek; a fegyelmezett er\u0151fesz\u00edt\u00e9s befejezi a riffet.    <\/div>\n<h2 style=\"font-size:28px\"><span data-sheets-root=\"1\">Hogyan kell haszn\u00e1lni a szemk\u00f6vet (Tiger Eye)?<\/span><\/h2>\n<div style=\"font-size:22px\">Viseljen egy gy\u00f6ngykark\u00f6t\u0151t a domin\u00e1ns csukl\u00f3j\u00e1n; minden alkalommal, amikor a pulzusa meg\u00fct\u00f6geti a dr\u00e1gak\u00f6vet, csendben ism\u00e9telje meg az adott feladatot. Helyezzen egy csiszolt szeletet a m\u0171szerfal\u00e1ra &#8211; aranysz\u00edn\u0171 villan\u00e1sa arra eml\u00e9kezteti, hogy s\u00e1vv\u00e1lt\u00e1s el\u0151tt figyelje a holtteret. A d\u00f6nt\u00e9sek felt\u00e9rk\u00e9pez\u00e9s\u00e9hez gur\u00edtson egy tigrisszem\u0171 g\u00f6mb\u00f6t a lehet\u0151s\u00e9gk\u00e1rty\u00e1kon; amelyik \u00fat el\u0151sz\u00f6r elkapja a csillog\u00e1st, az nyer egy k\u00f6zelebbi pillant\u00e1st.  <\/div>\n<h2 style=\"font-size:28px\">Gy\u00f3gy\u00edt\u00f3 tulajdons\u00e1gai Eye Stone (Tiger Eye)<\/h2>\n<div style=\"font-size:22px\">A sz\u00edn\u00e1rnyalat az aranym\u00e9zsz\u00ednt\u0151l a mahag\u00f3niig terjed; az id\u0151nk\u00e9nt el\u0151fordul\u00f3 \u00e9jf\u00e9li &#8222;s\u00f3lyomszem&#8221; szakaszok a kor\u00e1bbi n\u00f6veked\u00e9si f\u00e1zisokat jelzik. \u00d6sszet\u00e9tel: oxid\u00e1lt krokidolitot cement\u00e1l\u00f3 kvarc mikrosz\u00e1lak. F\u0151bb forr\u00e1sok: D\u00e9l-afrikai \u00c9szak-Fokf\u00f6ld, nyugat-ausztr\u00e1liai sivatagok, indiai Dekk\u00e1n-hegys\u00e9g. Energiajegyek: \u00e9ber nyugalom, megfontolt b\u00e1tors\u00e1g, foly\u00e9kony \u00f6sszpontos\u00edt\u00e1s.   <\/div>\n<h2 style=\"font-size:28px\"><span data-sheets-root=\"1\">Eye Stone (Tiger Eye) tiszt\u00edt\u00e1s \u00e9s karbantart\u00e1s<\/span><\/h2>\n<div style=\"font-size:22px\">V\u00edzzel is haszn\u00e1lhat\u00f3, de ker\u00fclje a g\u0151zt; a h\u0151 hat\u00e1s\u00e1ra a sz\u00e1lvarratok megrepedhetnek. Tiszt\u00edtsa enyhe szappannal, \u00f6bl\u00edtse le \u00e9l\u00e9nken, t\u00f6r\u00f6lk\u00f6z\u0151vel t\u00f6r\u00f6lje sz\u00e1razra. Felt\u00f6lt\u0151d\u00e9shez nyolc \u00f3r\u00e1n \u00e1t p\u00f6rk\u00f6lt k\u00e1v\u00e9babok k\u00f6z\u00e9 f\u00e9szkeljen; a felsz\u00edv\u00f3d\u00f3 olajok \u00fajj\u00e1\u00e9lesztik a f\u00e9nyt, az aroma pedig kiemeli az \u00e9bers\u00e9get. T\u00e1rolja a puh\u00e1bb kalcitokt\u00f3l t\u00e1vol; a tigrisszem f\u00e9nye finom csiszol\u00f3pap\u00edrk\u00e9nt hathat.   <\/div>\n","protected":false},"excerpt":{"rendered":"<p>Mi az Eye Stone (Tiger Eye)? A Tiger Eye \u00fagy n\u00e9z ki, mint egy aranysz\u00edn\u0171 szavannacs\u00edk, amelyik f\u00e9l\u00faton van: fodroz\u00f3d\u00f3<\/p>\n","protected":false},"author":1,"featured_media":0,"parent":33019,"menu_order":0,"comment_status":"closed","ping_status":"closed","template":"","meta":{"footnotes":""},"class_list":["post-33558","page","type-page","status-publish","hentry"],"yoast_head":"<!-- This site is optimized with the Yoast SEO plugin v27.4 - https:\/\/yoast.com\/product\/yoast-seo-wordpress\/ -->\n<title>Eye Stone (Tiger Eye) krist\u00e1ly - jelent\u00e9se, el\u0151nyei, gy\u00f3gy\u00edt\u00f3 tulajdons\u00e1gai \u00e9s haszn\u00e1lata - Chacrys<\/title>\n<meta name=\"robots\" content=\"index, follow, max-snippet:-1, max-image-preview:large, max-video-preview:-1\" \/>\n<link rel=\"canonical\" href=\"https:\/\/chacrys.com\/hu\/kristalyok\/eye-stone-tiger-eye-kristaly-jelentese-elonyei-gyogyito-tulajdonsagai-es-hasznalata\/\" \/>\n<meta property=\"og:locale\" content=\"hu_HU\" \/>\n<meta property=\"og:type\" content=\"article\" \/>\n<meta property=\"og:title\" content=\"Eye Stone (Tiger Eye) krist\u00e1ly - jelent\u00e9se, el\u0151nyei, gy\u00f3gy\u00edt\u00f3 tulajdons\u00e1gai \u00e9s haszn\u00e1lata - Chacrys\" \/>\n<meta property=\"og:description\" content=\"Mi az Eye Stone (Tiger Eye)? A Tiger Eye \u00fagy n\u00e9z ki, mint egy aranysz\u00edn\u0171 szavannacs\u00edk, amelyik f\u00e9l\u00faton van: fodroz\u00f3d\u00f3\" \/>\n<meta property=\"og:url\" content=\"https:\/\/chacrys.com\/hu\/kristalyok\/eye-stone-tiger-eye-kristaly-jelentese-elonyei-gyogyito-tulajdonsagai-es-hasznalata\/\" \/>\n<meta property=\"og:site_name\" content=\"Chacrys\" \/>\n<meta property=\"article:publisher\" content=\"https:\/\/www.facebook.com\/chacryscrystal\" \/>\n<meta name=\"twitter:card\" content=\"summary_large_image\" \/>\n<meta name=\"twitter:label1\" content=\"Becs\u00fclt olvas\u00e1si id\u0151\" \/>\n\t<meta name=\"twitter:data1\" content=\"3 perc\" \/>\n<script type=\"application\/ld+json\" class=\"yoast-schema-graph\">{\"@context\":\"https:\\\/\\\/schema.org\",\"@graph\":[{\"@type\":\"WebPage\",\"@id\":\"https:\\\/\\\/chacrys.com\\\/hu\\\/kristalyok\\\/eye-stone-tiger-eye-kristaly-jelentese-elonyei-gyogyito-tulajdonsagai-es-hasznalata\\\/\",\"url\":\"https:\\\/\\\/chacrys.com\\\/hu\\\/kristalyok\\\/eye-stone-tiger-eye-kristaly-jelentese-elonyei-gyogyito-tulajdonsagai-es-hasznalata\\\/\",\"name\":\"Eye Stone (Tiger Eye) krist\u00e1ly - jelent\u00e9se, el\u0151nyei, gy\u00f3gy\u00edt\u00f3 tulajdons\u00e1gai \u00e9s haszn\u00e1lata - Chacrys\",\"isPartOf\":{\"@id\":\"https:\\\/\\\/chacrys.com\\\/hu\\\/#website\"},\"datePublished\":\"2025-07-06T16:34:38+00:00\",\"breadcrumb\":{\"@id\":\"https:\\\/\\\/chacrys.com\\\/hu\\\/kristalyok\\\/eye-stone-tiger-eye-kristaly-jelentese-elonyei-gyogyito-tulajdonsagai-es-hasznalata\\\/#breadcrumb\"},\"inLanguage\":\"hu\",\"potentialAction\":[{\"@type\":\"ReadAction\",\"target\":[\"https:\\\/\\\/chacrys.com\\\/hu\\\/kristalyok\\\/eye-stone-tiger-eye-kristaly-jelentese-elonyei-gyogyito-tulajdonsagai-es-hasznalata\\\/\"]}]},{\"@type\":\"BreadcrumbList\",\"@id\":\"https:\\\/\\\/chacrys.com\\\/hu\\\/kristalyok\\\/eye-stone-tiger-eye-kristaly-jelentese-elonyei-gyogyito-tulajdonsagai-es-hasznalata\\\/#breadcrumb\",\"itemListElement\":[{\"@type\":\"ListItem\",\"position\":1,\"name\":\"Home\",\"item\":\"https:\\\/\\\/chacrys.com\\\/hu\\\/\"},{\"@type\":\"ListItem\",\"position\":2,\"name\":\"Krist\u00e1lyok\",\"item\":\"https:\\\/\\\/chacrys.com\\\/hu\\\/kristalyok\\\/\"},{\"@type\":\"ListItem\",\"position\":3,\"name\":\"Eye Stone (Tiger Eye) krist\u00e1ly &#8211; jelent\u00e9se, el\u0151nyei, gy\u00f3gy\u00edt\u00f3 tulajdons\u00e1gai \u00e9s haszn\u00e1lata\"}]},{\"@type\":\"WebSite\",\"@id\":\"https:\\\/\\\/chacrys.com\\\/hu\\\/#website\",\"url\":\"https:\\\/\\\/chacrys.com\\\/hu\\\/\",\"name\":\"Chacrys\",\"description\":\"Chacrys\",\"publisher\":{\"@id\":\"https:\\\/\\\/chacrys.com\\\/hu\\\/#organization\"},\"potentialAction\":[{\"@type\":\"SearchAction\",\"target\":{\"@type\":\"EntryPoint\",\"urlTemplate\":\"https:\\\/\\\/chacrys.com\\\/hu\\\/?s={search_term_string}\"},\"query-input\":{\"@type\":\"PropertyValueSpecification\",\"valueRequired\":true,\"valueName\":\"search_term_string\"}}],\"inLanguage\":\"hu\"},{\"@type\":\"Organization\",\"@id\":\"https:\\\/\\\/chacrys.com\\\/hu\\\/#organization\",\"name\":\"Chacrys\",\"url\":\"https:\\\/\\\/chacrys.com\\\/hu\\\/\",\"logo\":{\"@type\":\"ImageObject\",\"inLanguage\":\"hu\",\"@id\":\"https:\\\/\\\/chacrys.com\\\/hu\\\/#\\\/schema\\\/logo\\\/image\\\/\",\"url\":\"https:\\\/\\\/chacrys.com\\\/wp-content\\\/uploads\\\/2024\\\/11\\\/cropped-FRANJULIA-6.png\",\"contentUrl\":\"https:\\\/\\\/chacrys.com\\\/wp-content\\\/uploads\\\/2024\\\/11\\\/cropped-FRANJULIA-6.png\",\"width\":512,\"height\":512,\"caption\":\"Chacrys\"},\"image\":{\"@id\":\"https:\\\/\\\/chacrys.com\\\/hu\\\/#\\\/schema\\\/logo\\\/image\\\/\"},\"sameAs\":[\"https:\\\/\\\/www.facebook.com\\\/chacryscrystal\",\"https:\\\/\\\/www.instagram.com\\\/chacrys\\\/\",\"https:\\\/\\\/www.pinterest.com\\\/chacryscrystalbed\\\/\",\"https:\\\/\\\/www.youtube.com\\\/@chacrysofficial9667\"]}]}<\/script>\n<!-- \/ Yoast SEO plugin. -->","yoast_head_json":{"title":"Eye Stone (Tiger Eye) krist\u00e1ly - jelent\u00e9se, el\u0151nyei, gy\u00f3gy\u00edt\u00f3 tulajdons\u00e1gai \u00e9s haszn\u00e1lata - Chacrys","robots":{"index":"index","follow":"follow","max-snippet":"max-snippet:-1","max-image-preview":"max-image-preview:large","max-video-preview":"max-video-preview:-1"},"canonical":"https:\/\/chacrys.com\/hu\/kristalyok\/eye-stone-tiger-eye-kristaly-jelentese-elonyei-gyogyito-tulajdonsagai-es-hasznalata\/","og_locale":"hu_HU","og_type":"article","og_title":"Eye Stone (Tiger Eye) krist\u00e1ly - jelent\u00e9se, el\u0151nyei, gy\u00f3gy\u00edt\u00f3 tulajdons\u00e1gai \u00e9s haszn\u00e1lata - Chacrys","og_description":"Mi az Eye Stone (Tiger Eye)? A Tiger Eye \u00fagy n\u00e9z ki, mint egy aranysz\u00edn\u0171 szavannacs\u00edk, amelyik f\u00e9l\u00faton van: fodroz\u00f3d\u00f3","og_url":"https:\/\/chacrys.com\/hu\/kristalyok\/eye-stone-tiger-eye-kristaly-jelentese-elonyei-gyogyito-tulajdonsagai-es-hasznalata\/","og_site_name":"Chacrys","article_publisher":"https:\/\/www.facebook.com\/chacryscrystal","twitter_card":"summary_large_image","twitter_misc":{"Becs\u00fclt olvas\u00e1si id\u0151":"3 perc"},"schema":{"@context":"https:\/\/schema.org","@graph":[{"@type":"WebPage","@id":"https:\/\/chacrys.com\/hu\/kristalyok\/eye-stone-tiger-eye-kristaly-jelentese-elonyei-gyogyito-tulajdonsagai-es-hasznalata\/","url":"https:\/\/chacrys.com\/hu\/kristalyok\/eye-stone-tiger-eye-kristaly-jelentese-elonyei-gyogyito-tulajdonsagai-es-hasznalata\/","name":"Eye Stone (Tiger Eye) krist\u00e1ly - jelent\u00e9se, el\u0151nyei, gy\u00f3gy\u00edt\u00f3 tulajdons\u00e1gai \u00e9s haszn\u00e1lata - Chacrys","isPartOf":{"@id":"https:\/\/chacrys.com\/hu\/#website"},"datePublished":"2025-07-06T16:34:38+00:00","breadcrumb":{"@id":"https:\/\/chacrys.com\/hu\/kristalyok\/eye-stone-tiger-eye-kristaly-jelentese-elonyei-gyogyito-tulajdonsagai-es-hasznalata\/#breadcrumb"},"inLanguage":"hu","potentialAction":[{"@type":"ReadAction","target":["https:\/\/chacrys.com\/hu\/kristalyok\/eye-stone-tiger-eye-kristaly-jelentese-elonyei-gyogyito-tulajdonsagai-es-hasznalata\/"]}]},{"@type":"BreadcrumbList","@id":"https:\/\/chacrys.com\/hu\/kristalyok\/eye-stone-tiger-eye-kristaly-jelentese-elonyei-gyogyito-tulajdonsagai-es-hasznalata\/#breadcrumb","itemListElement":[{"@type":"ListItem","position":1,"name":"Home","item":"https:\/\/chacrys.com\/hu\/"},{"@type":"ListItem","position":2,"name":"Krist\u00e1lyok","item":"https:\/\/chacrys.com\/hu\/kristalyok\/"},{"@type":"ListItem","position":3,"name":"Eye Stone (Tiger Eye) krist\u00e1ly &#8211; jelent\u00e9se, el\u0151nyei, gy\u00f3gy\u00edt\u00f3 tulajdons\u00e1gai \u00e9s haszn\u00e1lata"}]},{"@type":"WebSite","@id":"https:\/\/chacrys.com\/hu\/#website","url":"https:\/\/chacrys.com\/hu\/","name":"Chacrys","description":"Chacrys","publisher":{"@id":"https:\/\/chacrys.com\/hu\/#organization"},"potentialAction":[{"@type":"SearchAction","target":{"@type":"EntryPoint","urlTemplate":"https:\/\/chacrys.com\/hu\/?s={search_term_string}"},"query-input":{"@type":"PropertyValueSpecification","valueRequired":true,"valueName":"search_term_string"}}],"inLanguage":"hu"},{"@type":"Organization","@id":"https:\/\/chacrys.com\/hu\/#organization","name":"Chacrys","url":"https:\/\/chacrys.com\/hu\/","logo":{"@type":"ImageObject","inLanguage":"hu","@id":"https:\/\/chacrys.com\/hu\/#\/schema\/logo\/image\/","url":"https:\/\/chacrys.com\/wp-content\/uploads\/2024\/11\/cropped-FRANJULIA-6.png","contentUrl":"https:\/\/chacrys.com\/wp-content\/uploads\/2024\/11\/cropped-FRANJULIA-6.png","width":512,"height":512,"caption":"Chacrys"},"image":{"@id":"https:\/\/chacrys.com\/hu\/#\/schema\/logo\/image\/"},"sameAs":["https:\/\/www.facebook.com\/chacryscrystal","https:\/\/www.instagram.com\/chacrys\/","https:\/\/www.pinterest.com\/chacryscrystalbed\/","https:\/\/www.youtube.com\/@chacrysofficial9667"]}]}},"_links":{"self":[{"href":"https:\/\/chacrys.com\/hu\/wp-json\/wp\/v2\/pages\/33558","targetHints":{"allow":["GET"]}}],"collection":[{"href":"https:\/\/chacrys.com\/hu\/wp-json\/wp\/v2\/pages"}],"about":[{"href":"https:\/\/chacrys.com\/hu\/wp-json\/wp\/v2\/types\/page"}],"author":[{"embeddable":true,"href":"https:\/\/chacrys.com\/hu\/wp-json\/wp\/v2\/users\/1"}],"replies":[{"embeddable":true,"href":"https:\/\/chacrys.com\/hu\/wp-json\/wp\/v2\/comments?post=33558"}],"version-history":[{"count":0,"href":"https:\/\/chacrys.com\/hu\/wp-json\/wp\/v2\/pages\/33558\/revisions"}],"up":[{"embeddable":true,"href":"https:\/\/chacrys.com\/hu\/wp-json\/wp\/v2\/pages\/33019"}],"wp:attachment":[{"href":"https:\/\/chacrys.com\/hu\/wp-json\/wp\/v2\/media?parent=33558"}],"curies":[{"name":"wp","href":"https:\/\/api.w.org\/{rel}","templated":true}]}}