{"id":33553,"date":"2025-07-06T16:34:38","date_gmt":"2025-07-06T16:34:38","guid":{"rendered":"https:\/\/chacrys.com\/kristalyok\/epidot-kristaly-jelentese-elonyei-gyogyito-tulajdonsagai-es-hasznalata\/"},"modified":"2025-07-06T16:34:38","modified_gmt":"2025-07-06T16:34:38","slug":"epidot-kristaly-jelentese-elonyei-gyogyito-tulajdonsagai-es-hasznalata","status":"publish","type":"page","link":"https:\/\/chacrys.com\/hu\/kristalyok\/epidot-kristaly-jelentese-elonyei-gyogyito-tulajdonsagai-es-hasznalata\/","title":{"rendered":"Epidot krist\u00e1ly &#8211; jelent\u00e9se, el\u0151nyei, gy\u00f3gy\u00edt\u00f3 tulajdons\u00e1gai \u00e9s haszn\u00e1lata"},"content":{"rendered":"<h2 style=\"font-size:28px\">Mi az az epidot?<\/h2>\n<div style=\"font-size:22px\">Ha es\u0151 ut\u00e1n belen\u00e9zel egy m\u00e9ly erdei mohafoltba, megpillanthatod az epidot jellegzetes t\u00f3nus\u00e1t &#8211; az olajz\u00f6ldet, f\u00fcst\u00f6s piszt\u00e1ci\u00e1val megsp\u00e9kelve. Geol\u00f3giailag ez egy kalcium-vas-alum\u00ednium-szilik\u00e1t, amely a metamorf k\u0151zetek perem\u00e9n keletkezik, amikor a h\u0151 \u00e9s a nyom\u00e1s a r\u00e9gebbi \u00e1sv\u00e1nyokat valami \u00fajba pr\u00e9seli. A krist\u00e1lyok karcs\u00fa peng\u00e9k vagy g\u00f6cs\u00f6rt\u00f6s &#8222;lawsonit-pisztolyok&#8221; form\u00e1j\u00e1ban emelkednek ki, \u00e9s gyakran kvarccal vagy gr\u00e1n\u00e1ttal osztoznak a t\u00e9ren, mint egy elvadult sziklakertben. A Mohs-sk\u00e1la 6\u00bd-es sk\u00e1l\u00e1j\u00e1n ez a krist\u00e1ly kem\u00e9ny, de prizm\u00e1s fel\u00fcletei zsebre v\u00e1g\u00f3dhatnak, ha zsebre v\u00e1gj\u00e1k.   <\/div>\n<h2 style=\"font-size:28px\">Az epidot el\u0151nyei<\/h2>\n<div style=\"font-size:22px\">A mez\u0151f\u00f6ldi k\u00f6r\u00f6kben az epidotot &#8222;b\u00e1tor\u00edt\u00f3 k\u0151nek&#8221; nevezik. Haszn\u00e1l\u00f3i arr\u00f3l sz\u00e1molnak be, hogy f\u00f6ldes \u00e1rnyalata arra \u00f6szt\u00f6nzi \u0151ket, hogy elismerj\u00e9k a hib\u00e1kat, de ne verg\u0151djenek benn\u00fck &#8211; ink\u00e1bb kitart\u00e1sra \u00f6szt\u00f6n\u00f6z, mintsem pozitivit\u00e1sra. Sok t\u00far\u00e1z\u00f3 az\u00e9rt hordja mag\u00e1val, hogy az utols\u00f3 kilom\u00e9teren n\u00f6velje az \u00e1ll\u00f3k\u00e9pess\u00e9get, m\u00edg a di\u00e1kok szerint egyenletes sz\u00ednpalett\u00e1ja el\u00e9gg\u00e9 megnyugtatja a vizsgaidegeket ahhoz, hogy a k\u00e9pletekre koncentr\u00e1ljanak, ne pedig a f\u00e9lelemre. Az anekdotikus feljegyz\u00e9sek a testjelz\u00e9sek fokozott \u00e9rz\u00e9kel\u00e9s\u00e9t is megeml\u00edtik &#8211; a dehidrat\u00e1lts\u00e1got m\u00e9g a fejf\u00e1j\u00e1s kialakul\u00e1sa el\u0151tt \u00e9szreveszik. Tapasztalati, nem el\u0151\u00edr\u00f3 jelleg\u0171; p\u00e1ros\u00edtsa a folyad\u00e9kbevitellel \u00e9s a pihen\u00e9ssel.    <\/div>\n<h2 style=\"font-size:28px\"><span data-sheets-root=\"1\">Hogyan haszn\u00e1ljuk az epidotot?<\/span><\/h2>\n<div style=\"font-size:22px\">Ragasszon egy durva szil\u00e1nkot a vizes palackra, amely\u00e9rt a legkev\u00e9sb\u00e9 ny\u00fal; minden egyes korty ink\u00e1bb sz\u00e1nd\u00e9kosnak, mint alap\u00e9rtelmezettnek \u00e1ll\u00edtja be a szok\u00e1st. Er\u0151edz\u00e9s k\u00f6zben helyezzen egy g\u00f6r\u00f6ngy\u00f6s kavicsot a padl\u00f3ra a s\u00falyz\u00f3 al\u00e1 &#8211; a f\u00f6ldh\u00f6zragadt jelenl\u00e9te t\u00fckr\u00f6zi az emel\u00e9shez sz\u00fcks\u00e9ges stabilit\u00e1st. Ha a munkater\u00fcleteden f\u00e9lig befejezetlen feladatok sorakoznak, tegy\u00e9l egy epidot-halmazt a halom tetej\u00e9re; az \u00e1sv\u00e1ny durva r\u00e1csa arra eml\u00e9kezteti az agyat, hogy a projektek, ak\u00e1rcsak a krist\u00e1lyok, egyszerre csak egy r\u00e9tegben alakulnak ki.  <\/div>\n<h2 style=\"font-size:28px\">Az epidot gy\u00f3gy\u00edt\u00f3 tulajdons\u00e1gai<\/h2>\n<div style=\"font-size:22px\">Sz\u00edne az olajz\u00f6ldt\u0151l a piszt\u00e1ciaiig terjed, egyes p\u00e9ld\u00e1nyok belsej\u00e9ben fekete rutilsz\u0151rrel. Kem\u00e9nys\u00e9ge 6-7, \u00fcveges f\u00e9ny\u0171, egyl\u00e1nc\u00fa szilik\u00e1tr\u00e1cs. Gyakori lerak\u00f3d\u00e1sok: Norv\u00e9giai fjordok schiszt\u00e1i, mexik\u00f3i skarn-gerincek, pakiszt\u00e1ni alpesi hasad\u00e9kok. Energetikai jelz\u0151k: kitart\u00e1s, \u0151szinte \u00f6nvizsg\u00e1lat, f\u00f6ldes \u00fajrakalibr\u00e1l\u00e1s.   <\/div>\n<h2 style=\"font-size:28px\"><span data-sheets-root=\"1\">Epidot tiszt\u00edt\u00e1s \u00e9s karbantart\u00e1s<\/span><\/h2>\n<div style=\"font-size:22px\">R\u00f6viden \u00f6bl\u00edtse le langyos v\u00edz alatt, majd t\u00f6r\u00f6lje teljesen sz\u00e1razra. A hosszabb \u00e1ztat\u00e1s kioldja a vasat, \u00e9s tomp\u00edtja a f\u00e9nyt. A hajnali napoz\u00e1s \u00e9l\u00e9nk\u00edti a sz\u00ednt; a d\u00e9li vak\u00edt\u00f3 f\u00e9ny kifeh\u00e9r\u00edtheti az \u00e9leket. A megtapadt fesz\u00fclts\u00e9g megsz\u00fcntet\u00e9s\u00e9hez helyezze a k\u00f6vet egy \u00e9jszak\u00e1ra kaka\u00f3bab\u00e1gyra; a bab finom olajai \u00fajra feler\u0151s\u00edtik a csillog\u00e1st. Csomagolja pamutba, hogy a kem\u00e9nyebb kvarchegyek ne karcolj\u00e1k meg a hossz\u00fak\u00e1s fel\u00fcleteket.    <\/div>\n","protected":false},"excerpt":{"rendered":"<p>Mi az az epidot? Ha es\u0151 ut\u00e1n belen\u00e9zel egy m\u00e9ly erdei mohafoltba, megpillanthatod az epidot jellegzetes t\u00f3nus\u00e1t &#8211; az olajz\u00f6ldet,<\/p>\n","protected":false},"author":1,"featured_media":0,"parent":33019,"menu_order":0,"comment_status":"closed","ping_status":"closed","template":"","meta":{"footnotes":""},"class_list":["post-33553","page","type-page","status-publish","hentry"],"yoast_head":"<!-- This site is optimized with the Yoast SEO plugin v27.5 - https:\/\/yoast.com\/product\/yoast-seo-wordpress\/ -->\n<title>Epidot krist\u00e1ly - jelent\u00e9se, el\u0151nyei, gy\u00f3gy\u00edt\u00f3 tulajdons\u00e1gai \u00e9s haszn\u00e1lata - Chacrys<\/title>\n<meta name=\"robots\" content=\"index, follow, max-snippet:-1, max-image-preview:large, max-video-preview:-1\" \/>\n<link rel=\"canonical\" href=\"https:\/\/chacrys.com\/hu\/kristalyok\/epidot-kristaly-jelentese-elonyei-gyogyito-tulajdonsagai-es-hasznalata\/\" \/>\n<meta property=\"og:locale\" content=\"hu_HU\" \/>\n<meta property=\"og:type\" content=\"article\" \/>\n<meta property=\"og:title\" content=\"Epidot krist\u00e1ly - jelent\u00e9se, el\u0151nyei, gy\u00f3gy\u00edt\u00f3 tulajdons\u00e1gai \u00e9s haszn\u00e1lata - Chacrys\" \/>\n<meta property=\"og:description\" content=\"Mi az az epidot? Ha es\u0151 ut\u00e1n belen\u00e9zel egy m\u00e9ly erdei mohafoltba, megpillanthatod az epidot jellegzetes t\u00f3nus\u00e1t &#8211; az olajz\u00f6ldet,\" \/>\n<meta property=\"og:url\" content=\"https:\/\/chacrys.com\/hu\/kristalyok\/epidot-kristaly-jelentese-elonyei-gyogyito-tulajdonsagai-es-hasznalata\/\" \/>\n<meta property=\"og:site_name\" content=\"Chacrys\" \/>\n<meta property=\"article:publisher\" content=\"https:\/\/www.facebook.com\/chacryscrystal\" \/>\n<meta name=\"twitter:card\" content=\"summary_large_image\" \/>\n<meta name=\"twitter:label1\" content=\"Becs\u00fclt olvas\u00e1si id\u0151\" \/>\n\t<meta name=\"twitter:data1\" content=\"3 perc\" \/>\n<script type=\"application\/ld+json\" class=\"yoast-schema-graph\">{\"@context\":\"https:\\\/\\\/schema.org\",\"@graph\":[{\"@type\":\"WebPage\",\"@id\":\"https:\\\/\\\/chacrys.com\\\/hu\\\/kristalyok\\\/epidot-kristaly-jelentese-elonyei-gyogyito-tulajdonsagai-es-hasznalata\\\/\",\"url\":\"https:\\\/\\\/chacrys.com\\\/hu\\\/kristalyok\\\/epidot-kristaly-jelentese-elonyei-gyogyito-tulajdonsagai-es-hasznalata\\\/\",\"name\":\"Epidot krist\u00e1ly - jelent\u00e9se, el\u0151nyei, gy\u00f3gy\u00edt\u00f3 tulajdons\u00e1gai \u00e9s haszn\u00e1lata - Chacrys\",\"isPartOf\":{\"@id\":\"https:\\\/\\\/chacrys.com\\\/hu\\\/#website\"},\"datePublished\":\"2025-07-06T16:34:38+00:00\",\"breadcrumb\":{\"@id\":\"https:\\\/\\\/chacrys.com\\\/hu\\\/kristalyok\\\/epidot-kristaly-jelentese-elonyei-gyogyito-tulajdonsagai-es-hasznalata\\\/#breadcrumb\"},\"inLanguage\":\"hu\",\"potentialAction\":[{\"@type\":\"ReadAction\",\"target\":[\"https:\\\/\\\/chacrys.com\\\/hu\\\/kristalyok\\\/epidot-kristaly-jelentese-elonyei-gyogyito-tulajdonsagai-es-hasznalata\\\/\"]}]},{\"@type\":\"BreadcrumbList\",\"@id\":\"https:\\\/\\\/chacrys.com\\\/hu\\\/kristalyok\\\/epidot-kristaly-jelentese-elonyei-gyogyito-tulajdonsagai-es-hasznalata\\\/#breadcrumb\",\"itemListElement\":[{\"@type\":\"ListItem\",\"position\":1,\"name\":\"Home\",\"item\":\"https:\\\/\\\/chacrys.com\\\/hu\\\/\"},{\"@type\":\"ListItem\",\"position\":2,\"name\":\"Krist\u00e1lyok\",\"item\":\"https:\\\/\\\/chacrys.com\\\/hu\\\/kristalyok\\\/\"},{\"@type\":\"ListItem\",\"position\":3,\"name\":\"Epidot krist\u00e1ly &#8211; jelent\u00e9se, el\u0151nyei, gy\u00f3gy\u00edt\u00f3 tulajdons\u00e1gai \u00e9s haszn\u00e1lata\"}]},{\"@type\":\"WebSite\",\"@id\":\"https:\\\/\\\/chacrys.com\\\/hu\\\/#website\",\"url\":\"https:\\\/\\\/chacrys.com\\\/hu\\\/\",\"name\":\"Chacrys\",\"description\":\"Chacrys\",\"publisher\":{\"@id\":\"https:\\\/\\\/chacrys.com\\\/hu\\\/#organization\"},\"potentialAction\":[{\"@type\":\"SearchAction\",\"target\":{\"@type\":\"EntryPoint\",\"urlTemplate\":\"https:\\\/\\\/chacrys.com\\\/hu\\\/?s={search_term_string}\"},\"query-input\":{\"@type\":\"PropertyValueSpecification\",\"valueRequired\":true,\"valueName\":\"search_term_string\"}}],\"inLanguage\":\"hu\"},{\"@type\":\"Organization\",\"@id\":\"https:\\\/\\\/chacrys.com\\\/hu\\\/#organization\",\"name\":\"Chacrys\",\"url\":\"https:\\\/\\\/chacrys.com\\\/hu\\\/\",\"logo\":{\"@type\":\"ImageObject\",\"inLanguage\":\"hu\",\"@id\":\"https:\\\/\\\/chacrys.com\\\/hu\\\/#\\\/schema\\\/logo\\\/image\\\/\",\"url\":\"https:\\\/\\\/chacrys.com\\\/wp-content\\\/uploads\\\/2024\\\/11\\\/cropped-FRANJULIA-6.png\",\"contentUrl\":\"https:\\\/\\\/chacrys.com\\\/wp-content\\\/uploads\\\/2024\\\/11\\\/cropped-FRANJULIA-6.png\",\"width\":512,\"height\":512,\"caption\":\"Chacrys\"},\"image\":{\"@id\":\"https:\\\/\\\/chacrys.com\\\/hu\\\/#\\\/schema\\\/logo\\\/image\\\/\"},\"sameAs\":[\"https:\\\/\\\/www.facebook.com\\\/chacryscrystal\",\"https:\\\/\\\/www.instagram.com\\\/chacrys\\\/\",\"https:\\\/\\\/www.pinterest.com\\\/chacryscrystalbed\\\/\",\"https:\\\/\\\/www.youtube.com\\\/@chacrysofficial9667\"]}]}<\/script>\n<!-- \/ Yoast SEO plugin. -->","yoast_head_json":{"title":"Epidot krist\u00e1ly - jelent\u00e9se, el\u0151nyei, gy\u00f3gy\u00edt\u00f3 tulajdons\u00e1gai \u00e9s haszn\u00e1lata - Chacrys","robots":{"index":"index","follow":"follow","max-snippet":"max-snippet:-1","max-image-preview":"max-image-preview:large","max-video-preview":"max-video-preview:-1"},"canonical":"https:\/\/chacrys.com\/hu\/kristalyok\/epidot-kristaly-jelentese-elonyei-gyogyito-tulajdonsagai-es-hasznalata\/","og_locale":"hu_HU","og_type":"article","og_title":"Epidot krist\u00e1ly - jelent\u00e9se, el\u0151nyei, gy\u00f3gy\u00edt\u00f3 tulajdons\u00e1gai \u00e9s haszn\u00e1lata - Chacrys","og_description":"Mi az az epidot? Ha es\u0151 ut\u00e1n belen\u00e9zel egy m\u00e9ly erdei mohafoltba, megpillanthatod az epidot jellegzetes t\u00f3nus\u00e1t &#8211; az olajz\u00f6ldet,","og_url":"https:\/\/chacrys.com\/hu\/kristalyok\/epidot-kristaly-jelentese-elonyei-gyogyito-tulajdonsagai-es-hasznalata\/","og_site_name":"Chacrys","article_publisher":"https:\/\/www.facebook.com\/chacryscrystal","twitter_card":"summary_large_image","twitter_misc":{"Becs\u00fclt olvas\u00e1si id\u0151":"3 perc"},"schema":{"@context":"https:\/\/schema.org","@graph":[{"@type":"WebPage","@id":"https:\/\/chacrys.com\/hu\/kristalyok\/epidot-kristaly-jelentese-elonyei-gyogyito-tulajdonsagai-es-hasznalata\/","url":"https:\/\/chacrys.com\/hu\/kristalyok\/epidot-kristaly-jelentese-elonyei-gyogyito-tulajdonsagai-es-hasznalata\/","name":"Epidot krist\u00e1ly - jelent\u00e9se, el\u0151nyei, gy\u00f3gy\u00edt\u00f3 tulajdons\u00e1gai \u00e9s haszn\u00e1lata - Chacrys","isPartOf":{"@id":"https:\/\/chacrys.com\/hu\/#website"},"datePublished":"2025-07-06T16:34:38+00:00","breadcrumb":{"@id":"https:\/\/chacrys.com\/hu\/kristalyok\/epidot-kristaly-jelentese-elonyei-gyogyito-tulajdonsagai-es-hasznalata\/#breadcrumb"},"inLanguage":"hu","potentialAction":[{"@type":"ReadAction","target":["https:\/\/chacrys.com\/hu\/kristalyok\/epidot-kristaly-jelentese-elonyei-gyogyito-tulajdonsagai-es-hasznalata\/"]}]},{"@type":"BreadcrumbList","@id":"https:\/\/chacrys.com\/hu\/kristalyok\/epidot-kristaly-jelentese-elonyei-gyogyito-tulajdonsagai-es-hasznalata\/#breadcrumb","itemListElement":[{"@type":"ListItem","position":1,"name":"Home","item":"https:\/\/chacrys.com\/hu\/"},{"@type":"ListItem","position":2,"name":"Krist\u00e1lyok","item":"https:\/\/chacrys.com\/hu\/kristalyok\/"},{"@type":"ListItem","position":3,"name":"Epidot krist\u00e1ly &#8211; jelent\u00e9se, el\u0151nyei, gy\u00f3gy\u00edt\u00f3 tulajdons\u00e1gai \u00e9s haszn\u00e1lata"}]},{"@type":"WebSite","@id":"https:\/\/chacrys.com\/hu\/#website","url":"https:\/\/chacrys.com\/hu\/","name":"Chacrys","description":"Chacrys","publisher":{"@id":"https:\/\/chacrys.com\/hu\/#organization"},"potentialAction":[{"@type":"SearchAction","target":{"@type":"EntryPoint","urlTemplate":"https:\/\/chacrys.com\/hu\/?s={search_term_string}"},"query-input":{"@type":"PropertyValueSpecification","valueRequired":true,"valueName":"search_term_string"}}],"inLanguage":"hu"},{"@type":"Organization","@id":"https:\/\/chacrys.com\/hu\/#organization","name":"Chacrys","url":"https:\/\/chacrys.com\/hu\/","logo":{"@type":"ImageObject","inLanguage":"hu","@id":"https:\/\/chacrys.com\/hu\/#\/schema\/logo\/image\/","url":"https:\/\/chacrys.com\/wp-content\/uploads\/2024\/11\/cropped-FRANJULIA-6.png","contentUrl":"https:\/\/chacrys.com\/wp-content\/uploads\/2024\/11\/cropped-FRANJULIA-6.png","width":512,"height":512,"caption":"Chacrys"},"image":{"@id":"https:\/\/chacrys.com\/hu\/#\/schema\/logo\/image\/"},"sameAs":["https:\/\/www.facebook.com\/chacryscrystal","https:\/\/www.instagram.com\/chacrys\/","https:\/\/www.pinterest.com\/chacryscrystalbed\/","https:\/\/www.youtube.com\/@chacrysofficial9667"]}]}},"_links":{"self":[{"href":"https:\/\/chacrys.com\/hu\/wp-json\/wp\/v2\/pages\/33553","targetHints":{"allow":["GET"]}}],"collection":[{"href":"https:\/\/chacrys.com\/hu\/wp-json\/wp\/v2\/pages"}],"about":[{"href":"https:\/\/chacrys.com\/hu\/wp-json\/wp\/v2\/types\/page"}],"author":[{"embeddable":true,"href":"https:\/\/chacrys.com\/hu\/wp-json\/wp\/v2\/users\/1"}],"replies":[{"embeddable":true,"href":"https:\/\/chacrys.com\/hu\/wp-json\/wp\/v2\/comments?post=33553"}],"version-history":[{"count":0,"href":"https:\/\/chacrys.com\/hu\/wp-json\/wp\/v2\/pages\/33553\/revisions"}],"up":[{"embeddable":true,"href":"https:\/\/chacrys.com\/hu\/wp-json\/wp\/v2\/pages\/33019"}],"wp:attachment":[{"href":"https:\/\/chacrys.com\/hu\/wp-json\/wp\/v2\/media?parent=33553"}],"curies":[{"name":"wp","href":"https:\/\/api.w.org\/{rel}","templated":true}]}}