{"id":33552,"date":"2025-07-06T16:34:38","date_gmt":"2025-07-06T16:34:38","guid":{"rendered":"https:\/\/chacrys.com\/kristalyok\/lemuriai-kvarckristaly-jelentese-elonyei-gyogyito-tulajdonsagai-es-hasznalata\/"},"modified":"2025-07-06T16:34:38","modified_gmt":"2025-07-06T16:34:38","slug":"lemuriai-kvarckristaly-jelentese-elonyei-gyogyito-tulajdonsagai-es-hasznalata","status":"publish","type":"page","link":"https:\/\/chacrys.com\/hu\/kristalyok\/lemuriai-kvarckristaly-jelentese-elonyei-gyogyito-tulajdonsagai-es-hasznalata\/","title":{"rendered":"Lem\u00fariai kvarckrist\u00e1ly &#8211; jelent\u00e9se, el\u0151nyei, gy\u00f3gy\u00edt\u00f3 tulajdons\u00e1gai \u00e9s haszn\u00e1lata"},"content":{"rendered":"<h2 style=\"font-size:28px\">Mi a Lem\u00fariai kvarc?<\/h2>\n<div style=\"font-size:22px\">A lem\u00fariai kvarc szab\u00e1lyos, tiszta pontoknak t\u0171nik, am\u00edg meg nem d\u00f6nt\u00f6d: v\u00edzszintes cs\u00edkok m\u00e1sznak fel a tengelyen, mint l\u00e9zerrel bev\u00e9sett vonalk\u00f3dok. A legenda szerint ezeket a &#8222;magkrist\u00e1lyokat&#8221; a mitikus lem\u00fariai civiliz\u00e1ci\u00f3 \u00fcltette el, hogy nyilv\u00e1ntart\u00e1st vezessenek. A n\u00e9phiedelemt\u0151l eltekintve a geol\u00f3gusok a bar\u00e1zd\u00e1kat a hidrotermikus zsebek gyors n\u00f6veked\u00e9si f\u00e1zisainak tulajdon\u00edtj\u00e1k. Fogja meg az egyiket, \u00e9s \u00e9rezni fogja, ahogy a bar\u00e1zd\u00e1k a b\u0151r\u00f6n megtapadnak, mint a bakelit nyomok. Kem\u00e9nys\u00e9ge a v\u00e1rt 7-es kvarc, de a v\u00e9gz\u0151d\u00e9sek gyakran finom l\u00e9zerp\u00e1lca alak\u00faak &#8211; ha leejt\u00fcnk egyet, szil\u00e1nkokat fogunk siratni.    <\/div>\n<h2 style=\"font-size:28px\">A lem\u00fariai kvarc el\u0151nyei<\/h2>\n<div style=\"font-size:22px\">A rajong\u00f3k a lem\u00fariaiakat \u00e1lruh\u00e1s enciklop\u00e9di\u00e1soknak \u00edrj\u00e1k le &#8211; az ujjhegyekkel v\u00e9gigsim\u00edtva a gerincek ment\u00e9n medit\u00e1lva \u00e1ll\u00edt\u00f3lag let\u00f6ltik a szunnyad\u00f3 b\u00f6lcsess\u00e9get. Az \u00e9szlelt el\u0151ny\u00f6k: hirtelen intuit\u00edv meg\u00e9rz\u00e9sek, h\u00e1tborzongat\u00f3 d\u00e9j\u00e0 vu, \u00e9s a k\u00e9t\u00e9rtelm\u0171s\u00e9ggel szembeni nagyobb tolerancia. N\u00e9h\u00e1nyan azt is megjegyzik, hogy a pr\u00e1n\u00e1j\u00e1ma sor\u00e1n k\u00f6nnyebb a l\u00e9gz\u00e9s, tal\u00e1n az\u00e9rt, mert az ujjak bar\u00e1zd\u00e1k ment\u00e9n val\u00f3 fut\u00e1sa szinkroniz\u00e1lja a bel\u00e9gz\u00e9st a tapint\u00e1si ritmussal. Kezeld ezeket a jelens\u00e9geket kontemplat\u00edv gyakorlatokk\u00e9nt &#8211; az \u00e9letrajzod \u00f6nmag\u00e1t \u00edrja \u00fajra, nem a krist\u00e1ly.   <\/div>\n<h2 style=\"font-size:28px\"><span data-sheets-root=\"1\">Hogyan haszn\u00e1ljuk a lem\u00fariai kvarcot?<\/span><\/h2>\n<div style=\"font-size:22px\">L\u00e9gz\u00e9smedit\u00e1ci\u00f3hoz a p\u00e1lc\u00e1t \u00fagy tartsa a kez\u00e9ben, hogy a h\u00fcvelykujja minden kil\u00e9gz\u00e9skor egyetlen bar\u00e1zd\u00e1t k\u00f6vet, a mutat\u00f3ujja hegye pedig egy m\u00e1sikat a bel\u00e9gz\u00e9skor; a tapinthat\u00f3 metron\u00f3m megf\u00e9kezi az elme v\u00e1ndorl\u00e1s\u00e1t. Az \u00f6tletel\u00e9s sor\u00e1n \u00e1ll\u00edtsa a krist\u00e1lyt f\u00fcgg\u0151legesen; minden alkalommal, amikor ment\u00e1lis falba \u00fctk\u00f6zik, cs\u00fasztassa lefel\u00e9 a tenyer\u00e9t, szimbolikusan &#8222;g\u00f6rgetve&#8221; a k\u00f6vetkez\u0151 \u00f6tletet. Az energiamunk\u00e1sok gyakran h\u00e1rom lem\u00fariai krist\u00e1lyt h\u00e1romsz\u00f6gbe raknak egy massz\u00e1zsasztal al\u00e1, a hegyek \u00e9rintik a f\u00e1t, hogy l\u00e9trehozz\u00e1k azt, amit krist\u00e1lyos Wi-Fi hotspotnak neveznek.  <\/div>\n<h2 style=\"font-size:28px\">A lem\u00fariai kvarc gy\u00f3gy\u00edt\u00f3 tulajdons\u00e1gai<\/h2>\n<div style=\"font-size:22px\">Megjelen\u00e9s: tiszta vagy halv\u00e1ny r\u00f3zsasz\u00edn\u0171 vagy f\u00fcst\u00f6s, jellegzetes l\u00e9tra-lik.<\/div>\n<h2 style=\"font-size:28px\"><span data-sheets-root=\"1\">Lem\u00fariai kvarc tiszt\u00edt\u00e1s \u00e9s karbantart\u00e1s<\/span><\/h2>\n<div style=\"font-size:22px\"><\/div>\n","protected":false},"excerpt":{"rendered":"<p>Mi a Lem\u00fariai kvarc? A lem\u00fariai kvarc szab\u00e1lyos, tiszta pontoknak t\u0171nik, am\u00edg meg nem d\u00f6nt\u00f6d: v\u00edzszintes cs\u00edkok m\u00e1sznak fel a<\/p>\n","protected":false},"author":1,"featured_media":0,"parent":33019,"menu_order":0,"comment_status":"closed","ping_status":"closed","template":"","meta":{"footnotes":""},"class_list":["post-33552","page","type-page","status-publish","hentry"],"yoast_head":"<!-- This site is optimized with the Yoast SEO plugin v27.5 - https:\/\/yoast.com\/product\/yoast-seo-wordpress\/ -->\n<title>Lem\u00fariai kvarckrist\u00e1ly - jelent\u00e9se, el\u0151nyei, gy\u00f3gy\u00edt\u00f3 tulajdons\u00e1gai \u00e9s haszn\u00e1lata - Chacrys<\/title>\n<meta name=\"robots\" content=\"index, follow, max-snippet:-1, max-image-preview:large, max-video-preview:-1\" \/>\n<link rel=\"canonical\" href=\"https:\/\/chacrys.com\/hu\/kristalyok\/lemuriai-kvarckristaly-jelentese-elonyei-gyogyito-tulajdonsagai-es-hasznalata\/\" \/>\n<meta property=\"og:locale\" content=\"hu_HU\" \/>\n<meta property=\"og:type\" content=\"article\" \/>\n<meta property=\"og:title\" content=\"Lem\u00fariai kvarckrist\u00e1ly - jelent\u00e9se, el\u0151nyei, gy\u00f3gy\u00edt\u00f3 tulajdons\u00e1gai \u00e9s haszn\u00e1lata - Chacrys\" \/>\n<meta property=\"og:description\" content=\"Mi a Lem\u00fariai kvarc? A lem\u00fariai kvarc szab\u00e1lyos, tiszta pontoknak t\u0171nik, am\u00edg meg nem d\u00f6nt\u00f6d: v\u00edzszintes cs\u00edkok m\u00e1sznak fel a\" \/>\n<meta property=\"og:url\" content=\"https:\/\/chacrys.com\/hu\/kristalyok\/lemuriai-kvarckristaly-jelentese-elonyei-gyogyito-tulajdonsagai-es-hasznalata\/\" \/>\n<meta property=\"og:site_name\" content=\"Chacrys\" \/>\n<meta property=\"article:publisher\" content=\"https:\/\/www.facebook.com\/chacryscrystal\" \/>\n<meta name=\"twitter:card\" content=\"summary_large_image\" \/>\n<meta name=\"twitter:label1\" content=\"Becs\u00fclt olvas\u00e1si id\u0151\" \/>\n\t<meta name=\"twitter:data1\" content=\"2 perc\" \/>\n<script type=\"application\/ld+json\" class=\"yoast-schema-graph\">{\"@context\":\"https:\\\/\\\/schema.org\",\"@graph\":[{\"@type\":\"WebPage\",\"@id\":\"https:\\\/\\\/chacrys.com\\\/hu\\\/kristalyok\\\/lemuriai-kvarckristaly-jelentese-elonyei-gyogyito-tulajdonsagai-es-hasznalata\\\/\",\"url\":\"https:\\\/\\\/chacrys.com\\\/hu\\\/kristalyok\\\/lemuriai-kvarckristaly-jelentese-elonyei-gyogyito-tulajdonsagai-es-hasznalata\\\/\",\"name\":\"Lem\u00fariai kvarckrist\u00e1ly - jelent\u00e9se, el\u0151nyei, gy\u00f3gy\u00edt\u00f3 tulajdons\u00e1gai \u00e9s haszn\u00e1lata - Chacrys\",\"isPartOf\":{\"@id\":\"https:\\\/\\\/chacrys.com\\\/hu\\\/#website\"},\"datePublished\":\"2025-07-06T16:34:38+00:00\",\"breadcrumb\":{\"@id\":\"https:\\\/\\\/chacrys.com\\\/hu\\\/kristalyok\\\/lemuriai-kvarckristaly-jelentese-elonyei-gyogyito-tulajdonsagai-es-hasznalata\\\/#breadcrumb\"},\"inLanguage\":\"hu\",\"potentialAction\":[{\"@type\":\"ReadAction\",\"target\":[\"https:\\\/\\\/chacrys.com\\\/hu\\\/kristalyok\\\/lemuriai-kvarckristaly-jelentese-elonyei-gyogyito-tulajdonsagai-es-hasznalata\\\/\"]}]},{\"@type\":\"BreadcrumbList\",\"@id\":\"https:\\\/\\\/chacrys.com\\\/hu\\\/kristalyok\\\/lemuriai-kvarckristaly-jelentese-elonyei-gyogyito-tulajdonsagai-es-hasznalata\\\/#breadcrumb\",\"itemListElement\":[{\"@type\":\"ListItem\",\"position\":1,\"name\":\"Home\",\"item\":\"https:\\\/\\\/chacrys.com\\\/hu\\\/\"},{\"@type\":\"ListItem\",\"position\":2,\"name\":\"Krist\u00e1lyok\",\"item\":\"https:\\\/\\\/chacrys.com\\\/hu\\\/kristalyok\\\/\"},{\"@type\":\"ListItem\",\"position\":3,\"name\":\"Lem\u00fariai kvarckrist\u00e1ly &#8211; jelent\u00e9se, el\u0151nyei, gy\u00f3gy\u00edt\u00f3 tulajdons\u00e1gai \u00e9s haszn\u00e1lata\"}]},{\"@type\":\"WebSite\",\"@id\":\"https:\\\/\\\/chacrys.com\\\/hu\\\/#website\",\"url\":\"https:\\\/\\\/chacrys.com\\\/hu\\\/\",\"name\":\"Chacrys\",\"description\":\"Chacrys\",\"publisher\":{\"@id\":\"https:\\\/\\\/chacrys.com\\\/hu\\\/#organization\"},\"potentialAction\":[{\"@type\":\"SearchAction\",\"target\":{\"@type\":\"EntryPoint\",\"urlTemplate\":\"https:\\\/\\\/chacrys.com\\\/hu\\\/?s={search_term_string}\"},\"query-input\":{\"@type\":\"PropertyValueSpecification\",\"valueRequired\":true,\"valueName\":\"search_term_string\"}}],\"inLanguage\":\"hu\"},{\"@type\":\"Organization\",\"@id\":\"https:\\\/\\\/chacrys.com\\\/hu\\\/#organization\",\"name\":\"Chacrys\",\"url\":\"https:\\\/\\\/chacrys.com\\\/hu\\\/\",\"logo\":{\"@type\":\"ImageObject\",\"inLanguage\":\"hu\",\"@id\":\"https:\\\/\\\/chacrys.com\\\/hu\\\/#\\\/schema\\\/logo\\\/image\\\/\",\"url\":\"https:\\\/\\\/chacrys.com\\\/wp-content\\\/uploads\\\/2024\\\/11\\\/cropped-FRANJULIA-6.png\",\"contentUrl\":\"https:\\\/\\\/chacrys.com\\\/wp-content\\\/uploads\\\/2024\\\/11\\\/cropped-FRANJULIA-6.png\",\"width\":512,\"height\":512,\"caption\":\"Chacrys\"},\"image\":{\"@id\":\"https:\\\/\\\/chacrys.com\\\/hu\\\/#\\\/schema\\\/logo\\\/image\\\/\"},\"sameAs\":[\"https:\\\/\\\/www.facebook.com\\\/chacryscrystal\",\"https:\\\/\\\/www.instagram.com\\\/chacrys\\\/\",\"https:\\\/\\\/www.pinterest.com\\\/chacryscrystalbed\\\/\",\"https:\\\/\\\/www.youtube.com\\\/@chacrysofficial9667\"]}]}<\/script>\n<!-- \/ Yoast SEO plugin. -->","yoast_head_json":{"title":"Lem\u00fariai kvarckrist\u00e1ly - jelent\u00e9se, el\u0151nyei, gy\u00f3gy\u00edt\u00f3 tulajdons\u00e1gai \u00e9s haszn\u00e1lata - Chacrys","robots":{"index":"index","follow":"follow","max-snippet":"max-snippet:-1","max-image-preview":"max-image-preview:large","max-video-preview":"max-video-preview:-1"},"canonical":"https:\/\/chacrys.com\/hu\/kristalyok\/lemuriai-kvarckristaly-jelentese-elonyei-gyogyito-tulajdonsagai-es-hasznalata\/","og_locale":"hu_HU","og_type":"article","og_title":"Lem\u00fariai kvarckrist\u00e1ly - jelent\u00e9se, el\u0151nyei, gy\u00f3gy\u00edt\u00f3 tulajdons\u00e1gai \u00e9s haszn\u00e1lata - Chacrys","og_description":"Mi a Lem\u00fariai kvarc? A lem\u00fariai kvarc szab\u00e1lyos, tiszta pontoknak t\u0171nik, am\u00edg meg nem d\u00f6nt\u00f6d: v\u00edzszintes cs\u00edkok m\u00e1sznak fel a","og_url":"https:\/\/chacrys.com\/hu\/kristalyok\/lemuriai-kvarckristaly-jelentese-elonyei-gyogyito-tulajdonsagai-es-hasznalata\/","og_site_name":"Chacrys","article_publisher":"https:\/\/www.facebook.com\/chacryscrystal","twitter_card":"summary_large_image","twitter_misc":{"Becs\u00fclt olvas\u00e1si id\u0151":"2 perc"},"schema":{"@context":"https:\/\/schema.org","@graph":[{"@type":"WebPage","@id":"https:\/\/chacrys.com\/hu\/kristalyok\/lemuriai-kvarckristaly-jelentese-elonyei-gyogyito-tulajdonsagai-es-hasznalata\/","url":"https:\/\/chacrys.com\/hu\/kristalyok\/lemuriai-kvarckristaly-jelentese-elonyei-gyogyito-tulajdonsagai-es-hasznalata\/","name":"Lem\u00fariai kvarckrist\u00e1ly - jelent\u00e9se, el\u0151nyei, gy\u00f3gy\u00edt\u00f3 tulajdons\u00e1gai \u00e9s haszn\u00e1lata - Chacrys","isPartOf":{"@id":"https:\/\/chacrys.com\/hu\/#website"},"datePublished":"2025-07-06T16:34:38+00:00","breadcrumb":{"@id":"https:\/\/chacrys.com\/hu\/kristalyok\/lemuriai-kvarckristaly-jelentese-elonyei-gyogyito-tulajdonsagai-es-hasznalata\/#breadcrumb"},"inLanguage":"hu","potentialAction":[{"@type":"ReadAction","target":["https:\/\/chacrys.com\/hu\/kristalyok\/lemuriai-kvarckristaly-jelentese-elonyei-gyogyito-tulajdonsagai-es-hasznalata\/"]}]},{"@type":"BreadcrumbList","@id":"https:\/\/chacrys.com\/hu\/kristalyok\/lemuriai-kvarckristaly-jelentese-elonyei-gyogyito-tulajdonsagai-es-hasznalata\/#breadcrumb","itemListElement":[{"@type":"ListItem","position":1,"name":"Home","item":"https:\/\/chacrys.com\/hu\/"},{"@type":"ListItem","position":2,"name":"Krist\u00e1lyok","item":"https:\/\/chacrys.com\/hu\/kristalyok\/"},{"@type":"ListItem","position":3,"name":"Lem\u00fariai kvarckrist\u00e1ly &#8211; jelent\u00e9se, el\u0151nyei, gy\u00f3gy\u00edt\u00f3 tulajdons\u00e1gai \u00e9s haszn\u00e1lata"}]},{"@type":"WebSite","@id":"https:\/\/chacrys.com\/hu\/#website","url":"https:\/\/chacrys.com\/hu\/","name":"Chacrys","description":"Chacrys","publisher":{"@id":"https:\/\/chacrys.com\/hu\/#organization"},"potentialAction":[{"@type":"SearchAction","target":{"@type":"EntryPoint","urlTemplate":"https:\/\/chacrys.com\/hu\/?s={search_term_string}"},"query-input":{"@type":"PropertyValueSpecification","valueRequired":true,"valueName":"search_term_string"}}],"inLanguage":"hu"},{"@type":"Organization","@id":"https:\/\/chacrys.com\/hu\/#organization","name":"Chacrys","url":"https:\/\/chacrys.com\/hu\/","logo":{"@type":"ImageObject","inLanguage":"hu","@id":"https:\/\/chacrys.com\/hu\/#\/schema\/logo\/image\/","url":"https:\/\/chacrys.com\/wp-content\/uploads\/2024\/11\/cropped-FRANJULIA-6.png","contentUrl":"https:\/\/chacrys.com\/wp-content\/uploads\/2024\/11\/cropped-FRANJULIA-6.png","width":512,"height":512,"caption":"Chacrys"},"image":{"@id":"https:\/\/chacrys.com\/hu\/#\/schema\/logo\/image\/"},"sameAs":["https:\/\/www.facebook.com\/chacryscrystal","https:\/\/www.instagram.com\/chacrys\/","https:\/\/www.pinterest.com\/chacryscrystalbed\/","https:\/\/www.youtube.com\/@chacrysofficial9667"]}]}},"_links":{"self":[{"href":"https:\/\/chacrys.com\/hu\/wp-json\/wp\/v2\/pages\/33552","targetHints":{"allow":["GET"]}}],"collection":[{"href":"https:\/\/chacrys.com\/hu\/wp-json\/wp\/v2\/pages"}],"about":[{"href":"https:\/\/chacrys.com\/hu\/wp-json\/wp\/v2\/types\/page"}],"author":[{"embeddable":true,"href":"https:\/\/chacrys.com\/hu\/wp-json\/wp\/v2\/users\/1"}],"replies":[{"embeddable":true,"href":"https:\/\/chacrys.com\/hu\/wp-json\/wp\/v2\/comments?post=33552"}],"version-history":[{"count":0,"href":"https:\/\/chacrys.com\/hu\/wp-json\/wp\/v2\/pages\/33552\/revisions"}],"up":[{"embeddable":true,"href":"https:\/\/chacrys.com\/hu\/wp-json\/wp\/v2\/pages\/33019"}],"wp:attachment":[{"href":"https:\/\/chacrys.com\/hu\/wp-json\/wp\/v2\/media?parent=33552"}],"curies":[{"name":"wp","href":"https:\/\/api.w.org\/{rel}","templated":true}]}}