{"id":33549,"date":"2025-07-06T16:36:07","date_gmt":"2025-07-06T16:36:07","guid":{"rendered":"https:\/\/chacrys.com\/kristalyok\/malachit-kristaly-jelentese-elonyei-gyogyito-tulajdonsagai-es-hasznalata\/"},"modified":"2025-07-06T16:36:07","modified_gmt":"2025-07-06T16:36:07","slug":"malachit-kristaly-jelentese-elonyei-gyogyito-tulajdonsagai-es-hasznalata","status":"publish","type":"page","link":"https:\/\/chacrys.com\/hu\/kristalyok\/malachit-kristaly-jelentese-elonyei-gyogyito-tulajdonsagai-es-hasznalata\/","title":{"rendered":"Malachit krist\u00e1ly &#8211; jelent\u00e9se, el\u0151nyei, gy\u00f3gy\u00edt\u00f3 tulajdons\u00e1gai \u00e9s haszn\u00e1lata"},"content":{"rendered":"<h2 style=\"font-size:28px\">Mi az a malachit?<\/h2>\n<div style=\"font-size:22px\">A malachit a r\u00e9z z\u00f6ld buzgalma megszil\u00e1rdult &#8211; koncentrikus gy\u0171r\u0171kb\u0151l \u00e1ll\u00f3, bots\u00e1sk\u00e1s t\u00f6megek, amelyek olyanok, mint a technicolorban pomp\u00e1z\u00f3 f\u00e1k n\u00f6veked\u00e9si gy\u0171r\u0171i. Akkor k\u00e9pz\u0151dik, amikor a r\u00e9z\u00e9rc oxid\u00e1l\u00f3dik a m\u00e9szk\u0151ben, selymes, sz\u00e1las krist\u00e1lyokat hozva l\u00e9tre, amelyek b\u00e1rsonyos \u00f6rv\u00e9nyekk\u00e9 t\u00f6m\u00f6r\u00fclnek. Az \u00f3kori k\u00e9zm\u0171vesek amuletteket faragtak bel\u0151le; renesz\u00e1nsz palot\u00e1k eg\u00e9sz falakat b\u00e9leltek ki vele. S\u0171r\u0171s\u00e9ge nagy; egy kis darab meglep\u0151en neh\u00e9znek t\u0171nik. A Mohs 3\u00bd-4, a malachit zsebk\u00e9ssel karcolhat\u00f3, de a f\u00e9nye \u00fagy csillog, mint a m\u00e1zas ker\u00e1mia.    <\/div>\n<h2 style=\"font-size:28px\">A malachit el\u0151nyei<\/h2>\n<div style=\"font-size:22px\">A k\u0151 \u00e1lland\u00f3an v\u00e1ltoz\u00f3 s\u00e1vjai miatt a szem\u00e9lyes z\u0171rzavarok idej\u00e9n is kedvelt. A haszn\u00e1l\u00f3k arr\u00f3l sz\u00e1molnak be, hogy \u00e9lesebb szemmel figyelik az ism\u00e9tl\u0151d\u0151 \u00e9rzelmi hurkokat, nagyobb hajland\u00f3s\u00e1got mutatnak a kem\u00e9ny igazs\u00e1gok kimond\u00e1s\u00e1ra \u00e9s az \u00f6r\u00f6m\u00f6t elsz\u00edv\u00f3 k\u00f6telezetts\u00e9gek lefarag\u00e1s\u00e1ra. Sokan \u00e9rzik azt is, hogy gyeng\u00e9d l\u00f6k\u00e9st kapnak a kock\u00e1zatkezelt n\u00f6veked\u00e9s ir\u00e1ny\u00e1ba, mintha a r\u00e9z\u00e9rc egy f\u00e9nyes \u00faj \u00e1sv\u00e1nyk\u0151v\u00e9 alakulna \u00e1t. A malachitpor m\u00e9rgez\u0151; biztons\u00e1gos megmunk\u00e1l\u00e1s\u00e1hoz maszkokra \u00e9s lez\u00e1rt v\u00edzrendszerekre van sz\u00fcks\u00e9g &#8211; ez a val\u00f3 vil\u00e1g bizony\u00edt\u00e9ka annak, hogy az \u00e1talakul\u00e1s felel\u0151ss\u00e9ggel j\u00e1r.   <\/div>\n<h2 style=\"font-size:28px\"><span data-sheets-root=\"1\">Hogyan haszn\u00e1ljuk a malachitot?<\/span><\/h2>\n<div style=\"font-size:22px\">A rekeszizom f\u00f6l\u00f6tt viselj\u00fcnk egy csiszolt cabochont; h\u0171v\u00f6s s\u00falya nyugtatja a gyors l\u00e9gz\u00e9st. A k\u00f6lts\u00e9gvet\u00e9s fel\u00fclvizsg\u00e1lata sor\u00e1n pihentesse ujjait egy malachit teny\u00e9rk\u00f6v\u00f6n, miel\u0151tt meger\u0151s\u00edti a nagy kiad\u00e1sokat &#8211; a z\u00f6ld \u00f6rv\u00e9nyek azt k\u00e9rdezik: &#8222;befektet\u00e9s vagy impulzus?&#8221;. A kert\u00e9szek szeleteket helyeznek a cser\u00e9p alj\u00e1ra; a k\u00f6v\u00f6n \u00e1tcsorg\u00f3 v\u00edz vizu\u00e1lisan k\u00f6veti a hidrat\u00e1ci\u00f3s szok\u00e1sokat (az \u00e1sv\u00e1ny v\u00e9delme \u00e9rdek\u00e9ben t\u00e1vol\u00edtsa el, miel\u0151tt a n\u00f6v\u00e9ny kisz\u00e1rad).  <\/div>\n<h2 style=\"font-size:28px\">A malachit gy\u00f3gy\u00edt\u00f3 tulajdons\u00e1gai<\/h2>\n<div style=\"font-size:22px\">Sz\u00edn: smaragdz\u00f6ldt\u0151l a m\u00e9ly erd\u0151ig ritmikus s\u00e1voz\u00e1sban, id\u0151nk\u00e9nt apr\u00f3 cseppk\u00f6vekb\u0151l \u00e1ll\u00f3 b\u00e1rsonyk\u00e9reg. K\u00e9mia: Cu\u2082CO\u2083(OH)\u2082. Sz\u00e1rmaz\u00e1si hely: Kong\u00f3i r\u00e9z\u00f6vezet, orosz Ural, arizonai r\u00e9zb\u00e1ny\u00e1k. Energetikai kulcsszavak: mintafelismer\u00e9s, katalitikus b\u00e1tors\u00e1g, \u00e9ber v\u00e9delem.   <\/div>\n<h2 style=\"font-size:28px\"><span data-sheets-root=\"1\">Malachit tiszt\u00edt\u00e1s \u00e9s karbantart\u00e1s<\/span><\/h2>\n<div style=\"font-size:22px\">Soha ne \u00e1ztassa be &#8211; a v\u00edz kimossa a rezet \u00e9s tomp\u00edtja a f\u00e9nyez\u00e9st. Puha, alig nedves ruh\u00e1val t\u00f6r\u00f6lje le, azonnal sz\u00e1r\u00edtsa meg. T\u00f6ltse fel egy cser\u00e9pdarabon pihentetve egy \u00e9jszak\u00e1n \u00e1t; az agyag elvonja a felsz\u00edni savakat. T\u00e1rolja pamutba csomagolva; ker\u00fclje a napf\u00e9nyt, amely a m\u00e9ly s\u00e1vokat pasztellsz\u00edn\u0171re fak\u00edtja.   <\/div>\n","protected":false},"excerpt":{"rendered":"<p>Mi az a malachit? A malachit a r\u00e9z z\u00f6ld buzgalma megszil\u00e1rdult &#8211; koncentrikus gy\u0171r\u0171kb\u0151l \u00e1ll\u00f3, bots\u00e1sk\u00e1s t\u00f6megek, amelyek olyanok, mint<\/p>\n","protected":false},"author":1,"featured_media":0,"parent":33019,"menu_order":0,"comment_status":"closed","ping_status":"closed","template":"","meta":{"footnotes":""},"class_list":["post-33549","page","type-page","status-publish","hentry"],"yoast_head":"<!-- This site is optimized with the Yoast SEO plugin v27.4 - https:\/\/yoast.com\/product\/yoast-seo-wordpress\/ -->\n<title>Malachit krist\u00e1ly - jelent\u00e9se, el\u0151nyei, gy\u00f3gy\u00edt\u00f3 tulajdons\u00e1gai \u00e9s haszn\u00e1lata - Chacrys<\/title>\n<meta name=\"robots\" content=\"index, follow, max-snippet:-1, max-image-preview:large, max-video-preview:-1\" \/>\n<link rel=\"canonical\" href=\"https:\/\/chacrys.com\/hu\/kristalyok\/malachit-kristaly-jelentese-elonyei-gyogyito-tulajdonsagai-es-hasznalata\/\" \/>\n<meta property=\"og:locale\" content=\"hu_HU\" \/>\n<meta property=\"og:type\" content=\"article\" \/>\n<meta property=\"og:title\" content=\"Malachit krist\u00e1ly - jelent\u00e9se, el\u0151nyei, gy\u00f3gy\u00edt\u00f3 tulajdons\u00e1gai \u00e9s haszn\u00e1lata - Chacrys\" \/>\n<meta property=\"og:description\" content=\"Mi az a malachit? A malachit a r\u00e9z z\u00f6ld buzgalma megszil\u00e1rdult &#8211; koncentrikus gy\u0171r\u0171kb\u0151l \u00e1ll\u00f3, bots\u00e1sk\u00e1s t\u00f6megek, amelyek olyanok, mint\" \/>\n<meta property=\"og:url\" content=\"https:\/\/chacrys.com\/hu\/kristalyok\/malachit-kristaly-jelentese-elonyei-gyogyito-tulajdonsagai-es-hasznalata\/\" \/>\n<meta property=\"og:site_name\" content=\"Chacrys\" \/>\n<meta property=\"article:publisher\" content=\"https:\/\/www.facebook.com\/chacryscrystal\" \/>\n<meta name=\"twitter:card\" content=\"summary_large_image\" \/>\n<meta name=\"twitter:label1\" content=\"Becs\u00fclt olvas\u00e1si id\u0151\" \/>\n\t<meta name=\"twitter:data1\" content=\"3 perc\" \/>\n<script type=\"application\/ld+json\" class=\"yoast-schema-graph\">{\"@context\":\"https:\\\/\\\/schema.org\",\"@graph\":[{\"@type\":\"WebPage\",\"@id\":\"https:\\\/\\\/chacrys.com\\\/hu\\\/kristalyok\\\/malachit-kristaly-jelentese-elonyei-gyogyito-tulajdonsagai-es-hasznalata\\\/\",\"url\":\"https:\\\/\\\/chacrys.com\\\/hu\\\/kristalyok\\\/malachit-kristaly-jelentese-elonyei-gyogyito-tulajdonsagai-es-hasznalata\\\/\",\"name\":\"Malachit krist\u00e1ly - jelent\u00e9se, el\u0151nyei, gy\u00f3gy\u00edt\u00f3 tulajdons\u00e1gai \u00e9s haszn\u00e1lata - Chacrys\",\"isPartOf\":{\"@id\":\"https:\\\/\\\/chacrys.com\\\/hu\\\/#website\"},\"datePublished\":\"2025-07-06T16:36:07+00:00\",\"breadcrumb\":{\"@id\":\"https:\\\/\\\/chacrys.com\\\/hu\\\/kristalyok\\\/malachit-kristaly-jelentese-elonyei-gyogyito-tulajdonsagai-es-hasznalata\\\/#breadcrumb\"},\"inLanguage\":\"hu\",\"potentialAction\":[{\"@type\":\"ReadAction\",\"target\":[\"https:\\\/\\\/chacrys.com\\\/hu\\\/kristalyok\\\/malachit-kristaly-jelentese-elonyei-gyogyito-tulajdonsagai-es-hasznalata\\\/\"]}]},{\"@type\":\"BreadcrumbList\",\"@id\":\"https:\\\/\\\/chacrys.com\\\/hu\\\/kristalyok\\\/malachit-kristaly-jelentese-elonyei-gyogyito-tulajdonsagai-es-hasznalata\\\/#breadcrumb\",\"itemListElement\":[{\"@type\":\"ListItem\",\"position\":1,\"name\":\"Home\",\"item\":\"https:\\\/\\\/chacrys.com\\\/hu\\\/\"},{\"@type\":\"ListItem\",\"position\":2,\"name\":\"Krist\u00e1lyok\",\"item\":\"https:\\\/\\\/chacrys.com\\\/hu\\\/kristalyok\\\/\"},{\"@type\":\"ListItem\",\"position\":3,\"name\":\"Malachit krist\u00e1ly &#8211; jelent\u00e9se, el\u0151nyei, gy\u00f3gy\u00edt\u00f3 tulajdons\u00e1gai \u00e9s haszn\u00e1lata\"}]},{\"@type\":\"WebSite\",\"@id\":\"https:\\\/\\\/chacrys.com\\\/hu\\\/#website\",\"url\":\"https:\\\/\\\/chacrys.com\\\/hu\\\/\",\"name\":\"Chacrys\",\"description\":\"Chacrys\",\"publisher\":{\"@id\":\"https:\\\/\\\/chacrys.com\\\/hu\\\/#organization\"},\"potentialAction\":[{\"@type\":\"SearchAction\",\"target\":{\"@type\":\"EntryPoint\",\"urlTemplate\":\"https:\\\/\\\/chacrys.com\\\/hu\\\/?s={search_term_string}\"},\"query-input\":{\"@type\":\"PropertyValueSpecification\",\"valueRequired\":true,\"valueName\":\"search_term_string\"}}],\"inLanguage\":\"hu\"},{\"@type\":\"Organization\",\"@id\":\"https:\\\/\\\/chacrys.com\\\/hu\\\/#organization\",\"name\":\"Chacrys\",\"url\":\"https:\\\/\\\/chacrys.com\\\/hu\\\/\",\"logo\":{\"@type\":\"ImageObject\",\"inLanguage\":\"hu\",\"@id\":\"https:\\\/\\\/chacrys.com\\\/hu\\\/#\\\/schema\\\/logo\\\/image\\\/\",\"url\":\"https:\\\/\\\/chacrys.com\\\/wp-content\\\/uploads\\\/2024\\\/11\\\/cropped-FRANJULIA-6.png\",\"contentUrl\":\"https:\\\/\\\/chacrys.com\\\/wp-content\\\/uploads\\\/2024\\\/11\\\/cropped-FRANJULIA-6.png\",\"width\":512,\"height\":512,\"caption\":\"Chacrys\"},\"image\":{\"@id\":\"https:\\\/\\\/chacrys.com\\\/hu\\\/#\\\/schema\\\/logo\\\/image\\\/\"},\"sameAs\":[\"https:\\\/\\\/www.facebook.com\\\/chacryscrystal\",\"https:\\\/\\\/www.instagram.com\\\/chacrys\\\/\",\"https:\\\/\\\/www.pinterest.com\\\/chacryscrystalbed\\\/\",\"https:\\\/\\\/www.youtube.com\\\/@chacrysofficial9667\"]}]}<\/script>\n<!-- \/ Yoast SEO plugin. -->","yoast_head_json":{"title":"Malachit krist\u00e1ly - jelent\u00e9se, el\u0151nyei, gy\u00f3gy\u00edt\u00f3 tulajdons\u00e1gai \u00e9s haszn\u00e1lata - Chacrys","robots":{"index":"index","follow":"follow","max-snippet":"max-snippet:-1","max-image-preview":"max-image-preview:large","max-video-preview":"max-video-preview:-1"},"canonical":"https:\/\/chacrys.com\/hu\/kristalyok\/malachit-kristaly-jelentese-elonyei-gyogyito-tulajdonsagai-es-hasznalata\/","og_locale":"hu_HU","og_type":"article","og_title":"Malachit krist\u00e1ly - jelent\u00e9se, el\u0151nyei, gy\u00f3gy\u00edt\u00f3 tulajdons\u00e1gai \u00e9s haszn\u00e1lata - Chacrys","og_description":"Mi az a malachit? A malachit a r\u00e9z z\u00f6ld buzgalma megszil\u00e1rdult &#8211; koncentrikus gy\u0171r\u0171kb\u0151l \u00e1ll\u00f3, bots\u00e1sk\u00e1s t\u00f6megek, amelyek olyanok, mint","og_url":"https:\/\/chacrys.com\/hu\/kristalyok\/malachit-kristaly-jelentese-elonyei-gyogyito-tulajdonsagai-es-hasznalata\/","og_site_name":"Chacrys","article_publisher":"https:\/\/www.facebook.com\/chacryscrystal","twitter_card":"summary_large_image","twitter_misc":{"Becs\u00fclt olvas\u00e1si id\u0151":"3 perc"},"schema":{"@context":"https:\/\/schema.org","@graph":[{"@type":"WebPage","@id":"https:\/\/chacrys.com\/hu\/kristalyok\/malachit-kristaly-jelentese-elonyei-gyogyito-tulajdonsagai-es-hasznalata\/","url":"https:\/\/chacrys.com\/hu\/kristalyok\/malachit-kristaly-jelentese-elonyei-gyogyito-tulajdonsagai-es-hasznalata\/","name":"Malachit krist\u00e1ly - jelent\u00e9se, el\u0151nyei, gy\u00f3gy\u00edt\u00f3 tulajdons\u00e1gai \u00e9s haszn\u00e1lata - Chacrys","isPartOf":{"@id":"https:\/\/chacrys.com\/hu\/#website"},"datePublished":"2025-07-06T16:36:07+00:00","breadcrumb":{"@id":"https:\/\/chacrys.com\/hu\/kristalyok\/malachit-kristaly-jelentese-elonyei-gyogyito-tulajdonsagai-es-hasznalata\/#breadcrumb"},"inLanguage":"hu","potentialAction":[{"@type":"ReadAction","target":["https:\/\/chacrys.com\/hu\/kristalyok\/malachit-kristaly-jelentese-elonyei-gyogyito-tulajdonsagai-es-hasznalata\/"]}]},{"@type":"BreadcrumbList","@id":"https:\/\/chacrys.com\/hu\/kristalyok\/malachit-kristaly-jelentese-elonyei-gyogyito-tulajdonsagai-es-hasznalata\/#breadcrumb","itemListElement":[{"@type":"ListItem","position":1,"name":"Home","item":"https:\/\/chacrys.com\/hu\/"},{"@type":"ListItem","position":2,"name":"Krist\u00e1lyok","item":"https:\/\/chacrys.com\/hu\/kristalyok\/"},{"@type":"ListItem","position":3,"name":"Malachit krist\u00e1ly &#8211; jelent\u00e9se, el\u0151nyei, gy\u00f3gy\u00edt\u00f3 tulajdons\u00e1gai \u00e9s haszn\u00e1lata"}]},{"@type":"WebSite","@id":"https:\/\/chacrys.com\/hu\/#website","url":"https:\/\/chacrys.com\/hu\/","name":"Chacrys","description":"Chacrys","publisher":{"@id":"https:\/\/chacrys.com\/hu\/#organization"},"potentialAction":[{"@type":"SearchAction","target":{"@type":"EntryPoint","urlTemplate":"https:\/\/chacrys.com\/hu\/?s={search_term_string}"},"query-input":{"@type":"PropertyValueSpecification","valueRequired":true,"valueName":"search_term_string"}}],"inLanguage":"hu"},{"@type":"Organization","@id":"https:\/\/chacrys.com\/hu\/#organization","name":"Chacrys","url":"https:\/\/chacrys.com\/hu\/","logo":{"@type":"ImageObject","inLanguage":"hu","@id":"https:\/\/chacrys.com\/hu\/#\/schema\/logo\/image\/","url":"https:\/\/chacrys.com\/wp-content\/uploads\/2024\/11\/cropped-FRANJULIA-6.png","contentUrl":"https:\/\/chacrys.com\/wp-content\/uploads\/2024\/11\/cropped-FRANJULIA-6.png","width":512,"height":512,"caption":"Chacrys"},"image":{"@id":"https:\/\/chacrys.com\/hu\/#\/schema\/logo\/image\/"},"sameAs":["https:\/\/www.facebook.com\/chacryscrystal","https:\/\/www.instagram.com\/chacrys\/","https:\/\/www.pinterest.com\/chacryscrystalbed\/","https:\/\/www.youtube.com\/@chacrysofficial9667"]}]}},"_links":{"self":[{"href":"https:\/\/chacrys.com\/hu\/wp-json\/wp\/v2\/pages\/33549","targetHints":{"allow":["GET"]}}],"collection":[{"href":"https:\/\/chacrys.com\/hu\/wp-json\/wp\/v2\/pages"}],"about":[{"href":"https:\/\/chacrys.com\/hu\/wp-json\/wp\/v2\/types\/page"}],"author":[{"embeddable":true,"href":"https:\/\/chacrys.com\/hu\/wp-json\/wp\/v2\/users\/1"}],"replies":[{"embeddable":true,"href":"https:\/\/chacrys.com\/hu\/wp-json\/wp\/v2\/comments?post=33549"}],"version-history":[{"count":0,"href":"https:\/\/chacrys.com\/hu\/wp-json\/wp\/v2\/pages\/33549\/revisions"}],"up":[{"embeddable":true,"href":"https:\/\/chacrys.com\/hu\/wp-json\/wp\/v2\/pages\/33019"}],"wp:attachment":[{"href":"https:\/\/chacrys.com\/hu\/wp-json\/wp\/v2\/media?parent=33549"}],"curies":[{"name":"wp","href":"https:\/\/api.w.org\/{rel}","templated":true}]}}