{"id":33516,"date":"2025-07-06T16:34:38","date_gmt":"2025-07-06T16:34:38","guid":{"rendered":"https:\/\/chacrys.com\/kristalyok\/arany-kvarc-kristaly-jelentese-elonyei-gyogyito-tulajdonsagai-es-hasznalata\/"},"modified":"2025-07-06T16:34:38","modified_gmt":"2025-07-06T16:34:38","slug":"arany-kvarc-kristaly-jelentese-elonyei-gyogyito-tulajdonsagai-es-hasznalata","status":"publish","type":"page","link":"https:\/\/chacrys.com\/hu\/kristalyok\/arany-kvarc-kristaly-jelentese-elonyei-gyogyito-tulajdonsagai-es-hasznalata\/","title":{"rendered":"Arany kvarc krist\u00e1ly &#8211; jelent\u00e9se, el\u0151nyei, gy\u00f3gy\u00edt\u00f3 tulajdons\u00e1gai \u00e9s haszn\u00e1lata"},"content":{"rendered":"<h2 style=\"font-size:28px\">Mi az arany kvarc?<\/h2>\n<div style=\"font-size:22px\">Az aranysz\u00edn\u0171 kvarc gyakran citrinnek \u00e1lc\u00e1zza mag\u00e1t, \u00e1m ragyog\u00e1s\u00e1t nem a belsej\u00e9ben s\u00fclt vas, hanem az egy\u00e9bk\u00e9nt tiszta kvarcba \u00e1gyazott kriptokrist\u00e1lyos \u00e1sv\u00e1nyok &#8211; goethit, rutil, esetenk\u00e9nt lepidokrocit &#8211; okozz\u00e1k. Gondoljunk csak a b\u00fazamez\u0151k\u00f6n \u00e1tvet\u00fcl\u0151 reggeli napf\u00e9nyre, amely krist\u00e1lyos form\u00e1ban \u00f6r\u00f6kre meg\u00e1ll. Sok darab a braz\u00edliai Serra do Espinha\u00e7\u00f3b\u00f3l sz\u00e1rmazik, ahol a vasban gazdag v\u00edz a h\u0171l\u0151 szil\u00edcium-dioxid-ereken kereszt\u00fcl sziv\u00e1rgott \u00e1t, \u00e9s a leghalv\u00e1nyabb szalm\u00e1t\u00f3l az antik borosty\u00e1nig festette meg a r\u00e9tegeket. A sz\u00edn t\u00f6bbnyire a felsz\u00edn k\u00f6zel\u00e9ben \u00fcl, \u00e9s a cs\u00facsokon f\u00e9nyl\u0151 gl\u00f3ri\u00e1t ad, amely n\u00e9ha a matt \u00fcveget ut\u00e1nozza.   <\/div>\n<h2 style=\"font-size:28px\">Az arany kvarc el\u0151nyei<\/h2>\n<div style=\"font-size:22px\">A rajong\u00f3k az Aranykvarchoz ny\u00falnak, hogy felizz\u00edtsa a t\u00fcrelmes bizalmat, azt a fajta bizalmat, amely nem pimasz, de m\u00e1r meggy\u00f6kerezve megy a tal\u00e1lkoz\u00f3kra. Az anekdotikus pletyk\u00e1k szerint az ideges em\u00e9szt\u00e9s stabilabb\u00e1 v\u00e1lik, az \u00f6tletel\u00e9s optimist\u00e1bb\u00e1 v\u00e1lik, \u00e9s szel\u00edd lend\u00fcletet ad a halogatott projektek befejez\u00e9s\u00e9hez. A k\u0151 \u00e1ll\u00edt\u00f3lag harmoniz\u00e1lja a napfonat-plexus lend\u00fclet\u00e9t a harmadik szem el\u0151rel\u00e1t\u00e1s\u00e1val, \u00e9s olyan tervekre \u00f6szt\u00f6n\u00f6z, amelyek egyszerre mer\u00e9sznek \u00e9s megfontoltnak t\u0171nnek. Mindezek egyike sem helyettes\u00edti az alv\u00e1st, a folyad\u00e9kbevitelt vagy egy tisztess\u00e9ges napt\u00e1ralkalmaz\u00e1st, de az \u00e9rz\u00e9kszervi jelz\u00e9sek teljesen megv\u00e1ltoztathatj\u00e1k, hogy az agyunk hogyan osztja be az akarater\u0151t.   <\/div>\n<h2 style=\"font-size:28px\"><span data-sheets-root=\"1\">Hogyan kell haszn\u00e1lni az arany kvarcot?<\/span><\/h2>\n<div style=\"font-size:22px\">Tartson egy z\u00fazott k\u00f6vet a kab\u00e1tzseb\u00e9ben; minden alkalommal, amikor a keze meg\u00e9rinti, h\u00fazza h\u00e1tra a v\u00e1ll\u00e1t, \u00e9s l\u00e9legezzen be az orr\u00e1n kereszt\u00fcl. K\u00e9s\u0151 d\u00e9lut\u00e1ni \u00e1lmoss\u00e1g idej\u00e9n tartsa a krist\u00e1lyt a csukott szemh\u00e9j\u00e1hoz t\u00edz lass\u00fa sz\u00e1mol\u00e1sig; a h\u0171v\u00f6ss\u00e9g fel\u00e9breszti a szemizmokat, m\u00edg az arany \u00e1rnyalat l\u00e1gy\u00edtja a k\u00e9perny\u0151 vak\u00edt\u00f3 ment\u00e1lis maradv\u00e1nyait. A v\u00edzi\u00f3-t\u00e1bla ritu\u00e1l\u00e9khoz keretezze k\u00e9peit arany kvarcforg\u00e1csokb\u00f3l \u00e1ll\u00f3 gy\u0171r\u0171vel &#8211; minden pillant\u00e1s a meleg k\u00f6rvonalra seg\u00edt, hogy a c\u00e9lok megk\u00f6zel\u00edthet\u0151nek, ne pedig elvontnak t\u0171njenek.  <\/div>\n<h2 style=\"font-size:28px\">Az arany kvarc gy\u00f3gy\u00edt\u00f3 tulajdons\u00e1gai<\/h2>\n<div style=\"font-size:22px\">\u00c1rnyalatai a len, szalma, pitypang, id\u0151nk\u00e9nt a pir\u00edt\u00f3sbarn\u00e1ba hajl\u00f3 \u00e1rnyalatok. Mohs-kem\u00e9nys\u00e9ge tov\u00e1bbra is 7; a t\u00f6r\u00e9kenys\u00e9g csak a n\u00f6veked\u00e9s k\u00f6z\u00f6tti apr\u00f3 reped\u00e9sekn\u00e9l jelentkezik. K\u00e9mia: SiO\u2082 vas-hidroxid szalagokkal \u00e9s apr\u00f3 tit\u00e1n t\u0171kkel. A geol\u00f3gia a krist\u00e1lyok n\u00f6veked\u00e9se sor\u00e1n k\u00e9s\u0151n keletkez\u0151 savas g\u0151z\u00f6k \u00e1ltal okozott fel\u00fcleti m\u00e1zasod\u00e1st \u00e9szlel. Energetikai szempontb\u00f3l az emberek olyan kifejez\u00e9sekkel c\u00edmk\u00e9zik, mint eg\u00e9szs\u00e9ges amb\u00edci\u00f3, szel\u00edd kisug\u00e1rz\u00e1s, fenntarthat\u00f3 lend\u00fclet.    <\/div>\n<h2 style=\"font-size:28px\"><span data-sheets-root=\"1\">Arany kvarc tiszt\u00edt\u00e1s \u00e9s karbantart\u00e1s<\/span><\/h2>\n<div style=\"font-size:22px\">V\u00edz\u00e1ll\u00f3, de hagyja ki a durva mos\u00f3szereket. Hetente egyszer adj t\u00edz percet a napfelkelt\u00e9nek &#8211; a UV-szint el\u00e9g enyhe ahhoz, hogy ne feh\u00e9r\u00edtsen, de m\u00e9gis megtiszt\u00edtja a fel\u00fcleti olajokat. T\u00f6lt\u0151dj\u00f6n fel \u00fagy, hogy egy \u00e9jszak\u00e1ra sz\u00e1raz b\u00fazabogy\u00f3kba temeti; a gabona h\u0151je \u00e9s arom\u00e1ja finoman fel\u00e9l\u00e9nk\u00edti a k\u0151 aranyl\u00f3 hangulat\u00e1t. T\u00e1rolja t\u00e1vol a hematitt\u00f3l, amelynek nagyobb s\u0171r\u0171s\u00e9ge be tudja v\u00e1gni a kvarcfel\u00fcleteket.   <\/div>\n","protected":false},"excerpt":{"rendered":"<p>Mi az arany kvarc? Az aranysz\u00edn\u0171 kvarc gyakran citrinnek \u00e1lc\u00e1zza mag\u00e1t, \u00e1m ragyog\u00e1s\u00e1t nem a belsej\u00e9ben s\u00fclt vas, hanem az<\/p>\n","protected":false},"author":1,"featured_media":0,"parent":33019,"menu_order":0,"comment_status":"closed","ping_status":"closed","template":"","meta":{"footnotes":""},"class_list":["post-33516","page","type-page","status-publish","hentry"],"yoast_head":"<!-- This site is optimized with the Yoast SEO plugin v27.5 - https:\/\/yoast.com\/product\/yoast-seo-wordpress\/ -->\n<title>Arany kvarc krist\u00e1ly - jelent\u00e9se, el\u0151nyei, gy\u00f3gy\u00edt\u00f3 tulajdons\u00e1gai \u00e9s haszn\u00e1lata - Chacrys<\/title>\n<meta name=\"robots\" content=\"index, follow, max-snippet:-1, max-image-preview:large, max-video-preview:-1\" \/>\n<link rel=\"canonical\" href=\"https:\/\/chacrys.com\/hu\/kristalyok\/arany-kvarc-kristaly-jelentese-elonyei-gyogyito-tulajdonsagai-es-hasznalata\/\" \/>\n<meta property=\"og:locale\" content=\"hu_HU\" \/>\n<meta property=\"og:type\" content=\"article\" \/>\n<meta property=\"og:title\" content=\"Arany kvarc krist\u00e1ly - jelent\u00e9se, el\u0151nyei, gy\u00f3gy\u00edt\u00f3 tulajdons\u00e1gai \u00e9s haszn\u00e1lata - Chacrys\" \/>\n<meta property=\"og:description\" content=\"Mi az arany kvarc? Az aranysz\u00edn\u0171 kvarc gyakran citrinnek \u00e1lc\u00e1zza mag\u00e1t, \u00e1m ragyog\u00e1s\u00e1t nem a belsej\u00e9ben s\u00fclt vas, hanem az\" \/>\n<meta property=\"og:url\" content=\"https:\/\/chacrys.com\/hu\/kristalyok\/arany-kvarc-kristaly-jelentese-elonyei-gyogyito-tulajdonsagai-es-hasznalata\/\" \/>\n<meta property=\"og:site_name\" content=\"Chacrys\" \/>\n<meta property=\"article:publisher\" content=\"https:\/\/www.facebook.com\/chacryscrystal\" \/>\n<meta name=\"twitter:card\" content=\"summary_large_image\" \/>\n<meta name=\"twitter:label1\" content=\"Becs\u00fclt olvas\u00e1si id\u0151\" \/>\n\t<meta name=\"twitter:data1\" content=\"3 perc\" \/>\n<script type=\"application\/ld+json\" class=\"yoast-schema-graph\">{\"@context\":\"https:\\\/\\\/schema.org\",\"@graph\":[{\"@type\":\"WebPage\",\"@id\":\"https:\\\/\\\/chacrys.com\\\/hu\\\/kristalyok\\\/arany-kvarc-kristaly-jelentese-elonyei-gyogyito-tulajdonsagai-es-hasznalata\\\/\",\"url\":\"https:\\\/\\\/chacrys.com\\\/hu\\\/kristalyok\\\/arany-kvarc-kristaly-jelentese-elonyei-gyogyito-tulajdonsagai-es-hasznalata\\\/\",\"name\":\"Arany kvarc krist\u00e1ly - jelent\u00e9se, el\u0151nyei, gy\u00f3gy\u00edt\u00f3 tulajdons\u00e1gai \u00e9s haszn\u00e1lata - Chacrys\",\"isPartOf\":{\"@id\":\"https:\\\/\\\/chacrys.com\\\/hu\\\/#website\"},\"datePublished\":\"2025-07-06T16:34:38+00:00\",\"breadcrumb\":{\"@id\":\"https:\\\/\\\/chacrys.com\\\/hu\\\/kristalyok\\\/arany-kvarc-kristaly-jelentese-elonyei-gyogyito-tulajdonsagai-es-hasznalata\\\/#breadcrumb\"},\"inLanguage\":\"hu\",\"potentialAction\":[{\"@type\":\"ReadAction\",\"target\":[\"https:\\\/\\\/chacrys.com\\\/hu\\\/kristalyok\\\/arany-kvarc-kristaly-jelentese-elonyei-gyogyito-tulajdonsagai-es-hasznalata\\\/\"]}]},{\"@type\":\"BreadcrumbList\",\"@id\":\"https:\\\/\\\/chacrys.com\\\/hu\\\/kristalyok\\\/arany-kvarc-kristaly-jelentese-elonyei-gyogyito-tulajdonsagai-es-hasznalata\\\/#breadcrumb\",\"itemListElement\":[{\"@type\":\"ListItem\",\"position\":1,\"name\":\"Home\",\"item\":\"https:\\\/\\\/chacrys.com\\\/hu\\\/\"},{\"@type\":\"ListItem\",\"position\":2,\"name\":\"Krist\u00e1lyok\",\"item\":\"https:\\\/\\\/chacrys.com\\\/hu\\\/kristalyok\\\/\"},{\"@type\":\"ListItem\",\"position\":3,\"name\":\"Arany kvarc krist\u00e1ly &#8211; jelent\u00e9se, el\u0151nyei, gy\u00f3gy\u00edt\u00f3 tulajdons\u00e1gai \u00e9s haszn\u00e1lata\"}]},{\"@type\":\"WebSite\",\"@id\":\"https:\\\/\\\/chacrys.com\\\/hu\\\/#website\",\"url\":\"https:\\\/\\\/chacrys.com\\\/hu\\\/\",\"name\":\"Chacrys\",\"description\":\"Chacrys\",\"publisher\":{\"@id\":\"https:\\\/\\\/chacrys.com\\\/hu\\\/#organization\"},\"potentialAction\":[{\"@type\":\"SearchAction\",\"target\":{\"@type\":\"EntryPoint\",\"urlTemplate\":\"https:\\\/\\\/chacrys.com\\\/hu\\\/?s={search_term_string}\"},\"query-input\":{\"@type\":\"PropertyValueSpecification\",\"valueRequired\":true,\"valueName\":\"search_term_string\"}}],\"inLanguage\":\"hu\"},{\"@type\":\"Organization\",\"@id\":\"https:\\\/\\\/chacrys.com\\\/hu\\\/#organization\",\"name\":\"Chacrys\",\"url\":\"https:\\\/\\\/chacrys.com\\\/hu\\\/\",\"logo\":{\"@type\":\"ImageObject\",\"inLanguage\":\"hu\",\"@id\":\"https:\\\/\\\/chacrys.com\\\/hu\\\/#\\\/schema\\\/logo\\\/image\\\/\",\"url\":\"https:\\\/\\\/chacrys.com\\\/wp-content\\\/uploads\\\/2024\\\/11\\\/cropped-FRANJULIA-6.png\",\"contentUrl\":\"https:\\\/\\\/chacrys.com\\\/wp-content\\\/uploads\\\/2024\\\/11\\\/cropped-FRANJULIA-6.png\",\"width\":512,\"height\":512,\"caption\":\"Chacrys\"},\"image\":{\"@id\":\"https:\\\/\\\/chacrys.com\\\/hu\\\/#\\\/schema\\\/logo\\\/image\\\/\"},\"sameAs\":[\"https:\\\/\\\/www.facebook.com\\\/chacryscrystal\",\"https:\\\/\\\/www.instagram.com\\\/chacrys\\\/\",\"https:\\\/\\\/www.pinterest.com\\\/chacryscrystalbed\\\/\",\"https:\\\/\\\/www.youtube.com\\\/@chacrysofficial9667\"]}]}<\/script>\n<!-- \/ Yoast SEO plugin. -->","yoast_head_json":{"title":"Arany kvarc krist\u00e1ly - jelent\u00e9se, el\u0151nyei, gy\u00f3gy\u00edt\u00f3 tulajdons\u00e1gai \u00e9s haszn\u00e1lata - Chacrys","robots":{"index":"index","follow":"follow","max-snippet":"max-snippet:-1","max-image-preview":"max-image-preview:large","max-video-preview":"max-video-preview:-1"},"canonical":"https:\/\/chacrys.com\/hu\/kristalyok\/arany-kvarc-kristaly-jelentese-elonyei-gyogyito-tulajdonsagai-es-hasznalata\/","og_locale":"hu_HU","og_type":"article","og_title":"Arany kvarc krist\u00e1ly - jelent\u00e9se, el\u0151nyei, gy\u00f3gy\u00edt\u00f3 tulajdons\u00e1gai \u00e9s haszn\u00e1lata - Chacrys","og_description":"Mi az arany kvarc? Az aranysz\u00edn\u0171 kvarc gyakran citrinnek \u00e1lc\u00e1zza mag\u00e1t, \u00e1m ragyog\u00e1s\u00e1t nem a belsej\u00e9ben s\u00fclt vas, hanem az","og_url":"https:\/\/chacrys.com\/hu\/kristalyok\/arany-kvarc-kristaly-jelentese-elonyei-gyogyito-tulajdonsagai-es-hasznalata\/","og_site_name":"Chacrys","article_publisher":"https:\/\/www.facebook.com\/chacryscrystal","twitter_card":"summary_large_image","twitter_misc":{"Becs\u00fclt olvas\u00e1si id\u0151":"3 perc"},"schema":{"@context":"https:\/\/schema.org","@graph":[{"@type":"WebPage","@id":"https:\/\/chacrys.com\/hu\/kristalyok\/arany-kvarc-kristaly-jelentese-elonyei-gyogyito-tulajdonsagai-es-hasznalata\/","url":"https:\/\/chacrys.com\/hu\/kristalyok\/arany-kvarc-kristaly-jelentese-elonyei-gyogyito-tulajdonsagai-es-hasznalata\/","name":"Arany kvarc krist\u00e1ly - jelent\u00e9se, el\u0151nyei, gy\u00f3gy\u00edt\u00f3 tulajdons\u00e1gai \u00e9s haszn\u00e1lata - Chacrys","isPartOf":{"@id":"https:\/\/chacrys.com\/hu\/#website"},"datePublished":"2025-07-06T16:34:38+00:00","breadcrumb":{"@id":"https:\/\/chacrys.com\/hu\/kristalyok\/arany-kvarc-kristaly-jelentese-elonyei-gyogyito-tulajdonsagai-es-hasznalata\/#breadcrumb"},"inLanguage":"hu","potentialAction":[{"@type":"ReadAction","target":["https:\/\/chacrys.com\/hu\/kristalyok\/arany-kvarc-kristaly-jelentese-elonyei-gyogyito-tulajdonsagai-es-hasznalata\/"]}]},{"@type":"BreadcrumbList","@id":"https:\/\/chacrys.com\/hu\/kristalyok\/arany-kvarc-kristaly-jelentese-elonyei-gyogyito-tulajdonsagai-es-hasznalata\/#breadcrumb","itemListElement":[{"@type":"ListItem","position":1,"name":"Home","item":"https:\/\/chacrys.com\/hu\/"},{"@type":"ListItem","position":2,"name":"Krist\u00e1lyok","item":"https:\/\/chacrys.com\/hu\/kristalyok\/"},{"@type":"ListItem","position":3,"name":"Arany kvarc krist\u00e1ly &#8211; jelent\u00e9se, el\u0151nyei, gy\u00f3gy\u00edt\u00f3 tulajdons\u00e1gai \u00e9s haszn\u00e1lata"}]},{"@type":"WebSite","@id":"https:\/\/chacrys.com\/hu\/#website","url":"https:\/\/chacrys.com\/hu\/","name":"Chacrys","description":"Chacrys","publisher":{"@id":"https:\/\/chacrys.com\/hu\/#organization"},"potentialAction":[{"@type":"SearchAction","target":{"@type":"EntryPoint","urlTemplate":"https:\/\/chacrys.com\/hu\/?s={search_term_string}"},"query-input":{"@type":"PropertyValueSpecification","valueRequired":true,"valueName":"search_term_string"}}],"inLanguage":"hu"},{"@type":"Organization","@id":"https:\/\/chacrys.com\/hu\/#organization","name":"Chacrys","url":"https:\/\/chacrys.com\/hu\/","logo":{"@type":"ImageObject","inLanguage":"hu","@id":"https:\/\/chacrys.com\/hu\/#\/schema\/logo\/image\/","url":"https:\/\/chacrys.com\/wp-content\/uploads\/2024\/11\/cropped-FRANJULIA-6.png","contentUrl":"https:\/\/chacrys.com\/wp-content\/uploads\/2024\/11\/cropped-FRANJULIA-6.png","width":512,"height":512,"caption":"Chacrys"},"image":{"@id":"https:\/\/chacrys.com\/hu\/#\/schema\/logo\/image\/"},"sameAs":["https:\/\/www.facebook.com\/chacryscrystal","https:\/\/www.instagram.com\/chacrys\/","https:\/\/www.pinterest.com\/chacryscrystalbed\/","https:\/\/www.youtube.com\/@chacrysofficial9667"]}]}},"_links":{"self":[{"href":"https:\/\/chacrys.com\/hu\/wp-json\/wp\/v2\/pages\/33516","targetHints":{"allow":["GET"]}}],"collection":[{"href":"https:\/\/chacrys.com\/hu\/wp-json\/wp\/v2\/pages"}],"about":[{"href":"https:\/\/chacrys.com\/hu\/wp-json\/wp\/v2\/types\/page"}],"author":[{"embeddable":true,"href":"https:\/\/chacrys.com\/hu\/wp-json\/wp\/v2\/users\/1"}],"replies":[{"embeddable":true,"href":"https:\/\/chacrys.com\/hu\/wp-json\/wp\/v2\/comments?post=33516"}],"version-history":[{"count":0,"href":"https:\/\/chacrys.com\/hu\/wp-json\/wp\/v2\/pages\/33516\/revisions"}],"up":[{"embeddable":true,"href":"https:\/\/chacrys.com\/hu\/wp-json\/wp\/v2\/pages\/33019"}],"wp:attachment":[{"href":"https:\/\/chacrys.com\/hu\/wp-json\/wp\/v2\/media?parent=33516"}],"curies":[{"name":"wp","href":"https:\/\/api.w.org\/{rel}","templated":true}]}}