{"id":33508,"date":"2025-07-06T16:34:38","date_gmt":"2025-07-06T16:34:38","guid":{"rendered":"https:\/\/chacrys.com\/kristalyok\/ghost-quartz-phantom-quartz-kristaly-jelentese-elonyei-gyogyito-tulajdonsagai-es-hasznalata\/"},"modified":"2026-02-10T11:13:09","modified_gmt":"2026-02-10T10:13:09","slug":"ghost-quartz-phantom-quartz-kristaly-jelentese-elonyei-gyogyito-tulajdonsagai-es-hasznalata","status":"publish","type":"page","link":"https:\/\/chacrys.com\/hu\/kristalyok\/ghost-quartz-phantom-quartz-kristaly-jelentese-elonyei-gyogyito-tulajdonsagai-es-hasznalata\/","title":{"rendered":"Ghost Quartz (Phantom Quartz) krist\u00e1ly &#8211; jelent\u00e9se, el\u0151nyei, gy\u00f3gy\u00edt\u00f3 tulajdons\u00e1gai \u00e9s haszn\u00e1lata"},"content":{"rendered":"<h2 style=\"font-size:28px\">Mi a Ghost Quartz (Phantom Quartz)?<\/h2>\n<div style=\"font-size:22px\">A fantomkvarc olyan, mint egy m\u00faltja \u00e1ltal k\u00eds\u00e9rtett krist\u00e1ly: egy tiszta pont belsej\u00e9ben \u00e1rny\u00e9khegyi k\u00f6rvonalakat l\u00e1thatunk &#8211; kor\u00e1bbi n\u00f6veked\u00e9si szakaszokat, amelyeket az \u00e1sv\u00e1nyi por sz\u00fcneteltet, majd friss szil\u00edcium-dioxiddal ben\u0151tt. Ha megd\u00f6ntj\u00fck, k\u00f6d\u00f6s &#8222;k\u00eds\u00e9rtetek&#8221; emelkednek \u00e9s t\u00e1volodnak, mint egy k\u0151b\u0151l k\u00e9sz\u00fclt homok\u00f3ra. Standard kvarckem\u00e9nys\u00e9g\u0171 (7), de bels\u0151 bar\u00e1zd\u00e1kkal, amelyek \u00fagy fogj\u00e1k meg a f\u00e9nyt, mint a halmozott hegyvonulatok az alkonyatban.  <\/div>\n<h2 style=\"font-size:28px\">A szellemkvarc (fantom kvarc) el\u0151nyei<\/h2>\n<div style=\"font-size:22px\">Sok medit\u00e1l\u00f3 \u00e1t\u00f6leli a fantomkvarcot, amikor szem\u00e9lyes m\u00e9rf\u00f6ldk\u00f6veken navig\u00e1l &#8211; ez a r\u00e9tegzett bels\u0151 t\u00fckr\u00f6zi azt az igazs\u00e1got, hogy a n\u00f6veked\u00e9s iterat\u00edv, nem line\u00e1ris. Jelentett el\u0151nyei: a visszaes\u00e9sekkel kapcsolatos perspekt\u00edva, t\u00fcrelem a fennakad\u00e1sokban, \u00e9s a kor\u00e1bbi szaktud\u00e1s z\u00f6kken\u0151mentesebb integr\u00e1l\u00e1sa az \u00faj szerepekbe. N\u00e9h\u00e1nyan azt is \u00e1ll\u00edtj\u00e1k, hogy d\u00e9j\u00e0-vu \u00e1lmokat v\u00e1lt ki, mintha az elme archiv\u00e1lt v\u00e1zlatokat lapozgatna vissza. Tudom\u00e1nyos j\u00f3v\u00e1hagy\u00e1s? M\u00e9g nincs &#8211; haszn\u00e1lja metaforak\u00e9nt.    <\/div>\n<h2 style=\"font-size:28px\"><span data-sheets-root=\"1\">Hogyan kell haszn\u00e1lni a Ghost Quartz (Phantom Quartz)?<\/span><\/h2>\n<div style=\"font-size:22px\">\u00c9rintsen meg egy fantomvonalat a napi c\u00e9lok kit\u0171z\u00e9se el\u0151tt; ismerje el a kor\u00e1bbi er\u0151fesz\u00edt\u00e9seket, hogy a mai feladatokat ne \u00e9rezze elszigeteltnek. Az edz\u0151k az \u00f6tletel\u00e9s sor\u00e1n p\u00e1lc\u00e1t helyeznek az \u00fajonc \u00e9s a veter\u00e1n csapattagok k\u00f6z\u00e9 &#8211; a r\u00e9teges krist\u00e1ly csendesen jelzi a tiszteletet mind a friss, mind a tapasztalt f\u00e1zisok ir\u00e1nt. Ha napl\u00f3zunk \u00e9letid\u0151vonalakat, pihentess\u00fck a pontot a lap tetej\u00e9n; kezelj\u00fcnk minden bels\u0151 gerincet fejezetc\u00edmk\u00e9nt, amelyet fel kell fedezn\u00fcnk.  <\/div>\n<h2 style=\"font-size:28px\">A Ghost Quartz (Fantom Quartz) gy\u00f3gy\u00edt\u00f3 tulajdons\u00e1gai (Phantom Quartz)<\/h2>\n<div style=\"font-size:22px\">\u00c1tl\u00e1tsz\u00f3 k\u00fcls\u0151, bel\u00fcl klorit z\u00f6ld, hematit rozsd\u00e1s vagy h\u00f3feh\u00e9r kaolinit foszl\u00e1nyokkal. K\u00e9plet: SiO\u2082 plusz a benne l\u00e9v\u0151 \u00e1sv\u00e1nyok. B\u00e1ny\u00e1k: Braz\u00edliai Minas Gerais, Arkansas-i zsebek, tibeti alpesi hasad\u00e9kok. Energetikai jelv\u00e9nyek: r\u00e9tegzett b\u00f6lcsess\u00e9g, ciklikus felemelked\u00e9s, \u00e9l\u0151 arch\u00edvum.   <\/div>\n<h2 style=\"font-size:28px\"><span data-sheets-root=\"1\">Ghost Quartz (Phantom Quartz) tiszt\u00edt\u00e1s \u00e9s karbantart\u00e1s<\/span><\/h2>\n<div style=\"font-size:22px\">V\u00edz\u00e1ll\u00f3; gyors \u00f6bl\u00edt\u00e9ssel kitiszt\u00edtja a port a r\u00e9sekb\u0151l. Ker\u00fclje a h\u0151hat\u00e1sokat; a hirtelen h\u0151hat\u00e1s kisz\u00e9les\u00edtheti a bels\u0151 reped\u00e9seket. T\u00f6ltse fel a krist\u00e1lyt \u00fagy, hogy egy reggelre nedves talajba \u00e1ll\u00edtja &#8211; a f\u00f6ld lass\u00fa sz\u00edvver\u00e9se sz\u00e9pen szinkroniz\u00e1l\u00f3dik a r\u00e9teges mes\u00e9vel. Csomagoljuk be p\u00e1rn\u00e1zott ruh\u00e1ba; b\u00e1r a v\u00e9gz\u0151d\u00e9sek sz\u00edv\u00f3sak, ha csemp\u00e9re esnek, megrepednek.   <\/div>\n","protected":false},"excerpt":{"rendered":"<p>Mi a Ghost Quartz (Phantom Quartz)? A fantomkvarc olyan, mint egy m\u00faltja \u00e1ltal k\u00eds\u00e9rtett krist\u00e1ly: egy tiszta pont belsej\u00e9ben \u00e1rny\u00e9khegyi<\/p>\n","protected":false},"author":1,"featured_media":0,"parent":33019,"menu_order":0,"comment_status":"closed","ping_status":"closed","template":"","meta":{"footnotes":""},"class_list":["post-33508","page","type-page","status-publish","hentry"],"yoast_head":"<!-- This site is optimized with the Yoast SEO plugin v27.4 - https:\/\/yoast.com\/product\/yoast-seo-wordpress\/ -->\n<title>Ghost Quartz jelent\u00e9se, el\u0151nyei, gy\u00f3gy\u00edt\u00f3 tulajdons\u00e1gai \u00e9s haszn\u00e1lata<\/title>\n<meta name=\"robots\" content=\"index, follow, max-snippet:-1, max-image-preview:large, max-video-preview:-1\" \/>\n<link rel=\"canonical\" href=\"https:\/\/chacrys.com\/hu\/kristalyok\/ghost-quartz-phantom-quartz-kristaly-jelentese-elonyei-gyogyito-tulajdonsagai-es-hasznalata\/\" \/>\n<meta property=\"og:locale\" content=\"hu_HU\" \/>\n<meta property=\"og:type\" content=\"article\" \/>\n<meta property=\"og:title\" content=\"Ghost Quartz jelent\u00e9se, el\u0151nyei, gy\u00f3gy\u00edt\u00f3 tulajdons\u00e1gai \u00e9s haszn\u00e1lata\" \/>\n<meta property=\"og:description\" content=\"Mi a Ghost Quartz (Phantom Quartz)? A fantomkvarc olyan, mint egy m\u00faltja \u00e1ltal k\u00eds\u00e9rtett krist\u00e1ly: egy tiszta pont belsej\u00e9ben \u00e1rny\u00e9khegyi\" \/>\n<meta property=\"og:url\" content=\"https:\/\/chacrys.com\/hu\/kristalyok\/ghost-quartz-phantom-quartz-kristaly-jelentese-elonyei-gyogyito-tulajdonsagai-es-hasznalata\/\" \/>\n<meta property=\"og:site_name\" content=\"Chacrys\" \/>\n<meta property=\"article:publisher\" content=\"https:\/\/www.facebook.com\/chacryscrystal\" \/>\n<meta property=\"article:modified_time\" content=\"2026-02-10T10:13:09+00:00\" \/>\n<meta name=\"twitter:card\" content=\"summary_large_image\" \/>\n<meta name=\"twitter:label1\" content=\"Becs\u00fclt olvas\u00e1si id\u0151\" \/>\n\t<meta name=\"twitter:data1\" content=\"2 perc\" \/>\n<script type=\"application\/ld+json\" class=\"yoast-schema-graph\">{\"@context\":\"https:\\\/\\\/schema.org\",\"@graph\":[{\"@type\":\"WebPage\",\"@id\":\"https:\\\/\\\/chacrys.com\\\/hu\\\/kristalyok\\\/ghost-quartz-phantom-quartz-kristaly-jelentese-elonyei-gyogyito-tulajdonsagai-es-hasznalata\\\/\",\"url\":\"https:\\\/\\\/chacrys.com\\\/hu\\\/kristalyok\\\/ghost-quartz-phantom-quartz-kristaly-jelentese-elonyei-gyogyito-tulajdonsagai-es-hasznalata\\\/\",\"name\":\"Ghost Quartz jelent\u00e9se, el\u0151nyei, gy\u00f3gy\u00edt\u00f3 tulajdons\u00e1gai \u00e9s haszn\u00e1lata\",\"isPartOf\":{\"@id\":\"https:\\\/\\\/chacrys.com\\\/hu\\\/#website\"},\"datePublished\":\"2025-07-06T16:34:38+00:00\",\"dateModified\":\"2026-02-10T10:13:09+00:00\",\"breadcrumb\":{\"@id\":\"https:\\\/\\\/chacrys.com\\\/hu\\\/kristalyok\\\/ghost-quartz-phantom-quartz-kristaly-jelentese-elonyei-gyogyito-tulajdonsagai-es-hasznalata\\\/#breadcrumb\"},\"inLanguage\":\"hu\",\"potentialAction\":[{\"@type\":\"ReadAction\",\"target\":[\"https:\\\/\\\/chacrys.com\\\/hu\\\/kristalyok\\\/ghost-quartz-phantom-quartz-kristaly-jelentese-elonyei-gyogyito-tulajdonsagai-es-hasznalata\\\/\"]}]},{\"@type\":\"BreadcrumbList\",\"@id\":\"https:\\\/\\\/chacrys.com\\\/hu\\\/kristalyok\\\/ghost-quartz-phantom-quartz-kristaly-jelentese-elonyei-gyogyito-tulajdonsagai-es-hasznalata\\\/#breadcrumb\",\"itemListElement\":[{\"@type\":\"ListItem\",\"position\":1,\"name\":\"Home\",\"item\":\"https:\\\/\\\/chacrys.com\\\/hu\\\/\"},{\"@type\":\"ListItem\",\"position\":2,\"name\":\"Krist\u00e1lyok\",\"item\":\"https:\\\/\\\/chacrys.com\\\/hu\\\/kristalyok\\\/\"},{\"@type\":\"ListItem\",\"position\":3,\"name\":\"Ghost Quartz (Phantom Quartz) krist\u00e1ly &#8211; jelent\u00e9se, el\u0151nyei, gy\u00f3gy\u00edt\u00f3 tulajdons\u00e1gai \u00e9s haszn\u00e1lata\"}]},{\"@type\":\"WebSite\",\"@id\":\"https:\\\/\\\/chacrys.com\\\/hu\\\/#website\",\"url\":\"https:\\\/\\\/chacrys.com\\\/hu\\\/\",\"name\":\"Chacrys\",\"description\":\"Chacrys\",\"publisher\":{\"@id\":\"https:\\\/\\\/chacrys.com\\\/hu\\\/#organization\"},\"potentialAction\":[{\"@type\":\"SearchAction\",\"target\":{\"@type\":\"EntryPoint\",\"urlTemplate\":\"https:\\\/\\\/chacrys.com\\\/hu\\\/?s={search_term_string}\"},\"query-input\":{\"@type\":\"PropertyValueSpecification\",\"valueRequired\":true,\"valueName\":\"search_term_string\"}}],\"inLanguage\":\"hu\"},{\"@type\":\"Organization\",\"@id\":\"https:\\\/\\\/chacrys.com\\\/hu\\\/#organization\",\"name\":\"Chacrys\",\"url\":\"https:\\\/\\\/chacrys.com\\\/hu\\\/\",\"logo\":{\"@type\":\"ImageObject\",\"inLanguage\":\"hu\",\"@id\":\"https:\\\/\\\/chacrys.com\\\/hu\\\/#\\\/schema\\\/logo\\\/image\\\/\",\"url\":\"https:\\\/\\\/chacrys.com\\\/wp-content\\\/uploads\\\/2024\\\/11\\\/cropped-FRANJULIA-6.png\",\"contentUrl\":\"https:\\\/\\\/chacrys.com\\\/wp-content\\\/uploads\\\/2024\\\/11\\\/cropped-FRANJULIA-6.png\",\"width\":512,\"height\":512,\"caption\":\"Chacrys\"},\"image\":{\"@id\":\"https:\\\/\\\/chacrys.com\\\/hu\\\/#\\\/schema\\\/logo\\\/image\\\/\"},\"sameAs\":[\"https:\\\/\\\/www.facebook.com\\\/chacryscrystal\",\"https:\\\/\\\/www.instagram.com\\\/chacrys\\\/\",\"https:\\\/\\\/www.pinterest.com\\\/chacryscrystalbed\\\/\",\"https:\\\/\\\/www.youtube.com\\\/@chacrysofficial9667\"]}]}<\/script>\n<!-- \/ Yoast SEO plugin. -->","yoast_head_json":{"title":"Ghost Quartz jelent\u00e9se, el\u0151nyei, gy\u00f3gy\u00edt\u00f3 tulajdons\u00e1gai \u00e9s haszn\u00e1lata","robots":{"index":"index","follow":"follow","max-snippet":"max-snippet:-1","max-image-preview":"max-image-preview:large","max-video-preview":"max-video-preview:-1"},"canonical":"https:\/\/chacrys.com\/hu\/kristalyok\/ghost-quartz-phantom-quartz-kristaly-jelentese-elonyei-gyogyito-tulajdonsagai-es-hasznalata\/","og_locale":"hu_HU","og_type":"article","og_title":"Ghost Quartz jelent\u00e9se, el\u0151nyei, gy\u00f3gy\u00edt\u00f3 tulajdons\u00e1gai \u00e9s haszn\u00e1lata","og_description":"Mi a Ghost Quartz (Phantom Quartz)? A fantomkvarc olyan, mint egy m\u00faltja \u00e1ltal k\u00eds\u00e9rtett krist\u00e1ly: egy tiszta pont belsej\u00e9ben \u00e1rny\u00e9khegyi","og_url":"https:\/\/chacrys.com\/hu\/kristalyok\/ghost-quartz-phantom-quartz-kristaly-jelentese-elonyei-gyogyito-tulajdonsagai-es-hasznalata\/","og_site_name":"Chacrys","article_publisher":"https:\/\/www.facebook.com\/chacryscrystal","article_modified_time":"2026-02-10T10:13:09+00:00","twitter_card":"summary_large_image","twitter_misc":{"Becs\u00fclt olvas\u00e1si id\u0151":"2 perc"},"schema":{"@context":"https:\/\/schema.org","@graph":[{"@type":"WebPage","@id":"https:\/\/chacrys.com\/hu\/kristalyok\/ghost-quartz-phantom-quartz-kristaly-jelentese-elonyei-gyogyito-tulajdonsagai-es-hasznalata\/","url":"https:\/\/chacrys.com\/hu\/kristalyok\/ghost-quartz-phantom-quartz-kristaly-jelentese-elonyei-gyogyito-tulajdonsagai-es-hasznalata\/","name":"Ghost Quartz jelent\u00e9se, el\u0151nyei, gy\u00f3gy\u00edt\u00f3 tulajdons\u00e1gai \u00e9s haszn\u00e1lata","isPartOf":{"@id":"https:\/\/chacrys.com\/hu\/#website"},"datePublished":"2025-07-06T16:34:38+00:00","dateModified":"2026-02-10T10:13:09+00:00","breadcrumb":{"@id":"https:\/\/chacrys.com\/hu\/kristalyok\/ghost-quartz-phantom-quartz-kristaly-jelentese-elonyei-gyogyito-tulajdonsagai-es-hasznalata\/#breadcrumb"},"inLanguage":"hu","potentialAction":[{"@type":"ReadAction","target":["https:\/\/chacrys.com\/hu\/kristalyok\/ghost-quartz-phantom-quartz-kristaly-jelentese-elonyei-gyogyito-tulajdonsagai-es-hasznalata\/"]}]},{"@type":"BreadcrumbList","@id":"https:\/\/chacrys.com\/hu\/kristalyok\/ghost-quartz-phantom-quartz-kristaly-jelentese-elonyei-gyogyito-tulajdonsagai-es-hasznalata\/#breadcrumb","itemListElement":[{"@type":"ListItem","position":1,"name":"Home","item":"https:\/\/chacrys.com\/hu\/"},{"@type":"ListItem","position":2,"name":"Krist\u00e1lyok","item":"https:\/\/chacrys.com\/hu\/kristalyok\/"},{"@type":"ListItem","position":3,"name":"Ghost Quartz (Phantom Quartz) krist\u00e1ly &#8211; jelent\u00e9se, el\u0151nyei, gy\u00f3gy\u00edt\u00f3 tulajdons\u00e1gai \u00e9s haszn\u00e1lata"}]},{"@type":"WebSite","@id":"https:\/\/chacrys.com\/hu\/#website","url":"https:\/\/chacrys.com\/hu\/","name":"Chacrys","description":"Chacrys","publisher":{"@id":"https:\/\/chacrys.com\/hu\/#organization"},"potentialAction":[{"@type":"SearchAction","target":{"@type":"EntryPoint","urlTemplate":"https:\/\/chacrys.com\/hu\/?s={search_term_string}"},"query-input":{"@type":"PropertyValueSpecification","valueRequired":true,"valueName":"search_term_string"}}],"inLanguage":"hu"},{"@type":"Organization","@id":"https:\/\/chacrys.com\/hu\/#organization","name":"Chacrys","url":"https:\/\/chacrys.com\/hu\/","logo":{"@type":"ImageObject","inLanguage":"hu","@id":"https:\/\/chacrys.com\/hu\/#\/schema\/logo\/image\/","url":"https:\/\/chacrys.com\/wp-content\/uploads\/2024\/11\/cropped-FRANJULIA-6.png","contentUrl":"https:\/\/chacrys.com\/wp-content\/uploads\/2024\/11\/cropped-FRANJULIA-6.png","width":512,"height":512,"caption":"Chacrys"},"image":{"@id":"https:\/\/chacrys.com\/hu\/#\/schema\/logo\/image\/"},"sameAs":["https:\/\/www.facebook.com\/chacryscrystal","https:\/\/www.instagram.com\/chacrys\/","https:\/\/www.pinterest.com\/chacryscrystalbed\/","https:\/\/www.youtube.com\/@chacrysofficial9667"]}]}},"_links":{"self":[{"href":"https:\/\/chacrys.com\/hu\/wp-json\/wp\/v2\/pages\/33508","targetHints":{"allow":["GET"]}}],"collection":[{"href":"https:\/\/chacrys.com\/hu\/wp-json\/wp\/v2\/pages"}],"about":[{"href":"https:\/\/chacrys.com\/hu\/wp-json\/wp\/v2\/types\/page"}],"author":[{"embeddable":true,"href":"https:\/\/chacrys.com\/hu\/wp-json\/wp\/v2\/users\/1"}],"replies":[{"embeddable":true,"href":"https:\/\/chacrys.com\/hu\/wp-json\/wp\/v2\/comments?post=33508"}],"version-history":[{"count":1,"href":"https:\/\/chacrys.com\/hu\/wp-json\/wp\/v2\/pages\/33508\/revisions"}],"predecessor-version":[{"id":34447,"href":"https:\/\/chacrys.com\/hu\/wp-json\/wp\/v2\/pages\/33508\/revisions\/34447"}],"up":[{"embeddable":true,"href":"https:\/\/chacrys.com\/hu\/wp-json\/wp\/v2\/pages\/33019"}],"wp:attachment":[{"href":"https:\/\/chacrys.com\/hu\/wp-json\/wp\/v2\/media?parent=33508"}],"curies":[{"name":"wp","href":"https:\/\/api.w.org\/{rel}","templated":true}]}}