{"id":33505,"date":"2025-07-06T16:34:38","date_gmt":"2025-07-06T16:34:38","guid":{"rendered":"https:\/\/chacrys.com\/kristalyok\/granat-kristaly-jelentese-elonyei-gyogyito-tulajdonsagai-es-hasznalata\/"},"modified":"2025-07-06T16:34:38","modified_gmt":"2025-07-06T16:34:38","slug":"granat-kristaly-jelentese-elonyei-gyogyito-tulajdonsagai-es-hasznalata","status":"publish","type":"page","link":"https:\/\/chacrys.com\/hu\/kristalyok\/granat-kristaly-jelentese-elonyei-gyogyito-tulajdonsagai-es-hasznalata\/","title":{"rendered":"Gr\u00e1n\u00e1t krist\u00e1ly &#8211; jelent\u00e9se, el\u0151nyei, gy\u00f3gy\u00edt\u00f3 tulajdons\u00e1gai \u00e9s haszn\u00e1lata"},"content":{"rendered":"<h2 style=\"font-size:28px\">Mi az a gr\u00e1n\u00e1t?<\/h2>\n<div style=\"font-size:22px\">A gr\u00e1n\u00e1t nem egyetlen \u00e1sv\u00e1ny, hanem egy kl\u00e1n &#8211; az almandin, a pirop, a grossular &#8211; minden egyes szemcse egy apr\u00f3, krist\u00e1lly\u00e1 kem\u00e9nyedett par\u00e1zs. A legt\u00f6bb ember borv\u00f6r\u00f6snek k\u00e9pzeli, pedig a gr\u00e1n\u00e1t menta, fah\u00e9j, s\u0151t matt fekete is lehet. A kubikus dodeka\u00e9derek \u00fagy pattannak ki a pal\u00e1b\u00f3l, mint a cukrozott gr\u00e1n\u00e1talmamagok. Kem\u00e9nys\u00e9ge megk\u00f6zel\u00edti a 7\u00bd-et, \u00e9s ellen\u00e1ll a vegyi t\u00e1mad\u00e1soknak, ez\u00e9rt egykor ipari csiszol\u00f3pap\u00edrk\u00e9nt szolg\u00e1lt; a term\u00e9szet sz\u00f3 szerint ac\u00e9lt \u00e9lez vele.   <\/div>\n<h2 style=\"font-size:28px\">A gr\u00e1n\u00e1t el\u0151nyei<\/h2>\n<div style=\"font-size:22px\">\u00c9rzelmileg a gr\u00e1n\u00e1tnak az a h\u00edrneve, hogy \u00fajra\u00e9leszti a lend\u00fcletet, amelyet az \u00e9let huzavon\u00e1ja elfojtani fenyegetett. A felhaszn\u00e1l\u00f3k melegebb kering\u00e9sr\u0151l, stabilabb libid\u00f3r\u00f3l \u00e9s a hossz\u00fa t\u00e1v\u00fa c\u00e9lok ir\u00e1nti meg\u00fajult h\u0171s\u00e9gr\u0151l besz\u00e9lnek. A k\u0151 finom neh\u00e9zs\u00e9ge a teny\u00e9rben eml\u00e9keztetheti visel\u0151j\u00e9t arra, hogy az elk\u00f6telezetts\u00e9g, ak\u00e1rcsak a gravit\u00e1ci\u00f3, megakad\u00e1lyozza, hogy az \u00e1lmok v\u00e1gyak f\u00fcstj\u00e9v\u00e9 v\u00e1ljanak. Ezek a reflexi\u00f3k metaforikusak; kering\u00e9si vagy hormon\u00e1lis akad\u00e1lyok eset\u00e9n forduljon szakemberekhez.   <\/div>\n<h2 style=\"font-size:28px\"><span data-sheets-root=\"1\">Hogyan haszn\u00e1ljuk a gr\u00e1n\u00e1tot?<\/span><\/h2>\n<div style=\"font-size:22px\">Tartson egy kis gr\u00e1n\u00e1tot a p\u00e9nzt\u00e1rc\u00e1ja \u00e9rmef\u00e9szk\u00e9ben; minden v\u00e1s\u00e1rl\u00e1s arra \u00f6szt\u00f6nzi, hogy tisztelje az er\u0151forr\u00e1sokat. Az \u00edr\u00f3k \u00f6t apr\u00f3 gy\u00f6ngy\u00f6t sz\u00f3rnak egy gyertya k\u00f6r\u00e9, amikor jeleneteket dolgoznak \u00e1t &#8211; a csillog\u00e1s az \u00fajra felfedezett cselekm\u00e9ny szikr\u00e1it t\u00fckr\u00f6zi. Ha rettegsz a t\u00e9li reggelekt\u0151l, tegy\u00e9l egy gr\u00e1n\u00e1tkabochont az \u00e9breszt\u0151\u00f3ra mell\u00e9; par\u00e1zsl\u00f3 t\u00f3nusa a hajnali f\u00e9nyt ink\u00e1bb felkeltettnek, mint lopottnak mutatja.  <\/div>\n<h2 style=\"font-size:28px\">A gr\u00e1n\u00e1t gy\u00f3gy\u00edt\u00f3 tulajdons\u00e1gai<\/h2>\n<div style=\"font-size:22px\">A paletta sz\u00e9les: bord\u00f3, m\u00e1lna, lime-z\u00f6lds\u00e9g, mandarin, spesszarin. K\u00e9mi\u00e1ja v\u00e1ltoz\u00f3, de \u00e1ltal\u00e1nos k\u00e9plet X\u2083Y\u2082(SiO\u2084)\u2083, ahol X = Ca\/Mg\/Fe\u00b2\u207a, Y = Al\/Fe\u00b3\u207a\/Cr. Gyakori lokaliz\u00e1ci\u00f3k: Rajasthan csill\u00e1mpal\u00e1s k\u0151zettestje, Idaho folyami kavicsai, csehorsz\u00e1gi cseh dombok. A t\u00e9m\u00e1k k\u00f6z\u00e9 tartozik a par\u00e1zs rugalmass\u00e1g, a rend\u00edthetetlen szenved\u00e9ly \u00e9s a konstrukt\u00edv f\u00f6ldel\u00e9s.   <\/div>\n<h2 style=\"font-size:28px\"><span data-sheets-root=\"1\">Garnet tiszt\u00edt\u00e1s \u00e9s karbantart\u00e1s<\/span><\/h2>\n<div style=\"font-size:22px\">V\u00edzzel \u00e9s enyhe szappannal biztons\u00e1gos; a kem\u00e9ny k\u0151 \u00e1tlagos kop\u00e1st visel. Ker\u00fclje az ultrahangos tiszt\u00edt\u00f3szereket &#8211; ezek elmozd\u00edthatj\u00e1k a bels\u0151 fesz\u00fclts\u00e9gs\u00edkokat. A felfriss\u00fcl\u00e9shez temesse egy bazsalikomos ed\u00e9nybe egy \u00e9jszak\u00e1ra; a f\u00f6ldes ionok \u00e9s a gy\u00f3gyn\u00f6v\u00e9ny arom\u00e1ja feloldja a lappang\u00f3 \u00e9rzelmi hamut. T\u00e1rolja laz\u00e1n; kem\u00e9nys\u00e9ge megkarcolhatja a puha pektolitot, de ellen\u00e1ll a kvarcnak.   <\/div>\n","protected":false},"excerpt":{"rendered":"<p>Mi az a gr\u00e1n\u00e1t? A gr\u00e1n\u00e1t nem egyetlen \u00e1sv\u00e1ny, hanem egy kl\u00e1n &#8211; az almandin, a pirop, a grossular &#8211;<\/p>\n","protected":false},"author":1,"featured_media":0,"parent":33019,"menu_order":0,"comment_status":"closed","ping_status":"closed","template":"","meta":{"footnotes":""},"class_list":["post-33505","page","type-page","status-publish","hentry"],"yoast_head":"<!-- This site is optimized with the Yoast SEO plugin v27.5 - https:\/\/yoast.com\/product\/yoast-seo-wordpress\/ -->\n<title>Gr\u00e1n\u00e1t krist\u00e1ly - jelent\u00e9se, el\u0151nyei, gy\u00f3gy\u00edt\u00f3 tulajdons\u00e1gai \u00e9s haszn\u00e1lata - Chacrys<\/title>\n<meta name=\"robots\" content=\"index, follow, max-snippet:-1, max-image-preview:large, max-video-preview:-1\" \/>\n<link rel=\"canonical\" href=\"https:\/\/chacrys.com\/hu\/kristalyok\/granat-kristaly-jelentese-elonyei-gyogyito-tulajdonsagai-es-hasznalata\/\" \/>\n<meta property=\"og:locale\" content=\"hu_HU\" \/>\n<meta property=\"og:type\" content=\"article\" \/>\n<meta property=\"og:title\" content=\"Gr\u00e1n\u00e1t krist\u00e1ly - jelent\u00e9se, el\u0151nyei, gy\u00f3gy\u00edt\u00f3 tulajdons\u00e1gai \u00e9s haszn\u00e1lata - Chacrys\" \/>\n<meta property=\"og:description\" content=\"Mi az a gr\u00e1n\u00e1t? A gr\u00e1n\u00e1t nem egyetlen \u00e1sv\u00e1ny, hanem egy kl\u00e1n &#8211; az almandin, a pirop, a grossular &#8211;\" \/>\n<meta property=\"og:url\" content=\"https:\/\/chacrys.com\/hu\/kristalyok\/granat-kristaly-jelentese-elonyei-gyogyito-tulajdonsagai-es-hasznalata\/\" \/>\n<meta property=\"og:site_name\" content=\"Chacrys\" \/>\n<meta property=\"article:publisher\" content=\"https:\/\/www.facebook.com\/chacryscrystal\" \/>\n<meta name=\"twitter:card\" content=\"summary_large_image\" \/>\n<meta name=\"twitter:label1\" content=\"Becs\u00fclt olvas\u00e1si id\u0151\" \/>\n\t<meta name=\"twitter:data1\" content=\"2 perc\" \/>\n<script type=\"application\/ld+json\" class=\"yoast-schema-graph\">{\"@context\":\"https:\\\/\\\/schema.org\",\"@graph\":[{\"@type\":\"WebPage\",\"@id\":\"https:\\\/\\\/chacrys.com\\\/hu\\\/kristalyok\\\/granat-kristaly-jelentese-elonyei-gyogyito-tulajdonsagai-es-hasznalata\\\/\",\"url\":\"https:\\\/\\\/chacrys.com\\\/hu\\\/kristalyok\\\/granat-kristaly-jelentese-elonyei-gyogyito-tulajdonsagai-es-hasznalata\\\/\",\"name\":\"Gr\u00e1n\u00e1t krist\u00e1ly - jelent\u00e9se, el\u0151nyei, gy\u00f3gy\u00edt\u00f3 tulajdons\u00e1gai \u00e9s haszn\u00e1lata - Chacrys\",\"isPartOf\":{\"@id\":\"https:\\\/\\\/chacrys.com\\\/hu\\\/#website\"},\"datePublished\":\"2025-07-06T16:34:38+00:00\",\"breadcrumb\":{\"@id\":\"https:\\\/\\\/chacrys.com\\\/hu\\\/kristalyok\\\/granat-kristaly-jelentese-elonyei-gyogyito-tulajdonsagai-es-hasznalata\\\/#breadcrumb\"},\"inLanguage\":\"hu\",\"potentialAction\":[{\"@type\":\"ReadAction\",\"target\":[\"https:\\\/\\\/chacrys.com\\\/hu\\\/kristalyok\\\/granat-kristaly-jelentese-elonyei-gyogyito-tulajdonsagai-es-hasznalata\\\/\"]}]},{\"@type\":\"BreadcrumbList\",\"@id\":\"https:\\\/\\\/chacrys.com\\\/hu\\\/kristalyok\\\/granat-kristaly-jelentese-elonyei-gyogyito-tulajdonsagai-es-hasznalata\\\/#breadcrumb\",\"itemListElement\":[{\"@type\":\"ListItem\",\"position\":1,\"name\":\"Home\",\"item\":\"https:\\\/\\\/chacrys.com\\\/hu\\\/\"},{\"@type\":\"ListItem\",\"position\":2,\"name\":\"Krist\u00e1lyok\",\"item\":\"https:\\\/\\\/chacrys.com\\\/hu\\\/kristalyok\\\/\"},{\"@type\":\"ListItem\",\"position\":3,\"name\":\"Gr\u00e1n\u00e1t krist\u00e1ly &#8211; jelent\u00e9se, el\u0151nyei, gy\u00f3gy\u00edt\u00f3 tulajdons\u00e1gai \u00e9s haszn\u00e1lata\"}]},{\"@type\":\"WebSite\",\"@id\":\"https:\\\/\\\/chacrys.com\\\/hu\\\/#website\",\"url\":\"https:\\\/\\\/chacrys.com\\\/hu\\\/\",\"name\":\"Chacrys\",\"description\":\"Chacrys\",\"publisher\":{\"@id\":\"https:\\\/\\\/chacrys.com\\\/hu\\\/#organization\"},\"potentialAction\":[{\"@type\":\"SearchAction\",\"target\":{\"@type\":\"EntryPoint\",\"urlTemplate\":\"https:\\\/\\\/chacrys.com\\\/hu\\\/?s={search_term_string}\"},\"query-input\":{\"@type\":\"PropertyValueSpecification\",\"valueRequired\":true,\"valueName\":\"search_term_string\"}}],\"inLanguage\":\"hu\"},{\"@type\":\"Organization\",\"@id\":\"https:\\\/\\\/chacrys.com\\\/hu\\\/#organization\",\"name\":\"Chacrys\",\"url\":\"https:\\\/\\\/chacrys.com\\\/hu\\\/\",\"logo\":{\"@type\":\"ImageObject\",\"inLanguage\":\"hu\",\"@id\":\"https:\\\/\\\/chacrys.com\\\/hu\\\/#\\\/schema\\\/logo\\\/image\\\/\",\"url\":\"https:\\\/\\\/chacrys.com\\\/wp-content\\\/uploads\\\/2024\\\/11\\\/cropped-FRANJULIA-6.png\",\"contentUrl\":\"https:\\\/\\\/chacrys.com\\\/wp-content\\\/uploads\\\/2024\\\/11\\\/cropped-FRANJULIA-6.png\",\"width\":512,\"height\":512,\"caption\":\"Chacrys\"},\"image\":{\"@id\":\"https:\\\/\\\/chacrys.com\\\/hu\\\/#\\\/schema\\\/logo\\\/image\\\/\"},\"sameAs\":[\"https:\\\/\\\/www.facebook.com\\\/chacryscrystal\",\"https:\\\/\\\/www.instagram.com\\\/chacrys\\\/\",\"https:\\\/\\\/www.pinterest.com\\\/chacryscrystalbed\\\/\",\"https:\\\/\\\/www.youtube.com\\\/@chacrysofficial9667\"]}]}<\/script>\n<!-- \/ Yoast SEO plugin. -->","yoast_head_json":{"title":"Gr\u00e1n\u00e1t krist\u00e1ly - jelent\u00e9se, el\u0151nyei, gy\u00f3gy\u00edt\u00f3 tulajdons\u00e1gai \u00e9s haszn\u00e1lata - Chacrys","robots":{"index":"index","follow":"follow","max-snippet":"max-snippet:-1","max-image-preview":"max-image-preview:large","max-video-preview":"max-video-preview:-1"},"canonical":"https:\/\/chacrys.com\/hu\/kristalyok\/granat-kristaly-jelentese-elonyei-gyogyito-tulajdonsagai-es-hasznalata\/","og_locale":"hu_HU","og_type":"article","og_title":"Gr\u00e1n\u00e1t krist\u00e1ly - jelent\u00e9se, el\u0151nyei, gy\u00f3gy\u00edt\u00f3 tulajdons\u00e1gai \u00e9s haszn\u00e1lata - Chacrys","og_description":"Mi az a gr\u00e1n\u00e1t? A gr\u00e1n\u00e1t nem egyetlen \u00e1sv\u00e1ny, hanem egy kl\u00e1n &#8211; az almandin, a pirop, a grossular &#8211;","og_url":"https:\/\/chacrys.com\/hu\/kristalyok\/granat-kristaly-jelentese-elonyei-gyogyito-tulajdonsagai-es-hasznalata\/","og_site_name":"Chacrys","article_publisher":"https:\/\/www.facebook.com\/chacryscrystal","twitter_card":"summary_large_image","twitter_misc":{"Becs\u00fclt olvas\u00e1si id\u0151":"2 perc"},"schema":{"@context":"https:\/\/schema.org","@graph":[{"@type":"WebPage","@id":"https:\/\/chacrys.com\/hu\/kristalyok\/granat-kristaly-jelentese-elonyei-gyogyito-tulajdonsagai-es-hasznalata\/","url":"https:\/\/chacrys.com\/hu\/kristalyok\/granat-kristaly-jelentese-elonyei-gyogyito-tulajdonsagai-es-hasznalata\/","name":"Gr\u00e1n\u00e1t krist\u00e1ly - jelent\u00e9se, el\u0151nyei, gy\u00f3gy\u00edt\u00f3 tulajdons\u00e1gai \u00e9s haszn\u00e1lata - Chacrys","isPartOf":{"@id":"https:\/\/chacrys.com\/hu\/#website"},"datePublished":"2025-07-06T16:34:38+00:00","breadcrumb":{"@id":"https:\/\/chacrys.com\/hu\/kristalyok\/granat-kristaly-jelentese-elonyei-gyogyito-tulajdonsagai-es-hasznalata\/#breadcrumb"},"inLanguage":"hu","potentialAction":[{"@type":"ReadAction","target":["https:\/\/chacrys.com\/hu\/kristalyok\/granat-kristaly-jelentese-elonyei-gyogyito-tulajdonsagai-es-hasznalata\/"]}]},{"@type":"BreadcrumbList","@id":"https:\/\/chacrys.com\/hu\/kristalyok\/granat-kristaly-jelentese-elonyei-gyogyito-tulajdonsagai-es-hasznalata\/#breadcrumb","itemListElement":[{"@type":"ListItem","position":1,"name":"Home","item":"https:\/\/chacrys.com\/hu\/"},{"@type":"ListItem","position":2,"name":"Krist\u00e1lyok","item":"https:\/\/chacrys.com\/hu\/kristalyok\/"},{"@type":"ListItem","position":3,"name":"Gr\u00e1n\u00e1t krist\u00e1ly &#8211; jelent\u00e9se, el\u0151nyei, gy\u00f3gy\u00edt\u00f3 tulajdons\u00e1gai \u00e9s haszn\u00e1lata"}]},{"@type":"WebSite","@id":"https:\/\/chacrys.com\/hu\/#website","url":"https:\/\/chacrys.com\/hu\/","name":"Chacrys","description":"Chacrys","publisher":{"@id":"https:\/\/chacrys.com\/hu\/#organization"},"potentialAction":[{"@type":"SearchAction","target":{"@type":"EntryPoint","urlTemplate":"https:\/\/chacrys.com\/hu\/?s={search_term_string}"},"query-input":{"@type":"PropertyValueSpecification","valueRequired":true,"valueName":"search_term_string"}}],"inLanguage":"hu"},{"@type":"Organization","@id":"https:\/\/chacrys.com\/hu\/#organization","name":"Chacrys","url":"https:\/\/chacrys.com\/hu\/","logo":{"@type":"ImageObject","inLanguage":"hu","@id":"https:\/\/chacrys.com\/hu\/#\/schema\/logo\/image\/","url":"https:\/\/chacrys.com\/wp-content\/uploads\/2024\/11\/cropped-FRANJULIA-6.png","contentUrl":"https:\/\/chacrys.com\/wp-content\/uploads\/2024\/11\/cropped-FRANJULIA-6.png","width":512,"height":512,"caption":"Chacrys"},"image":{"@id":"https:\/\/chacrys.com\/hu\/#\/schema\/logo\/image\/"},"sameAs":["https:\/\/www.facebook.com\/chacryscrystal","https:\/\/www.instagram.com\/chacrys\/","https:\/\/www.pinterest.com\/chacryscrystalbed\/","https:\/\/www.youtube.com\/@chacrysofficial9667"]}]}},"_links":{"self":[{"href":"https:\/\/chacrys.com\/hu\/wp-json\/wp\/v2\/pages\/33505","targetHints":{"allow":["GET"]}}],"collection":[{"href":"https:\/\/chacrys.com\/hu\/wp-json\/wp\/v2\/pages"}],"about":[{"href":"https:\/\/chacrys.com\/hu\/wp-json\/wp\/v2\/types\/page"}],"author":[{"embeddable":true,"href":"https:\/\/chacrys.com\/hu\/wp-json\/wp\/v2\/users\/1"}],"replies":[{"embeddable":true,"href":"https:\/\/chacrys.com\/hu\/wp-json\/wp\/v2\/comments?post=33505"}],"version-history":[{"count":0,"href":"https:\/\/chacrys.com\/hu\/wp-json\/wp\/v2\/pages\/33505\/revisions"}],"up":[{"embeddable":true,"href":"https:\/\/chacrys.com\/hu\/wp-json\/wp\/v2\/pages\/33019"}],"wp:attachment":[{"href":"https:\/\/chacrys.com\/hu\/wp-json\/wp\/v2\/media?parent=33505"}],"curies":[{"name":"wp","href":"https:\/\/api.w.org\/{rel}","templated":true}]}}