{"id":33499,"date":"2025-07-06T16:34:38","date_gmt":"2025-07-06T16:34:38","guid":{"rendered":"https:\/\/chacrys.com\/kristalyok\/fluorit-kristaly-jelentese-elonyei-gyogyito-tulajdonsagai-es-hasznalata\/"},"modified":"2025-07-06T16:34:38","modified_gmt":"2025-07-06T16:34:38","slug":"fluorit-kristaly-jelentese-elonyei-gyogyito-tulajdonsagai-es-hasznalata","status":"publish","type":"page","link":"https:\/\/chacrys.com\/hu\/kristalyok\/fluorit-kristaly-jelentese-elonyei-gyogyito-tulajdonsagai-es-hasznalata\/","title":{"rendered":"Fluorit krist\u00e1ly &#8211; jelent\u00e9se, el\u0151nyei, gy\u00f3gy\u00edt\u00f3 tulajdons\u00e1gai \u00e9s haszn\u00e1lata"},"content":{"rendered":"<h2 style=\"font-size:28px\">Mi a fluorit?<\/h2>\n<div style=\"font-size:22px\">K\u00e9pzelje el a sarki f\u00e9nyb\u0151l kov\u00e1csolt kem\u00e9ny cukork\u00e1t &#8211; a fluorit kock\u00e1k \u00e9s okta\u00e9derek lil\u00e1ra, gleccserz\u00f6ldre, k\u00f3lak\u00e9kre vagy \u00e9jfekete bord\u00f3ra sz\u00ednezett krist\u00e1lyai. K\u00e9miai k\u00e9plete CaF\u2082, sz\u00edne azonban a ritkaf\u00f6ldf\u00e9m-szennyez\u0151d\u00e9sek \u00e9s a m\u00e9lyen a f\u00f6ld alatt suttog\u00f3 sug\u00e1rz\u00e1s hat\u00e1s\u00e1ra v\u00e1ltozik. Ultraibolya alatt sok darab \u00fagy vil\u00e1g\u00edt, mint a biolumineszcens med\u00faz\u00e1k &#8211; a term\u00e9szet \u00e9jszakai klubja. A Mohs-sk\u00e1l\u00e1n szer\u00e9ny 4-es; kiel\u00e9g\u00edt\u0151en ropog\u00f3s, de egy \u00f3vatlan bukfenc megrepeszti a sarkokat.   <\/div>\n<h2 style=\"font-size:28px\">A fluorit el\u0151nyei<\/h2>\n<div style=\"font-size:22px\">A fluorit az\u00e9rt kapta a &#8222;f\u00f3kuszk\u0151&#8221; elnevez\u00e9st, mert borotva\u00e9les geometri\u00e1ja a multitasking \u00e1ltal megkopott agyaknak kedvez. A felhaszn\u00e1l\u00f3k tiszt\u00e1bb ment\u00e1lis rendszerez\u00e9st, jobb mintak\u00f6vet\u00e9st \u00e9s a technikai f\u00e1radts\u00e1g csillap\u00edt\u00e1s\u00e1t tapasztalj\u00e1k. N\u00e9h\u00e1ny programoz\u00f3 a torony PC-n hagy egy kock\u00e1t; esk\u00fcsznek r\u00e1, hogy a ford\u00edt\u00e1si hib\u00e1k gyorsabban felsz\u00ednre ker\u00fclnek, ha a dr\u00e1gak\u0151 szigor\u00fa szimmetri\u00e1j\u00e1ra pillantanak. A sz\u00ednpszichol\u00f3gia szerint a z\u00f6ldek enyh\u00edtik a t\u00falstimul\u00e1ci\u00f3t, m\u00edg a lil\u00e1k absztrakt gondolkod\u00e1sra \u00f6szt\u00f6n\u00f6znek &#8211; tal\u00e1n ez\u00e9rt \u00e9rzik a fluorit gradiens p\u00e9ld\u00e1nyai holisztikusan kiegyens\u00falyozottnak.   <\/div>\n<h2 style=\"font-size:28px\"><span data-sheets-root=\"1\">Hogyan haszn\u00e1ljuk a fluoritot?<\/span><\/h2>\n<div style=\"font-size:22px\">Rakj h\u00e1rom kock\u00e1t &#8211; z\u00f6ld, lila, tiszta &#8211; a monitorod mell\u00e9; minden sz\u00edn egy-egy ellen\u0151rz\u0151 pont lesz: hidrat\u00e1l\u00e1s, ny\u00fajt\u00e1s, l\u00e9gz\u00e9s. Tanul\u00e1s k\u00f6zben h\u00fasz l\u00e9legzetv\u00e9telig tarts egy fluorit okta\u00e9dert a tenyered k\u00f6z\u00f6tt; a h\u0171v\u00f6s, \u00e9les pontok f\u00f6ldelik a k\u00f3sza gondolatokat. F\u00e9nyvad\u00e1szok egy szeletet akasszanak a naps\u00fct\u00f6tte ablakba; a d\u00e9lut\u00e1ni sugarak halv\u00e1ny sziv\u00e1rv\u00e1nyos jeleket vet\u00edtenek a falakra, mikrosz\u00fcneteket jelezve.  <\/div>\n<h2 style=\"font-size:28px\">A fluorit gy\u00f3gy\u00edt\u00f3 tulajdons\u00e1gai<\/h2>\n<div style=\"font-size:22px\">Sz\u00edns\u00e1vos vagy egysz\u00edn\u0171: menta, sz\u0151l\u0151, aqua, jet. N\u00e9gy ir\u00e1nyban t\u00f6k\u00e9letes hasad\u00e1s, kem\u00e9nys\u00e9ge 4. Els\u0151dleges k\u0151b\u00e1ny\u00e1k: K\u00ednai Hunan-\u00f6vek, illinois-i fluor-para b\u00e1ny\u00e1k, derbyshire-i &#8222;Blue John&#8221; barlangok. Energetikai r\u00f6vid\u00edt\u00e9s: rend a k\u00e1oszb\u00f3l, f\u00e9nyes bel\u00e1t\u00e1s, ultraibolya k\u00edv\u00e1ncsis\u00e1g.   <\/div>\n<h2 style=\"font-size:28px\"><span data-sheets-root=\"1\">Fluorit tiszt\u00edt\u00e1s \u00e9s karbantart\u00e1s<\/span><\/h2>\n<div style=\"font-size:22px\">A s\u00f3t vagy a savakat felt\u00e9tlen\u00fcl hagyja ki &#8211; a fluorit gyorsan tompul. Gyorsan \u00f6bl\u00edtse ki, t\u00f6r\u00f6lje sz\u00e1razra, t\u00e1rolja c\u00e9drusforg\u00e1cson, hogy a k\u00f6rnyezeti nedvess\u00e9get mag\u00e1ba sz\u00edvja. A fluoreszcencia elhalv\u00e1nyul a t\u0171z\u0151 napon; tartsa r\u00f6vidre a bemutat\u00f3t. Ha a sarkok energetikailag f\u00e1radtnak \u00e9rzik magukat, tegye a darabot egy finoman z\u00fcmm\u00f6g\u0151 hangsz\u00f3r\u00f3ra egy dal erej\u00e9ig; a rezg\u00e9s \u00fajra \u00f6sszehangolja a mikrot\u00f6r\u00e9seket.   <\/div>\n","protected":false},"excerpt":{"rendered":"<p>Mi a fluorit? K\u00e9pzelje el a sarki f\u00e9nyb\u0151l kov\u00e1csolt kem\u00e9ny cukork\u00e1t &#8211; a fluorit kock\u00e1k \u00e9s okta\u00e9derek lil\u00e1ra, gleccserz\u00f6ldre, k\u00f3lak\u00e9kre<\/p>\n","protected":false},"author":1,"featured_media":0,"parent":33019,"menu_order":0,"comment_status":"closed","ping_status":"closed","template":"","meta":{"footnotes":""},"class_list":["post-33499","page","type-page","status-publish","hentry"],"yoast_head":"<!-- This site is optimized with the Yoast SEO plugin v27.4 - https:\/\/yoast.com\/product\/yoast-seo-wordpress\/ -->\n<title>Fluorit krist\u00e1ly - jelent\u00e9se, el\u0151nyei, gy\u00f3gy\u00edt\u00f3 tulajdons\u00e1gai \u00e9s haszn\u00e1lata - Chacrys<\/title>\n<meta name=\"robots\" content=\"index, follow, max-snippet:-1, max-image-preview:large, max-video-preview:-1\" \/>\n<link rel=\"canonical\" href=\"https:\/\/chacrys.com\/hu\/kristalyok\/fluorit-kristaly-jelentese-elonyei-gyogyito-tulajdonsagai-es-hasznalata\/\" \/>\n<meta property=\"og:locale\" content=\"hu_HU\" \/>\n<meta property=\"og:type\" content=\"article\" \/>\n<meta property=\"og:title\" content=\"Fluorit krist\u00e1ly - jelent\u00e9se, el\u0151nyei, gy\u00f3gy\u00edt\u00f3 tulajdons\u00e1gai \u00e9s haszn\u00e1lata - Chacrys\" \/>\n<meta property=\"og:description\" content=\"Mi a fluorit? K\u00e9pzelje el a sarki f\u00e9nyb\u0151l kov\u00e1csolt kem\u00e9ny cukork\u00e1t &#8211; a fluorit kock\u00e1k \u00e9s okta\u00e9derek lil\u00e1ra, gleccserz\u00f6ldre, k\u00f3lak\u00e9kre\" \/>\n<meta property=\"og:url\" content=\"https:\/\/chacrys.com\/hu\/kristalyok\/fluorit-kristaly-jelentese-elonyei-gyogyito-tulajdonsagai-es-hasznalata\/\" \/>\n<meta property=\"og:site_name\" content=\"Chacrys\" \/>\n<meta property=\"article:publisher\" content=\"https:\/\/www.facebook.com\/chacryscrystal\" \/>\n<meta name=\"twitter:card\" content=\"summary_large_image\" \/>\n<meta name=\"twitter:label1\" content=\"Becs\u00fclt olvas\u00e1si id\u0151\" \/>\n\t<meta name=\"twitter:data1\" content=\"2 perc\" \/>\n<script type=\"application\/ld+json\" class=\"yoast-schema-graph\">{\"@context\":\"https:\\\/\\\/schema.org\",\"@graph\":[{\"@type\":\"WebPage\",\"@id\":\"https:\\\/\\\/chacrys.com\\\/hu\\\/kristalyok\\\/fluorit-kristaly-jelentese-elonyei-gyogyito-tulajdonsagai-es-hasznalata\\\/\",\"url\":\"https:\\\/\\\/chacrys.com\\\/hu\\\/kristalyok\\\/fluorit-kristaly-jelentese-elonyei-gyogyito-tulajdonsagai-es-hasznalata\\\/\",\"name\":\"Fluorit krist\u00e1ly - jelent\u00e9se, el\u0151nyei, gy\u00f3gy\u00edt\u00f3 tulajdons\u00e1gai \u00e9s haszn\u00e1lata - Chacrys\",\"isPartOf\":{\"@id\":\"https:\\\/\\\/chacrys.com\\\/hu\\\/#website\"},\"datePublished\":\"2025-07-06T16:34:38+00:00\",\"breadcrumb\":{\"@id\":\"https:\\\/\\\/chacrys.com\\\/hu\\\/kristalyok\\\/fluorit-kristaly-jelentese-elonyei-gyogyito-tulajdonsagai-es-hasznalata\\\/#breadcrumb\"},\"inLanguage\":\"hu\",\"potentialAction\":[{\"@type\":\"ReadAction\",\"target\":[\"https:\\\/\\\/chacrys.com\\\/hu\\\/kristalyok\\\/fluorit-kristaly-jelentese-elonyei-gyogyito-tulajdonsagai-es-hasznalata\\\/\"]}]},{\"@type\":\"BreadcrumbList\",\"@id\":\"https:\\\/\\\/chacrys.com\\\/hu\\\/kristalyok\\\/fluorit-kristaly-jelentese-elonyei-gyogyito-tulajdonsagai-es-hasznalata\\\/#breadcrumb\",\"itemListElement\":[{\"@type\":\"ListItem\",\"position\":1,\"name\":\"Home\",\"item\":\"https:\\\/\\\/chacrys.com\\\/hu\\\/\"},{\"@type\":\"ListItem\",\"position\":2,\"name\":\"Krist\u00e1lyok\",\"item\":\"https:\\\/\\\/chacrys.com\\\/hu\\\/kristalyok\\\/\"},{\"@type\":\"ListItem\",\"position\":3,\"name\":\"Fluorit krist\u00e1ly &#8211; jelent\u00e9se, el\u0151nyei, gy\u00f3gy\u00edt\u00f3 tulajdons\u00e1gai \u00e9s haszn\u00e1lata\"}]},{\"@type\":\"WebSite\",\"@id\":\"https:\\\/\\\/chacrys.com\\\/hu\\\/#website\",\"url\":\"https:\\\/\\\/chacrys.com\\\/hu\\\/\",\"name\":\"Chacrys\",\"description\":\"Chacrys\",\"publisher\":{\"@id\":\"https:\\\/\\\/chacrys.com\\\/hu\\\/#organization\"},\"potentialAction\":[{\"@type\":\"SearchAction\",\"target\":{\"@type\":\"EntryPoint\",\"urlTemplate\":\"https:\\\/\\\/chacrys.com\\\/hu\\\/?s={search_term_string}\"},\"query-input\":{\"@type\":\"PropertyValueSpecification\",\"valueRequired\":true,\"valueName\":\"search_term_string\"}}],\"inLanguage\":\"hu\"},{\"@type\":\"Organization\",\"@id\":\"https:\\\/\\\/chacrys.com\\\/hu\\\/#organization\",\"name\":\"Chacrys\",\"url\":\"https:\\\/\\\/chacrys.com\\\/hu\\\/\",\"logo\":{\"@type\":\"ImageObject\",\"inLanguage\":\"hu\",\"@id\":\"https:\\\/\\\/chacrys.com\\\/hu\\\/#\\\/schema\\\/logo\\\/image\\\/\",\"url\":\"https:\\\/\\\/chacrys.com\\\/wp-content\\\/uploads\\\/2024\\\/11\\\/cropped-FRANJULIA-6.png\",\"contentUrl\":\"https:\\\/\\\/chacrys.com\\\/wp-content\\\/uploads\\\/2024\\\/11\\\/cropped-FRANJULIA-6.png\",\"width\":512,\"height\":512,\"caption\":\"Chacrys\"},\"image\":{\"@id\":\"https:\\\/\\\/chacrys.com\\\/hu\\\/#\\\/schema\\\/logo\\\/image\\\/\"},\"sameAs\":[\"https:\\\/\\\/www.facebook.com\\\/chacryscrystal\",\"https:\\\/\\\/www.instagram.com\\\/chacrys\\\/\",\"https:\\\/\\\/www.pinterest.com\\\/chacryscrystalbed\\\/\",\"https:\\\/\\\/www.youtube.com\\\/@chacrysofficial9667\"]}]}<\/script>\n<!-- \/ Yoast SEO plugin. -->","yoast_head_json":{"title":"Fluorit krist\u00e1ly - jelent\u00e9se, el\u0151nyei, gy\u00f3gy\u00edt\u00f3 tulajdons\u00e1gai \u00e9s haszn\u00e1lata - Chacrys","robots":{"index":"index","follow":"follow","max-snippet":"max-snippet:-1","max-image-preview":"max-image-preview:large","max-video-preview":"max-video-preview:-1"},"canonical":"https:\/\/chacrys.com\/hu\/kristalyok\/fluorit-kristaly-jelentese-elonyei-gyogyito-tulajdonsagai-es-hasznalata\/","og_locale":"hu_HU","og_type":"article","og_title":"Fluorit krist\u00e1ly - jelent\u00e9se, el\u0151nyei, gy\u00f3gy\u00edt\u00f3 tulajdons\u00e1gai \u00e9s haszn\u00e1lata - Chacrys","og_description":"Mi a fluorit? K\u00e9pzelje el a sarki f\u00e9nyb\u0151l kov\u00e1csolt kem\u00e9ny cukork\u00e1t &#8211; a fluorit kock\u00e1k \u00e9s okta\u00e9derek lil\u00e1ra, gleccserz\u00f6ldre, k\u00f3lak\u00e9kre","og_url":"https:\/\/chacrys.com\/hu\/kristalyok\/fluorit-kristaly-jelentese-elonyei-gyogyito-tulajdonsagai-es-hasznalata\/","og_site_name":"Chacrys","article_publisher":"https:\/\/www.facebook.com\/chacryscrystal","twitter_card":"summary_large_image","twitter_misc":{"Becs\u00fclt olvas\u00e1si id\u0151":"2 perc"},"schema":{"@context":"https:\/\/schema.org","@graph":[{"@type":"WebPage","@id":"https:\/\/chacrys.com\/hu\/kristalyok\/fluorit-kristaly-jelentese-elonyei-gyogyito-tulajdonsagai-es-hasznalata\/","url":"https:\/\/chacrys.com\/hu\/kristalyok\/fluorit-kristaly-jelentese-elonyei-gyogyito-tulajdonsagai-es-hasznalata\/","name":"Fluorit krist\u00e1ly - jelent\u00e9se, el\u0151nyei, gy\u00f3gy\u00edt\u00f3 tulajdons\u00e1gai \u00e9s haszn\u00e1lata - Chacrys","isPartOf":{"@id":"https:\/\/chacrys.com\/hu\/#website"},"datePublished":"2025-07-06T16:34:38+00:00","breadcrumb":{"@id":"https:\/\/chacrys.com\/hu\/kristalyok\/fluorit-kristaly-jelentese-elonyei-gyogyito-tulajdonsagai-es-hasznalata\/#breadcrumb"},"inLanguage":"hu","potentialAction":[{"@type":"ReadAction","target":["https:\/\/chacrys.com\/hu\/kristalyok\/fluorit-kristaly-jelentese-elonyei-gyogyito-tulajdonsagai-es-hasznalata\/"]}]},{"@type":"BreadcrumbList","@id":"https:\/\/chacrys.com\/hu\/kristalyok\/fluorit-kristaly-jelentese-elonyei-gyogyito-tulajdonsagai-es-hasznalata\/#breadcrumb","itemListElement":[{"@type":"ListItem","position":1,"name":"Home","item":"https:\/\/chacrys.com\/hu\/"},{"@type":"ListItem","position":2,"name":"Krist\u00e1lyok","item":"https:\/\/chacrys.com\/hu\/kristalyok\/"},{"@type":"ListItem","position":3,"name":"Fluorit krist\u00e1ly &#8211; jelent\u00e9se, el\u0151nyei, gy\u00f3gy\u00edt\u00f3 tulajdons\u00e1gai \u00e9s haszn\u00e1lata"}]},{"@type":"WebSite","@id":"https:\/\/chacrys.com\/hu\/#website","url":"https:\/\/chacrys.com\/hu\/","name":"Chacrys","description":"Chacrys","publisher":{"@id":"https:\/\/chacrys.com\/hu\/#organization"},"potentialAction":[{"@type":"SearchAction","target":{"@type":"EntryPoint","urlTemplate":"https:\/\/chacrys.com\/hu\/?s={search_term_string}"},"query-input":{"@type":"PropertyValueSpecification","valueRequired":true,"valueName":"search_term_string"}}],"inLanguage":"hu"},{"@type":"Organization","@id":"https:\/\/chacrys.com\/hu\/#organization","name":"Chacrys","url":"https:\/\/chacrys.com\/hu\/","logo":{"@type":"ImageObject","inLanguage":"hu","@id":"https:\/\/chacrys.com\/hu\/#\/schema\/logo\/image\/","url":"https:\/\/chacrys.com\/wp-content\/uploads\/2024\/11\/cropped-FRANJULIA-6.png","contentUrl":"https:\/\/chacrys.com\/wp-content\/uploads\/2024\/11\/cropped-FRANJULIA-6.png","width":512,"height":512,"caption":"Chacrys"},"image":{"@id":"https:\/\/chacrys.com\/hu\/#\/schema\/logo\/image\/"},"sameAs":["https:\/\/www.facebook.com\/chacryscrystal","https:\/\/www.instagram.com\/chacrys\/","https:\/\/www.pinterest.com\/chacryscrystalbed\/","https:\/\/www.youtube.com\/@chacrysofficial9667"]}]}},"_links":{"self":[{"href":"https:\/\/chacrys.com\/hu\/wp-json\/wp\/v2\/pages\/33499","targetHints":{"allow":["GET"]}}],"collection":[{"href":"https:\/\/chacrys.com\/hu\/wp-json\/wp\/v2\/pages"}],"about":[{"href":"https:\/\/chacrys.com\/hu\/wp-json\/wp\/v2\/types\/page"}],"author":[{"embeddable":true,"href":"https:\/\/chacrys.com\/hu\/wp-json\/wp\/v2\/users\/1"}],"replies":[{"embeddable":true,"href":"https:\/\/chacrys.com\/hu\/wp-json\/wp\/v2\/comments?post=33499"}],"version-history":[{"count":0,"href":"https:\/\/chacrys.com\/hu\/wp-json\/wp\/v2\/pages\/33499\/revisions"}],"up":[{"embeddable":true,"href":"https:\/\/chacrys.com\/hu\/wp-json\/wp\/v2\/pages\/33019"}],"wp:attachment":[{"href":"https:\/\/chacrys.com\/hu\/wp-json\/wp\/v2\/media?parent=33499"}],"curies":[{"name":"wp","href":"https:\/\/api.w.org\/{rel}","templated":true}]}}