{"id":33493,"date":"2025-07-06T16:34:38","date_gmt":"2025-07-06T16:34:38","guid":{"rendered":"https:\/\/chacrys.com\/kristalyok\/tiszta-kvarc-kristaly-jelentese-elonyei-gyogyito-tulajdonsagai-es-hasznalata\/"},"modified":"2025-07-06T16:34:38","modified_gmt":"2025-07-06T16:34:38","slug":"tiszta-kvarc-kristaly-jelentese-elonyei-gyogyito-tulajdonsagai-es-hasznalata","status":"publish","type":"page","link":"https:\/\/chacrys.com\/hu\/kristalyok\/tiszta-kvarc-kristaly-jelentese-elonyei-gyogyito-tulajdonsagai-es-hasznalata\/","title":{"rendered":"Tiszta kvarc krist\u00e1ly &#8211; jelent\u00e9se, el\u0151nyei, gy\u00f3gy\u00edt\u00f3 tulajdons\u00e1gai \u00e9s haszn\u00e1lata"},"content":{"rendered":"<h2 style=\"font-size:28px\">Mi a tiszta kvarc?<\/h2>\n<div style=\"font-size:22px\">A tiszta kvarc a geol\u00f3gia \u00fcres lapja &#8211; hatoldal\u00fa r\u00e1csba rendezett tiszta szil\u00edcium-dioxid, amely k\u00e9pes feler\u0151s\u00edteni a r\u00e1di\u00f3jeleket, az id\u0151m\u00e9r\u0151 \u00f3r\u00e1kat \u00e9s &#8211; a n\u00e9pi gyakorlatban &#8211; a sz\u00e1nd\u00e9kokat. A n\u00e9metek a hib\u00e1tlan pontokat Bergkristallnak, hegyikrist\u00e1lynak nevezik, mert a k\u00f6z\u00e9pkori b\u00e1ny\u00e1szok a jeges alpesi hasad\u00e9kokb\u00f3l hurcolt\u00e1k ki, azt hitt\u00e9k, hogy \u00e1lland\u00f3 j\u00e9g. Ha belen\u00e9z\u00fcnk egy \u00e9rintetlen p\u00e9ld\u00e1nyba, gyakran l\u00e1thatunk sziv\u00e1rv\u00e1nyt, ahol a bels\u0151 s\u00edkok \u0151si fesz\u00fclts\u00e9get fogtak be.  <\/div>\n<h2 style=\"font-size:28px\">A tiszta kvarc el\u0151nyei<\/h2>\n<div style=\"font-size:22px\">A csod\u00e1l\u00f3k a tiszta kvarc\u00e9rt ny\u00falnak, amikor a f\u00f3kusz megkopik. &#8222;Sz\u00e9less\u00e1v\u00fa ism\u00e9tl\u0151nek&#8221; nevezik: b\u00e1rmilyen gondolkod\u00e1sm\u00f3dot t\u00e1pl\u00e1lsz bele &#8211; nyugalmat, lend\u00fcletet, k\u00edv\u00e1ncsis\u00e1got -, az hangosabban visszhangzik. A felhaszn\u00e1l\u00f3k azt is \u00e1ll\u00edtj\u00e1k, hogy t\u00f6bb k\u00f6vet harmoniz\u00e1l egy r\u00e1csban, \u00fagy viselkedik, mint egy karmester, aki egy zenekart vez\u00e9nyel. Egyetlen laborat\u00f3rium sem bizony\u00edtotta a misztikus er\u0151s\u00edt\u00e9st, a kvarc azonban piezoelektromosan rezon\u00e1l, \u00edgy a metafora nem teljesen k\u00f6lt\u0151i.   <\/div>\n<h2 style=\"font-size:28px\"><span data-sheets-root=\"1\">Hogyan haszn\u00e1ljuk a tiszta kvarcot?<\/span><\/h2>\n<div style=\"font-size:22px\">Programozzon egy pontot \u00fagy, hogy megtartja, kimond egy egymondatos c\u00e9lt, majd kil\u00e9legzik a befejez\u00e9sen kereszt\u00fcl, mintha \u00fcvegp\u00e1r\u00e1sodna &#8211; a l\u00e9legzetv\u00e9tel k\u00e9zzelfoghat\u00f3v\u00e1 teszi a cselekm\u00e9nyt. A medit\u00e1l\u00f3k szemmagass\u00e1gba helyeznek egy csom\u00f3t; prizm\u00e1i a gyertyaf\u00e9nyt v\u00e1ltoz\u00f3 gl\u00f3ri\u00e1kk\u00e1 sz\u00f3rj\u00e1k sz\u00e9t, mozg\u00f3 drishti, amely r\u00f6vidre z\u00e1rja az egyhang\u00fas\u00e1got. A fot\u00f3sok egy g\u00f6mb\u00f6t tartanak a felszerel\u00e9s\u00fckben; a lencse el\u0151tt forgatva \u00e1lomszer\u0171 f\u00e9nyt\u00f6r\u00e9seket eredm\u00e9nyez, sz\u0171r\u0151alkalmaz\u00e1sok n\u00e9lk\u00fcl.  <\/div>\n<h2 style=\"font-size:28px\">A tiszta kvarc gy\u00f3gy\u00edt\u00f3 tulajdons\u00e1gai<\/h2>\n<div style=\"font-size:22px\">J\u00e9gtiszta vagy tejszer\u0171, n\u00e9ha kloritfantomokkal tark\u00edtott. Mohs 7. \u00d6sszet\u00e9tel: SiO\u2082, sz\u00e1mottev\u0151 szennyez\u0151d\u00e9sek n\u00e9lk\u00fcl. A k\u0151b\u00e1ny\u00e1k Arkansasban, a sv\u00e1jci Alpokban, Minas Geraisban \u00e9s a Himal\u00e1j\u00e1ban tal\u00e1lhat\u00f3k. Energiac\u00edmk\u00e9k: er\u0151s\u00edt\u0151, semleges v\u00e1szon, krist\u00e1lyos tisztas\u00e1g.    <\/div>\n<h2 style=\"font-size:28px\"><span data-sheets-root=\"1\">Tiszta kvarc tiszt\u00edt\u00e1s \u00e9s karbantart\u00e1s<\/span><\/h2>\n<div style=\"font-size:22px\">V\u00edz\u00e1ll\u00f3; az ujjlenyomatok elt\u00fcntet\u00e9se \u00e9rdek\u00e9ben gyeng\u00e9den s\u00farolja le szappannal. A napf\u00e9ny er\u0151s\u00edti a csillog\u00e1st, de a t\u00falmeleged\u00e9s megt\u00f6rheti a v\u00e9kony pontokat. Havonta egyszer tegye egy \u00e9jszak\u00e1ra egy szel\u00e9nitlapra &#8211; mintha a peng\u00e9t \u00e9lezn\u00e9 egy csiszol\u00f3k\u0151re. Csomagolja be puha pamutba; b\u00e1r kem\u00e9ny, a kvarchegyek f\u00e9mkulcsokhoz \u00fct\u0151dve megpattannak.   <\/div>\n","protected":false},"excerpt":{"rendered":"<p>Mi a tiszta kvarc? A tiszta kvarc a geol\u00f3gia \u00fcres lapja &#8211; hatoldal\u00fa r\u00e1csba rendezett tiszta szil\u00edcium-dioxid, amely k\u00e9pes feler\u0151s\u00edteni<\/p>\n","protected":false},"author":1,"featured_media":0,"parent":33019,"menu_order":0,"comment_status":"closed","ping_status":"closed","template":"","meta":{"footnotes":""},"class_list":["post-33493","page","type-page","status-publish","hentry"],"yoast_head":"<!-- This site is optimized with the Yoast SEO plugin v27.4 - https:\/\/yoast.com\/product\/yoast-seo-wordpress\/ -->\n<title>Tiszta kvarc krist\u00e1ly - jelent\u00e9se, el\u0151nyei, gy\u00f3gy\u00edt\u00f3 tulajdons\u00e1gai \u00e9s haszn\u00e1lata - Chacrys<\/title>\n<meta name=\"robots\" content=\"index, follow, max-snippet:-1, max-image-preview:large, max-video-preview:-1\" \/>\n<link rel=\"canonical\" href=\"https:\/\/chacrys.com\/hu\/kristalyok\/tiszta-kvarc-kristaly-jelentese-elonyei-gyogyito-tulajdonsagai-es-hasznalata\/\" \/>\n<meta property=\"og:locale\" content=\"hu_HU\" \/>\n<meta property=\"og:type\" content=\"article\" \/>\n<meta property=\"og:title\" content=\"Tiszta kvarc krist\u00e1ly - jelent\u00e9se, el\u0151nyei, gy\u00f3gy\u00edt\u00f3 tulajdons\u00e1gai \u00e9s haszn\u00e1lata - Chacrys\" \/>\n<meta property=\"og:description\" content=\"Mi a tiszta kvarc? A tiszta kvarc a geol\u00f3gia \u00fcres lapja &#8211; hatoldal\u00fa r\u00e1csba rendezett tiszta szil\u00edcium-dioxid, amely k\u00e9pes feler\u0151s\u00edteni\" \/>\n<meta property=\"og:url\" content=\"https:\/\/chacrys.com\/hu\/kristalyok\/tiszta-kvarc-kristaly-jelentese-elonyei-gyogyito-tulajdonsagai-es-hasznalata\/\" \/>\n<meta property=\"og:site_name\" content=\"Chacrys\" \/>\n<meta property=\"article:publisher\" content=\"https:\/\/www.facebook.com\/chacryscrystal\" \/>\n<meta name=\"twitter:card\" content=\"summary_large_image\" \/>\n<meta name=\"twitter:label1\" content=\"Becs\u00fclt olvas\u00e1si id\u0151\" \/>\n\t<meta name=\"twitter:data1\" content=\"2 perc\" \/>\n<script type=\"application\/ld+json\" class=\"yoast-schema-graph\">{\"@context\":\"https:\\\/\\\/schema.org\",\"@graph\":[{\"@type\":\"WebPage\",\"@id\":\"https:\\\/\\\/chacrys.com\\\/hu\\\/kristalyok\\\/tiszta-kvarc-kristaly-jelentese-elonyei-gyogyito-tulajdonsagai-es-hasznalata\\\/\",\"url\":\"https:\\\/\\\/chacrys.com\\\/hu\\\/kristalyok\\\/tiszta-kvarc-kristaly-jelentese-elonyei-gyogyito-tulajdonsagai-es-hasznalata\\\/\",\"name\":\"Tiszta kvarc krist\u00e1ly - jelent\u00e9se, el\u0151nyei, gy\u00f3gy\u00edt\u00f3 tulajdons\u00e1gai \u00e9s haszn\u00e1lata - Chacrys\",\"isPartOf\":{\"@id\":\"https:\\\/\\\/chacrys.com\\\/hu\\\/#website\"},\"datePublished\":\"2025-07-06T16:34:38+00:00\",\"breadcrumb\":{\"@id\":\"https:\\\/\\\/chacrys.com\\\/hu\\\/kristalyok\\\/tiszta-kvarc-kristaly-jelentese-elonyei-gyogyito-tulajdonsagai-es-hasznalata\\\/#breadcrumb\"},\"inLanguage\":\"hu\",\"potentialAction\":[{\"@type\":\"ReadAction\",\"target\":[\"https:\\\/\\\/chacrys.com\\\/hu\\\/kristalyok\\\/tiszta-kvarc-kristaly-jelentese-elonyei-gyogyito-tulajdonsagai-es-hasznalata\\\/\"]}]},{\"@type\":\"BreadcrumbList\",\"@id\":\"https:\\\/\\\/chacrys.com\\\/hu\\\/kristalyok\\\/tiszta-kvarc-kristaly-jelentese-elonyei-gyogyito-tulajdonsagai-es-hasznalata\\\/#breadcrumb\",\"itemListElement\":[{\"@type\":\"ListItem\",\"position\":1,\"name\":\"Home\",\"item\":\"https:\\\/\\\/chacrys.com\\\/hu\\\/\"},{\"@type\":\"ListItem\",\"position\":2,\"name\":\"Krist\u00e1lyok\",\"item\":\"https:\\\/\\\/chacrys.com\\\/hu\\\/kristalyok\\\/\"},{\"@type\":\"ListItem\",\"position\":3,\"name\":\"Tiszta kvarc krist\u00e1ly &#8211; jelent\u00e9se, el\u0151nyei, gy\u00f3gy\u00edt\u00f3 tulajdons\u00e1gai \u00e9s haszn\u00e1lata\"}]},{\"@type\":\"WebSite\",\"@id\":\"https:\\\/\\\/chacrys.com\\\/hu\\\/#website\",\"url\":\"https:\\\/\\\/chacrys.com\\\/hu\\\/\",\"name\":\"Chacrys\",\"description\":\"Chacrys\",\"publisher\":{\"@id\":\"https:\\\/\\\/chacrys.com\\\/hu\\\/#organization\"},\"potentialAction\":[{\"@type\":\"SearchAction\",\"target\":{\"@type\":\"EntryPoint\",\"urlTemplate\":\"https:\\\/\\\/chacrys.com\\\/hu\\\/?s={search_term_string}\"},\"query-input\":{\"@type\":\"PropertyValueSpecification\",\"valueRequired\":true,\"valueName\":\"search_term_string\"}}],\"inLanguage\":\"hu\"},{\"@type\":\"Organization\",\"@id\":\"https:\\\/\\\/chacrys.com\\\/hu\\\/#organization\",\"name\":\"Chacrys\",\"url\":\"https:\\\/\\\/chacrys.com\\\/hu\\\/\",\"logo\":{\"@type\":\"ImageObject\",\"inLanguage\":\"hu\",\"@id\":\"https:\\\/\\\/chacrys.com\\\/hu\\\/#\\\/schema\\\/logo\\\/image\\\/\",\"url\":\"https:\\\/\\\/chacrys.com\\\/wp-content\\\/uploads\\\/2024\\\/11\\\/cropped-FRANJULIA-6.png\",\"contentUrl\":\"https:\\\/\\\/chacrys.com\\\/wp-content\\\/uploads\\\/2024\\\/11\\\/cropped-FRANJULIA-6.png\",\"width\":512,\"height\":512,\"caption\":\"Chacrys\"},\"image\":{\"@id\":\"https:\\\/\\\/chacrys.com\\\/hu\\\/#\\\/schema\\\/logo\\\/image\\\/\"},\"sameAs\":[\"https:\\\/\\\/www.facebook.com\\\/chacryscrystal\",\"https:\\\/\\\/www.instagram.com\\\/chacrys\\\/\",\"https:\\\/\\\/www.pinterest.com\\\/chacryscrystalbed\\\/\",\"https:\\\/\\\/www.youtube.com\\\/@chacrysofficial9667\"]}]}<\/script>\n<!-- \/ Yoast SEO plugin. -->","yoast_head_json":{"title":"Tiszta kvarc krist\u00e1ly - jelent\u00e9se, el\u0151nyei, gy\u00f3gy\u00edt\u00f3 tulajdons\u00e1gai \u00e9s haszn\u00e1lata - Chacrys","robots":{"index":"index","follow":"follow","max-snippet":"max-snippet:-1","max-image-preview":"max-image-preview:large","max-video-preview":"max-video-preview:-1"},"canonical":"https:\/\/chacrys.com\/hu\/kristalyok\/tiszta-kvarc-kristaly-jelentese-elonyei-gyogyito-tulajdonsagai-es-hasznalata\/","og_locale":"hu_HU","og_type":"article","og_title":"Tiszta kvarc krist\u00e1ly - jelent\u00e9se, el\u0151nyei, gy\u00f3gy\u00edt\u00f3 tulajdons\u00e1gai \u00e9s haszn\u00e1lata - Chacrys","og_description":"Mi a tiszta kvarc? A tiszta kvarc a geol\u00f3gia \u00fcres lapja &#8211; hatoldal\u00fa r\u00e1csba rendezett tiszta szil\u00edcium-dioxid, amely k\u00e9pes feler\u0151s\u00edteni","og_url":"https:\/\/chacrys.com\/hu\/kristalyok\/tiszta-kvarc-kristaly-jelentese-elonyei-gyogyito-tulajdonsagai-es-hasznalata\/","og_site_name":"Chacrys","article_publisher":"https:\/\/www.facebook.com\/chacryscrystal","twitter_card":"summary_large_image","twitter_misc":{"Becs\u00fclt olvas\u00e1si id\u0151":"2 perc"},"schema":{"@context":"https:\/\/schema.org","@graph":[{"@type":"WebPage","@id":"https:\/\/chacrys.com\/hu\/kristalyok\/tiszta-kvarc-kristaly-jelentese-elonyei-gyogyito-tulajdonsagai-es-hasznalata\/","url":"https:\/\/chacrys.com\/hu\/kristalyok\/tiszta-kvarc-kristaly-jelentese-elonyei-gyogyito-tulajdonsagai-es-hasznalata\/","name":"Tiszta kvarc krist\u00e1ly - jelent\u00e9se, el\u0151nyei, gy\u00f3gy\u00edt\u00f3 tulajdons\u00e1gai \u00e9s haszn\u00e1lata - Chacrys","isPartOf":{"@id":"https:\/\/chacrys.com\/hu\/#website"},"datePublished":"2025-07-06T16:34:38+00:00","breadcrumb":{"@id":"https:\/\/chacrys.com\/hu\/kristalyok\/tiszta-kvarc-kristaly-jelentese-elonyei-gyogyito-tulajdonsagai-es-hasznalata\/#breadcrumb"},"inLanguage":"hu","potentialAction":[{"@type":"ReadAction","target":["https:\/\/chacrys.com\/hu\/kristalyok\/tiszta-kvarc-kristaly-jelentese-elonyei-gyogyito-tulajdonsagai-es-hasznalata\/"]}]},{"@type":"BreadcrumbList","@id":"https:\/\/chacrys.com\/hu\/kristalyok\/tiszta-kvarc-kristaly-jelentese-elonyei-gyogyito-tulajdonsagai-es-hasznalata\/#breadcrumb","itemListElement":[{"@type":"ListItem","position":1,"name":"Home","item":"https:\/\/chacrys.com\/hu\/"},{"@type":"ListItem","position":2,"name":"Krist\u00e1lyok","item":"https:\/\/chacrys.com\/hu\/kristalyok\/"},{"@type":"ListItem","position":3,"name":"Tiszta kvarc krist\u00e1ly &#8211; jelent\u00e9se, el\u0151nyei, gy\u00f3gy\u00edt\u00f3 tulajdons\u00e1gai \u00e9s haszn\u00e1lata"}]},{"@type":"WebSite","@id":"https:\/\/chacrys.com\/hu\/#website","url":"https:\/\/chacrys.com\/hu\/","name":"Chacrys","description":"Chacrys","publisher":{"@id":"https:\/\/chacrys.com\/hu\/#organization"},"potentialAction":[{"@type":"SearchAction","target":{"@type":"EntryPoint","urlTemplate":"https:\/\/chacrys.com\/hu\/?s={search_term_string}"},"query-input":{"@type":"PropertyValueSpecification","valueRequired":true,"valueName":"search_term_string"}}],"inLanguage":"hu"},{"@type":"Organization","@id":"https:\/\/chacrys.com\/hu\/#organization","name":"Chacrys","url":"https:\/\/chacrys.com\/hu\/","logo":{"@type":"ImageObject","inLanguage":"hu","@id":"https:\/\/chacrys.com\/hu\/#\/schema\/logo\/image\/","url":"https:\/\/chacrys.com\/wp-content\/uploads\/2024\/11\/cropped-FRANJULIA-6.png","contentUrl":"https:\/\/chacrys.com\/wp-content\/uploads\/2024\/11\/cropped-FRANJULIA-6.png","width":512,"height":512,"caption":"Chacrys"},"image":{"@id":"https:\/\/chacrys.com\/hu\/#\/schema\/logo\/image\/"},"sameAs":["https:\/\/www.facebook.com\/chacryscrystal","https:\/\/www.instagram.com\/chacrys\/","https:\/\/www.pinterest.com\/chacryscrystalbed\/","https:\/\/www.youtube.com\/@chacrysofficial9667"]}]}},"_links":{"self":[{"href":"https:\/\/chacrys.com\/hu\/wp-json\/wp\/v2\/pages\/33493","targetHints":{"allow":["GET"]}}],"collection":[{"href":"https:\/\/chacrys.com\/hu\/wp-json\/wp\/v2\/pages"}],"about":[{"href":"https:\/\/chacrys.com\/hu\/wp-json\/wp\/v2\/types\/page"}],"author":[{"embeddable":true,"href":"https:\/\/chacrys.com\/hu\/wp-json\/wp\/v2\/users\/1"}],"replies":[{"embeddable":true,"href":"https:\/\/chacrys.com\/hu\/wp-json\/wp\/v2\/comments?post=33493"}],"version-history":[{"count":0,"href":"https:\/\/chacrys.com\/hu\/wp-json\/wp\/v2\/pages\/33493\/revisions"}],"up":[{"embeddable":true,"href":"https:\/\/chacrys.com\/hu\/wp-json\/wp\/v2\/pages\/33019"}],"wp:attachment":[{"href":"https:\/\/chacrys.com\/hu\/wp-json\/wp\/v2\/media?parent=33493"}],"curies":[{"name":"wp","href":"https:\/\/api.w.org\/{rel}","templated":true}]}}