{"id":33481,"date":"2025-07-06T16:32:53","date_gmt":"2025-07-06T16:32:53","guid":{"rendered":"https:\/\/chacrys.com\/kristalyok\/azurit-kristaly-jelentese-elonyei-gyogyito-tulajdonsagai-es-hasznalata\/"},"modified":"2025-07-06T16:32:53","modified_gmt":"2025-07-06T16:32:53","slug":"azurit-kristaly-jelentese-elonyei-gyogyito-tulajdonsagai-es-hasznalata","status":"publish","type":"page","link":"https:\/\/chacrys.com\/hu\/kristalyok\/azurit-kristaly-jelentese-elonyei-gyogyito-tulajdonsagai-es-hasznalata\/","title":{"rendered":"Azurit krist\u00e1ly &#8211; jelent\u00e9se, el\u0151nyei, gy\u00f3gy\u00edt\u00f3 tulajdons\u00e1gai \u00e9s haszn\u00e1lata"},"content":{"rendered":"<h2 style=\"font-size:28px\">Mi az azurit?<\/h2>\n<div style=\"font-size:22px\">Felejtsd el a kisz\u00e1m\u00edthat\u00f3 \u00e9gsz\u00ednk\u00e9ket: az azurit olyan, mint az \u00e9jf\u00e9li tinta, amely m\u00e9g mindig csillog a vill\u00e1mokt\u00f3l. Akkor k\u00e9pz\u0151dik, amikor a r\u00e9zben gazdag talajv\u00edz a m\u00e9szk\u0151barlangokban megmarad, \u00e9s m\u00e9lyindig\u00f3k\u00e9k rozett\u00e1kat \u00e9s b\u00e1rsonyos k\u00e9rgeket k\u00e9pez. Az \u0151si k\u00e9zm\u0171vesek pigmentnek \u0151r\u00f6lt\u00e9k; a taoista alkimist\u00e1k nagy becsben tartott\u00e1k, mert &#8222;megnyitja az \u00e9gi l\u00e1t\u00e1st&#8221;. A k\u0151 finom &#8211; a Mohs-sk\u00e1la szerint k\u00f6r\u00fclbel\u00fcl 3,5-\u00f6s -, \u00edgy minden egyes p\u00e9ld\u00e1ny olyan, mint a krist\u00e1lyosodott temperafest\u00e9k. Szerkezete napf\u00e9ny vagy nedvess\u00e9g hat\u00e1s\u00e1ra k\u00f6nnyen \u00e1talakul malachitt\u00e1, ami arra eml\u00e9keztet, hogy a bel\u00e1t\u00e1s fejl\u0151dhet, ha hagyjuk.    <\/div>\n<h2 style=\"font-size:28px\">Az azurit el\u0151nyei<\/h2>\n<div style=\"font-size:22px\">A gyakorl\u00f3k akkor ny\u00falnak az azurithoz, amikor a ment\u00e1lis p\u00f3kh\u00e1l\u00f3k t\u00fals\u00e1gosan szorosan tapadnak r\u00e1juk. A bejelentett hat\u00e1sok k\u00f6z\u00e9 tartozik a fokozott koncentr\u00e1ci\u00f3, a gyorsabb d\u00f6nt\u00e9shozatal \u00e9s a t\u00falgondolkod\u00e1si spir\u00e1lb\u00f3l val\u00f3 szel\u00eddebb kil\u00e9p\u00e9s. Az emberek \u00e9l\u00e9nkebb \u00e1lomfelid\u00e9z\u00e9st \u00e9s az eltemetett \u00e9rzelmek vizsg\u00e1lat\u00e1nak k\u00e9pess\u00e9g\u00e9t is megfigyelik an\u00e9lk\u00fcl, hogy belefulladn\u00e1nak. Ezek a benyom\u00e1sok k\u00f6zvetlen tapasztalatb\u00f3l sz\u00e1rmaznak, nem pedig kett\u0151s vak vizsg\u00e1latokb\u00f3l, ez\u00e9rt ink\u00e1bb kezelj\u00fck \u0151ket t\u00e1mogat\u00f3 jelz\u00e9sekk\u00e9nt, mint receptk\u00e9nt.   <\/div>\n<h2 style=\"font-size:28px\"><span data-sheets-root=\"1\">Hogyan haszn\u00e1ljuk az azuritot?<\/span><\/h2>\n<div style=\"font-size:22px\">Tartson az \u00edr\u00f3asztal\u00e1n egy h\u00fcvelykujjnyi gomolyg\u00f3t; a tel\u00edtett \u00e1rnyalat egyetlen pillant\u00e1sa visszaterelheti a figyelmet a jelen dokumentumra. Medit\u00e1ci\u00f3 k\u00f6zben pihentessen egy kis darabot a homlok\u00e1n, \u00e9s l\u00e9legezzen n\u00e9gyes\u00e9vel, hagyva, hogy a h\u0171v\u00f6s s\u00faly felolvassza a homlokfesz\u00fclts\u00e9get. Az \u00edr\u00f3k n\u00e9ha azuritot helyeznek a v\u00e1zlatrajzuk f\u00f6l\u00e9 &#8211; elektromos sz\u00edne kiemel\u0151k\u00e9nt hat, \u00e9s az elbesz\u00e9l\u00e9s pulzusa fel\u00e9 ir\u00e1ny\u00edtja \u0151ket. Hagyja ki a vizes inf\u00fazi\u00f3kat; a r\u00e9zpor nem kedvez a ves\u00e9knek.   <\/div>\n<h2 style=\"font-size:28px\">Az azurit gy\u00f3gy\u00edt\u00f3 tulajdons\u00e1gai<\/h2>\n<div style=\"font-size:22px\">Indig\u00f3t\u00f3l az ibolyasz\u00ednig, esetenk\u00e9nt malachittal vagy krizokoll\u00e1val s\u00e1vozva. K\u00e9miai \u00f6sszet\u00e9tel: Cu\u2083(CO\u2083)\u2082(OH)\u2082. Megtal\u00e1lhat\u00f3 Marokk\u00f3 Atlasz-hasad\u00e9kaiban, Arizona sz\u00e1raz mes\u00e1iban \u00e9s Ausztr\u00e1lia d\u00fcb\u00f6rg\u0151 r\u00e9zb\u00e1ny\u00e1iban. Energetikusan a desztill\u00e1lt bel\u00e1t\u00e1ssal, a ment\u00e1lis rendetlens\u00e9ggel \u00e9s a bels\u0151 navig\u00e1ci\u00f3s f\u00e9nyekkel t\u00e1rsul.   <\/div>\n<h2 style=\"font-size:28px\"><span data-sheets-root=\"1\">Azurit tiszt\u00edt\u00e1sa \u00e9s karbantart\u00e1sa<\/span><\/h2>\n<div style=\"font-size:22px\">Soha ne \u00e1ztassa be. Ehelyett s\u00f6p\u00f6rje le a port egy cobolykef\u00e9vel, majd f\u00fajjon c\u00e9drusf\u00fcst\u00f6t az energikus felfriss\u00fcl\u00e9s \u00e9rdek\u00e9ben. A naps\u00fct\u00e9st t\u00edz percre korl\u00e1tozza; hosszabb f\u00e9nytartam z\u00f6ld\u00edtheti a fel\u00fcletet. Csomagolja feh\u00e9r\u00edtetlen muszlinba, \u00e9s t\u00e1rolja a kem\u00e9nyebb kvarct\u00f3l t\u00e1vol, hogy a k\u0151 b\u00e1rsonyos f\u00e9nye megmaradjon.   <\/div>\n","protected":false},"excerpt":{"rendered":"<p>Mi az azurit? Felejtsd el a kisz\u00e1m\u00edthat\u00f3 \u00e9gsz\u00ednk\u00e9ket: az azurit olyan, mint az \u00e9jf\u00e9li tinta, amely m\u00e9g mindig csillog a<\/p>\n","protected":false},"author":1,"featured_media":0,"parent":33019,"menu_order":0,"comment_status":"closed","ping_status":"closed","template":"","meta":{"footnotes":""},"class_list":["post-33481","page","type-page","status-publish","hentry"],"yoast_head":"<!-- This site is optimized with the Yoast SEO plugin v27.5 - https:\/\/yoast.com\/product\/yoast-seo-wordpress\/ -->\n<title>Azurit krist\u00e1ly - jelent\u00e9se, el\u0151nyei, gy\u00f3gy\u00edt\u00f3 tulajdons\u00e1gai \u00e9s haszn\u00e1lata - Chacrys<\/title>\n<meta name=\"robots\" content=\"index, follow, max-snippet:-1, max-image-preview:large, max-video-preview:-1\" \/>\n<link rel=\"canonical\" href=\"https:\/\/chacrys.com\/hu\/kristalyok\/azurit-kristaly-jelentese-elonyei-gyogyito-tulajdonsagai-es-hasznalata\/\" \/>\n<meta property=\"og:locale\" content=\"hu_HU\" \/>\n<meta property=\"og:type\" content=\"article\" \/>\n<meta property=\"og:title\" content=\"Azurit krist\u00e1ly - jelent\u00e9se, el\u0151nyei, gy\u00f3gy\u00edt\u00f3 tulajdons\u00e1gai \u00e9s haszn\u00e1lata - Chacrys\" \/>\n<meta property=\"og:description\" content=\"Mi az azurit? Felejtsd el a kisz\u00e1m\u00edthat\u00f3 \u00e9gsz\u00ednk\u00e9ket: az azurit olyan, mint az \u00e9jf\u00e9li tinta, amely m\u00e9g mindig csillog a\" \/>\n<meta property=\"og:url\" content=\"https:\/\/chacrys.com\/hu\/kristalyok\/azurit-kristaly-jelentese-elonyei-gyogyito-tulajdonsagai-es-hasznalata\/\" \/>\n<meta property=\"og:site_name\" content=\"Chacrys\" \/>\n<meta property=\"article:publisher\" content=\"https:\/\/www.facebook.com\/chacryscrystal\" \/>\n<meta name=\"twitter:card\" content=\"summary_large_image\" \/>\n<meta name=\"twitter:label1\" content=\"Becs\u00fclt olvas\u00e1si id\u0151\" \/>\n\t<meta name=\"twitter:data1\" content=\"3 perc\" \/>\n<script type=\"application\/ld+json\" class=\"yoast-schema-graph\">{\"@context\":\"https:\\\/\\\/schema.org\",\"@graph\":[{\"@type\":\"WebPage\",\"@id\":\"https:\\\/\\\/chacrys.com\\\/hu\\\/kristalyok\\\/azurit-kristaly-jelentese-elonyei-gyogyito-tulajdonsagai-es-hasznalata\\\/\",\"url\":\"https:\\\/\\\/chacrys.com\\\/hu\\\/kristalyok\\\/azurit-kristaly-jelentese-elonyei-gyogyito-tulajdonsagai-es-hasznalata\\\/\",\"name\":\"Azurit krist\u00e1ly - jelent\u00e9se, el\u0151nyei, gy\u00f3gy\u00edt\u00f3 tulajdons\u00e1gai \u00e9s haszn\u00e1lata - Chacrys\",\"isPartOf\":{\"@id\":\"https:\\\/\\\/chacrys.com\\\/hu\\\/#website\"},\"datePublished\":\"2025-07-06T16:32:53+00:00\",\"breadcrumb\":{\"@id\":\"https:\\\/\\\/chacrys.com\\\/hu\\\/kristalyok\\\/azurit-kristaly-jelentese-elonyei-gyogyito-tulajdonsagai-es-hasznalata\\\/#breadcrumb\"},\"inLanguage\":\"hu\",\"potentialAction\":[{\"@type\":\"ReadAction\",\"target\":[\"https:\\\/\\\/chacrys.com\\\/hu\\\/kristalyok\\\/azurit-kristaly-jelentese-elonyei-gyogyito-tulajdonsagai-es-hasznalata\\\/\"]}]},{\"@type\":\"BreadcrumbList\",\"@id\":\"https:\\\/\\\/chacrys.com\\\/hu\\\/kristalyok\\\/azurit-kristaly-jelentese-elonyei-gyogyito-tulajdonsagai-es-hasznalata\\\/#breadcrumb\",\"itemListElement\":[{\"@type\":\"ListItem\",\"position\":1,\"name\":\"Home\",\"item\":\"https:\\\/\\\/chacrys.com\\\/hu\\\/\"},{\"@type\":\"ListItem\",\"position\":2,\"name\":\"Krist\u00e1lyok\",\"item\":\"https:\\\/\\\/chacrys.com\\\/hu\\\/kristalyok\\\/\"},{\"@type\":\"ListItem\",\"position\":3,\"name\":\"Azurit krist\u00e1ly &#8211; jelent\u00e9se, el\u0151nyei, gy\u00f3gy\u00edt\u00f3 tulajdons\u00e1gai \u00e9s haszn\u00e1lata\"}]},{\"@type\":\"WebSite\",\"@id\":\"https:\\\/\\\/chacrys.com\\\/hu\\\/#website\",\"url\":\"https:\\\/\\\/chacrys.com\\\/hu\\\/\",\"name\":\"Chacrys\",\"description\":\"Chacrys\",\"publisher\":{\"@id\":\"https:\\\/\\\/chacrys.com\\\/hu\\\/#organization\"},\"potentialAction\":[{\"@type\":\"SearchAction\",\"target\":{\"@type\":\"EntryPoint\",\"urlTemplate\":\"https:\\\/\\\/chacrys.com\\\/hu\\\/?s={search_term_string}\"},\"query-input\":{\"@type\":\"PropertyValueSpecification\",\"valueRequired\":true,\"valueName\":\"search_term_string\"}}],\"inLanguage\":\"hu\"},{\"@type\":\"Organization\",\"@id\":\"https:\\\/\\\/chacrys.com\\\/hu\\\/#organization\",\"name\":\"Chacrys\",\"url\":\"https:\\\/\\\/chacrys.com\\\/hu\\\/\",\"logo\":{\"@type\":\"ImageObject\",\"inLanguage\":\"hu\",\"@id\":\"https:\\\/\\\/chacrys.com\\\/hu\\\/#\\\/schema\\\/logo\\\/image\\\/\",\"url\":\"https:\\\/\\\/chacrys.com\\\/wp-content\\\/uploads\\\/2024\\\/11\\\/cropped-FRANJULIA-6.png\",\"contentUrl\":\"https:\\\/\\\/chacrys.com\\\/wp-content\\\/uploads\\\/2024\\\/11\\\/cropped-FRANJULIA-6.png\",\"width\":512,\"height\":512,\"caption\":\"Chacrys\"},\"image\":{\"@id\":\"https:\\\/\\\/chacrys.com\\\/hu\\\/#\\\/schema\\\/logo\\\/image\\\/\"},\"sameAs\":[\"https:\\\/\\\/www.facebook.com\\\/chacryscrystal\",\"https:\\\/\\\/www.instagram.com\\\/chacrys\\\/\",\"https:\\\/\\\/www.pinterest.com\\\/chacryscrystalbed\\\/\",\"https:\\\/\\\/www.youtube.com\\\/@chacrysofficial9667\"]}]}<\/script>\n<!-- \/ Yoast SEO plugin. -->","yoast_head_json":{"title":"Azurit krist\u00e1ly - jelent\u00e9se, el\u0151nyei, gy\u00f3gy\u00edt\u00f3 tulajdons\u00e1gai \u00e9s haszn\u00e1lata - Chacrys","robots":{"index":"index","follow":"follow","max-snippet":"max-snippet:-1","max-image-preview":"max-image-preview:large","max-video-preview":"max-video-preview:-1"},"canonical":"https:\/\/chacrys.com\/hu\/kristalyok\/azurit-kristaly-jelentese-elonyei-gyogyito-tulajdonsagai-es-hasznalata\/","og_locale":"hu_HU","og_type":"article","og_title":"Azurit krist\u00e1ly - jelent\u00e9se, el\u0151nyei, gy\u00f3gy\u00edt\u00f3 tulajdons\u00e1gai \u00e9s haszn\u00e1lata - Chacrys","og_description":"Mi az azurit? Felejtsd el a kisz\u00e1m\u00edthat\u00f3 \u00e9gsz\u00ednk\u00e9ket: az azurit olyan, mint az \u00e9jf\u00e9li tinta, amely m\u00e9g mindig csillog a","og_url":"https:\/\/chacrys.com\/hu\/kristalyok\/azurit-kristaly-jelentese-elonyei-gyogyito-tulajdonsagai-es-hasznalata\/","og_site_name":"Chacrys","article_publisher":"https:\/\/www.facebook.com\/chacryscrystal","twitter_card":"summary_large_image","twitter_misc":{"Becs\u00fclt olvas\u00e1si id\u0151":"3 perc"},"schema":{"@context":"https:\/\/schema.org","@graph":[{"@type":"WebPage","@id":"https:\/\/chacrys.com\/hu\/kristalyok\/azurit-kristaly-jelentese-elonyei-gyogyito-tulajdonsagai-es-hasznalata\/","url":"https:\/\/chacrys.com\/hu\/kristalyok\/azurit-kristaly-jelentese-elonyei-gyogyito-tulajdonsagai-es-hasznalata\/","name":"Azurit krist\u00e1ly - jelent\u00e9se, el\u0151nyei, gy\u00f3gy\u00edt\u00f3 tulajdons\u00e1gai \u00e9s haszn\u00e1lata - Chacrys","isPartOf":{"@id":"https:\/\/chacrys.com\/hu\/#website"},"datePublished":"2025-07-06T16:32:53+00:00","breadcrumb":{"@id":"https:\/\/chacrys.com\/hu\/kristalyok\/azurit-kristaly-jelentese-elonyei-gyogyito-tulajdonsagai-es-hasznalata\/#breadcrumb"},"inLanguage":"hu","potentialAction":[{"@type":"ReadAction","target":["https:\/\/chacrys.com\/hu\/kristalyok\/azurit-kristaly-jelentese-elonyei-gyogyito-tulajdonsagai-es-hasznalata\/"]}]},{"@type":"BreadcrumbList","@id":"https:\/\/chacrys.com\/hu\/kristalyok\/azurit-kristaly-jelentese-elonyei-gyogyito-tulajdonsagai-es-hasznalata\/#breadcrumb","itemListElement":[{"@type":"ListItem","position":1,"name":"Home","item":"https:\/\/chacrys.com\/hu\/"},{"@type":"ListItem","position":2,"name":"Krist\u00e1lyok","item":"https:\/\/chacrys.com\/hu\/kristalyok\/"},{"@type":"ListItem","position":3,"name":"Azurit krist\u00e1ly &#8211; jelent\u00e9se, el\u0151nyei, gy\u00f3gy\u00edt\u00f3 tulajdons\u00e1gai \u00e9s haszn\u00e1lata"}]},{"@type":"WebSite","@id":"https:\/\/chacrys.com\/hu\/#website","url":"https:\/\/chacrys.com\/hu\/","name":"Chacrys","description":"Chacrys","publisher":{"@id":"https:\/\/chacrys.com\/hu\/#organization"},"potentialAction":[{"@type":"SearchAction","target":{"@type":"EntryPoint","urlTemplate":"https:\/\/chacrys.com\/hu\/?s={search_term_string}"},"query-input":{"@type":"PropertyValueSpecification","valueRequired":true,"valueName":"search_term_string"}}],"inLanguage":"hu"},{"@type":"Organization","@id":"https:\/\/chacrys.com\/hu\/#organization","name":"Chacrys","url":"https:\/\/chacrys.com\/hu\/","logo":{"@type":"ImageObject","inLanguage":"hu","@id":"https:\/\/chacrys.com\/hu\/#\/schema\/logo\/image\/","url":"https:\/\/chacrys.com\/wp-content\/uploads\/2024\/11\/cropped-FRANJULIA-6.png","contentUrl":"https:\/\/chacrys.com\/wp-content\/uploads\/2024\/11\/cropped-FRANJULIA-6.png","width":512,"height":512,"caption":"Chacrys"},"image":{"@id":"https:\/\/chacrys.com\/hu\/#\/schema\/logo\/image\/"},"sameAs":["https:\/\/www.facebook.com\/chacryscrystal","https:\/\/www.instagram.com\/chacrys\/","https:\/\/www.pinterest.com\/chacryscrystalbed\/","https:\/\/www.youtube.com\/@chacrysofficial9667"]}]}},"_links":{"self":[{"href":"https:\/\/chacrys.com\/hu\/wp-json\/wp\/v2\/pages\/33481","targetHints":{"allow":["GET"]}}],"collection":[{"href":"https:\/\/chacrys.com\/hu\/wp-json\/wp\/v2\/pages"}],"about":[{"href":"https:\/\/chacrys.com\/hu\/wp-json\/wp\/v2\/types\/page"}],"author":[{"embeddable":true,"href":"https:\/\/chacrys.com\/hu\/wp-json\/wp\/v2\/users\/1"}],"replies":[{"embeddable":true,"href":"https:\/\/chacrys.com\/hu\/wp-json\/wp\/v2\/comments?post=33481"}],"version-history":[{"count":0,"href":"https:\/\/chacrys.com\/hu\/wp-json\/wp\/v2\/pages\/33481\/revisions"}],"up":[{"embeddable":true,"href":"https:\/\/chacrys.com\/hu\/wp-json\/wp\/v2\/pages\/33019"}],"wp:attachment":[{"href":"https:\/\/chacrys.com\/hu\/wp-json\/wp\/v2\/media?parent=33481"}],"curies":[{"name":"wp","href":"https:\/\/api.w.org\/{rel}","templated":true}]}}