{"id":33475,"date":"2025-07-06T16:34:38","date_gmt":"2025-07-06T16:34:38","guid":{"rendered":"https:\/\/chacrys.com\/kristalyok\/celestite-kristaly-kristaly-jelentese-elonyei-gyogyito-tulajdonsagai-es-hasznalata\/"},"modified":"2025-07-06T16:34:38","modified_gmt":"2025-07-06T16:34:38","slug":"celestite-kristaly-kristaly-jelentese-elonyei-gyogyito-tulajdonsagai-es-hasznalata","status":"publish","type":"page","link":"https:\/\/chacrys.com\/hu\/kristalyok\/celestite-kristaly-kristaly-jelentese-elonyei-gyogyito-tulajdonsagai-es-hasznalata\/","title":{"rendered":"Celestite krist\u00e1ly krist\u00e1ly &#8211; jelent\u00e9se, el\u0151nyei, gy\u00f3gy\u00edt\u00f3 tulajdons\u00e1gai \u00e9s haszn\u00e1lata"},"content":{"rendered":"<h2 style=\"font-size:28px\">Mi az a Celestite Crystal?<\/h2>\n<div style=\"font-size:22px\">A Celestit, sz\u00e9lesebb palett\u00e1j\u00e1n, csilloghat j\u00e9gfeh\u00e9ren, galambsz\u00fcrk\u00e9n, s\u0151t halv\u00e1ny arannyal is, de a legt\u00f6bb gy\u0171jt\u0151 a suttog\u00f3 k\u00e9k rokonokat hajszolja. K\u00e9miailag azonos k\u00e9k testv\u00e9r\u00e9vel, a sztontium-szulf\u00e1ttal, a celesztit gyakran k\u00e9pez tabl\u00f3szer\u0171 halmazokat, amelyek fagyba fagyott katedr\u00e1lis orgon\u00e1kra eml\u00e9keztetnek. Ha k\u00e9t pontot \u00f6sszecsapunk, t\u00f6r\u00e9kenyen, szinte \u00fcvegb\u0151l k\u00e9sz\u00fclt sz\u00e9lcseng\u0151k\u00e9nt zengnek. S\u0171r\u0171s\u00e9ge nagyobb, mint a kvarc\u00e9, kem\u00e9nys\u00e9ge azonban alacsony, 3, \u00edgy paradox m\u00f3don neh\u00e9znek \u00e9s t\u00f6r\u00e9kenynek \u00e9rzi mag\u00e1t egyazon pillanatban.   <\/div>\n<h2 style=\"font-size:28px\">A Celestite krist\u00e1ly el\u0151nyei<\/h2>\n<div style=\"font-size:22px\">Az emberek a celesztitre t\u00e1maszkodnak a szel\u00edd emelked\u00e9s \u00e9rdek\u00e9ben &#8211; olyan \u00e9rz\u00e9s, mintha egy kil\u00e1t\u00f3teraszra l\u00e9pn\u00e9nk, \u00e9s hirtelen l\u00e1tn\u00e1nk, hogy a v\u00e1rosr\u00e9szek leg\u00f3v\u00e1 zsugorodnak. A jelentett el\u0151ny\u00f6k: k\u00f6nnyebb \u00e1lomfelid\u00e9z\u00e9s, enyh\u00e9bb szoci\u00e1lis szorong\u00e1s, \u00e9s sim\u00e1bb csoportos medit\u00e1ci\u00f3k, mivel a k\u0151 h\u0171v\u00f6s aur\u00e1ja csendesebb hangokat eredm\u00e9nyez. Egyes csillag\u00e1szok m\u00e9g t\u00e1vcs\u00f6vekkel is p\u00e1ros\u00edtj\u00e1k a celesztitet, mondv\u00e1n, hogy a krist\u00e1ly neve (caelestis &#8211; mennyei) megadja a holdi randev\u00fa hangulat\u00e1t. Van ebben k\u00f6lt\u00e9szet, ha nem is peer-\u00e9rt\u00e9kel\u00e9s.   <\/div>\n<h2 style=\"font-size:28px\"><span data-sheets-root=\"1\">Hogyan haszn\u00e1ljuk a Celestite Crystal-t?<\/span><\/h2>\n<div style=\"font-size:22px\">\u00c9p\u00edts\u00fcnk egy &#8222;hangf\u00e9szket&#8221;: csengess\u00fcnk h\u00e1rom hangot az \u00e9nekl\u0151 t\u00e1lba, majd helyezz\u00fcnk egy celesztit-halmazt a t\u00e1l k\u00f6zep\u00e9re; hagyjuk, hogy a marad\u00e9k rezg\u00e9s v\u00e9gigz\u00fagjon a krist\u00e1lyon, mik\u00f6zben sz\u00e1nd\u00e9kokat napl\u00f3zunk. Helyezz\u00fcnk kis szil\u00e1nkokat a laptop hangsz\u00f3r\u00f3i mell\u00e9 &#8211; az \u00e1sv\u00e1ny s\u0171r\u0171s\u00e9ge elnyeli az \u00f3nos magas hangok egy szelet\u00e9t, l\u00e1gy\u00edtva a munkahelyi lej\u00e1tsz\u00e1si list\u00e1kat. Lefekv\u00e9s el\u0151tti mantr\u00e1z\u00e1shoz tartsd a krist\u00e1lyf\u00fcrt\u00f6t mellmagass\u00e1gban n\u00e9gy lass\u00fa l\u00e9legzetv\u00e9telig, majd parkold le az ablakp\u00e1rk\u00e1nyra, hogy a holdf\u00e9ny megcs\u00f3kolja a fazett\u00e1it.  <\/div>\n<h2 style=\"font-size:28px\">A Celestite krist\u00e1ly gy\u00f3gy\u00edt\u00f3 tulajdons\u00e1gai<\/h2>\n<div style=\"font-size:22px\">Sz\u00ednv\u00e1laszt\u00e9k: gleccserk\u00e9k, kr\u00e9tafeh\u00e9r, halv\u00e1ny pezsg\u0151. K\u00e9mia: SrSO\u2084. F\u0151 erek: Madagaszk\u00e1ri geod\u00e1k, tun\u00e9ziai s\u00edkvid\u00e9kek, appalache-i m\u00e9szk\u0151zsebek. T\u00e9m\u00e1k: szel\u00edd emelked\u00e9s, t\u00e1gas l\u00e9legzetv\u00e9tel, krist\u00e1lyos csend.   <\/div>\n<h2 style=\"font-size:28px\"><span data-sheets-root=\"1\">Celestite Crystal tiszt\u00edt\u00e1sa \u00e9s karbantart\u00e1sa<\/span><\/h2>\n<div style=\"font-size:22px\">Tartsa t\u00e1vol a mosogat\u00f3 fr\u00f6ccsen\u00e9seit\u0151l; a v\u00edz megh\u00edvja a reped\u00e9seket. Porsz\u00edv\u00f3val poroljon, ne ujjal &#8211; a b\u0151rolajok tomp\u00edtj\u00e1k a csillog\u00e1st. \u00c9lessze fel, ha hajnal el\u0151tti f\u00e9nyben indig\u00f3sz\u00edn\u0171 ruh\u00e1ra helyezi; a t\u0171z\u0151 nap leforr\u00e1zza. T\u00e1rolja habszivaccsal kip\u00e1rn\u00e1zva, mert egy \u00f3vatlan leejt\u00e9s katedr\u00e1lisok tornyait z\u00fazza sziklacukor-t\u00f6rmel\u00e9kk\u00e9.   <\/div>\n","protected":false},"excerpt":{"rendered":"<p>Mi az a Celestite Crystal? A Celestit, sz\u00e9lesebb palett\u00e1j\u00e1n, csilloghat j\u00e9gfeh\u00e9ren, galambsz\u00fcrk\u00e9n, s\u0151t halv\u00e1ny arannyal is, de a legt\u00f6bb gy\u0171jt\u0151<\/p>\n","protected":false},"author":1,"featured_media":0,"parent":33019,"menu_order":0,"comment_status":"closed","ping_status":"closed","template":"","meta":{"footnotes":""},"class_list":["post-33475","page","type-page","status-publish","hentry"],"yoast_head":"<!-- This site is optimized with the Yoast SEO plugin v27.5 - https:\/\/yoast.com\/product\/yoast-seo-wordpress\/ -->\n<title>Celestite krist\u00e1ly krist\u00e1ly - jelent\u00e9se, el\u0151nyei, gy\u00f3gy\u00edt\u00f3 tulajdons\u00e1gai \u00e9s haszn\u00e1lata - Chacrys<\/title>\n<meta name=\"robots\" content=\"index, follow, max-snippet:-1, max-image-preview:large, max-video-preview:-1\" \/>\n<link rel=\"canonical\" href=\"https:\/\/chacrys.com\/hu\/kristalyok\/celestite-kristaly-kristaly-jelentese-elonyei-gyogyito-tulajdonsagai-es-hasznalata\/\" \/>\n<meta property=\"og:locale\" content=\"hu_HU\" \/>\n<meta property=\"og:type\" content=\"article\" \/>\n<meta property=\"og:title\" content=\"Celestite krist\u00e1ly krist\u00e1ly - jelent\u00e9se, el\u0151nyei, gy\u00f3gy\u00edt\u00f3 tulajdons\u00e1gai \u00e9s haszn\u00e1lata - Chacrys\" \/>\n<meta property=\"og:description\" content=\"Mi az a Celestite Crystal? A Celestit, sz\u00e9lesebb palett\u00e1j\u00e1n, csilloghat j\u00e9gfeh\u00e9ren, galambsz\u00fcrk\u00e9n, s\u0151t halv\u00e1ny arannyal is, de a legt\u00f6bb gy\u0171jt\u0151\" \/>\n<meta property=\"og:url\" content=\"https:\/\/chacrys.com\/hu\/kristalyok\/celestite-kristaly-kristaly-jelentese-elonyei-gyogyito-tulajdonsagai-es-hasznalata\/\" \/>\n<meta property=\"og:site_name\" content=\"Chacrys\" \/>\n<meta property=\"article:publisher\" content=\"https:\/\/www.facebook.com\/chacryscrystal\" \/>\n<meta name=\"twitter:card\" content=\"summary_large_image\" \/>\n<meta name=\"twitter:label1\" content=\"Becs\u00fclt olvas\u00e1si id\u0151\" \/>\n\t<meta name=\"twitter:data1\" content=\"2 perc\" \/>\n<script type=\"application\/ld+json\" class=\"yoast-schema-graph\">{\"@context\":\"https:\\\/\\\/schema.org\",\"@graph\":[{\"@type\":\"WebPage\",\"@id\":\"https:\\\/\\\/chacrys.com\\\/hu\\\/kristalyok\\\/celestite-kristaly-kristaly-jelentese-elonyei-gyogyito-tulajdonsagai-es-hasznalata\\\/\",\"url\":\"https:\\\/\\\/chacrys.com\\\/hu\\\/kristalyok\\\/celestite-kristaly-kristaly-jelentese-elonyei-gyogyito-tulajdonsagai-es-hasznalata\\\/\",\"name\":\"Celestite krist\u00e1ly krist\u00e1ly - jelent\u00e9se, el\u0151nyei, gy\u00f3gy\u00edt\u00f3 tulajdons\u00e1gai \u00e9s haszn\u00e1lata - Chacrys\",\"isPartOf\":{\"@id\":\"https:\\\/\\\/chacrys.com\\\/hu\\\/#website\"},\"datePublished\":\"2025-07-06T16:34:38+00:00\",\"breadcrumb\":{\"@id\":\"https:\\\/\\\/chacrys.com\\\/hu\\\/kristalyok\\\/celestite-kristaly-kristaly-jelentese-elonyei-gyogyito-tulajdonsagai-es-hasznalata\\\/#breadcrumb\"},\"inLanguage\":\"hu\",\"potentialAction\":[{\"@type\":\"ReadAction\",\"target\":[\"https:\\\/\\\/chacrys.com\\\/hu\\\/kristalyok\\\/celestite-kristaly-kristaly-jelentese-elonyei-gyogyito-tulajdonsagai-es-hasznalata\\\/\"]}]},{\"@type\":\"BreadcrumbList\",\"@id\":\"https:\\\/\\\/chacrys.com\\\/hu\\\/kristalyok\\\/celestite-kristaly-kristaly-jelentese-elonyei-gyogyito-tulajdonsagai-es-hasznalata\\\/#breadcrumb\",\"itemListElement\":[{\"@type\":\"ListItem\",\"position\":1,\"name\":\"Home\",\"item\":\"https:\\\/\\\/chacrys.com\\\/hu\\\/\"},{\"@type\":\"ListItem\",\"position\":2,\"name\":\"Krist\u00e1lyok\",\"item\":\"https:\\\/\\\/chacrys.com\\\/hu\\\/kristalyok\\\/\"},{\"@type\":\"ListItem\",\"position\":3,\"name\":\"Celestite krist\u00e1ly krist\u00e1ly &#8211; jelent\u00e9se, el\u0151nyei, gy\u00f3gy\u00edt\u00f3 tulajdons\u00e1gai \u00e9s haszn\u00e1lata\"}]},{\"@type\":\"WebSite\",\"@id\":\"https:\\\/\\\/chacrys.com\\\/hu\\\/#website\",\"url\":\"https:\\\/\\\/chacrys.com\\\/hu\\\/\",\"name\":\"Chacrys\",\"description\":\"Chacrys\",\"publisher\":{\"@id\":\"https:\\\/\\\/chacrys.com\\\/hu\\\/#organization\"},\"potentialAction\":[{\"@type\":\"SearchAction\",\"target\":{\"@type\":\"EntryPoint\",\"urlTemplate\":\"https:\\\/\\\/chacrys.com\\\/hu\\\/?s={search_term_string}\"},\"query-input\":{\"@type\":\"PropertyValueSpecification\",\"valueRequired\":true,\"valueName\":\"search_term_string\"}}],\"inLanguage\":\"hu\"},{\"@type\":\"Organization\",\"@id\":\"https:\\\/\\\/chacrys.com\\\/hu\\\/#organization\",\"name\":\"Chacrys\",\"url\":\"https:\\\/\\\/chacrys.com\\\/hu\\\/\",\"logo\":{\"@type\":\"ImageObject\",\"inLanguage\":\"hu\",\"@id\":\"https:\\\/\\\/chacrys.com\\\/hu\\\/#\\\/schema\\\/logo\\\/image\\\/\",\"url\":\"https:\\\/\\\/chacrys.com\\\/wp-content\\\/uploads\\\/2024\\\/11\\\/cropped-FRANJULIA-6.png\",\"contentUrl\":\"https:\\\/\\\/chacrys.com\\\/wp-content\\\/uploads\\\/2024\\\/11\\\/cropped-FRANJULIA-6.png\",\"width\":512,\"height\":512,\"caption\":\"Chacrys\"},\"image\":{\"@id\":\"https:\\\/\\\/chacrys.com\\\/hu\\\/#\\\/schema\\\/logo\\\/image\\\/\"},\"sameAs\":[\"https:\\\/\\\/www.facebook.com\\\/chacryscrystal\",\"https:\\\/\\\/www.instagram.com\\\/chacrys\\\/\",\"https:\\\/\\\/www.pinterest.com\\\/chacryscrystalbed\\\/\",\"https:\\\/\\\/www.youtube.com\\\/@chacrysofficial9667\"]}]}<\/script>\n<!-- \/ Yoast SEO plugin. -->","yoast_head_json":{"title":"Celestite krist\u00e1ly krist\u00e1ly - jelent\u00e9se, el\u0151nyei, gy\u00f3gy\u00edt\u00f3 tulajdons\u00e1gai \u00e9s haszn\u00e1lata - Chacrys","robots":{"index":"index","follow":"follow","max-snippet":"max-snippet:-1","max-image-preview":"max-image-preview:large","max-video-preview":"max-video-preview:-1"},"canonical":"https:\/\/chacrys.com\/hu\/kristalyok\/celestite-kristaly-kristaly-jelentese-elonyei-gyogyito-tulajdonsagai-es-hasznalata\/","og_locale":"hu_HU","og_type":"article","og_title":"Celestite krist\u00e1ly krist\u00e1ly - jelent\u00e9se, el\u0151nyei, gy\u00f3gy\u00edt\u00f3 tulajdons\u00e1gai \u00e9s haszn\u00e1lata - Chacrys","og_description":"Mi az a Celestite Crystal? A Celestit, sz\u00e9lesebb palett\u00e1j\u00e1n, csilloghat j\u00e9gfeh\u00e9ren, galambsz\u00fcrk\u00e9n, s\u0151t halv\u00e1ny arannyal is, de a legt\u00f6bb gy\u0171jt\u0151","og_url":"https:\/\/chacrys.com\/hu\/kristalyok\/celestite-kristaly-kristaly-jelentese-elonyei-gyogyito-tulajdonsagai-es-hasznalata\/","og_site_name":"Chacrys","article_publisher":"https:\/\/www.facebook.com\/chacryscrystal","twitter_card":"summary_large_image","twitter_misc":{"Becs\u00fclt olvas\u00e1si id\u0151":"2 perc"},"schema":{"@context":"https:\/\/schema.org","@graph":[{"@type":"WebPage","@id":"https:\/\/chacrys.com\/hu\/kristalyok\/celestite-kristaly-kristaly-jelentese-elonyei-gyogyito-tulajdonsagai-es-hasznalata\/","url":"https:\/\/chacrys.com\/hu\/kristalyok\/celestite-kristaly-kristaly-jelentese-elonyei-gyogyito-tulajdonsagai-es-hasznalata\/","name":"Celestite krist\u00e1ly krist\u00e1ly - jelent\u00e9se, el\u0151nyei, gy\u00f3gy\u00edt\u00f3 tulajdons\u00e1gai \u00e9s haszn\u00e1lata - Chacrys","isPartOf":{"@id":"https:\/\/chacrys.com\/hu\/#website"},"datePublished":"2025-07-06T16:34:38+00:00","breadcrumb":{"@id":"https:\/\/chacrys.com\/hu\/kristalyok\/celestite-kristaly-kristaly-jelentese-elonyei-gyogyito-tulajdonsagai-es-hasznalata\/#breadcrumb"},"inLanguage":"hu","potentialAction":[{"@type":"ReadAction","target":["https:\/\/chacrys.com\/hu\/kristalyok\/celestite-kristaly-kristaly-jelentese-elonyei-gyogyito-tulajdonsagai-es-hasznalata\/"]}]},{"@type":"BreadcrumbList","@id":"https:\/\/chacrys.com\/hu\/kristalyok\/celestite-kristaly-kristaly-jelentese-elonyei-gyogyito-tulajdonsagai-es-hasznalata\/#breadcrumb","itemListElement":[{"@type":"ListItem","position":1,"name":"Home","item":"https:\/\/chacrys.com\/hu\/"},{"@type":"ListItem","position":2,"name":"Krist\u00e1lyok","item":"https:\/\/chacrys.com\/hu\/kristalyok\/"},{"@type":"ListItem","position":3,"name":"Celestite krist\u00e1ly krist\u00e1ly &#8211; jelent\u00e9se, el\u0151nyei, gy\u00f3gy\u00edt\u00f3 tulajdons\u00e1gai \u00e9s haszn\u00e1lata"}]},{"@type":"WebSite","@id":"https:\/\/chacrys.com\/hu\/#website","url":"https:\/\/chacrys.com\/hu\/","name":"Chacrys","description":"Chacrys","publisher":{"@id":"https:\/\/chacrys.com\/hu\/#organization"},"potentialAction":[{"@type":"SearchAction","target":{"@type":"EntryPoint","urlTemplate":"https:\/\/chacrys.com\/hu\/?s={search_term_string}"},"query-input":{"@type":"PropertyValueSpecification","valueRequired":true,"valueName":"search_term_string"}}],"inLanguage":"hu"},{"@type":"Organization","@id":"https:\/\/chacrys.com\/hu\/#organization","name":"Chacrys","url":"https:\/\/chacrys.com\/hu\/","logo":{"@type":"ImageObject","inLanguage":"hu","@id":"https:\/\/chacrys.com\/hu\/#\/schema\/logo\/image\/","url":"https:\/\/chacrys.com\/wp-content\/uploads\/2024\/11\/cropped-FRANJULIA-6.png","contentUrl":"https:\/\/chacrys.com\/wp-content\/uploads\/2024\/11\/cropped-FRANJULIA-6.png","width":512,"height":512,"caption":"Chacrys"},"image":{"@id":"https:\/\/chacrys.com\/hu\/#\/schema\/logo\/image\/"},"sameAs":["https:\/\/www.facebook.com\/chacryscrystal","https:\/\/www.instagram.com\/chacrys\/","https:\/\/www.pinterest.com\/chacryscrystalbed\/","https:\/\/www.youtube.com\/@chacrysofficial9667"]}]}},"_links":{"self":[{"href":"https:\/\/chacrys.com\/hu\/wp-json\/wp\/v2\/pages\/33475","targetHints":{"allow":["GET"]}}],"collection":[{"href":"https:\/\/chacrys.com\/hu\/wp-json\/wp\/v2\/pages"}],"about":[{"href":"https:\/\/chacrys.com\/hu\/wp-json\/wp\/v2\/types\/page"}],"author":[{"embeddable":true,"href":"https:\/\/chacrys.com\/hu\/wp-json\/wp\/v2\/users\/1"}],"replies":[{"embeddable":true,"href":"https:\/\/chacrys.com\/hu\/wp-json\/wp\/v2\/comments?post=33475"}],"version-history":[{"count":0,"href":"https:\/\/chacrys.com\/hu\/wp-json\/wp\/v2\/pages\/33475\/revisions"}],"up":[{"embeddable":true,"href":"https:\/\/chacrys.com\/hu\/wp-json\/wp\/v2\/pages\/33019"}],"wp:attachment":[{"href":"https:\/\/chacrys.com\/hu\/wp-json\/wp\/v2\/media?parent=33475"}],"curies":[{"name":"wp","href":"https:\/\/api.w.org\/{rel}","templated":true}]}}