{"id":33466,"date":"2025-07-06T16:32:53","date_gmt":"2025-07-06T16:32:53","guid":{"rendered":"https:\/\/chacrys.com\/kristalyok\/bronzit-kristaly-jelentese-elonyei-gyogyito-tulajdonsagai-es-hasznalata\/"},"modified":"2025-07-06T16:32:53","modified_gmt":"2025-07-06T16:32:53","slug":"bronzit-kristaly-jelentese-elonyei-gyogyito-tulajdonsagai-es-hasznalata","status":"publish","type":"page","link":"https:\/\/chacrys.com\/hu\/kristalyok\/bronzit-kristaly-jelentese-elonyei-gyogyito-tulajdonsagai-es-hasznalata\/","title":{"rendered":"Bronzit krist\u00e1ly &#8211; jelent\u00e9se, el\u0151nyei, gy\u00f3gy\u00edt\u00f3 tulajdons\u00e1gai \u00e9s haszn\u00e1lata"},"content":{"rendered":"<h2 style=\"font-size:28px\">Mi az a bronzit?<\/h2>\n<div style=\"font-size:22px\">Tartsa a bronzitot egyetlen l\u00e1mpa al\u00e1, \u00e9s n\u00e9zze, ahogy az apr\u00f3 bronzp\u00f6tty\u00f6k \u00fagy l\u00e1ngolnak, mint a par\u00e1zsl\u00f3 fasz\u00e9nb\u0151l a szikr\u00e1k. Az enstatitnak ez a vasban gazdag v\u00e1ltozata m\u00e9lyen a k\u00f6penyben k\u00e9pz\u0151dik, majd vulkanikus k\u0151zetekben a felsz\u00ednre v\u00e1ndorol, ahol az id\u0151j\u00e1r\u00e1s barn\u00e1ra sz\u00ednezi az egykor z\u00f6ld m\u00e1trixot. A csillog\u00e1sa &#8211; schiller &#8211; olyan, mint az antik p\u00e9nz\u00e9rm\u00e9k, amelyeket az \u00e1r \u00e9s az id\u0151 sim\u00e1ra csiszolt. A Mohs sk\u00e1l\u00e1n 5\u00bd-es bronzit a m\u00e9ret\u00e9hez k\u00e9pest nehezebbnek t\u0171nik, mint amire sz\u00e1m\u00edtottunk, ahogy egy zsebnyi apr\u00f3p\u00e9nz is meglepheti a tenyeret.   <\/div>\n<h2 style=\"font-size:28px\">A bronzit el\u0151nyei<\/h2>\n<div style=\"font-size:22px\">A gyakorl\u00f3k a bronzitnak tulajdon\u00edtj\u00e1k, hogy helyre\u00e1ll\u00edtja a v\u00e9gigk\u00f6vet\u00e9st, az \u00fajdons\u00e1g erej\u00e9t vesztett feladatok befejez\u00e9s\u00e9hez sz\u00fcks\u00e9ges kitart\u00e1st. Azt mondj\u00e1k, hogy a neheztel\u00e9st \u00e1tir\u00e1ny\u00edtja a megold\u00e1s-orient\u00e1lt kitart\u00e1ss\u00e1, er\u0151s\u00edti a r\u00e9gim\u00f3di modort, \u00e9s lehorgonyozza azokat az embereket, akik szok\u00e1s szerint egyik csillog\u00f3 \u00f6tletr\u0151l a m\u00e1sikra v\u00e1ltanak. Ak\u00e1r placebo, ak\u00e1r placebo-plusz, a k\u0151 f\u00f6ldes csillog\u00e1sa a megm\u0171velt f\u00f6ldre eml\u00e9kezteti az agyat &#8211; a munka v\u00e1rakozik, a magok kics\u00edr\u00e1znak, t\u00fcrelemre van sz\u00fcks\u00e9g.  <\/div>\n<h2 style=\"font-size:28px\"><span data-sheets-root=\"1\">Hogyan kell haszn\u00e1lni a Bronzitot?<\/span><\/h2>\n<div style=\"font-size:22px\">Helyezzen egy darabot a tennival\u00f3k list\u00e1ja mell\u00e9; csak akkor h\u00fazza \u00e1t a t\u00e9teleket, ha a k\u00f6vet minden egyes soron v\u00e9gigcs\u00fasztatta, \u00edgy a tettnek tapinthat\u00f3 eredm\u00e9nye lesz. Heves vit\u00e1k sor\u00e1n d\u00f6rzs\u00f6lje selymes fel\u00fclet\u00e9t, mik\u00f6zben \u00f6tig sz\u00e1mol; a kis sz\u00fcnet gyakran nagy bocs\u00e1natk\u00e9r\u00e9seket ment meg. A k\u00e9zm\u0171vesek a varr\u00f3g\u00e9p\u00fck tetej\u00e9re ragasztanak egy darabot, hogy \u00edg\u00e9retet tegyenek arra, hogy befejezik a takar\u00f3t, \u00e9s nem halmozz\u00e1k fel a f\u00e9lig k\u00e9sz n\u00e9gyzeteket.  <\/div>\n<h2 style=\"font-size:28px\">A bronzit gy\u00f3gy\u00edt\u00f3 tulajdons\u00e1gai<\/h2>\n<div style=\"font-size:22px\">Sz\u00ednk\u00f6r: eszpressz\u00f3, umbra \u00e9s r\u00e9zsz\u00edn\u0171 villan\u00e1sok. Formula: A k\u00e9plet: (Mg,Fe)\u2082Si\u2082O\u2086, a vas k\u00f6lcs\u00f6nzi a f\u00e9mes f\u00e1kly\u00e1kat. Forr\u00e1sok: Braz\u00edliai Minas Gerais, India poros fenns\u00edkjai \u00e9s n\u00e9met k\u0151b\u00e1ny\u00e1k, amelyekb\u0151l egykor \u00e1gy\u00facs\u00f6veket b\u00e1ny\u00e1sztak. Kulcsszavak: elsz\u00e1nts\u00e1g, udvariass\u00e1g, f\u00f6ldh\u00f6zragadt kitart\u00e1s.   <\/div>\n<h2 style=\"font-size:28px\"><span data-sheets-root=\"1\">Bronzit tiszt\u00edt\u00e1s \u00e9s karbantart\u00e1s<\/span><\/h2>\n<div style=\"font-size:22px\">V\u00edzben is haszn\u00e1lhat\u00f3, de r\u00f6vid \u00f6bl\u00edt\u00e9st ig\u00e9nyel &#8211; a hosszan tart\u00f3 \u00e1ztat\u00e1s elhalv\u00e1ny\u00edtja a f\u00e9nyt. Alaposan sz\u00e1r\u00edtsuk meg, majd hagyjuk egy szoban\u00f6v\u00e9ny alatt \u00e9jszak\u00e1ra; az \u00e9l\u0151 talaj kiegyens\u00falyozza a f\u00e9mes hajlamot. A napoz\u00e1s biztons\u00e1gos; a k\u0151 nem fakul. Miel\u0151tt zsebbe dobja, tekerje v\u00e1szonba, hogy a szemcs\u00e9k ne karcolj\u00e1k meg a schillert.   <\/div>\n","protected":false},"excerpt":{"rendered":"<p>Mi az a bronzit? Tartsa a bronzitot egyetlen l\u00e1mpa al\u00e1, \u00e9s n\u00e9zze, ahogy az apr\u00f3 bronzp\u00f6tty\u00f6k \u00fagy l\u00e1ngolnak, mint a<\/p>\n","protected":false},"author":1,"featured_media":0,"parent":33019,"menu_order":0,"comment_status":"closed","ping_status":"closed","template":"","meta":{"footnotes":""},"class_list":["post-33466","page","type-page","status-publish","hentry"],"yoast_head":"<!-- This site is optimized with the Yoast SEO plugin v27.5 - https:\/\/yoast.com\/product\/yoast-seo-wordpress\/ -->\n<title>Bronzit krist\u00e1ly - jelent\u00e9se, el\u0151nyei, gy\u00f3gy\u00edt\u00f3 tulajdons\u00e1gai \u00e9s haszn\u00e1lata - Chacrys<\/title>\n<meta name=\"robots\" content=\"index, follow, max-snippet:-1, max-image-preview:large, max-video-preview:-1\" \/>\n<link rel=\"canonical\" href=\"https:\/\/chacrys.com\/hu\/kristalyok\/bronzit-kristaly-jelentese-elonyei-gyogyito-tulajdonsagai-es-hasznalata\/\" \/>\n<meta property=\"og:locale\" content=\"hu_HU\" \/>\n<meta property=\"og:type\" content=\"article\" \/>\n<meta property=\"og:title\" content=\"Bronzit krist\u00e1ly - jelent\u00e9se, el\u0151nyei, gy\u00f3gy\u00edt\u00f3 tulajdons\u00e1gai \u00e9s haszn\u00e1lata - Chacrys\" \/>\n<meta property=\"og:description\" content=\"Mi az a bronzit? Tartsa a bronzitot egyetlen l\u00e1mpa al\u00e1, \u00e9s n\u00e9zze, ahogy az apr\u00f3 bronzp\u00f6tty\u00f6k \u00fagy l\u00e1ngolnak, mint a\" \/>\n<meta property=\"og:url\" content=\"https:\/\/chacrys.com\/hu\/kristalyok\/bronzit-kristaly-jelentese-elonyei-gyogyito-tulajdonsagai-es-hasznalata\/\" \/>\n<meta property=\"og:site_name\" content=\"Chacrys\" \/>\n<meta property=\"article:publisher\" content=\"https:\/\/www.facebook.com\/chacryscrystal\" \/>\n<meta name=\"twitter:card\" content=\"summary_large_image\" \/>\n<meta name=\"twitter:label1\" content=\"Becs\u00fclt olvas\u00e1si id\u0151\" \/>\n\t<meta name=\"twitter:data1\" content=\"3 perc\" \/>\n<script type=\"application\/ld+json\" class=\"yoast-schema-graph\">{\"@context\":\"https:\\\/\\\/schema.org\",\"@graph\":[{\"@type\":\"WebPage\",\"@id\":\"https:\\\/\\\/chacrys.com\\\/hu\\\/kristalyok\\\/bronzit-kristaly-jelentese-elonyei-gyogyito-tulajdonsagai-es-hasznalata\\\/\",\"url\":\"https:\\\/\\\/chacrys.com\\\/hu\\\/kristalyok\\\/bronzit-kristaly-jelentese-elonyei-gyogyito-tulajdonsagai-es-hasznalata\\\/\",\"name\":\"Bronzit krist\u00e1ly - jelent\u00e9se, el\u0151nyei, gy\u00f3gy\u00edt\u00f3 tulajdons\u00e1gai \u00e9s haszn\u00e1lata - Chacrys\",\"isPartOf\":{\"@id\":\"https:\\\/\\\/chacrys.com\\\/hu\\\/#website\"},\"datePublished\":\"2025-07-06T16:32:53+00:00\",\"breadcrumb\":{\"@id\":\"https:\\\/\\\/chacrys.com\\\/hu\\\/kristalyok\\\/bronzit-kristaly-jelentese-elonyei-gyogyito-tulajdonsagai-es-hasznalata\\\/#breadcrumb\"},\"inLanguage\":\"hu\",\"potentialAction\":[{\"@type\":\"ReadAction\",\"target\":[\"https:\\\/\\\/chacrys.com\\\/hu\\\/kristalyok\\\/bronzit-kristaly-jelentese-elonyei-gyogyito-tulajdonsagai-es-hasznalata\\\/\"]}]},{\"@type\":\"BreadcrumbList\",\"@id\":\"https:\\\/\\\/chacrys.com\\\/hu\\\/kristalyok\\\/bronzit-kristaly-jelentese-elonyei-gyogyito-tulajdonsagai-es-hasznalata\\\/#breadcrumb\",\"itemListElement\":[{\"@type\":\"ListItem\",\"position\":1,\"name\":\"Home\",\"item\":\"https:\\\/\\\/chacrys.com\\\/hu\\\/\"},{\"@type\":\"ListItem\",\"position\":2,\"name\":\"Krist\u00e1lyok\",\"item\":\"https:\\\/\\\/chacrys.com\\\/hu\\\/kristalyok\\\/\"},{\"@type\":\"ListItem\",\"position\":3,\"name\":\"Bronzit krist\u00e1ly &#8211; jelent\u00e9se, el\u0151nyei, gy\u00f3gy\u00edt\u00f3 tulajdons\u00e1gai \u00e9s haszn\u00e1lata\"}]},{\"@type\":\"WebSite\",\"@id\":\"https:\\\/\\\/chacrys.com\\\/hu\\\/#website\",\"url\":\"https:\\\/\\\/chacrys.com\\\/hu\\\/\",\"name\":\"Chacrys\",\"description\":\"Chacrys\",\"publisher\":{\"@id\":\"https:\\\/\\\/chacrys.com\\\/hu\\\/#organization\"},\"potentialAction\":[{\"@type\":\"SearchAction\",\"target\":{\"@type\":\"EntryPoint\",\"urlTemplate\":\"https:\\\/\\\/chacrys.com\\\/hu\\\/?s={search_term_string}\"},\"query-input\":{\"@type\":\"PropertyValueSpecification\",\"valueRequired\":true,\"valueName\":\"search_term_string\"}}],\"inLanguage\":\"hu\"},{\"@type\":\"Organization\",\"@id\":\"https:\\\/\\\/chacrys.com\\\/hu\\\/#organization\",\"name\":\"Chacrys\",\"url\":\"https:\\\/\\\/chacrys.com\\\/hu\\\/\",\"logo\":{\"@type\":\"ImageObject\",\"inLanguage\":\"hu\",\"@id\":\"https:\\\/\\\/chacrys.com\\\/hu\\\/#\\\/schema\\\/logo\\\/image\\\/\",\"url\":\"https:\\\/\\\/chacrys.com\\\/wp-content\\\/uploads\\\/2024\\\/11\\\/cropped-FRANJULIA-6.png\",\"contentUrl\":\"https:\\\/\\\/chacrys.com\\\/wp-content\\\/uploads\\\/2024\\\/11\\\/cropped-FRANJULIA-6.png\",\"width\":512,\"height\":512,\"caption\":\"Chacrys\"},\"image\":{\"@id\":\"https:\\\/\\\/chacrys.com\\\/hu\\\/#\\\/schema\\\/logo\\\/image\\\/\"},\"sameAs\":[\"https:\\\/\\\/www.facebook.com\\\/chacryscrystal\",\"https:\\\/\\\/www.instagram.com\\\/chacrys\\\/\",\"https:\\\/\\\/www.pinterest.com\\\/chacryscrystalbed\\\/\",\"https:\\\/\\\/www.youtube.com\\\/@chacrysofficial9667\"]}]}<\/script>\n<!-- \/ Yoast SEO plugin. -->","yoast_head_json":{"title":"Bronzit krist\u00e1ly - jelent\u00e9se, el\u0151nyei, gy\u00f3gy\u00edt\u00f3 tulajdons\u00e1gai \u00e9s haszn\u00e1lata - Chacrys","robots":{"index":"index","follow":"follow","max-snippet":"max-snippet:-1","max-image-preview":"max-image-preview:large","max-video-preview":"max-video-preview:-1"},"canonical":"https:\/\/chacrys.com\/hu\/kristalyok\/bronzit-kristaly-jelentese-elonyei-gyogyito-tulajdonsagai-es-hasznalata\/","og_locale":"hu_HU","og_type":"article","og_title":"Bronzit krist\u00e1ly - jelent\u00e9se, el\u0151nyei, gy\u00f3gy\u00edt\u00f3 tulajdons\u00e1gai \u00e9s haszn\u00e1lata - Chacrys","og_description":"Mi az a bronzit? Tartsa a bronzitot egyetlen l\u00e1mpa al\u00e1, \u00e9s n\u00e9zze, ahogy az apr\u00f3 bronzp\u00f6tty\u00f6k \u00fagy l\u00e1ngolnak, mint a","og_url":"https:\/\/chacrys.com\/hu\/kristalyok\/bronzit-kristaly-jelentese-elonyei-gyogyito-tulajdonsagai-es-hasznalata\/","og_site_name":"Chacrys","article_publisher":"https:\/\/www.facebook.com\/chacryscrystal","twitter_card":"summary_large_image","twitter_misc":{"Becs\u00fclt olvas\u00e1si id\u0151":"3 perc"},"schema":{"@context":"https:\/\/schema.org","@graph":[{"@type":"WebPage","@id":"https:\/\/chacrys.com\/hu\/kristalyok\/bronzit-kristaly-jelentese-elonyei-gyogyito-tulajdonsagai-es-hasznalata\/","url":"https:\/\/chacrys.com\/hu\/kristalyok\/bronzit-kristaly-jelentese-elonyei-gyogyito-tulajdonsagai-es-hasznalata\/","name":"Bronzit krist\u00e1ly - jelent\u00e9se, el\u0151nyei, gy\u00f3gy\u00edt\u00f3 tulajdons\u00e1gai \u00e9s haszn\u00e1lata - Chacrys","isPartOf":{"@id":"https:\/\/chacrys.com\/hu\/#website"},"datePublished":"2025-07-06T16:32:53+00:00","breadcrumb":{"@id":"https:\/\/chacrys.com\/hu\/kristalyok\/bronzit-kristaly-jelentese-elonyei-gyogyito-tulajdonsagai-es-hasznalata\/#breadcrumb"},"inLanguage":"hu","potentialAction":[{"@type":"ReadAction","target":["https:\/\/chacrys.com\/hu\/kristalyok\/bronzit-kristaly-jelentese-elonyei-gyogyito-tulajdonsagai-es-hasznalata\/"]}]},{"@type":"BreadcrumbList","@id":"https:\/\/chacrys.com\/hu\/kristalyok\/bronzit-kristaly-jelentese-elonyei-gyogyito-tulajdonsagai-es-hasznalata\/#breadcrumb","itemListElement":[{"@type":"ListItem","position":1,"name":"Home","item":"https:\/\/chacrys.com\/hu\/"},{"@type":"ListItem","position":2,"name":"Krist\u00e1lyok","item":"https:\/\/chacrys.com\/hu\/kristalyok\/"},{"@type":"ListItem","position":3,"name":"Bronzit krist\u00e1ly &#8211; jelent\u00e9se, el\u0151nyei, gy\u00f3gy\u00edt\u00f3 tulajdons\u00e1gai \u00e9s haszn\u00e1lata"}]},{"@type":"WebSite","@id":"https:\/\/chacrys.com\/hu\/#website","url":"https:\/\/chacrys.com\/hu\/","name":"Chacrys","description":"Chacrys","publisher":{"@id":"https:\/\/chacrys.com\/hu\/#organization"},"potentialAction":[{"@type":"SearchAction","target":{"@type":"EntryPoint","urlTemplate":"https:\/\/chacrys.com\/hu\/?s={search_term_string}"},"query-input":{"@type":"PropertyValueSpecification","valueRequired":true,"valueName":"search_term_string"}}],"inLanguage":"hu"},{"@type":"Organization","@id":"https:\/\/chacrys.com\/hu\/#organization","name":"Chacrys","url":"https:\/\/chacrys.com\/hu\/","logo":{"@type":"ImageObject","inLanguage":"hu","@id":"https:\/\/chacrys.com\/hu\/#\/schema\/logo\/image\/","url":"https:\/\/chacrys.com\/wp-content\/uploads\/2024\/11\/cropped-FRANJULIA-6.png","contentUrl":"https:\/\/chacrys.com\/wp-content\/uploads\/2024\/11\/cropped-FRANJULIA-6.png","width":512,"height":512,"caption":"Chacrys"},"image":{"@id":"https:\/\/chacrys.com\/hu\/#\/schema\/logo\/image\/"},"sameAs":["https:\/\/www.facebook.com\/chacryscrystal","https:\/\/www.instagram.com\/chacrys\/","https:\/\/www.pinterest.com\/chacryscrystalbed\/","https:\/\/www.youtube.com\/@chacrysofficial9667"]}]}},"_links":{"self":[{"href":"https:\/\/chacrys.com\/hu\/wp-json\/wp\/v2\/pages\/33466","targetHints":{"allow":["GET"]}}],"collection":[{"href":"https:\/\/chacrys.com\/hu\/wp-json\/wp\/v2\/pages"}],"about":[{"href":"https:\/\/chacrys.com\/hu\/wp-json\/wp\/v2\/types\/page"}],"author":[{"embeddable":true,"href":"https:\/\/chacrys.com\/hu\/wp-json\/wp\/v2\/users\/1"}],"replies":[{"embeddable":true,"href":"https:\/\/chacrys.com\/hu\/wp-json\/wp\/v2\/comments?post=33466"}],"version-history":[{"count":0,"href":"https:\/\/chacrys.com\/hu\/wp-json\/wp\/v2\/pages\/33466\/revisions"}],"up":[{"embeddable":true,"href":"https:\/\/chacrys.com\/hu\/wp-json\/wp\/v2\/pages\/33019"}],"wp:attachment":[{"href":"https:\/\/chacrys.com\/hu\/wp-json\/wp\/v2\/media?parent=33466"}],"curies":[{"name":"wp","href":"https:\/\/api.w.org\/{rel}","templated":true}]}}