{"id":33458,"date":"2025-07-06T16:32:53","date_gmt":"2025-07-06T16:32:53","guid":{"rendered":"https:\/\/chacrys.com\/kristalyok\/karneol-kristaly-kristaly-jelentese-elonyei-gyogyito-tulajdonsagai-es-hasznalata\/"},"modified":"2025-07-06T16:32:53","modified_gmt":"2025-07-06T16:32:53","slug":"karneol-kristaly-kristaly-jelentese-elonyei-gyogyito-tulajdonsagai-es-hasznalata","status":"publish","type":"page","link":"https:\/\/chacrys.com\/hu\/kristalyok\/karneol-kristaly-kristaly-jelentese-elonyei-gyogyito-tulajdonsagai-es-hasznalata\/","title":{"rendered":"Karneol krist\u00e1ly krist\u00e1ly &#8211; jelent\u00e9se, el\u0151nyei, gy\u00f3gy\u00edt\u00f3 tulajdons\u00e1gai \u00e9s haszn\u00e1lata"},"content":{"rendered":"<h2 style=\"font-size:28px\">Mi az a karneol krist\u00e1ly?<\/h2>\n<div style=\"font-size:22px\">A karneol egy t\u00e1bort\u0171zb\u0151l kiharapott \u00e9s k\u0151be foglalt par\u00e1zsra hasonl\u00edt: a meleg mandarinv\u00f6r\u00f6s, amely \u00f6k\u00f6rv\u00e9rbe megy \u00e1t, a sz\u00e9lein \u00e1ttetsz\u0151, mint a napf\u00e9nynek \u00fctk\u00f6z\u0151 lekv\u00e1r. A kalcedon vas-oxid \u00e1ltal sz\u00ednezett, vulk\u00e1ni takar\u00f3 alatt s\u00fclt vas-oxid. A t\u00f6r\u00e9keny j\u00e1spist\u00f3l elt\u00e9r\u0151en a karneol viaszos-sima, el\u00e9g kem\u00e9ny (6\u00bd-7) ahhoz, hogy pecs\u00e9teket csiszoljanak bel\u0151le &#8211; az \u00f3kori r\u00f3maiak szerz\u0151d\u00e9seket pecs\u00e9teltek vele, mert b\u00edztak benne, hogy a dr\u00e1gak\u0151 jobban kezeli a b\u00fcrokr\u00e1ci\u00e1t, mint a viasz.  <\/div>\n<h2 style=\"font-size:28px\">A karneol krist\u00e1ly el\u0151nyei<\/h2>\n<div style=\"font-size:22px\">Terepi vignetta: Egy jazz szaxofonos, akinek a mentora vagyok, egy karneol kavicsot t\u00f6mk\u00f6d a n\u00e1dt\u00e1sk\u00e1j\u00e1ba. Azt mondja, a narancss\u00e1rga impulzus r\u00f6vidre z\u00e1rja a l\u00e1mpal\u00e1zat, m\u00e9lyebbre nyomja a l\u00e9legzetet, kerekebbre a hangokat. Koncertek ut\u00e1n a tenyer\u00e9ben forgatja a k\u00f6vet, hagyja, hogy az adrenalin besziv\u00e1rogjon a kellemes izz\u00e1sba. Egy anekdota, persze, de a karneolnak a kreat\u00edv gy\u00fajt\u00e1s \u00e9s a testi vitalit\u00e1s h\u00edrneve \u00e9vezredekre ny\u00falik vissza. Tov\u00e1bbi \u00e1ll\u00edt\u00e1sok: jobb v\u00e9rkering\u00e9s k\u00e9pi megjelen\u00edt\u00e9se edz\u00e9s k\u00f6zben, stabilabb libid\u00f3, \u00e9s a halogat\u00e1s l\u00f6kd\u00f6s\u00e9se. Haszn\u00e1lja a dr\u00e1gak\u00f6vet kataliz\u00e1tork\u00e9nt, ne k\u00f6vetkeztet\u00e9sk\u00e9nt.     <\/div>\n<h2 style=\"font-size:28px\"><span data-sheets-root=\"1\">Hogyan haszn\u00e1ljuk a karneol krist\u00e1lyt?<\/span><\/h2>\n<div style=\"font-size:22px\">Viselje a med\u00e1lt \u00fagy, hogy a szegycsont k\u00f6zel\u00e9ben nyugodjon; minden sz\u00edvver\u00e9s \u00e1tvillan az \u00e1ttetsz\u0151 narancss\u00e1rg\u00e1n, mint egy \u00e9l\u0151 metron\u00f3m. A d\u00e9li \u00e1lmoss\u00e1g idej\u00e9n gur\u00edtson egy g\u00f6mb\u00f6t az \u00edr\u00f3asztalon &#8211; a cukorka sz\u00edne gyorsabban \u00e9breszti fel az \u00e1lmos szemeket, mint a m\u00e9mek g\u00f6rget\u00e9se. A p\u00e9kek n\u00e9ha egy-egy szeletet a t\u00e9szta keleszt\u00e9se mell\u00e9 tesznek: meleg, t\u00fcrelem, keleszt\u00e9s.  <\/div>\n<h2 style=\"font-size:28px\">A karneol krist\u00e1ly gy\u00f3gy\u00edt\u00f3 tulajdons\u00e1gai<\/h2>\n<div style=\"font-size:22px\">Paletta: naplemente-narancs, rozsd\u00e1s t\u00f6k, helyenk\u00e9nt feh\u00e9r s\u00e1vokkal. K\u00e9miai m\u00e1trix: SiO\u2082 Fe\u2082O\u2083-val. El\u0151fordul\u00e1sai: indiai Dekk\u00e1n l\u00e1va\u00e1gyak, brazil foly\u00f3medrek \u00e9s botswanai homokok. Jelszavak: kinetikus szikra, m\u0171v\u00e9szi \u00e1raml\u00e1s, megalapozott szenved\u00e9ly.   <\/div>\n<h2 style=\"font-size:28px\"><span data-sheets-root=\"1\">Carnelian krist\u00e1ly tiszt\u00edt\u00e1sa \u00e9s karbantart\u00e1sa<\/span><\/h2>\n<div style=\"font-size:22px\">V\u00edzben is haszn\u00e1lhat\u00f3; hideg v\u00edzcsap alatt \u00f6bl\u00edtse le, j\u00f3l sz\u00e1r\u00edtsa meg. Napkedvel\u0151 &#8211; egy \u00f3ra gyeng\u00e9d naps\u00fct\u00e9sben m\u00e9ly\u00edti a sz\u00ednt. T\u00f6lt\u0151dj\u00f6n fel, ha egy \u00e9jszak\u00e1ra egy t\u00e1l p\u00f6rk\u00f6lt k\u00e1v\u00e9babba temeti; illat plusz k\u0151 egyenl\u0151 \u00e9rz\u00e9ki eszpressz\u00f3val. K\u00fcl\u00f6n csomagoljuk; a kem\u00e9nyebb kvarcpontok megkarcolhatj\u00e1k a szat\u00e9nos csillog\u00e1st.   <\/div>\n","protected":false},"excerpt":{"rendered":"<p>Mi az a karneol krist\u00e1ly? A karneol egy t\u00e1bort\u0171zb\u0151l kiharapott \u00e9s k\u0151be foglalt par\u00e1zsra hasonl\u00edt: a meleg mandarinv\u00f6r\u00f6s, amely \u00f6k\u00f6rv\u00e9rbe<\/p>\n","protected":false},"author":1,"featured_media":0,"parent":33019,"menu_order":0,"comment_status":"closed","ping_status":"closed","template":"","meta":{"footnotes":""},"class_list":["post-33458","page","type-page","status-publish","hentry"],"yoast_head":"<!-- This site is optimized with the Yoast SEO plugin v27.4 - https:\/\/yoast.com\/product\/yoast-seo-wordpress\/ -->\n<title>Karneol krist\u00e1ly krist\u00e1ly - jelent\u00e9se, el\u0151nyei, gy\u00f3gy\u00edt\u00f3 tulajdons\u00e1gai \u00e9s haszn\u00e1lata - Chacrys<\/title>\n<meta name=\"robots\" content=\"index, follow, max-snippet:-1, max-image-preview:large, max-video-preview:-1\" \/>\n<link rel=\"canonical\" href=\"https:\/\/chacrys.com\/hu\/kristalyok\/karneol-kristaly-kristaly-jelentese-elonyei-gyogyito-tulajdonsagai-es-hasznalata\/\" \/>\n<meta property=\"og:locale\" content=\"hu_HU\" \/>\n<meta property=\"og:type\" content=\"article\" \/>\n<meta property=\"og:title\" content=\"Karneol krist\u00e1ly krist\u00e1ly - jelent\u00e9se, el\u0151nyei, gy\u00f3gy\u00edt\u00f3 tulajdons\u00e1gai \u00e9s haszn\u00e1lata - Chacrys\" \/>\n<meta property=\"og:description\" content=\"Mi az a karneol krist\u00e1ly? A karneol egy t\u00e1bort\u0171zb\u0151l kiharapott \u00e9s k\u0151be foglalt par\u00e1zsra hasonl\u00edt: a meleg mandarinv\u00f6r\u00f6s, amely \u00f6k\u00f6rv\u00e9rbe\" \/>\n<meta property=\"og:url\" content=\"https:\/\/chacrys.com\/hu\/kristalyok\/karneol-kristaly-kristaly-jelentese-elonyei-gyogyito-tulajdonsagai-es-hasznalata\/\" \/>\n<meta property=\"og:site_name\" content=\"Chacrys\" \/>\n<meta property=\"article:publisher\" content=\"https:\/\/www.facebook.com\/chacryscrystal\" \/>\n<meta name=\"twitter:card\" content=\"summary_large_image\" \/>\n<meta name=\"twitter:label1\" content=\"Becs\u00fclt olvas\u00e1si id\u0151\" \/>\n\t<meta name=\"twitter:data1\" content=\"2 perc\" \/>\n<script type=\"application\/ld+json\" class=\"yoast-schema-graph\">{\"@context\":\"https:\\\/\\\/schema.org\",\"@graph\":[{\"@type\":\"WebPage\",\"@id\":\"https:\\\/\\\/chacrys.com\\\/hu\\\/kristalyok\\\/karneol-kristaly-kristaly-jelentese-elonyei-gyogyito-tulajdonsagai-es-hasznalata\\\/\",\"url\":\"https:\\\/\\\/chacrys.com\\\/hu\\\/kristalyok\\\/karneol-kristaly-kristaly-jelentese-elonyei-gyogyito-tulajdonsagai-es-hasznalata\\\/\",\"name\":\"Karneol krist\u00e1ly krist\u00e1ly - jelent\u00e9se, el\u0151nyei, gy\u00f3gy\u00edt\u00f3 tulajdons\u00e1gai \u00e9s haszn\u00e1lata - Chacrys\",\"isPartOf\":{\"@id\":\"https:\\\/\\\/chacrys.com\\\/hu\\\/#website\"},\"datePublished\":\"2025-07-06T16:32:53+00:00\",\"breadcrumb\":{\"@id\":\"https:\\\/\\\/chacrys.com\\\/hu\\\/kristalyok\\\/karneol-kristaly-kristaly-jelentese-elonyei-gyogyito-tulajdonsagai-es-hasznalata\\\/#breadcrumb\"},\"inLanguage\":\"hu\",\"potentialAction\":[{\"@type\":\"ReadAction\",\"target\":[\"https:\\\/\\\/chacrys.com\\\/hu\\\/kristalyok\\\/karneol-kristaly-kristaly-jelentese-elonyei-gyogyito-tulajdonsagai-es-hasznalata\\\/\"]}]},{\"@type\":\"BreadcrumbList\",\"@id\":\"https:\\\/\\\/chacrys.com\\\/hu\\\/kristalyok\\\/karneol-kristaly-kristaly-jelentese-elonyei-gyogyito-tulajdonsagai-es-hasznalata\\\/#breadcrumb\",\"itemListElement\":[{\"@type\":\"ListItem\",\"position\":1,\"name\":\"Home\",\"item\":\"https:\\\/\\\/chacrys.com\\\/hu\\\/\"},{\"@type\":\"ListItem\",\"position\":2,\"name\":\"Krist\u00e1lyok\",\"item\":\"https:\\\/\\\/chacrys.com\\\/hu\\\/kristalyok\\\/\"},{\"@type\":\"ListItem\",\"position\":3,\"name\":\"Karneol krist\u00e1ly krist\u00e1ly &#8211; jelent\u00e9se, el\u0151nyei, gy\u00f3gy\u00edt\u00f3 tulajdons\u00e1gai \u00e9s haszn\u00e1lata\"}]},{\"@type\":\"WebSite\",\"@id\":\"https:\\\/\\\/chacrys.com\\\/hu\\\/#website\",\"url\":\"https:\\\/\\\/chacrys.com\\\/hu\\\/\",\"name\":\"Chacrys\",\"description\":\"Chacrys\",\"publisher\":{\"@id\":\"https:\\\/\\\/chacrys.com\\\/hu\\\/#organization\"},\"potentialAction\":[{\"@type\":\"SearchAction\",\"target\":{\"@type\":\"EntryPoint\",\"urlTemplate\":\"https:\\\/\\\/chacrys.com\\\/hu\\\/?s={search_term_string}\"},\"query-input\":{\"@type\":\"PropertyValueSpecification\",\"valueRequired\":true,\"valueName\":\"search_term_string\"}}],\"inLanguage\":\"hu\"},{\"@type\":\"Organization\",\"@id\":\"https:\\\/\\\/chacrys.com\\\/hu\\\/#organization\",\"name\":\"Chacrys\",\"url\":\"https:\\\/\\\/chacrys.com\\\/hu\\\/\",\"logo\":{\"@type\":\"ImageObject\",\"inLanguage\":\"hu\",\"@id\":\"https:\\\/\\\/chacrys.com\\\/hu\\\/#\\\/schema\\\/logo\\\/image\\\/\",\"url\":\"https:\\\/\\\/chacrys.com\\\/wp-content\\\/uploads\\\/2024\\\/11\\\/cropped-FRANJULIA-6.png\",\"contentUrl\":\"https:\\\/\\\/chacrys.com\\\/wp-content\\\/uploads\\\/2024\\\/11\\\/cropped-FRANJULIA-6.png\",\"width\":512,\"height\":512,\"caption\":\"Chacrys\"},\"image\":{\"@id\":\"https:\\\/\\\/chacrys.com\\\/hu\\\/#\\\/schema\\\/logo\\\/image\\\/\"},\"sameAs\":[\"https:\\\/\\\/www.facebook.com\\\/chacryscrystal\",\"https:\\\/\\\/www.instagram.com\\\/chacrys\\\/\",\"https:\\\/\\\/www.pinterest.com\\\/chacryscrystalbed\\\/\",\"https:\\\/\\\/www.youtube.com\\\/@chacrysofficial9667\"]}]}<\/script>\n<!-- \/ Yoast SEO plugin. -->","yoast_head_json":{"title":"Karneol krist\u00e1ly krist\u00e1ly - jelent\u00e9se, el\u0151nyei, gy\u00f3gy\u00edt\u00f3 tulajdons\u00e1gai \u00e9s haszn\u00e1lata - Chacrys","robots":{"index":"index","follow":"follow","max-snippet":"max-snippet:-1","max-image-preview":"max-image-preview:large","max-video-preview":"max-video-preview:-1"},"canonical":"https:\/\/chacrys.com\/hu\/kristalyok\/karneol-kristaly-kristaly-jelentese-elonyei-gyogyito-tulajdonsagai-es-hasznalata\/","og_locale":"hu_HU","og_type":"article","og_title":"Karneol krist\u00e1ly krist\u00e1ly - jelent\u00e9se, el\u0151nyei, gy\u00f3gy\u00edt\u00f3 tulajdons\u00e1gai \u00e9s haszn\u00e1lata - Chacrys","og_description":"Mi az a karneol krist\u00e1ly? A karneol egy t\u00e1bort\u0171zb\u0151l kiharapott \u00e9s k\u0151be foglalt par\u00e1zsra hasonl\u00edt: a meleg mandarinv\u00f6r\u00f6s, amely \u00f6k\u00f6rv\u00e9rbe","og_url":"https:\/\/chacrys.com\/hu\/kristalyok\/karneol-kristaly-kristaly-jelentese-elonyei-gyogyito-tulajdonsagai-es-hasznalata\/","og_site_name":"Chacrys","article_publisher":"https:\/\/www.facebook.com\/chacryscrystal","twitter_card":"summary_large_image","twitter_misc":{"Becs\u00fclt olvas\u00e1si id\u0151":"2 perc"},"schema":{"@context":"https:\/\/schema.org","@graph":[{"@type":"WebPage","@id":"https:\/\/chacrys.com\/hu\/kristalyok\/karneol-kristaly-kristaly-jelentese-elonyei-gyogyito-tulajdonsagai-es-hasznalata\/","url":"https:\/\/chacrys.com\/hu\/kristalyok\/karneol-kristaly-kristaly-jelentese-elonyei-gyogyito-tulajdonsagai-es-hasznalata\/","name":"Karneol krist\u00e1ly krist\u00e1ly - jelent\u00e9se, el\u0151nyei, gy\u00f3gy\u00edt\u00f3 tulajdons\u00e1gai \u00e9s haszn\u00e1lata - Chacrys","isPartOf":{"@id":"https:\/\/chacrys.com\/hu\/#website"},"datePublished":"2025-07-06T16:32:53+00:00","breadcrumb":{"@id":"https:\/\/chacrys.com\/hu\/kristalyok\/karneol-kristaly-kristaly-jelentese-elonyei-gyogyito-tulajdonsagai-es-hasznalata\/#breadcrumb"},"inLanguage":"hu","potentialAction":[{"@type":"ReadAction","target":["https:\/\/chacrys.com\/hu\/kristalyok\/karneol-kristaly-kristaly-jelentese-elonyei-gyogyito-tulajdonsagai-es-hasznalata\/"]}]},{"@type":"BreadcrumbList","@id":"https:\/\/chacrys.com\/hu\/kristalyok\/karneol-kristaly-kristaly-jelentese-elonyei-gyogyito-tulajdonsagai-es-hasznalata\/#breadcrumb","itemListElement":[{"@type":"ListItem","position":1,"name":"Home","item":"https:\/\/chacrys.com\/hu\/"},{"@type":"ListItem","position":2,"name":"Krist\u00e1lyok","item":"https:\/\/chacrys.com\/hu\/kristalyok\/"},{"@type":"ListItem","position":3,"name":"Karneol krist\u00e1ly krist\u00e1ly &#8211; jelent\u00e9se, el\u0151nyei, gy\u00f3gy\u00edt\u00f3 tulajdons\u00e1gai \u00e9s haszn\u00e1lata"}]},{"@type":"WebSite","@id":"https:\/\/chacrys.com\/hu\/#website","url":"https:\/\/chacrys.com\/hu\/","name":"Chacrys","description":"Chacrys","publisher":{"@id":"https:\/\/chacrys.com\/hu\/#organization"},"potentialAction":[{"@type":"SearchAction","target":{"@type":"EntryPoint","urlTemplate":"https:\/\/chacrys.com\/hu\/?s={search_term_string}"},"query-input":{"@type":"PropertyValueSpecification","valueRequired":true,"valueName":"search_term_string"}}],"inLanguage":"hu"},{"@type":"Organization","@id":"https:\/\/chacrys.com\/hu\/#organization","name":"Chacrys","url":"https:\/\/chacrys.com\/hu\/","logo":{"@type":"ImageObject","inLanguage":"hu","@id":"https:\/\/chacrys.com\/hu\/#\/schema\/logo\/image\/","url":"https:\/\/chacrys.com\/wp-content\/uploads\/2024\/11\/cropped-FRANJULIA-6.png","contentUrl":"https:\/\/chacrys.com\/wp-content\/uploads\/2024\/11\/cropped-FRANJULIA-6.png","width":512,"height":512,"caption":"Chacrys"},"image":{"@id":"https:\/\/chacrys.com\/hu\/#\/schema\/logo\/image\/"},"sameAs":["https:\/\/www.facebook.com\/chacryscrystal","https:\/\/www.instagram.com\/chacrys\/","https:\/\/www.pinterest.com\/chacryscrystalbed\/","https:\/\/www.youtube.com\/@chacrysofficial9667"]}]}},"_links":{"self":[{"href":"https:\/\/chacrys.com\/hu\/wp-json\/wp\/v2\/pages\/33458","targetHints":{"allow":["GET"]}}],"collection":[{"href":"https:\/\/chacrys.com\/hu\/wp-json\/wp\/v2\/pages"}],"about":[{"href":"https:\/\/chacrys.com\/hu\/wp-json\/wp\/v2\/types\/page"}],"author":[{"embeddable":true,"href":"https:\/\/chacrys.com\/hu\/wp-json\/wp\/v2\/users\/1"}],"replies":[{"embeddable":true,"href":"https:\/\/chacrys.com\/hu\/wp-json\/wp\/v2\/comments?post=33458"}],"version-history":[{"count":0,"href":"https:\/\/chacrys.com\/hu\/wp-json\/wp\/v2\/pages\/33458\/revisions"}],"up":[{"embeddable":true,"href":"https:\/\/chacrys.com\/hu\/wp-json\/wp\/v2\/pages\/33019"}],"wp:attachment":[{"href":"https:\/\/chacrys.com\/hu\/wp-json\/wp\/v2\/media?parent=33458"}],"curies":[{"name":"wp","href":"https:\/\/api.w.org\/{rel}","templated":true}]}}