{"id":33451,"date":"2025-07-06T16:32:53","date_gmt":"2025-07-06T16:32:53","guid":{"rendered":"https:\/\/chacrys.com\/kristalyok\/kalcit-kristaly-kristaly-jelentese-elonyei-gyogyito-tulajdonsagai-es-hasznalata\/"},"modified":"2025-07-06T16:32:53","modified_gmt":"2025-07-06T16:32:53","slug":"kalcit-kristaly-kristaly-jelentese-elonyei-gyogyito-tulajdonsagai-es-hasznalata","status":"publish","type":"page","link":"https:\/\/chacrys.com\/hu\/kristalyok\/kalcit-kristaly-kristaly-jelentese-elonyei-gyogyito-tulajdonsagai-es-hasznalata\/","title":{"rendered":"Kalcit krist\u00e1ly krist\u00e1ly &#8211; jelent\u00e9se, el\u0151nyei, gy\u00f3gy\u00edt\u00f3 tulajdons\u00e1gai \u00e9s haszn\u00e1lata"},"content":{"rendered":"<h2 style=\"font-size:28px\">Mi az a kalcit krist\u00e1ly?<\/h2>\n<div style=\"font-size:22px\">A kalcit \u00e1sv\u00e1nyi alakv\u00e1lt\u00f3: tejszer\u0171, m\u00e9zsz\u00edn\u0171, optikailag tiszta, s\u0151t naplemente-narancssz\u00edn\u0171 &#8211; de mindig kalcium-karbon\u00e1t, amely apr\u00f3 rombusz alak\u00fa Lego-t\u00e9gl\u00e1khoz hasonl\u00f3an van elrendezve. Ha \u00f3vatosan \u00f6sszenyomjuk, mikrorezg\u00e9seket \u00e9rezhet\u00fcnk, ahogy a bels\u0151 s\u00edkok elcs\u00fasznak &#8211; a kalcit a hideg vaj k\u00f6nnyeds\u00e9g\u00e9vel hasad. Mivel gyenge savban old\u00f3dik, a m\u00e9szk\u0151barlangok \u00e9s a korallz\u00e1tonyok geol\u00f3giai eredete megegyezik. Egyetlen krist\u00e1ly k\u00e9pes megdupl\u00e1zni egy al\u00e1 helyezett k\u00e9pet (az izlandi sp\u00e1rga teszi ezt), a sz\u00f6veget pedig k\u00eds\u00e9rteties ikrekk\u00e9 v\u00e1ltoztatja.   <\/div>\n<h2 style=\"font-size:28px\">A kalcit krist\u00e1ly el\u0151nyei<\/h2>\n<div style=\"font-size:22px\">A felhaszn\u00e1l\u00f3k a kalcitot a ment\u00e1lis rendetlens\u00e9g gyors tiszt\u00edt\u00f3j\u00e1nak, a digit\u00e1lis tivorny\u00e1z\u00e1s ut\u00e1ni &#8222;reset gombnak&#8221; nevezik. Sz\u00e1mos fajt\u00e1ja testre szabott h\u00edrn\u00e9vvel rendelkezik &#8211; a z\u00f6ld a motiv\u00e1ci\u00f3\u00e9rt, a m\u00e9z a magabiztoss\u00e1g\u00e9rt, a tiszta a tiszt\u00e1nl\u00e1t\u00e1s\u00e9rt -, de mindegyik m\u00f6g\u00f6tt egy lend\u00fcletes, felpattan\u00f3 szikra h\u00faz\u00f3dik meg. Az oszt\u00e1lytermekben a tan\u00e1rok s\u00e1rga kalcitot helyeznek az ablakok k\u00f6zel\u00e9be, hogy felpezsd\u00edts\u00e9k a d\u00e9lel\u0151tti figyelemcs\u00f6kken\u00e9st; a medit\u00e1ci\u00f3s k\u00f6r\u00f6kben a tiszta kalcit prizmak\u00e9nt m\u0171k\u00f6dik, \u00e9s a gondolatokat kezelhet\u0151 spektrumokra bontja.  <\/div>\n<h2 style=\"font-size:28px\"><span data-sheets-root=\"1\">Hogyan haszn\u00e1ljuk a kalcit krist\u00e1lyt?<\/span><\/h2>\n<div style=\"font-size:22px\">Tarts egy darabot a routereden a sz\u00fcnetekben; amikor visszat\u00e9rsz, koppints r\u00e1 h\u00e1romszor, \u00e9s k\u00e9pzeld el, ahogy a felesleges adatt\u00f6lt\u00e9s a krist\u00e1lyba s\u00fcllyed. A narancss\u00e1rga kalcitot helyezd a napfonatodra a t\u0171zl\u00e9gz\u00e9ses gyakorlatok alatt &#8211; a gyeng\u00e9d melegs\u00e9ge szinkroniz\u00e1l\u00f3dik a hasi pump\u00e1l\u00e1ssal. A m\u0171v\u00e9szek n\u00e9gy pasztellr\u00f3zsasz\u00edn t\u00e1bl\u00e1t is elhelyezhetnek a fest\u0151\u00e1llv\u00e1nyuk k\u00f6r\u00fcl, \u00edgy egy &#8222;l\u00e1gy f\u00f3kusz\u00fa st\u00fadi\u00f3t&#8221; alkotva, amely lecsendes\u00edti az \u00f6nkritik\u00e1t, mik\u00f6zben a sz\u00edneket blokkolja.  <\/div>\n<h2 style=\"font-size:28px\">A kalcit krist\u00e1ly gy\u00f3gy\u00edt\u00f3 tulajdons\u00e1gai<\/h2>\n<div style=\"font-size:22px\">Sziv\u00e1rv\u00e1nyos paletta, kiv\u00e9ve a s\u00f6t\u00e9tk\u00e9ket. Kem\u00e9nys\u00e9ge 3-as, puha, mint a sz\u00e1r\u00edtott szappan. K\u00e9plet: CaCO\u2083. Minden\u00fctt megtal\u00e1lhat\u00f3: Mexik\u00f3i Chihuahua-barlangok, izlandi bazalt erek, m\u00e9lytengeri planktonh\u00e9jak. Energiajelek: gyors felt\u00f6lt\u0151d\u00e9s, csiszolt perspekt\u00edva, kalciumt\u00fcsk\u00e9s magabiztoss\u00e1g.    <\/div>\n<h2 style=\"font-size:28px\"><span data-sheets-root=\"1\">Kalcit krist\u00e1ly tiszt\u00edt\u00e1sa \u00e9s karbantart\u00e1sa<\/span><\/h2>\n<div style=\"font-size:22px\">Felt\u00e9tlen\u00fcl ker\u00fclje az ecetet, a bort vagy a citrusolajokat. Gyorsan \u00f6bl\u00edtse le langyos v\u00edzzel, t\u00f6r\u00f6lje sz\u00e1razra, majd hagyja hat \u00f3r\u00e1n \u00e1t pihenni az Epsom-s\u00f3 \u00e1gyon (sz\u00e1razon). Tartsa t\u00e1vol a t\u0171z\u0151 napt\u00f3l &#8211; a kalcit kifeh\u00e9redhet. Mivel k\u00f6nnyen karcol\u00f3dik, minden egyes p\u00e9ld\u00e1nyt saj\u00e1t sz\u00f6vetzseb\u00e9ben t\u00e1roljon.   <\/div>\n","protected":false},"excerpt":{"rendered":"<p>Mi az a kalcit krist\u00e1ly? A kalcit \u00e1sv\u00e1nyi alakv\u00e1lt\u00f3: tejszer\u0171, m\u00e9zsz\u00edn\u0171, optikailag tiszta, s\u0151t naplemente-narancssz\u00edn\u0171 &#8211; de mindig kalcium-karbon\u00e1t, amely<\/p>\n","protected":false},"author":1,"featured_media":0,"parent":33019,"menu_order":0,"comment_status":"closed","ping_status":"closed","template":"","meta":{"footnotes":""},"class_list":["post-33451","page","type-page","status-publish","hentry"],"yoast_head":"<!-- This site is optimized with the Yoast SEO plugin v27.4 - https:\/\/yoast.com\/product\/yoast-seo-wordpress\/ -->\n<title>Kalcit krist\u00e1ly krist\u00e1ly - jelent\u00e9se, el\u0151nyei, gy\u00f3gy\u00edt\u00f3 tulajdons\u00e1gai \u00e9s haszn\u00e1lata - Chacrys<\/title>\n<meta name=\"robots\" content=\"index, follow, max-snippet:-1, max-image-preview:large, max-video-preview:-1\" \/>\n<link rel=\"canonical\" href=\"https:\/\/chacrys.com\/hu\/kristalyok\/kalcit-kristaly-kristaly-jelentese-elonyei-gyogyito-tulajdonsagai-es-hasznalata\/\" \/>\n<meta property=\"og:locale\" content=\"hu_HU\" \/>\n<meta property=\"og:type\" content=\"article\" \/>\n<meta property=\"og:title\" content=\"Kalcit krist\u00e1ly krist\u00e1ly - jelent\u00e9se, el\u0151nyei, gy\u00f3gy\u00edt\u00f3 tulajdons\u00e1gai \u00e9s haszn\u00e1lata - Chacrys\" \/>\n<meta property=\"og:description\" content=\"Mi az a kalcit krist\u00e1ly? A kalcit \u00e1sv\u00e1nyi alakv\u00e1lt\u00f3: tejszer\u0171, m\u00e9zsz\u00edn\u0171, optikailag tiszta, s\u0151t naplemente-narancssz\u00edn\u0171 &#8211; de mindig kalcium-karbon\u00e1t, amely\" \/>\n<meta property=\"og:url\" content=\"https:\/\/chacrys.com\/hu\/kristalyok\/kalcit-kristaly-kristaly-jelentese-elonyei-gyogyito-tulajdonsagai-es-hasznalata\/\" \/>\n<meta property=\"og:site_name\" content=\"Chacrys\" \/>\n<meta property=\"article:publisher\" content=\"https:\/\/www.facebook.com\/chacryscrystal\" \/>\n<meta name=\"twitter:card\" content=\"summary_large_image\" \/>\n<meta name=\"twitter:label1\" content=\"Becs\u00fclt olvas\u00e1si id\u0151\" \/>\n\t<meta name=\"twitter:data1\" content=\"2 perc\" \/>\n<script type=\"application\/ld+json\" class=\"yoast-schema-graph\">{\"@context\":\"https:\\\/\\\/schema.org\",\"@graph\":[{\"@type\":\"WebPage\",\"@id\":\"https:\\\/\\\/chacrys.com\\\/hu\\\/kristalyok\\\/kalcit-kristaly-kristaly-jelentese-elonyei-gyogyito-tulajdonsagai-es-hasznalata\\\/\",\"url\":\"https:\\\/\\\/chacrys.com\\\/hu\\\/kristalyok\\\/kalcit-kristaly-kristaly-jelentese-elonyei-gyogyito-tulajdonsagai-es-hasznalata\\\/\",\"name\":\"Kalcit krist\u00e1ly krist\u00e1ly - jelent\u00e9se, el\u0151nyei, gy\u00f3gy\u00edt\u00f3 tulajdons\u00e1gai \u00e9s haszn\u00e1lata - Chacrys\",\"isPartOf\":{\"@id\":\"https:\\\/\\\/chacrys.com\\\/hu\\\/#website\"},\"datePublished\":\"2025-07-06T16:32:53+00:00\",\"breadcrumb\":{\"@id\":\"https:\\\/\\\/chacrys.com\\\/hu\\\/kristalyok\\\/kalcit-kristaly-kristaly-jelentese-elonyei-gyogyito-tulajdonsagai-es-hasznalata\\\/#breadcrumb\"},\"inLanguage\":\"hu\",\"potentialAction\":[{\"@type\":\"ReadAction\",\"target\":[\"https:\\\/\\\/chacrys.com\\\/hu\\\/kristalyok\\\/kalcit-kristaly-kristaly-jelentese-elonyei-gyogyito-tulajdonsagai-es-hasznalata\\\/\"]}]},{\"@type\":\"BreadcrumbList\",\"@id\":\"https:\\\/\\\/chacrys.com\\\/hu\\\/kristalyok\\\/kalcit-kristaly-kristaly-jelentese-elonyei-gyogyito-tulajdonsagai-es-hasznalata\\\/#breadcrumb\",\"itemListElement\":[{\"@type\":\"ListItem\",\"position\":1,\"name\":\"Home\",\"item\":\"https:\\\/\\\/chacrys.com\\\/hu\\\/\"},{\"@type\":\"ListItem\",\"position\":2,\"name\":\"Krist\u00e1lyok\",\"item\":\"https:\\\/\\\/chacrys.com\\\/hu\\\/kristalyok\\\/\"},{\"@type\":\"ListItem\",\"position\":3,\"name\":\"Kalcit krist\u00e1ly krist\u00e1ly &#8211; jelent\u00e9se, el\u0151nyei, gy\u00f3gy\u00edt\u00f3 tulajdons\u00e1gai \u00e9s haszn\u00e1lata\"}]},{\"@type\":\"WebSite\",\"@id\":\"https:\\\/\\\/chacrys.com\\\/hu\\\/#website\",\"url\":\"https:\\\/\\\/chacrys.com\\\/hu\\\/\",\"name\":\"Chacrys\",\"description\":\"Chacrys\",\"publisher\":{\"@id\":\"https:\\\/\\\/chacrys.com\\\/hu\\\/#organization\"},\"potentialAction\":[{\"@type\":\"SearchAction\",\"target\":{\"@type\":\"EntryPoint\",\"urlTemplate\":\"https:\\\/\\\/chacrys.com\\\/hu\\\/?s={search_term_string}\"},\"query-input\":{\"@type\":\"PropertyValueSpecification\",\"valueRequired\":true,\"valueName\":\"search_term_string\"}}],\"inLanguage\":\"hu\"},{\"@type\":\"Organization\",\"@id\":\"https:\\\/\\\/chacrys.com\\\/hu\\\/#organization\",\"name\":\"Chacrys\",\"url\":\"https:\\\/\\\/chacrys.com\\\/hu\\\/\",\"logo\":{\"@type\":\"ImageObject\",\"inLanguage\":\"hu\",\"@id\":\"https:\\\/\\\/chacrys.com\\\/hu\\\/#\\\/schema\\\/logo\\\/image\\\/\",\"url\":\"https:\\\/\\\/chacrys.com\\\/wp-content\\\/uploads\\\/2024\\\/11\\\/cropped-FRANJULIA-6.png\",\"contentUrl\":\"https:\\\/\\\/chacrys.com\\\/wp-content\\\/uploads\\\/2024\\\/11\\\/cropped-FRANJULIA-6.png\",\"width\":512,\"height\":512,\"caption\":\"Chacrys\"},\"image\":{\"@id\":\"https:\\\/\\\/chacrys.com\\\/hu\\\/#\\\/schema\\\/logo\\\/image\\\/\"},\"sameAs\":[\"https:\\\/\\\/www.facebook.com\\\/chacryscrystal\",\"https:\\\/\\\/www.instagram.com\\\/chacrys\\\/\",\"https:\\\/\\\/www.pinterest.com\\\/chacryscrystalbed\\\/\",\"https:\\\/\\\/www.youtube.com\\\/@chacrysofficial9667\"]}]}<\/script>\n<!-- \/ Yoast SEO plugin. -->","yoast_head_json":{"title":"Kalcit krist\u00e1ly krist\u00e1ly - jelent\u00e9se, el\u0151nyei, gy\u00f3gy\u00edt\u00f3 tulajdons\u00e1gai \u00e9s haszn\u00e1lata - Chacrys","robots":{"index":"index","follow":"follow","max-snippet":"max-snippet:-1","max-image-preview":"max-image-preview:large","max-video-preview":"max-video-preview:-1"},"canonical":"https:\/\/chacrys.com\/hu\/kristalyok\/kalcit-kristaly-kristaly-jelentese-elonyei-gyogyito-tulajdonsagai-es-hasznalata\/","og_locale":"hu_HU","og_type":"article","og_title":"Kalcit krist\u00e1ly krist\u00e1ly - jelent\u00e9se, el\u0151nyei, gy\u00f3gy\u00edt\u00f3 tulajdons\u00e1gai \u00e9s haszn\u00e1lata - Chacrys","og_description":"Mi az a kalcit krist\u00e1ly? A kalcit \u00e1sv\u00e1nyi alakv\u00e1lt\u00f3: tejszer\u0171, m\u00e9zsz\u00edn\u0171, optikailag tiszta, s\u0151t naplemente-narancssz\u00edn\u0171 &#8211; de mindig kalcium-karbon\u00e1t, amely","og_url":"https:\/\/chacrys.com\/hu\/kristalyok\/kalcit-kristaly-kristaly-jelentese-elonyei-gyogyito-tulajdonsagai-es-hasznalata\/","og_site_name":"Chacrys","article_publisher":"https:\/\/www.facebook.com\/chacryscrystal","twitter_card":"summary_large_image","twitter_misc":{"Becs\u00fclt olvas\u00e1si id\u0151":"2 perc"},"schema":{"@context":"https:\/\/schema.org","@graph":[{"@type":"WebPage","@id":"https:\/\/chacrys.com\/hu\/kristalyok\/kalcit-kristaly-kristaly-jelentese-elonyei-gyogyito-tulajdonsagai-es-hasznalata\/","url":"https:\/\/chacrys.com\/hu\/kristalyok\/kalcit-kristaly-kristaly-jelentese-elonyei-gyogyito-tulajdonsagai-es-hasznalata\/","name":"Kalcit krist\u00e1ly krist\u00e1ly - jelent\u00e9se, el\u0151nyei, gy\u00f3gy\u00edt\u00f3 tulajdons\u00e1gai \u00e9s haszn\u00e1lata - Chacrys","isPartOf":{"@id":"https:\/\/chacrys.com\/hu\/#website"},"datePublished":"2025-07-06T16:32:53+00:00","breadcrumb":{"@id":"https:\/\/chacrys.com\/hu\/kristalyok\/kalcit-kristaly-kristaly-jelentese-elonyei-gyogyito-tulajdonsagai-es-hasznalata\/#breadcrumb"},"inLanguage":"hu","potentialAction":[{"@type":"ReadAction","target":["https:\/\/chacrys.com\/hu\/kristalyok\/kalcit-kristaly-kristaly-jelentese-elonyei-gyogyito-tulajdonsagai-es-hasznalata\/"]}]},{"@type":"BreadcrumbList","@id":"https:\/\/chacrys.com\/hu\/kristalyok\/kalcit-kristaly-kristaly-jelentese-elonyei-gyogyito-tulajdonsagai-es-hasznalata\/#breadcrumb","itemListElement":[{"@type":"ListItem","position":1,"name":"Home","item":"https:\/\/chacrys.com\/hu\/"},{"@type":"ListItem","position":2,"name":"Krist\u00e1lyok","item":"https:\/\/chacrys.com\/hu\/kristalyok\/"},{"@type":"ListItem","position":3,"name":"Kalcit krist\u00e1ly krist\u00e1ly &#8211; jelent\u00e9se, el\u0151nyei, gy\u00f3gy\u00edt\u00f3 tulajdons\u00e1gai \u00e9s haszn\u00e1lata"}]},{"@type":"WebSite","@id":"https:\/\/chacrys.com\/hu\/#website","url":"https:\/\/chacrys.com\/hu\/","name":"Chacrys","description":"Chacrys","publisher":{"@id":"https:\/\/chacrys.com\/hu\/#organization"},"potentialAction":[{"@type":"SearchAction","target":{"@type":"EntryPoint","urlTemplate":"https:\/\/chacrys.com\/hu\/?s={search_term_string}"},"query-input":{"@type":"PropertyValueSpecification","valueRequired":true,"valueName":"search_term_string"}}],"inLanguage":"hu"},{"@type":"Organization","@id":"https:\/\/chacrys.com\/hu\/#organization","name":"Chacrys","url":"https:\/\/chacrys.com\/hu\/","logo":{"@type":"ImageObject","inLanguage":"hu","@id":"https:\/\/chacrys.com\/hu\/#\/schema\/logo\/image\/","url":"https:\/\/chacrys.com\/wp-content\/uploads\/2024\/11\/cropped-FRANJULIA-6.png","contentUrl":"https:\/\/chacrys.com\/wp-content\/uploads\/2024\/11\/cropped-FRANJULIA-6.png","width":512,"height":512,"caption":"Chacrys"},"image":{"@id":"https:\/\/chacrys.com\/hu\/#\/schema\/logo\/image\/"},"sameAs":["https:\/\/www.facebook.com\/chacryscrystal","https:\/\/www.instagram.com\/chacrys\/","https:\/\/www.pinterest.com\/chacryscrystalbed\/","https:\/\/www.youtube.com\/@chacrysofficial9667"]}]}},"_links":{"self":[{"href":"https:\/\/chacrys.com\/hu\/wp-json\/wp\/v2\/pages\/33451","targetHints":{"allow":["GET"]}}],"collection":[{"href":"https:\/\/chacrys.com\/hu\/wp-json\/wp\/v2\/pages"}],"about":[{"href":"https:\/\/chacrys.com\/hu\/wp-json\/wp\/v2\/types\/page"}],"author":[{"embeddable":true,"href":"https:\/\/chacrys.com\/hu\/wp-json\/wp\/v2\/users\/1"}],"replies":[{"embeddable":true,"href":"https:\/\/chacrys.com\/hu\/wp-json\/wp\/v2\/comments?post=33451"}],"version-history":[{"count":0,"href":"https:\/\/chacrys.com\/hu\/wp-json\/wp\/v2\/pages\/33451\/revisions"}],"up":[{"embeddable":true,"href":"https:\/\/chacrys.com\/hu\/wp-json\/wp\/v2\/pages\/33019"}],"wp:attachment":[{"href":"https:\/\/chacrys.com\/hu\/wp-json\/wp\/v2\/media?parent=33451"}],"curies":[{"name":"wp","href":"https:\/\/api.w.org\/{rel}","templated":true}]}}