{"id":33441,"date":"2025-07-06T16:32:53","date_gmt":"2025-07-06T16:32:53","guid":{"rendered":"https:\/\/chacrys.com\/kristalyok\/kek-celestite-kristaly-jelentese-elonyei-gyogyito-tulajdonsagai-es-hasznalata\/"},"modified":"2025-07-06T16:32:53","modified_gmt":"2025-07-06T16:32:53","slug":"kek-celestite-kristaly-jelentese-elonyei-gyogyito-tulajdonsagai-es-hasznalata","status":"publish","type":"page","link":"https:\/\/chacrys.com\/hu\/kristalyok\/kek-celestite-kristaly-jelentese-elonyei-gyogyito-tulajdonsagai-es-hasznalata\/","title":{"rendered":"K\u00e9k Celestite krist\u00e1ly &#8211; jelent\u00e9se, el\u0151nyei, gy\u00f3gy\u00edt\u00f3 tulajdons\u00e1gai \u00e9s haszn\u00e1lata"},"content":{"rendered":"<h2 style=\"font-size:28px\">Mi az a Blue Celestite?<\/h2>\n<div style=\"font-size:22px\">K\u00e9pzelj\u00fcnk el egy viharfelh\u0151t, amely \u00e9pp csak annyira szakad el, hogy felfedje az \u00e9g egy f\u00e9l\u00e9nk szelet\u00e9t &#8211; ez a l\u00e1gy, kit\u00e9r\u0151 \u00e1rnyalat a k\u00e9k celesztit belsej\u00e9ben \u00e9l. Geol\u00f3giailag ez egy stroncium-szulf\u00e1t, amely a m\u00e9szk\u0151 \u00fcregeiben csap\u00f3dik ki, \u00e9s pengev\u00e9kony krist\u00e1lyokk\u00e1 n\u0151, amelyek \u00fagy n\u00e9znek ki, mint a leveg\u0151ben l\u00e9v\u0151 j\u00e9gszil\u00e1nkok. Egyes geod\u00e1k grapefruit m\u00e9ret\u0171ek, belsej\u00fck \u00fagy csillog, mint a v\u00e1ros f\u00e9nyei 30 000 l\u00e1b magasb\u00f3l n\u00e9zve. \u00d3vatosan b\u00e1njunk vel\u00fck; az \u00e1sv\u00e1ny a Mohs-f\u00e9le sk\u00e1l\u00e1n 3-3\u00bd k\u00f6r\u00fcl helyezkedik el, \u00e9s olyan morzsal\u00e9kos, mint a vajas s\u00fcti sz\u00e9le. Ez azon kev\u00e9s k\u00f6vek egyike, amelyek m\u00e9g napf\u00e9nyben \u00fclve is h\u0171v\u00f6snek \u00e9rzik magukat &#8211; mintha elfelejtett\u00e9k volna, hogyan kell megtartani a meleget.    <\/div>\n<h2 style=\"font-size:28px\">A Blue Celestite el\u0151nyei<\/h2>\n<div style=\"font-size:22px\">A rajong\u00f3k a k\u00e9k celesztithez ny\u00falnak, amikor az elm\u00e9j\u00fcket elt\u00f6m\u00edti a holt leveg\u0151 statikus zaja. A bejelentett hat\u00e1sok k\u00f6z\u00f6tt szerepel a nyugodtabb besz\u00e9dtemp\u00f3, a finomabb intu\u00edci\u00f3k vill\u00f3dz\u00e1sa \u00e9s az \u00e1llkapocs fesz\u00fclts\u00e9g\u00e9nek old\u00e1sa hossz\u00fa videoh\u00edv\u00e1sok ut\u00e1n. Sokan medit\u00e1lnak egy ge\u00f3da mellett, hogy ut\u00e1nozz\u00e1k a magass\u00e1got: a krist\u00e1ly pasztellsz\u00edn\u0171 ragyog\u00e1sa a v\u00e9konyabb, lassabb leveg\u0151 fel\u00e9 tereli a l\u00e9legzetet. B\u00e1r a tudom\u00e1ny t\u00e1vol tartja mag\u00e1t, az \u00e9rz\u00e9kszervi pszichol\u00f3gia azt mutatja, hogy a halv\u00e1nyk\u00e9k sz\u00ednek egy-k\u00e9t fokozattal cs\u00f6kkentik a pulzussz\u00e1mot, ez\u00e9rt hagyja, hogy a sz\u00edn v\u00e9gezze el a munka egy r\u00e9sz\u00e9t.   <\/div>\n<h2 style=\"font-size:28px\"><span data-sheets-root=\"1\">Hogyan kell haszn\u00e1lni a Blue Celestite-ot?<\/span><\/h2>\n<div style=\"font-size:22px\">Hozzon l\u00e9tre egy &#8222;felh\u0151olt\u00e1rt&#8221;: helyezze a ge\u00f3d\u00e1t egy feh\u00e9r ruh\u00e1ra, tegyen hozz\u00e1 egy \u00e9g\u0151 m\u00e9hviaszgyerty\u00e1t, \u00e9s t\u00edz percig \u00edrjon napl\u00f3t a k\u00e9k csillog\u00e1s alatt &#8211; semmi szerkeszt\u00e9s, csak az \u00e9gbolt \u00edr\u00e1sa. A sz\u00f3nokok elhelyezhetnek egy kis g\u00f6mb\u00f6t az el\u0151ad\u00f3i pulpituson; csendes \u00e1rnyalat\u00e1ra pillantva eml\u00e9kezteti \u0151ket arra, hogy sprintel\u00e9s helyett temp\u00f3s mondatokkal haladjanak. Altat\u00f3ritu\u00e1l\u00e9khoz tartsunk egy szil\u00e1nkot az \u00e9jjeliszekr\u00e9nyen, \u00e9s olvassunk fel hangosan egy verset; a hanghull\u00e1mok megt\u00f6rnek az \u00e1sv\u00e1ny r\u00e1cs\u00e1n kereszt\u00fcl, \u00e9s l\u00e1gy\u00edtj\u00e1k az \u00e9les m\u00e1ssalhangz\u00f3kat.  <\/div>\n<h2 style=\"font-size:28px\">A k\u00e9k Celestite gy\u00f3gy\u00edt\u00f3 tulajdons\u00e1gai<\/h2>\n<div style=\"font-size:22px\">A halv\u00e1ny \u00e9gsz\u00ednk\u00e9kt\u0151l a pork\u00e9kig terjed\u0151 sz\u00edn\u0171 peng\u00e9k, n\u00e9ha halv\u00e1ny aranymaradv\u00e1nyokkal (szulf\u00e1tnyomok) tollasak. K\u00e9miai n\u00e9v: SrSO\u2084. Els\u0151dleges lel\u0151helyek: Madagaszk\u00e1r, Ohio foly\u00f3 v\u00f6lgye \u00e9s szic\u00edliai k\u00e9nr\u00e9tegek. Energetikusan kapcsol\u00f3dik a vil\u00e1gos \u00e1lmod\u00e1shoz, a kim\u00e9rt kifejez\u00e9sm\u00f3dhoz \u00e9s a &#8222;sodr\u00f3d\u00e1s n\u00e9lk\u00fcli elmer\u00fcl\u00e9s&#8221; tudat\u00e1llapothoz.   <\/div>\n<h2 style=\"font-size:28px\"><span data-sheets-root=\"1\">Blue Celestite tiszt\u00edt\u00e1s \u00e9s karbantart\u00e1s<\/span><\/h2>\n<div style=\"font-size:22px\">Hagyja ki teljesen a vizet &#8211; szomjasan a zelesztit megt\u00f6redezik. Porozzuk be l\u00e9gf\u00fav\u00f3val vagy cobolykef\u00e9vel. A finom z\u00fcmm\u00f6g\u00e9s vissza\u00e1ll\u00edt\u00e1s\u00e1hoz f\u00e9szkelje be egy t\u00e1l sz\u00e1raz rizsbe egy \u00e9jszak\u00e1ra. Tartsa t\u00e1vol a radi\u00e1torok meleg\u00e9t\u0151l; a hirtelen meleg p\u00f3kh\u00e1l\u00f3s\u00edtja a krist\u00e1lyokat. T\u00e1rolja selyembe csomagolva, hogy a kem\u00e9nyebb k\u00f6vek ne s\u00e9rts\u00e9k meg tollas hegyeit.    <\/div>\n","protected":false},"excerpt":{"rendered":"<p>Mi az a Blue Celestite? K\u00e9pzelj\u00fcnk el egy viharfelh\u0151t, amely \u00e9pp csak annyira szakad el, hogy felfedje az \u00e9g egy<\/p>\n","protected":false},"author":1,"featured_media":0,"parent":33019,"menu_order":0,"comment_status":"closed","ping_status":"closed","template":"","meta":{"footnotes":""},"class_list":["post-33441","page","type-page","status-publish","hentry"],"yoast_head":"<!-- This site is optimized with the Yoast SEO plugin v27.4 - https:\/\/yoast.com\/product\/yoast-seo-wordpress\/ -->\n<title>K\u00e9k Celestite krist\u00e1ly - jelent\u00e9se, el\u0151nyei, gy\u00f3gy\u00edt\u00f3 tulajdons\u00e1gai \u00e9s haszn\u00e1lata - Chacrys<\/title>\n<meta name=\"robots\" content=\"index, follow, max-snippet:-1, max-image-preview:large, max-video-preview:-1\" \/>\n<link rel=\"canonical\" href=\"https:\/\/chacrys.com\/hu\/kristalyok\/kek-celestite-kristaly-jelentese-elonyei-gyogyito-tulajdonsagai-es-hasznalata\/\" \/>\n<meta property=\"og:locale\" content=\"hu_HU\" \/>\n<meta property=\"og:type\" content=\"article\" \/>\n<meta property=\"og:title\" content=\"K\u00e9k Celestite krist\u00e1ly - jelent\u00e9se, el\u0151nyei, gy\u00f3gy\u00edt\u00f3 tulajdons\u00e1gai \u00e9s haszn\u00e1lata - Chacrys\" \/>\n<meta property=\"og:description\" content=\"Mi az a Blue Celestite? K\u00e9pzelj\u00fcnk el egy viharfelh\u0151t, amely \u00e9pp csak annyira szakad el, hogy felfedje az \u00e9g egy\" \/>\n<meta property=\"og:url\" content=\"https:\/\/chacrys.com\/hu\/kristalyok\/kek-celestite-kristaly-jelentese-elonyei-gyogyito-tulajdonsagai-es-hasznalata\/\" \/>\n<meta property=\"og:site_name\" content=\"Chacrys\" \/>\n<meta property=\"article:publisher\" content=\"https:\/\/www.facebook.com\/chacryscrystal\" \/>\n<meta name=\"twitter:card\" content=\"summary_large_image\" \/>\n<meta name=\"twitter:label1\" content=\"Becs\u00fclt olvas\u00e1si id\u0151\" \/>\n\t<meta name=\"twitter:data1\" content=\"3 perc\" \/>\n<script type=\"application\/ld+json\" class=\"yoast-schema-graph\">{\"@context\":\"https:\\\/\\\/schema.org\",\"@graph\":[{\"@type\":\"WebPage\",\"@id\":\"https:\\\/\\\/chacrys.com\\\/hu\\\/kristalyok\\\/kek-celestite-kristaly-jelentese-elonyei-gyogyito-tulajdonsagai-es-hasznalata\\\/\",\"url\":\"https:\\\/\\\/chacrys.com\\\/hu\\\/kristalyok\\\/kek-celestite-kristaly-jelentese-elonyei-gyogyito-tulajdonsagai-es-hasznalata\\\/\",\"name\":\"K\u00e9k Celestite krist\u00e1ly - jelent\u00e9se, el\u0151nyei, gy\u00f3gy\u00edt\u00f3 tulajdons\u00e1gai \u00e9s haszn\u00e1lata - Chacrys\",\"isPartOf\":{\"@id\":\"https:\\\/\\\/chacrys.com\\\/hu\\\/#website\"},\"datePublished\":\"2025-07-06T16:32:53+00:00\",\"breadcrumb\":{\"@id\":\"https:\\\/\\\/chacrys.com\\\/hu\\\/kristalyok\\\/kek-celestite-kristaly-jelentese-elonyei-gyogyito-tulajdonsagai-es-hasznalata\\\/#breadcrumb\"},\"inLanguage\":\"hu\",\"potentialAction\":[{\"@type\":\"ReadAction\",\"target\":[\"https:\\\/\\\/chacrys.com\\\/hu\\\/kristalyok\\\/kek-celestite-kristaly-jelentese-elonyei-gyogyito-tulajdonsagai-es-hasznalata\\\/\"]}]},{\"@type\":\"BreadcrumbList\",\"@id\":\"https:\\\/\\\/chacrys.com\\\/hu\\\/kristalyok\\\/kek-celestite-kristaly-jelentese-elonyei-gyogyito-tulajdonsagai-es-hasznalata\\\/#breadcrumb\",\"itemListElement\":[{\"@type\":\"ListItem\",\"position\":1,\"name\":\"Home\",\"item\":\"https:\\\/\\\/chacrys.com\\\/hu\\\/\"},{\"@type\":\"ListItem\",\"position\":2,\"name\":\"Krist\u00e1lyok\",\"item\":\"https:\\\/\\\/chacrys.com\\\/hu\\\/kristalyok\\\/\"},{\"@type\":\"ListItem\",\"position\":3,\"name\":\"K\u00e9k Celestite krist\u00e1ly &#8211; jelent\u00e9se, el\u0151nyei, gy\u00f3gy\u00edt\u00f3 tulajdons\u00e1gai \u00e9s haszn\u00e1lata\"}]},{\"@type\":\"WebSite\",\"@id\":\"https:\\\/\\\/chacrys.com\\\/hu\\\/#website\",\"url\":\"https:\\\/\\\/chacrys.com\\\/hu\\\/\",\"name\":\"Chacrys\",\"description\":\"Chacrys\",\"publisher\":{\"@id\":\"https:\\\/\\\/chacrys.com\\\/hu\\\/#organization\"},\"potentialAction\":[{\"@type\":\"SearchAction\",\"target\":{\"@type\":\"EntryPoint\",\"urlTemplate\":\"https:\\\/\\\/chacrys.com\\\/hu\\\/?s={search_term_string}\"},\"query-input\":{\"@type\":\"PropertyValueSpecification\",\"valueRequired\":true,\"valueName\":\"search_term_string\"}}],\"inLanguage\":\"hu\"},{\"@type\":\"Organization\",\"@id\":\"https:\\\/\\\/chacrys.com\\\/hu\\\/#organization\",\"name\":\"Chacrys\",\"url\":\"https:\\\/\\\/chacrys.com\\\/hu\\\/\",\"logo\":{\"@type\":\"ImageObject\",\"inLanguage\":\"hu\",\"@id\":\"https:\\\/\\\/chacrys.com\\\/hu\\\/#\\\/schema\\\/logo\\\/image\\\/\",\"url\":\"https:\\\/\\\/chacrys.com\\\/wp-content\\\/uploads\\\/2024\\\/11\\\/cropped-FRANJULIA-6.png\",\"contentUrl\":\"https:\\\/\\\/chacrys.com\\\/wp-content\\\/uploads\\\/2024\\\/11\\\/cropped-FRANJULIA-6.png\",\"width\":512,\"height\":512,\"caption\":\"Chacrys\"},\"image\":{\"@id\":\"https:\\\/\\\/chacrys.com\\\/hu\\\/#\\\/schema\\\/logo\\\/image\\\/\"},\"sameAs\":[\"https:\\\/\\\/www.facebook.com\\\/chacryscrystal\",\"https:\\\/\\\/www.instagram.com\\\/chacrys\\\/\",\"https:\\\/\\\/www.pinterest.com\\\/chacryscrystalbed\\\/\",\"https:\\\/\\\/www.youtube.com\\\/@chacrysofficial9667\"]}]}<\/script>\n<!-- \/ Yoast SEO plugin. -->","yoast_head_json":{"title":"K\u00e9k Celestite krist\u00e1ly - jelent\u00e9se, el\u0151nyei, gy\u00f3gy\u00edt\u00f3 tulajdons\u00e1gai \u00e9s haszn\u00e1lata - Chacrys","robots":{"index":"index","follow":"follow","max-snippet":"max-snippet:-1","max-image-preview":"max-image-preview:large","max-video-preview":"max-video-preview:-1"},"canonical":"https:\/\/chacrys.com\/hu\/kristalyok\/kek-celestite-kristaly-jelentese-elonyei-gyogyito-tulajdonsagai-es-hasznalata\/","og_locale":"hu_HU","og_type":"article","og_title":"K\u00e9k Celestite krist\u00e1ly - jelent\u00e9se, el\u0151nyei, gy\u00f3gy\u00edt\u00f3 tulajdons\u00e1gai \u00e9s haszn\u00e1lata - Chacrys","og_description":"Mi az a Blue Celestite? K\u00e9pzelj\u00fcnk el egy viharfelh\u0151t, amely \u00e9pp csak annyira szakad el, hogy felfedje az \u00e9g egy","og_url":"https:\/\/chacrys.com\/hu\/kristalyok\/kek-celestite-kristaly-jelentese-elonyei-gyogyito-tulajdonsagai-es-hasznalata\/","og_site_name":"Chacrys","article_publisher":"https:\/\/www.facebook.com\/chacryscrystal","twitter_card":"summary_large_image","twitter_misc":{"Becs\u00fclt olvas\u00e1si id\u0151":"3 perc"},"schema":{"@context":"https:\/\/schema.org","@graph":[{"@type":"WebPage","@id":"https:\/\/chacrys.com\/hu\/kristalyok\/kek-celestite-kristaly-jelentese-elonyei-gyogyito-tulajdonsagai-es-hasznalata\/","url":"https:\/\/chacrys.com\/hu\/kristalyok\/kek-celestite-kristaly-jelentese-elonyei-gyogyito-tulajdonsagai-es-hasznalata\/","name":"K\u00e9k Celestite krist\u00e1ly - jelent\u00e9se, el\u0151nyei, gy\u00f3gy\u00edt\u00f3 tulajdons\u00e1gai \u00e9s haszn\u00e1lata - Chacrys","isPartOf":{"@id":"https:\/\/chacrys.com\/hu\/#website"},"datePublished":"2025-07-06T16:32:53+00:00","breadcrumb":{"@id":"https:\/\/chacrys.com\/hu\/kristalyok\/kek-celestite-kristaly-jelentese-elonyei-gyogyito-tulajdonsagai-es-hasznalata\/#breadcrumb"},"inLanguage":"hu","potentialAction":[{"@type":"ReadAction","target":["https:\/\/chacrys.com\/hu\/kristalyok\/kek-celestite-kristaly-jelentese-elonyei-gyogyito-tulajdonsagai-es-hasznalata\/"]}]},{"@type":"BreadcrumbList","@id":"https:\/\/chacrys.com\/hu\/kristalyok\/kek-celestite-kristaly-jelentese-elonyei-gyogyito-tulajdonsagai-es-hasznalata\/#breadcrumb","itemListElement":[{"@type":"ListItem","position":1,"name":"Home","item":"https:\/\/chacrys.com\/hu\/"},{"@type":"ListItem","position":2,"name":"Krist\u00e1lyok","item":"https:\/\/chacrys.com\/hu\/kristalyok\/"},{"@type":"ListItem","position":3,"name":"K\u00e9k Celestite krist\u00e1ly &#8211; jelent\u00e9se, el\u0151nyei, gy\u00f3gy\u00edt\u00f3 tulajdons\u00e1gai \u00e9s haszn\u00e1lata"}]},{"@type":"WebSite","@id":"https:\/\/chacrys.com\/hu\/#website","url":"https:\/\/chacrys.com\/hu\/","name":"Chacrys","description":"Chacrys","publisher":{"@id":"https:\/\/chacrys.com\/hu\/#organization"},"potentialAction":[{"@type":"SearchAction","target":{"@type":"EntryPoint","urlTemplate":"https:\/\/chacrys.com\/hu\/?s={search_term_string}"},"query-input":{"@type":"PropertyValueSpecification","valueRequired":true,"valueName":"search_term_string"}}],"inLanguage":"hu"},{"@type":"Organization","@id":"https:\/\/chacrys.com\/hu\/#organization","name":"Chacrys","url":"https:\/\/chacrys.com\/hu\/","logo":{"@type":"ImageObject","inLanguage":"hu","@id":"https:\/\/chacrys.com\/hu\/#\/schema\/logo\/image\/","url":"https:\/\/chacrys.com\/wp-content\/uploads\/2024\/11\/cropped-FRANJULIA-6.png","contentUrl":"https:\/\/chacrys.com\/wp-content\/uploads\/2024\/11\/cropped-FRANJULIA-6.png","width":512,"height":512,"caption":"Chacrys"},"image":{"@id":"https:\/\/chacrys.com\/hu\/#\/schema\/logo\/image\/"},"sameAs":["https:\/\/www.facebook.com\/chacryscrystal","https:\/\/www.instagram.com\/chacrys\/","https:\/\/www.pinterest.com\/chacryscrystalbed\/","https:\/\/www.youtube.com\/@chacrysofficial9667"]}]}},"_links":{"self":[{"href":"https:\/\/chacrys.com\/hu\/wp-json\/wp\/v2\/pages\/33441","targetHints":{"allow":["GET"]}}],"collection":[{"href":"https:\/\/chacrys.com\/hu\/wp-json\/wp\/v2\/pages"}],"about":[{"href":"https:\/\/chacrys.com\/hu\/wp-json\/wp\/v2\/types\/page"}],"author":[{"embeddable":true,"href":"https:\/\/chacrys.com\/hu\/wp-json\/wp\/v2\/users\/1"}],"replies":[{"embeddable":true,"href":"https:\/\/chacrys.com\/hu\/wp-json\/wp\/v2\/comments?post=33441"}],"version-history":[{"count":0,"href":"https:\/\/chacrys.com\/hu\/wp-json\/wp\/v2\/pages\/33441\/revisions"}],"up":[{"embeddable":true,"href":"https:\/\/chacrys.com\/hu\/wp-json\/wp\/v2\/pages\/33019"}],"wp:attachment":[{"href":"https:\/\/chacrys.com\/hu\/wp-json\/wp\/v2\/media?parent=33441"}],"curies":[{"name":"wp","href":"https:\/\/api.w.org\/{rel}","templated":true}]}}