{"id":33429,"date":"2025-07-06T16:32:53","date_gmt":"2025-07-06T16:32:53","guid":{"rendered":"https:\/\/chacrys.com\/kristalyok\/kek-apatit-kristaly-jelentese-elonyei-gyogyito-tulajdonsagai-es-hasznalata\/"},"modified":"2025-07-06T16:32:53","modified_gmt":"2025-07-06T16:32:53","slug":"kek-apatit-kristaly-jelentese-elonyei-gyogyito-tulajdonsagai-es-hasznalata","status":"publish","type":"page","link":"https:\/\/chacrys.com\/hu\/kristalyok\/kek-apatit-kristaly-jelentese-elonyei-gyogyito-tulajdonsagai-es-hasznalata\/","title":{"rendered":"K\u00e9k apatit krist\u00e1ly &#8211; jelent\u00e9se, el\u0151nyei, gy\u00f3gy\u00edt\u00f3 tulajdons\u00e1gai \u00e9s haszn\u00e1lata"},"content":{"rendered":"<h2 style=\"font-size:28px\">Mi az a k\u00e9k apatit?<\/h2>\n<div style=\"font-size:22px\">A k\u00e9k apatit m\u00e9lyebbre mer\u00fcl, mint a neonf\u00e9ny\u0171 fajt\u00e1k &#8211; k\u00e9pzelj\u00fck el az alkonyatot a ny\u00edlt \u00f3ce\u00e1n felett, foszforeszk\u00e1l\u00f3 csillog\u00e1ssal \u00e1tsz\u0151ve. K\u00e9miailag azonos a mi csont \u00e1sv\u00e1nyunkkal, a Ca\u2085(PO\u2084)\u2083F\/Cl\/OH-val, \u00e9s gyakran hatsz\u00f6glet\u0171 rudakban krist\u00e1lyosodik, amelyek ez\u00fcst\u00f6sen villognak, ha l\u00e1mpa alatt forgatjuk \u0151ket. A k\u0151 l\u00e1gyabb, mint a kvarc (Mohs 5), ez\u00e9rt a sz\u00e9lei lees\u00e9skor megpattannak, ugyanakkor szokatlan sz\u00edne \u00e9les, vil\u00e1gos f\u00e9nyt \u00e1raszt a rendezetlen munkater\u00fcleten.  <\/div>\n<h2 style=\"font-size:28px\">A k\u00e9k apatit el\u0151nyei<\/h2>\n<div style=\"font-size:22px\">A sz\u00f3sz\u00f3l\u00f3k a k\u00edv\u00e1ncsis\u00e1g fokoz\u00f3d\u00e1s\u00e1t, a sz\u00f3kimond\u00f3 besz\u00e9det \u00e9s az esztelen nassol\u00e1s m\u00e9rs\u00e9kl\u00e9s\u00e9t eml\u00edtik &#8211; val\u00f3sz\u00edn\u0171leg az\u00e9rt, mert a dr\u00e1gak\u0151 \u00e9l\u00e9nk \u00e1rnyalata visszah\u00fazza a tudatoss\u00e1got a testbe. N\u00e9h\u00e1nyan azt is megjegyzik, hogy k\u00f6nnyebb a tiszta \u00e1lmokba val\u00f3 bel\u00e9p\u00e9s \u00e9s gyorsabb a nyelvi megtart\u00e1s. Kezelje ezeket az eredm\u00e9nyeket motiv\u00e1ci\u00f3s \u00f6szt\u00f6nz\u0151k\u00e9nt, ne pedig csodaszerk\u00e9nt.  <\/div>\n<h2 style=\"font-size:28px\"><span data-sheets-root=\"1\">Hogyan kell haszn\u00e1lni a k\u00e9k apatitot?<\/span><\/h2>\n<div style=\"font-size:22px\">\u00c1ll\u00edtson egy pontot a webkamer\u00e1ja mell\u00e9; minden zaf\u00edrf\u00e9nyes csillog\u00e1s jelzi, hogy \u00fclj\u00f6n egyenesen, \u00e9s besz\u00e9ljen sz\u00e1nd\u00e9kosan. A szerz\u0151k egy kavicsot cs\u00fasztatnak a sz\u00f3k\u00f6z al\u00e1 &#8211; minden billenty\u0171le\u00fct\u00e9s hozz\u00e1\u00e9r, \u00e9s f\u00f6ldeli az elszabadult mondatokat. A kir\u00e1ndul\u00f3k egy kavicsot dobnak a palackt\u00e1sk\u00e1ba; a csilingel\u00e9s arra eml\u00e9kezteti \u0151ket, hogy hidrat\u00e1ljanak, miel\u0151tt az agyuk k\u00f6dbe v\u00e9sz.  <\/div>\n<h2 style=\"font-size:28px\">A k\u00e9k apatit gy\u00f3gy\u00edt\u00f3 tulajdons\u00e1gai<\/h2>\n<div style=\"font-size:22px\">Az \u00e1rnyalatok a gleccserk\u00e9kt\u0151l a viharz\u00f6ldig terjednek, csill\u00e1mos szepl\u0151kkel megsz\u00f3rva. Madagaszk\u00e1r szikl\u00e1in, Ontario \u0151si pajzs\u00e1n \u00e9s Bahia sz\u00e9lf\u00fatta hegyoldalakon alakult ki. Energetikai c\u00edmk\u00e9k: intellektu\u00e1lis lend\u00fclet, expressz\u00edv \u00e1raml\u00e1s, \u00e9hs\u00e9g-elme kapcsolat.  <\/div>\n<h2 style=\"font-size:28px\"><span data-sheets-root=\"1\">K\u00e9k apatit tiszt\u00edt\u00e1s \u00e9s karbantart\u00e1s<\/span><\/h2>\n<div style=\"font-size:22px\">Gyorsan \u00f6bl\u00edtse le, t\u00f6r\u00f6lje sz\u00e1razra. Ker\u00fclje a durva UV-f\u00e9nyt &#8211; a sz\u00edn kifeh\u00e9r\u00edtheti a f\u00e1radt farmeranyagot. T\u00f6ltse fel \u00fagy, hogy egy \u00e9jszak\u00e1ra egy nyitott pap\u00edrk\u00f6t\u00e9sre fekteti; a n\u00e9phit szerint a nyomtatott szavak besziv\u00e1rognak, \u00e9s \u00e9les\u00edtik a m\u00e1snapi p\u00e1rbesz\u00e9det. P\u00e1rn\u00e1zza el a kvarc tornyokt\u00f3l, amelyek megkarcolhatj\u00e1k a puh\u00e1bb fel\u00fcleteket.   <\/div>\n","protected":false},"excerpt":{"rendered":"<p>Mi az a k\u00e9k apatit? A k\u00e9k apatit m\u00e9lyebbre mer\u00fcl, mint a neonf\u00e9ny\u0171 fajt\u00e1k &#8211; k\u00e9pzelj\u00fck el az alkonyatot a<\/p>\n","protected":false},"author":1,"featured_media":0,"parent":33019,"menu_order":0,"comment_status":"closed","ping_status":"closed","template":"","meta":{"footnotes":""},"class_list":["post-33429","page","type-page","status-publish","hentry"],"yoast_head":"<!-- This site is optimized with the Yoast SEO plugin v27.4 - https:\/\/yoast.com\/product\/yoast-seo-wordpress\/ -->\n<title>K\u00e9k apatit krist\u00e1ly - jelent\u00e9se, el\u0151nyei, gy\u00f3gy\u00edt\u00f3 tulajdons\u00e1gai \u00e9s haszn\u00e1lata - Chacrys<\/title>\n<meta name=\"robots\" content=\"index, follow, max-snippet:-1, max-image-preview:large, max-video-preview:-1\" \/>\n<link rel=\"canonical\" href=\"https:\/\/chacrys.com\/hu\/kristalyok\/kek-apatit-kristaly-jelentese-elonyei-gyogyito-tulajdonsagai-es-hasznalata\/\" \/>\n<meta property=\"og:locale\" content=\"hu_HU\" \/>\n<meta property=\"og:type\" content=\"article\" \/>\n<meta property=\"og:title\" content=\"K\u00e9k apatit krist\u00e1ly - jelent\u00e9se, el\u0151nyei, gy\u00f3gy\u00edt\u00f3 tulajdons\u00e1gai \u00e9s haszn\u00e1lata - Chacrys\" \/>\n<meta property=\"og:description\" content=\"Mi az a k\u00e9k apatit? A k\u00e9k apatit m\u00e9lyebbre mer\u00fcl, mint a neonf\u00e9ny\u0171 fajt\u00e1k &#8211; k\u00e9pzelj\u00fck el az alkonyatot a\" \/>\n<meta property=\"og:url\" content=\"https:\/\/chacrys.com\/hu\/kristalyok\/kek-apatit-kristaly-jelentese-elonyei-gyogyito-tulajdonsagai-es-hasznalata\/\" \/>\n<meta property=\"og:site_name\" content=\"Chacrys\" \/>\n<meta property=\"article:publisher\" content=\"https:\/\/www.facebook.com\/chacryscrystal\" \/>\n<meta name=\"twitter:card\" content=\"summary_large_image\" \/>\n<meta name=\"twitter:label1\" content=\"Becs\u00fclt olvas\u00e1si id\u0151\" \/>\n\t<meta name=\"twitter:data1\" content=\"2 perc\" \/>\n<script type=\"application\/ld+json\" class=\"yoast-schema-graph\">{\"@context\":\"https:\\\/\\\/schema.org\",\"@graph\":[{\"@type\":\"WebPage\",\"@id\":\"https:\\\/\\\/chacrys.com\\\/hu\\\/kristalyok\\\/kek-apatit-kristaly-jelentese-elonyei-gyogyito-tulajdonsagai-es-hasznalata\\\/\",\"url\":\"https:\\\/\\\/chacrys.com\\\/hu\\\/kristalyok\\\/kek-apatit-kristaly-jelentese-elonyei-gyogyito-tulajdonsagai-es-hasznalata\\\/\",\"name\":\"K\u00e9k apatit krist\u00e1ly - jelent\u00e9se, el\u0151nyei, gy\u00f3gy\u00edt\u00f3 tulajdons\u00e1gai \u00e9s haszn\u00e1lata - Chacrys\",\"isPartOf\":{\"@id\":\"https:\\\/\\\/chacrys.com\\\/hu\\\/#website\"},\"datePublished\":\"2025-07-06T16:32:53+00:00\",\"breadcrumb\":{\"@id\":\"https:\\\/\\\/chacrys.com\\\/hu\\\/kristalyok\\\/kek-apatit-kristaly-jelentese-elonyei-gyogyito-tulajdonsagai-es-hasznalata\\\/#breadcrumb\"},\"inLanguage\":\"hu\",\"potentialAction\":[{\"@type\":\"ReadAction\",\"target\":[\"https:\\\/\\\/chacrys.com\\\/hu\\\/kristalyok\\\/kek-apatit-kristaly-jelentese-elonyei-gyogyito-tulajdonsagai-es-hasznalata\\\/\"]}]},{\"@type\":\"BreadcrumbList\",\"@id\":\"https:\\\/\\\/chacrys.com\\\/hu\\\/kristalyok\\\/kek-apatit-kristaly-jelentese-elonyei-gyogyito-tulajdonsagai-es-hasznalata\\\/#breadcrumb\",\"itemListElement\":[{\"@type\":\"ListItem\",\"position\":1,\"name\":\"Home\",\"item\":\"https:\\\/\\\/chacrys.com\\\/hu\\\/\"},{\"@type\":\"ListItem\",\"position\":2,\"name\":\"Krist\u00e1lyok\",\"item\":\"https:\\\/\\\/chacrys.com\\\/hu\\\/kristalyok\\\/\"},{\"@type\":\"ListItem\",\"position\":3,\"name\":\"K\u00e9k apatit krist\u00e1ly &#8211; jelent\u00e9se, el\u0151nyei, gy\u00f3gy\u00edt\u00f3 tulajdons\u00e1gai \u00e9s haszn\u00e1lata\"}]},{\"@type\":\"WebSite\",\"@id\":\"https:\\\/\\\/chacrys.com\\\/hu\\\/#website\",\"url\":\"https:\\\/\\\/chacrys.com\\\/hu\\\/\",\"name\":\"Chacrys\",\"description\":\"Chacrys\",\"publisher\":{\"@id\":\"https:\\\/\\\/chacrys.com\\\/hu\\\/#organization\"},\"potentialAction\":[{\"@type\":\"SearchAction\",\"target\":{\"@type\":\"EntryPoint\",\"urlTemplate\":\"https:\\\/\\\/chacrys.com\\\/hu\\\/?s={search_term_string}\"},\"query-input\":{\"@type\":\"PropertyValueSpecification\",\"valueRequired\":true,\"valueName\":\"search_term_string\"}}],\"inLanguage\":\"hu\"},{\"@type\":\"Organization\",\"@id\":\"https:\\\/\\\/chacrys.com\\\/hu\\\/#organization\",\"name\":\"Chacrys\",\"url\":\"https:\\\/\\\/chacrys.com\\\/hu\\\/\",\"logo\":{\"@type\":\"ImageObject\",\"inLanguage\":\"hu\",\"@id\":\"https:\\\/\\\/chacrys.com\\\/hu\\\/#\\\/schema\\\/logo\\\/image\\\/\",\"url\":\"https:\\\/\\\/chacrys.com\\\/wp-content\\\/uploads\\\/2024\\\/11\\\/cropped-FRANJULIA-6.png\",\"contentUrl\":\"https:\\\/\\\/chacrys.com\\\/wp-content\\\/uploads\\\/2024\\\/11\\\/cropped-FRANJULIA-6.png\",\"width\":512,\"height\":512,\"caption\":\"Chacrys\"},\"image\":{\"@id\":\"https:\\\/\\\/chacrys.com\\\/hu\\\/#\\\/schema\\\/logo\\\/image\\\/\"},\"sameAs\":[\"https:\\\/\\\/www.facebook.com\\\/chacryscrystal\",\"https:\\\/\\\/www.instagram.com\\\/chacrys\\\/\",\"https:\\\/\\\/www.pinterest.com\\\/chacryscrystalbed\\\/\",\"https:\\\/\\\/www.youtube.com\\\/@chacrysofficial9667\"]}]}<\/script>\n<!-- \/ Yoast SEO plugin. -->","yoast_head_json":{"title":"K\u00e9k apatit krist\u00e1ly - jelent\u00e9se, el\u0151nyei, gy\u00f3gy\u00edt\u00f3 tulajdons\u00e1gai \u00e9s haszn\u00e1lata - Chacrys","robots":{"index":"index","follow":"follow","max-snippet":"max-snippet:-1","max-image-preview":"max-image-preview:large","max-video-preview":"max-video-preview:-1"},"canonical":"https:\/\/chacrys.com\/hu\/kristalyok\/kek-apatit-kristaly-jelentese-elonyei-gyogyito-tulajdonsagai-es-hasznalata\/","og_locale":"hu_HU","og_type":"article","og_title":"K\u00e9k apatit krist\u00e1ly - jelent\u00e9se, el\u0151nyei, gy\u00f3gy\u00edt\u00f3 tulajdons\u00e1gai \u00e9s haszn\u00e1lata - Chacrys","og_description":"Mi az a k\u00e9k apatit? A k\u00e9k apatit m\u00e9lyebbre mer\u00fcl, mint a neonf\u00e9ny\u0171 fajt\u00e1k &#8211; k\u00e9pzelj\u00fck el az alkonyatot a","og_url":"https:\/\/chacrys.com\/hu\/kristalyok\/kek-apatit-kristaly-jelentese-elonyei-gyogyito-tulajdonsagai-es-hasznalata\/","og_site_name":"Chacrys","article_publisher":"https:\/\/www.facebook.com\/chacryscrystal","twitter_card":"summary_large_image","twitter_misc":{"Becs\u00fclt olvas\u00e1si id\u0151":"2 perc"},"schema":{"@context":"https:\/\/schema.org","@graph":[{"@type":"WebPage","@id":"https:\/\/chacrys.com\/hu\/kristalyok\/kek-apatit-kristaly-jelentese-elonyei-gyogyito-tulajdonsagai-es-hasznalata\/","url":"https:\/\/chacrys.com\/hu\/kristalyok\/kek-apatit-kristaly-jelentese-elonyei-gyogyito-tulajdonsagai-es-hasznalata\/","name":"K\u00e9k apatit krist\u00e1ly - jelent\u00e9se, el\u0151nyei, gy\u00f3gy\u00edt\u00f3 tulajdons\u00e1gai \u00e9s haszn\u00e1lata - Chacrys","isPartOf":{"@id":"https:\/\/chacrys.com\/hu\/#website"},"datePublished":"2025-07-06T16:32:53+00:00","breadcrumb":{"@id":"https:\/\/chacrys.com\/hu\/kristalyok\/kek-apatit-kristaly-jelentese-elonyei-gyogyito-tulajdonsagai-es-hasznalata\/#breadcrumb"},"inLanguage":"hu","potentialAction":[{"@type":"ReadAction","target":["https:\/\/chacrys.com\/hu\/kristalyok\/kek-apatit-kristaly-jelentese-elonyei-gyogyito-tulajdonsagai-es-hasznalata\/"]}]},{"@type":"BreadcrumbList","@id":"https:\/\/chacrys.com\/hu\/kristalyok\/kek-apatit-kristaly-jelentese-elonyei-gyogyito-tulajdonsagai-es-hasznalata\/#breadcrumb","itemListElement":[{"@type":"ListItem","position":1,"name":"Home","item":"https:\/\/chacrys.com\/hu\/"},{"@type":"ListItem","position":2,"name":"Krist\u00e1lyok","item":"https:\/\/chacrys.com\/hu\/kristalyok\/"},{"@type":"ListItem","position":3,"name":"K\u00e9k apatit krist\u00e1ly &#8211; jelent\u00e9se, el\u0151nyei, gy\u00f3gy\u00edt\u00f3 tulajdons\u00e1gai \u00e9s haszn\u00e1lata"}]},{"@type":"WebSite","@id":"https:\/\/chacrys.com\/hu\/#website","url":"https:\/\/chacrys.com\/hu\/","name":"Chacrys","description":"Chacrys","publisher":{"@id":"https:\/\/chacrys.com\/hu\/#organization"},"potentialAction":[{"@type":"SearchAction","target":{"@type":"EntryPoint","urlTemplate":"https:\/\/chacrys.com\/hu\/?s={search_term_string}"},"query-input":{"@type":"PropertyValueSpecification","valueRequired":true,"valueName":"search_term_string"}}],"inLanguage":"hu"},{"@type":"Organization","@id":"https:\/\/chacrys.com\/hu\/#organization","name":"Chacrys","url":"https:\/\/chacrys.com\/hu\/","logo":{"@type":"ImageObject","inLanguage":"hu","@id":"https:\/\/chacrys.com\/hu\/#\/schema\/logo\/image\/","url":"https:\/\/chacrys.com\/wp-content\/uploads\/2024\/11\/cropped-FRANJULIA-6.png","contentUrl":"https:\/\/chacrys.com\/wp-content\/uploads\/2024\/11\/cropped-FRANJULIA-6.png","width":512,"height":512,"caption":"Chacrys"},"image":{"@id":"https:\/\/chacrys.com\/hu\/#\/schema\/logo\/image\/"},"sameAs":["https:\/\/www.facebook.com\/chacryscrystal","https:\/\/www.instagram.com\/chacrys\/","https:\/\/www.pinterest.com\/chacryscrystalbed\/","https:\/\/www.youtube.com\/@chacrysofficial9667"]}]}},"_links":{"self":[{"href":"https:\/\/chacrys.com\/hu\/wp-json\/wp\/v2\/pages\/33429","targetHints":{"allow":["GET"]}}],"collection":[{"href":"https:\/\/chacrys.com\/hu\/wp-json\/wp\/v2\/pages"}],"about":[{"href":"https:\/\/chacrys.com\/hu\/wp-json\/wp\/v2\/types\/page"}],"author":[{"embeddable":true,"href":"https:\/\/chacrys.com\/hu\/wp-json\/wp\/v2\/users\/1"}],"replies":[{"embeddable":true,"href":"https:\/\/chacrys.com\/hu\/wp-json\/wp\/v2\/comments?post=33429"}],"version-history":[{"count":0,"href":"https:\/\/chacrys.com\/hu\/wp-json\/wp\/v2\/pages\/33429\/revisions"}],"up":[{"embeddable":true,"href":"https:\/\/chacrys.com\/hu\/wp-json\/wp\/v2\/pages\/33019"}],"wp:attachment":[{"href":"https:\/\/chacrys.com\/hu\/wp-json\/wp\/v2\/media?parent=33429"}],"curies":[{"name":"wp","href":"https:\/\/api.w.org\/{rel}","templated":true}]}}