{"id":33422,"date":"2025-07-06T16:32:53","date_gmt":"2025-07-06T16:32:53","guid":{"rendered":"https:\/\/chacrys.com\/kristalyok\/bloodstone-heliotrope-crystal-jelentese-elonyei-gyogyito-tulajdonsagok-es-hogyan-kell-hasznalni\/"},"modified":"2025-07-06T16:32:53","modified_gmt":"2025-07-06T16:32:53","slug":"bloodstone-heliotrope-crystal-jelentese-elonyei-gyogyito-tulajdonsagok-es-hogyan-kell-hasznalni","status":"publish","type":"page","link":"https:\/\/chacrys.com\/hu\/kristalyok\/bloodstone-heliotrope-crystal-jelentese-elonyei-gyogyito-tulajdonsagok-es-hogyan-kell-hasznalni\/","title":{"rendered":"Bloodstone (Heliotrope) Crystal &#8211; jelent\u00e9se, el\u0151nyei, gy\u00f3gy\u00edt\u00f3 tulajdons\u00e1gok \u00e9s hogyan kell haszn\u00e1lni"},"content":{"rendered":"<h2 style=\"font-size:28px\">Mi az a Bloodstone (Heliotrope)?<\/h2>\n<div style=\"font-size:22px\">Az erd\u0151z\u00f6ld kalcedon rozsdabarna sz\u00ednnel megsp\u00e9kelve, a v\u00e9rk\u0151 olyan, mint egy \u00fcvegbe z\u00e1rt csatat\u00e9r. A vas-oxid cseppek a mikrokrist\u00e1lyos szil\u00edcium-dioxid belsej\u00e9ben vir\u00e1goznak, v\u00e9letlenszer\u0171 csillagk\u00e9peket hozva l\u00e9tre &#8211; nincs k\u00e9t egyforma p\u00f6tty\u00f6s minta. Az \u00f3kori g\u00f6r\u00f6g\u00f6k \u00fagy gondolt\u00e1k, hogy a v\u00f6r\u00f6s p\u00f6tty\u00f6k el\u00e1ll\u00edtj\u00e1k a v\u00e9rz\u00e9st; a renesz\u00e1nsz k\u0151farag\u00f3k pedig az\u00e9rt \u0151r\u00f6lt\u00e9k a k\u00f6vet, hogy megv\u00e9dj\u00e9k a pestissel fert\u0151z\u00f6tt leveg\u0151 ellen. A k\u0151 6\u00bd-7-es, er\u0151s, de m\u00e9g mindig hajland\u00f3 szat\u00e9nos f\u00e9ny\u0171re csiszol\u00f3dni.   <\/div>\n<h2 style=\"font-size:28px\">A Bloodstone (Heliotrope) el\u0151nyei<\/h2>\n<div style=\"font-size:22px\">Pillanatk\u00e9p a val\u00f3 \u00e9letb\u0151l: A hossz\u00fa fut\u00e1sok alatt egy v\u00e9rk\u00f6vet cs\u00fasztatott a zoknija zseb\u00e9be. K\u00e9s\u0151bb elmondta, hogy minden egyes piros foltot \u00fagy \u00e9rzett, mintha egy apr\u00f3 sz\u00edvver\u00e9s k\u00e1nt\u00e1ln\u00e1, hogy folytasd. Ak\u00e1r placebo, ak\u00e1r pigmentpszichol\u00f3gia, a f\u00e9lmaratoni idej\u00e9b\u0151l nyolc percet faragott le, \u00e9s egyenletesebb temp\u00f3r\u00f3l sz\u00e1molt be. A sportos er\u0151n fel\u00fcl a felhaszn\u00e1l\u00f3k azt \u00e1ll\u00edtj\u00e1k, hogy nyom\u00e1s alatt javult a d\u00f6nt\u00e9shozatal, a hormonh\u00e1ztart\u00e1s harm\u00f3ni\u00e1ja \u00e9s b\u00e1trabbak a besz\u00e9lget\u00e9sek. A megl\u00e1t\u00e1sok szubjekt\u00edvek &#8211; b\u00e1rmelyik k\u0151 rutin mellett haszn\u00e1ljon j\u00f3 h\u00edr\u0171 edz\u00e9st \u00e9s orvosi tan\u00e1csot.    <\/div>\n<h2 style=\"font-size:28px\"><span data-sheets-root=\"1\">Hogyan kell haszn\u00e1lni a Bloodstone (Heliotrope)?<\/span><\/h2>\n<div style=\"font-size:22px\">Ragassz egy lapos szeletet egy fitnesz\u00f3ra p\u00e1ntja al\u00e1; amikor az izzads\u00e1g leh\u0171ti a k\u00f6vet, egy \u00e9l\u00e9nk mikro-sokkot fogsz \u00e9rezni, amely v\u00e9gigl\u00f6kd\u00f6s az utols\u00f3 sorozaton. A nyilv\u00e1nos el\u0151ad\u00f3k a sz\u00ednpadra l\u00e9p\u00e9s el\u0151tt pillanatokkal a h\u00fcvelykujjukkal megd\u00f6rzs\u00f6lhetnek egy piros p\u00f6tty\u00f6t &#8211; az \u00e9rint\u00e9ses \u00f6sszpontos\u00edt\u00e1s megnyugtatja az idegeket. Az \u00fajholdas ritu\u00e1l\u00e9k sor\u00e1n \u00e1ztassa a v\u00e9rk\u00f6vet egy t\u00e1l bazsalikomlev\u00e9lben (v\u00edz n\u00e9lk\u00fcl) egy \u00e9jszak\u00e1n \u00e1t; hajnalban komposzt\u00e1lja a gy\u00f3gyn\u00f6v\u00e9nyeket, tegye zsebre a k\u00f6vet, \u00e9s vigye a meg\u00fajul\u00e1s \u00e9rz\u00e9s\u00e9t a h\u00f3napba.  <\/div>\n<h2 style=\"font-size:28px\">A v\u00e9rk\u0151 gy\u00f3gy\u00edt\u00f3 tulajdons\u00e1gai (Heliotrope)<\/h2>\n<div style=\"font-size:22px\">M\u00e9lyz\u00f6ld mez\u0151 skarl\u00e1tv\u00f6r\u00f6s, arany vagy kr\u00e9msz\u00edn\u0171 foltokkal. \u00d6sszet\u00e9tel: hematittal cement\u00e1lt kovasavt\u0171k. Az indiai Dekk\u00e1n-bazaltban, brazil foly\u00f3medrekben \u00e9s sk\u00f3t szigeteken b\u00e1ny\u00e1szott. Energetikai r\u00f6vid\u00edt\u00e9s: vitalit\u00e1s, kitart\u00e1s, t\u0171z alatti igazs\u00e1g.   <\/div>\n<h2 style=\"font-size:28px\"><span data-sheets-root=\"1\">Bloodstone (Heliotrope) Tiszt\u00edt\u00e1s \u00e9s karbantart\u00e1s<\/span><\/h2>\n<div style=\"font-size:22px\">V\u00edz\u00e1ll\u00f3; edz\u00e9s ut\u00e1n \u00f6bl\u00edtse le, j\u00f3l sz\u00e1r\u00edtsa meg. A m\u00e9rs\u00e9kelt naps\u00fct\u00e9s j\u00f3, de az egyhetes s\u00fct\u00e9s elhalv\u00e1ny\u00edtja a z\u00f6ldeket. A s\u0171r\u0171 rezg\u00e9sek megtiszt\u00edt\u00e1s\u00e1hoz tegye egy dobhangsz\u00f3r\u00f3ra egy l\u00fcktet\u0151 dal erej\u00e9ig &#8211; a rezg\u00e9s megz\u00f6rgeti a stagn\u00e1l\u00f3 sz\u00e1nd\u00e9kot. T\u00e1rol\u00e1s c\u00e9lj\u00e1b\u00f3l csomagolja szegf\u0171szeg r\u00fcgyekkel megsz\u00f3rt pamutba; az illat illeszkedik a f\u00f6ldes profilj\u00e1hoz.   <\/div>\n","protected":false},"excerpt":{"rendered":"<p>Mi az a Bloodstone (Heliotrope)? Az erd\u0151z\u00f6ld kalcedon rozsdabarna sz\u00ednnel megsp\u00e9kelve, a v\u00e9rk\u0151 olyan, mint egy \u00fcvegbe z\u00e1rt csatat\u00e9r. A<\/p>\n","protected":false},"author":1,"featured_media":0,"parent":33019,"menu_order":0,"comment_status":"closed","ping_status":"closed","template":"","meta":{"footnotes":""},"class_list":["post-33422","page","type-page","status-publish","hentry"],"yoast_head":"<!-- This site is optimized with the Yoast SEO plugin v27.4 - https:\/\/yoast.com\/product\/yoast-seo-wordpress\/ -->\n<title>Bloodstone (Heliotrope) Crystal - jelent\u00e9se, el\u0151nyei, gy\u00f3gy\u00edt\u00f3 tulajdons\u00e1gok \u00e9s hogyan kell haszn\u00e1lni - Chacrys<\/title>\n<meta name=\"robots\" content=\"index, follow, max-snippet:-1, max-image-preview:large, max-video-preview:-1\" \/>\n<link rel=\"canonical\" href=\"https:\/\/chacrys.com\/hu\/kristalyok\/bloodstone-heliotrope-crystal-jelentese-elonyei-gyogyito-tulajdonsagok-es-hogyan-kell-hasznalni\/\" \/>\n<meta property=\"og:locale\" content=\"hu_HU\" \/>\n<meta property=\"og:type\" content=\"article\" \/>\n<meta property=\"og:title\" content=\"Bloodstone (Heliotrope) Crystal - jelent\u00e9se, el\u0151nyei, gy\u00f3gy\u00edt\u00f3 tulajdons\u00e1gok \u00e9s hogyan kell haszn\u00e1lni - Chacrys\" \/>\n<meta property=\"og:description\" content=\"Mi az a Bloodstone (Heliotrope)? Az erd\u0151z\u00f6ld kalcedon rozsdabarna sz\u00ednnel megsp\u00e9kelve, a v\u00e9rk\u0151 olyan, mint egy \u00fcvegbe z\u00e1rt csatat\u00e9r. A\" \/>\n<meta property=\"og:url\" content=\"https:\/\/chacrys.com\/hu\/kristalyok\/bloodstone-heliotrope-crystal-jelentese-elonyei-gyogyito-tulajdonsagok-es-hogyan-kell-hasznalni\/\" \/>\n<meta property=\"og:site_name\" content=\"Chacrys\" \/>\n<meta property=\"article:publisher\" content=\"https:\/\/www.facebook.com\/chacryscrystal\" \/>\n<meta name=\"twitter:card\" content=\"summary_large_image\" \/>\n<meta name=\"twitter:label1\" content=\"Becs\u00fclt olvas\u00e1si id\u0151\" \/>\n\t<meta name=\"twitter:data1\" content=\"3 perc\" \/>\n<script type=\"application\/ld+json\" class=\"yoast-schema-graph\">{\"@context\":\"https:\\\/\\\/schema.org\",\"@graph\":[{\"@type\":\"WebPage\",\"@id\":\"https:\\\/\\\/chacrys.com\\\/hu\\\/kristalyok\\\/bloodstone-heliotrope-crystal-jelentese-elonyei-gyogyito-tulajdonsagok-es-hogyan-kell-hasznalni\\\/\",\"url\":\"https:\\\/\\\/chacrys.com\\\/hu\\\/kristalyok\\\/bloodstone-heliotrope-crystal-jelentese-elonyei-gyogyito-tulajdonsagok-es-hogyan-kell-hasznalni\\\/\",\"name\":\"Bloodstone (Heliotrope) Crystal - jelent\u00e9se, el\u0151nyei, gy\u00f3gy\u00edt\u00f3 tulajdons\u00e1gok \u00e9s hogyan kell haszn\u00e1lni - Chacrys\",\"isPartOf\":{\"@id\":\"https:\\\/\\\/chacrys.com\\\/hu\\\/#website\"},\"datePublished\":\"2025-07-06T16:32:53+00:00\",\"breadcrumb\":{\"@id\":\"https:\\\/\\\/chacrys.com\\\/hu\\\/kristalyok\\\/bloodstone-heliotrope-crystal-jelentese-elonyei-gyogyito-tulajdonsagok-es-hogyan-kell-hasznalni\\\/#breadcrumb\"},\"inLanguage\":\"hu\",\"potentialAction\":[{\"@type\":\"ReadAction\",\"target\":[\"https:\\\/\\\/chacrys.com\\\/hu\\\/kristalyok\\\/bloodstone-heliotrope-crystal-jelentese-elonyei-gyogyito-tulajdonsagok-es-hogyan-kell-hasznalni\\\/\"]}]},{\"@type\":\"BreadcrumbList\",\"@id\":\"https:\\\/\\\/chacrys.com\\\/hu\\\/kristalyok\\\/bloodstone-heliotrope-crystal-jelentese-elonyei-gyogyito-tulajdonsagok-es-hogyan-kell-hasznalni\\\/#breadcrumb\",\"itemListElement\":[{\"@type\":\"ListItem\",\"position\":1,\"name\":\"Home\",\"item\":\"https:\\\/\\\/chacrys.com\\\/hu\\\/\"},{\"@type\":\"ListItem\",\"position\":2,\"name\":\"Krist\u00e1lyok\",\"item\":\"https:\\\/\\\/chacrys.com\\\/hu\\\/kristalyok\\\/\"},{\"@type\":\"ListItem\",\"position\":3,\"name\":\"Bloodstone (Heliotrope) Crystal &#8211; jelent\u00e9se, el\u0151nyei, gy\u00f3gy\u00edt\u00f3 tulajdons\u00e1gok \u00e9s hogyan kell haszn\u00e1lni\"}]},{\"@type\":\"WebSite\",\"@id\":\"https:\\\/\\\/chacrys.com\\\/hu\\\/#website\",\"url\":\"https:\\\/\\\/chacrys.com\\\/hu\\\/\",\"name\":\"Chacrys\",\"description\":\"Chacrys\",\"publisher\":{\"@id\":\"https:\\\/\\\/chacrys.com\\\/hu\\\/#organization\"},\"potentialAction\":[{\"@type\":\"SearchAction\",\"target\":{\"@type\":\"EntryPoint\",\"urlTemplate\":\"https:\\\/\\\/chacrys.com\\\/hu\\\/?s={search_term_string}\"},\"query-input\":{\"@type\":\"PropertyValueSpecification\",\"valueRequired\":true,\"valueName\":\"search_term_string\"}}],\"inLanguage\":\"hu\"},{\"@type\":\"Organization\",\"@id\":\"https:\\\/\\\/chacrys.com\\\/hu\\\/#organization\",\"name\":\"Chacrys\",\"url\":\"https:\\\/\\\/chacrys.com\\\/hu\\\/\",\"logo\":{\"@type\":\"ImageObject\",\"inLanguage\":\"hu\",\"@id\":\"https:\\\/\\\/chacrys.com\\\/hu\\\/#\\\/schema\\\/logo\\\/image\\\/\",\"url\":\"https:\\\/\\\/chacrys.com\\\/wp-content\\\/uploads\\\/2024\\\/11\\\/cropped-FRANJULIA-6.png\",\"contentUrl\":\"https:\\\/\\\/chacrys.com\\\/wp-content\\\/uploads\\\/2024\\\/11\\\/cropped-FRANJULIA-6.png\",\"width\":512,\"height\":512,\"caption\":\"Chacrys\"},\"image\":{\"@id\":\"https:\\\/\\\/chacrys.com\\\/hu\\\/#\\\/schema\\\/logo\\\/image\\\/\"},\"sameAs\":[\"https:\\\/\\\/www.facebook.com\\\/chacryscrystal\",\"https:\\\/\\\/www.instagram.com\\\/chacrys\\\/\",\"https:\\\/\\\/www.pinterest.com\\\/chacryscrystalbed\\\/\",\"https:\\\/\\\/www.youtube.com\\\/@chacrysofficial9667\"]}]}<\/script>\n<!-- \/ Yoast SEO plugin. -->","yoast_head_json":{"title":"Bloodstone (Heliotrope) Crystal - jelent\u00e9se, el\u0151nyei, gy\u00f3gy\u00edt\u00f3 tulajdons\u00e1gok \u00e9s hogyan kell haszn\u00e1lni - Chacrys","robots":{"index":"index","follow":"follow","max-snippet":"max-snippet:-1","max-image-preview":"max-image-preview:large","max-video-preview":"max-video-preview:-1"},"canonical":"https:\/\/chacrys.com\/hu\/kristalyok\/bloodstone-heliotrope-crystal-jelentese-elonyei-gyogyito-tulajdonsagok-es-hogyan-kell-hasznalni\/","og_locale":"hu_HU","og_type":"article","og_title":"Bloodstone (Heliotrope) Crystal - jelent\u00e9se, el\u0151nyei, gy\u00f3gy\u00edt\u00f3 tulajdons\u00e1gok \u00e9s hogyan kell haszn\u00e1lni - Chacrys","og_description":"Mi az a Bloodstone (Heliotrope)? Az erd\u0151z\u00f6ld kalcedon rozsdabarna sz\u00ednnel megsp\u00e9kelve, a v\u00e9rk\u0151 olyan, mint egy \u00fcvegbe z\u00e1rt csatat\u00e9r. A","og_url":"https:\/\/chacrys.com\/hu\/kristalyok\/bloodstone-heliotrope-crystal-jelentese-elonyei-gyogyito-tulajdonsagok-es-hogyan-kell-hasznalni\/","og_site_name":"Chacrys","article_publisher":"https:\/\/www.facebook.com\/chacryscrystal","twitter_card":"summary_large_image","twitter_misc":{"Becs\u00fclt olvas\u00e1si id\u0151":"3 perc"},"schema":{"@context":"https:\/\/schema.org","@graph":[{"@type":"WebPage","@id":"https:\/\/chacrys.com\/hu\/kristalyok\/bloodstone-heliotrope-crystal-jelentese-elonyei-gyogyito-tulajdonsagok-es-hogyan-kell-hasznalni\/","url":"https:\/\/chacrys.com\/hu\/kristalyok\/bloodstone-heliotrope-crystal-jelentese-elonyei-gyogyito-tulajdonsagok-es-hogyan-kell-hasznalni\/","name":"Bloodstone (Heliotrope) Crystal - jelent\u00e9se, el\u0151nyei, gy\u00f3gy\u00edt\u00f3 tulajdons\u00e1gok \u00e9s hogyan kell haszn\u00e1lni - Chacrys","isPartOf":{"@id":"https:\/\/chacrys.com\/hu\/#website"},"datePublished":"2025-07-06T16:32:53+00:00","breadcrumb":{"@id":"https:\/\/chacrys.com\/hu\/kristalyok\/bloodstone-heliotrope-crystal-jelentese-elonyei-gyogyito-tulajdonsagok-es-hogyan-kell-hasznalni\/#breadcrumb"},"inLanguage":"hu","potentialAction":[{"@type":"ReadAction","target":["https:\/\/chacrys.com\/hu\/kristalyok\/bloodstone-heliotrope-crystal-jelentese-elonyei-gyogyito-tulajdonsagok-es-hogyan-kell-hasznalni\/"]}]},{"@type":"BreadcrumbList","@id":"https:\/\/chacrys.com\/hu\/kristalyok\/bloodstone-heliotrope-crystal-jelentese-elonyei-gyogyito-tulajdonsagok-es-hogyan-kell-hasznalni\/#breadcrumb","itemListElement":[{"@type":"ListItem","position":1,"name":"Home","item":"https:\/\/chacrys.com\/hu\/"},{"@type":"ListItem","position":2,"name":"Krist\u00e1lyok","item":"https:\/\/chacrys.com\/hu\/kristalyok\/"},{"@type":"ListItem","position":3,"name":"Bloodstone (Heliotrope) Crystal &#8211; jelent\u00e9se, el\u0151nyei, gy\u00f3gy\u00edt\u00f3 tulajdons\u00e1gok \u00e9s hogyan kell haszn\u00e1lni"}]},{"@type":"WebSite","@id":"https:\/\/chacrys.com\/hu\/#website","url":"https:\/\/chacrys.com\/hu\/","name":"Chacrys","description":"Chacrys","publisher":{"@id":"https:\/\/chacrys.com\/hu\/#organization"},"potentialAction":[{"@type":"SearchAction","target":{"@type":"EntryPoint","urlTemplate":"https:\/\/chacrys.com\/hu\/?s={search_term_string}"},"query-input":{"@type":"PropertyValueSpecification","valueRequired":true,"valueName":"search_term_string"}}],"inLanguage":"hu"},{"@type":"Organization","@id":"https:\/\/chacrys.com\/hu\/#organization","name":"Chacrys","url":"https:\/\/chacrys.com\/hu\/","logo":{"@type":"ImageObject","inLanguage":"hu","@id":"https:\/\/chacrys.com\/hu\/#\/schema\/logo\/image\/","url":"https:\/\/chacrys.com\/wp-content\/uploads\/2024\/11\/cropped-FRANJULIA-6.png","contentUrl":"https:\/\/chacrys.com\/wp-content\/uploads\/2024\/11\/cropped-FRANJULIA-6.png","width":512,"height":512,"caption":"Chacrys"},"image":{"@id":"https:\/\/chacrys.com\/hu\/#\/schema\/logo\/image\/"},"sameAs":["https:\/\/www.facebook.com\/chacryscrystal","https:\/\/www.instagram.com\/chacrys\/","https:\/\/www.pinterest.com\/chacryscrystalbed\/","https:\/\/www.youtube.com\/@chacrysofficial9667"]}]}},"_links":{"self":[{"href":"https:\/\/chacrys.com\/hu\/wp-json\/wp\/v2\/pages\/33422","targetHints":{"allow":["GET"]}}],"collection":[{"href":"https:\/\/chacrys.com\/hu\/wp-json\/wp\/v2\/pages"}],"about":[{"href":"https:\/\/chacrys.com\/hu\/wp-json\/wp\/v2\/types\/page"}],"author":[{"embeddable":true,"href":"https:\/\/chacrys.com\/hu\/wp-json\/wp\/v2\/users\/1"}],"replies":[{"embeddable":true,"href":"https:\/\/chacrys.com\/hu\/wp-json\/wp\/v2\/comments?post=33422"}],"version-history":[{"count":0,"href":"https:\/\/chacrys.com\/hu\/wp-json\/wp\/v2\/pages\/33422\/revisions"}],"up":[{"embeddable":true,"href":"https:\/\/chacrys.com\/hu\/wp-json\/wp\/v2\/pages\/33019"}],"wp:attachment":[{"href":"https:\/\/chacrys.com\/hu\/wp-json\/wp\/v2\/media?parent=33422"}],"curies":[{"name":"wp","href":"https:\/\/api.w.org\/{rel}","templated":true}]}}