{"id":33389,"date":"2025-07-06T16:32:53","date_gmt":"2025-07-06T14:32:53","guid":{"rendered":"https:\/\/chacrys.com\/kristalyok\/ametrine-kristaly-jelentese-elonyei-gyogyito-tulajdonsagai-es-hasznalata\/"},"modified":"2026-03-15T08:46:10","modified_gmt":"2026-03-15T07:46:10","slug":"ametrine-kristaly-jelentese-elonyei-gyogyito-tulajdonsagai-es-hasznalata","status":"publish","type":"page","link":"https:\/\/chacrys.com\/hu\/kristalyok\/ametrine-kristaly-jelentese-elonyei-gyogyito-tulajdonsagai-es-hasznalata\/","title":{"rendered":"Ametrine krist\u00e1ly &#8211; jelent\u00e9se, el\u0151nyei, gy\u00f3gy\u00edt\u00f3 tulajdons\u00e1gai \u00e9s haszn\u00e1lata"},"content":{"rendered":"<h2 style=\"font-size:28px\">Milyen t\u00edpus\u00fa gy\u00f3gyszer az Ametrine?<\/h2>\n<div style=\"font-size:22px\">K\u00e9pzelje el, ahogy az alkonyat egyetlen z\u00f6kken\u0151mentes l\u00e9legzetv\u00e9telben \u00e1tcsap a hajnalba: f\u00e9lig az ametiszt b\u00e1rsonyos lila, f\u00e9lig a citrin m\u00e9zes aranya. Ez a f\u00fazi\u00f3 az ametrin, egy term\u00e9szetes k\u00e9tsz\u00edn\u0171 kvarc, amely akkor sz\u00fcletik, amikor egy krist\u00e1ly k\u00e9t oxid\u00e1ci\u00f3s szinten leh\u0171l. Az egyetlen jelent\u0151s b\u00e1nya, a bol\u00edviai Anah\u00ed egy foly\u00f3 mellett tal\u00e1lhat\u00f3, ahol a helyi legenda szerint egy hercegn\u0151 aj\u00e1nd\u00e9kozta a k\u00f6vet egy h\u00f3d\u00edt\u00f3nak, akit szeretett. K\u00e9miailag SiO\u2082, a vas k\u00fcl\u00f6nb\u00f6z\u0151 valencia\u00e1llapot\u00fa, de ez a romantika minden szil\u00e1nkban ott rejt\u0151zik.   <\/div>\n<h2 style=\"font-size:28px\">Az Ametrine el\u0151nyei<\/h2>\n<div style=\"font-size:22px\">A gyakorlatban az ametrin \u00fagy viselkedik, mint egy ir\u00e1nyt\u0171, amely \u00e9szak \u00e9s d\u00e9l k\u00f6z\u00f6tt egyens\u00falyoz. D\u00e9vik\u00e1val dolgoztam egy\u00fctt, aki szoftver\u00e9p\u00edt\u00e9szk\u00e9nt ing\u00e1zik a l\u00e1tom\u00e1sos \u00f6tletel\u00e9s \u00e9s az unalmas k\u00f3dellen\u0151rz\u00e9s k\u00f6z\u00f6tt. Az \u00edr\u00f3asztal\u00e1n l\u00e9v\u0151 t\u00e1bl\u00e1zatos ametrin seg\u00edtett neki, hogy ment\u00e1lis ostorcsap\u00e1s n\u00e9lk\u00fcl v\u00e1ltson sebess\u00e9get. Jelentett hat\u00e1sok: a kreativit\u00e1s \u00e9s a logika kevered\u00e9se, tiszt\u00e1bb d\u00f6nt\u00e9shozatal, \u00e9s a t\u00f6bb feladatot is ell\u00e1t\u00f3 emberek adrenalin-nyugalma. Ism\u00e9tlem, ezek tapasztalati besz\u00e1mol\u00f3k &#8211; a krist\u00e1lyokat p\u00e1ros\u00edtsuk az id\u0151gazd\u00e1lkod\u00e1ssal, ne pedig helyette.    <\/div>\n<h2 style=\"font-size:28px\"><span data-sheets-root=\"1\">Hogyan kell haszn\u00e1lni az Ametrine-t?<\/span><\/h2>\n<div style=\"font-size:22px\">Medit\u00e1ci\u00f3 k\u00f6zben tartsd az aranysz\u00edn\u0171 oldalt a naps\u00fct\u00f6tte ablak fel\u00e9, a lila oldalt pedig a harmadik szemed fel\u00e9; figyeld meg, hogy melyik gondolat vil\u00e1gosodik, melyik l\u00e1gyul. A v\u00e1llalkoz\u00f3k gyakran tartanak egy csiszolt pontot a p\u00e9nzt\u00e1rfi\u00f3kjukban, mert \u00fagy v\u00e9lik, hogy a gy\u00fcm\u00f6lcscukor-\u00e9des citrin b\u0151s\u00e9get szikr\u00e1zik, m\u00edg az ametiszt m\u00e9rs\u00e9kli az impulz\u00edv k\u00f6ltekez\u00e9st. N\u00e9gy kis k\u00f6vet is r\u00e1csozhatsz a szoba sarkaiban &#8211; az ibolya befel\u00e9, az arany kifel\u00e9 mutat -, hogy eml\u00e9keztesd az otthoni irod\u00e1t, hogy egyszerre maradjon inspir\u00e1lt \u00e9s f\u00f6ldh\u00f6zragadt.  <\/div>\n<h2 style=\"font-size:28px\">Az ametrin gy\u00f3gy\u00edt\u00f3 tulajdons\u00e1gai<\/h2>\n<div style=\"font-size:22px\">A sz\u00ednek a m\u00e9lysz\u0151l\u0151t\u0151l a karamell\u00e1sig terjednek ugyanabban a krist\u00e1lyban. Kem\u00e9nys\u00e9g: megb\u00edzhat\u00f3 7. \u00d6sszet\u00e9tel: szil\u00edcium-dioxid vasszennyez\u0151d\u00e9sekkel; term\u00e9szetes besug\u00e1rz\u00e1s osztja a sz\u00ednz\u00f3n\u00e1kat. Csak korl\u00e1tozott helyeken &#8211; f\u0151k\u00e9nt Bol\u00edvi\u00e1ban &#8211; termelnek val\u00f3di ametrint, ez\u00e9rt \u00f3vakodjunk az \u00fcveghamis\u00edtv\u00e1nyokt\u00f3l. A gyakorl\u00f3k olyan kulcsszavakkal c\u00edmk\u00e9zik, mint az egyens\u00faly, a ment\u00e1lis tisztas\u00e1g \u00e9s a hibrid \u00e9leter\u0151.    <\/div>\n<h2 style=\"font-size:28px\"><span data-sheets-root=\"1\">Ametrine Tiszt\u00edt\u00e1s \u00e9s karbantart\u00e1s<\/span><\/h2>\n<div style=\"font-size:22px\">Gyorsan \u00f6bl\u00edtse le, ker\u00fclje a f\u00e9ny\u00e9t elhom\u00e1lyos\u00edt\u00f3 vegyszereket. Sz\u00e1r\u00edtsa meg sz\u00f6szmentes ruh\u00e1val. Mivel mind az ametiszt, mind a citrin kifakul, a k\u00f6zvetlen napoz\u00e1st korl\u00e1tozza t\u00edz percre. Havonta egyszer az eny\u00e9met egy t\u00e1l nyers barna rizsbe teszem; a ritu\u00e1l\u00e9 furcsa \u00e9rz\u00e9s, m\u00e9gis a szemek magukba sz\u00edvj\u00e1k az elh\u00faz\u00f3d\u00f3 f\u00fcst\u00f6l\u0151olajokat, \u00e9s ropog\u00f3sak maradnak a facett\u00e1k. T\u00e1rolja selyembe csomagolva, hogy a sz\u00ednek ne d\u00f6rzs\u00f6l\u0151djenek a koptat\u00f3 szomsz\u00e9dokhoz.    <\/div>\n\n<h2 class=\"wp-block-heading\" id=\"h-you-might-also-be-interested-in\">Ez is \u00e9rdekelheti \u00d6nt<\/h2>\n\n<ul class=\"wp-block-list\">\n<li><a href=\"https:\/\/chacrys.com\/hu\/kristalyok\/aranyko-kristaly-jelentese-elonyei-gyogyito-tulajdonsagai-es-hasznalata\/\">Aranyk\u0151 krist\u00e1ly<\/a><\/li>\n\n\n\n<li><a href=\"https:\/\/chacrys.com\/hu\/kristalyok\/epidot-kristaly-jelentese-elonyei-gyogyito-tulajdonsagai-es-hasznalata\/\">Epidot krist\u00e1ly<\/a><\/li>\n\n\n\n<li><a href=\"https:\/\/chacrys.com\/hu\/kristalyok\/zold-aventurin-kristaly-jelentese-elonyei-gyogyito-tulajdonsagai-es-hasznalata\/\">Z\u00f6ld Aventurin krist\u00e1ly<\/a><\/li>\n\n\n\n<li><a href=\"https:\/\/chacrys.com\/hu\/kristalyok\/ghost-quartz-phantom-quartz-kristaly-jelentese-elonyei-gyogyito-tulajdonsagai-es-hasznalata\/\">Szellem kvarc krist\u00e1ly<\/a><\/li>\n\n\n\n<li><a href=\"https:\/\/chacrys.com\/hu\/kristalyok\/eye-stone-tiger-eye-kristaly-jelentese-elonyei-gyogyito-tulajdonsagai-es-hasznalata\/\">Szem k\u0151 krist\u00e1ly<\/a><\/li>\n<\/ul>\n","protected":false},"excerpt":{"rendered":"<p>Milyen t\u00edpus\u00fa gy\u00f3gyszer az Ametrine? K\u00e9pzelje el, ahogy az alkonyat egyetlen z\u00f6kken\u0151mentes l\u00e9legzetv\u00e9telben \u00e1tcsap a hajnalba: f\u00e9lig az ametiszt b\u00e1rsonyos<\/p>\n","protected":false},"author":1,"featured_media":0,"parent":33019,"menu_order":0,"comment_status":"closed","ping_status":"closed","template":"","meta":{"footnotes":""},"class_list":["post-33389","page","type-page","status-publish","hentry"],"yoast_head":"<!-- This site is optimized with the Yoast SEO plugin v27.5 - https:\/\/yoast.com\/product\/yoast-seo-wordpress\/ -->\n<title>Ametrine krist\u00e1ly - jelent\u00e9se, el\u0151nyei, gy\u00f3gy\u00edt\u00f3 tulajdons\u00e1gai \u00e9s haszn\u00e1lata - Chacrys<\/title>\n<meta name=\"robots\" content=\"index, follow, max-snippet:-1, max-image-preview:large, max-video-preview:-1\" \/>\n<link rel=\"canonical\" href=\"https:\/\/chacrys.com\/hu\/kristalyok\/ametrine-kristaly-jelentese-elonyei-gyogyito-tulajdonsagai-es-hasznalata\/\" \/>\n<meta property=\"og:locale\" content=\"hu_HU\" \/>\n<meta property=\"og:type\" content=\"article\" \/>\n<meta property=\"og:title\" content=\"Ametrine krist\u00e1ly - jelent\u00e9se, el\u0151nyei, gy\u00f3gy\u00edt\u00f3 tulajdons\u00e1gai \u00e9s haszn\u00e1lata - Chacrys\" \/>\n<meta property=\"og:description\" content=\"Milyen t\u00edpus\u00fa gy\u00f3gyszer az Ametrine? K\u00e9pzelje el, ahogy az alkonyat egyetlen z\u00f6kken\u0151mentes l\u00e9legzetv\u00e9telben \u00e1tcsap a hajnalba: f\u00e9lig az ametiszt b\u00e1rsonyos\" \/>\n<meta property=\"og:url\" content=\"https:\/\/chacrys.com\/hu\/kristalyok\/ametrine-kristaly-jelentese-elonyei-gyogyito-tulajdonsagai-es-hasznalata\/\" \/>\n<meta property=\"og:site_name\" content=\"Chacrys\" \/>\n<meta property=\"article:publisher\" content=\"https:\/\/www.facebook.com\/chacryscrystal\" \/>\n<meta property=\"article:modified_time\" content=\"2026-03-15T07:46:10+00:00\" \/>\n<meta name=\"twitter:card\" content=\"summary_large_image\" \/>\n<meta name=\"twitter:label1\" content=\"Becs\u00fclt olvas\u00e1si id\u0151\" \/>\n\t<meta name=\"twitter:data1\" content=\"3 perc\" \/>\n<script type=\"application\/ld+json\" class=\"yoast-schema-graph\">{\"@context\":\"https:\\\/\\\/schema.org\",\"@graph\":[{\"@type\":\"WebPage\",\"@id\":\"https:\\\/\\\/chacrys.com\\\/hu\\\/kristalyok\\\/ametrine-kristaly-jelentese-elonyei-gyogyito-tulajdonsagai-es-hasznalata\\\/\",\"url\":\"https:\\\/\\\/chacrys.com\\\/hu\\\/kristalyok\\\/ametrine-kristaly-jelentese-elonyei-gyogyito-tulajdonsagai-es-hasznalata\\\/\",\"name\":\"Ametrine krist\u00e1ly - jelent\u00e9se, el\u0151nyei, gy\u00f3gy\u00edt\u00f3 tulajdons\u00e1gai \u00e9s haszn\u00e1lata - Chacrys\",\"isPartOf\":{\"@id\":\"https:\\\/\\\/chacrys.com\\\/hu\\\/#website\"},\"datePublished\":\"2025-07-06T14:32:53+00:00\",\"dateModified\":\"2026-03-15T07:46:10+00:00\",\"breadcrumb\":{\"@id\":\"https:\\\/\\\/chacrys.com\\\/hu\\\/kristalyok\\\/ametrine-kristaly-jelentese-elonyei-gyogyito-tulajdonsagai-es-hasznalata\\\/#breadcrumb\"},\"inLanguage\":\"hu\",\"potentialAction\":[{\"@type\":\"ReadAction\",\"target\":[\"https:\\\/\\\/chacrys.com\\\/hu\\\/kristalyok\\\/ametrine-kristaly-jelentese-elonyei-gyogyito-tulajdonsagai-es-hasznalata\\\/\"]}]},{\"@type\":\"BreadcrumbList\",\"@id\":\"https:\\\/\\\/chacrys.com\\\/hu\\\/kristalyok\\\/ametrine-kristaly-jelentese-elonyei-gyogyito-tulajdonsagai-es-hasznalata\\\/#breadcrumb\",\"itemListElement\":[{\"@type\":\"ListItem\",\"position\":1,\"name\":\"Home\",\"item\":\"https:\\\/\\\/chacrys.com\\\/hu\\\/\"},{\"@type\":\"ListItem\",\"position\":2,\"name\":\"Krist\u00e1lyok\",\"item\":\"https:\\\/\\\/chacrys.com\\\/hu\\\/kristalyok\\\/\"},{\"@type\":\"ListItem\",\"position\":3,\"name\":\"Ametrine krist\u00e1ly &#8211; jelent\u00e9se, el\u0151nyei, gy\u00f3gy\u00edt\u00f3 tulajdons\u00e1gai \u00e9s haszn\u00e1lata\"}]},{\"@type\":\"WebSite\",\"@id\":\"https:\\\/\\\/chacrys.com\\\/hu\\\/#website\",\"url\":\"https:\\\/\\\/chacrys.com\\\/hu\\\/\",\"name\":\"Chacrys\",\"description\":\"Chacrys\",\"publisher\":{\"@id\":\"https:\\\/\\\/chacrys.com\\\/hu\\\/#organization\"},\"potentialAction\":[{\"@type\":\"SearchAction\",\"target\":{\"@type\":\"EntryPoint\",\"urlTemplate\":\"https:\\\/\\\/chacrys.com\\\/hu\\\/?s={search_term_string}\"},\"query-input\":{\"@type\":\"PropertyValueSpecification\",\"valueRequired\":true,\"valueName\":\"search_term_string\"}}],\"inLanguage\":\"hu\"},{\"@type\":\"Organization\",\"@id\":\"https:\\\/\\\/chacrys.com\\\/hu\\\/#organization\",\"name\":\"Chacrys\",\"url\":\"https:\\\/\\\/chacrys.com\\\/hu\\\/\",\"logo\":{\"@type\":\"ImageObject\",\"inLanguage\":\"hu\",\"@id\":\"https:\\\/\\\/chacrys.com\\\/hu\\\/#\\\/schema\\\/logo\\\/image\\\/\",\"url\":\"https:\\\/\\\/chacrys.com\\\/wp-content\\\/uploads\\\/2024\\\/11\\\/cropped-FRANJULIA-6.png\",\"contentUrl\":\"https:\\\/\\\/chacrys.com\\\/wp-content\\\/uploads\\\/2024\\\/11\\\/cropped-FRANJULIA-6.png\",\"width\":512,\"height\":512,\"caption\":\"Chacrys\"},\"image\":{\"@id\":\"https:\\\/\\\/chacrys.com\\\/hu\\\/#\\\/schema\\\/logo\\\/image\\\/\"},\"sameAs\":[\"https:\\\/\\\/www.facebook.com\\\/chacryscrystal\",\"https:\\\/\\\/www.instagram.com\\\/chacrys\\\/\",\"https:\\\/\\\/www.pinterest.com\\\/chacryscrystalbed\\\/\",\"https:\\\/\\\/www.youtube.com\\\/@chacrysofficial9667\"]}]}<\/script>\n<!-- \/ Yoast SEO plugin. -->","yoast_head_json":{"title":"Ametrine krist\u00e1ly - jelent\u00e9se, el\u0151nyei, gy\u00f3gy\u00edt\u00f3 tulajdons\u00e1gai \u00e9s haszn\u00e1lata - Chacrys","robots":{"index":"index","follow":"follow","max-snippet":"max-snippet:-1","max-image-preview":"max-image-preview:large","max-video-preview":"max-video-preview:-1"},"canonical":"https:\/\/chacrys.com\/hu\/kristalyok\/ametrine-kristaly-jelentese-elonyei-gyogyito-tulajdonsagai-es-hasznalata\/","og_locale":"hu_HU","og_type":"article","og_title":"Ametrine krist\u00e1ly - jelent\u00e9se, el\u0151nyei, gy\u00f3gy\u00edt\u00f3 tulajdons\u00e1gai \u00e9s haszn\u00e1lata - Chacrys","og_description":"Milyen t\u00edpus\u00fa gy\u00f3gyszer az Ametrine? K\u00e9pzelje el, ahogy az alkonyat egyetlen z\u00f6kken\u0151mentes l\u00e9legzetv\u00e9telben \u00e1tcsap a hajnalba: f\u00e9lig az ametiszt b\u00e1rsonyos","og_url":"https:\/\/chacrys.com\/hu\/kristalyok\/ametrine-kristaly-jelentese-elonyei-gyogyito-tulajdonsagai-es-hasznalata\/","og_site_name":"Chacrys","article_publisher":"https:\/\/www.facebook.com\/chacryscrystal","article_modified_time":"2026-03-15T07:46:10+00:00","twitter_card":"summary_large_image","twitter_misc":{"Becs\u00fclt olvas\u00e1si id\u0151":"3 perc"},"schema":{"@context":"https:\/\/schema.org","@graph":[{"@type":"WebPage","@id":"https:\/\/chacrys.com\/hu\/kristalyok\/ametrine-kristaly-jelentese-elonyei-gyogyito-tulajdonsagai-es-hasznalata\/","url":"https:\/\/chacrys.com\/hu\/kristalyok\/ametrine-kristaly-jelentese-elonyei-gyogyito-tulajdonsagai-es-hasznalata\/","name":"Ametrine krist\u00e1ly - jelent\u00e9se, el\u0151nyei, gy\u00f3gy\u00edt\u00f3 tulajdons\u00e1gai \u00e9s haszn\u00e1lata - Chacrys","isPartOf":{"@id":"https:\/\/chacrys.com\/hu\/#website"},"datePublished":"2025-07-06T14:32:53+00:00","dateModified":"2026-03-15T07:46:10+00:00","breadcrumb":{"@id":"https:\/\/chacrys.com\/hu\/kristalyok\/ametrine-kristaly-jelentese-elonyei-gyogyito-tulajdonsagai-es-hasznalata\/#breadcrumb"},"inLanguage":"hu","potentialAction":[{"@type":"ReadAction","target":["https:\/\/chacrys.com\/hu\/kristalyok\/ametrine-kristaly-jelentese-elonyei-gyogyito-tulajdonsagai-es-hasznalata\/"]}]},{"@type":"BreadcrumbList","@id":"https:\/\/chacrys.com\/hu\/kristalyok\/ametrine-kristaly-jelentese-elonyei-gyogyito-tulajdonsagai-es-hasznalata\/#breadcrumb","itemListElement":[{"@type":"ListItem","position":1,"name":"Home","item":"https:\/\/chacrys.com\/hu\/"},{"@type":"ListItem","position":2,"name":"Krist\u00e1lyok","item":"https:\/\/chacrys.com\/hu\/kristalyok\/"},{"@type":"ListItem","position":3,"name":"Ametrine krist\u00e1ly &#8211; jelent\u00e9se, el\u0151nyei, gy\u00f3gy\u00edt\u00f3 tulajdons\u00e1gai \u00e9s haszn\u00e1lata"}]},{"@type":"WebSite","@id":"https:\/\/chacrys.com\/hu\/#website","url":"https:\/\/chacrys.com\/hu\/","name":"Chacrys","description":"Chacrys","publisher":{"@id":"https:\/\/chacrys.com\/hu\/#organization"},"potentialAction":[{"@type":"SearchAction","target":{"@type":"EntryPoint","urlTemplate":"https:\/\/chacrys.com\/hu\/?s={search_term_string}"},"query-input":{"@type":"PropertyValueSpecification","valueRequired":true,"valueName":"search_term_string"}}],"inLanguage":"hu"},{"@type":"Organization","@id":"https:\/\/chacrys.com\/hu\/#organization","name":"Chacrys","url":"https:\/\/chacrys.com\/hu\/","logo":{"@type":"ImageObject","inLanguage":"hu","@id":"https:\/\/chacrys.com\/hu\/#\/schema\/logo\/image\/","url":"https:\/\/chacrys.com\/wp-content\/uploads\/2024\/11\/cropped-FRANJULIA-6.png","contentUrl":"https:\/\/chacrys.com\/wp-content\/uploads\/2024\/11\/cropped-FRANJULIA-6.png","width":512,"height":512,"caption":"Chacrys"},"image":{"@id":"https:\/\/chacrys.com\/hu\/#\/schema\/logo\/image\/"},"sameAs":["https:\/\/www.facebook.com\/chacryscrystal","https:\/\/www.instagram.com\/chacrys\/","https:\/\/www.pinterest.com\/chacryscrystalbed\/","https:\/\/www.youtube.com\/@chacrysofficial9667"]}]}},"_links":{"self":[{"href":"https:\/\/chacrys.com\/hu\/wp-json\/wp\/v2\/pages\/33389","targetHints":{"allow":["GET"]}}],"collection":[{"href":"https:\/\/chacrys.com\/hu\/wp-json\/wp\/v2\/pages"}],"about":[{"href":"https:\/\/chacrys.com\/hu\/wp-json\/wp\/v2\/types\/page"}],"author":[{"embeddable":true,"href":"https:\/\/chacrys.com\/hu\/wp-json\/wp\/v2\/users\/1"}],"replies":[{"embeddable":true,"href":"https:\/\/chacrys.com\/hu\/wp-json\/wp\/v2\/comments?post=33389"}],"version-history":[{"count":2,"href":"https:\/\/chacrys.com\/hu\/wp-json\/wp\/v2\/pages\/33389\/revisions"}],"predecessor-version":[{"id":34476,"href":"https:\/\/chacrys.com\/hu\/wp-json\/wp\/v2\/pages\/33389\/revisions\/34476"}],"up":[{"embeddable":true,"href":"https:\/\/chacrys.com\/hu\/wp-json\/wp\/v2\/pages\/33019"}],"wp:attachment":[{"href":"https:\/\/chacrys.com\/hu\/wp-json\/wp\/v2\/media?parent=33389"}],"curies":[{"name":"wp","href":"https:\/\/api.w.org\/{rel}","templated":true}]}}