{"id":33284,"date":"2024-12-11T13:05:59","date_gmt":"2024-12-11T13:05:59","guid":{"rendered":"https:\/\/chacrys.com\/vogel-kristaly-kepzes\/"},"modified":"2025-06-23T12:54:26","modified_gmt":"2025-06-23T12:54:26","slug":"vogel-kristaly-kepzes","status":"publish","type":"page","link":"https:\/\/chacrys.com\/hu\/vogel-kristaly-kepzes\/","title":{"rendered":"Vogel krist\u00e1ly k\u00e9pz\u00e9s"},"content":{"rendered":"\t\t<div data-elementor-type=\"wp-page\" data-elementor-id=\"33284\" class=\"elementor elementor-33284 elementor-31789\">\n\t\t\t\t<div class=\"wd-negative-gap elementor-element elementor-element-bde5d14 e-flex e-con-boxed e-con e-parent\" data-id=\"bde5d14\" data-element_type=\"container\" data-e-type=\"container\">\n\t\t\t\t\t<div class=\"e-con-inner\">\n\t\t<div class=\"elementor-element elementor-element-b544fe1 e-con-full e-flex e-con e-child\" data-id=\"b544fe1\" data-element_type=\"container\" data-e-type=\"container\">\n\t\t\t\t<div class=\"elementor-element elementor-element-f80315e elementor-widget elementor-widget-wd_text_block\" data-id=\"f80315e\" data-element_type=\"widget\" data-e-type=\"widget\" data-widget_type=\"wd_text_block.default\">\n\t\t\t\t<div class=\"elementor-widget-container\">\n\t\t\t\t\t\t\t<div class=\"wd-text-block reset-last-child text-left\">\n\t\t\t\n\t\t\t<h1 class=\"sc-hOGkXu NrNIR pf-6_\" data-pf-type=\"Heading\"><span class=\"sc-gyElHZ fxaypC pf-8_\" data-pf-type=\"Text\">Vogel Training: Vogel Vogel: Az energiaer\u0151s\u00edt\u00e9s \u00e9s a krist\u00e1lygy\u00f3gy\u00edt\u00e1s m\u0171v\u00e9szet\u00e9nek elsaj\u00e1t\u00edt\u00e1sa  <\/span><\/h1><p class=\"sc-FNXRL jGHEAN pf-9_\" data-pf-type=\"Paragraph\"><span class=\"sc-gyElHZ fxaypC pf-11_\" data-pf-type=\"Text\">A Vogel-krist\u00e1lyok megismer\u00e9se egy \u00e9rdekes utaz\u00e1s a krist\u00e1lygy\u00f3gy\u00edt\u00e1s \u00e9s az energia\u00e1talak\u00edt\u00e1s birodalm\u00e1ba. Ezek a kit\u0171n\u0151 kvarckrist\u00e1lyok, melyeket alkot\u00f3jukr\u00f3l, Marcel Vogelr\u0151l neveztek el, olyan egyedi tulajdons\u00e1gokkal rendelkeznek, melyek miatt a spiritu\u00e1lis \u00e9s metafizikai gyakorlatokban igen keresettek. A Vogel-krist\u00e1lyokkal val\u00f3 munka m\u0171v\u00e9szet\u00e9nek meg\u00e9rt\u00e9se mag\u00e1ban foglalja a pontos csiszol\u00e1sukba val\u00f3 elm\u00e9ly\u00fcl\u00e9st, amely feler\u0151s\u00edti \u00e9s \u00f6sszpontos\u00edtja az energi\u00e1t gy\u00f3gy\u00edt\u00e1si c\u00e9lokra. A Vogel-krist\u00e1lyok megismer\u00e9s\u00e9vel az egy\u00e9nek felfedezhetik az intu\u00edci\u00f3 fokoz\u00e1s\u00e1ban, az egyens\u00faly el\u0151seg\u00edt\u00e9s\u00e9ben \u00e9s a spiritu\u00e1lis n\u00f6veked\u00e9s el\u0151seg\u00edt\u00e9s\u00e9ben rejl\u0151 lehet\u0151s\u00e9geiket. T\u00f6rt\u00e9net\u00fck, tulajdons\u00e1gaik \u00e9s gyakorlati alkalmaz\u00e1saik tanulm\u00e1nyoz\u00e1s\u00e1val az egy\u00e9n olyan tud\u00e1svil\u00e1got t\u00e1rhat fel, amely k\u00e9pess\u00e9 teszi \u0151t e figyelemre m\u00e9lt\u00f3 krist\u00e1lyok \u00e1talak\u00edt\u00f3 energi\u00e1inak hasznos\u00edt\u00e1s\u00e1ra.    <\/span><\/p>\n\t\t\t\t\t<\/div>\n\t\t\t\t\t\t<\/div>\n\t\t\t\t<\/div>\n\t\t\t\t<div class=\"elementor-element elementor-element-07a6b93 elementor-widget elementor-widget-button\" data-id=\"07a6b93\" data-element_type=\"widget\" data-e-type=\"widget\" data-widget_type=\"button.default\">\n\t\t\t\t<div class=\"elementor-widget-container\">\n\t\t\t\t\t\t\t\t\t<div class=\"elementor-button-wrapper\">\n\t\t\t\t\t<a class=\"elementor-button elementor-button-link elementor-size-sm\" href=\"https:\/\/drive.google.com\/file\/d\/1AhdnHCqftRhJQ4iMPiP6_vUFUsG1K7Jl\/view?usp=drive_link\">\n\t\t\t\t\t\t<span class=\"elementor-button-content-wrapper\">\n\t\t\t\t\t\t\t\t\t<span class=\"elementor-button-text\">PDF LET\u00d6LT\u00c9SE<\/span>\n\t\t\t\t\t<\/span>\n\t\t\t\t\t<\/a>\n\t\t\t\t<\/div>\n\t\t\t\t\t\t\t\t<\/div>\n\t\t\t\t<\/div>\n\t\t\t\t<div class=\"elementor-element elementor-element-1d76f9d elementor-widget elementor-widget-spacer\" data-id=\"1d76f9d\" data-element_type=\"widget\" data-e-type=\"widget\" data-widget_type=\"spacer.default\">\n\t\t\t\t<div class=\"elementor-widget-container\">\n\t\t\t\t\t\t\t<div class=\"elementor-spacer\">\n\t\t\t<div class=\"elementor-spacer-inner\"><\/div>\n\t\t<\/div>\n\t\t\t\t\t\t<\/div>\n\t\t\t\t<\/div>\n\t\t\t\t<\/div>\n\t\t<div class=\"elementor-element elementor-element-5752915 e-con-full e-flex e-con e-child\" data-id=\"5752915\" data-element_type=\"container\" data-e-type=\"container\">\n\t\t\t\t<div class=\"elementor-element elementor-element-51af0d3 elementor-widget elementor-widget-image\" data-id=\"51af0d3\" data-element_type=\"widget\" data-e-type=\"widget\" data-widget_type=\"image.default\">\n\t\t\t\t<div class=\"elementor-widget-container\">\n\t\t\t\t\t\t\t\t\t\t\t\t\t\t\t<img decoding=\"async\" width=\"211\" height=\"300\" src=\"https:\/\/chacrys.com\/wp-content\/uploads\/2024\/12\/screenshot_349-1684678688875.png-211x300.webp\" class=\"attachment-medium size-medium wp-image-31795\" alt=\"vogel krist\u00e1ly munkaf\u00fczet\" srcset=\"https:\/\/chacrys.com\/wp-content\/uploads\/2024\/12\/screenshot_349-1684678688875.png-211x300.webp 211w, https:\/\/chacrys.com\/wp-content\/uploads\/2024\/12\/screenshot_349-1684678688875.png-430x612.webp 430w, https:\/\/chacrys.com\/wp-content\/uploads\/2024\/12\/screenshot_349-1684678688875.png-150x214.webp 150w, https:\/\/chacrys.com\/wp-content\/uploads\/2024\/12\/screenshot_349-1684678688875.png.webp 550w\" sizes=\"(max-width: 211px) 100vw, 211px\" \/>\t\t\t\t\t\t\t\t\t\t\t\t\t\t\t<\/div>\n\t\t\t\t<\/div>\n\t\t\t\t<\/div>\n\t\t\t\t\t<\/div>\n\t\t\t\t<\/div>\n\t\t<div class=\"wd-negative-gap elementor-element elementor-element-3989e73 e-grid e-con-boxed e-con e-parent\" data-id=\"3989e73\" data-element_type=\"container\" data-e-type=\"container\">\n\t\t\t\t\t<div class=\"e-con-inner\">\n\t\t\t\t<div class=\"elementor-element elementor-element-60c624a elementor-widget elementor-widget-video\" data-id=\"60c624a\" data-element_type=\"widget\" data-e-type=\"widget\" data-settings=\"{&quot;youtube_url&quot;:&quot;https:\\\/\\\/youtu.be\\\/EoyqIrsahJw&quot;,&quot;video_type&quot;:&quot;youtube&quot;,&quot;controls&quot;:&quot;yes&quot;}\" data-widget_type=\"video.default\">\n\t\t\t\t<div class=\"elementor-widget-container\">\n\t\t\t\t\t\t\t<div class=\"elementor-wrapper elementor-open-inline\">\n\t\t\t<div class=\"elementor-video\"><\/div>\t\t<\/div>\n\t\t\t\t\t\t<\/div>\n\t\t\t\t<\/div>\n\t\t\t\t<div class=\"elementor-element elementor-element-5686fde elementor-widget elementor-widget-video\" data-id=\"5686fde\" data-element_type=\"widget\" data-e-type=\"widget\" data-settings=\"{&quot;youtube_url&quot;:&quot;https:\\\/\\\/youtu.be\\\/w-jxBCCEyvc&quot;,&quot;video_type&quot;:&quot;youtube&quot;,&quot;controls&quot;:&quot;yes&quot;}\" data-widget_type=\"video.default\">\n\t\t\t\t<div class=\"elementor-widget-container\">\n\t\t\t\t\t\t\t<div class=\"elementor-wrapper elementor-open-inline\">\n\t\t\t<div class=\"elementor-video\"><\/div>\t\t<\/div>\n\t\t\t\t\t\t<\/div>\n\t\t\t\t<\/div>\n\t\t\t\t<div class=\"elementor-element elementor-element-5abb20d elementor-widget elementor-widget-video\" data-id=\"5abb20d\" data-element_type=\"widget\" data-e-type=\"widget\" data-settings=\"{&quot;youtube_url&quot;:&quot;https:\\\/\\\/youtu.be\\\/iKKhn36CQKI&quot;,&quot;video_type&quot;:&quot;youtube&quot;,&quot;controls&quot;:&quot;yes&quot;}\" data-widget_type=\"video.default\">\n\t\t\t\t<div class=\"elementor-widget-container\">\n\t\t\t\t\t\t\t<div class=\"elementor-wrapper elementor-open-inline\">\n\t\t\t<div class=\"elementor-video\"><\/div>\t\t<\/div>\n\t\t\t\t\t\t<\/div>\n\t\t\t\t<\/div>\n\t\t\t\t\t<\/div>\n\t\t\t\t<\/div>\n\t\t<div class=\"wd-negative-gap elementor-element elementor-element-270338c e-grid e-con-boxed e-con e-parent\" data-id=\"270338c\" data-element_type=\"container\" data-e-type=\"container\">\n\t\t\t\t\t<div class=\"e-con-inner\">\n\t\t\t\t<div class=\"elementor-element elementor-element-8c1b232 elementor-widget elementor-widget-video\" data-id=\"8c1b232\" data-element_type=\"widget\" data-e-type=\"widget\" data-settings=\"{&quot;youtube_url&quot;:&quot;https:\\\/\\\/youtu.be\\\/ASjTfGY92Ys&quot;,&quot;video_type&quot;:&quot;youtube&quot;,&quot;controls&quot;:&quot;yes&quot;}\" data-widget_type=\"video.default\">\n\t\t\t\t<div class=\"elementor-widget-container\">\n\t\t\t\t\t\t\t<div class=\"elementor-wrapper elementor-open-inline\">\n\t\t\t<div class=\"elementor-video\"><\/div>\t\t<\/div>\n\t\t\t\t\t\t<\/div>\n\t\t\t\t<\/div>\n\t\t\t\t<div class=\"elementor-element elementor-element-9dd7a14 elementor-widget elementor-widget-video\" data-id=\"9dd7a14\" data-element_type=\"widget\" data-e-type=\"widget\" data-settings=\"{&quot;youtube_url&quot;:&quot;https:\\\/\\\/youtu.be\\\/btYiS_xWycM&quot;,&quot;video_type&quot;:&quot;youtube&quot;,&quot;controls&quot;:&quot;yes&quot;}\" data-widget_type=\"video.default\">\n\t\t\t\t<div class=\"elementor-widget-container\">\n\t\t\t\t\t\t\t<div class=\"elementor-wrapper elementor-open-inline\">\n\t\t\t<div class=\"elementor-video\"><\/div>\t\t<\/div>\n\t\t\t\t\t\t<\/div>\n\t\t\t\t<\/div>\n\t\t\t\t<div class=\"elementor-element elementor-element-b1e3768 elementor-widget elementor-widget-video\" data-id=\"b1e3768\" data-element_type=\"widget\" data-e-type=\"widget\" data-settings=\"{&quot;youtube_url&quot;:&quot;https:\\\/\\\/youtu.be\\\/hsBb1IcMqSc&quot;,&quot;video_type&quot;:&quot;youtube&quot;,&quot;controls&quot;:&quot;yes&quot;}\" data-widget_type=\"video.default\">\n\t\t\t\t<div class=\"elementor-widget-container\">\n\t\t\t\t\t\t\t<div class=\"elementor-wrapper elementor-open-inline\">\n\t\t\t<div class=\"elementor-video\"><\/div>\t\t<\/div>\n\t\t\t\t\t\t<\/div>\n\t\t\t\t<\/div>\n\t\t\t\t\t<\/div>\n\t\t\t\t<\/div>\n\t\t<div class=\"wd-negative-gap elementor-element elementor-element-2f422de e-grid e-con-boxed e-con e-parent\" data-id=\"2f422de\" data-element_type=\"container\" data-e-type=\"container\">\n\t\t\t\t\t<div class=\"e-con-inner\">\n\t\t\t\t<div class=\"elementor-element elementor-element-78bc2d5 elementor-widget elementor-widget-video\" data-id=\"78bc2d5\" data-element_type=\"widget\" data-e-type=\"widget\" data-settings=\"{&quot;youtube_url&quot;:&quot;https:\\\/\\\/youtu.be\\\/W9QsrcqdzuU&quot;,&quot;video_type&quot;:&quot;youtube&quot;,&quot;controls&quot;:&quot;yes&quot;}\" data-widget_type=\"video.default\">\n\t\t\t\t<div class=\"elementor-widget-container\">\n\t\t\t\t\t\t\t<div class=\"elementor-wrapper elementor-open-inline\">\n\t\t\t<div class=\"elementor-video\"><\/div>\t\t<\/div>\n\t\t\t\t\t\t<\/div>\n\t\t\t\t<\/div>\n\t\t\t\t<div class=\"elementor-element elementor-element-a3e0d61 elementor-widget elementor-widget-video\" data-id=\"a3e0d61\" data-element_type=\"widget\" data-e-type=\"widget\" data-settings=\"{&quot;youtube_url&quot;:&quot;https:\\\/\\\/youtu.be\\\/qryIzIY3uWI&quot;,&quot;video_type&quot;:&quot;youtube&quot;,&quot;controls&quot;:&quot;yes&quot;}\" data-widget_type=\"video.default\">\n\t\t\t\t<div class=\"elementor-widget-container\">\n\t\t\t\t\t\t\t<div class=\"elementor-wrapper elementor-open-inline\">\n\t\t\t<div class=\"elementor-video\"><\/div>\t\t<\/div>\n\t\t\t\t\t\t<\/div>\n\t\t\t\t<\/div>\n\t\t\t\t<div class=\"elementor-element elementor-element-f0989fd elementor-widget elementor-widget-video\" data-id=\"f0989fd\" data-element_type=\"widget\" data-e-type=\"widget\" data-settings=\"{&quot;youtube_url&quot;:&quot;https:\\\/\\\/youtu.be\\\/X6SexwBH9G0&quot;,&quot;video_type&quot;:&quot;youtube&quot;,&quot;controls&quot;:&quot;yes&quot;}\" data-widget_type=\"video.default\">\n\t\t\t\t<div class=\"elementor-widget-container\">\n\t\t\t\t\t\t\t<div class=\"elementor-wrapper elementor-open-inline\">\n\t\t\t<div class=\"elementor-video\"><\/div>\t\t<\/div>\n\t\t\t\t\t\t<\/div>\n\t\t\t\t<\/div>\n\t\t\t\t\t<\/div>\n\t\t\t\t<\/div>\n\t\t<div class=\"wd-negative-gap elementor-element elementor-element-9450b4e e-grid e-con-boxed e-con e-parent\" data-id=\"9450b4e\" data-element_type=\"container\" data-e-type=\"container\">\n\t\t\t\t\t<div class=\"e-con-inner\">\n\t\t\t\t<div class=\"elementor-element elementor-element-bc295cd elementor-widget elementor-widget-video\" data-id=\"bc295cd\" data-element_type=\"widget\" data-e-type=\"widget\" data-settings=\"{&quot;youtube_url&quot;:&quot;https:\\\/\\\/youtu.be\\\/x_GpHfwccmE&quot;,&quot;video_type&quot;:&quot;youtube&quot;,&quot;controls&quot;:&quot;yes&quot;}\" data-widget_type=\"video.default\">\n\t\t\t\t<div class=\"elementor-widget-container\">\n\t\t\t\t\t\t\t<div class=\"elementor-wrapper elementor-open-inline\">\n\t\t\t<div class=\"elementor-video\"><\/div>\t\t<\/div>\n\t\t\t\t\t\t<\/div>\n\t\t\t\t<\/div>\n\t\t\t\t<div class=\"elementor-element elementor-element-b78800d elementor-widget elementor-widget-video\" data-id=\"b78800d\" data-element_type=\"widget\" data-e-type=\"widget\" data-settings=\"{&quot;youtube_url&quot;:&quot;https:\\\/\\\/youtu.be\\\/a0dFmFjpGBg&quot;,&quot;video_type&quot;:&quot;youtube&quot;,&quot;controls&quot;:&quot;yes&quot;}\" data-widget_type=\"video.default\">\n\t\t\t\t<div class=\"elementor-widget-container\">\n\t\t\t\t\t\t\t<div class=\"elementor-wrapper elementor-open-inline\">\n\t\t\t<div class=\"elementor-video\"><\/div>\t\t<\/div>\n\t\t\t\t\t\t<\/div>\n\t\t\t\t<\/div>\n\t\t\t\t<div class=\"elementor-element elementor-element-66099fc elementor-widget elementor-widget-video\" data-id=\"66099fc\" data-element_type=\"widget\" data-e-type=\"widget\" data-settings=\"{&quot;youtube_url&quot;:&quot;https:\\\/\\\/youtu.be\\\/rgNww4KLD4Y&quot;,&quot;video_type&quot;:&quot;youtube&quot;,&quot;controls&quot;:&quot;yes&quot;}\" data-widget_type=\"video.default\">\n\t\t\t\t<div class=\"elementor-widget-container\">\n\t\t\t\t\t\t\t<div class=\"elementor-wrapper elementor-open-inline\">\n\t\t\t<div class=\"elementor-video\"><\/div>\t\t<\/div>\n\t\t\t\t\t\t<\/div>\n\t\t\t\t<\/div>\n\t\t\t\t\t<\/div>\n\t\t\t\t<\/div>\n\t\t\t\t<\/div>\n\t\t","protected":false},"excerpt":{"rendered":"<p>Vogel Training: Vogel Vogel: Az energiaer\u0151s\u00edt\u00e9s \u00e9s a krist\u00e1lygy\u00f3gy\u00edt\u00e1s m\u0171v\u00e9szet\u00e9nek elsaj\u00e1t\u00edt\u00e1sa A Vogel-krist\u00e1lyok megismer\u00e9se egy \u00e9rdekes utaz\u00e1s a krist\u00e1lygy\u00f3gy\u00edt\u00e1s \u00e9s<\/p>\n","protected":false},"author":1,"featured_media":0,"parent":0,"menu_order":0,"comment_status":"closed","ping_status":"closed","template":"","meta":{"footnotes":""},"class_list":["post-33284","page","type-page","status-publish","hentry"],"yoast_head":"<!-- This site is optimized with the Yoast SEO plugin v27.3 - https:\/\/yoast.com\/product\/yoast-seo-wordpress\/ -->\n<title>Vogel Training | Tanulja meg haszn\u00e1lni a Vogel krist\u00e1lyokat a gy\u00f3gy\u00edt\u00e1shoz<\/title>\n<meta name=\"description\" content=\"Csatlakozz a Chacrys Vogel Traininghez, hogy elsaj\u00e1t\u00edtsd a Vogel krist\u00e1lyok haszn\u00e1lat\u00e1t az energiaer\u0151s\u00edt\u00e9s \u00e9s gy\u00f3gy\u00edt\u00e1s \u00e9rdek\u00e9ben. Tanuljon szak\u00e9rt\u0151i technik\u00e1kat a spiritu\u00e1lis j\u00f3l\u00e9t\u00e9rt.\" \/>\n<meta name=\"robots\" content=\"index, follow, max-snippet:-1, max-image-preview:large, max-video-preview:-1\" \/>\n<link rel=\"canonical\" href=\"https:\/\/chacrys.com\/hu\/vogel-kristaly-kepzes\/\" \/>\n<meta property=\"og:locale\" content=\"hu_HU\" \/>\n<meta property=\"og:type\" content=\"article\" \/>\n<meta property=\"og:title\" content=\"Vogel Training | Tanulja meg haszn\u00e1lni a Vogel krist\u00e1lyokat a gy\u00f3gy\u00edt\u00e1shoz\" \/>\n<meta property=\"og:description\" content=\"Csatlakozz a Chacrys Vogel Traininghez, hogy elsaj\u00e1t\u00edtsd a Vogel krist\u00e1lyok haszn\u00e1lat\u00e1t az energiaer\u0151s\u00edt\u00e9s \u00e9s gy\u00f3gy\u00edt\u00e1s \u00e9rdek\u00e9ben. Tanuljon szak\u00e9rt\u0151i technik\u00e1kat a spiritu\u00e1lis j\u00f3l\u00e9t\u00e9rt.\" \/>\n<meta property=\"og:url\" content=\"https:\/\/chacrys.com\/hu\/vogel-kristaly-kepzes\/\" \/>\n<meta property=\"og:site_name\" content=\"Chacrys\" \/>\n<meta property=\"article:publisher\" content=\"https:\/\/www.facebook.com\/chacryscrystal\" \/>\n<meta property=\"article:modified_time\" content=\"2025-06-23T12:54:26+00:00\" \/>\n<meta property=\"og:image\" content=\"https:\/\/chacrys.com\/wp-content\/uploads\/2024\/12\/screenshot_349-1684678688875.png-211x300.webp\" \/>\n<meta name=\"twitter:card\" content=\"summary_large_image\" \/>\n<meta name=\"twitter:label1\" content=\"Becs\u00fclt olvas\u00e1si id\u0151\" \/>\n\t<meta name=\"twitter:data1\" content=\"1 perc\" \/>\n<script type=\"application\/ld+json\" class=\"yoast-schema-graph\">{\"@context\":\"https:\\\/\\\/schema.org\",\"@graph\":[{\"@type\":\"WebPage\",\"@id\":\"https:\\\/\\\/chacrys.com\\\/hu\\\/vogel-kristaly-kepzes\\\/\",\"url\":\"https:\\\/\\\/chacrys.com\\\/hu\\\/vogel-kristaly-kepzes\\\/\",\"name\":\"Vogel Training | Tanulja meg haszn\u00e1lni a Vogel krist\u00e1lyokat a gy\u00f3gy\u00edt\u00e1shoz\",\"isPartOf\":{\"@id\":\"https:\\\/\\\/chacrys.com\\\/hu\\\/#website\"},\"primaryImageOfPage\":{\"@id\":\"https:\\\/\\\/chacrys.com\\\/hu\\\/vogel-kristaly-kepzes\\\/#primaryimage\"},\"image\":{\"@id\":\"https:\\\/\\\/chacrys.com\\\/hu\\\/vogel-kristaly-kepzes\\\/#primaryimage\"},\"thumbnailUrl\":\"https:\\\/\\\/chacrys.com\\\/wp-content\\\/uploads\\\/2024\\\/12\\\/screenshot_349-1684678688875.png-211x300.webp\",\"datePublished\":\"2024-12-11T13:05:59+00:00\",\"dateModified\":\"2025-06-23T12:54:26+00:00\",\"description\":\"Csatlakozz a Chacrys Vogel Traininghez, hogy elsaj\u00e1t\u00edtsd a Vogel krist\u00e1lyok haszn\u00e1lat\u00e1t az energiaer\u0151s\u00edt\u00e9s \u00e9s gy\u00f3gy\u00edt\u00e1s \u00e9rdek\u00e9ben. Tanuljon szak\u00e9rt\u0151i technik\u00e1kat a spiritu\u00e1lis j\u00f3l\u00e9t\u00e9rt.\",\"breadcrumb\":{\"@id\":\"https:\\\/\\\/chacrys.com\\\/hu\\\/vogel-kristaly-kepzes\\\/#breadcrumb\"},\"inLanguage\":\"hu\",\"potentialAction\":[{\"@type\":\"ReadAction\",\"target\":[\"https:\\\/\\\/chacrys.com\\\/hu\\\/vogel-kristaly-kepzes\\\/\"]}]},{\"@type\":\"ImageObject\",\"inLanguage\":\"hu\",\"@id\":\"https:\\\/\\\/chacrys.com\\\/hu\\\/vogel-kristaly-kepzes\\\/#primaryimage\",\"url\":\"https:\\\/\\\/chacrys.com\\\/wp-content\\\/uploads\\\/2024\\\/12\\\/screenshot_349-1684678688875.png-211x300.webp\",\"contentUrl\":\"https:\\\/\\\/chacrys.com\\\/wp-content\\\/uploads\\\/2024\\\/12\\\/screenshot_349-1684678688875.png-211x300.webp\"},{\"@type\":\"BreadcrumbList\",\"@id\":\"https:\\\/\\\/chacrys.com\\\/hu\\\/vogel-kristaly-kepzes\\\/#breadcrumb\",\"itemListElement\":[{\"@type\":\"ListItem\",\"position\":1,\"name\":\"Home\",\"item\":\"https:\\\/\\\/chacrys.com\\\/hu\\\/\"},{\"@type\":\"ListItem\",\"position\":2,\"name\":\"Vogel krist\u00e1ly k\u00e9pz\u00e9s\"}]},{\"@type\":\"WebSite\",\"@id\":\"https:\\\/\\\/chacrys.com\\\/hu\\\/#website\",\"url\":\"https:\\\/\\\/chacrys.com\\\/hu\\\/\",\"name\":\"Chacrys\",\"description\":\"Chacrys\",\"publisher\":{\"@id\":\"https:\\\/\\\/chacrys.com\\\/hu\\\/#organization\"},\"potentialAction\":[{\"@type\":\"SearchAction\",\"target\":{\"@type\":\"EntryPoint\",\"urlTemplate\":\"https:\\\/\\\/chacrys.com\\\/hu\\\/?s={search_term_string}\"},\"query-input\":{\"@type\":\"PropertyValueSpecification\",\"valueRequired\":true,\"valueName\":\"search_term_string\"}}],\"inLanguage\":\"hu\"},{\"@type\":\"Organization\",\"@id\":\"https:\\\/\\\/chacrys.com\\\/hu\\\/#organization\",\"name\":\"Chacrys\",\"url\":\"https:\\\/\\\/chacrys.com\\\/hu\\\/\",\"logo\":{\"@type\":\"ImageObject\",\"inLanguage\":\"hu\",\"@id\":\"https:\\\/\\\/chacrys.com\\\/hu\\\/#\\\/schema\\\/logo\\\/image\\\/\",\"url\":\"https:\\\/\\\/chacrys.com\\\/wp-content\\\/uploads\\\/2024\\\/11\\\/cropped-FRANJULIA-6.png\",\"contentUrl\":\"https:\\\/\\\/chacrys.com\\\/wp-content\\\/uploads\\\/2024\\\/11\\\/cropped-FRANJULIA-6.png\",\"width\":512,\"height\":512,\"caption\":\"Chacrys\"},\"image\":{\"@id\":\"https:\\\/\\\/chacrys.com\\\/hu\\\/#\\\/schema\\\/logo\\\/image\\\/\"},\"sameAs\":[\"https:\\\/\\\/www.facebook.com\\\/chacryscrystal\",\"https:\\\/\\\/www.instagram.com\\\/chacrys\\\/\",\"https:\\\/\\\/www.pinterest.com\\\/chacryscrystalbed\\\/\",\"https:\\\/\\\/www.youtube.com\\\/@chacrysofficial9667\"]}]}<\/script>\n<!-- \/ Yoast SEO plugin. -->","yoast_head_json":{"title":"Vogel Training | Tanulja meg haszn\u00e1lni a Vogel krist\u00e1lyokat a gy\u00f3gy\u00edt\u00e1shoz","description":"Csatlakozz a Chacrys Vogel Traininghez, hogy elsaj\u00e1t\u00edtsd a Vogel krist\u00e1lyok haszn\u00e1lat\u00e1t az energiaer\u0151s\u00edt\u00e9s \u00e9s gy\u00f3gy\u00edt\u00e1s \u00e9rdek\u00e9ben. Tanuljon szak\u00e9rt\u0151i technik\u00e1kat a spiritu\u00e1lis j\u00f3l\u00e9t\u00e9rt.","robots":{"index":"index","follow":"follow","max-snippet":"max-snippet:-1","max-image-preview":"max-image-preview:large","max-video-preview":"max-video-preview:-1"},"canonical":"https:\/\/chacrys.com\/hu\/vogel-kristaly-kepzes\/","og_locale":"hu_HU","og_type":"article","og_title":"Vogel Training | Tanulja meg haszn\u00e1lni a Vogel krist\u00e1lyokat a gy\u00f3gy\u00edt\u00e1shoz","og_description":"Csatlakozz a Chacrys Vogel Traininghez, hogy elsaj\u00e1t\u00edtsd a Vogel krist\u00e1lyok haszn\u00e1lat\u00e1t az energiaer\u0151s\u00edt\u00e9s \u00e9s gy\u00f3gy\u00edt\u00e1s \u00e9rdek\u00e9ben. Tanuljon szak\u00e9rt\u0151i technik\u00e1kat a spiritu\u00e1lis j\u00f3l\u00e9t\u00e9rt.","og_url":"https:\/\/chacrys.com\/hu\/vogel-kristaly-kepzes\/","og_site_name":"Chacrys","article_publisher":"https:\/\/www.facebook.com\/chacryscrystal","article_modified_time":"2025-06-23T12:54:26+00:00","og_image":[{"url":"https:\/\/chacrys.com\/wp-content\/uploads\/2024\/12\/screenshot_349-1684678688875.png-211x300.webp","type":"","width":"","height":""}],"twitter_card":"summary_large_image","twitter_misc":{"Becs\u00fclt olvas\u00e1si id\u0151":"1 perc"},"schema":{"@context":"https:\/\/schema.org","@graph":[{"@type":"WebPage","@id":"https:\/\/chacrys.com\/hu\/vogel-kristaly-kepzes\/","url":"https:\/\/chacrys.com\/hu\/vogel-kristaly-kepzes\/","name":"Vogel Training | Tanulja meg haszn\u00e1lni a Vogel krist\u00e1lyokat a gy\u00f3gy\u00edt\u00e1shoz","isPartOf":{"@id":"https:\/\/chacrys.com\/hu\/#website"},"primaryImageOfPage":{"@id":"https:\/\/chacrys.com\/hu\/vogel-kristaly-kepzes\/#primaryimage"},"image":{"@id":"https:\/\/chacrys.com\/hu\/vogel-kristaly-kepzes\/#primaryimage"},"thumbnailUrl":"https:\/\/chacrys.com\/wp-content\/uploads\/2024\/12\/screenshot_349-1684678688875.png-211x300.webp","datePublished":"2024-12-11T13:05:59+00:00","dateModified":"2025-06-23T12:54:26+00:00","description":"Csatlakozz a Chacrys Vogel Traininghez, hogy elsaj\u00e1t\u00edtsd a Vogel krist\u00e1lyok haszn\u00e1lat\u00e1t az energiaer\u0151s\u00edt\u00e9s \u00e9s gy\u00f3gy\u00edt\u00e1s \u00e9rdek\u00e9ben. Tanuljon szak\u00e9rt\u0151i technik\u00e1kat a spiritu\u00e1lis j\u00f3l\u00e9t\u00e9rt.","breadcrumb":{"@id":"https:\/\/chacrys.com\/hu\/vogel-kristaly-kepzes\/#breadcrumb"},"inLanguage":"hu","potentialAction":[{"@type":"ReadAction","target":["https:\/\/chacrys.com\/hu\/vogel-kristaly-kepzes\/"]}]},{"@type":"ImageObject","inLanguage":"hu","@id":"https:\/\/chacrys.com\/hu\/vogel-kristaly-kepzes\/#primaryimage","url":"https:\/\/chacrys.com\/wp-content\/uploads\/2024\/12\/screenshot_349-1684678688875.png-211x300.webp","contentUrl":"https:\/\/chacrys.com\/wp-content\/uploads\/2024\/12\/screenshot_349-1684678688875.png-211x300.webp"},{"@type":"BreadcrumbList","@id":"https:\/\/chacrys.com\/hu\/vogel-kristaly-kepzes\/#breadcrumb","itemListElement":[{"@type":"ListItem","position":1,"name":"Home","item":"https:\/\/chacrys.com\/hu\/"},{"@type":"ListItem","position":2,"name":"Vogel krist\u00e1ly k\u00e9pz\u00e9s"}]},{"@type":"WebSite","@id":"https:\/\/chacrys.com\/hu\/#website","url":"https:\/\/chacrys.com\/hu\/","name":"Chacrys","description":"Chacrys","publisher":{"@id":"https:\/\/chacrys.com\/hu\/#organization"},"potentialAction":[{"@type":"SearchAction","target":{"@type":"EntryPoint","urlTemplate":"https:\/\/chacrys.com\/hu\/?s={search_term_string}"},"query-input":{"@type":"PropertyValueSpecification","valueRequired":true,"valueName":"search_term_string"}}],"inLanguage":"hu"},{"@type":"Organization","@id":"https:\/\/chacrys.com\/hu\/#organization","name":"Chacrys","url":"https:\/\/chacrys.com\/hu\/","logo":{"@type":"ImageObject","inLanguage":"hu","@id":"https:\/\/chacrys.com\/hu\/#\/schema\/logo\/image\/","url":"https:\/\/chacrys.com\/wp-content\/uploads\/2024\/11\/cropped-FRANJULIA-6.png","contentUrl":"https:\/\/chacrys.com\/wp-content\/uploads\/2024\/11\/cropped-FRANJULIA-6.png","width":512,"height":512,"caption":"Chacrys"},"image":{"@id":"https:\/\/chacrys.com\/hu\/#\/schema\/logo\/image\/"},"sameAs":["https:\/\/www.facebook.com\/chacryscrystal","https:\/\/www.instagram.com\/chacrys\/","https:\/\/www.pinterest.com\/chacryscrystalbed\/","https:\/\/www.youtube.com\/@chacrysofficial9667"]}]}},"_links":{"self":[{"href":"https:\/\/chacrys.com\/hu\/wp-json\/wp\/v2\/pages\/33284","targetHints":{"allow":["GET"]}}],"collection":[{"href":"https:\/\/chacrys.com\/hu\/wp-json\/wp\/v2\/pages"}],"about":[{"href":"https:\/\/chacrys.com\/hu\/wp-json\/wp\/v2\/types\/page"}],"author":[{"embeddable":true,"href":"https:\/\/chacrys.com\/hu\/wp-json\/wp\/v2\/users\/1"}],"replies":[{"embeddable":true,"href":"https:\/\/chacrys.com\/hu\/wp-json\/wp\/v2\/comments?post=33284"}],"version-history":[{"count":1,"href":"https:\/\/chacrys.com\/hu\/wp-json\/wp\/v2\/pages\/33284\/revisions"}],"predecessor-version":[{"id":33287,"href":"https:\/\/chacrys.com\/hu\/wp-json\/wp\/v2\/pages\/33284\/revisions\/33287"}],"wp:attachment":[{"href":"https:\/\/chacrys.com\/hu\/wp-json\/wp\/v2\/media?parent=33284"}],"curies":[{"name":"wp","href":"https:\/\/api.w.org\/{rel}","templated":true}]}}