{"id":33077,"date":"2025-07-06T16:32:53","date_gmt":"2025-07-06T16:32:53","guid":{"rendered":"https:\/\/chacrys.com\/kristalyok\/aventurin-kristaly-jelentese-elonyei-gyogyito-tulajdonsagai-es-hasznalata\/"},"modified":"2025-07-06T16:33:30","modified_gmt":"2025-07-06T16:33:30","slug":"aventurin-kristaly-jelentese-elonyei-gyogyito-tulajdonsagai-es-hasznalata","status":"publish","type":"page","link":"https:\/\/chacrys.com\/hu\/kristalyok\/aventurin-kristaly-jelentese-elonyei-gyogyito-tulajdonsagai-es-hasznalata\/","title":{"rendered":"Aventurin krist\u00e1ly &#8211; jelent\u00e9se, el\u0151nyei, gy\u00f3gy\u00edt\u00f3 tulajdons\u00e1gai \u00e9s haszn\u00e1lata"},"content":{"rendered":"<h2 style=\"font-size:28px\">Mi az az aventurin?<\/h2>\n<div style=\"font-size:22px\">L\u00e9pjen ki egy tavaszi reggelen, \u00e9s vegye \u00e9szre a zsenge leveleket, amelyek a napf\u00e9nyt elkapj\u00e1k &#8211; ez a friss, borsos z\u00f6ld az aventurin jellemz\u0151je. Technikailag ez egy kvarc, amelyet csill\u00e1mmal, fuchzittal vagy hematitpelyhekkel f\u0171szereznek, amelyek a f\u00e9nyt apr\u00f3 szentj\u00e1nosbog\u00e1rk\u00e1kk\u00e1 sz\u00f3rj\u00e1k, az \u00fagynevezett aventurint. Egyes darabok a moha fel\u00e9 hajlanak, m\u00e1sok baracksz\u00edn\u0171ek. A braz\u00edliai b\u00e1ny\u00e1szok azt mondj\u00e1k, hogy a k\u0151 &#8222;\u00e9nekel&#8221;, amikor el\u0151sz\u00f6r hasad, egy l\u00e1gy krist\u00e1lyos ciripel\u00e9s, amelyet a hirtelen nyom\u00e1skiereszt\u00e9s v\u00e1lt ki. Az \u00fcl\u00e9sen kev\u00e9sb\u00e9 szerencsehoz\u00f3 amulettk\u00e9nt kezelem, sokkal ink\u00e1bb botanikai sz\u00f6vets\u00e9gesk\u00e9nt, amely eml\u00e9kszik arra, hogyan nyomuljon \u00e1t a talajon \u00e9s k\u00f6sz\u00f6ntse a napot.    <\/div>\n<h2 style=\"font-size:28px\">Az aventurin el\u0151nyei<\/h2>\n<div style=\"font-size:22px\">Egyszer egy\u00fctt dolgoztam Malikkal, egy es\u00e9lytelen v\u00e1llalkoz\u00f3val, aki \u00fagy \u00e9rezte, hogy minden pitch deck egy szerencsej\u00e1t\u00e9k. Egy teny\u00e9rnyi aventurint cs\u00fasztatott a jegyzetf\u00fczete gumiszalagja al\u00e1. Hat h\u00e9t alatt stabilabb \u00f6sszpontos\u00edt\u00e1sr\u00f3l, kevesebb \u00f6sszeszor\u00edtott \u00e1llkapocs reggelr\u0151l \u00e9s &#8211; igen &#8211; h\u00e1rom t\u00e1mogatott p\u00e1ly\u00e1zatr\u00f3l sz\u00e1molt be. Az \u00e1ltal\u00e1nosan eml\u00edtett el\u0151ny\u00f6k k\u00f6z\u00f6tt szerepel a kisz\u00e1m\u00edtott kock\u00e1zatra val\u00f3 \u00f6szt\u00f6nz\u00e9s, az enyh\u00fclt \u00f6nkritika \u00e9s a t\u00falterhelt sz\u00edv energi\u00e1j\u00e1nak enyh\u00fcl\u00e9se. Az aventurin nem gy\u0171ri le a f\u00e9lelmet, hanem a bizalomra \u00f6szt\u00f6n\u00f6z, ahogy a j\u00f3 talaj b\u00e1tor\u00edtja a magokat. Mint mindig, a k\u00f6vek kieg\u00e9sz\u00edtik; soha nem helyettes\u00edtik a p\u00e9nz\u00fcgyi tan\u00e1csad\u00e1st vagy a ter\u00e1pi\u00e1t.     <\/div>\n<h2 style=\"font-size:28px\"><span data-sheets-root=\"1\">Hogyan haszn\u00e1ljuk az Aventurin?<\/span><\/h2>\n<div style=\"font-size:22px\">Tartson egy darabot az \u00e9rm\u00e9s ersz\u00e9ny\u00e9ben, hogy eml\u00e9keztesse mag\u00e1t arra, hogy a p\u00e9nz egy \u00e1ramlat, nem pedig egy g\u00e1t. L\u00e9gz\u0151munka k\u00f6zben pihentess egy szeletet a mellkasodon, \u00e9s sz\u00e1molj hat lass\u00fa kil\u00e9gz\u00e9st; ez a kis csillog\u00e1s \u00fagy m\u0171k\u00f6dik, mint egy metron\u00f3m. A kert\u00e9szek el\u00e1shatj\u00e1k a szil\u00e1nkokat a gy\u00f3gyn\u00f6v\u00e9nyek t\u00f6v\u00e9ben &#8211; semmi misztikus nincs benne, csak nyomokban \u00e1sv\u00e1nyi anyagok sziv\u00e1rognak a f\u00e1radt vir\u00e1gkever\u00e9kbe. Az \u00e9kszerek szerelmesei gyakran v\u00e1lasztanak gy\u00f6ngykark\u00f6t\u0151t; nyugodtan kopogtassa meg a gy\u00f6ngy\u00f6ket, amikor a besz\u00e9lget\u00e9sek meginognak, hogy ne sodr\u00f3djon r\u00e9gi k\u00e9ts\u00e9gekbe.   <\/div>\n<h2 style=\"font-size:28px\">Az aventurin gy\u00f3gy\u00edt\u00f3 tulajdons\u00e1gai<\/h2>\n<div style=\"font-size:22px\">A z\u00f6ld a leggyakoribb, de az aventurin az eper \u00e9s a f\u00fcst\u00f6s sz\u00fcrke sz\u00ednben is el\u0151fordul. Kem\u00e9nys\u00e9ge a Mohs-sk\u00e1l\u00e1n 6,5-7 k\u00f6r\u00fcl mozog, el\u00e9g er\u0151s a mindennapi viselethez. K\u00e9miailag SiO\u2082, kr\u00f3m- vagy vasbevonatokkal tark\u00edtva. Indi\u00e1ban, Braz\u00edli\u00e1ban, az oroszorsz\u00e1gi Ur\u00e1l-hegys\u00e9gben \u00e9s Vermont \u00e1lmos dombjain bukkan fel. Energetikai szempontb\u00f3l az emberek a &#8222;n\u00f6veked\u00e9s&#8221;, a &#8222;j\u00f3l\u00e9t&#8221; \u00e9s a &#8222;k\u00f6nnyed rugalmass\u00e1g&#8221; jelz\u0151vel illetik.    <\/div>\n<h2 style=\"font-size:28px\"><span data-sheets-root=\"1\">Aventurin tiszt\u00edt\u00e1s \u00e9s karbantart\u00e1s<\/span><\/h2>\n<div style=\"font-size:22px\">\u00d6bl\u00edtse le langyos v\u00edzzel, t\u00f6r\u00f6lje sz\u00e1razra, \u00e9s hagyja, hogy a n\u00f6v\u00e9nyt \u00e1rny\u00e9kban s\u00fctk\u00e9rezzen &#8211; a d\u00e9li naps\u00fct\u00e9s kifeh\u00e9r\u00edtheti a finom barack p\u00e9ld\u00e1nyokat. Ha a nyilv\u00e1nos csapvizet durv\u00e1nak \u00e9rzi, t\u00f6r\u00f6lje \u00e1t ink\u00e1bb nedves ruh\u00e1val. Az eny\u00e9met id\u0151nk\u00e9nt egy szel\u00e9nitlap tetej\u00e9re \u00fcltetem \u00e9jszak\u00e1ra; ak\u00e1r fizika, ak\u00e1r n\u00e9pi hiedelem, a k\u0151 csillog\u00e1s\u00e1t feldobja. Ker\u00fclje a csiszol\u00f3 tiszt\u00edt\u00f3szereket, amelyek tomp\u00edtj\u00e1k a csill\u00e1m szikr\u00e1t. Csomagolja pamutba, miel\u0151tt egy utaz\u00f3t\u00e1sk\u00e1ba dobja, \u00edgy a kem\u00e9nyebb dr\u00e1gak\u00f6vek nem karcolj\u00e1k meg a fel\u00fclet\u00e9t.    <\/div>\n","protected":false},"excerpt":{"rendered":"<p>Mi az az aventurin? L\u00e9pjen ki egy tavaszi reggelen, \u00e9s vegye \u00e9szre a zsenge leveleket, amelyek a napf\u00e9nyt elkapj\u00e1k &#8211;<\/p>\n","protected":false},"author":1,"featured_media":0,"parent":33019,"menu_order":0,"comment_status":"closed","ping_status":"closed","template":"","meta":{"footnotes":""},"class_list":["post-33077","page","type-page","status-publish","hentry"],"yoast_head":"<!-- This site is optimized with the Yoast SEO plugin v27.4 - https:\/\/yoast.com\/product\/yoast-seo-wordpress\/ -->\n<title>Aventurin krist\u00e1ly - jelent\u00e9se, el\u0151nyei, gy\u00f3gy\u00edt\u00f3 tulajdons\u00e1gai \u00e9s haszn\u00e1lata - Chacrys<\/title>\n<meta name=\"robots\" content=\"index, follow, max-snippet:-1, max-image-preview:large, max-video-preview:-1\" \/>\n<link rel=\"canonical\" href=\"https:\/\/chacrys.com\/hu\/kristalyok\/aventurin-kristaly-jelentese-elonyei-gyogyito-tulajdonsagai-es-hasznalata\/\" \/>\n<meta property=\"og:locale\" content=\"hu_HU\" \/>\n<meta property=\"og:type\" content=\"article\" \/>\n<meta property=\"og:title\" content=\"Aventurin krist\u00e1ly - jelent\u00e9se, el\u0151nyei, gy\u00f3gy\u00edt\u00f3 tulajdons\u00e1gai \u00e9s haszn\u00e1lata - Chacrys\" \/>\n<meta property=\"og:description\" content=\"Mi az az aventurin? L\u00e9pjen ki egy tavaszi reggelen, \u00e9s vegye \u00e9szre a zsenge leveleket, amelyek a napf\u00e9nyt elkapj\u00e1k &#8211;\" \/>\n<meta property=\"og:url\" content=\"https:\/\/chacrys.com\/hu\/kristalyok\/aventurin-kristaly-jelentese-elonyei-gyogyito-tulajdonsagai-es-hasznalata\/\" \/>\n<meta property=\"og:site_name\" content=\"Chacrys\" \/>\n<meta property=\"article:publisher\" content=\"https:\/\/www.facebook.com\/chacryscrystal\" \/>\n<meta property=\"article:modified_time\" content=\"2025-07-06T16:33:30+00:00\" \/>\n<meta name=\"twitter:card\" content=\"summary_large_image\" \/>\n<meta name=\"twitter:label1\" content=\"Becs\u00fclt olvas\u00e1si id\u0151\" \/>\n\t<meta name=\"twitter:data1\" content=\"3 perc\" \/>\n<script type=\"application\/ld+json\" class=\"yoast-schema-graph\">{\"@context\":\"https:\\\/\\\/schema.org\",\"@graph\":[{\"@type\":\"WebPage\",\"@id\":\"https:\\\/\\\/chacrys.com\\\/hu\\\/kristalyok\\\/aventurin-kristaly-jelentese-elonyei-gyogyito-tulajdonsagai-es-hasznalata\\\/\",\"url\":\"https:\\\/\\\/chacrys.com\\\/hu\\\/kristalyok\\\/aventurin-kristaly-jelentese-elonyei-gyogyito-tulajdonsagai-es-hasznalata\\\/\",\"name\":\"Aventurin krist\u00e1ly - jelent\u00e9se, el\u0151nyei, gy\u00f3gy\u00edt\u00f3 tulajdons\u00e1gai \u00e9s haszn\u00e1lata - Chacrys\",\"isPartOf\":{\"@id\":\"https:\\\/\\\/chacrys.com\\\/hu\\\/#website\"},\"datePublished\":\"2025-07-06T16:32:53+00:00\",\"dateModified\":\"2025-07-06T16:33:30+00:00\",\"breadcrumb\":{\"@id\":\"https:\\\/\\\/chacrys.com\\\/hu\\\/kristalyok\\\/aventurin-kristaly-jelentese-elonyei-gyogyito-tulajdonsagai-es-hasznalata\\\/#breadcrumb\"},\"inLanguage\":\"hu\",\"potentialAction\":[{\"@type\":\"ReadAction\",\"target\":[\"https:\\\/\\\/chacrys.com\\\/hu\\\/kristalyok\\\/aventurin-kristaly-jelentese-elonyei-gyogyito-tulajdonsagai-es-hasznalata\\\/\"]}]},{\"@type\":\"BreadcrumbList\",\"@id\":\"https:\\\/\\\/chacrys.com\\\/hu\\\/kristalyok\\\/aventurin-kristaly-jelentese-elonyei-gyogyito-tulajdonsagai-es-hasznalata\\\/#breadcrumb\",\"itemListElement\":[{\"@type\":\"ListItem\",\"position\":1,\"name\":\"Home\",\"item\":\"https:\\\/\\\/chacrys.com\\\/hu\\\/\"},{\"@type\":\"ListItem\",\"position\":2,\"name\":\"Krist\u00e1lyok\",\"item\":\"https:\\\/\\\/chacrys.com\\\/hu\\\/kristalyok\\\/\"},{\"@type\":\"ListItem\",\"position\":3,\"name\":\"Aventurin krist\u00e1ly &#8211; jelent\u00e9se, el\u0151nyei, gy\u00f3gy\u00edt\u00f3 tulajdons\u00e1gai \u00e9s haszn\u00e1lata\"}]},{\"@type\":\"WebSite\",\"@id\":\"https:\\\/\\\/chacrys.com\\\/hu\\\/#website\",\"url\":\"https:\\\/\\\/chacrys.com\\\/hu\\\/\",\"name\":\"Chacrys\",\"description\":\"Chacrys\",\"publisher\":{\"@id\":\"https:\\\/\\\/chacrys.com\\\/hu\\\/#organization\"},\"potentialAction\":[{\"@type\":\"SearchAction\",\"target\":{\"@type\":\"EntryPoint\",\"urlTemplate\":\"https:\\\/\\\/chacrys.com\\\/hu\\\/?s={search_term_string}\"},\"query-input\":{\"@type\":\"PropertyValueSpecification\",\"valueRequired\":true,\"valueName\":\"search_term_string\"}}],\"inLanguage\":\"hu\"},{\"@type\":\"Organization\",\"@id\":\"https:\\\/\\\/chacrys.com\\\/hu\\\/#organization\",\"name\":\"Chacrys\",\"url\":\"https:\\\/\\\/chacrys.com\\\/hu\\\/\",\"logo\":{\"@type\":\"ImageObject\",\"inLanguage\":\"hu\",\"@id\":\"https:\\\/\\\/chacrys.com\\\/hu\\\/#\\\/schema\\\/logo\\\/image\\\/\",\"url\":\"https:\\\/\\\/chacrys.com\\\/wp-content\\\/uploads\\\/2024\\\/11\\\/cropped-FRANJULIA-6.png\",\"contentUrl\":\"https:\\\/\\\/chacrys.com\\\/wp-content\\\/uploads\\\/2024\\\/11\\\/cropped-FRANJULIA-6.png\",\"width\":512,\"height\":512,\"caption\":\"Chacrys\"},\"image\":{\"@id\":\"https:\\\/\\\/chacrys.com\\\/hu\\\/#\\\/schema\\\/logo\\\/image\\\/\"},\"sameAs\":[\"https:\\\/\\\/www.facebook.com\\\/chacryscrystal\",\"https:\\\/\\\/www.instagram.com\\\/chacrys\\\/\",\"https:\\\/\\\/www.pinterest.com\\\/chacryscrystalbed\\\/\",\"https:\\\/\\\/www.youtube.com\\\/@chacrysofficial9667\"]}]}<\/script>\n<!-- \/ Yoast SEO plugin. -->","yoast_head_json":{"title":"Aventurin krist\u00e1ly - jelent\u00e9se, el\u0151nyei, gy\u00f3gy\u00edt\u00f3 tulajdons\u00e1gai \u00e9s haszn\u00e1lata - Chacrys","robots":{"index":"index","follow":"follow","max-snippet":"max-snippet:-1","max-image-preview":"max-image-preview:large","max-video-preview":"max-video-preview:-1"},"canonical":"https:\/\/chacrys.com\/hu\/kristalyok\/aventurin-kristaly-jelentese-elonyei-gyogyito-tulajdonsagai-es-hasznalata\/","og_locale":"hu_HU","og_type":"article","og_title":"Aventurin krist\u00e1ly - jelent\u00e9se, el\u0151nyei, gy\u00f3gy\u00edt\u00f3 tulajdons\u00e1gai \u00e9s haszn\u00e1lata - Chacrys","og_description":"Mi az az aventurin? L\u00e9pjen ki egy tavaszi reggelen, \u00e9s vegye \u00e9szre a zsenge leveleket, amelyek a napf\u00e9nyt elkapj\u00e1k &#8211;","og_url":"https:\/\/chacrys.com\/hu\/kristalyok\/aventurin-kristaly-jelentese-elonyei-gyogyito-tulajdonsagai-es-hasznalata\/","og_site_name":"Chacrys","article_publisher":"https:\/\/www.facebook.com\/chacryscrystal","article_modified_time":"2025-07-06T16:33:30+00:00","twitter_card":"summary_large_image","twitter_misc":{"Becs\u00fclt olvas\u00e1si id\u0151":"3 perc"},"schema":{"@context":"https:\/\/schema.org","@graph":[{"@type":"WebPage","@id":"https:\/\/chacrys.com\/hu\/kristalyok\/aventurin-kristaly-jelentese-elonyei-gyogyito-tulajdonsagai-es-hasznalata\/","url":"https:\/\/chacrys.com\/hu\/kristalyok\/aventurin-kristaly-jelentese-elonyei-gyogyito-tulajdonsagai-es-hasznalata\/","name":"Aventurin krist\u00e1ly - jelent\u00e9se, el\u0151nyei, gy\u00f3gy\u00edt\u00f3 tulajdons\u00e1gai \u00e9s haszn\u00e1lata - Chacrys","isPartOf":{"@id":"https:\/\/chacrys.com\/hu\/#website"},"datePublished":"2025-07-06T16:32:53+00:00","dateModified":"2025-07-06T16:33:30+00:00","breadcrumb":{"@id":"https:\/\/chacrys.com\/hu\/kristalyok\/aventurin-kristaly-jelentese-elonyei-gyogyito-tulajdonsagai-es-hasznalata\/#breadcrumb"},"inLanguage":"hu","potentialAction":[{"@type":"ReadAction","target":["https:\/\/chacrys.com\/hu\/kristalyok\/aventurin-kristaly-jelentese-elonyei-gyogyito-tulajdonsagai-es-hasznalata\/"]}]},{"@type":"BreadcrumbList","@id":"https:\/\/chacrys.com\/hu\/kristalyok\/aventurin-kristaly-jelentese-elonyei-gyogyito-tulajdonsagai-es-hasznalata\/#breadcrumb","itemListElement":[{"@type":"ListItem","position":1,"name":"Home","item":"https:\/\/chacrys.com\/hu\/"},{"@type":"ListItem","position":2,"name":"Krist\u00e1lyok","item":"https:\/\/chacrys.com\/hu\/kristalyok\/"},{"@type":"ListItem","position":3,"name":"Aventurin krist\u00e1ly &#8211; jelent\u00e9se, el\u0151nyei, gy\u00f3gy\u00edt\u00f3 tulajdons\u00e1gai \u00e9s haszn\u00e1lata"}]},{"@type":"WebSite","@id":"https:\/\/chacrys.com\/hu\/#website","url":"https:\/\/chacrys.com\/hu\/","name":"Chacrys","description":"Chacrys","publisher":{"@id":"https:\/\/chacrys.com\/hu\/#organization"},"potentialAction":[{"@type":"SearchAction","target":{"@type":"EntryPoint","urlTemplate":"https:\/\/chacrys.com\/hu\/?s={search_term_string}"},"query-input":{"@type":"PropertyValueSpecification","valueRequired":true,"valueName":"search_term_string"}}],"inLanguage":"hu"},{"@type":"Organization","@id":"https:\/\/chacrys.com\/hu\/#organization","name":"Chacrys","url":"https:\/\/chacrys.com\/hu\/","logo":{"@type":"ImageObject","inLanguage":"hu","@id":"https:\/\/chacrys.com\/hu\/#\/schema\/logo\/image\/","url":"https:\/\/chacrys.com\/wp-content\/uploads\/2024\/11\/cropped-FRANJULIA-6.png","contentUrl":"https:\/\/chacrys.com\/wp-content\/uploads\/2024\/11\/cropped-FRANJULIA-6.png","width":512,"height":512,"caption":"Chacrys"},"image":{"@id":"https:\/\/chacrys.com\/hu\/#\/schema\/logo\/image\/"},"sameAs":["https:\/\/www.facebook.com\/chacryscrystal","https:\/\/www.instagram.com\/chacrys\/","https:\/\/www.pinterest.com\/chacryscrystalbed\/","https:\/\/www.youtube.com\/@chacrysofficial9667"]}]}},"_links":{"self":[{"href":"https:\/\/chacrys.com\/hu\/wp-json\/wp\/v2\/pages\/33077","targetHints":{"allow":["GET"]}}],"collection":[{"href":"https:\/\/chacrys.com\/hu\/wp-json\/wp\/v2\/pages"}],"about":[{"href":"https:\/\/chacrys.com\/hu\/wp-json\/wp\/v2\/types\/page"}],"author":[{"embeddable":true,"href":"https:\/\/chacrys.com\/hu\/wp-json\/wp\/v2\/users\/1"}],"replies":[{"embeddable":true,"href":"https:\/\/chacrys.com\/hu\/wp-json\/wp\/v2\/comments?post=33077"}],"version-history":[{"count":1,"href":"https:\/\/chacrys.com\/hu\/wp-json\/wp\/v2\/pages\/33077\/revisions"}],"predecessor-version":[{"id":33375,"href":"https:\/\/chacrys.com\/hu\/wp-json\/wp\/v2\/pages\/33077\/revisions\/33375"}],"up":[{"embeddable":true,"href":"https:\/\/chacrys.com\/hu\/wp-json\/wp\/v2\/pages\/33019"}],"wp:attachment":[{"href":"https:\/\/chacrys.com\/hu\/wp-json\/wp\/v2\/media?parent=33077"}],"curies":[{"name":"wp","href":"https:\/\/api.w.org\/{rel}","templated":true}]}}