{"id":33076,"date":"2025-07-06T16:32:53","date_gmt":"2025-07-06T16:32:53","guid":{"rendered":"https:\/\/chacrys.com\/kristalyok\/abalone-kristaly-jelentese-elonyei-gyogyito-tulajdonsagai-es-hasznalata\/"},"modified":"2026-02-10T11:13:20","modified_gmt":"2026-02-10T10:13:20","slug":"abalone-kristaly-jelentese-elonyei-gyogyito-tulajdonsagai-es-hasznalata","status":"publish","type":"page","link":"https:\/\/chacrys.com\/hu\/kristalyok\/abalone-kristaly-jelentese-elonyei-gyogyito-tulajdonsagai-es-hasznalata\/","title":{"rendered":"Abalone krist\u00e1ly &#8211; jelent\u00e9se, el\u0151nyei, gy\u00f3gy\u00edt\u00f3 tulajdons\u00e1gai \u00e9s haszn\u00e1lata"},"content":{"rendered":"<h2 style=\"font-size: 28px;\">Mi az Abalone?<\/h2>\n<div style=\"font-size: 22px;\">Ha egy darab csiszolt abalone kagyl\u00f3t tartasz a kezedben, szinte hallod, ahogy az \u00e1rap\u00e1ly l\u00e9legzik. Az abalone technikailag nem is krist\u00e1lyos \u00e1sv\u00e1ny, hanem egy tengeri puhatest\u0171 kagyl\u00f3h\u00e9j iriz\u00e1l\u00f3 bels\u0151 r\u00e9tege &#8211; gy\u00f6ngyh\u00e1z, tengerparti akcentussal. Az energetikai munk\u00e1ban m\u00e9gis a k\u00f6vek mell\u00e9 soroljuk, mert a gy\u00f6ngyh\u00e1za ugyanazt a piezoelektromos csillog\u00e1st hordozza, ami sok krist\u00e1lyban is megtal\u00e1lhat\u00f3. Az \u00fcgyfelek gyakran k\u00e9rdezik t\u0151lem, hogy mi\u00e9rt \u00e9rzem &#8222;puh\u00e1bbnak&#8221;, mint a kvarcot: a v\u00e1lasz a mikroszkopikus lapk\u00e1kba r\u00e9tegzett kalcium-karbon\u00e1t, ugyanaz a szerkezet, amely lehet\u0151v\u00e9 teszi, hogy a kagyl\u00f3 meghajoljon ahelyett, hogy elt\u00f6rne, amikor egy hull\u00e1m nekicsap\u00f3dik. Ez a rugalmass\u00e1g &#8211; fizikai \u00e9s metaforikus &#8211; hat\u00e1rozza meg, hogyan dolgoznak a szakemberek az abalone-nal.    <\/div>\n<h2 style=\"font-size: 28px;\">Az Abalone el\u0151nyei<\/h2>\n<div style=\"font-size: 22px;\">L\u00e1ttam, ahogy a szorong\u00f3 v\u00e1llak megr\u00e1ndulnak, amikor valaki egyszer\u0171en csak b\u00f6lcs\u0151be tesz egy abalone szeletet. A kagyl\u00f3 kavarg\u00f3 k\u00e9k \u00e9s mohaz\u00f6ld sz\u00ednei mintha a ny\u00edlt horizontr\u00f3l suttogn\u00e1nak, \u00e9s lass\u00fa l\u00e9legzetv\u00e9telre k\u00e9sztetn\u00e9nek. \u00dcgyfelem, Mira &#8211; egy s\u00fcrg\u0151ss\u00e9gi n\u0151v\u00e9r, aki \u00fagy gy\u0171jti az \u00e9jszakai m\u0171szakok fesz\u00fclts\u00e9g\u00e9t, mint az apr\u00f3p\u00e9nzt &#8211; egy h\u00fcvelykujjnyi m\u00e9ret\u0171 szil\u00e1nkot tart a zseb\u00e9ben. Esk\u00fcszik r\u00e1, hogy az \u00f3ce\u00e1ni csillog\u00e1s eml\u00e9kezteti arra, hogy bel\u00e9legezzen, miel\u0151tt neh\u00e9z h\u00edreket k\u00f6z\u00f6l a csal\u00e1dokkal. A besz\u00e1mol\u00f3k szerint az \u00e9rzelmi hull\u00e1mok enyh\u00fclnek, az intu\u00edci\u00f3 meger\u0151s\u00f6dik, \u00e9s a gyeng\u00e9d v\u00e9delem \u00e9rz\u00e9s\u00e9t ny\u00fajtja, ahogyan egy \u00f6b\u00f6l v\u00e9di a haj\u00f3kat a viharos hull\u00e1mokt\u00f3l. Metafizikai szempontb\u00f3l sok gyakorl\u00f3 szerint az abalone harmoniz\u00e1lja a sz\u00edv- \u00e9s torokk\u00f6zpontot, el\u0151seg\u00edtve az \u0151szinte, de egy\u00fctt\u00e9rz\u0151 p\u00e1rbesz\u00e9det. Megjegyz\u00e9s: ezek a benyom\u00e1sok tapasztalati jelleg\u0171ek, \u00e9s kieg\u00e9sz\u00edtik, de nem helyettes\u00edtik a professzion\u00e1lis ment\u00e1lhigi\u00e9n\u00e9s ell\u00e1t\u00e1st.      <\/div>\n<h2 style=\"font-size: 28px;\"><span data-sheets-root=\"1\">Hogyan haszn\u00e1ljuk az Abalone-t?<\/span><\/h2>\n<div style=\"font-size: 22px;\">Mivel az abalone m\u00e1r eleve olyan, mint egy ed\u00e9ny, sz\u00edvesen haszn\u00e1lom maszatol\u00f3t\u00e1lk\u00e9nt. Tegy\u00fcnk bele egy csipetnyi sz\u00e1r\u00edtott zs\u00e1ly\u00e1t vagy rozmaringot, gy\u00fajtsuk meg r\u00f6vid id\u0151re, \u00e9s hagyjuk, hogy a kagyl\u00f3 \u00edvelt pereme elvezesse a f\u00fcst\u00f6t. Ha a f\u00fcsttiszt\u00edt\u00e1s nem az \u00d6n st\u00edlusa, pr\u00f3b\u00e1lja meg a kagyl\u00f3t a szegycsontja f\u00f6l\u00e9 tartani l\u00e9gz\u00e9s k\u00f6zben; h\u0171v\u00f6s fel\u00fclete a testhez igaz\u00edtja az elm\u00e9t. \u00c1lommunk\u00e1hoz tegyen egy szeletet a p\u00e1rn\u00e1ja al\u00e1 egy jegyzetf\u00fczet mell\u00e9. \u00c9bred\u00e9skor r\u00f6gz\u00edtsen r\u00e9szleteket &#8211; a k\u00e9pek gyakran r\u00e9szletesebben ker\u00fclnek a felsz\u00ednre, amikor az abalone nyugodt \u00e1ramlata a k\u00f6zelben van. \u00c9s ne hagyja figyelmen k\u00edv\u00fcl az \u00e9kszereket sem: egy egyszer\u0171 abalone med\u00e1l a b\u0151r\u00f6n tapinthat\u00f3 eml\u00e9keztet\u0151\u00fcl szolg\u00e1lhat, hogy maradjon foly\u00e9kony, amikor a besz\u00e9lget\u00e9sek z\u00f6kken\u0151mentess\u00e9 v\u00e1lnak.     <\/div>\n<h2 style=\"font-size: 28px;\">Az Abalone gy\u00f3gy\u00edt\u00f3 tulajdons\u00e1gai<\/h2>\n<div style=\"font-size: 22px;\">Az Abalone olyan sz\u00ednsk\u00e1l\u00e1t visel, amely minden d\u0151l\u00e9sn\u00e9l v\u00e1ltozik: a p\u00e1vaz\u00f6ldek viharfelh\u0151-sz\u00fcrk\u00e9v\u00e9 olvadnak, majd korallz\u00f6ld r\u00f3zsasz\u00ednbe t\u00f6rnek \u00e1t. A Mohs-sk\u00e1l\u00e1n 3-4 k\u00f6r\u00fcl helyezkedik el &#8211; puh\u00e1bb, mint az \u00fcveg, \u00e9s gyeng\u00e9d kezel\u00e9st ig\u00e9nyel. A h\u00e9j els\u0151sorban aragonitb\u00f3l, a kalcium-karbon\u00e1t egy form\u00e1j\u00e1b\u00f3l \u00e1ll, amelyet szerves feh\u00e9rj\u00e9kkel f\u0171szerezve meglep\u0151 rugalmass\u00e1ggal ruh\u00e1znak fel. A piacon kaphat\u00f3 legt\u00f6bb darab \u00daj-Z\u00e9landr\u00f3l, D\u00e9l-Afrik\u00e1b\u00f3l, Kalifornia partvid\u00e9k\u00e9r\u0151l \u00e9s Jap\u00e1nb\u00f3l sz\u00e1rmazik, \u00e9s a vadon \u00e9l\u0151 popul\u00e1ci\u00f3k v\u00e9delme \u00e9rdek\u00e9ben szigor\u00fa kv\u00f3t\u00e1k alapj\u00e1n gy\u0171jtik. Energetikai szempontb\u00f3l az emberek akkor ny\u00falnak az abalone-hoz, amikor nyugtat\u00f3 \u00e1ramlatra, a rugalmass\u00e1gra val\u00f3 eml\u00e9keztet\u00e9sre vagy az er\u0151teljes cselekv\u00e9s helyett az \u00e1rap\u00e1ly-intu\u00edci\u00f3ra val\u00f3 \u00f6szt\u00f6nz\u00e9sre van sz\u00fcks\u00e9g\u00fck.    <\/div>\n<h2 style=\"font-size: 28px;\"><span data-sheets-root=\"1\">Abalone tiszt\u00edt\u00e1s \u00e9s karbantart\u00e1s<\/span><\/h2>\n<div style=\"font-size: 22px;\">Hagyja ki a s\u00f3s f\u00fcrd\u0151ket; gyorsabban lekopik a fel\u00fclet, mint a csiszol\u00f3pap\u00edr az uszad\u00e9kf\u00e1n. Ehelyett \u00f6bl\u00edtse le a kagyl\u00f3t langyos csapv\u00edzzel, t\u00f6r\u00f6lje sz\u00e1razra, \u00e9s hagyja a k\u00f6zvetett napf\u00e9nyben tizen\u00f6t percig &#8211; ez el\u00e9g a felfriss\u00fcl\u00e9shez, de nem el\u00e9g a sz\u00edn kifeh\u00e9r\u00edt\u00e9s\u00e9hez. Egyes szakemberek a holdf\u00e9nyt r\u00e9szes\u00edtik el\u0151nyben, azt \u00e1ll\u00edtva, hogy a hold vonz\u00e1sa &#8222;felt\u00f6lti&#8221; a gy\u00f6ngyh\u00e1zf\u00e9nyt; ezt nem tudom sz\u00e1mszer\u0171s\u00edteni, de a teliholdas \u00f6bl\u00edt\u00e9s hat\u00e1s\u00e1ra az eny\u00e9mek ragyog\u00f3an ragyognak. Ha az abalone-t sz\u00e9n- vagy f\u00fcst\u00f6l\u0151tart\u00f3k\u00e9nt haszn\u00e1lja, \u00f3vatosan s\u00farolja le a kormot egy puha fogkef\u00e9vel \u00e9s egy csepp enyhe szappannal. T\u00e1rolja pamutba csomagolva vagy fadobozba fektetve, hogy a kem\u00e9nyebb k\u00f6vek ne v\u00e1gj\u00e1k be a t\u00f6r\u00e9keny sz\u00e9l\u00e9t. Egy kis gondoskod\u00e1s, \u00e9s a kagyl\u00f3 m\u00e9g \u00e9vekig \u00e9nekelheti a part menti altat\u00f3dalt.     <\/div>\n\n<h2 class=\"wp-block-heading\" id=\"h-you-might-also-be-interested-in\">Ez is \u00e9rdekelheti \u00d6nt<\/h2>\n\n<ul class=\"wp-block-list\">\n<li><a href=\"https:\/\/chacrys.com\/hu\/kristalyok\/aranyko-kristaly-jelentese-elonyei-gyogyito-tulajdonsagai-es-hasznalata\/\">Aranyk\u0151 krist\u00e1ly<\/a><\/li>\n\n\n\n<li><a href=\"https:\/\/chacrys.com\/hu\/kristalyok\/epidot-kristaly-jelentese-elonyei-gyogyito-tulajdonsagai-es-hasznalata\/\">Epidot krist\u00e1ly<\/a><\/li>\n\n\n\n<li><a href=\"https:\/\/chacrys.com\/hu\/kristalyok\/zold-aventurin-kristaly-jelentese-elonyei-gyogyito-tulajdonsagai-es-hasznalata\/\">Z\u00f6ld Aventurin krist\u00e1ly<\/a><\/li>\n\n\n\n<li><a href=\"https:\/\/chacrys.com\/hu\/kristalyok\/ghost-quartz-phantom-quartz-kristaly-jelentese-elonyei-gyogyito-tulajdonsagai-es-hasznalata\/\">Szellem kvarc krist\u00e1ly<\/a><\/li>\n\n\n\n<li><a href=\"https:\/\/chacrys.com\/hu\/kristalyok\/eye-stone-tiger-eye-kristaly-jelentese-elonyei-gyogyito-tulajdonsagai-es-hasznalata\/\">Szem k\u0151 krist\u00e1ly<\/a><\/li>\n<\/ul>\n\n<p><\/p>\n","protected":false},"excerpt":{"rendered":"<p>Mi az Abalone? Ha egy darab csiszolt abalone kagyl\u00f3t tartasz a kezedben, szinte hallod, ahogy az \u00e1rap\u00e1ly l\u00e9legzik. Az abalone<\/p>\n","protected":false},"author":1,"featured_media":0,"parent":33019,"menu_order":0,"comment_status":"closed","ping_status":"closed","template":"","meta":{"footnotes":""},"class_list":["post-33076","page","type-page","status-publish","hentry"],"yoast_head":"<!-- This site is optimized with the Yoast SEO plugin v27.5 - https:\/\/yoast.com\/product\/yoast-seo-wordpress\/ -->\n<title>Abalone jelent\u00e9se, az Abalone krist\u00e1ly el\u0151nyei \u00e9s haszn\u00e1lata<\/title>\n<meta name=\"robots\" content=\"index, follow, max-snippet:-1, max-image-preview:large, max-video-preview:-1\" \/>\n<link rel=\"canonical\" href=\"https:\/\/chacrys.com\/hu\/kristalyok\/abalone-kristaly-jelentese-elonyei-gyogyito-tulajdonsagai-es-hasznalata\/\" \/>\n<meta property=\"og:locale\" content=\"hu_HU\" \/>\n<meta property=\"og:type\" content=\"article\" \/>\n<meta property=\"og:title\" content=\"Abalone jelent\u00e9se, az Abalone krist\u00e1ly el\u0151nyei \u00e9s haszn\u00e1lata\" \/>\n<meta property=\"og:description\" content=\"Mi az Abalone? Ha egy darab csiszolt abalone kagyl\u00f3t tartasz a kezedben, szinte hallod, ahogy az \u00e1rap\u00e1ly l\u00e9legzik. Az abalone\" \/>\n<meta property=\"og:url\" content=\"https:\/\/chacrys.com\/hu\/kristalyok\/abalone-kristaly-jelentese-elonyei-gyogyito-tulajdonsagai-es-hasznalata\/\" \/>\n<meta property=\"og:site_name\" content=\"Chacrys\" \/>\n<meta property=\"article:publisher\" content=\"https:\/\/www.facebook.com\/chacryscrystal\" \/>\n<meta property=\"article:modified_time\" content=\"2026-02-10T10:13:20+00:00\" \/>\n<meta name=\"twitter:card\" content=\"summary_large_image\" \/>\n<meta name=\"twitter:label1\" content=\"Becs\u00fclt olvas\u00e1si id\u0151\" \/>\n\t<meta name=\"twitter:data1\" content=\"5 perc\" \/>\n<script type=\"application\/ld+json\" class=\"yoast-schema-graph\">{\"@context\":\"https:\\\/\\\/schema.org\",\"@graph\":[{\"@type\":\"WebPage\",\"@id\":\"https:\\\/\\\/chacrys.com\\\/hu\\\/kristalyok\\\/abalone-kristaly-jelentese-elonyei-gyogyito-tulajdonsagai-es-hasznalata\\\/\",\"url\":\"https:\\\/\\\/chacrys.com\\\/hu\\\/kristalyok\\\/abalone-kristaly-jelentese-elonyei-gyogyito-tulajdonsagai-es-hasznalata\\\/\",\"name\":\"Abalone jelent\u00e9se, az Abalone krist\u00e1ly el\u0151nyei \u00e9s haszn\u00e1lata\",\"isPartOf\":{\"@id\":\"https:\\\/\\\/chacrys.com\\\/hu\\\/#website\"},\"datePublished\":\"2025-07-06T16:32:53+00:00\",\"dateModified\":\"2026-02-10T10:13:20+00:00\",\"breadcrumb\":{\"@id\":\"https:\\\/\\\/chacrys.com\\\/hu\\\/kristalyok\\\/abalone-kristaly-jelentese-elonyei-gyogyito-tulajdonsagai-es-hasznalata\\\/#breadcrumb\"},\"inLanguage\":\"hu\",\"potentialAction\":[{\"@type\":\"ReadAction\",\"target\":[\"https:\\\/\\\/chacrys.com\\\/hu\\\/kristalyok\\\/abalone-kristaly-jelentese-elonyei-gyogyito-tulajdonsagai-es-hasznalata\\\/\"]}]},{\"@type\":\"BreadcrumbList\",\"@id\":\"https:\\\/\\\/chacrys.com\\\/hu\\\/kristalyok\\\/abalone-kristaly-jelentese-elonyei-gyogyito-tulajdonsagai-es-hasznalata\\\/#breadcrumb\",\"itemListElement\":[{\"@type\":\"ListItem\",\"position\":1,\"name\":\"Home\",\"item\":\"https:\\\/\\\/chacrys.com\\\/hu\\\/\"},{\"@type\":\"ListItem\",\"position\":2,\"name\":\"Krist\u00e1lyok\",\"item\":\"https:\\\/\\\/chacrys.com\\\/hu\\\/kristalyok\\\/\"},{\"@type\":\"ListItem\",\"position\":3,\"name\":\"Abalone krist\u00e1ly &#8211; jelent\u00e9se, el\u0151nyei, gy\u00f3gy\u00edt\u00f3 tulajdons\u00e1gai \u00e9s haszn\u00e1lata\"}]},{\"@type\":\"WebSite\",\"@id\":\"https:\\\/\\\/chacrys.com\\\/hu\\\/#website\",\"url\":\"https:\\\/\\\/chacrys.com\\\/hu\\\/\",\"name\":\"Chacrys\",\"description\":\"Chacrys\",\"publisher\":{\"@id\":\"https:\\\/\\\/chacrys.com\\\/hu\\\/#organization\"},\"potentialAction\":[{\"@type\":\"SearchAction\",\"target\":{\"@type\":\"EntryPoint\",\"urlTemplate\":\"https:\\\/\\\/chacrys.com\\\/hu\\\/?s={search_term_string}\"},\"query-input\":{\"@type\":\"PropertyValueSpecification\",\"valueRequired\":true,\"valueName\":\"search_term_string\"}}],\"inLanguage\":\"hu\"},{\"@type\":\"Organization\",\"@id\":\"https:\\\/\\\/chacrys.com\\\/hu\\\/#organization\",\"name\":\"Chacrys\",\"url\":\"https:\\\/\\\/chacrys.com\\\/hu\\\/\",\"logo\":{\"@type\":\"ImageObject\",\"inLanguage\":\"hu\",\"@id\":\"https:\\\/\\\/chacrys.com\\\/hu\\\/#\\\/schema\\\/logo\\\/image\\\/\",\"url\":\"https:\\\/\\\/chacrys.com\\\/wp-content\\\/uploads\\\/2024\\\/11\\\/cropped-FRANJULIA-6.png\",\"contentUrl\":\"https:\\\/\\\/chacrys.com\\\/wp-content\\\/uploads\\\/2024\\\/11\\\/cropped-FRANJULIA-6.png\",\"width\":512,\"height\":512,\"caption\":\"Chacrys\"},\"image\":{\"@id\":\"https:\\\/\\\/chacrys.com\\\/hu\\\/#\\\/schema\\\/logo\\\/image\\\/\"},\"sameAs\":[\"https:\\\/\\\/www.facebook.com\\\/chacryscrystal\",\"https:\\\/\\\/www.instagram.com\\\/chacrys\\\/\",\"https:\\\/\\\/www.pinterest.com\\\/chacryscrystalbed\\\/\",\"https:\\\/\\\/www.youtube.com\\\/@chacrysofficial9667\"]}]}<\/script>\n<!-- \/ Yoast SEO plugin. -->","yoast_head_json":{"title":"Abalone jelent\u00e9se, az Abalone krist\u00e1ly el\u0151nyei \u00e9s haszn\u00e1lata","robots":{"index":"index","follow":"follow","max-snippet":"max-snippet:-1","max-image-preview":"max-image-preview:large","max-video-preview":"max-video-preview:-1"},"canonical":"https:\/\/chacrys.com\/hu\/kristalyok\/abalone-kristaly-jelentese-elonyei-gyogyito-tulajdonsagai-es-hasznalata\/","og_locale":"hu_HU","og_type":"article","og_title":"Abalone jelent\u00e9se, az Abalone krist\u00e1ly el\u0151nyei \u00e9s haszn\u00e1lata","og_description":"Mi az Abalone? Ha egy darab csiszolt abalone kagyl\u00f3t tartasz a kezedben, szinte hallod, ahogy az \u00e1rap\u00e1ly l\u00e9legzik. Az abalone","og_url":"https:\/\/chacrys.com\/hu\/kristalyok\/abalone-kristaly-jelentese-elonyei-gyogyito-tulajdonsagai-es-hasznalata\/","og_site_name":"Chacrys","article_publisher":"https:\/\/www.facebook.com\/chacryscrystal","article_modified_time":"2026-02-10T10:13:20+00:00","twitter_card":"summary_large_image","twitter_misc":{"Becs\u00fclt olvas\u00e1si id\u0151":"5 perc"},"schema":{"@context":"https:\/\/schema.org","@graph":[{"@type":"WebPage","@id":"https:\/\/chacrys.com\/hu\/kristalyok\/abalone-kristaly-jelentese-elonyei-gyogyito-tulajdonsagai-es-hasznalata\/","url":"https:\/\/chacrys.com\/hu\/kristalyok\/abalone-kristaly-jelentese-elonyei-gyogyito-tulajdonsagai-es-hasznalata\/","name":"Abalone jelent\u00e9se, az Abalone krist\u00e1ly el\u0151nyei \u00e9s haszn\u00e1lata","isPartOf":{"@id":"https:\/\/chacrys.com\/hu\/#website"},"datePublished":"2025-07-06T16:32:53+00:00","dateModified":"2026-02-10T10:13:20+00:00","breadcrumb":{"@id":"https:\/\/chacrys.com\/hu\/kristalyok\/abalone-kristaly-jelentese-elonyei-gyogyito-tulajdonsagai-es-hasznalata\/#breadcrumb"},"inLanguage":"hu","potentialAction":[{"@type":"ReadAction","target":["https:\/\/chacrys.com\/hu\/kristalyok\/abalone-kristaly-jelentese-elonyei-gyogyito-tulajdonsagai-es-hasznalata\/"]}]},{"@type":"BreadcrumbList","@id":"https:\/\/chacrys.com\/hu\/kristalyok\/abalone-kristaly-jelentese-elonyei-gyogyito-tulajdonsagai-es-hasznalata\/#breadcrumb","itemListElement":[{"@type":"ListItem","position":1,"name":"Home","item":"https:\/\/chacrys.com\/hu\/"},{"@type":"ListItem","position":2,"name":"Krist\u00e1lyok","item":"https:\/\/chacrys.com\/hu\/kristalyok\/"},{"@type":"ListItem","position":3,"name":"Abalone krist\u00e1ly &#8211; jelent\u00e9se, el\u0151nyei, gy\u00f3gy\u00edt\u00f3 tulajdons\u00e1gai \u00e9s haszn\u00e1lata"}]},{"@type":"WebSite","@id":"https:\/\/chacrys.com\/hu\/#website","url":"https:\/\/chacrys.com\/hu\/","name":"Chacrys","description":"Chacrys","publisher":{"@id":"https:\/\/chacrys.com\/hu\/#organization"},"potentialAction":[{"@type":"SearchAction","target":{"@type":"EntryPoint","urlTemplate":"https:\/\/chacrys.com\/hu\/?s={search_term_string}"},"query-input":{"@type":"PropertyValueSpecification","valueRequired":true,"valueName":"search_term_string"}}],"inLanguage":"hu"},{"@type":"Organization","@id":"https:\/\/chacrys.com\/hu\/#organization","name":"Chacrys","url":"https:\/\/chacrys.com\/hu\/","logo":{"@type":"ImageObject","inLanguage":"hu","@id":"https:\/\/chacrys.com\/hu\/#\/schema\/logo\/image\/","url":"https:\/\/chacrys.com\/wp-content\/uploads\/2024\/11\/cropped-FRANJULIA-6.png","contentUrl":"https:\/\/chacrys.com\/wp-content\/uploads\/2024\/11\/cropped-FRANJULIA-6.png","width":512,"height":512,"caption":"Chacrys"},"image":{"@id":"https:\/\/chacrys.com\/hu\/#\/schema\/logo\/image\/"},"sameAs":["https:\/\/www.facebook.com\/chacryscrystal","https:\/\/www.instagram.com\/chacrys\/","https:\/\/www.pinterest.com\/chacryscrystalbed\/","https:\/\/www.youtube.com\/@chacrysofficial9667"]}]}},"_links":{"self":[{"href":"https:\/\/chacrys.com\/hu\/wp-json\/wp\/v2\/pages\/33076","targetHints":{"allow":["GET"]}}],"collection":[{"href":"https:\/\/chacrys.com\/hu\/wp-json\/wp\/v2\/pages"}],"about":[{"href":"https:\/\/chacrys.com\/hu\/wp-json\/wp\/v2\/types\/page"}],"author":[{"embeddable":true,"href":"https:\/\/chacrys.com\/hu\/wp-json\/wp\/v2\/users\/1"}],"replies":[{"embeddable":true,"href":"https:\/\/chacrys.com\/hu\/wp-json\/wp\/v2\/comments?post=33076"}],"version-history":[{"count":2,"href":"https:\/\/chacrys.com\/hu\/wp-json\/wp\/v2\/pages\/33076\/revisions"}],"predecessor-version":[{"id":34474,"href":"https:\/\/chacrys.com\/hu\/wp-json\/wp\/v2\/pages\/33076\/revisions\/34474"}],"up":[{"embeddable":true,"href":"https:\/\/chacrys.com\/hu\/wp-json\/wp\/v2\/pages\/33019"}],"wp:attachment":[{"href":"https:\/\/chacrys.com\/hu\/wp-json\/wp\/v2\/media?parent=33076"}],"curies":[{"name":"wp","href":"https:\/\/api.w.org\/{rel}","templated":true}]}}