{"id":33065,"date":"2025-07-06T16:32:53","date_gmt":"2025-07-06T16:32:53","guid":{"rendered":"https:\/\/chacrys.com\/kristalyok\/amazonit-kristaly-jelentese-elonyei-gyogyito-tulajdonsagai-es-hasznalata\/"},"modified":"2026-02-10T11:13:15","modified_gmt":"2026-02-10T10:13:15","slug":"amazonit-kristaly-jelentese-elonyei-gyogyito-tulajdonsagai-es-hasznalata","status":"publish","type":"page","link":"https:\/\/chacrys.com\/hu\/kristalyok\/amazonit-kristaly-jelentese-elonyei-gyogyito-tulajdonsagai-es-hasznalata\/","title":{"rendered":"Amazonit krist\u00e1ly jelent\u00e9se, el\u0151nyei, gy\u00f3gy\u00edt\u00f3 tulajdons\u00e1gai \u00e9s haszn\u00e1lata"},"content":{"rendered":"<h2 style=\"font-size: 28px;\">Mi az amazonit?<\/h2>\n<div style=\"font-size: 22px;\">Valaki egyszer \u00fagy \u00edrta le az amazonitot, mint egy rep\u00fcl\u0151g\u00e9p ablak\u00e1b\u00f3l megpillantott lag\u00fana sz\u00edn\u00e9t &#8211; cs\u00e1b\u00edt\u00f3 t\u00fcrkizk\u00e9k sz\u00edn\u0171, gleccserfeh\u00e9r cs\u00edkokkal tark\u00edtott. Geol\u00f3giailag egy k\u00e1liumban gazdag f\u00f6ldp\u00e1t, konkr\u00e9tan mikroklin, \u00f3lommal megsz\u00f3rva, ami ezt a felejthetetlen \u00e1rnyalatot adja. A m\u00edtosszal ellent\u00e9tben ritk\u00e1n sz\u00e1rmazik az Amazonas-medenc\u00e9b\u0151l; a legt\u00f6bb t\u00e1bl\u00e1t orosz \u00e9s colorad\u00f3i b\u00e1ny\u00e1kb\u00f3l nyerik. A t\u00e9ves elnevez\u00e9s ellen\u00e9re a n\u00e9v az\u00e9rt ragadt meg, mert a korai keresked\u0151k romantikusan \u00e1br\u00e1zolt\u00e1k a t\u00e1voli dzsungeleket. Egy nyers darabot tartok az asztalomon; minden egyes pillant\u00e1s olyan, mintha ablakot nyitn\u00e9k, hogy friss besz\u00e9lget\u00e9st engedjek be.    <\/div>\n<h2 style=\"font-size: 28px;\">Az Amazonit el\u0151nyei<\/h2>\n<div style=\"font-size: 22px;\">Hangi fesz\u00fclts\u00e9g, \u00edr\u00f3i blokk, f\u00e9l\u00e9nk igazs\u00e1gok &#8211; \u00fagy t\u0171nik, az amazonit el\u0151var\u00e1zsolja \u0151ket a rejtek\u00e9b\u0151l. Az egyik logop\u00e9dus, akit edzek, minden foglalkoz\u00e1sra mag\u00e1val visz egy kavicsot; azt mondja, hogy a vele val\u00f3 babr\u00e1l\u00e1s eml\u00e9kezteti az \u00fcgyfeleit arra, hogy a szavak \u00fagy folyhatnak, mint a v\u00edz a k\u00f6veken, ahelyett, hogy elakadn\u00e1nak. A gyakorl\u00f3k besz\u00e1molnak a szoci\u00e1lis szorong\u00e1s enyh\u00fcl\u00e9s\u00e9r\u0151l, a hat\u00e1rok vil\u00e1gosabb kijel\u00f6l\u00e9s\u00e9r\u0151l, s\u0151t m\u00e9g a technikai f\u00e1radts\u00e1g cs\u00f6kken\u00e9s\u00e9r\u0151l is. Igazi besz\u00e9d: egy dr\u00e1gak\u0151 nem tudja \u00e1t\u00edrni az idegsejtjeidet, de a tapinthat\u00f3 jelz\u00e9sek \u00e9s a figyelmes sz\u00e1nd\u00e9k gyakran megv\u00e1ltoztatja a szok\u00e1saidat, \u00e9s ez a v\u00e1ltoz\u00e1s sz\u00e1m\u00edt.   <\/div>\n<h2 style=\"font-size: 28px;\"><span data-sheets-root=\"1\">Hogyan haszn\u00e1ljuk az Amazonitot?<\/span><\/h2>\n<div style=\"font-size: 22px;\">Viselj egy gy\u00f6ngy med\u00e1lt \u00fagy, hogy az a torkod \u00fcreg\u00e9t cs\u00f3kolja; ez a tapinthat\u00f3 hidegs\u00e9g arra k\u00e9sztet, hogy a fecseg\u00e9s helyett meg\u00e1llj \u00e9s artikul\u00e1lj. Napl\u00f3\u00edr\u00e1s k\u00f6zben helyezz egy k\u00f6vet a f\u00fczeted els\u0151 oldal\u00e1ra &#8211; a kis s\u00faly olyan, mint egy pap\u00edrnehez\u00e9k az elszabadult k\u00e9ts\u00e9gekre. A laptopok sz\u00e9lei ment\u00e9n is helyeztem m\u00e1r el karcs\u00fa p\u00e1lcik\u00e1kat; a tengerz\u00f6ld sz\u00edn\u0171 p\u00f6tty\u00f6k ellens\u00falyozz\u00e1k a k\u00e9perny\u0151 t\u00fckr\u00f6z\u0151d\u00e9s\u00e9t, \u00e9s eml\u00e9keztetnek a pislog\u00e1sra. F\u00fcrd\u00e9si ritu\u00e1l\u00e9khoz tartsa a k\u00f6vet a p\u00e1rk\u00e1nyon, ne a v\u00edzben &#8211; a hosszan tart\u00f3 \u00e1ztat\u00e1s kioldhatja a microline csillog\u00e1s\u00e1t.   <\/div>\n<h2 style=\"font-size: 28px;\">Az amazonit gy\u00f3gy\u00edt\u00f3 tulajdons\u00e1gai<\/h2>\n<div style=\"font-size: 22px;\">Az \u00e1rnyalatok a matt aqu\u00e1t\u00f3l a viharos tealig terjednek. Kem\u00e9nys\u00e9ge 6-6,5 k\u00f6r\u00fcl van, l\u00e1gyabb, mint a kvarc, de kem\u00e9nyebb, mint egy k\u00f6r\u00f6m. K\u00e9miai k\u00e9plet: KAlSi\u2083O\u2088, valamint nyomokban \u00f3lom, rub\u00eddium \u00e9s v\u00edz. A braz\u00edliai, madagaszk\u00e1ri \u00e9s ur\u00e1li lel\u0151helyek uralj\u00e1k a piacot. Energetikai k\u00f6r\u00f6kben az amazonit az \u0151szinte kifejez\u00e9s, a digit\u00e1lis m\u00e9regtelen\u00edt\u00e9s \u00e9s a nyugodt tekint\u00e9ly t\u00e9m\u00e1ival rezon\u00e1l.    <\/div>\n<h2 style=\"font-size: 28px;\"><span data-sheets-root=\"1\">Amazonit tiszt\u00edt\u00e1sa \u00e9s karbantart\u00e1sa<\/span><\/h2>\n<div style=\"font-size: 22px;\">Ker\u00fclje az er\u0151s napf\u00e9nyt; az UV-f\u00e9ny kifeh\u00e9r\u00edtheti a tengerpermet vibr\u00e1l\u00e1s\u00e1t. Gyors langyos \u00f6bl\u00edt\u00e9s, sz\u00e1razra t\u00f6r\u00f6lget\u00e9s, majd hagyja, hogy egy \u00e9jszak\u00e1n \u00e1t hematitforg\u00e1cs \u00e1gyon pihenjen &#8211; a f\u00f6ldel\u0151 f\u00e9mek kiegyens\u00falyozz\u00e1k a l\u00e9gies csobog\u00e1st. Ha a reped\u00e9sekben szennyez\u0151d\u00e9sek gy\u0171lnek \u00f6ssze, \u00f3vatosan s\u00f6p\u00f6rje \u00e1t egy babapuha fogkef\u00e9vel. T\u00e1rolja t\u00e1vol a kem\u00e9nyebb kvarcpontokt\u00f3l; az amazonit k\u00f6nnyebben karcol\u00f3dik, mint amilyennek l\u00e1tszik.   <\/div>\n\n<h2 class=\"wp-block-heading\" id=\"h-you-might-also-be-interested-in\">Ez is \u00e9rdekelheti \u00d6nt<\/h2>\n\n<ul class=\"wp-block-list\">\n<li><a href=\"https:\/\/chacrys.com\/hu\/kristalyok\/aranyko-kristaly-jelentese-elonyei-gyogyito-tulajdonsagai-es-hasznalata\/\">Aranyk\u0151 krist\u00e1ly<\/a><\/li>\n\n\n\n<li><a href=\"https:\/\/chacrys.com\/hu\/kristalyok\/epidot-kristaly-jelentese-elonyei-gyogyito-tulajdonsagai-es-hasznalata\/\">Epidot krist\u00e1ly<\/a><\/li>\n\n\n\n<li><a href=\"https:\/\/chacrys.com\/hu\/kristalyok\/zold-aventurin-kristaly-jelentese-elonyei-gyogyito-tulajdonsagai-es-hasznalata\/\">Z\u00f6ld Aventurin krist\u00e1ly<\/a><\/li>\n\n\n\n<li><a href=\"https:\/\/chacrys.com\/hu\/kristalyok\/ghost-quartz-phantom-quartz-kristaly-jelentese-elonyei-gyogyito-tulajdonsagai-es-hasznalata\/\">Szellem kvarc krist\u00e1ly<\/a><\/li>\n\n\n\n<li><a href=\"https:\/\/chacrys.com\/hu\/kristalyok\/eye-stone-tiger-eye-kristaly-jelentese-elonyei-gyogyito-tulajdonsagai-es-hasznalata\/\">Szem k\u0151 krist\u00e1ly<\/a><\/li>\n<\/ul>\n\n<p><\/p>\n","protected":false},"excerpt":{"rendered":"<p>Mi az amazonit? Valaki egyszer \u00fagy \u00edrta le az amazonitot, mint egy rep\u00fcl\u0151g\u00e9p ablak\u00e1b\u00f3l megpillantott lag\u00fana sz\u00edn\u00e9t &#8211; cs\u00e1b\u00edt\u00f3 t\u00fcrkizk\u00e9k<\/p>\n","protected":false},"author":1,"featured_media":0,"parent":33019,"menu_order":0,"comment_status":"closed","ping_status":"closed","template":"","meta":{"footnotes":""},"class_list":["post-33065","page","type-page","status-publish","hentry"],"yoast_head":"<!-- This site is optimized with the Yoast SEO plugin v27.5 - https:\/\/yoast.com\/product\/yoast-seo-wordpress\/ -->\n<title>Amazonit jelent\u00e9se, az Amazonit krist\u00e1ly el\u0151nyei \u00e9s haszn\u00e1lata<\/title>\n<meta name=\"robots\" content=\"index, follow, max-snippet:-1, max-image-preview:large, max-video-preview:-1\" \/>\n<link rel=\"canonical\" href=\"https:\/\/chacrys.com\/hu\/kristalyok\/amazonit-kristaly-jelentese-elonyei-gyogyito-tulajdonsagai-es-hasznalata\/\" \/>\n<meta property=\"og:locale\" content=\"hu_HU\" \/>\n<meta property=\"og:type\" content=\"article\" \/>\n<meta property=\"og:title\" content=\"Amazonit jelent\u00e9se, az Amazonit krist\u00e1ly el\u0151nyei \u00e9s haszn\u00e1lata\" \/>\n<meta property=\"og:description\" content=\"Mi az amazonit? Valaki egyszer \u00fagy \u00edrta le az amazonitot, mint egy rep\u00fcl\u0151g\u00e9p ablak\u00e1b\u00f3l megpillantott lag\u00fana sz\u00edn\u00e9t &#8211; cs\u00e1b\u00edt\u00f3 t\u00fcrkizk\u00e9k\" \/>\n<meta property=\"og:url\" content=\"https:\/\/chacrys.com\/hu\/kristalyok\/amazonit-kristaly-jelentese-elonyei-gyogyito-tulajdonsagai-es-hasznalata\/\" \/>\n<meta property=\"og:site_name\" content=\"Chacrys\" \/>\n<meta property=\"article:publisher\" content=\"https:\/\/www.facebook.com\/chacryscrystal\" \/>\n<meta property=\"article:modified_time\" content=\"2026-02-10T10:13:15+00:00\" \/>\n<meta name=\"twitter:card\" content=\"summary_large_image\" \/>\n<meta name=\"twitter:label1\" content=\"Becs\u00fclt olvas\u00e1si id\u0151\" \/>\n\t<meta name=\"twitter:data1\" content=\"3 perc\" \/>\n<script type=\"application\/ld+json\" class=\"yoast-schema-graph\">{\"@context\":\"https:\\\/\\\/schema.org\",\"@graph\":[{\"@type\":\"WebPage\",\"@id\":\"https:\\\/\\\/chacrys.com\\\/hu\\\/kristalyok\\\/amazonit-kristaly-jelentese-elonyei-gyogyito-tulajdonsagai-es-hasznalata\\\/\",\"url\":\"https:\\\/\\\/chacrys.com\\\/hu\\\/kristalyok\\\/amazonit-kristaly-jelentese-elonyei-gyogyito-tulajdonsagai-es-hasznalata\\\/\",\"name\":\"Amazonit jelent\u00e9se, az Amazonit krist\u00e1ly el\u0151nyei \u00e9s haszn\u00e1lata\",\"isPartOf\":{\"@id\":\"https:\\\/\\\/chacrys.com\\\/hu\\\/#website\"},\"datePublished\":\"2025-07-06T16:32:53+00:00\",\"dateModified\":\"2026-02-10T10:13:15+00:00\",\"breadcrumb\":{\"@id\":\"https:\\\/\\\/chacrys.com\\\/hu\\\/kristalyok\\\/amazonit-kristaly-jelentese-elonyei-gyogyito-tulajdonsagai-es-hasznalata\\\/#breadcrumb\"},\"inLanguage\":\"hu\",\"potentialAction\":[{\"@type\":\"ReadAction\",\"target\":[\"https:\\\/\\\/chacrys.com\\\/hu\\\/kristalyok\\\/amazonit-kristaly-jelentese-elonyei-gyogyito-tulajdonsagai-es-hasznalata\\\/\"]}]},{\"@type\":\"BreadcrumbList\",\"@id\":\"https:\\\/\\\/chacrys.com\\\/hu\\\/kristalyok\\\/amazonit-kristaly-jelentese-elonyei-gyogyito-tulajdonsagai-es-hasznalata\\\/#breadcrumb\",\"itemListElement\":[{\"@type\":\"ListItem\",\"position\":1,\"name\":\"Home\",\"item\":\"https:\\\/\\\/chacrys.com\\\/hu\\\/\"},{\"@type\":\"ListItem\",\"position\":2,\"name\":\"Krist\u00e1lyok\",\"item\":\"https:\\\/\\\/chacrys.com\\\/hu\\\/kristalyok\\\/\"},{\"@type\":\"ListItem\",\"position\":3,\"name\":\"Amazonit krist\u00e1ly jelent\u00e9se, el\u0151nyei, gy\u00f3gy\u00edt\u00f3 tulajdons\u00e1gai \u00e9s haszn\u00e1lata\"}]},{\"@type\":\"WebSite\",\"@id\":\"https:\\\/\\\/chacrys.com\\\/hu\\\/#website\",\"url\":\"https:\\\/\\\/chacrys.com\\\/hu\\\/\",\"name\":\"Chacrys\",\"description\":\"Chacrys\",\"publisher\":{\"@id\":\"https:\\\/\\\/chacrys.com\\\/hu\\\/#organization\"},\"potentialAction\":[{\"@type\":\"SearchAction\",\"target\":{\"@type\":\"EntryPoint\",\"urlTemplate\":\"https:\\\/\\\/chacrys.com\\\/hu\\\/?s={search_term_string}\"},\"query-input\":{\"@type\":\"PropertyValueSpecification\",\"valueRequired\":true,\"valueName\":\"search_term_string\"}}],\"inLanguage\":\"hu\"},{\"@type\":\"Organization\",\"@id\":\"https:\\\/\\\/chacrys.com\\\/hu\\\/#organization\",\"name\":\"Chacrys\",\"url\":\"https:\\\/\\\/chacrys.com\\\/hu\\\/\",\"logo\":{\"@type\":\"ImageObject\",\"inLanguage\":\"hu\",\"@id\":\"https:\\\/\\\/chacrys.com\\\/hu\\\/#\\\/schema\\\/logo\\\/image\\\/\",\"url\":\"https:\\\/\\\/chacrys.com\\\/wp-content\\\/uploads\\\/2024\\\/11\\\/cropped-FRANJULIA-6.png\",\"contentUrl\":\"https:\\\/\\\/chacrys.com\\\/wp-content\\\/uploads\\\/2024\\\/11\\\/cropped-FRANJULIA-6.png\",\"width\":512,\"height\":512,\"caption\":\"Chacrys\"},\"image\":{\"@id\":\"https:\\\/\\\/chacrys.com\\\/hu\\\/#\\\/schema\\\/logo\\\/image\\\/\"},\"sameAs\":[\"https:\\\/\\\/www.facebook.com\\\/chacryscrystal\",\"https:\\\/\\\/www.instagram.com\\\/chacrys\\\/\",\"https:\\\/\\\/www.pinterest.com\\\/chacryscrystalbed\\\/\",\"https:\\\/\\\/www.youtube.com\\\/@chacrysofficial9667\"]}]}<\/script>\n<!-- \/ Yoast SEO plugin. -->","yoast_head_json":{"title":"Amazonit jelent\u00e9se, az Amazonit krist\u00e1ly el\u0151nyei \u00e9s haszn\u00e1lata","robots":{"index":"index","follow":"follow","max-snippet":"max-snippet:-1","max-image-preview":"max-image-preview:large","max-video-preview":"max-video-preview:-1"},"canonical":"https:\/\/chacrys.com\/hu\/kristalyok\/amazonit-kristaly-jelentese-elonyei-gyogyito-tulajdonsagai-es-hasznalata\/","og_locale":"hu_HU","og_type":"article","og_title":"Amazonit jelent\u00e9se, az Amazonit krist\u00e1ly el\u0151nyei \u00e9s haszn\u00e1lata","og_description":"Mi az amazonit? Valaki egyszer \u00fagy \u00edrta le az amazonitot, mint egy rep\u00fcl\u0151g\u00e9p ablak\u00e1b\u00f3l megpillantott lag\u00fana sz\u00edn\u00e9t &#8211; cs\u00e1b\u00edt\u00f3 t\u00fcrkizk\u00e9k","og_url":"https:\/\/chacrys.com\/hu\/kristalyok\/amazonit-kristaly-jelentese-elonyei-gyogyito-tulajdonsagai-es-hasznalata\/","og_site_name":"Chacrys","article_publisher":"https:\/\/www.facebook.com\/chacryscrystal","article_modified_time":"2026-02-10T10:13:15+00:00","twitter_card":"summary_large_image","twitter_misc":{"Becs\u00fclt olvas\u00e1si id\u0151":"3 perc"},"schema":{"@context":"https:\/\/schema.org","@graph":[{"@type":"WebPage","@id":"https:\/\/chacrys.com\/hu\/kristalyok\/amazonit-kristaly-jelentese-elonyei-gyogyito-tulajdonsagai-es-hasznalata\/","url":"https:\/\/chacrys.com\/hu\/kristalyok\/amazonit-kristaly-jelentese-elonyei-gyogyito-tulajdonsagai-es-hasznalata\/","name":"Amazonit jelent\u00e9se, az Amazonit krist\u00e1ly el\u0151nyei \u00e9s haszn\u00e1lata","isPartOf":{"@id":"https:\/\/chacrys.com\/hu\/#website"},"datePublished":"2025-07-06T16:32:53+00:00","dateModified":"2026-02-10T10:13:15+00:00","breadcrumb":{"@id":"https:\/\/chacrys.com\/hu\/kristalyok\/amazonit-kristaly-jelentese-elonyei-gyogyito-tulajdonsagai-es-hasznalata\/#breadcrumb"},"inLanguage":"hu","potentialAction":[{"@type":"ReadAction","target":["https:\/\/chacrys.com\/hu\/kristalyok\/amazonit-kristaly-jelentese-elonyei-gyogyito-tulajdonsagai-es-hasznalata\/"]}]},{"@type":"BreadcrumbList","@id":"https:\/\/chacrys.com\/hu\/kristalyok\/amazonit-kristaly-jelentese-elonyei-gyogyito-tulajdonsagai-es-hasznalata\/#breadcrumb","itemListElement":[{"@type":"ListItem","position":1,"name":"Home","item":"https:\/\/chacrys.com\/hu\/"},{"@type":"ListItem","position":2,"name":"Krist\u00e1lyok","item":"https:\/\/chacrys.com\/hu\/kristalyok\/"},{"@type":"ListItem","position":3,"name":"Amazonit krist\u00e1ly jelent\u00e9se, el\u0151nyei, gy\u00f3gy\u00edt\u00f3 tulajdons\u00e1gai \u00e9s haszn\u00e1lata"}]},{"@type":"WebSite","@id":"https:\/\/chacrys.com\/hu\/#website","url":"https:\/\/chacrys.com\/hu\/","name":"Chacrys","description":"Chacrys","publisher":{"@id":"https:\/\/chacrys.com\/hu\/#organization"},"potentialAction":[{"@type":"SearchAction","target":{"@type":"EntryPoint","urlTemplate":"https:\/\/chacrys.com\/hu\/?s={search_term_string}"},"query-input":{"@type":"PropertyValueSpecification","valueRequired":true,"valueName":"search_term_string"}}],"inLanguage":"hu"},{"@type":"Organization","@id":"https:\/\/chacrys.com\/hu\/#organization","name":"Chacrys","url":"https:\/\/chacrys.com\/hu\/","logo":{"@type":"ImageObject","inLanguage":"hu","@id":"https:\/\/chacrys.com\/hu\/#\/schema\/logo\/image\/","url":"https:\/\/chacrys.com\/wp-content\/uploads\/2024\/11\/cropped-FRANJULIA-6.png","contentUrl":"https:\/\/chacrys.com\/wp-content\/uploads\/2024\/11\/cropped-FRANJULIA-6.png","width":512,"height":512,"caption":"Chacrys"},"image":{"@id":"https:\/\/chacrys.com\/hu\/#\/schema\/logo\/image\/"},"sameAs":["https:\/\/www.facebook.com\/chacryscrystal","https:\/\/www.instagram.com\/chacrys\/","https:\/\/www.pinterest.com\/chacryscrystalbed\/","https:\/\/www.youtube.com\/@chacrysofficial9667"]}]}},"_links":{"self":[{"href":"https:\/\/chacrys.com\/hu\/wp-json\/wp\/v2\/pages\/33065","targetHints":{"allow":["GET"]}}],"collection":[{"href":"https:\/\/chacrys.com\/hu\/wp-json\/wp\/v2\/pages"}],"about":[{"href":"https:\/\/chacrys.com\/hu\/wp-json\/wp\/v2\/types\/page"}],"author":[{"embeddable":true,"href":"https:\/\/chacrys.com\/hu\/wp-json\/wp\/v2\/users\/1"}],"replies":[{"embeddable":true,"href":"https:\/\/chacrys.com\/hu\/wp-json\/wp\/v2\/comments?post=33065"}],"version-history":[{"count":3,"href":"https:\/\/chacrys.com\/hu\/wp-json\/wp\/v2\/pages\/33065\/revisions"}],"predecessor-version":[{"id":34461,"href":"https:\/\/chacrys.com\/hu\/wp-json\/wp\/v2\/pages\/33065\/revisions\/34461"}],"up":[{"embeddable":true,"href":"https:\/\/chacrys.com\/hu\/wp-json\/wp\/v2\/pages\/33019"}],"wp:attachment":[{"href":"https:\/\/chacrys.com\/hu\/wp-json\/wp\/v2\/media?parent=33065"}],"curies":[{"name":"wp","href":"https:\/\/api.w.org\/{rel}","templated":true}]}}