{"id":33056,"date":"2025-06-15T04:38:10","date_gmt":"2025-06-15T04:38:10","guid":{"rendered":"https:\/\/chacrys.com\/kristalyok\/ame-ko-ametrine-kristaly-jelentese-elonyei-gyogyito-tulajdonsagai-es-hasznalata\/"},"modified":"2025-06-15T04:34:36","modified_gmt":"2025-06-15T04:34:36","slug":"ame-ko-ametrine-kristaly-jelentese-elonyei-gyogyito-tulajdonsagai-es-hasznalata","status":"publish","type":"page","link":"https:\/\/chacrys.com\/hu\/kristalyok\/ame-ko-ametrine-kristaly-jelentese-elonyei-gyogyito-tulajdonsagai-es-hasznalata\/","title":{"rendered":"Ame k\u0151 (Ametrine) krist\u00e1ly &#8211; jelent\u00e9se, el\u0151nyei, gy\u00f3gy\u00edt\u00f3 tulajdons\u00e1gai \u00e9s haszn\u00e1lata"},"content":{"rendered":"<h2 style=\"font-size:28px\">Mi az az Ame Stone (Ametrine)?<\/h2>\n<div style=\"font-size:22px\">Az ametrin az ametiszt \u00e9s a citrin kombin\u00e1ci\u00f3ja egyetlen krist\u00e1lyban, ami lila \u00e9s arany \u00e1rnyalatokat eredm\u00e9nyez.<\/div>\n<h2 style=\"font-size:28px\">Az Ame Stone (Ametrine) el\u0151nyei<\/h2>\n<div style=\"font-size:22px\">Az ametrin az ametiszt nyugtat\u00f3 energi\u00e1j\u00e1t \u00f6tv\u00f6zi a citrin energetiz\u00e1l\u00f3 tulajdons\u00e1gaival. Seg\u00edt a ment\u00e1lis tiszt\u00e1nl\u00e1t\u00e1sban, a d\u00f6nt\u00e9shozatalban, \u00e9s egyens\u00falyt teremt a kreat\u00edv \u00e9s az analitikus gondolkod\u00e1s k\u00f6z\u00f6tt. <\/div>\n<h2 style=\"font-size:28px\"><span data-sheets-root=\"1\">Hogyan kell haszn\u00e1lni az Ame Stone-t (Ametrine)?<\/span><\/h2>\n<div style=\"font-size:22px\">Helyezze az \u00edr\u00f3asztal\u00e1ra, hogy fokozza a koncentr\u00e1ci\u00f3t, vagy medit\u00e1ljon vele a bel\u00e1t\u00e1s \u00e9s a kiegyens\u00falyozott gondolkod\u00e1s \u00e9rdek\u00e9ben.<\/div>\n<h2 style=\"font-size:28px\">Az Ame k\u0151 (Ametrine) gy\u00f3gy\u00edt\u00f3 tulajdons\u00e1gai<\/h2>\n<div style=\"font-size:22px\">Az ametrin egyedi sz\u00ednezet\u00e9t a krist\u00e1lyban l\u00e9v\u0151 vas k\u00fcl\u00f6nb\u00f6z\u0151 oxid\u00e1ci\u00f3s \u00e1llapota adja.<\/div>\n<h2 style=\"font-size:28px\"><span data-sheets-root=\"1\">Ame Stone (Ametrine) tiszt\u00edt\u00e1s \u00e9s karbantart\u00e1s<\/span><\/h2>\n<div style=\"font-size:22px\">Tiszt\u00edtsa meg langyos v\u00edzzel \u00e9s puha ruh\u00e1val. Ker\u00fclje a tart\u00f3s napf\u00e9nynek val\u00f3 kitetts\u00e9get. <\/div>\n","protected":false},"excerpt":{"rendered":"<p>Mi az az Ame Stone (Ametrine)? Az ametrin az ametiszt \u00e9s a citrin kombin\u00e1ci\u00f3ja egyetlen krist\u00e1lyban, ami lila \u00e9s arany<\/p>\n","protected":false},"author":1,"featured_media":0,"parent":33019,"menu_order":0,"comment_status":"closed","ping_status":"closed","template":"","meta":{"footnotes":""},"class_list":["post-33056","page","type-page","status-publish","hentry"],"yoast_head":"<!-- This site is optimized with the Yoast SEO plugin v27.4 - https:\/\/yoast.com\/product\/yoast-seo-wordpress\/ -->\n<title>Ame k\u0151 (Ametrine) krist\u00e1ly - jelent\u00e9se, el\u0151nyei, gy\u00f3gy\u00edt\u00f3 tulajdons\u00e1gai \u00e9s haszn\u00e1lata - Chacrys<\/title>\n<meta name=\"robots\" content=\"index, follow, max-snippet:-1, max-image-preview:large, max-video-preview:-1\" \/>\n<link rel=\"canonical\" href=\"https:\/\/chacrys.com\/hu\/kristalyok\/ame-ko-ametrine-kristaly-jelentese-elonyei-gyogyito-tulajdonsagai-es-hasznalata\/\" \/>\n<meta property=\"og:locale\" content=\"hu_HU\" \/>\n<meta property=\"og:type\" content=\"article\" \/>\n<meta property=\"og:title\" content=\"Ame k\u0151 (Ametrine) krist\u00e1ly - jelent\u00e9se, el\u0151nyei, gy\u00f3gy\u00edt\u00f3 tulajdons\u00e1gai \u00e9s haszn\u00e1lata - Chacrys\" \/>\n<meta property=\"og:description\" content=\"Mi az az Ame Stone (Ametrine)? Az ametrin az ametiszt \u00e9s a citrin kombin\u00e1ci\u00f3ja egyetlen krist\u00e1lyban, ami lila \u00e9s arany\" \/>\n<meta property=\"og:url\" content=\"https:\/\/chacrys.com\/hu\/kristalyok\/ame-ko-ametrine-kristaly-jelentese-elonyei-gyogyito-tulajdonsagai-es-hasznalata\/\" \/>\n<meta property=\"og:site_name\" content=\"Chacrys\" \/>\n<meta property=\"article:publisher\" content=\"https:\/\/www.facebook.com\/chacryscrystal\" \/>\n<meta name=\"twitter:card\" content=\"summary_large_image\" \/>\n<meta name=\"twitter:label1\" content=\"Becs\u00fclt olvas\u00e1si id\u0151\" \/>\n\t<meta name=\"twitter:data1\" content=\"1 perc\" \/>\n<script type=\"application\/ld+json\" class=\"yoast-schema-graph\">{\"@context\":\"https:\\\/\\\/schema.org\",\"@graph\":[{\"@type\":\"WebPage\",\"@id\":\"https:\\\/\\\/chacrys.com\\\/hu\\\/kristalyok\\\/ame-ko-ametrine-kristaly-jelentese-elonyei-gyogyito-tulajdonsagai-es-hasznalata\\\/\",\"url\":\"https:\\\/\\\/chacrys.com\\\/hu\\\/kristalyok\\\/ame-ko-ametrine-kristaly-jelentese-elonyei-gyogyito-tulajdonsagai-es-hasznalata\\\/\",\"name\":\"Ame k\u0151 (Ametrine) krist\u00e1ly - jelent\u00e9se, el\u0151nyei, gy\u00f3gy\u00edt\u00f3 tulajdons\u00e1gai \u00e9s haszn\u00e1lata - Chacrys\",\"isPartOf\":{\"@id\":\"https:\\\/\\\/chacrys.com\\\/hu\\\/#website\"},\"datePublished\":\"2025-06-15T04:38:10+00:00\",\"breadcrumb\":{\"@id\":\"https:\\\/\\\/chacrys.com\\\/hu\\\/kristalyok\\\/ame-ko-ametrine-kristaly-jelentese-elonyei-gyogyito-tulajdonsagai-es-hasznalata\\\/#breadcrumb\"},\"inLanguage\":\"hu\",\"potentialAction\":[{\"@type\":\"ReadAction\",\"target\":[\"https:\\\/\\\/chacrys.com\\\/hu\\\/kristalyok\\\/ame-ko-ametrine-kristaly-jelentese-elonyei-gyogyito-tulajdonsagai-es-hasznalata\\\/\"]}]},{\"@type\":\"BreadcrumbList\",\"@id\":\"https:\\\/\\\/chacrys.com\\\/hu\\\/kristalyok\\\/ame-ko-ametrine-kristaly-jelentese-elonyei-gyogyito-tulajdonsagai-es-hasznalata\\\/#breadcrumb\",\"itemListElement\":[{\"@type\":\"ListItem\",\"position\":1,\"name\":\"Home\",\"item\":\"https:\\\/\\\/chacrys.com\\\/hu\\\/\"},{\"@type\":\"ListItem\",\"position\":2,\"name\":\"Krist\u00e1lyok\",\"item\":\"https:\\\/\\\/chacrys.com\\\/hu\\\/kristalyok\\\/\"},{\"@type\":\"ListItem\",\"position\":3,\"name\":\"Ame k\u0151 (Ametrine) krist\u00e1ly &#8211; jelent\u00e9se, el\u0151nyei, gy\u00f3gy\u00edt\u00f3 tulajdons\u00e1gai \u00e9s haszn\u00e1lata\"}]},{\"@type\":\"WebSite\",\"@id\":\"https:\\\/\\\/chacrys.com\\\/hu\\\/#website\",\"url\":\"https:\\\/\\\/chacrys.com\\\/hu\\\/\",\"name\":\"Chacrys\",\"description\":\"Chacrys\",\"publisher\":{\"@id\":\"https:\\\/\\\/chacrys.com\\\/hu\\\/#organization\"},\"potentialAction\":[{\"@type\":\"SearchAction\",\"target\":{\"@type\":\"EntryPoint\",\"urlTemplate\":\"https:\\\/\\\/chacrys.com\\\/hu\\\/?s={search_term_string}\"},\"query-input\":{\"@type\":\"PropertyValueSpecification\",\"valueRequired\":true,\"valueName\":\"search_term_string\"}}],\"inLanguage\":\"hu\"},{\"@type\":\"Organization\",\"@id\":\"https:\\\/\\\/chacrys.com\\\/hu\\\/#organization\",\"name\":\"Chacrys\",\"url\":\"https:\\\/\\\/chacrys.com\\\/hu\\\/\",\"logo\":{\"@type\":\"ImageObject\",\"inLanguage\":\"hu\",\"@id\":\"https:\\\/\\\/chacrys.com\\\/hu\\\/#\\\/schema\\\/logo\\\/image\\\/\",\"url\":\"https:\\\/\\\/chacrys.com\\\/wp-content\\\/uploads\\\/2024\\\/11\\\/cropped-FRANJULIA-6.png\",\"contentUrl\":\"https:\\\/\\\/chacrys.com\\\/wp-content\\\/uploads\\\/2024\\\/11\\\/cropped-FRANJULIA-6.png\",\"width\":512,\"height\":512,\"caption\":\"Chacrys\"},\"image\":{\"@id\":\"https:\\\/\\\/chacrys.com\\\/hu\\\/#\\\/schema\\\/logo\\\/image\\\/\"},\"sameAs\":[\"https:\\\/\\\/www.facebook.com\\\/chacryscrystal\",\"https:\\\/\\\/www.instagram.com\\\/chacrys\\\/\",\"https:\\\/\\\/www.pinterest.com\\\/chacryscrystalbed\\\/\",\"https:\\\/\\\/www.youtube.com\\\/@chacrysofficial9667\"]}]}<\/script>\n<!-- \/ Yoast SEO plugin. -->","yoast_head_json":{"title":"Ame k\u0151 (Ametrine) krist\u00e1ly - jelent\u00e9se, el\u0151nyei, gy\u00f3gy\u00edt\u00f3 tulajdons\u00e1gai \u00e9s haszn\u00e1lata - Chacrys","robots":{"index":"index","follow":"follow","max-snippet":"max-snippet:-1","max-image-preview":"max-image-preview:large","max-video-preview":"max-video-preview:-1"},"canonical":"https:\/\/chacrys.com\/hu\/kristalyok\/ame-ko-ametrine-kristaly-jelentese-elonyei-gyogyito-tulajdonsagai-es-hasznalata\/","og_locale":"hu_HU","og_type":"article","og_title":"Ame k\u0151 (Ametrine) krist\u00e1ly - jelent\u00e9se, el\u0151nyei, gy\u00f3gy\u00edt\u00f3 tulajdons\u00e1gai \u00e9s haszn\u00e1lata - Chacrys","og_description":"Mi az az Ame Stone (Ametrine)? Az ametrin az ametiszt \u00e9s a citrin kombin\u00e1ci\u00f3ja egyetlen krist\u00e1lyban, ami lila \u00e9s arany","og_url":"https:\/\/chacrys.com\/hu\/kristalyok\/ame-ko-ametrine-kristaly-jelentese-elonyei-gyogyito-tulajdonsagai-es-hasznalata\/","og_site_name":"Chacrys","article_publisher":"https:\/\/www.facebook.com\/chacryscrystal","twitter_card":"summary_large_image","twitter_misc":{"Becs\u00fclt olvas\u00e1si id\u0151":"1 perc"},"schema":{"@context":"https:\/\/schema.org","@graph":[{"@type":"WebPage","@id":"https:\/\/chacrys.com\/hu\/kristalyok\/ame-ko-ametrine-kristaly-jelentese-elonyei-gyogyito-tulajdonsagai-es-hasznalata\/","url":"https:\/\/chacrys.com\/hu\/kristalyok\/ame-ko-ametrine-kristaly-jelentese-elonyei-gyogyito-tulajdonsagai-es-hasznalata\/","name":"Ame k\u0151 (Ametrine) krist\u00e1ly - jelent\u00e9se, el\u0151nyei, gy\u00f3gy\u00edt\u00f3 tulajdons\u00e1gai \u00e9s haszn\u00e1lata - Chacrys","isPartOf":{"@id":"https:\/\/chacrys.com\/hu\/#website"},"datePublished":"2025-06-15T04:38:10+00:00","breadcrumb":{"@id":"https:\/\/chacrys.com\/hu\/kristalyok\/ame-ko-ametrine-kristaly-jelentese-elonyei-gyogyito-tulajdonsagai-es-hasznalata\/#breadcrumb"},"inLanguage":"hu","potentialAction":[{"@type":"ReadAction","target":["https:\/\/chacrys.com\/hu\/kristalyok\/ame-ko-ametrine-kristaly-jelentese-elonyei-gyogyito-tulajdonsagai-es-hasznalata\/"]}]},{"@type":"BreadcrumbList","@id":"https:\/\/chacrys.com\/hu\/kristalyok\/ame-ko-ametrine-kristaly-jelentese-elonyei-gyogyito-tulajdonsagai-es-hasznalata\/#breadcrumb","itemListElement":[{"@type":"ListItem","position":1,"name":"Home","item":"https:\/\/chacrys.com\/hu\/"},{"@type":"ListItem","position":2,"name":"Krist\u00e1lyok","item":"https:\/\/chacrys.com\/hu\/kristalyok\/"},{"@type":"ListItem","position":3,"name":"Ame k\u0151 (Ametrine) krist\u00e1ly &#8211; jelent\u00e9se, el\u0151nyei, gy\u00f3gy\u00edt\u00f3 tulajdons\u00e1gai \u00e9s haszn\u00e1lata"}]},{"@type":"WebSite","@id":"https:\/\/chacrys.com\/hu\/#website","url":"https:\/\/chacrys.com\/hu\/","name":"Chacrys","description":"Chacrys","publisher":{"@id":"https:\/\/chacrys.com\/hu\/#organization"},"potentialAction":[{"@type":"SearchAction","target":{"@type":"EntryPoint","urlTemplate":"https:\/\/chacrys.com\/hu\/?s={search_term_string}"},"query-input":{"@type":"PropertyValueSpecification","valueRequired":true,"valueName":"search_term_string"}}],"inLanguage":"hu"},{"@type":"Organization","@id":"https:\/\/chacrys.com\/hu\/#organization","name":"Chacrys","url":"https:\/\/chacrys.com\/hu\/","logo":{"@type":"ImageObject","inLanguage":"hu","@id":"https:\/\/chacrys.com\/hu\/#\/schema\/logo\/image\/","url":"https:\/\/chacrys.com\/wp-content\/uploads\/2024\/11\/cropped-FRANJULIA-6.png","contentUrl":"https:\/\/chacrys.com\/wp-content\/uploads\/2024\/11\/cropped-FRANJULIA-6.png","width":512,"height":512,"caption":"Chacrys"},"image":{"@id":"https:\/\/chacrys.com\/hu\/#\/schema\/logo\/image\/"},"sameAs":["https:\/\/www.facebook.com\/chacryscrystal","https:\/\/www.instagram.com\/chacrys\/","https:\/\/www.pinterest.com\/chacryscrystalbed\/","https:\/\/www.youtube.com\/@chacrysofficial9667"]}]}},"_links":{"self":[{"href":"https:\/\/chacrys.com\/hu\/wp-json\/wp\/v2\/pages\/33056","targetHints":{"allow":["GET"]}}],"collection":[{"href":"https:\/\/chacrys.com\/hu\/wp-json\/wp\/v2\/pages"}],"about":[{"href":"https:\/\/chacrys.com\/hu\/wp-json\/wp\/v2\/types\/page"}],"author":[{"embeddable":true,"href":"https:\/\/chacrys.com\/hu\/wp-json\/wp\/v2\/users\/1"}],"replies":[{"embeddable":true,"href":"https:\/\/chacrys.com\/hu\/wp-json\/wp\/v2\/comments?post=33056"}],"version-history":[{"count":0,"href":"https:\/\/chacrys.com\/hu\/wp-json\/wp\/v2\/pages\/33056\/revisions"}],"up":[{"embeddable":true,"href":"https:\/\/chacrys.com\/hu\/wp-json\/wp\/v2\/pages\/33019"}],"wp:attachment":[{"href":"https:\/\/chacrys.com\/hu\/wp-json\/wp\/v2\/media?parent=33056"}],"curies":[{"name":"wp","href":"https:\/\/api.w.org\/{rel}","templated":true}]}}