{"id":33055,"date":"2025-07-06T16:32:53","date_gmt":"2025-07-06T16:32:53","guid":{"rendered":"https:\/\/chacrys.com\/kristalyok\/ametiszt-kristaly-jelentese-elonyei-gyogyito-tulajdonsagai-es-hasznalata\/"},"modified":"2026-02-10T11:13:28","modified_gmt":"2026-02-10T10:13:28","slug":"ametiszt-kristaly-jelentese-elonyei-gyogyito-tulajdonsagai-es-hasznalata","status":"publish","type":"page","link":"https:\/\/chacrys.com\/hu\/kristalyok\/ametiszt-kristaly-jelentese-elonyei-gyogyito-tulajdonsagai-es-hasznalata\/","title":{"rendered":"Ametiszt krist\u00e1ly &#8211; jelent\u00e9se, el\u0151nyei, gy\u00f3gy\u00edt\u00f3 tulajdons\u00e1gai \u00e9s haszn\u00e1lata"},"content":{"rendered":"<h2 style=\"font-size:28px\">Mi az az ametiszt?<\/h2>\n<div style=\"font-size:22px\">Ha az alkonyat krist\u00e1lyosodna, \u00fagy n\u00e9zne ki, mint az ametiszt: a kir\u00e1lyi ibolya az \u00e9jf\u00e9li indig\u00f3k\u00e9kbe torkollik. Ez a kvarc olyan geod\u00e1kban keletkezett, ahol a szil\u00edcium-dioxidban gazdag folyad\u00e9kok lassan h\u0171ltek le, \u00e9s \u00e1rnyalat\u00e1t a vas szennyez\u0151d\u00e9seknek \u00e9s az \u0151si gamma-sug\u00e1rz\u00e1snak k\u00f6sz\u00f6nheti. A k\u00f6z\u00e9pkori szerzetesek serlegeket faragtak bel\u0151le, hogy &#8222;el\u0171zz\u00e9k a r\u00e9szegs\u00e9get&#8221;, b\u00e1r a gyakorlatban val\u00f3sz\u00edn\u0171leg csak lassabban ittak &#8211; azokat a s\u00falyos poharakat neh\u00e9z volt meginni. \u00c9vek \u00f3ta tartok egy katedr\u00e1lis st\u00edlus\u00fa geod\u00e1t a ter\u00e1pi\u00e1s sz\u00e9kem mellett; barlangi m\u00e9lys\u00e9ge a k\u00f6nyvt\u00e1rakhoz hasonl\u00f3an csendre h\u00edv.   <\/div>\n<h2 style=\"font-size:28px\">Az ametiszt el\u0151nyei<\/h2>\n<div style=\"font-size:22px\">\u00c1lmatlans\u00e1g, hurokszer\u0171 gondolatok, fesz\u00fclts\u00e9g okozta fejf\u00e1j\u00e1s &#8211; mind gyakori panaszok, amikor az \u00fcgyfelek el\u0151sz\u00f6r bet\u00e9rnek. Ha egy kis ametisztf\u00fcrt\u00f6t tesz\u00fcnk az \u00e9jjeliszekr\u00e9nyre, az vizu\u00e1lis altat\u00f3dalk\u00e9nt hat; a l\u00e1gy levendula szikr\u00e1z\u00e1sa a testet a pihen\u00e9s fel\u00e9 tereli. Egy PTSD workshopon egy veter\u00e1n azt mondta nekem, hogy a h\u00fcvelykujj k\u00f6v\u00e9t markolva olyan \u00e9rz\u00e9s volt, mintha &#8222;a p\u00e1rna h\u0171v\u00f6s oldal\u00e1t fogn\u00e1m nappal&#8221;. Az emberek arr\u00f3l is besz\u00e1molnak, hogy az intu\u00edci\u00f3juk \u00e9lesedik \u00e9s szel\u00eddebb\u00e9 v\u00e1lik az \u00f6nbesz\u00e9d\u00fck. Ne feledje: a krist\u00e1lyok el\u0151seg\u00edthetik a ritu\u00e1l\u00e9kat, a ritu\u00e1l\u00e9k szok\u00e1sokat \u00e9p\u00edtenek, de a ment\u00e1lis eg\u00e9szs\u00e9ggel foglalkoz\u00f3 szakemberek z\u00e1rj\u00e1k a k\u00f6rt.    <\/div>\n<h2 style=\"font-size:28px\"><span data-sheets-root=\"1\">Hogyan haszn\u00e1ljuk az ametisztet?<\/span><\/h2>\n<div style=\"font-size:22px\">Helyezzen egy geod\u00e9t a router mell\u00e9; a k\u0151 organikus r\u00e1csa ellent\u00e9tben \u00e1ll a z\u00fcmm\u00f6g\u0151 elektronik\u00e1val, eml\u00e9keztetve arra, hogy lefekv\u00e9s el\u0151tt egy \u00f3r\u00e1val ki kell kapcsolni a konnektorb\u00f3l. Medit\u00e1ci\u00f3 k\u00f6zben \u00e1ll\u00edts egy pontot a szem\u00f6ld\u00f6k\u00f6d k\u00f6z\u00e9; hagyd, hogy a tekinteted elmos\u00f3djon, hagyd, hogy az ibolyasz\u00edn\u0171 gl\u00f3ria l\u00e1gy\u00edtsa a tolakod\u00f3 gondolatokat. K\u00e9sz\u00edtsen holdvizes inf\u00fazi\u00f3t, ha a k\u00f6vet egy t\u00e1l sz\u0171rt v\u00edz f\u00f6l\u00e9 f\u00fcggeszti &#8211; nem mer\u00edti al\u00e1 &#8211; a szabadban; ha \u00fagy \u00e9rzi, hogy ez t\u00e1mogat\u00f3an hat, m\u00e1snap reggel igya meg a vizet. (A k\u00f6zvetlen elix\u00edr kock\u00e1zatos, mert apr\u00f3 szil\u00e1nkok t\u00f6rhetnek le.)   <\/div>\n<h2 style=\"font-size:28px\">Az ametiszt gy\u00f3gy\u00edt\u00f3 tulajdons\u00e1gai<\/h2>\n<div style=\"font-size:22px\">A sz\u00ednsk\u00e1la a lila k\u00f6dt\u0151l a m\u00e9ly szilvasz\u00ednig terjed, n\u00e9ha \u00e9k alak\u00fa cs\u00edkokkal s\u00e1vozva. Kem\u00e9nys\u00e9ge 7, \u00e9kszerekhez el\u00e9g er\u0151s. A geol\u00f3giai forr\u00f3 pontok k\u00f6z\u00e9 tartozik a braz\u00edliai Minas Gerais, Uruguay \u00e9s Szib\u00e9ria havas lejt\u0151i. Energetikai t\u00e9m\u00e1i a nyugalom, a spiritu\u00e1lis r\u00e1hangol\u00f3d\u00e1s \u00e9s az \u00e1lomfelid\u00e9z\u00e9s k\u00f6r\u00fcl forognak.   <\/div>\n<h2 style=\"font-size:28px\"><span data-sheets-root=\"1\">Amethyst tiszt\u00edt\u00e1s \u00e9s karbantart\u00e1s<\/span><\/h2>\n<div style=\"font-size:22px\">Az ametiszt brut\u00e1lis napf\u00e9nyben \u00fagy fakul, mint a r\u00e9gi tinta; tartsa r\u00f6vid ideig a napf\u00e9nynek val\u00f3 kitetts\u00e9get. Hetente egyszer \u00f6bl\u00edtse le hideg csapv\u00edz alatt, \u00e9s ujjbegyeivel sim\u00edtsa le a port. A m\u00e9lyebb tisztul\u00e1s \u00e9rdek\u00e9ben f\u00fajjon palo santo f\u00fcst\u00f6t a hegyei k\u00f6r\u00fcl &#8211; az aroma \u00f6sszek\u00f6ti az eml\u00e9keket a ritu\u00e1l\u00e9val. Ker\u00fclje a d\u00f6rzs\u00f6l\u0151 tiszt\u00edt\u00f3szereket, amelyek megkarcolj\u00e1k az \u00fcveges cs\u00facsokat. T\u00e1rolja f\u00fcgg\u0151legesen, hogy a k\u00e9nyes v\u00e9gz\u0151d\u00e9sek ne t\u00f6rjenek el a nehezebb k\u00f6vek s\u00falya alatt.    <\/div>\n\n<h2 class=\"wp-block-heading\" id=\"h-you-might-also-be-interested-in\">Ez is \u00e9rdekelheti \u00d6nt<\/h2>\n\n<ul class=\"wp-block-list\">\n<li><a href=\"https:\/\/chacrys.com\/hu\/kristalyok\/aranyko-kristaly-jelentese-elonyei-gyogyito-tulajdonsagai-es-hasznalata\/\">Aranyk\u0151 krist\u00e1ly<\/a><\/li>\n\n\n\n<li><a href=\"https:\/\/chacrys.com\/hu\/kristalyok\/epidot-kristaly-jelentese-elonyei-gyogyito-tulajdonsagai-es-hasznalata\/\">Epidot krist\u00e1ly<\/a><\/li>\n\n\n\n<li><a href=\"https:\/\/chacrys.com\/hu\/kristalyok\/zold-aventurin-kristaly-jelentese-elonyei-gyogyito-tulajdonsagai-es-hasznalata\/\">Z\u00f6ld Aventurin krist\u00e1ly<\/a><\/li>\n\n\n\n<li><a href=\"https:\/\/chacrys.com\/hu\/kristalyok\/ghost-quartz-phantom-quartz-kristaly-jelentese-elonyei-gyogyito-tulajdonsagai-es-hasznalata\/\">Szellem kvarc krist\u00e1ly<\/a><\/li>\n\n\n\n<li><a href=\"https:\/\/chacrys.com\/hu\/kristalyok\/eye-stone-tiger-eye-kristaly-jelentese-elonyei-gyogyito-tulajdonsagai-es-hasznalata\/\">Szem k\u0151 krist\u00e1ly<\/a><\/li>\n<\/ul>\n","protected":false},"excerpt":{"rendered":"<p>Mi az az ametiszt? Ha az alkonyat krist\u00e1lyosodna, \u00fagy n\u00e9zne ki, mint az ametiszt: a kir\u00e1lyi ibolya az \u00e9jf\u00e9li indig\u00f3k\u00e9kbe<\/p>\n","protected":false},"author":1,"featured_media":0,"parent":33019,"menu_order":0,"comment_status":"closed","ping_status":"closed","template":"","meta":{"footnotes":""},"class_list":["post-33055","page","type-page","status-publish","hentry"],"yoast_head":"<!-- This site is optimized with the Yoast SEO plugin v27.4 - https:\/\/yoast.com\/product\/yoast-seo-wordpress\/ -->\n<title>Ametiszt krist\u00e1ly - jelent\u00e9se, el\u0151nyei, gy\u00f3gy\u00edt\u00f3 tulajdons\u00e1gai \u00e9s haszn\u00e1lata - Chacrys<\/title>\n<meta name=\"robots\" content=\"index, follow, max-snippet:-1, max-image-preview:large, max-video-preview:-1\" \/>\n<link rel=\"canonical\" href=\"https:\/\/chacrys.com\/hu\/kristalyok\/ametiszt-kristaly-jelentese-elonyei-gyogyito-tulajdonsagai-es-hasznalata\/\" \/>\n<meta property=\"og:locale\" content=\"hu_HU\" \/>\n<meta property=\"og:type\" content=\"article\" \/>\n<meta property=\"og:title\" content=\"Ametiszt krist\u00e1ly - jelent\u00e9se, el\u0151nyei, gy\u00f3gy\u00edt\u00f3 tulajdons\u00e1gai \u00e9s haszn\u00e1lata - Chacrys\" \/>\n<meta property=\"og:description\" content=\"Mi az az ametiszt? Ha az alkonyat krist\u00e1lyosodna, \u00fagy n\u00e9zne ki, mint az ametiszt: a kir\u00e1lyi ibolya az \u00e9jf\u00e9li indig\u00f3k\u00e9kbe\" \/>\n<meta property=\"og:url\" content=\"https:\/\/chacrys.com\/hu\/kristalyok\/ametiszt-kristaly-jelentese-elonyei-gyogyito-tulajdonsagai-es-hasznalata\/\" \/>\n<meta property=\"og:site_name\" content=\"Chacrys\" \/>\n<meta property=\"article:publisher\" content=\"https:\/\/www.facebook.com\/chacryscrystal\" \/>\n<meta property=\"article:modified_time\" content=\"2026-02-10T10:13:28+00:00\" \/>\n<meta name=\"twitter:card\" content=\"summary_large_image\" \/>\n<meta name=\"twitter:label1\" content=\"Becs\u00fclt olvas\u00e1si id\u0151\" \/>\n\t<meta name=\"twitter:data1\" content=\"3 perc\" \/>\n<script type=\"application\/ld+json\" class=\"yoast-schema-graph\">{\"@context\":\"https:\\\/\\\/schema.org\",\"@graph\":[{\"@type\":\"WebPage\",\"@id\":\"https:\\\/\\\/chacrys.com\\\/hu\\\/kristalyok\\\/ametiszt-kristaly-jelentese-elonyei-gyogyito-tulajdonsagai-es-hasznalata\\\/\",\"url\":\"https:\\\/\\\/chacrys.com\\\/hu\\\/kristalyok\\\/ametiszt-kristaly-jelentese-elonyei-gyogyito-tulajdonsagai-es-hasznalata\\\/\",\"name\":\"Ametiszt krist\u00e1ly - jelent\u00e9se, el\u0151nyei, gy\u00f3gy\u00edt\u00f3 tulajdons\u00e1gai \u00e9s haszn\u00e1lata - Chacrys\",\"isPartOf\":{\"@id\":\"https:\\\/\\\/chacrys.com\\\/hu\\\/#website\"},\"datePublished\":\"2025-07-06T16:32:53+00:00\",\"dateModified\":\"2026-02-10T10:13:28+00:00\",\"breadcrumb\":{\"@id\":\"https:\\\/\\\/chacrys.com\\\/hu\\\/kristalyok\\\/ametiszt-kristaly-jelentese-elonyei-gyogyito-tulajdonsagai-es-hasznalata\\\/#breadcrumb\"},\"inLanguage\":\"hu\",\"potentialAction\":[{\"@type\":\"ReadAction\",\"target\":[\"https:\\\/\\\/chacrys.com\\\/hu\\\/kristalyok\\\/ametiszt-kristaly-jelentese-elonyei-gyogyito-tulajdonsagai-es-hasznalata\\\/\"]}]},{\"@type\":\"BreadcrumbList\",\"@id\":\"https:\\\/\\\/chacrys.com\\\/hu\\\/kristalyok\\\/ametiszt-kristaly-jelentese-elonyei-gyogyito-tulajdonsagai-es-hasznalata\\\/#breadcrumb\",\"itemListElement\":[{\"@type\":\"ListItem\",\"position\":1,\"name\":\"Home\",\"item\":\"https:\\\/\\\/chacrys.com\\\/hu\\\/\"},{\"@type\":\"ListItem\",\"position\":2,\"name\":\"Krist\u00e1lyok\",\"item\":\"https:\\\/\\\/chacrys.com\\\/hu\\\/kristalyok\\\/\"},{\"@type\":\"ListItem\",\"position\":3,\"name\":\"Ametiszt krist\u00e1ly &#8211; jelent\u00e9se, el\u0151nyei, gy\u00f3gy\u00edt\u00f3 tulajdons\u00e1gai \u00e9s haszn\u00e1lata\"}]},{\"@type\":\"WebSite\",\"@id\":\"https:\\\/\\\/chacrys.com\\\/hu\\\/#website\",\"url\":\"https:\\\/\\\/chacrys.com\\\/hu\\\/\",\"name\":\"Chacrys\",\"description\":\"Chacrys\",\"publisher\":{\"@id\":\"https:\\\/\\\/chacrys.com\\\/hu\\\/#organization\"},\"potentialAction\":[{\"@type\":\"SearchAction\",\"target\":{\"@type\":\"EntryPoint\",\"urlTemplate\":\"https:\\\/\\\/chacrys.com\\\/hu\\\/?s={search_term_string}\"},\"query-input\":{\"@type\":\"PropertyValueSpecification\",\"valueRequired\":true,\"valueName\":\"search_term_string\"}}],\"inLanguage\":\"hu\"},{\"@type\":\"Organization\",\"@id\":\"https:\\\/\\\/chacrys.com\\\/hu\\\/#organization\",\"name\":\"Chacrys\",\"url\":\"https:\\\/\\\/chacrys.com\\\/hu\\\/\",\"logo\":{\"@type\":\"ImageObject\",\"inLanguage\":\"hu\",\"@id\":\"https:\\\/\\\/chacrys.com\\\/hu\\\/#\\\/schema\\\/logo\\\/image\\\/\",\"url\":\"https:\\\/\\\/chacrys.com\\\/wp-content\\\/uploads\\\/2024\\\/11\\\/cropped-FRANJULIA-6.png\",\"contentUrl\":\"https:\\\/\\\/chacrys.com\\\/wp-content\\\/uploads\\\/2024\\\/11\\\/cropped-FRANJULIA-6.png\",\"width\":512,\"height\":512,\"caption\":\"Chacrys\"},\"image\":{\"@id\":\"https:\\\/\\\/chacrys.com\\\/hu\\\/#\\\/schema\\\/logo\\\/image\\\/\"},\"sameAs\":[\"https:\\\/\\\/www.facebook.com\\\/chacryscrystal\",\"https:\\\/\\\/www.instagram.com\\\/chacrys\\\/\",\"https:\\\/\\\/www.pinterest.com\\\/chacryscrystalbed\\\/\",\"https:\\\/\\\/www.youtube.com\\\/@chacrysofficial9667\"]}]}<\/script>\n<!-- \/ Yoast SEO plugin. -->","yoast_head_json":{"title":"Ametiszt krist\u00e1ly - jelent\u00e9se, el\u0151nyei, gy\u00f3gy\u00edt\u00f3 tulajdons\u00e1gai \u00e9s haszn\u00e1lata - Chacrys","robots":{"index":"index","follow":"follow","max-snippet":"max-snippet:-1","max-image-preview":"max-image-preview:large","max-video-preview":"max-video-preview:-1"},"canonical":"https:\/\/chacrys.com\/hu\/kristalyok\/ametiszt-kristaly-jelentese-elonyei-gyogyito-tulajdonsagai-es-hasznalata\/","og_locale":"hu_HU","og_type":"article","og_title":"Ametiszt krist\u00e1ly - jelent\u00e9se, el\u0151nyei, gy\u00f3gy\u00edt\u00f3 tulajdons\u00e1gai \u00e9s haszn\u00e1lata - Chacrys","og_description":"Mi az az ametiszt? Ha az alkonyat krist\u00e1lyosodna, \u00fagy n\u00e9zne ki, mint az ametiszt: a kir\u00e1lyi ibolya az \u00e9jf\u00e9li indig\u00f3k\u00e9kbe","og_url":"https:\/\/chacrys.com\/hu\/kristalyok\/ametiszt-kristaly-jelentese-elonyei-gyogyito-tulajdonsagai-es-hasznalata\/","og_site_name":"Chacrys","article_publisher":"https:\/\/www.facebook.com\/chacryscrystal","article_modified_time":"2026-02-10T10:13:28+00:00","twitter_card":"summary_large_image","twitter_misc":{"Becs\u00fclt olvas\u00e1si id\u0151":"3 perc"},"schema":{"@context":"https:\/\/schema.org","@graph":[{"@type":"WebPage","@id":"https:\/\/chacrys.com\/hu\/kristalyok\/ametiszt-kristaly-jelentese-elonyei-gyogyito-tulajdonsagai-es-hasznalata\/","url":"https:\/\/chacrys.com\/hu\/kristalyok\/ametiszt-kristaly-jelentese-elonyei-gyogyito-tulajdonsagai-es-hasznalata\/","name":"Ametiszt krist\u00e1ly - jelent\u00e9se, el\u0151nyei, gy\u00f3gy\u00edt\u00f3 tulajdons\u00e1gai \u00e9s haszn\u00e1lata - Chacrys","isPartOf":{"@id":"https:\/\/chacrys.com\/hu\/#website"},"datePublished":"2025-07-06T16:32:53+00:00","dateModified":"2026-02-10T10:13:28+00:00","breadcrumb":{"@id":"https:\/\/chacrys.com\/hu\/kristalyok\/ametiszt-kristaly-jelentese-elonyei-gyogyito-tulajdonsagai-es-hasznalata\/#breadcrumb"},"inLanguage":"hu","potentialAction":[{"@type":"ReadAction","target":["https:\/\/chacrys.com\/hu\/kristalyok\/ametiszt-kristaly-jelentese-elonyei-gyogyito-tulajdonsagai-es-hasznalata\/"]}]},{"@type":"BreadcrumbList","@id":"https:\/\/chacrys.com\/hu\/kristalyok\/ametiszt-kristaly-jelentese-elonyei-gyogyito-tulajdonsagai-es-hasznalata\/#breadcrumb","itemListElement":[{"@type":"ListItem","position":1,"name":"Home","item":"https:\/\/chacrys.com\/hu\/"},{"@type":"ListItem","position":2,"name":"Krist\u00e1lyok","item":"https:\/\/chacrys.com\/hu\/kristalyok\/"},{"@type":"ListItem","position":3,"name":"Ametiszt krist\u00e1ly &#8211; jelent\u00e9se, el\u0151nyei, gy\u00f3gy\u00edt\u00f3 tulajdons\u00e1gai \u00e9s haszn\u00e1lata"}]},{"@type":"WebSite","@id":"https:\/\/chacrys.com\/hu\/#website","url":"https:\/\/chacrys.com\/hu\/","name":"Chacrys","description":"Chacrys","publisher":{"@id":"https:\/\/chacrys.com\/hu\/#organization"},"potentialAction":[{"@type":"SearchAction","target":{"@type":"EntryPoint","urlTemplate":"https:\/\/chacrys.com\/hu\/?s={search_term_string}"},"query-input":{"@type":"PropertyValueSpecification","valueRequired":true,"valueName":"search_term_string"}}],"inLanguage":"hu"},{"@type":"Organization","@id":"https:\/\/chacrys.com\/hu\/#organization","name":"Chacrys","url":"https:\/\/chacrys.com\/hu\/","logo":{"@type":"ImageObject","inLanguage":"hu","@id":"https:\/\/chacrys.com\/hu\/#\/schema\/logo\/image\/","url":"https:\/\/chacrys.com\/wp-content\/uploads\/2024\/11\/cropped-FRANJULIA-6.png","contentUrl":"https:\/\/chacrys.com\/wp-content\/uploads\/2024\/11\/cropped-FRANJULIA-6.png","width":512,"height":512,"caption":"Chacrys"},"image":{"@id":"https:\/\/chacrys.com\/hu\/#\/schema\/logo\/image\/"},"sameAs":["https:\/\/www.facebook.com\/chacryscrystal","https:\/\/www.instagram.com\/chacrys\/","https:\/\/www.pinterest.com\/chacryscrystalbed\/","https:\/\/www.youtube.com\/@chacrysofficial9667"]}]}},"_links":{"self":[{"href":"https:\/\/chacrys.com\/hu\/wp-json\/wp\/v2\/pages\/33055","targetHints":{"allow":["GET"]}}],"collection":[{"href":"https:\/\/chacrys.com\/hu\/wp-json\/wp\/v2\/pages"}],"about":[{"href":"https:\/\/chacrys.com\/hu\/wp-json\/wp\/v2\/types\/page"}],"author":[{"embeddable":true,"href":"https:\/\/chacrys.com\/hu\/wp-json\/wp\/v2\/users\/1"}],"replies":[{"embeddable":true,"href":"https:\/\/chacrys.com\/hu\/wp-json\/wp\/v2\/comments?post=33055"}],"version-history":[{"count":2,"href":"https:\/\/chacrys.com\/hu\/wp-json\/wp\/v2\/pages\/33055\/revisions"}],"predecessor-version":[{"id":34487,"href":"https:\/\/chacrys.com\/hu\/wp-json\/wp\/v2\/pages\/33055\/revisions\/34487"}],"up":[{"embeddable":true,"href":"https:\/\/chacrys.com\/hu\/wp-json\/wp\/v2\/pages\/33019"}],"wp:attachment":[{"href":"https:\/\/chacrys.com\/hu\/wp-json\/wp\/v2\/media?parent=33055"}],"curies":[{"name":"wp","href":"https:\/\/api.w.org\/{rel}","templated":true}]}}